{"id":47840,"date":"2024-01-16T09:00:29","date_gmt":"2024-01-16T08:00:29","guid":{"rendered":"https:\/\/pistonaddict.com\/product\/morgan-roadster-v6-3-0\/"},"modified":"2024-03-20T09:44:11","modified_gmt":"2024-03-20T08:44:11","slug":"morgan-roadster-v6-3-0","status":"publish","type":"product","link":"https:\/\/pistonaddict.com\/sk\/product\/morgan-roadster-v6-3-0\/","title":{"rendered":"Morgan Roadster V6 3.0"},"content":{"rendered":"<p><strong>Hist\u00f3ria vozidla<\/strong><\/p>\n<p>S\u00fa\u010dasn\u00fd majite\u013e tohto elegantn\u00e9ho roadstera ho z\u00edskal v roku 2010, ke\u010f mal len tri roky. Bolo dodan\u00e9 ako nov\u00e9 a cel\u00fd svoj \u017eivot str\u00e1vilo v \u0160panielsku, kde sa pou\u017e\u00edvalo na relaxa\u010dn\u00e9 jazdy pozd\u013a\u017e pobre\u017eia. T\u00e1to gener\u00e1cia \u00factyhodn\u00e9ho roadsteru Morgan bola predstaven\u00e1 v roku 2004 a hoci zvonku bola takmer na nerozoznanie, pod dlhou kapotou sa skr\u00fdvalo ve\u013emi v\u00edtan\u00e9 vylep\u0161enie &#8211; 3,0-litrov\u00fd \u0161es\u0165valec Duratec od Fordu. V\u010faka 24 ventilom, modernej kon\u0161trukcii a bezkonkuren\u010dnej spo\u013eahlivosti je motor V6 od spolo\u010dnosti Ford lep\u0161\u00ed ako star\u00fd motor V8 od spolo\u010dnosti Rover, ktor\u00fd pou\u017e\u00edval Morgan, takmer vo v\u0161etk\u00fdch oh\u013eadoch. Tento motor dosahuje \u00factyhodn\u00fd v\u00fdkon 223 k, a ke\u010f\u017ee motor V6 je krat\u0161\u00ed ako motor V8, je umiestnen\u00fd viac v strede vozidla, v\u010faka \u010domu sa lep\u0161ie ovl\u00e1da. Ako pravdepodobne viete, jedn\u00fdm z tajomstiev jedine\u010dnej jazdnej dynamiky vozidla Morgan je jeho podvozok, ktor\u00fd je \u010diasto\u010dne vyroben\u00fd z dreva. Ke\u010f m\u00e1te roadster, ktor\u00fd v\u00e1\u017ei necel\u00fa tonu, m\u00e1te \u017eiv\u00fd z\u00e1\u017eitok z jazdy a v\u0161\u00edmate si ka\u017ed\u00fd detail jazdy, zr\u00fdchlenia a ovl\u00e1dania. A mimochodom, na 100 km\/h sa dostane za 5,5 sekundy, tak\u017ee jazda s n\u00edm je ve\u013emi vzru\u0161uj\u00faca.<\/p>\n<p><strong>Stav<\/strong><\/p>\n<p>Tento Morgan Roadster m\u00e1 najazden\u00fdch len nie\u010do vy\u0161e 41 000 kilometrov a od novoty m\u00e1 dvoch majite\u013eov. Celkov\u00fd stav je ve\u013emi dobr\u00fd, bez po\u0161koden\u00ed, hav\u00e1ri\u00ed alebo vonkaj\u0161\u00edch opr\u00e1v. Vozidlo bolo pravidelne udr\u017eiavan\u00e9 bez ak\u00fdchko\u013evek \u00faprav motora, karos\u00e9rie alebo zavesenia. Majite\u013e ned\u00e1vno vykonal gener\u00e1lnu opravu b\u0155zd a anal\u00fdzu oleja, ktor\u00e1 bola negat\u00edvna, \u010do znamen\u00e1, \u017ee motor je v perfektnom stave. Je to o\u010dak\u00e1van\u00e9, preto\u017ee 3,0-litrov\u00fd motor V6 od spolo\u010dnosti Ford je zn\u00e1my svojou odolnos\u0165ou a dlhou \u017eivotnos\u0165ou.<\/p>\n<p><strong>Interi\u00e9r<\/strong><\/p>\n<p>Jednou z najlep\u0161\u00edch vlastnost\u00ed modelu Morgan Roadster bol jeho klasick\u00fd, ale elegantn\u00fd interi\u00e9r, ktor\u00fd bol v tomto pr\u00edpade doplnen\u00fd o legend\u00e1rny dreven\u00fd volant Moto-Lita. Dreven\u00e1 pr\u00edstrojov\u00e1 doska m\u00e1 kompletn\u00e9 pr\u00edstroje, audio syst\u00e9m a hodiny. Sedadl\u00e1 s\u00fa z\u00e1rove\u0148 \u010dal\u00fanen\u00e9 kr\u00e1snou b\u00e9\u017eovou ko\u017eou, ktor\u00e1 je v ide\u00e1lnom stave a dokonale lad\u00ed s farbou exteri\u00e9ru. \u010cierna strecha kabrioletu je tie\u017e vo v\u00fdbornom stave a pou\u017e\u00edvala sa len zriedka, preto\u017ee vozidlo bolo uskladnen\u00e9 v gar\u00e1\u017ei a jazdilo sa s n\u00edm za pekn\u00e9ho po\u010dasia. S\u00fa\u010das\u0165ou je aj p\u00f4vodn\u00fd vn\u00fatorn\u00fd obal Morgan.<\/p>\n<p><strong>Exteri\u00e9r a koles\u00e1<\/strong><\/p>\n<p>Tento Morgan, ofici\u00e1lne naz\u00fdvan\u00fd Connaught Green, ale zn\u00e1mej\u0161\u00ed ako BRG (British Racing Green), m\u00e1 naj\u017eiadanej\u0161iu farbu zo v\u0161etk\u00fdch. Klasick\u00fd tmav\u00fd odtie\u0148, ktor\u00fd dokonale lad\u00ed s b\u00e9\u017eov\u00fdm interi\u00e9rom, je tou najlep\u0161ou \u0161pecifik\u00e1ciou pre ka\u017ed\u00fd klasick\u00fd britsk\u00fd roadster. Karos\u00e9ria je v perfektnom stave, bez \u0161krabancov alebo zmeny farby a so zauj\u00edmav\u00fdmi detailmi, ako s\u00fa hmlov\u00e9 svetl\u00e1, odznaky a ko\u017een\u00e9 p\u00e1sy, ktor\u00e9 dr\u017eia kapotu na mieste (n\u00e1lepka na kapote sa d\u00e1 \u013eahko odstr\u00e1ni\u0165). Vzh\u013ead dotv\u00e1ra sada 18-palcov\u00fdch dr\u00f4ten\u00fdch kolies obut\u00fdch do pneumat\u00edk Yokohama spolu s plnohodnotn\u00fdm rezervn\u00fdm kolesom namontovan\u00fdm vzadu. Koles\u00e1 s\u00edce vyzeraj\u00fa ako zo 40. rokov, ale s\u00fa to \u00faplne nov\u00e9 a s l\u00e1skou obnoven\u00e9 prvky navrhnut\u00e9 tak, aby sa do nich zmestili modern\u00e9 gumy.<\/p>\n<p><strong>Dokument\u00e1cia<\/strong><\/p>\n<p>Ide o vozidlo v s\u00fakromnom vlastn\u00edctve s pr\u00edslu\u0161nou dokument\u00e1ciou, ktor\u00e9 sa nach\u00e1dza v Palma de Mallorca, \u0160panielsko. Spr\u00e1vy s\u00fa \u010dist\u00e9; neexistuj\u00fa \u017eiadne d\u00f4kazy o nehod\u00e1ch, oprav\u00e1ch po nehod\u00e1ch, vlastn\u00edctve ani pr\u00e1vnych probl\u00e9moch. Existuj\u00fa z\u00e1znamy o pravidelnej \u00fadr\u017ebe od roku 2020.<br \/>\nCarFax tohto vozidla Morgan Roadster V6 cabrio si m\u00f4\u017eete pozrie\u0165 <a href=\"https:\/\/pistonaddict.com\/wp-content\/uploads\/2023\/08\/CARFAX-Vehicle-History-Report-MORGAN-ROADSTER-Convertible-2007.pdf\">tu<\/a>. <strong>\u0160panielsky MOT (ITV) pre\u0161iel a plat\u00ed do 4. augusta 2024<\/strong>.<\/p>\n<p><strong>Vybavenie a doplnky<\/strong><\/p>\n<p>&#8211; Klasick\u00fd dreven\u00fd volant Motolita<br \/>\n&#8211; Dreven\u00e1 pr\u00edstrojov\u00e1 doska<br \/>\n&#8211; Oce\u013eov\u00fd gomb\u00edk radiacej p\u00e1ky<br \/>\n&#8211; Bo\u010dn\u00e9 vreck\u00e1 v ko\u017een\u00fdch dver\u00e1ch<br \/>\n&#8211; Oblo\u017eenie prie\u010dnika \u0161t\u00edtu Morgan<br \/>\n&#8211; Vn\u00fatorn\u00e9 oblo\u017eenie z\u00e1mkov so \u0161t\u00edtom Morgan<br \/>\n&#8211; Hodiny<br \/>\n&#8211; R\u00e1dio CD\/MP3 Blaupunkt<br \/>\n&#8211; 2 pr\u00eddavn\u00e9 predn\u00e9 svetl\u00e1<br \/>\n&#8211; Vn\u00fatorn\u00fd ko\u017een\u00fd p\u00e1s lemovan\u00fd ov\u010dou ko\u017eou na hornej \u010dasti kapoty<br \/>\n&#8211; Slne\u010dn\u00edky z \u010diernej ko\u017ee<br \/>\n&#8211; Odpojova\u010d bat\u00e9rie proti kr\u00e1de\u017ei<br \/>\n&#8211; Predn\u00e1 li\u0161ta na odznaky\/\u0161t\u00edty<br \/>\n&#8211; \u010cierny ko\u017een\u00fd po\u0165ah kapoty so \u0161t\u00edtom Morgan<br \/>\n&#8211; 2 \u010dierne ko\u017een\u00e9 kryty na metakryl\u00e1tov\u00e9 okn\u00e1 so \u0161t\u00edtom Morgan<br \/>\n&#8211; Ochrann\u00fd kryt interi\u00e9ru vozidla (modr\u00e1 l\u00e1tka) so \u0161t\u00edtom Morgan<\/p>\n<p><strong>Pozrite si video so studen\u00fdm \u0161tartom tohto kr\u00e1sneho kabrioletu Morgan Roadster V6 :<\/strong><\/p>\n<p><iframe title=\"Cold Start : Morgan Roadster V6 3.0 on PistonAddict.com\" width=\"1200\" height=\"675\" src=\"https:\/\/www.youtube.com\/embed\/yLSfe-ePOFg?start=29&#038;feature=oembed\" frameborder=\"0\" allow=\"accelerometer; autoplay; clipboard-write; encrypted-media; gyroscope; picture-in-picture; web-share\" allowfullscreen><\/iframe><\/p>\n","protected":false},"excerpt":{"rendered":"<p>Medzi mnoh\u00fdmi klasick\u00fdmi vozidlami zo Spojen\u00e9ho kr\u00e1\u013eovstva je Morgan Roadster nesporne stelesnen\u00edm britsk\u00e9ho \u0161armu v automobilovej podobe. Modern\u00fd Morgan Plus Six s nad\u010dasov\u00fdm dizajnom, ktor\u00fd poch\u00e1dza z po\u010diatkov roadsterov, a modelovou l\u00edniou, ktor\u00e1 je nepreru\u0161en\u00e1 od roku 1950, je neodolate\u013enou kombin\u00e1ciou jedine\u010dnej kon\u0161trukcie, z\u00e1kazkovej a ru\u010dnej v\u00fdroby a v\u00fdkonn\u00e9ho motora V6, ktor\u00fd t\u00fato klasiku v dobrej viere premie\u0148a na schopn\u00fd \u0161portov\u00fd automobil s otvorenou strechou.<\/p>\n","protected":false},"featured_media":46740,"comment_status":"open","ping_status":"closed","template":"","meta":{"inline_featured_image":false},"product_cat":[755],"product_tag":[2057,2056,947,2054,2055],"acf":[],"yoast_head":"<!-- This site is optimized with the Yoast SEO plugin v22.5 - https:\/\/yoast.com\/wordpress\/plugins\/seo\/ -->\n<title>Morgan Roadster V6 3.0 aukcie - Piston Addict<\/title>\n<meta name=\"description\" content=\"\u00da\u017easn\u00fd Morgan Roadster V6 3.0 z roku 2007 vo v\u00fdborn\u00fdch podmienkach na predaj v aukcii na PistonAddict.com\" \/>\n<meta name=\"robots\" content=\"index, follow, max-snippet:-1, max-image-preview:large, max-video-preview:-1\" \/>\n<link rel=\"canonical\" href=\"https:\/\/pistonaddict.com\/sk\/product\/morgan-roadster-v6-3-0\/\" \/>\n<meta property=\"og:locale\" content=\"sk_SK\" \/>\n<meta property=\"og:type\" content=\"article\" \/>\n<meta property=\"og:title\" content=\"Morgan Roadster V6 3.0 aukcie - Piston Addict\" \/>\n<meta property=\"og:description\" content=\"\u00da\u017easn\u00fd Morgan Roadster V6 3.0 z roku 2007 vo v\u00fdborn\u00fdch podmienkach na predaj v aukcii na PistonAddict.com\" \/>\n<meta property=\"og:url\" content=\"https:\/\/pistonaddict.com\/sk\/product\/morgan-roadster-v6-3-0\/\" \/>\n<meta property=\"og:site_name\" content=\"Piston Addict\" \/>\n<meta property=\"article:modified_time\" content=\"2024-03-20T08:44:11+00:00\" \/>\n<meta property=\"og:image\" content=\"https:\/\/pistonaddict.com\/wp-content\/uploads\/2023\/08\/DSC0169-scaled.jpg\" \/>\n\t<meta property=\"og:image:width\" content=\"2560\" \/>\n\t<meta property=\"og:image:height\" content=\"1707\" \/>\n\t<meta property=\"og:image:type\" content=\"image\/jpeg\" \/>\n<meta name=\"twitter:card\" content=\"summary_large_image\" \/>\n<meta name=\"twitter:label1\" content=\"Predpokladan\u00fd \u010das \u010d\u00edtania\" \/>\n\t<meta name=\"twitter:data1\" content=\"4 min\u00faty\" \/>\n<script type=\"application\/ld+json\" class=\"yoast-schema-graph\">{\"@context\":\"https:\/\/schema.org\",\"@graph\":[{\"@type\":\"WebPage\",\"@id\":\"https:\/\/pistonaddict.com\/sk\/product\/morgan-roadster-v6-3-0\/\",\"url\":\"https:\/\/pistonaddict.com\/sk\/product\/morgan-roadster-v6-3-0\/\",\"name\":\"Morgan Roadster V6 3.0 aukcie - Piston Addict\",\"isPartOf\":{\"@id\":\"https:\/\/pistonaddict.com\/sk\/#website\"},\"primaryImageOfPage\":{\"@id\":\"https:\/\/pistonaddict.com\/sk\/product\/morgan-roadster-v6-3-0\/#primaryimage\"},\"image\":{\"@id\":\"https:\/\/pistonaddict.com\/sk\/product\/morgan-roadster-v6-3-0\/#primaryimage\"},\"thumbnailUrl\":\"https:\/\/pistonaddict.com\/wp-content\/uploads\/2023\/08\/DSC0169-scaled.jpg\",\"datePublished\":\"2024-01-16T08:00:29+00:00\",\"dateModified\":\"2024-03-20T08:44:11+00:00\",\"description\":\"\u00da\u017easn\u00fd Morgan Roadster V6 3.0 z roku 2007 vo v\u00fdborn\u00fdch podmienkach na predaj v aukcii na PistonAddict.com\",\"breadcrumb\":{\"@id\":\"https:\/\/pistonaddict.com\/sk\/product\/morgan-roadster-v6-3-0\/#breadcrumb\"},\"inLanguage\":\"sk-SK\",\"potentialAction\":[{\"@type\":\"ReadAction\",\"target\":[\"https:\/\/pistonaddict.com\/sk\/product\/morgan-roadster-v6-3-0\/\"]}]},{\"@type\":\"ImageObject\",\"inLanguage\":\"sk-SK\",\"@id\":\"https:\/\/pistonaddict.com\/sk\/product\/morgan-roadster-v6-3-0\/#primaryimage\",\"url\":\"https:\/\/pistonaddict.com\/wp-content\/uploads\/2023\/08\/DSC0169-scaled.jpg\",\"contentUrl\":\"https:\/\/pistonaddict.com\/wp-content\/uploads\/2023\/08\/DSC0169-scaled.jpg\",\"width\":2560,\"height\":1707},{\"@type\":\"BreadcrumbList\",\"@id\":\"https:\/\/pistonaddict.com\/sk\/product\/morgan-roadster-v6-3-0\/#breadcrumb\",\"itemListElement\":[{\"@type\":\"ListItem\",\"position\":1,\"name\":\"domovskej str\u00e1nke\",\"item\":\"https:\/\/pistonaddict.com\/sk\/uvodna-stranka\/\"},{\"@type\":\"ListItem\",\"position\":2,\"name\":\"Auctions\",\"item\":\"https:\/\/pistonaddict.com\/auctions-listing\/\"},{\"@type\":\"ListItem\",\"position\":3,\"name\":\"Morgan Roadster V6 3.0\"}]},{\"@type\":\"WebSite\",\"@id\":\"https:\/\/pistonaddict.com\/sk\/#website\",\"url\":\"https:\/\/pistonaddict.com\/sk\/\",\"name\":\"Piston Addict\",\"description\":\"Only interesting vehicles\",\"publisher\":{\"@id\":\"https:\/\/pistonaddict.com\/sk\/#organization\"},\"potentialAction\":[{\"@type\":\"SearchAction\",\"target\":{\"@type\":\"EntryPoint\",\"urlTemplate\":\"https:\/\/pistonaddict.com\/sk\/?s={search_term_string}\"},\"query-input\":\"required name=search_term_string\"}],\"inLanguage\":\"sk-SK\"},{\"@type\":\"Organization\",\"@id\":\"https:\/\/pistonaddict.com\/sk\/#organization\",\"name\":\"Piston Addict\",\"url\":\"https:\/\/pistonaddict.com\/sk\/\",\"logo\":{\"@type\":\"ImageObject\",\"inLanguage\":\"sk-SK\",\"@id\":\"https:\/\/pistonaddict.com\/sk\/#\/schema\/logo\/image\/\",\"url\":\"https:\/\/pistonaddict.com\/wp-content\/uploads\/2022\/07\/logo-6.png\",\"contentUrl\":\"https:\/\/pistonaddict.com\/wp-content\/uploads\/2022\/07\/logo-6.png\",\"width\":970,\"height\":200,\"caption\":\"Piston Addict\"},\"image\":{\"@id\":\"https:\/\/pistonaddict.com\/sk\/#\/schema\/logo\/image\/\"}}]}<\/script>\n<!-- \/ Yoast SEO plugin. -->","yoast_head_json":{"title":"Morgan Roadster V6 3.0 aukcie - Piston Addict","description":"\u00da\u017easn\u00fd Morgan Roadster V6 3.0 z roku 2007 vo v\u00fdborn\u00fdch podmienkach na predaj v aukcii na PistonAddict.com","robots":{"index":"index","follow":"follow","max-snippet":"max-snippet:-1","max-image-preview":"max-image-preview:large","max-video-preview":"max-video-preview:-1"},"canonical":"https:\/\/pistonaddict.com\/sk\/product\/morgan-roadster-v6-3-0\/","og_locale":"sk_SK","og_type":"article","og_title":"Morgan Roadster V6 3.0 aukcie - Piston Addict","og_description":"\u00da\u017easn\u00fd Morgan Roadster V6 3.0 z roku 2007 vo v\u00fdborn\u00fdch podmienkach na predaj v aukcii na PistonAddict.com","og_url":"https:\/\/pistonaddict.com\/sk\/product\/morgan-roadster-v6-3-0\/","og_site_name":"Piston Addict","article_modified_time":"2024-03-20T08:44:11+00:00","og_image":[{"width":2560,"height":1707,"url":"https:\/\/pistonaddict.com\/wp-content\/uploads\/2023\/08\/DSC0169-scaled.jpg","type":"image\/jpeg"}],"twitter_card":"summary_large_image","twitter_misc":{"Predpokladan\u00fd \u010das \u010d\u00edtania":"4 min\u00faty"},"schema":{"@context":"https:\/\/schema.org","@graph":[{"@type":"WebPage","@id":"https:\/\/pistonaddict.com\/sk\/product\/morgan-roadster-v6-3-0\/","url":"https:\/\/pistonaddict.com\/sk\/product\/morgan-roadster-v6-3-0\/","name":"Morgan Roadster V6 3.0 aukcie - Piston Addict","isPartOf":{"@id":"https:\/\/pistonaddict.com\/sk\/#website"},"primaryImageOfPage":{"@id":"https:\/\/pistonaddict.com\/sk\/product\/morgan-roadster-v6-3-0\/#primaryimage"},"image":{"@id":"https:\/\/pistonaddict.com\/sk\/product\/morgan-roadster-v6-3-0\/#primaryimage"},"thumbnailUrl":"https:\/\/pistonaddict.com\/wp-content\/uploads\/2023\/08\/DSC0169-scaled.jpg","datePublished":"2024-01-16T08:00:29+00:00","dateModified":"2024-03-20T08:44:11+00:00","description":"\u00da\u017easn\u00fd Morgan Roadster V6 3.0 z roku 2007 vo v\u00fdborn\u00fdch podmienkach na predaj v aukcii na PistonAddict.com","breadcrumb":{"@id":"https:\/\/pistonaddict.com\/sk\/product\/morgan-roadster-v6-3-0\/#breadcrumb"},"inLanguage":"sk-SK","potentialAction":[{"@type":"ReadAction","target":["https:\/\/pistonaddict.com\/sk\/product\/morgan-roadster-v6-3-0\/"]}]},{"@type":"ImageObject","inLanguage":"sk-SK","@id":"https:\/\/pistonaddict.com\/sk\/product\/morgan-roadster-v6-3-0\/#primaryimage","url":"https:\/\/pistonaddict.com\/wp-content\/uploads\/2023\/08\/DSC0169-scaled.jpg","contentUrl":"https:\/\/pistonaddict.com\/wp-content\/uploads\/2023\/08\/DSC0169-scaled.jpg","width":2560,"height":1707},{"@type":"BreadcrumbList","@id":"https:\/\/pistonaddict.com\/sk\/product\/morgan-roadster-v6-3-0\/#breadcrumb","itemListElement":[{"@type":"ListItem","position":1,"name":"domovskej str\u00e1nke","item":"https:\/\/pistonaddict.com\/sk\/uvodna-stranka\/"},{"@type":"ListItem","position":2,"name":"Auctions","item":"https:\/\/pistonaddict.com\/auctions-listing\/"},{"@type":"ListItem","position":3,"name":"Morgan Roadster V6 3.0"}]},{"@type":"WebSite","@id":"https:\/\/pistonaddict.com\/sk\/#website","url":"https:\/\/pistonaddict.com\/sk\/","name":"Piston Addict","description":"Only interesting vehicles","publisher":{"@id":"https:\/\/pistonaddict.com\/sk\/#organization"},"potentialAction":[{"@type":"SearchAction","target":{"@type":"EntryPoint","urlTemplate":"https:\/\/pistonaddict.com\/sk\/?s={search_term_string}"},"query-input":"required name=search_term_string"}],"inLanguage":"sk-SK"},{"@type":"Organization","@id":"https:\/\/pistonaddict.com\/sk\/#organization","name":"Piston Addict","url":"https:\/\/pistonaddict.com\/sk\/","logo":{"@type":"ImageObject","inLanguage":"sk-SK","@id":"https:\/\/pistonaddict.com\/sk\/#\/schema\/logo\/image\/","url":"https:\/\/pistonaddict.com\/wp-content\/uploads\/2022\/07\/logo-6.png","contentUrl":"https:\/\/pistonaddict.com\/wp-content\/uploads\/2022\/07\/logo-6.png","width":970,"height":200,"caption":"Piston Addict"},"image":{"@id":"https:\/\/pistonaddict.com\/sk\/#\/schema\/logo\/image\/"}}]}},"_links":{"self":[{"href":"https:\/\/pistonaddict.com\/sk\/wp-json\/wp\/v2\/product\/47840"}],"collection":[{"href":"https:\/\/pistonaddict.com\/sk\/wp-json\/wp\/v2\/product"}],"about":[{"href":"https:\/\/pistonaddict.com\/sk\/wp-json\/wp\/v2\/types\/product"}],"replies":[{"embeddable":true,"href":"https:\/\/pistonaddict.com\/sk\/wp-json\/wp\/v2\/comments?post=47840"}],"wp:featuredmedia":[{"embeddable":true,"href":"https:\/\/pistonaddict.com\/sk\/wp-json\/wp\/v2\/media\/46740"}],"wp:attachment":[{"href":"https:\/\/pistonaddict.com\/sk\/wp-json\/wp\/v2\/media?parent=47840"}],"wp:term":[{"taxonomy":"product_cat","embeddable":true,"href":"https:\/\/pistonaddict.com\/sk\/wp-json\/wp\/v2\/product_cat?post=47840"},{"taxonomy":"product_tag","embeddable":true,"href":"https:\/\/pistonaddict.com\/sk\/wp-json\/wp\/v2\/product_tag?post=47840"}],"curies":[{"name":"wp","href":"https:\/\/api.w.org\/{rel}","templated":true}]}}