{"id":46002,"date":"2023-06-16T15:02:15","date_gmt":"2023-06-16T13:02:15","guid":{"rendered":"https:\/\/pistonaddict.com\/product\/audi-r8-v10-red-dynamite\/"},"modified":"2023-12-20T09:47:07","modified_gmt":"2023-12-20T08:47:07","slug":"audi-r8-v10-red-dynamite","status":"publish","type":"product","link":"https:\/\/pistonaddict.com\/sk\/product\/audi-r8-v10-red-dynamite\/","title":{"rendered":"Audi R8 V10 Red Dynamite"},"content":{"rendered":"<h2>Exteri\u00e9r<\/h2>\n<p>Toto Audi R8 s jasne \u010derven\u00fdm povrchom a \u010diernymi detailmi, lakovan\u00e9 v \u017eiarivo \u010dervenej farbe, nezostane bez pov\u0161imnutia, kdeko\u013evek sa objav\u00ed. Okrem toho prvky ako chr\u00f3movan\u00e1 mrie\u017eka chladi\u010da a kryty zrkadiel z uhl\u00edkov\u00fdch vl\u00e1kien len zlep\u0161uj\u00fa jeho vzh\u013ead. Ale \u00faprimne povedan\u00e9, R8 je \u00fa\u017easn\u00e9 auto v akejko\u013evek farbe a bez oh\u013eadu na pr\u00edtomnos\u0165 tak\u00fdchto detailov.<\/p>\n<p>V kone\u010dnom d\u00f4sledku sa nemeck\u00fdm dizajn\u00e9rom podarilo v modeli R8 dosiahnu\u0165 takmer dokonal\u00fa kombin\u00e1ciu agresivity a jemnosti. \u0164a\u017eko uveri\u0165, \u017ee sa pod n\u00edm skr\u00fdva viac-menej Lamborgini Aventador, ktor\u00fd je ove\u013ea honosnej\u0161\u00ed a ok\u00e1zalej\u0161\u00ed. Ak teda h\u013ead\u00e1te schopn\u00e9 \u0161portov\u00e9 vozidlo, ale nechcete vyzera\u0165 ako predv\u00e1dza\u010d, R8 je jednou z najlep\u0161\u00edch volieb. Medzi \u010fal\u0161ie detaily, ktor\u00e9 stoja za zmienku, patr\u00ed mas\u00edvny zadn\u00fd spojler a 20-palcov\u00e9 disky s \u00faplne nov\u00fdmi pneumatikami Good Year Eagle.<\/p>\n<h2>Interi\u00e9r<\/h2>\n<p>Interi\u00e9ru tohto konkr\u00e9tneho modelu R8 dominuje kombin\u00e1cia \u010diernej ko\u017ee, \u010derven\u00e9ho pre\u0161\u00edvania a karb\u00f3nov\u00fdch prvkov. Sedadl\u00e1, ktor\u00e9 vyzeraj\u00fa, akoby pr\u00e1ve vy\u0161li z tov\u00e1rne, s\u00fa z\u00e1rove\u0148 oporn\u00e9 a pohodln\u00e9. \u010ealej je tu ko\u017eou potiahnut\u00fd 3-ramenn\u00fd volant s ovl\u00e1dac\u00edmi tla\u010didlami pre v\u0161etky z\u00e1kladn\u00e9 funkcie. Okrem be\u017en\u00fdch tla\u010didiel, ako s\u00fa tla\u010didl\u00e1 pre stereo alebo palubn\u00fd po\u010d\u00edta\u010d, sem patr\u00ed aj tla\u010didlo pre vo\u013ebu jazdn\u00e9ho re\u017eimu, launch control a ladenie v\u00fdfukov.<\/p>\n<p>Za volantom sa nach\u00e1dza digit\u00e1lny pr\u00edstrojov\u00fd panel, ktor\u00fd okrem z\u00e1kladn\u00fdch inform\u00e1ci\u00ed dok\u00e1\u017ee zobrazi\u0165 ove\u013ea viac. To zah\u0155\u0148a navig\u00e1ciu, kameru so zadn\u00fdm poh\u013eadom a stereo, ktor\u00e9 mimochodom vyr\u00e1ba svetozn\u00e1ma spolo\u010dnos\u0165 Bang&amp;Olufsen.<\/p>\n<h2>Mechanika<\/h2>\n<p>Pod jemnou a elegantnou \u0161krupinou m\u00e1 t\u00e1to druh\u00e1 gener\u00e1cia R8 tuh\u0161\u00ed a \u013eah\u0161\u00ed podvozok vyroben\u00fd z hlin\u00edka a uhl\u00edkov\u00fdch vl\u00e1kien. Najd\u00f4le\u017eitej\u0161ou s\u00fa\u010das\u0165ou tohto vozidla je v\u0161ak pod\u013ea o\u010dak\u00e1vania jeho motor, v\u00fdkonn\u00fd 5,2-litrov\u00fd V10. Ke\u010f\u017ee ho Audi ozna\u010duje ako model Plus, dosahuje v\u00fdkon 610 kon\u00ed a kr\u00fatiaci moment 560 Nm, ktor\u00fd sa pren\u00e1\u0161a na v\u0161etky koles\u00e1 prostredn\u00edctvom syst\u00e9mu Quattro a 7-stup\u0148ovej automatickej prevodovky. V\u010faka tomu zr\u00fdchli tento model R8 z 0 na 100 pribli\u017ene za 3 sekundy a dosiahne maxim\u00e1lnu r\u00fdchlos\u0165 329 km\/h. A aby brzdn\u00e1 sila zodpovedala tejto r\u00fdchlosti, s\u00fa tu v\u0161ade mas\u00edvne brzdy.<\/p>\n<h2>Hist\u00f3ria vozidla<\/h2>\n<p>Pod\u013ea pred\u00e1vaj\u00faceho bolo toto Audi R8 naposledy servisovan\u00e9 v okt\u00f3bri 2022, pri\u010dom brzdy pre\u0161li gener\u00e1lnou opravou len pred nieko\u013ek\u00fdmi d\u0148ami. Okrem toho nie s\u00fa na pr\u00edstrojovej doske zn\u00e1me \u017eiadne poruchy ani varovania. A napokon, pod\u013ea poskytnut\u00fdch fotografi\u00ed nie s\u00fa na karos\u00e9rii \u017eiadne nedostatky, ktor\u00e9 by bolo potrebn\u00e9 nahl\u00e1si\u0165.<\/p>\n<p>&nbsp;<\/p>\n<p><strong>Na pr\u00edstup do aukcie tohto pr\u00e9miov\u00e9ho vozidla je potrebn\u00fd odtla\u010dok kreditnej karty.<\/strong><\/p>\n","protected":false},"excerpt":{"rendered":"<p>Vozidlo, ktor\u00e9 sa tu pred\u00e1va, je pravdepodobne jedn\u00fdm z najv\u00fdkonnej\u0161\u00edch modelov vo svojej triede &#8211; kultov\u00e9 Audi R8. Bol to a st\u00e1le je prv\u00fd pokus ingolstadtsk\u00e9ho v\u00fdrobcu na trhu so superautami, ktor\u00fd sa uk\u00e1zal ako ve\u013emi \u00faspe\u0161n\u00fd. Pod\u013ea pred\u00e1vaj\u00faceho je toto vozidlo plne servisovan\u00e9 a nemalo \u017eiadnu nehodu, \u010do potvrdzuje aj zodpovedaj\u00faca spr\u00e1va CarVertical. Okrem toho m\u00e1 zatia\u013e najazden\u00fdch menej ako 50 000 km, \u010do na tak\u00e9to auto nie je ve\u013ea. Nakoniec, toto <strong>Audi R8 V10 plus Quattro <\/strong>z roku 2015 sa v s\u00fa\u010dasnosti nach\u00e1dza v Belgicku, kde je registrovan\u00e9 od svojho nov\u00e9ho modelu. Ponuku na toto vozidlo m\u00f4\u017eete predlo\u017ei\u0165 tak, \u017ee <a href=\"https:\/\/pistonaddict.com\/contact-us\/\">n\u00e1s kontaktujete<\/a>.<\/p>\n","protected":false},"featured_media":43358,"comment_status":"open","ping_status":"closed","template":"","meta":{"inline_featured_image":false},"product_cat":[755],"product_tag":[1950,1951,941],"acf":[],"yoast_head":"<!-- This site is optimized with the Yoast SEO plugin v22.5 - https:\/\/yoast.com\/wordpress\/plugins\/seo\/ -->\n<title>Audi R8 V10 Red Dynamite aukcie - Piston Addict<\/title>\n<meta name=\"description\" content=\"Vozidlo, ktor\u00e9 sa tu pred\u00e1va v aukcii, je pravdepodobne jedn\u00fdm z najv\u00fdkonnej\u0161\u00edch modelov vo svojej triede - kultov\u00e9 Audi R8 V10.\" \/>\n<meta name=\"robots\" content=\"index, follow, max-snippet:-1, max-image-preview:large, max-video-preview:-1\" \/>\n<link rel=\"canonical\" href=\"https:\/\/pistonaddict.com\/sk\/product\/audi-r8-v10-red-dynamite\/\" \/>\n<meta property=\"og:locale\" content=\"sk_SK\" \/>\n<meta property=\"og:type\" content=\"article\" \/>\n<meta property=\"og:title\" content=\"Audi R8 V10 Red Dynamite aukcie - Piston Addict\" \/>\n<meta property=\"og:description\" content=\"Vozidlo, ktor\u00e9 sa tu pred\u00e1va v aukcii, je pravdepodobne jedn\u00fdm z najv\u00fdkonnej\u0161\u00edch modelov vo svojej triede - kultov\u00e9 Audi R8 V10.\" \/>\n<meta property=\"og:url\" content=\"https:\/\/pistonaddict.com\/sk\/product\/audi-r8-v10-red-dynamite\/\" \/>\n<meta property=\"og:site_name\" content=\"Piston Addict\" \/>\n<meta property=\"article:modified_time\" content=\"2023-12-20T08:47:07+00:00\" \/>\n<meta property=\"og:image\" content=\"https:\/\/pistonaddict.com\/wp-content\/uploads\/2023\/06\/DSC_0412.jpg\" \/>\n\t<meta property=\"og:image:width\" content=\"2048\" \/>\n\t<meta property=\"og:image:height\" content=\"1365\" \/>\n\t<meta property=\"og:image:type\" content=\"image\/jpeg\" \/>\n<meta name=\"twitter:card\" content=\"summary_large_image\" \/>\n<meta name=\"twitter:label1\" content=\"Predpokladan\u00fd \u010das \u010d\u00edtania\" \/>\n\t<meta name=\"twitter:data1\" content=\"3 min\u00faty\" \/>\n<script type=\"application\/ld+json\" class=\"yoast-schema-graph\">{\"@context\":\"https:\/\/schema.org\",\"@graph\":[{\"@type\":\"WebPage\",\"@id\":\"https:\/\/pistonaddict.com\/sk\/product\/audi-r8-v10-red-dynamite\/\",\"url\":\"https:\/\/pistonaddict.com\/sk\/product\/audi-r8-v10-red-dynamite\/\",\"name\":\"Audi R8 V10 Red Dynamite aukcie - Piston Addict\",\"isPartOf\":{\"@id\":\"https:\/\/pistonaddict.com\/sk\/#website\"},\"primaryImageOfPage\":{\"@id\":\"https:\/\/pistonaddict.com\/sk\/product\/audi-r8-v10-red-dynamite\/#primaryimage\"},\"image\":{\"@id\":\"https:\/\/pistonaddict.com\/sk\/product\/audi-r8-v10-red-dynamite\/#primaryimage\"},\"thumbnailUrl\":\"https:\/\/pistonaddict.com\/wp-content\/uploads\/2023\/06\/DSC_0412.jpg\",\"datePublished\":\"2023-06-16T13:02:15+00:00\",\"dateModified\":\"2023-12-20T08:47:07+00:00\",\"description\":\"Vozidlo, ktor\u00e9 sa tu pred\u00e1va v aukcii, je pravdepodobne jedn\u00fdm z najv\u00fdkonnej\u0161\u00edch modelov vo svojej triede - kultov\u00e9 Audi R8 V10.\",\"breadcrumb\":{\"@id\":\"https:\/\/pistonaddict.com\/sk\/product\/audi-r8-v10-red-dynamite\/#breadcrumb\"},\"inLanguage\":\"sk-SK\",\"potentialAction\":[{\"@type\":\"ReadAction\",\"target\":[\"https:\/\/pistonaddict.com\/sk\/product\/audi-r8-v10-red-dynamite\/\"]}]},{\"@type\":\"ImageObject\",\"inLanguage\":\"sk-SK\",\"@id\":\"https:\/\/pistonaddict.com\/sk\/product\/audi-r8-v10-red-dynamite\/#primaryimage\",\"url\":\"https:\/\/pistonaddict.com\/wp-content\/uploads\/2023\/06\/DSC_0412.jpg\",\"contentUrl\":\"https:\/\/pistonaddict.com\/wp-content\/uploads\/2023\/06\/DSC_0412.jpg\",\"width\":2048,\"height\":1365},{\"@type\":\"BreadcrumbList\",\"@id\":\"https:\/\/pistonaddict.com\/sk\/product\/audi-r8-v10-red-dynamite\/#breadcrumb\",\"itemListElement\":[{\"@type\":\"ListItem\",\"position\":1,\"name\":\"domovskej str\u00e1nke\",\"item\":\"https:\/\/pistonaddict.com\/sk\/uvodna-stranka\/\"},{\"@type\":\"ListItem\",\"position\":2,\"name\":\"Auctions\",\"item\":\"https:\/\/pistonaddict.com\/auctions-listing\/\"},{\"@type\":\"ListItem\",\"position\":3,\"name\":\"Audi R8 V10 Red Dynamite\"}]},{\"@type\":\"WebSite\",\"@id\":\"https:\/\/pistonaddict.com\/sk\/#website\",\"url\":\"https:\/\/pistonaddict.com\/sk\/\",\"name\":\"Piston Addict\",\"description\":\"Only interesting vehicles\",\"publisher\":{\"@id\":\"https:\/\/pistonaddict.com\/sk\/#organization\"},\"potentialAction\":[{\"@type\":\"SearchAction\",\"target\":{\"@type\":\"EntryPoint\",\"urlTemplate\":\"https:\/\/pistonaddict.com\/sk\/?s={search_term_string}\"},\"query-input\":\"required name=search_term_string\"}],\"inLanguage\":\"sk-SK\"},{\"@type\":\"Organization\",\"@id\":\"https:\/\/pistonaddict.com\/sk\/#organization\",\"name\":\"Piston Addict\",\"url\":\"https:\/\/pistonaddict.com\/sk\/\",\"logo\":{\"@type\":\"ImageObject\",\"inLanguage\":\"sk-SK\",\"@id\":\"https:\/\/pistonaddict.com\/sk\/#\/schema\/logo\/image\/\",\"url\":\"https:\/\/pistonaddict.com\/wp-content\/uploads\/2022\/07\/logo-6.png\",\"contentUrl\":\"https:\/\/pistonaddict.com\/wp-content\/uploads\/2022\/07\/logo-6.png\",\"width\":970,\"height\":200,\"caption\":\"Piston Addict\"},\"image\":{\"@id\":\"https:\/\/pistonaddict.com\/sk\/#\/schema\/logo\/image\/\"}}]}<\/script>\n<!-- \/ Yoast SEO plugin. -->","yoast_head_json":{"title":"Audi R8 V10 Red Dynamite aukcie - Piston Addict","description":"Vozidlo, ktor\u00e9 sa tu pred\u00e1va v aukcii, je pravdepodobne jedn\u00fdm z najv\u00fdkonnej\u0161\u00edch modelov vo svojej triede - kultov\u00e9 Audi R8 V10.","robots":{"index":"index","follow":"follow","max-snippet":"max-snippet:-1","max-image-preview":"max-image-preview:large","max-video-preview":"max-video-preview:-1"},"canonical":"https:\/\/pistonaddict.com\/sk\/product\/audi-r8-v10-red-dynamite\/","og_locale":"sk_SK","og_type":"article","og_title":"Audi R8 V10 Red Dynamite aukcie - Piston Addict","og_description":"Vozidlo, ktor\u00e9 sa tu pred\u00e1va v aukcii, je pravdepodobne jedn\u00fdm z najv\u00fdkonnej\u0161\u00edch modelov vo svojej triede - kultov\u00e9 Audi R8 V10.","og_url":"https:\/\/pistonaddict.com\/sk\/product\/audi-r8-v10-red-dynamite\/","og_site_name":"Piston Addict","article_modified_time":"2023-12-20T08:47:07+00:00","og_image":[{"width":2048,"height":1365,"url":"https:\/\/pistonaddict.com\/wp-content\/uploads\/2023\/06\/DSC_0412.jpg","type":"image\/jpeg"}],"twitter_card":"summary_large_image","twitter_misc":{"Predpokladan\u00fd \u010das \u010d\u00edtania":"3 min\u00faty"},"schema":{"@context":"https:\/\/schema.org","@graph":[{"@type":"WebPage","@id":"https:\/\/pistonaddict.com\/sk\/product\/audi-r8-v10-red-dynamite\/","url":"https:\/\/pistonaddict.com\/sk\/product\/audi-r8-v10-red-dynamite\/","name":"Audi R8 V10 Red Dynamite aukcie - Piston Addict","isPartOf":{"@id":"https:\/\/pistonaddict.com\/sk\/#website"},"primaryImageOfPage":{"@id":"https:\/\/pistonaddict.com\/sk\/product\/audi-r8-v10-red-dynamite\/#primaryimage"},"image":{"@id":"https:\/\/pistonaddict.com\/sk\/product\/audi-r8-v10-red-dynamite\/#primaryimage"},"thumbnailUrl":"https:\/\/pistonaddict.com\/wp-content\/uploads\/2023\/06\/DSC_0412.jpg","datePublished":"2023-06-16T13:02:15+00:00","dateModified":"2023-12-20T08:47:07+00:00","description":"Vozidlo, ktor\u00e9 sa tu pred\u00e1va v aukcii, je pravdepodobne jedn\u00fdm z najv\u00fdkonnej\u0161\u00edch modelov vo svojej triede - kultov\u00e9 Audi R8 V10.","breadcrumb":{"@id":"https:\/\/pistonaddict.com\/sk\/product\/audi-r8-v10-red-dynamite\/#breadcrumb"},"inLanguage":"sk-SK","potentialAction":[{"@type":"ReadAction","target":["https:\/\/pistonaddict.com\/sk\/product\/audi-r8-v10-red-dynamite\/"]}]},{"@type":"ImageObject","inLanguage":"sk-SK","@id":"https:\/\/pistonaddict.com\/sk\/product\/audi-r8-v10-red-dynamite\/#primaryimage","url":"https:\/\/pistonaddict.com\/wp-content\/uploads\/2023\/06\/DSC_0412.jpg","contentUrl":"https:\/\/pistonaddict.com\/wp-content\/uploads\/2023\/06\/DSC_0412.jpg","width":2048,"height":1365},{"@type":"BreadcrumbList","@id":"https:\/\/pistonaddict.com\/sk\/product\/audi-r8-v10-red-dynamite\/#breadcrumb","itemListElement":[{"@type":"ListItem","position":1,"name":"domovskej str\u00e1nke","item":"https:\/\/pistonaddict.com\/sk\/uvodna-stranka\/"},{"@type":"ListItem","position":2,"name":"Auctions","item":"https:\/\/pistonaddict.com\/auctions-listing\/"},{"@type":"ListItem","position":3,"name":"Audi R8 V10 Red Dynamite"}]},{"@type":"WebSite","@id":"https:\/\/pistonaddict.com\/sk\/#website","url":"https:\/\/pistonaddict.com\/sk\/","name":"Piston Addict","description":"Only interesting vehicles","publisher":{"@id":"https:\/\/pistonaddict.com\/sk\/#organization"},"potentialAction":[{"@type":"SearchAction","target":{"@type":"EntryPoint","urlTemplate":"https:\/\/pistonaddict.com\/sk\/?s={search_term_string}"},"query-input":"required name=search_term_string"}],"inLanguage":"sk-SK"},{"@type":"Organization","@id":"https:\/\/pistonaddict.com\/sk\/#organization","name":"Piston Addict","url":"https:\/\/pistonaddict.com\/sk\/","logo":{"@type":"ImageObject","inLanguage":"sk-SK","@id":"https:\/\/pistonaddict.com\/sk\/#\/schema\/logo\/image\/","url":"https:\/\/pistonaddict.com\/wp-content\/uploads\/2022\/07\/logo-6.png","contentUrl":"https:\/\/pistonaddict.com\/wp-content\/uploads\/2022\/07\/logo-6.png","width":970,"height":200,"caption":"Piston Addict"},"image":{"@id":"https:\/\/pistonaddict.com\/sk\/#\/schema\/logo\/image\/"}}]}},"_links":{"self":[{"href":"https:\/\/pistonaddict.com\/sk\/wp-json\/wp\/v2\/product\/46002"}],"collection":[{"href":"https:\/\/pistonaddict.com\/sk\/wp-json\/wp\/v2\/product"}],"about":[{"href":"https:\/\/pistonaddict.com\/sk\/wp-json\/wp\/v2\/types\/product"}],"replies":[{"embeddable":true,"href":"https:\/\/pistonaddict.com\/sk\/wp-json\/wp\/v2\/comments?post=46002"}],"wp:featuredmedia":[{"embeddable":true,"href":"https:\/\/pistonaddict.com\/sk\/wp-json\/wp\/v2\/media\/43358"}],"wp:attachment":[{"href":"https:\/\/pistonaddict.com\/sk\/wp-json\/wp\/v2\/media?parent=46002"}],"wp:term":[{"taxonomy":"product_cat","embeddable":true,"href":"https:\/\/pistonaddict.com\/sk\/wp-json\/wp\/v2\/product_cat?post=46002"},{"taxonomy":"product_tag","embeddable":true,"href":"https:\/\/pistonaddict.com\/sk\/wp-json\/wp\/v2\/product_tag?post=46002"}],"curies":[{"name":"wp","href":"https:\/\/api.w.org\/{rel}","templated":true}]}}