{"id":41972,"date":"2023-06-12T14:22:37","date_gmt":"2023-06-12T12:22:37","guid":{"rendered":"https:\/\/pistonaddict.com\/product\/audi-r8-4-2-fsi-v8\/"},"modified":"2024-03-20T09:15:37","modified_gmt":"2024-03-20T08:15:37","slug":"audi-r8-4-2-fsi-v8","status":"publish","type":"product","link":"https:\/\/pistonaddict.com\/sk\/product\/audi-r8-4-2-fsi-v8\/","title":{"rendered":"Audi R8 4.2 FSI V8"},"content":{"rendered":"<p><strong>Hist\u00f3ria modelu<\/strong><\/p>\n<p>Model R8 vyvolal po svojom uveden\u00ed na trh v roku 2007 hotov\u00fa senz\u00e1ciu a nielen\u017ee bol prv\u00fdm superautom zna\u010dky Audi, ale v\u010faka svojmu nad\u010dasov\u00e9mu dizajnu a fantastick\u00e9mu pohonu pozost\u00e1vaj\u00facemu z vysokoot\u00e1\u010dkov\u00e9ho osemvalca V8 (nesk\u00f4r V10) a sl\u00e1vneho syst\u00e9mu pohonu v\u0161etk\u00fdch kolies Quattro bol aj neuverite\u013ene \u00faspe\u0161n\u00fd. Pr\u00edchod modelu R8 ve\u013emi znerv\u00f3znil konkurenciu, preto\u017ee z\u00e1kazn\u00edci mali kone\u010dne mo\u017enos\u0165 k\u00fapi\u0165 si vysoko v\u00fdkonn\u00fd stroj s pohonom AWD a kvalitou Audi. Preto bola prv\u00e1 gener\u00e1cia modelu R8 mimoriadne \u00faspe\u0161n\u00e1 a vyrobilo sa jej takmer 30 000 exempl\u00e1rov. Tento konkr\u00e9tny exempl\u00e1r je modelom z roku 2014, \u010do znamen\u00e1, \u017ee ide o neskor\u0161iu a \u017eiadanej\u0161iu verziu, ktor\u00e1 z\u00edskala mierny re\u0161t\u00fdl, lep\u0161ie prvky a vylep\u0161en\u00fa mechaniku. V\u00fdkon zabezpe\u010duje 4,2-litrov\u00fd motor V8 FSI s v\u00fdkonom 430 kon\u00ed, ktor\u00fd sa pren\u00e1\u0161a na v\u0161etky \u0161tyri koles\u00e1 prostredn\u00edctvom 7-stup\u0148ovej dvojspojkovej automatickej prevodovky S Tronic. T\u00e1to kombin\u00e1cia dok\u00e1\u017ee zr\u00fdchli\u0165 z 0 na 100 km\/h za 4,2 sekundy a dosiahnu\u0165 maxim\u00e1lnu r\u00fdchlos\u0165 tesne nad 300 km\/h, \u010do rad\u00ed R8 do kateg\u00f3rie superautomobilov.<\/p>\n<p><strong>Stav<\/strong><\/p>\n<p>Tento model R8 m\u00e1 na tachometri len 43 649 km a je v ide\u00e1lnom stave. Prv\u00fdkr\u00e1t bol dodan\u00fd koncom roka 2014 p\u00f4vodn\u00e9mu majite\u013eovi v Holandsku a s\u00fa\u010dasn\u00ed majitelia ho z\u00edskali v roku 2021. Toto Audi R8 nebolo nikdy pou\u017eit\u00e9 na trati a pravidelne udr\u017eiavan\u00e9 so servisn\u00fdmi z\u00e1znamami poskytnut\u00fdmi pred\u00e1vaj\u00facim. Aj tento pr\u00edklad je \u00faplne s\u00e9riov\u00fd, bez ak\u00fdchko\u013evek \u00faprav alebo zbyto\u010dn\u00fdch doplnkov. V\u0161etky prvky tov\u00e1renskej v\u00fdbavy s\u00fa pr\u00edtomn\u00e9 a funk\u010dn\u00e9. Posledn\u00e1 servisn\u00e1 prehliadka spolu s v\u00fdmenou oleja sa uskuto\u010dnila koncom okt\u00f3bra 2022 a v j\u00fani 2023 sa vykonala gener\u00e1lna oprava b\u0155zd. Takzvan\u00fd &#8220;dlhodob\u00fd&#8221; servis bol dokon\u010den\u00fd a zapa\u013eovacie svie\u010dky boli vymenen\u00e9. <strong>Na t\u00fato R8 sa vz\u0165ahuje 6-mesa\u010dn\u00e1 z\u00e1ruka Bovag<\/strong>, \u010do len dokazuje, \u017ee je v bezchybnom stave.<\/p>\n<p><strong>Exteri\u00e9r a koles\u00e1<\/strong><\/p>\n<p>Tento model R8, lakovan\u00fd v elegantnej \u010diernej farbe Panther Black, vyu\u017e\u00edva volite\u013en\u00fd karb\u00f3nov\u00fd bal\u00edk s exteri\u00e9rov\u00fdmi a interi\u00e9rov\u00fdmi vlo\u017ekami z uhl\u00edkov\u00fdch vl\u00e1kien. Karos\u00e9ria vozidla nem\u00e1 \u017eiadne po\u0161kodenia, \u0161krabance ani zmeny farby a lak je v perfektnom stave. Jedin\u00e9, \u010do bolo na exteri\u00e9ri tejto R8 dot\u00fdkan\u00e9, je opraven\u00fd poklop n\u00e1dr\u017ee (dvierka palivov\u00e9ho uz\u00e1veru), ktor\u00fd bol vykonan\u00fd certifikovan\u00fdm predajcom (fakt\u00fara z 5. m\u00e1ja 2021). Vzh\u013ead vylep\u0161uj\u00fa volite\u013en\u00e9 20-palcov\u00e9 disky obut\u00e9 do \u010derstv\u00fdch pneumat\u00edk Pirelli P Zero.<\/p>\n<p><strong>Interi\u00e9r<\/strong><\/p>\n<p>Interi\u00e9r potiahnut\u00fd zodpovedaj\u00facou kombin\u00e1ciou \u010diernej ko\u017ee a Alcantary nevykazuje \u017eiadne zn\u00e1mky opotrebovania a m\u00e1 vlo\u017eky z uhl\u00edkov\u00fdch vl\u00e1kien ako s\u00fa\u010das\u0165 tov\u00e1rensk\u00e9ho bal\u00edka \u010dal\u00fanenia. Sedadl\u00e1 maj\u00fa volite\u013en\u00fa funkciu vyhrievania a v\u0161etky syst\u00e9my (audio, infotainment, HVAC) s\u00fa v perfektnom stave. V r\u00e1mci zoznamu v\u00fdbavy stoj\u00ed za zmienku, \u017ee t\u00e1to R8 m\u00e1 tempomat, stiera\u010de s da\u017e\u010fov\u00fdm senzorom, audiosyst\u00e9m Bang and Olufsen, automaticky stmievate\u013en\u00e9 zrkadl\u00e1, navig\u00e1ciu, osvetlenie LED a mnoho \u010fal\u0161ieho.<\/p>\n<p><strong>Dokument\u00e1cia<\/strong><\/p>\n<p>Toto ojazden\u00e9 vozidlo s pr\u00edslu\u0161nou dokument\u00e1ciou sa nach\u00e1dza v Holandsku. Spr\u00e1va CarFax je \u010dist\u00e1, \u017eiadne pr\u00e1vne probl\u00e9my neexistuj\u00fa. Existuj\u00fa z\u00e1znamy o pravidelnej \u00fadr\u017ebe a nieko\u013ek\u00fdch drobn\u00fdch oprav\u00e1ch. Je ve\u013emi d\u00f4le\u017eit\u00e9 spomen\u00fa\u0165, \u017ee toto Audi R8 m\u00e1 n\u00e1hradu BPM. N\u00e1hrada BPM je holandsk\u00e1 n\u00e1hrada dane z luxusu pri v\u00fdvoze. <strong> To znamen\u00e1, \u017ee ak sa kupuj\u00faci nach\u00e1dza v ktorejko\u013evek inej krajine Eur\u00f3pskej \u00fanie (okrem Holandska) a zaregistruje toto vozidlo vo svojej domovskej krajine do 13 t\u00fd\u017ed\u0148ov od jeho k\u00fapy, dostane sp\u00e4\u0165 5 967 eur<\/strong>, \u010do je ve\u013emi v\u00fdhodn\u00e9.<br \/>\nPozrite si <a href=\"https:\/\/pistonaddict.com\/wp-content\/uploads\/2023\/06\/CARFAX-Vehicle-History-Report-AUDI-R8.pdf\">CarFax tohto Audi R8<\/a>.<\/p>\n<p><strong>Na pr\u00edstup do aukcie tohto pr\u00e9miov\u00e9ho vozidla je potrebn\u00fd odtla\u010dok kreditnej karty (automaticky uvo\u013enen\u00fd).<\/strong><\/p>\n<p>Pozrite si video so studen\u00fdm \u0161tartom tohto n\u00e1dhern\u00e9ho Audi R8 tu :<\/p>\n<p><iframe title=\"Cold Start video of the Audi R8 4.2 FSI V8 on auction sale\" width=\"1200\" height=\"675\" src=\"https:\/\/www.youtube.com\/embed\/GyBid0aFEiA?feature=oembed\" frameborder=\"0\" allow=\"accelerometer; autoplay; clipboard-write; encrypted-media; gyroscope; picture-in-picture; web-share\" allowfullscreen><\/iframe><\/p>\n","protected":false},"excerpt":{"rendered":"<p>\u010casto po\u010dujete pojem &#8220;supercar pre ka\u017edodenn\u00e9 pou\u017eitie&#8221;, av\u0161ak len ve\u013emi m\u00e1lo automobilov skuto\u010dne poskytuje presved\u010div\u00fd v\u00fdkon, pou\u017eite\u013enos\u0165 a spo\u013eahlivos\u0165 pri ka\u017edodennom pou\u017e\u00edvan\u00ed. Audi R8 2014 je tak\u00fdto skvost. V\u010faka v\u00fdkonn\u00e9mu 4,2-litrov\u00e9mu osemvalcu, dobre vybaven\u00e9mu interi\u00e9ru a dokonalej jazdnej dynamike je to auto, ktor\u00e9 si m\u00f4\u017eete u\u017e\u00edva\u0165 ka\u017ed\u00fd de\u0148 a pritom ma\u0165 v\u0161etky v\u00fdhody jazdy v \u010distokrvnom superautomobile. Ponuku na toto vozidlo m\u00f4\u017eete predlo\u017ei\u0165 tak, \u017ee <a href=\"https:\/\/pistonaddict.com\/contact-us\/\">n\u00e1s kontaktujete<\/a>.<\/p>\n","protected":false},"featured_media":41847,"comment_status":"open","ping_status":"closed","template":"","meta":{"inline_featured_image":false},"product_cat":[755],"product_tag":[1889,1885,941],"acf":[],"yoast_head":"<!-- This site is optimized with the Yoast SEO plugin v22.5 - https:\/\/yoast.com\/wordpress\/plugins\/seo\/ -->\n<title>Audi R8 4.2 FSI V8 aukcie - Piston Addict<\/title>\n<meta name=\"description\" content=\"Toto Audi R8 je model z roku 2014, \u010do znamen\u00e1, \u017ee ide o neskor\u0161iu a \u017eiadanej\u0161iu verziu, ktor\u00e1 z\u00edskala mierny re\u0161t\u00fdl, lep\u0161iu v\u00fdbavu a prepracovan\u00fa mechaniku. V\u00fdkon zabezpe\u010duje 4,2-litrov\u00fd motor V8 FSI s v\u00fdkonom 430 kon\u00ed, ktor\u00fd sa pren\u00e1\u0161a na v\u0161etky \u0161tyri koles\u00e1 prostredn\u00edctvom 7-stup\u0148ovej dvojspojkovej automatickej prevodovky S Tronic.\" \/>\n<meta name=\"robots\" content=\"index, follow, max-snippet:-1, max-image-preview:large, max-video-preview:-1\" \/>\n<link rel=\"canonical\" href=\"https:\/\/pistonaddict.com\/sk\/product\/audi-r8-4-2-fsi-v8\/\" \/>\n<meta property=\"og:locale\" content=\"sk_SK\" \/>\n<meta property=\"og:type\" content=\"article\" \/>\n<meta property=\"og:title\" content=\"Audi R8 4.2 FSI V8 aukcie - Piston Addict\" \/>\n<meta property=\"og:description\" content=\"Toto Audi R8 je model z roku 2014, \u010do znamen\u00e1, \u017ee ide o neskor\u0161iu a \u017eiadanej\u0161iu verziu, ktor\u00e1 z\u00edskala mierny re\u0161t\u00fdl, lep\u0161iu v\u00fdbavu a prepracovan\u00fa mechaniku. V\u00fdkon zabezpe\u010duje 4,2-litrov\u00fd motor V8 FSI s v\u00fdkonom 430 kon\u00ed, ktor\u00fd sa pren\u00e1\u0161a na v\u0161etky \u0161tyri koles\u00e1 prostredn\u00edctvom 7-stup\u0148ovej dvojspojkovej automatickej prevodovky S Tronic.\" \/>\n<meta property=\"og:url\" content=\"https:\/\/pistonaddict.com\/sk\/product\/audi-r8-4-2-fsi-v8\/\" \/>\n<meta property=\"og:site_name\" content=\"Piston Addict\" \/>\n<meta property=\"article:modified_time\" content=\"2024-03-20T08:15:37+00:00\" \/>\n<meta property=\"og:image\" content=\"https:\/\/pistonaddict.com\/wp-content\/uploads\/2023\/06\/foto-5.jpg\" \/>\n\t<meta property=\"og:image:width\" content=\"1024\" \/>\n\t<meta property=\"og:image:height\" content=\"683\" \/>\n\t<meta property=\"og:image:type\" content=\"image\/jpeg\" \/>\n<meta name=\"twitter:card\" content=\"summary_large_image\" \/>\n<meta name=\"twitter:label1\" content=\"Predpokladan\u00fd \u010das \u010d\u00edtania\" \/>\n\t<meta name=\"twitter:data1\" content=\"4 min\u00faty\" \/>\n<script type=\"application\/ld+json\" class=\"yoast-schema-graph\">{\"@context\":\"https:\/\/schema.org\",\"@graph\":[{\"@type\":\"WebPage\",\"@id\":\"https:\/\/pistonaddict.com\/sk\/product\/audi-r8-4-2-fsi-v8\/\",\"url\":\"https:\/\/pistonaddict.com\/sk\/product\/audi-r8-4-2-fsi-v8\/\",\"name\":\"Audi R8 4.2 FSI V8 aukcie - Piston Addict\",\"isPartOf\":{\"@id\":\"https:\/\/pistonaddict.com\/sk\/#website\"},\"primaryImageOfPage\":{\"@id\":\"https:\/\/pistonaddict.com\/sk\/product\/audi-r8-4-2-fsi-v8\/#primaryimage\"},\"image\":{\"@id\":\"https:\/\/pistonaddict.com\/sk\/product\/audi-r8-4-2-fsi-v8\/#primaryimage\"},\"thumbnailUrl\":\"https:\/\/pistonaddict.com\/wp-content\/uploads\/2023\/06\/foto-5.jpg\",\"datePublished\":\"2023-06-12T12:22:37+00:00\",\"dateModified\":\"2024-03-20T08:15:37+00:00\",\"description\":\"Toto Audi R8 je model z roku 2014, \u010do znamen\u00e1, \u017ee ide o neskor\u0161iu a \u017eiadanej\u0161iu verziu, ktor\u00e1 z\u00edskala mierny re\u0161t\u00fdl, lep\u0161iu v\u00fdbavu a prepracovan\u00fa mechaniku. V\u00fdkon zabezpe\u010duje 4,2-litrov\u00fd motor V8 FSI s v\u00fdkonom 430 kon\u00ed, ktor\u00fd sa pren\u00e1\u0161a na v\u0161etky \u0161tyri koles\u00e1 prostredn\u00edctvom 7-stup\u0148ovej dvojspojkovej automatickej prevodovky S Tronic.\",\"breadcrumb\":{\"@id\":\"https:\/\/pistonaddict.com\/sk\/product\/audi-r8-4-2-fsi-v8\/#breadcrumb\"},\"inLanguage\":\"sk-SK\",\"potentialAction\":[{\"@type\":\"ReadAction\",\"target\":[\"https:\/\/pistonaddict.com\/sk\/product\/audi-r8-4-2-fsi-v8\/\"]}]},{\"@type\":\"ImageObject\",\"inLanguage\":\"sk-SK\",\"@id\":\"https:\/\/pistonaddict.com\/sk\/product\/audi-r8-4-2-fsi-v8\/#primaryimage\",\"url\":\"https:\/\/pistonaddict.com\/wp-content\/uploads\/2023\/06\/foto-5.jpg\",\"contentUrl\":\"https:\/\/pistonaddict.com\/wp-content\/uploads\/2023\/06\/foto-5.jpg\",\"width\":1024,\"height\":683},{\"@type\":\"BreadcrumbList\",\"@id\":\"https:\/\/pistonaddict.com\/sk\/product\/audi-r8-4-2-fsi-v8\/#breadcrumb\",\"itemListElement\":[{\"@type\":\"ListItem\",\"position\":1,\"name\":\"domovskej str\u00e1nke\",\"item\":\"https:\/\/pistonaddict.com\/sk\/uvodna-stranka\/\"},{\"@type\":\"ListItem\",\"position\":2,\"name\":\"Auctions\",\"item\":\"https:\/\/pistonaddict.com\/auctions-listing\/\"},{\"@type\":\"ListItem\",\"position\":3,\"name\":\"Audi R8 4.2 FSI V8\"}]},{\"@type\":\"WebSite\",\"@id\":\"https:\/\/pistonaddict.com\/sk\/#website\",\"url\":\"https:\/\/pistonaddict.com\/sk\/\",\"name\":\"Piston Addict\",\"description\":\"Only interesting vehicles\",\"publisher\":{\"@id\":\"https:\/\/pistonaddict.com\/sk\/#organization\"},\"potentialAction\":[{\"@type\":\"SearchAction\",\"target\":{\"@type\":\"EntryPoint\",\"urlTemplate\":\"https:\/\/pistonaddict.com\/sk\/?s={search_term_string}\"},\"query-input\":\"required name=search_term_string\"}],\"inLanguage\":\"sk-SK\"},{\"@type\":\"Organization\",\"@id\":\"https:\/\/pistonaddict.com\/sk\/#organization\",\"name\":\"Piston Addict\",\"url\":\"https:\/\/pistonaddict.com\/sk\/\",\"logo\":{\"@type\":\"ImageObject\",\"inLanguage\":\"sk-SK\",\"@id\":\"https:\/\/pistonaddict.com\/sk\/#\/schema\/logo\/image\/\",\"url\":\"https:\/\/pistonaddict.com\/wp-content\/uploads\/2022\/07\/logo-6.png\",\"contentUrl\":\"https:\/\/pistonaddict.com\/wp-content\/uploads\/2022\/07\/logo-6.png\",\"width\":970,\"height\":200,\"caption\":\"Piston Addict\"},\"image\":{\"@id\":\"https:\/\/pistonaddict.com\/sk\/#\/schema\/logo\/image\/\"}}]}<\/script>\n<!-- \/ Yoast SEO plugin. -->","yoast_head_json":{"title":"Audi R8 4.2 FSI V8 aukcie - Piston Addict","description":"Toto Audi R8 je model z roku 2014, \u010do znamen\u00e1, \u017ee ide o neskor\u0161iu a \u017eiadanej\u0161iu verziu, ktor\u00e1 z\u00edskala mierny re\u0161t\u00fdl, lep\u0161iu v\u00fdbavu a prepracovan\u00fa mechaniku. V\u00fdkon zabezpe\u010duje 4,2-litrov\u00fd motor V8 FSI s v\u00fdkonom 430 kon\u00ed, ktor\u00fd sa pren\u00e1\u0161a na v\u0161etky \u0161tyri koles\u00e1 prostredn\u00edctvom 7-stup\u0148ovej dvojspojkovej automatickej prevodovky S Tronic.","robots":{"index":"index","follow":"follow","max-snippet":"max-snippet:-1","max-image-preview":"max-image-preview:large","max-video-preview":"max-video-preview:-1"},"canonical":"https:\/\/pistonaddict.com\/sk\/product\/audi-r8-4-2-fsi-v8\/","og_locale":"sk_SK","og_type":"article","og_title":"Audi R8 4.2 FSI V8 aukcie - Piston Addict","og_description":"Toto Audi R8 je model z roku 2014, \u010do znamen\u00e1, \u017ee ide o neskor\u0161iu a \u017eiadanej\u0161iu verziu, ktor\u00e1 z\u00edskala mierny re\u0161t\u00fdl, lep\u0161iu v\u00fdbavu a prepracovan\u00fa mechaniku. V\u00fdkon zabezpe\u010duje 4,2-litrov\u00fd motor V8 FSI s v\u00fdkonom 430 kon\u00ed, ktor\u00fd sa pren\u00e1\u0161a na v\u0161etky \u0161tyri koles\u00e1 prostredn\u00edctvom 7-stup\u0148ovej dvojspojkovej automatickej prevodovky S Tronic.","og_url":"https:\/\/pistonaddict.com\/sk\/product\/audi-r8-4-2-fsi-v8\/","og_site_name":"Piston Addict","article_modified_time":"2024-03-20T08:15:37+00:00","og_image":[{"width":1024,"height":683,"url":"https:\/\/pistonaddict.com\/wp-content\/uploads\/2023\/06\/foto-5.jpg","type":"image\/jpeg"}],"twitter_card":"summary_large_image","twitter_misc":{"Predpokladan\u00fd \u010das \u010d\u00edtania":"4 min\u00faty"},"schema":{"@context":"https:\/\/schema.org","@graph":[{"@type":"WebPage","@id":"https:\/\/pistonaddict.com\/sk\/product\/audi-r8-4-2-fsi-v8\/","url":"https:\/\/pistonaddict.com\/sk\/product\/audi-r8-4-2-fsi-v8\/","name":"Audi R8 4.2 FSI V8 aukcie - Piston Addict","isPartOf":{"@id":"https:\/\/pistonaddict.com\/sk\/#website"},"primaryImageOfPage":{"@id":"https:\/\/pistonaddict.com\/sk\/product\/audi-r8-4-2-fsi-v8\/#primaryimage"},"image":{"@id":"https:\/\/pistonaddict.com\/sk\/product\/audi-r8-4-2-fsi-v8\/#primaryimage"},"thumbnailUrl":"https:\/\/pistonaddict.com\/wp-content\/uploads\/2023\/06\/foto-5.jpg","datePublished":"2023-06-12T12:22:37+00:00","dateModified":"2024-03-20T08:15:37+00:00","description":"Toto Audi R8 je model z roku 2014, \u010do znamen\u00e1, \u017ee ide o neskor\u0161iu a \u017eiadanej\u0161iu verziu, ktor\u00e1 z\u00edskala mierny re\u0161t\u00fdl, lep\u0161iu v\u00fdbavu a prepracovan\u00fa mechaniku. V\u00fdkon zabezpe\u010duje 4,2-litrov\u00fd motor V8 FSI s v\u00fdkonom 430 kon\u00ed, ktor\u00fd sa pren\u00e1\u0161a na v\u0161etky \u0161tyri koles\u00e1 prostredn\u00edctvom 7-stup\u0148ovej dvojspojkovej automatickej prevodovky S Tronic.","breadcrumb":{"@id":"https:\/\/pistonaddict.com\/sk\/product\/audi-r8-4-2-fsi-v8\/#breadcrumb"},"inLanguage":"sk-SK","potentialAction":[{"@type":"ReadAction","target":["https:\/\/pistonaddict.com\/sk\/product\/audi-r8-4-2-fsi-v8\/"]}]},{"@type":"ImageObject","inLanguage":"sk-SK","@id":"https:\/\/pistonaddict.com\/sk\/product\/audi-r8-4-2-fsi-v8\/#primaryimage","url":"https:\/\/pistonaddict.com\/wp-content\/uploads\/2023\/06\/foto-5.jpg","contentUrl":"https:\/\/pistonaddict.com\/wp-content\/uploads\/2023\/06\/foto-5.jpg","width":1024,"height":683},{"@type":"BreadcrumbList","@id":"https:\/\/pistonaddict.com\/sk\/product\/audi-r8-4-2-fsi-v8\/#breadcrumb","itemListElement":[{"@type":"ListItem","position":1,"name":"domovskej str\u00e1nke","item":"https:\/\/pistonaddict.com\/sk\/uvodna-stranka\/"},{"@type":"ListItem","position":2,"name":"Auctions","item":"https:\/\/pistonaddict.com\/auctions-listing\/"},{"@type":"ListItem","position":3,"name":"Audi R8 4.2 FSI V8"}]},{"@type":"WebSite","@id":"https:\/\/pistonaddict.com\/sk\/#website","url":"https:\/\/pistonaddict.com\/sk\/","name":"Piston Addict","description":"Only interesting vehicles","publisher":{"@id":"https:\/\/pistonaddict.com\/sk\/#organization"},"potentialAction":[{"@type":"SearchAction","target":{"@type":"EntryPoint","urlTemplate":"https:\/\/pistonaddict.com\/sk\/?s={search_term_string}"},"query-input":"required name=search_term_string"}],"inLanguage":"sk-SK"},{"@type":"Organization","@id":"https:\/\/pistonaddict.com\/sk\/#organization","name":"Piston Addict","url":"https:\/\/pistonaddict.com\/sk\/","logo":{"@type":"ImageObject","inLanguage":"sk-SK","@id":"https:\/\/pistonaddict.com\/sk\/#\/schema\/logo\/image\/","url":"https:\/\/pistonaddict.com\/wp-content\/uploads\/2022\/07\/logo-6.png","contentUrl":"https:\/\/pistonaddict.com\/wp-content\/uploads\/2022\/07\/logo-6.png","width":970,"height":200,"caption":"Piston Addict"},"image":{"@id":"https:\/\/pistonaddict.com\/sk\/#\/schema\/logo\/image\/"}}]}},"_links":{"self":[{"href":"https:\/\/pistonaddict.com\/sk\/wp-json\/wp\/v2\/product\/41972"}],"collection":[{"href":"https:\/\/pistonaddict.com\/sk\/wp-json\/wp\/v2\/product"}],"about":[{"href":"https:\/\/pistonaddict.com\/sk\/wp-json\/wp\/v2\/types\/product"}],"replies":[{"embeddable":true,"href":"https:\/\/pistonaddict.com\/sk\/wp-json\/wp\/v2\/comments?post=41972"}],"wp:featuredmedia":[{"embeddable":true,"href":"https:\/\/pistonaddict.com\/sk\/wp-json\/wp\/v2\/media\/41847"}],"wp:attachment":[{"href":"https:\/\/pistonaddict.com\/sk\/wp-json\/wp\/v2\/media?parent=41972"}],"wp:term":[{"taxonomy":"product_cat","embeddable":true,"href":"https:\/\/pistonaddict.com\/sk\/wp-json\/wp\/v2\/product_cat?post=41972"},{"taxonomy":"product_tag","embeddable":true,"href":"https:\/\/pistonaddict.com\/sk\/wp-json\/wp\/v2\/product_tag?post=41972"}],"curies":[{"name":"wp","href":"https:\/\/api.w.org\/{rel}","templated":true}]}}