{"id":39980,"date":"2023-04-19T17:58:30","date_gmt":"2023-04-19T15:58:30","guid":{"rendered":"https:\/\/pistonaddict.com\/product\/nissan-gtr\/"},"modified":"2024-03-19T17:51:56","modified_gmt":"2024-03-19T16:51:56","slug":"nissan-gtr","status":"publish","type":"product","link":"https:\/\/pistonaddict.com\/sk\/product\/nissan-gtr\/","title":{"rendered":"Nissan GT-R Nismo"},"content":{"rendered":"<h2>Exteri\u00e9r<\/h2>\n<p>Toto \u010dierne dvojdverov\u00e9 kup\u00e9 zvonku vyva\u017euje zdanlivo decentn\u00fd vzh\u013ead agres\u00edvnymi detailmi, ktor\u00e9 nazna\u010duj\u00fa jeho skuto\u010dn\u00fd charakter. Predn\u00e1 \u010das\u0165 sa vyzna\u010duje ve\u013ekou mrie\u017ekou chladi\u010da a trojuholn\u00edkov\u00fdmi svetlometmi, ktor\u00e9 mu dod\u00e1vaj\u00fa impozantn\u00fd vzh\u013ead na ceste. Siluetu modelu GT-R definuje dlh\u00e1 kapota, zva\u017euj\u00faca sa l\u00ednia strechy a mohutn\u00fd zadn\u00fd spojler. Zadnej \u010dasti dominuj\u00fa okr\u00fahle zadn\u00e9 svetl\u00e1, ktor\u00e9 s\u00fa pre Nissan charakteristick\u00e9. Ke\u010f\u017ee ho vyr\u00e1ba spolo\u010dnos\u0165 Nismo, toto konkr\u00e9tne GT-R sa od \u0161tandardn\u00fdch modelov l\u00ed\u0161i v nieko\u013ek\u00fdch detailoch. Okrem n\u00e1pisu na mrie\u017eke chladi\u010da zah\u0155\u0148a zv\u00e4\u010d\u0161en\u00fd predn\u00fd rozde\u013eova\u010d vzduchu a veko bato\u017einov\u00e9ho priestoru z uhl\u00edkov\u00fdch vl\u00e1kien. Vozidlo stoj\u00ed na pri\u013enav\u00fdch pneumatik\u00e1ch Michelin Super Sport Cup 2 obut\u00fdch na bronzov\u00fdch 20-palcov\u00fdch diskoch od spolo\u010dnosti Volk Racking.<\/p>\n<h2>Interi\u00e9r<\/h2>\n<p>Interi\u00e9r modelu GT-R s usporiadan\u00edm sedadiel 2+2 prezr\u00e1dza jeho praktickos\u0165. Je zrejm\u00e9, \u017ee zadn\u00e9 sedadl\u00e1 pon\u00fakaj\u00fa len obmedzen\u00e9 mno\u017estvo priestoru a s\u00fa vhodn\u00e9 len na kr\u00e1tke vzdialenosti. Ale aj tak je pr\u00edjemn\u00e9 ich ma\u0165. Na druhej strane, predn\u00e9 sedadl\u00e1 s\u00fa in\u00fd pr\u00edbeh. Oble\u010den\u00e9 v \u010diernej ko\u017ei s \u010derven\u00fdmi akcentmi poskytuj\u00fa prakticky neobmedzen\u00fa oporu a udr\u017euj\u00fa vodi\u010da pevne na mieste aj v t\u00fdch najostrej\u0161\u00edch z\u00e1krut\u00e1ch. A tie s\u00fa dohodnut\u00e9 s trojramenn\u00fdm volantom potiahnut\u00fdm br\u00fasenou ko\u017eou s \u010derven\u00fdm pre\u0161\u00edvan\u00edm. Za n\u00edm sa nach\u00e1dza zdru\u017een\u00fd pr\u00edstroj, ktor\u00e9mu dominuje ot\u00e1\u010dkomer s ot\u00e1\u010dkami a\u017e do 8 000 ot\u00e1\u010dok za min\u00fatu. Medzi \u010fal\u0161ie cifern\u00edky patr\u00ed r\u00fdchlomer a ukazovatele teploty motora a hladiny paliva. K dispoz\u00edcii je aj stredov\u00fd displej, ktor\u00fd zobrazuje parametre podobn\u00e9 pretek\u00e1rskym, ako je zr\u00fdchlenie alebo bo\u010dn\u00e9 sily.<\/p>\n<h2>Mechanika<\/h2>\n<p>Aj ke\u010f Nissan GT-R vyzer\u00e1 ohromuj\u00faco, v skuto\u010dnosti je najfascinuj\u00facej\u0161\u00ed v\u010faka mechanick\u00fdm z\u00e1kladom pod ko\u017eou. Prv\u00fdm je motor, 3,8-litrov\u00fd, dvakr\u00e1t prepl\u0148ovan\u00fd \u0161es\u0165valec V6, ktor\u00fd s najvy\u0161\u0161ou mo\u017enou prec\u00edznos\u0165ou ru\u010dne vyrobili najlep\u0161\u00ed technici spolo\u010dnosti Nissan. Okrem toho je ka\u017ed\u00fd z nich vyladen\u00fd na maximum, \u010do m\u00e1 za n\u00e1sledok rozdielny v\u00fdkon jednotliv\u00fdch vozidiel. S v\u00fdkonom 750 kon\u00ed m\u00e1 toto GT-R dostatok v\u00fdkonu. \u010ealej je tu \u0161es\u0165stup\u0148ov\u00e1 dvojspojkov\u00e1 automatick\u00e1 prevodovka, ktor\u00e1 je kv\u00f4li lep\u0161iemu rozlo\u017eeniu hmotnosti umiestnen\u00e1 vzadu. Je tie\u017e ru\u010dne vyroben\u00fd a sp\u00e1rovan\u00fd s motorom, aby bolo radenie prevodov\u00fdch stup\u0148ov \u010do najr\u00fdchlej\u0161ie. V\u0161etok tento obrovsk\u00fd v\u00fdkon sa efekt\u00edvne pren\u00e1\u0161a na vozovku prostredn\u00edctvom prepracovan\u00e9ho syst\u00e9mu pohonu v\u0161etk\u00fdch kolies. V\u010faka tomu v\u0161etk\u00e9mu zr\u00fdchli tento Nissan GT-R z 0 na 100 len za 2,5 sekundy a dosiahne maxim\u00e1lnu r\u00fdchlos\u0165 205 km\/h.<\/p>\n<h2>Hist\u00f3ria vozidla<\/h2>\n<p>Hoci je ka\u017ed\u00fd Nissan GT-R s ru\u010dne vyr\u00e1banou mechanikou a laden\u00edm na mieru svoj\u00edm sp\u00f4sobom jedine\u010dn\u00fd, tento konkr\u00e9tny model je e\u0161te v\u00fdnimo\u010dnej\u0161\u00ed. V skuto\u010dnosti i\u0161lo o prv\u00fd model s \u013eavostrann\u00fdm riaden\u00edm, ktor\u00fd vyrobila Nismo, vlastn\u00e1 pretek\u00e1rska div\u00edzia Nissanu, osobne pre vtedaj\u0161ieho predsedu t\u00edmu Renault vo Formule 1. Pod\u013ea pred\u00e1vaj\u00faceho je toto vozidlo ako nov\u00e9, m\u00e1 najazden\u00fdch 2703 m\u00ed\u013e a moment\u00e1lne sa nach\u00e1dza v Spojenom kr\u00e1\u013eovstve.<\/p>\n","protected":false},"excerpt":{"rendered":"<p>Legend\u00e1rny Nissan GT-R je jedn\u00fdm z najikonickej\u0161\u00edch a naj\u017eiadanej\u0161\u00edch vozidiel z krajiny vych\u00e1dzaj\u00faceho slnka. Toto cestn\u00e9 mon\u0161trum s mohutn\u00fdm prepl\u0148ovan\u00fdm motorom V6 a prepracovan\u00fdm pohonom v\u0161etk\u00fdch kolies ohromuje vodi\u010dov svojou r\u00fdchlos\u0165ou a ovl\u00e1date\u013enos\u0165ou, ktor\u00e1 akoby popierala fyzik\u00e1lne z\u00e1kony. Tento model z roku 2016, ktor\u00fd pred\u00e1va profesion\u00e1lny predajca, v\u0161ak nie je oby\u010dajn\u00fdm GT-R. Namiesto toho sa pozer\u00e1te na vozidlo GT-R Nismo, ktor\u00e9 je ur\u010den\u00e9 na pretek\u00e1rske trate a l\u00e1me rekordy. Zatia\u013e najazdil len 2700 km a na nov\u00e9ho majite\u013ea ne\u010dak\u00e1.<\/p>\n","protected":false},"featured_media":39385,"comment_status":"open","ping_status":"closed","template":"","meta":{"inline_featured_image":false},"product_cat":[755],"product_tag":[1748,941,1747,1746],"acf":[],"yoast_head":"<!-- This site is optimized with the Yoast SEO plugin v22.5 - https:\/\/yoast.com\/wordpress\/plugins\/seo\/ -->\n<title>Nissan GT-R Nismo aukcie - Piston Addict<\/title>\n<meta name=\"description\" content=\"Pozrite si tento Nissan GT-R Nismo na predaj v aukcii na PistonAddict.com\" \/>\n<meta name=\"robots\" content=\"index, follow, max-snippet:-1, max-image-preview:large, max-video-preview:-1\" \/>\n<link rel=\"canonical\" href=\"https:\/\/pistonaddict.com\/sk\/product\/nissan-gtr\/\" \/>\n<meta property=\"og:locale\" content=\"sk_SK\" \/>\n<meta property=\"og:type\" content=\"article\" \/>\n<meta property=\"og:title\" content=\"Nissan GT-R Nismo aukcie - Piston Addict\" \/>\n<meta property=\"og:description\" content=\"Pozrite si tento Nissan GT-R Nismo na predaj v aukcii na PistonAddict.com\" \/>\n<meta property=\"og:url\" content=\"https:\/\/pistonaddict.com\/sk\/product\/nissan-gtr\/\" \/>\n<meta property=\"og:site_name\" content=\"Piston Addict\" \/>\n<meta property=\"article:modified_time\" content=\"2024-03-19T16:51:56+00:00\" \/>\n<meta property=\"og:image\" content=\"https:\/\/pistonaddict.com\/wp-content\/uploads\/2023\/04\/LuxurycarLondonApril11PistonAddict_0497-scaled.jpg\" \/>\n\t<meta property=\"og:image:width\" content=\"2560\" \/>\n\t<meta property=\"og:image:height\" content=\"1972\" \/>\n\t<meta property=\"og:image:type\" content=\"image\/jpeg\" \/>\n<meta name=\"twitter:card\" content=\"summary_large_image\" \/>\n<meta name=\"twitter:label1\" content=\"Predpokladan\u00fd \u010das \u010d\u00edtania\" \/>\n\t<meta name=\"twitter:data1\" content=\"3 min\u00faty\" \/>\n<script type=\"application\/ld+json\" class=\"yoast-schema-graph\">{\"@context\":\"https:\/\/schema.org\",\"@graph\":[{\"@type\":\"WebPage\",\"@id\":\"https:\/\/pistonaddict.com\/sk\/product\/nissan-gtr\/\",\"url\":\"https:\/\/pistonaddict.com\/sk\/product\/nissan-gtr\/\",\"name\":\"Nissan GT-R Nismo aukcie - Piston Addict\",\"isPartOf\":{\"@id\":\"https:\/\/pistonaddict.com\/sk\/#website\"},\"primaryImageOfPage\":{\"@id\":\"https:\/\/pistonaddict.com\/sk\/product\/nissan-gtr\/#primaryimage\"},\"image\":{\"@id\":\"https:\/\/pistonaddict.com\/sk\/product\/nissan-gtr\/#primaryimage\"},\"thumbnailUrl\":\"https:\/\/pistonaddict.com\/wp-content\/uploads\/2023\/04\/LuxurycarLondonApril11PistonAddict_0497-scaled.jpg\",\"datePublished\":\"2023-04-19T15:58:30+00:00\",\"dateModified\":\"2024-03-19T16:51:56+00:00\",\"description\":\"Pozrite si tento Nissan GT-R Nismo na predaj v aukcii na PistonAddict.com\",\"breadcrumb\":{\"@id\":\"https:\/\/pistonaddict.com\/sk\/product\/nissan-gtr\/#breadcrumb\"},\"inLanguage\":\"sk-SK\",\"potentialAction\":[{\"@type\":\"ReadAction\",\"target\":[\"https:\/\/pistonaddict.com\/sk\/product\/nissan-gtr\/\"]}]},{\"@type\":\"ImageObject\",\"inLanguage\":\"sk-SK\",\"@id\":\"https:\/\/pistonaddict.com\/sk\/product\/nissan-gtr\/#primaryimage\",\"url\":\"https:\/\/pistonaddict.com\/wp-content\/uploads\/2023\/04\/LuxurycarLondonApril11PistonAddict_0497-scaled.jpg\",\"contentUrl\":\"https:\/\/pistonaddict.com\/wp-content\/uploads\/2023\/04\/LuxurycarLondonApril11PistonAddict_0497-scaled.jpg\",\"width\":2560,\"height\":1972},{\"@type\":\"BreadcrumbList\",\"@id\":\"https:\/\/pistonaddict.com\/sk\/product\/nissan-gtr\/#breadcrumb\",\"itemListElement\":[{\"@type\":\"ListItem\",\"position\":1,\"name\":\"domovskej str\u00e1nke\",\"item\":\"https:\/\/pistonaddict.com\/sk\/uvodna-stranka\/\"},{\"@type\":\"ListItem\",\"position\":2,\"name\":\"Auctions\",\"item\":\"https:\/\/pistonaddict.com\/auctions-listing\/\"},{\"@type\":\"ListItem\",\"position\":3,\"name\":\"Nissan GT-R Nismo\"}]},{\"@type\":\"WebSite\",\"@id\":\"https:\/\/pistonaddict.com\/sk\/#website\",\"url\":\"https:\/\/pistonaddict.com\/sk\/\",\"name\":\"Piston Addict\",\"description\":\"Only interesting vehicles\",\"publisher\":{\"@id\":\"https:\/\/pistonaddict.com\/sk\/#organization\"},\"potentialAction\":[{\"@type\":\"SearchAction\",\"target\":{\"@type\":\"EntryPoint\",\"urlTemplate\":\"https:\/\/pistonaddict.com\/sk\/?s={search_term_string}\"},\"query-input\":\"required name=search_term_string\"}],\"inLanguage\":\"sk-SK\"},{\"@type\":\"Organization\",\"@id\":\"https:\/\/pistonaddict.com\/sk\/#organization\",\"name\":\"Piston Addict\",\"url\":\"https:\/\/pistonaddict.com\/sk\/\",\"logo\":{\"@type\":\"ImageObject\",\"inLanguage\":\"sk-SK\",\"@id\":\"https:\/\/pistonaddict.com\/sk\/#\/schema\/logo\/image\/\",\"url\":\"https:\/\/pistonaddict.com\/wp-content\/uploads\/2022\/07\/logo-6.png\",\"contentUrl\":\"https:\/\/pistonaddict.com\/wp-content\/uploads\/2022\/07\/logo-6.png\",\"width\":970,\"height\":200,\"caption\":\"Piston Addict\"},\"image\":{\"@id\":\"https:\/\/pistonaddict.com\/sk\/#\/schema\/logo\/image\/\"}}]}<\/script>\n<!-- \/ Yoast SEO plugin. -->","yoast_head_json":{"title":"Nissan GT-R Nismo aukcie - Piston Addict","description":"Pozrite si tento Nissan GT-R Nismo na predaj v aukcii na PistonAddict.com","robots":{"index":"index","follow":"follow","max-snippet":"max-snippet:-1","max-image-preview":"max-image-preview:large","max-video-preview":"max-video-preview:-1"},"canonical":"https:\/\/pistonaddict.com\/sk\/product\/nissan-gtr\/","og_locale":"sk_SK","og_type":"article","og_title":"Nissan GT-R Nismo aukcie - Piston Addict","og_description":"Pozrite si tento Nissan GT-R Nismo na predaj v aukcii na PistonAddict.com","og_url":"https:\/\/pistonaddict.com\/sk\/product\/nissan-gtr\/","og_site_name":"Piston Addict","article_modified_time":"2024-03-19T16:51:56+00:00","og_image":[{"width":2560,"height":1972,"url":"https:\/\/pistonaddict.com\/wp-content\/uploads\/2023\/04\/LuxurycarLondonApril11PistonAddict_0497-scaled.jpg","type":"image\/jpeg"}],"twitter_card":"summary_large_image","twitter_misc":{"Predpokladan\u00fd \u010das \u010d\u00edtania":"3 min\u00faty"},"schema":{"@context":"https:\/\/schema.org","@graph":[{"@type":"WebPage","@id":"https:\/\/pistonaddict.com\/sk\/product\/nissan-gtr\/","url":"https:\/\/pistonaddict.com\/sk\/product\/nissan-gtr\/","name":"Nissan GT-R Nismo aukcie - Piston Addict","isPartOf":{"@id":"https:\/\/pistonaddict.com\/sk\/#website"},"primaryImageOfPage":{"@id":"https:\/\/pistonaddict.com\/sk\/product\/nissan-gtr\/#primaryimage"},"image":{"@id":"https:\/\/pistonaddict.com\/sk\/product\/nissan-gtr\/#primaryimage"},"thumbnailUrl":"https:\/\/pistonaddict.com\/wp-content\/uploads\/2023\/04\/LuxurycarLondonApril11PistonAddict_0497-scaled.jpg","datePublished":"2023-04-19T15:58:30+00:00","dateModified":"2024-03-19T16:51:56+00:00","description":"Pozrite si tento Nissan GT-R Nismo na predaj v aukcii na PistonAddict.com","breadcrumb":{"@id":"https:\/\/pistonaddict.com\/sk\/product\/nissan-gtr\/#breadcrumb"},"inLanguage":"sk-SK","potentialAction":[{"@type":"ReadAction","target":["https:\/\/pistonaddict.com\/sk\/product\/nissan-gtr\/"]}]},{"@type":"ImageObject","inLanguage":"sk-SK","@id":"https:\/\/pistonaddict.com\/sk\/product\/nissan-gtr\/#primaryimage","url":"https:\/\/pistonaddict.com\/wp-content\/uploads\/2023\/04\/LuxurycarLondonApril11PistonAddict_0497-scaled.jpg","contentUrl":"https:\/\/pistonaddict.com\/wp-content\/uploads\/2023\/04\/LuxurycarLondonApril11PistonAddict_0497-scaled.jpg","width":2560,"height":1972},{"@type":"BreadcrumbList","@id":"https:\/\/pistonaddict.com\/sk\/product\/nissan-gtr\/#breadcrumb","itemListElement":[{"@type":"ListItem","position":1,"name":"domovskej str\u00e1nke","item":"https:\/\/pistonaddict.com\/sk\/uvodna-stranka\/"},{"@type":"ListItem","position":2,"name":"Auctions","item":"https:\/\/pistonaddict.com\/auctions-listing\/"},{"@type":"ListItem","position":3,"name":"Nissan GT-R Nismo"}]},{"@type":"WebSite","@id":"https:\/\/pistonaddict.com\/sk\/#website","url":"https:\/\/pistonaddict.com\/sk\/","name":"Piston Addict","description":"Only interesting vehicles","publisher":{"@id":"https:\/\/pistonaddict.com\/sk\/#organization"},"potentialAction":[{"@type":"SearchAction","target":{"@type":"EntryPoint","urlTemplate":"https:\/\/pistonaddict.com\/sk\/?s={search_term_string}"},"query-input":"required name=search_term_string"}],"inLanguage":"sk-SK"},{"@type":"Organization","@id":"https:\/\/pistonaddict.com\/sk\/#organization","name":"Piston Addict","url":"https:\/\/pistonaddict.com\/sk\/","logo":{"@type":"ImageObject","inLanguage":"sk-SK","@id":"https:\/\/pistonaddict.com\/sk\/#\/schema\/logo\/image\/","url":"https:\/\/pistonaddict.com\/wp-content\/uploads\/2022\/07\/logo-6.png","contentUrl":"https:\/\/pistonaddict.com\/wp-content\/uploads\/2022\/07\/logo-6.png","width":970,"height":200,"caption":"Piston Addict"},"image":{"@id":"https:\/\/pistonaddict.com\/sk\/#\/schema\/logo\/image\/"}}]}},"_links":{"self":[{"href":"https:\/\/pistonaddict.com\/sk\/wp-json\/wp\/v2\/product\/39980"}],"collection":[{"href":"https:\/\/pistonaddict.com\/sk\/wp-json\/wp\/v2\/product"}],"about":[{"href":"https:\/\/pistonaddict.com\/sk\/wp-json\/wp\/v2\/types\/product"}],"replies":[{"embeddable":true,"href":"https:\/\/pistonaddict.com\/sk\/wp-json\/wp\/v2\/comments?post=39980"}],"wp:featuredmedia":[{"embeddable":true,"href":"https:\/\/pistonaddict.com\/sk\/wp-json\/wp\/v2\/media\/39385"}],"wp:attachment":[{"href":"https:\/\/pistonaddict.com\/sk\/wp-json\/wp\/v2\/media?parent=39980"}],"wp:term":[{"taxonomy":"product_cat","embeddable":true,"href":"https:\/\/pistonaddict.com\/sk\/wp-json\/wp\/v2\/product_cat?post=39980"},{"taxonomy":"product_tag","embeddable":true,"href":"https:\/\/pistonaddict.com\/sk\/wp-json\/wp\/v2\/product_tag?post=39980"}],"curies":[{"name":"wp","href":"https:\/\/api.w.org\/{rel}","templated":true}]}}