{"id":39232,"date":"2023-04-19T17:31:19","date_gmt":"2023-04-19T15:31:19","guid":{"rendered":"https:\/\/pistonaddict.com\/product\/mclaren-720s\/"},"modified":"2024-03-19T17:52:50","modified_gmt":"2024-03-19T16:52:50","slug":"mclaren-720s","status":"publish","type":"product","link":"https:\/\/pistonaddict.com\/sk\/product\/mclaren-720s\/","title":{"rendered":"McLaren 720S"},"content":{"rendered":"<h2>Exteri\u00e9r<\/h2>\n<p>McLaren 720S v \u017eiarivo oran\u017eovej farbe ur\u010dite zaujme v\u0161ade, kde sa objav\u00ed. Ale na druhej strane by bol rovnak\u00fd aj v akejko\u013evek inej farbe v\u010faka svojmu \u00fa\u017easn\u00e9mu dizajnu in\u0161pirovan\u00e9mu \u017eralokmi. S agres\u00edvnou prednou maskou, uhladenou siluetou a praktick\u00fdmi, ale z\u00e1bavn\u00fdmi mot\u00fdl\u00edmi dverami je p\u00f4sobiv\u00fd z ak\u00e9hoko\u013evek uhla poh\u013eadu. Patria sem mohutn\u00e9 vzduchov\u00e9 n\u00e1stavce po stran\u00e1ch, motorov\u00fd priestor pokryt\u00fd sie\u0165ovinou, ktor\u00fd pri zapnutom zapa\u013eovan\u00ed svieti, a zadn\u00fd spojler, ktor\u00fd sa pri prudkom brzden\u00ed vys\u00fava. O brzdenie sa staraj\u00fa mas\u00edvne keramick\u00e9 kot\u00fa\u010de umiestnen\u00e9 za \u010diernymi 19-palcov\u00fdmi diskami s pneumatikami Pirelli P Zero.<\/p>\n<p>Napriek tomu tento dvojmiestny automobil nevyzer\u00e1 tak, ako vyzer\u00e1, len na prehliadku, preto\u017ee v\u00e4\u010d\u0161ina tvarov jeho karos\u00e9rie je tvarovan\u00e1 s cie\u013eom zlep\u0161i\u0165 aerodynamiku a vytvori\u0165 pr\u00edtlak. McLaren 720S ukazuje, \u017ee forma a funk\u010dnos\u0165 m\u00f4\u017eu by\u0165 v dokonalej harm\u00f3nii.<\/p>\n<h2>Interi\u00e9r<\/h2>\n<p>Interi\u00e9r McLarenu odet\u00fd do Alcantary a uhl\u00edkov\u00fdch vl\u00e1kien \u010falej prezr\u00e1dza, ako ve\u013emi je toto vozidlo orientovan\u00e9 na pretek\u00e1rske trate. Prv\u00fdm je dvojica \u0161portov\u00fdch sedadiel, ktor\u00e9 s\u00fa tvarovan\u00e9 tak, aby vodi\u010da a spolujazdca pevne prip\u00fatali v ostr\u00fdch z\u00e1krut\u00e1ch. \u010ealej je tu trojramenn\u00fd ko\u017eou potiahnut\u00fd volant, ktor\u00fd r\u00e1muje digit\u00e1lny pr\u00edstrojov\u00fd panel. V \u0161tandardnom re\u017eime zobrazuje r\u00f4zne parametre motora a vozidla, napr\u00edklad ot\u00e1\u010dky a teplotu motora. Ke\u010f je v\u0161ak zapnut\u00fd re\u017eim Track, cel\u00fd pr\u00edstrojov\u00fd panel sa sklop\u00ed nadol a v jeho hornej \u010dasti sa zobraz\u00ed mal\u00fd displej, na ktorom sa zobrazuje len ot\u00e1\u010dkomer, r\u00fdchlos\u0165 a zvolen\u00fd prevodov\u00fd stupe\u0148. Nakoniec, stredov\u00e1 konzola je skromn\u00e1, ale funk\u010dne vybaven\u00e1 z\u00e1kladn\u00fdmi gomb\u00edkmi a tla\u010didlami, ktor\u00e9 dop\u013a\u0148a stredov\u00fd dotykov\u00fd displej orientovan\u00fd na vodi\u010da.<\/p>\n<h2>Mechanika<\/h2>\n<p>Pod elegantnou a aerodynamicky tvarovanou ko\u017eou m\u00e1 720S monokokov\u00fd podvozok z uhl\u00edkov\u00fdch vl\u00e1kien, ktor\u00fd McLaren naz\u00fdva MonoCage. T\u00e1to kon\u0161trukcia in\u0161pirovan\u00e1 modelom F1 je nielen \u013eahk\u00e1, ale aj mimoriadne tuh\u00e1, \u010do zni\u017euje oh\u00fdbanie karos\u00e9rie pri prudkom prejazde z\u00e1krutami.<\/p>\n<p>Srdcom ka\u017ed\u00e9ho super\u0161portov\u00e9ho vozidla je motor, ktor\u00fd je v McLarene umiestnen\u00fd hne\u010f za sedadlami. V tov\u00e1renskej v\u00fdbave dosahuje dvojito prepl\u0148ovan\u00fd osemvalec v\u00fdkon 720 kon\u00ed, ktor\u00e9mu v\u010fa\u010d\u00ed za svoje meno, a ohromuj\u00faci kr\u00fatiaci moment 770 Nm. V\u00fdkon sa pren\u00e1\u0161a na zadn\u00e9 koles\u00e1 prostredn\u00edctvom svi\u017enej 7-stup\u0148ovej dvojspojkovej prevodovky.<\/p>\n<p>A to v\u0161etko vo vozidle, ktor\u00e9 v\u00e1\u017ei len 1 400 kg, je viac ne\u017e dos\u0165 na vynikaj\u00face jazdn\u00e9 vlastnosti a v\u00fdkon. V \u010d\u00edselnom vyjadren\u00ed to znamen\u00e1 zr\u00fdchlenie z 0 na 100 za 2,9 sekundy a maxim\u00e1lnu r\u00fdchlos\u0165 212 m\u00ed\u013e za hodinu. Toto v\u0161ak nie je oby\u010dajn\u00fd, tov\u00e1rensky vyladen\u00fd McLaren 720S. Namiesto toho ho majite\u013e vybavil \u00fapravou Litchfield Custom Tune, ktor\u00e1 zvy\u0161uje v\u00fdkon motora na 800 kon\u00ed.<\/p>\n<h2>Hist\u00f3ria vozidla<\/h2>\n<p>Pred\u00e1vaj\u00faci uv\u00e1dza, \u017ee v\u0161etky \u00fadr\u017ebov\u00e9 pr\u00e1ce boli vykon\u00e1van\u00e9 pravidelne, pri\u010dom posledn\u00e1 \u00fadr\u017eba bola vykonan\u00e1 v okt\u00f3bri 2022. V s\u00fa\u010dasnosti nie s\u00fa na pr\u00edstrojovej doske zn\u00e1me \u017eiadne poruchy ani varovania. Okrem toho, pod\u013ea poskytnut\u00fdch fotografi\u00ed nie s\u00fa na karos\u00e9rii \u017eiadne nedokonalosti, ktor\u00e9 by bolo potrebn\u00e9 nahl\u00e1si\u0165.<\/p>\n","protected":false},"excerpt":{"rendered":"<p>V predaji je McLaren 720S, pravdepodobne jedno z najv\u00fdkonnej\u0161\u00edch vozidiel vo svojej triede. V\u010faka prepl\u0148ovan\u00e9mu motoru V8 a najmodernej\u0161iemu odpru\u017eeniu je toto kup\u00e9 mimoriadne r\u00fdchle na rovinke aj v z\u00e1krut\u00e1ch. Pod\u013ea profesion\u00e1lneho predajcu, ktor\u00fd ho dra\u017e\u00ed, je tento McLaren 720S z roku 2017 bezchybn\u00fd, plne servisovan\u00fd a nebol \u00fa\u010dastn\u00edkom \u017eiadnej nehody. Doteraz najazdil nie\u010do vy\u0161e 4 000 m\u00ed\u013e a moment\u00e1lne sa nach\u00e1dza v Spojenom kr\u00e1\u013eovstve.<\/p>\n","protected":false},"featured_media":39165,"comment_status":"open","ping_status":"closed","template":"","meta":{"inline_featured_image":false},"product_cat":[755],"product_tag":[1684,1682,941,1679],"acf":[],"yoast_head":"<!-- This site is optimized with the Yoast SEO plugin v22.5 - https:\/\/yoast.com\/wordpress\/plugins\/seo\/ -->\n<title>McLaren 720S aukcie - Piston Addict<\/title>\n<meta name=\"description\" content=\"Pozrite si tento McLaren 720S na predaj v aukcii na PistonAddict.com\" \/>\n<meta name=\"robots\" content=\"index, follow, max-snippet:-1, max-image-preview:large, max-video-preview:-1\" \/>\n<link rel=\"canonical\" href=\"https:\/\/pistonaddict.com\/sk\/product\/mclaren-720s\/\" \/>\n<meta property=\"og:locale\" content=\"sk_SK\" \/>\n<meta property=\"og:type\" content=\"article\" \/>\n<meta property=\"og:title\" content=\"McLaren 720S aukcie - Piston Addict\" \/>\n<meta property=\"og:description\" content=\"Pozrite si tento McLaren 720S na predaj v aukcii na PistonAddict.com\" \/>\n<meta property=\"og:url\" content=\"https:\/\/pistonaddict.com\/sk\/product\/mclaren-720s\/\" \/>\n<meta property=\"og:site_name\" content=\"Piston Addict\" \/>\n<meta property=\"article:modified_time\" content=\"2024-03-19T16:52:50+00:00\" \/>\n<meta property=\"og:image\" content=\"https:\/\/pistonaddict.com\/wp-content\/uploads\/2023\/04\/LuxurycarLondonApril11PistonAddict_0851-scaled.jpg\" \/>\n\t<meta property=\"og:image:width\" content=\"2560\" \/>\n\t<meta property=\"og:image:height\" content=\"1534\" \/>\n\t<meta property=\"og:image:type\" content=\"image\/jpeg\" \/>\n<meta name=\"twitter:card\" content=\"summary_large_image\" \/>\n<meta name=\"twitter:label1\" content=\"Predpokladan\u00fd \u010das \u010d\u00edtania\" \/>\n\t<meta name=\"twitter:data1\" content=\"3 min\u00faty\" \/>\n<script type=\"application\/ld+json\" class=\"yoast-schema-graph\">{\"@context\":\"https:\/\/schema.org\",\"@graph\":[{\"@type\":\"WebPage\",\"@id\":\"https:\/\/pistonaddict.com\/sk\/product\/mclaren-720s\/\",\"url\":\"https:\/\/pistonaddict.com\/sk\/product\/mclaren-720s\/\",\"name\":\"McLaren 720S aukcie - Piston Addict\",\"isPartOf\":{\"@id\":\"https:\/\/pistonaddict.com\/sk\/#website\"},\"primaryImageOfPage\":{\"@id\":\"https:\/\/pistonaddict.com\/sk\/product\/mclaren-720s\/#primaryimage\"},\"image\":{\"@id\":\"https:\/\/pistonaddict.com\/sk\/product\/mclaren-720s\/#primaryimage\"},\"thumbnailUrl\":\"https:\/\/pistonaddict.com\/wp-content\/uploads\/2023\/04\/LuxurycarLondonApril11PistonAddict_0851-scaled.jpg\",\"datePublished\":\"2023-04-19T15:31:19+00:00\",\"dateModified\":\"2024-03-19T16:52:50+00:00\",\"description\":\"Pozrite si tento McLaren 720S na predaj v aukcii na PistonAddict.com\",\"breadcrumb\":{\"@id\":\"https:\/\/pistonaddict.com\/sk\/product\/mclaren-720s\/#breadcrumb\"},\"inLanguage\":\"sk-SK\",\"potentialAction\":[{\"@type\":\"ReadAction\",\"target\":[\"https:\/\/pistonaddict.com\/sk\/product\/mclaren-720s\/\"]}]},{\"@type\":\"ImageObject\",\"inLanguage\":\"sk-SK\",\"@id\":\"https:\/\/pistonaddict.com\/sk\/product\/mclaren-720s\/#primaryimage\",\"url\":\"https:\/\/pistonaddict.com\/wp-content\/uploads\/2023\/04\/LuxurycarLondonApril11PistonAddict_0851-scaled.jpg\",\"contentUrl\":\"https:\/\/pistonaddict.com\/wp-content\/uploads\/2023\/04\/LuxurycarLondonApril11PistonAddict_0851-scaled.jpg\",\"width\":2560,\"height\":1534},{\"@type\":\"BreadcrumbList\",\"@id\":\"https:\/\/pistonaddict.com\/sk\/product\/mclaren-720s\/#breadcrumb\",\"itemListElement\":[{\"@type\":\"ListItem\",\"position\":1,\"name\":\"domovskej str\u00e1nke\",\"item\":\"https:\/\/pistonaddict.com\/sk\/uvodna-stranka\/\"},{\"@type\":\"ListItem\",\"position\":2,\"name\":\"Auctions\",\"item\":\"https:\/\/pistonaddict.com\/auctions-listing\/\"},{\"@type\":\"ListItem\",\"position\":3,\"name\":\"McLaren 720S\"}]},{\"@type\":\"WebSite\",\"@id\":\"https:\/\/pistonaddict.com\/sk\/#website\",\"url\":\"https:\/\/pistonaddict.com\/sk\/\",\"name\":\"Piston Addict\",\"description\":\"Only interesting vehicles\",\"publisher\":{\"@id\":\"https:\/\/pistonaddict.com\/sk\/#organization\"},\"potentialAction\":[{\"@type\":\"SearchAction\",\"target\":{\"@type\":\"EntryPoint\",\"urlTemplate\":\"https:\/\/pistonaddict.com\/sk\/?s={search_term_string}\"},\"query-input\":\"required name=search_term_string\"}],\"inLanguage\":\"sk-SK\"},{\"@type\":\"Organization\",\"@id\":\"https:\/\/pistonaddict.com\/sk\/#organization\",\"name\":\"Piston Addict\",\"url\":\"https:\/\/pistonaddict.com\/sk\/\",\"logo\":{\"@type\":\"ImageObject\",\"inLanguage\":\"sk-SK\",\"@id\":\"https:\/\/pistonaddict.com\/sk\/#\/schema\/logo\/image\/\",\"url\":\"https:\/\/pistonaddict.com\/wp-content\/uploads\/2022\/07\/logo-6.png\",\"contentUrl\":\"https:\/\/pistonaddict.com\/wp-content\/uploads\/2022\/07\/logo-6.png\",\"width\":970,\"height\":200,\"caption\":\"Piston Addict\"},\"image\":{\"@id\":\"https:\/\/pistonaddict.com\/sk\/#\/schema\/logo\/image\/\"}}]}<\/script>\n<!-- \/ Yoast SEO plugin. -->","yoast_head_json":{"title":"McLaren 720S aukcie - Piston Addict","description":"Pozrite si tento McLaren 720S na predaj v aukcii na PistonAddict.com","robots":{"index":"index","follow":"follow","max-snippet":"max-snippet:-1","max-image-preview":"max-image-preview:large","max-video-preview":"max-video-preview:-1"},"canonical":"https:\/\/pistonaddict.com\/sk\/product\/mclaren-720s\/","og_locale":"sk_SK","og_type":"article","og_title":"McLaren 720S aukcie - Piston Addict","og_description":"Pozrite si tento McLaren 720S na predaj v aukcii na PistonAddict.com","og_url":"https:\/\/pistonaddict.com\/sk\/product\/mclaren-720s\/","og_site_name":"Piston Addict","article_modified_time":"2024-03-19T16:52:50+00:00","og_image":[{"width":2560,"height":1534,"url":"https:\/\/pistonaddict.com\/wp-content\/uploads\/2023\/04\/LuxurycarLondonApril11PistonAddict_0851-scaled.jpg","type":"image\/jpeg"}],"twitter_card":"summary_large_image","twitter_misc":{"Predpokladan\u00fd \u010das \u010d\u00edtania":"3 min\u00faty"},"schema":{"@context":"https:\/\/schema.org","@graph":[{"@type":"WebPage","@id":"https:\/\/pistonaddict.com\/sk\/product\/mclaren-720s\/","url":"https:\/\/pistonaddict.com\/sk\/product\/mclaren-720s\/","name":"McLaren 720S aukcie - Piston Addict","isPartOf":{"@id":"https:\/\/pistonaddict.com\/sk\/#website"},"primaryImageOfPage":{"@id":"https:\/\/pistonaddict.com\/sk\/product\/mclaren-720s\/#primaryimage"},"image":{"@id":"https:\/\/pistonaddict.com\/sk\/product\/mclaren-720s\/#primaryimage"},"thumbnailUrl":"https:\/\/pistonaddict.com\/wp-content\/uploads\/2023\/04\/LuxurycarLondonApril11PistonAddict_0851-scaled.jpg","datePublished":"2023-04-19T15:31:19+00:00","dateModified":"2024-03-19T16:52:50+00:00","description":"Pozrite si tento McLaren 720S na predaj v aukcii na PistonAddict.com","breadcrumb":{"@id":"https:\/\/pistonaddict.com\/sk\/product\/mclaren-720s\/#breadcrumb"},"inLanguage":"sk-SK","potentialAction":[{"@type":"ReadAction","target":["https:\/\/pistonaddict.com\/sk\/product\/mclaren-720s\/"]}]},{"@type":"ImageObject","inLanguage":"sk-SK","@id":"https:\/\/pistonaddict.com\/sk\/product\/mclaren-720s\/#primaryimage","url":"https:\/\/pistonaddict.com\/wp-content\/uploads\/2023\/04\/LuxurycarLondonApril11PistonAddict_0851-scaled.jpg","contentUrl":"https:\/\/pistonaddict.com\/wp-content\/uploads\/2023\/04\/LuxurycarLondonApril11PistonAddict_0851-scaled.jpg","width":2560,"height":1534},{"@type":"BreadcrumbList","@id":"https:\/\/pistonaddict.com\/sk\/product\/mclaren-720s\/#breadcrumb","itemListElement":[{"@type":"ListItem","position":1,"name":"domovskej str\u00e1nke","item":"https:\/\/pistonaddict.com\/sk\/uvodna-stranka\/"},{"@type":"ListItem","position":2,"name":"Auctions","item":"https:\/\/pistonaddict.com\/auctions-listing\/"},{"@type":"ListItem","position":3,"name":"McLaren 720S"}]},{"@type":"WebSite","@id":"https:\/\/pistonaddict.com\/sk\/#website","url":"https:\/\/pistonaddict.com\/sk\/","name":"Piston Addict","description":"Only interesting vehicles","publisher":{"@id":"https:\/\/pistonaddict.com\/sk\/#organization"},"potentialAction":[{"@type":"SearchAction","target":{"@type":"EntryPoint","urlTemplate":"https:\/\/pistonaddict.com\/sk\/?s={search_term_string}"},"query-input":"required name=search_term_string"}],"inLanguage":"sk-SK"},{"@type":"Organization","@id":"https:\/\/pistonaddict.com\/sk\/#organization","name":"Piston Addict","url":"https:\/\/pistonaddict.com\/sk\/","logo":{"@type":"ImageObject","inLanguage":"sk-SK","@id":"https:\/\/pistonaddict.com\/sk\/#\/schema\/logo\/image\/","url":"https:\/\/pistonaddict.com\/wp-content\/uploads\/2022\/07\/logo-6.png","contentUrl":"https:\/\/pistonaddict.com\/wp-content\/uploads\/2022\/07\/logo-6.png","width":970,"height":200,"caption":"Piston Addict"},"image":{"@id":"https:\/\/pistonaddict.com\/sk\/#\/schema\/logo\/image\/"}}]}},"_links":{"self":[{"href":"https:\/\/pistonaddict.com\/sk\/wp-json\/wp\/v2\/product\/39232"}],"collection":[{"href":"https:\/\/pistonaddict.com\/sk\/wp-json\/wp\/v2\/product"}],"about":[{"href":"https:\/\/pistonaddict.com\/sk\/wp-json\/wp\/v2\/types\/product"}],"replies":[{"embeddable":true,"href":"https:\/\/pistonaddict.com\/sk\/wp-json\/wp\/v2\/comments?post=39232"}],"wp:featuredmedia":[{"embeddable":true,"href":"https:\/\/pistonaddict.com\/sk\/wp-json\/wp\/v2\/media\/39165"}],"wp:attachment":[{"href":"https:\/\/pistonaddict.com\/sk\/wp-json\/wp\/v2\/media?parent=39232"}],"wp:term":[{"taxonomy":"product_cat","embeddable":true,"href":"https:\/\/pistonaddict.com\/sk\/wp-json\/wp\/v2\/product_cat?post=39232"},{"taxonomy":"product_tag","embeddable":true,"href":"https:\/\/pistonaddict.com\/sk\/wp-json\/wp\/v2\/product_tag?post=39232"}],"curies":[{"name":"wp","href":"https:\/\/api.w.org\/{rel}","templated":true}]}}