{"id":37952,"date":"2023-04-19T16:55:04","date_gmt":"2023-04-19T14:55:04","guid":{"rendered":"https:\/\/pistonaddict.com\/product\/ferrari-412\/"},"modified":"2024-03-19T17:52:55","modified_gmt":"2024-03-19T16:52:55","slug":"ferrari-412","status":"publish","type":"product","link":"https:\/\/pistonaddict.com\/sk\/product\/ferrari-412\/","title":{"rendered":"Ferrari 412"},"content":{"rendered":"<p><strong>Hist\u00f3ria vozidla<\/strong><\/p>\n<p>Ferrari 412 bolo predstaven\u00e9 v roku 1985 ako vrcholn\u00fd model GT, ktor\u00fd pon\u00faka priestor pre \u0161tyroch cestuj\u00facich a priestrann\u00fd kufor. Poh\u00e1\u0148an\u00fd klasick\u00fdm motorom Colombo V12 s objemom 4,9 litra predstavuje jednu z posledn\u00fdch verzi\u00ed klasickej \u00e9ry Ferrari GT. S v\u00fdkonom 340 kon\u00ed, ktor\u00fd poh\u00e1\u0148a zadn\u00e9 koles\u00e1 prostredn\u00edctvom automatickej prevodovky Borg-Warner, dok\u00e1\u017ee toto Ferrari 412 dosiahnu\u0165 r\u00fdchlos\u0165 100 km\/h za 6,5 sekundy a zr\u00fdchli\u0165 a\u017e na maxim\u00e1lnu r\u00fdchlos\u0165 260 km\/h. Tento konkr\u00e9tny exempl\u00e1r je jedn\u00fdm z posledn\u00fdch vyroben\u00fdch kusov, ktor\u00fd bol prv\u00e9mu majite\u013eovi dodan\u00fd v novembri 1988. V\u00fdroba sa skon\u010dila v roku 1989 po dodan\u00ed 576 vozidiel, z toho len 306 s automatickou prevodovkou. Posledn\u00fd servis bol vykonan\u00fd v apr\u00edli 2021 a odvtedy sa vozidlo takmer nepou\u017e\u00edvalo.<\/p>\n<p><strong>Stav vozidla<\/strong><\/p>\n<p>To, \u010do rob\u00ed toto elegantn\u00e9 GT tak\u00fdm atrakt\u00edvnym, je jeho stav. M\u00e1 najazden\u00fdch menej ako 37 000 km a je dokonale zachoval\u00fdm pr\u00edkladom elegancie Ferrari 80. rokov. Toto auto nebolo nikdy renovovan\u00e9 a je v pozoruhodnom p\u00f4vodnom stave, a\u017e po p\u00f4vodn\u00e9 koles\u00e1, sadu n\u00e1radia (cenen\u00fd detail medzi zberate\u013emi Ferrari) a tov\u00e1rensk\u00e9 pneumatiky, ktor\u00e9 s\u00fa v dne\u0161nej dobe dos\u0165 nezvy\u010dajn\u00e9. Toto Ferrari 412 bolo primerane udr\u017eiavan\u00e9 a gar\u00e1\u017eovan\u00e9, \u010do je jeden z d\u00f4vodov, pre\u010do vyzer\u00e1 ako nov\u00e9. V podvozku nie s\u00fa \u017eiadne \u00faniky oleja, motorov\u00fd priestor je upratan\u00fd a v\u0161etky p\u00f4vodn\u00e9 pe\u010diatky a ozna\u010denia s\u00fa pr\u00edtomn\u00e9.<\/p>\n<p><strong>Interi\u00e9r<\/strong><\/p>\n<p>Interi\u00e9r tohto Ferrari 412 z roku 1988 je pod\u013ea o\u010dak\u00e1vania potiahnut\u00fd ko\u017eou a farebn\u00e1 kombin\u00e1cia \u010dierneho exteri\u00e9ru s op\u00e1len\u00fdmi sedadlami je mimoriadne pr\u00ed\u0165a\u017eliv\u00e1. Nie s\u00fa na \u0148om \u017eiadne vidite\u013en\u00e9 po\u0161kodenia a sedadl\u00e1, karty dver\u00ed a palubn\u00e1 doska s\u00fa v bezchybnom stave. Samozrejme, ako luxusn\u00e9 GT, ktor\u00fdm toto Ferrari 412 ur\u010dite je, je interi\u00e9r pln\u00fd komfortu, elektrick\u00e9ho pr\u00edslu\u0161enstva a funk\u010dnej klimatiz\u00e1cie. Jedin\u00e1 vec, ktor\u00e1 nie je p\u00f4vodn\u00e1, je hlavn\u00e1 jednotka audio syst\u00e9mu, ktor\u00e1 je vymenen\u00e1 za modern\u00fa.<\/p>\n<p><strong>Exteri\u00e9r a koles\u00e1<\/strong><\/p>\n<p>V\u0161etky vonkaj\u0161ie ozdobn\u00e9 prvky, li\u0161ty a plastov\u00e9 komponenty vyzeraj\u00fa v perfektnom stave a nie je na nich \u017eiadna hrdza, ako by sa dalo o\u010dak\u00e1va\u0165 od vozidla, o ktor\u00e9 bolo dobre postaran\u00e9. Nie s\u00fa na \u0148om \u017eiadne \u0161krabance ani ryhy a lak je v ide\u00e1lnom stave. Zauj\u00edmavos\u0165ou je, \u017ee vozidlo si zachovalo p\u00f4vodn\u00e9 koles\u00e1 a gumy TRX, ktor\u00e9 malo ako nov\u00e9. Niektor\u00ed majitelia Ferrari 412 vymenili koles\u00e1 za modernej\u0161ie, preto\u017ee pneumatiky TRX sa \u0165a\u017eko zh\u00e1\u0148aj\u00fa, ale majite\u013e tohto exempl\u00e1ra zostal vern\u00fd p\u00f4vodnej \u0161pecifik\u00e1cii, \u010do je pekn\u00fd prvok a sved\u010d\u00ed o tom, ako dobre sa o auto staral.<\/p>\n<p><strong>Dokument\u00e1cia<\/strong><\/p>\n<p>Ide o vozidlo v s\u00fakromnom vlastn\u00edctve s pr\u00edslu\u0161nou dokument\u00e1ciou, ktor\u00e9 sa nach\u00e1dza v Lond\u00fdne, Spojen\u00e9 kr\u00e1\u013eovstvo. Spr\u00e1va CarVertical je \u010dist\u00e1; neexistuj\u00fa \u017eiadne d\u00f4kazy o nehod\u00e1ch, oprav\u00e1ch po nehod\u00e1ch ani pr\u00e1vnych probl\u00e9moch. Existuj\u00fa z\u00e1znamy o pravidelnej \u00fadr\u017ebe.<\/p>\n","protected":false},"excerpt":{"rendered":"<p>Vozidl\u00e1 Ferrari V12 GT boli v\u017edy vzne\u0161en\u00e9 jazdn\u00e9 stroje schopn\u00e9 preskakova\u0165 kontinenty vysokou r\u00fdchlos\u0165ou a poskytova\u0165 p\u00f4sobiv\u00fd komfort a tento model 412 z roku 1988 nie je in\u00fd. \u017diaduci neskor\u00fd model m\u00e1 v\u0161etky ingrediencie vynikaj\u00facej invest\u00edcie Ferrari s v\u00fdkonn\u00fdm motorom V12, dokonalou farebnou kombin\u00e1ciou a bezchybn\u00fdm stavom s iba 37 000 kilometrami od nov\u00e9ho vozidla.<\/p>\n","protected":false},"featured_media":37886,"comment_status":"open","ping_status":"closed","template":"","meta":{"inline_featured_image":false},"product_cat":[755],"product_tag":[1590,1592,941,1591],"acf":[],"yoast_head":"<!-- This site is optimized with the Yoast SEO plugin v22.5 - https:\/\/yoast.com\/wordpress\/plugins\/seo\/ -->\n<title>Ferrari 412 aukcie - Piston Addict<\/title>\n<meta name=\"description\" content=\"Pozrite si toto Ferrari 412 na predaj v aukcii na PistonAddict.com s automatickou prevodovkou a iba 36 971 km.\" \/>\n<meta name=\"robots\" content=\"index, follow, max-snippet:-1, max-image-preview:large, max-video-preview:-1\" \/>\n<link rel=\"canonical\" href=\"https:\/\/pistonaddict.com\/sk\/product\/ferrari-412\/\" \/>\n<meta property=\"og:locale\" content=\"sk_SK\" \/>\n<meta property=\"og:type\" content=\"article\" \/>\n<meta property=\"og:title\" content=\"Ferrari 412 aukcie - Piston Addict\" \/>\n<meta property=\"og:description\" content=\"Pozrite si toto Ferrari 412 na predaj v aukcii na PistonAddict.com s automatickou prevodovkou a iba 36 971 km.\" \/>\n<meta property=\"og:url\" content=\"https:\/\/pistonaddict.com\/sk\/product\/ferrari-412\/\" \/>\n<meta property=\"og:site_name\" content=\"Piston Addict\" \/>\n<meta property=\"article:modified_time\" content=\"2024-03-19T16:52:55+00:00\" \/>\n<meta property=\"og:image\" content=\"https:\/\/pistonaddict.com\/wp-content\/uploads\/2023\/04\/LuxurycarLondonApril11PistonAddict_0358-scaled.jpg\" \/>\n\t<meta property=\"og:image:width\" content=\"2560\" \/>\n\t<meta property=\"og:image:height\" content=\"1737\" \/>\n\t<meta property=\"og:image:type\" content=\"image\/jpeg\" \/>\n<meta name=\"twitter:card\" content=\"summary_large_image\" \/>\n<meta name=\"twitter:label1\" content=\"Predpokladan\u00fd \u010das \u010d\u00edtania\" \/>\n\t<meta name=\"twitter:data1\" content=\"3 min\u00faty\" \/>\n<script type=\"application\/ld+json\" class=\"yoast-schema-graph\">{\"@context\":\"https:\/\/schema.org\",\"@graph\":[{\"@type\":\"WebPage\",\"@id\":\"https:\/\/pistonaddict.com\/sk\/product\/ferrari-412\/\",\"url\":\"https:\/\/pistonaddict.com\/sk\/product\/ferrari-412\/\",\"name\":\"Ferrari 412 aukcie - Piston Addict\",\"isPartOf\":{\"@id\":\"https:\/\/pistonaddict.com\/sk\/#website\"},\"primaryImageOfPage\":{\"@id\":\"https:\/\/pistonaddict.com\/sk\/product\/ferrari-412\/#primaryimage\"},\"image\":{\"@id\":\"https:\/\/pistonaddict.com\/sk\/product\/ferrari-412\/#primaryimage\"},\"thumbnailUrl\":\"https:\/\/pistonaddict.com\/wp-content\/uploads\/2023\/04\/LuxurycarLondonApril11PistonAddict_0358-scaled.jpg\",\"datePublished\":\"2023-04-19T14:55:04+00:00\",\"dateModified\":\"2024-03-19T16:52:55+00:00\",\"description\":\"Pozrite si toto Ferrari 412 na predaj v aukcii na PistonAddict.com s automatickou prevodovkou a iba 36 971 km.\",\"breadcrumb\":{\"@id\":\"https:\/\/pistonaddict.com\/sk\/product\/ferrari-412\/#breadcrumb\"},\"inLanguage\":\"sk-SK\",\"potentialAction\":[{\"@type\":\"ReadAction\",\"target\":[\"https:\/\/pistonaddict.com\/sk\/product\/ferrari-412\/\"]}]},{\"@type\":\"ImageObject\",\"inLanguage\":\"sk-SK\",\"@id\":\"https:\/\/pistonaddict.com\/sk\/product\/ferrari-412\/#primaryimage\",\"url\":\"https:\/\/pistonaddict.com\/wp-content\/uploads\/2023\/04\/LuxurycarLondonApril11PistonAddict_0358-scaled.jpg\",\"contentUrl\":\"https:\/\/pistonaddict.com\/wp-content\/uploads\/2023\/04\/LuxurycarLondonApril11PistonAddict_0358-scaled.jpg\",\"width\":2560,\"height\":1737},{\"@type\":\"BreadcrumbList\",\"@id\":\"https:\/\/pistonaddict.com\/sk\/product\/ferrari-412\/#breadcrumb\",\"itemListElement\":[{\"@type\":\"ListItem\",\"position\":1,\"name\":\"domovskej str\u00e1nke\",\"item\":\"https:\/\/pistonaddict.com\/sk\/uvodna-stranka\/\"},{\"@type\":\"ListItem\",\"position\":2,\"name\":\"Auctions\",\"item\":\"https:\/\/pistonaddict.com\/auctions-listing\/\"},{\"@type\":\"ListItem\",\"position\":3,\"name\":\"Ferrari 412\"}]},{\"@type\":\"WebSite\",\"@id\":\"https:\/\/pistonaddict.com\/sk\/#website\",\"url\":\"https:\/\/pistonaddict.com\/sk\/\",\"name\":\"Piston Addict\",\"description\":\"Only interesting vehicles\",\"publisher\":{\"@id\":\"https:\/\/pistonaddict.com\/sk\/#organization\"},\"potentialAction\":[{\"@type\":\"SearchAction\",\"target\":{\"@type\":\"EntryPoint\",\"urlTemplate\":\"https:\/\/pistonaddict.com\/sk\/?s={search_term_string}\"},\"query-input\":\"required name=search_term_string\"}],\"inLanguage\":\"sk-SK\"},{\"@type\":\"Organization\",\"@id\":\"https:\/\/pistonaddict.com\/sk\/#organization\",\"name\":\"Piston Addict\",\"url\":\"https:\/\/pistonaddict.com\/sk\/\",\"logo\":{\"@type\":\"ImageObject\",\"inLanguage\":\"sk-SK\",\"@id\":\"https:\/\/pistonaddict.com\/sk\/#\/schema\/logo\/image\/\",\"url\":\"https:\/\/pistonaddict.com\/wp-content\/uploads\/2022\/07\/logo-6.png\",\"contentUrl\":\"https:\/\/pistonaddict.com\/wp-content\/uploads\/2022\/07\/logo-6.png\",\"width\":970,\"height\":200,\"caption\":\"Piston Addict\"},\"image\":{\"@id\":\"https:\/\/pistonaddict.com\/sk\/#\/schema\/logo\/image\/\"}}]}<\/script>\n<!-- \/ Yoast SEO plugin. -->","yoast_head_json":{"title":"Ferrari 412 aukcie - Piston Addict","description":"Pozrite si toto Ferrari 412 na predaj v aukcii na PistonAddict.com s automatickou prevodovkou a iba 36 971 km.","robots":{"index":"index","follow":"follow","max-snippet":"max-snippet:-1","max-image-preview":"max-image-preview:large","max-video-preview":"max-video-preview:-1"},"canonical":"https:\/\/pistonaddict.com\/sk\/product\/ferrari-412\/","og_locale":"sk_SK","og_type":"article","og_title":"Ferrari 412 aukcie - Piston Addict","og_description":"Pozrite si toto Ferrari 412 na predaj v aukcii na PistonAddict.com s automatickou prevodovkou a iba 36 971 km.","og_url":"https:\/\/pistonaddict.com\/sk\/product\/ferrari-412\/","og_site_name":"Piston Addict","article_modified_time":"2024-03-19T16:52:55+00:00","og_image":[{"width":2560,"height":1737,"url":"https:\/\/pistonaddict.com\/wp-content\/uploads\/2023\/04\/LuxurycarLondonApril11PistonAddict_0358-scaled.jpg","type":"image\/jpeg"}],"twitter_card":"summary_large_image","twitter_misc":{"Predpokladan\u00fd \u010das \u010d\u00edtania":"3 min\u00faty"},"schema":{"@context":"https:\/\/schema.org","@graph":[{"@type":"WebPage","@id":"https:\/\/pistonaddict.com\/sk\/product\/ferrari-412\/","url":"https:\/\/pistonaddict.com\/sk\/product\/ferrari-412\/","name":"Ferrari 412 aukcie - Piston Addict","isPartOf":{"@id":"https:\/\/pistonaddict.com\/sk\/#website"},"primaryImageOfPage":{"@id":"https:\/\/pistonaddict.com\/sk\/product\/ferrari-412\/#primaryimage"},"image":{"@id":"https:\/\/pistonaddict.com\/sk\/product\/ferrari-412\/#primaryimage"},"thumbnailUrl":"https:\/\/pistonaddict.com\/wp-content\/uploads\/2023\/04\/LuxurycarLondonApril11PistonAddict_0358-scaled.jpg","datePublished":"2023-04-19T14:55:04+00:00","dateModified":"2024-03-19T16:52:55+00:00","description":"Pozrite si toto Ferrari 412 na predaj v aukcii na PistonAddict.com s automatickou prevodovkou a iba 36 971 km.","breadcrumb":{"@id":"https:\/\/pistonaddict.com\/sk\/product\/ferrari-412\/#breadcrumb"},"inLanguage":"sk-SK","potentialAction":[{"@type":"ReadAction","target":["https:\/\/pistonaddict.com\/sk\/product\/ferrari-412\/"]}]},{"@type":"ImageObject","inLanguage":"sk-SK","@id":"https:\/\/pistonaddict.com\/sk\/product\/ferrari-412\/#primaryimage","url":"https:\/\/pistonaddict.com\/wp-content\/uploads\/2023\/04\/LuxurycarLondonApril11PistonAddict_0358-scaled.jpg","contentUrl":"https:\/\/pistonaddict.com\/wp-content\/uploads\/2023\/04\/LuxurycarLondonApril11PistonAddict_0358-scaled.jpg","width":2560,"height":1737},{"@type":"BreadcrumbList","@id":"https:\/\/pistonaddict.com\/sk\/product\/ferrari-412\/#breadcrumb","itemListElement":[{"@type":"ListItem","position":1,"name":"domovskej str\u00e1nke","item":"https:\/\/pistonaddict.com\/sk\/uvodna-stranka\/"},{"@type":"ListItem","position":2,"name":"Auctions","item":"https:\/\/pistonaddict.com\/auctions-listing\/"},{"@type":"ListItem","position":3,"name":"Ferrari 412"}]},{"@type":"WebSite","@id":"https:\/\/pistonaddict.com\/sk\/#website","url":"https:\/\/pistonaddict.com\/sk\/","name":"Piston Addict","description":"Only interesting vehicles","publisher":{"@id":"https:\/\/pistonaddict.com\/sk\/#organization"},"potentialAction":[{"@type":"SearchAction","target":{"@type":"EntryPoint","urlTemplate":"https:\/\/pistonaddict.com\/sk\/?s={search_term_string}"},"query-input":"required name=search_term_string"}],"inLanguage":"sk-SK"},{"@type":"Organization","@id":"https:\/\/pistonaddict.com\/sk\/#organization","name":"Piston Addict","url":"https:\/\/pistonaddict.com\/sk\/","logo":{"@type":"ImageObject","inLanguage":"sk-SK","@id":"https:\/\/pistonaddict.com\/sk\/#\/schema\/logo\/image\/","url":"https:\/\/pistonaddict.com\/wp-content\/uploads\/2022\/07\/logo-6.png","contentUrl":"https:\/\/pistonaddict.com\/wp-content\/uploads\/2022\/07\/logo-6.png","width":970,"height":200,"caption":"Piston Addict"},"image":{"@id":"https:\/\/pistonaddict.com\/sk\/#\/schema\/logo\/image\/"}}]}},"_links":{"self":[{"href":"https:\/\/pistonaddict.com\/sk\/wp-json\/wp\/v2\/product\/37952"}],"collection":[{"href":"https:\/\/pistonaddict.com\/sk\/wp-json\/wp\/v2\/product"}],"about":[{"href":"https:\/\/pistonaddict.com\/sk\/wp-json\/wp\/v2\/types\/product"}],"replies":[{"embeddable":true,"href":"https:\/\/pistonaddict.com\/sk\/wp-json\/wp\/v2\/comments?post=37952"}],"wp:featuredmedia":[{"embeddable":true,"href":"https:\/\/pistonaddict.com\/sk\/wp-json\/wp\/v2\/media\/37886"}],"wp:attachment":[{"href":"https:\/\/pistonaddict.com\/sk\/wp-json\/wp\/v2\/media?parent=37952"}],"wp:term":[{"taxonomy":"product_cat","embeddable":true,"href":"https:\/\/pistonaddict.com\/sk\/wp-json\/wp\/v2\/product_cat?post=37952"},{"taxonomy":"product_tag","embeddable":true,"href":"https:\/\/pistonaddict.com\/sk\/wp-json\/wp\/v2\/product_tag?post=37952"}],"curies":[{"name":"wp","href":"https:\/\/api.w.org\/{rel}","templated":true}]}}