{"id":35652,"date":"2023-04-19T15:45:16","date_gmt":"2023-04-19T13:45:16","guid":{"rendered":"https:\/\/pistonaddict.com\/product\/bmw-m4\/"},"modified":"2024-03-19T17:51:06","modified_gmt":"2024-03-19T16:51:06","slug":"bmw-m4","status":"publish","type":"product","link":"https:\/\/pistonaddict.com\/sk\/product\/bmw-m4\/","title":{"rendered":"BMW M4"},"content":{"rendered":"<p><strong>Hist\u00f3ria vozidla<\/strong><\/p>\n<p>Model M4 radu F82 bol pre BMW ve\u013ek\u00fdm krokom, ke\u010f debutoval v roku 2014. Bol to prv\u00fd produkt M, ktor\u00fd bol vybaven\u00fd \u0161es\u0165valcov\u00fdm motorom s turbod\u00fachadlom, elektrick\u00fdm posil\u0148ova\u010dom riadenia a rozsiahlym pou\u017eit\u00edm uhl\u00edkov\u00fdch vl\u00e1kien v kon\u0161trukcii vozidla. V\u00fdsledkom bol fantastick\u00fd jazdn\u00fd stroj s v\u00fdkonom 425 kon\u00ed v s\u00e9riovej podobe, skladn\u00fdm odpru\u017een\u00edm a vynikaj\u00facim v\u00fdkonom. Model F82 bol z\u00e1rove\u0148 prv\u00fdm modelom, ktor\u00fd pou\u017e\u00edval ozna\u010denie M4, \u010do bolo ozna\u010denie pre verziu kup\u00e9 modelu M3. Tento konkr\u00e9tny exempl\u00e1r bol vyroben\u00fd v roku 2017 a je \u017eiadanej\u0161\u00edm a vylep\u0161en\u00fdm neskor\u0161\u00edm modelom. Najzauj\u00edmavej\u0161ie na tomto vozidle s\u00fa v\u0161ak jeho \u0161pecifik\u00e1cie, stav a po\u010det najazden\u00fdch kilometrov. S n\u00e1jazdom len nie\u010do vy\u0161e 2000 m\u00ed\u013e (3500 km) ide prakticky o \u00faplne nov\u00e9 vozidlo, \u010do z neho rob\u00ed vozidlo investi\u010dn\u00e9ho charakteru. Tento model M4 je v\u0161ak tie\u017e bohato volite\u013en\u00fd a vkusne upraven\u00fd, aby poskytoval vy\u0161\u0161\u00ed v\u00fdkon, lep\u0161ie jazdn\u00e9 vlastnosti a celkovo p\u00f4sobiv\u00fa jazdn\u00fa dynamiku. Nov\u00fd si ho objednal VIP z\u00e1kazn\u00edk BMW, ktor\u00fd presne vedel, ako si m\u00e1 vybra\u0165 dokonal\u00fa M4.<\/p>\n<p><strong> <\/strong><strong>Stav<\/strong><\/p>\n<p>Minim\u00e1lny po\u010det najazden\u00fdch kilometrov zaru\u010duje, \u017ee t\u00e1to M4 je v perfektnom stave, bez mechanick\u00fdch por\u00fach, po\u0161koden\u00ed pri nehode a s ned\u00e1vnym servisom vykonan\u00fdm vo febru\u00e1ri 2022. Okrem p\u00f4sobiv\u00e9ho zoznamu tov\u00e1renskej v\u00fdbavy m\u00e1 v\u0161ak toto konkr\u00e9tne vozidlo upraven\u00e9 odpru\u017eenie a sed\u00ed ni\u017e\u0161ie ako s\u00e9riov\u00e9, \u010do zaru\u010duje e\u0161te lep\u0161ie ovl\u00e1danie a pocit z jazdy. To je v\u0161ak len za\u010diatok a p\u00f4vodn\u00fd majite\u013e tohto vozidla nain\u0161taloval tit\u00e1nov\u00fd v\u00fdfukov\u00fd syst\u00e9m Akrapovi\u010d s karb\u00f3nov\u00fdmi koncovkami, ktor\u00e9 vylep\u0161uj\u00fa zvuk tohto sl\u00e1vneho \u0161es\u0165valca. Exteri\u00e9r bol vylep\u0161en\u00fd predn\u00fdm karb\u00f3nov\u00fdm splitterom, zadn\u00fdm spojlerom a doplnkov\u00fdmi diskami. Zauj\u00edmav\u00e9 je, \u017ee hoci 425 kon\u00ed je pomerne ve\u013ea, p\u00f4vodn\u00fd majite\u013e zv\u00fd\u0161il v\u00fdkon a motor teraz dosahuje v\u00fdkon 510 kon\u00ed, \u010do z tejto M4 rob\u00ed skuto\u010dne schopn\u00e9 auto. Na v\u00fdber je 7-stup\u0148ov\u00e1 automatick\u00e1 prevodovka DCT od BMW, ktor\u00e1 je inteligentnou vo\u013ebou kombinuj\u00facou komfort a v\u00fdkon. Toto vozidlo je vybaven\u00e9 volite\u013en\u00fdmi keramick\u00fdmi brzdov\u00fdmi kot\u00fa\u010dmi.<\/p>\n<p><strong>Interi\u00e9r<\/strong><\/p>\n<p>Interi\u00e9r \u010dal\u00fanen\u00fd \u010diernou ko\u017eou so sedadlami \u0161pecifick\u00fdmi pre M a karb\u00f3nov\u00fdmi akcentmi nevykazuje \u017eiadne zn\u00e1mky pou\u017e\u00edvania. V\u010faka perfektnej polohe sedadiel, pr\u00e9miov\u00e9mu audiosyst\u00e9mu a sl\u00e1vnemu informa\u010dno-z\u00e1bavn\u00e9mu syst\u00e9mu iDrive od BMW bude tr\u00e1venie \u010dasu v tejto M4 rados\u0165ou a z\u00e1rove\u0148 bude prekon\u00e1va\u0165 kilometre \u00fa\u017easnou r\u00fdchlos\u0165ou. V interi\u00e9ri nie s\u00fa \u017eiadne \u00fapravy a zoznam volite\u013enej v\u00fdbavy a komfortn\u00fdch prvkov je rozsiahly.<\/p>\n<p><strong>Exteri\u00e9r a koles\u00e1<\/strong><\/p>\n<p>T\u00e1to M4 s v\u00fdrazn\u00fdm odtie\u0148om \u017eltej metal\u00edzy Austin Yellow m\u00e1 bezchybn\u00fd exteri\u00e9r, v\u0161etky ozdobn\u00e9 prvky s\u00fa pr\u00edtomn\u00e9 a nepo\u0161koden\u00e9. Karb\u00f3nov\u00e9 bity s\u00fa s\u00fa\u010das\u0165ou katal\u00f3gu M Performance Accessories a perfektne sedia. Pozoruhodn\u00fdm detailom s\u00fa n\u00e1hradn\u00e9 disky HRE, ktor\u00e9 s\u00fa zladen\u00e9 s exteri\u00e9rom a s\u00fa \u013eah\u0161ie a pevnej\u0161ie ako tov\u00e1rensk\u00e9.<\/p>\n<p><strong>Dokument\u00e1cia<\/strong><\/p>\n<p>Ide o vozidlo v s\u00fakromnom vlastn\u00edctve s pr\u00edslu\u0161nou dokument\u00e1ciou, ktor\u00e9 sa nach\u00e1dza v Lond\u00fdne, Spojen\u00e9 kr\u00e1\u013eovstvo. Spr\u00e1va CarVertical je \u010dist\u00e1; neexistuj\u00fa \u017eiadne d\u00f4kazy o nehod\u00e1ch, oprav\u00e1ch po nehod\u00e1ch ani pr\u00e1vnych probl\u00e9moch. Existuj\u00fa z\u00e1znamy o pravidelnej \u00fadr\u017ebe.<\/p>\n","protected":false},"excerpt":{"rendered":"<p>Existuje dobr\u00fd d\u00f4vod, pre\u010do je BMW M4 medzi fan\u00fa\u0161ikmi v\u00fdkonn\u00fdch vozidiel tak uzn\u00e1van\u00e9. \u017diadne in\u00e9 vozidlo vo svojej triede nedok\u00e1\u017ee pon\u00faknu\u0165 tak\u00fa p\u00f4sobiv\u00fa dynamiku \u0161portov\u00e9ho vozidla a ka\u017edodenn\u00fa pou\u017eite\u013enos\u0165 ako M4 radu F82. Toto konkr\u00e9tne auto je dokonal\u00fdm pr\u00edkladom, mierne upraven\u00fdm na e\u0161te lep\u0161iu jazdu, s minim\u00e1lnym po\u010dtom najazden\u00fdch kilometrov, dobre udr\u017eiavan\u00fdm a pripraven\u00fdm pre \u010fal\u0161ieho majite\u013ea.<\/p>\n","protected":false},"featured_media":35439,"comment_status":"open","ping_status":"closed","template":"","meta":{"inline_featured_image":false},"product_cat":[755],"product_tag":[1434,941,1430,1432],"acf":[],"yoast_head":"<!-- This site is optimized with the Yoast SEO plugin v22.5 - https:\/\/yoast.com\/wordpress\/plugins\/seo\/ -->\n<title>BMW M4 aukcie - Piston Addict<\/title>\n<meta name=\"description\" content=\"Pozrite si toto BMW M4 na predaj v aukcii na PistonAddict.com s automatickou prevodovkou a iba 2053 m\u00ed\u013e.\" \/>\n<meta name=\"robots\" content=\"index, follow, max-snippet:-1, max-image-preview:large, max-video-preview:-1\" \/>\n<link rel=\"canonical\" href=\"https:\/\/pistonaddict.com\/sk\/product\/bmw-m4\/\" \/>\n<meta property=\"og:locale\" content=\"sk_SK\" \/>\n<meta property=\"og:type\" content=\"article\" \/>\n<meta property=\"og:title\" content=\"BMW M4 aukcie - Piston Addict\" \/>\n<meta property=\"og:description\" content=\"Pozrite si toto BMW M4 na predaj v aukcii na PistonAddict.com s automatickou prevodovkou a iba 2053 m\u00ed\u013e.\" \/>\n<meta property=\"og:url\" content=\"https:\/\/pistonaddict.com\/sk\/product\/bmw-m4\/\" \/>\n<meta property=\"og:site_name\" content=\"Piston Addict\" \/>\n<meta property=\"article:modified_time\" content=\"2024-03-19T16:51:06+00:00\" \/>\n<meta property=\"og:image\" content=\"https:\/\/pistonaddict.com\/wp-content\/uploads\/2023\/04\/LuxurycarLondonApril11PistonAddict_0647-scaled.jpg\" \/>\n\t<meta property=\"og:image:width\" content=\"2560\" \/>\n\t<meta property=\"og:image:height\" content=\"1708\" \/>\n\t<meta property=\"og:image:type\" content=\"image\/jpeg\" \/>\n<meta name=\"twitter:card\" content=\"summary_large_image\" \/>\n<meta name=\"twitter:label1\" content=\"Predpokladan\u00fd \u010das \u010d\u00edtania\" \/>\n\t<meta name=\"twitter:data1\" content=\"3 min\u00faty\" \/>\n<script type=\"application\/ld+json\" class=\"yoast-schema-graph\">{\"@context\":\"https:\/\/schema.org\",\"@graph\":[{\"@type\":\"WebPage\",\"@id\":\"https:\/\/pistonaddict.com\/sk\/product\/bmw-m4\/\",\"url\":\"https:\/\/pistonaddict.com\/sk\/product\/bmw-m4\/\",\"name\":\"BMW M4 aukcie - Piston Addict\",\"isPartOf\":{\"@id\":\"https:\/\/pistonaddict.com\/sk\/#website\"},\"primaryImageOfPage\":{\"@id\":\"https:\/\/pistonaddict.com\/sk\/product\/bmw-m4\/#primaryimage\"},\"image\":{\"@id\":\"https:\/\/pistonaddict.com\/sk\/product\/bmw-m4\/#primaryimage\"},\"thumbnailUrl\":\"https:\/\/pistonaddict.com\/wp-content\/uploads\/2023\/04\/LuxurycarLondonApril11PistonAddict_0647-scaled.jpg\",\"datePublished\":\"2023-04-19T13:45:16+00:00\",\"dateModified\":\"2024-03-19T16:51:06+00:00\",\"description\":\"Pozrite si toto BMW M4 na predaj v aukcii na PistonAddict.com s automatickou prevodovkou a iba 2053 m\u00ed\u013e.\",\"breadcrumb\":{\"@id\":\"https:\/\/pistonaddict.com\/sk\/product\/bmw-m4\/#breadcrumb\"},\"inLanguage\":\"sk-SK\",\"potentialAction\":[{\"@type\":\"ReadAction\",\"target\":[\"https:\/\/pistonaddict.com\/sk\/product\/bmw-m4\/\"]}]},{\"@type\":\"ImageObject\",\"inLanguage\":\"sk-SK\",\"@id\":\"https:\/\/pistonaddict.com\/sk\/product\/bmw-m4\/#primaryimage\",\"url\":\"https:\/\/pistonaddict.com\/wp-content\/uploads\/2023\/04\/LuxurycarLondonApril11PistonAddict_0647-scaled.jpg\",\"contentUrl\":\"https:\/\/pistonaddict.com\/wp-content\/uploads\/2023\/04\/LuxurycarLondonApril11PistonAddict_0647-scaled.jpg\",\"width\":2560,\"height\":1708},{\"@type\":\"BreadcrumbList\",\"@id\":\"https:\/\/pistonaddict.com\/sk\/product\/bmw-m4\/#breadcrumb\",\"itemListElement\":[{\"@type\":\"ListItem\",\"position\":1,\"name\":\"domovskej str\u00e1nke\",\"item\":\"https:\/\/pistonaddict.com\/sk\/uvodna-stranka\/\"},{\"@type\":\"ListItem\",\"position\":2,\"name\":\"Auctions\",\"item\":\"https:\/\/pistonaddict.com\/auctions-listing\/\"},{\"@type\":\"ListItem\",\"position\":3,\"name\":\"BMW M4\"}]},{\"@type\":\"WebSite\",\"@id\":\"https:\/\/pistonaddict.com\/sk\/#website\",\"url\":\"https:\/\/pistonaddict.com\/sk\/\",\"name\":\"Piston Addict\",\"description\":\"Only interesting vehicles\",\"publisher\":{\"@id\":\"https:\/\/pistonaddict.com\/sk\/#organization\"},\"potentialAction\":[{\"@type\":\"SearchAction\",\"target\":{\"@type\":\"EntryPoint\",\"urlTemplate\":\"https:\/\/pistonaddict.com\/sk\/?s={search_term_string}\"},\"query-input\":\"required name=search_term_string\"}],\"inLanguage\":\"sk-SK\"},{\"@type\":\"Organization\",\"@id\":\"https:\/\/pistonaddict.com\/sk\/#organization\",\"name\":\"Piston Addict\",\"url\":\"https:\/\/pistonaddict.com\/sk\/\",\"logo\":{\"@type\":\"ImageObject\",\"inLanguage\":\"sk-SK\",\"@id\":\"https:\/\/pistonaddict.com\/sk\/#\/schema\/logo\/image\/\",\"url\":\"https:\/\/pistonaddict.com\/wp-content\/uploads\/2022\/07\/logo-6.png\",\"contentUrl\":\"https:\/\/pistonaddict.com\/wp-content\/uploads\/2022\/07\/logo-6.png\",\"width\":970,\"height\":200,\"caption\":\"Piston Addict\"},\"image\":{\"@id\":\"https:\/\/pistonaddict.com\/sk\/#\/schema\/logo\/image\/\"}}]}<\/script>\n<!-- \/ Yoast SEO plugin. -->","yoast_head_json":{"title":"BMW M4 aukcie - Piston Addict","description":"Pozrite si toto BMW M4 na predaj v aukcii na PistonAddict.com s automatickou prevodovkou a iba 2053 m\u00ed\u013e.","robots":{"index":"index","follow":"follow","max-snippet":"max-snippet:-1","max-image-preview":"max-image-preview:large","max-video-preview":"max-video-preview:-1"},"canonical":"https:\/\/pistonaddict.com\/sk\/product\/bmw-m4\/","og_locale":"sk_SK","og_type":"article","og_title":"BMW M4 aukcie - Piston Addict","og_description":"Pozrite si toto BMW M4 na predaj v aukcii na PistonAddict.com s automatickou prevodovkou a iba 2053 m\u00ed\u013e.","og_url":"https:\/\/pistonaddict.com\/sk\/product\/bmw-m4\/","og_site_name":"Piston Addict","article_modified_time":"2024-03-19T16:51:06+00:00","og_image":[{"width":2560,"height":1708,"url":"https:\/\/pistonaddict.com\/wp-content\/uploads\/2023\/04\/LuxurycarLondonApril11PistonAddict_0647-scaled.jpg","type":"image\/jpeg"}],"twitter_card":"summary_large_image","twitter_misc":{"Predpokladan\u00fd \u010das \u010d\u00edtania":"3 min\u00faty"},"schema":{"@context":"https:\/\/schema.org","@graph":[{"@type":"WebPage","@id":"https:\/\/pistonaddict.com\/sk\/product\/bmw-m4\/","url":"https:\/\/pistonaddict.com\/sk\/product\/bmw-m4\/","name":"BMW M4 aukcie - Piston Addict","isPartOf":{"@id":"https:\/\/pistonaddict.com\/sk\/#website"},"primaryImageOfPage":{"@id":"https:\/\/pistonaddict.com\/sk\/product\/bmw-m4\/#primaryimage"},"image":{"@id":"https:\/\/pistonaddict.com\/sk\/product\/bmw-m4\/#primaryimage"},"thumbnailUrl":"https:\/\/pistonaddict.com\/wp-content\/uploads\/2023\/04\/LuxurycarLondonApril11PistonAddict_0647-scaled.jpg","datePublished":"2023-04-19T13:45:16+00:00","dateModified":"2024-03-19T16:51:06+00:00","description":"Pozrite si toto BMW M4 na predaj v aukcii na PistonAddict.com s automatickou prevodovkou a iba 2053 m\u00ed\u013e.","breadcrumb":{"@id":"https:\/\/pistonaddict.com\/sk\/product\/bmw-m4\/#breadcrumb"},"inLanguage":"sk-SK","potentialAction":[{"@type":"ReadAction","target":["https:\/\/pistonaddict.com\/sk\/product\/bmw-m4\/"]}]},{"@type":"ImageObject","inLanguage":"sk-SK","@id":"https:\/\/pistonaddict.com\/sk\/product\/bmw-m4\/#primaryimage","url":"https:\/\/pistonaddict.com\/wp-content\/uploads\/2023\/04\/LuxurycarLondonApril11PistonAddict_0647-scaled.jpg","contentUrl":"https:\/\/pistonaddict.com\/wp-content\/uploads\/2023\/04\/LuxurycarLondonApril11PistonAddict_0647-scaled.jpg","width":2560,"height":1708},{"@type":"BreadcrumbList","@id":"https:\/\/pistonaddict.com\/sk\/product\/bmw-m4\/#breadcrumb","itemListElement":[{"@type":"ListItem","position":1,"name":"domovskej str\u00e1nke","item":"https:\/\/pistonaddict.com\/sk\/uvodna-stranka\/"},{"@type":"ListItem","position":2,"name":"Auctions","item":"https:\/\/pistonaddict.com\/auctions-listing\/"},{"@type":"ListItem","position":3,"name":"BMW M4"}]},{"@type":"WebSite","@id":"https:\/\/pistonaddict.com\/sk\/#website","url":"https:\/\/pistonaddict.com\/sk\/","name":"Piston Addict","description":"Only interesting vehicles","publisher":{"@id":"https:\/\/pistonaddict.com\/sk\/#organization"},"potentialAction":[{"@type":"SearchAction","target":{"@type":"EntryPoint","urlTemplate":"https:\/\/pistonaddict.com\/sk\/?s={search_term_string}"},"query-input":"required name=search_term_string"}],"inLanguage":"sk-SK"},{"@type":"Organization","@id":"https:\/\/pistonaddict.com\/sk\/#organization","name":"Piston Addict","url":"https:\/\/pistonaddict.com\/sk\/","logo":{"@type":"ImageObject","inLanguage":"sk-SK","@id":"https:\/\/pistonaddict.com\/sk\/#\/schema\/logo\/image\/","url":"https:\/\/pistonaddict.com\/wp-content\/uploads\/2022\/07\/logo-6.png","contentUrl":"https:\/\/pistonaddict.com\/wp-content\/uploads\/2022\/07\/logo-6.png","width":970,"height":200,"caption":"Piston Addict"},"image":{"@id":"https:\/\/pistonaddict.com\/sk\/#\/schema\/logo\/image\/"}}]}},"_links":{"self":[{"href":"https:\/\/pistonaddict.com\/sk\/wp-json\/wp\/v2\/product\/35652"}],"collection":[{"href":"https:\/\/pistonaddict.com\/sk\/wp-json\/wp\/v2\/product"}],"about":[{"href":"https:\/\/pistonaddict.com\/sk\/wp-json\/wp\/v2\/types\/product"}],"replies":[{"embeddable":true,"href":"https:\/\/pistonaddict.com\/sk\/wp-json\/wp\/v2\/comments?post=35652"}],"wp:featuredmedia":[{"embeddable":true,"href":"https:\/\/pistonaddict.com\/sk\/wp-json\/wp\/v2\/media\/35439"}],"wp:attachment":[{"href":"https:\/\/pistonaddict.com\/sk\/wp-json\/wp\/v2\/media?parent=35652"}],"wp:term":[{"taxonomy":"product_cat","embeddable":true,"href":"https:\/\/pistonaddict.com\/sk\/wp-json\/wp\/v2\/product_cat?post=35652"},{"taxonomy":"product_tag","embeddable":true,"href":"https:\/\/pistonaddict.com\/sk\/wp-json\/wp\/v2\/product_tag?post=35652"}],"curies":[{"name":"wp","href":"https:\/\/api.w.org\/{rel}","templated":true}]}}