{"id":34602,"date":"2023-04-19T15:06:28","date_gmt":"2023-04-19T13:06:28","guid":{"rendered":"https:\/\/pistonaddict.com\/product\/bentley-flying-spur\/"},"modified":"2024-03-19T17:50:50","modified_gmt":"2024-03-19T16:50:50","slug":"bentley-flying-spur","status":"publish","type":"product","link":"https:\/\/pistonaddict.com\/sk\/product\/bentley-flying-spur\/","title":{"rendered":"Bentley Flying Spur"},"content":{"rendered":"<p><strong>Hist\u00f3ria vozidla<\/strong><\/p>\n<p>Tento Flying Spur je jedn\u00fdm z prv\u00fdch tak\u00fdchto vozidiel dodan\u00fdch koncom roka 2020 zn\u00e1mym VIP z\u00e1kazn\u00edkom Bentley. Je to auto jedn\u00e9ho majite\u013ea a m\u00e1 najazden\u00fdch len 8359 km. Tento model Flying Spur, dokon\u010den\u00fd v \u017eiadanej zelenej farbe so zodpovedaj\u00facou op\u00e1lenou ko\u017eou, vyu\u017e\u00edva bal\u00edk exteri\u00e9rov\u00fdch doplnkov Black-out a je modelom First Edition. Vo svete zna\u010dky Bentley s\u00fa modely First Edition v\u017edy naj\u017eiadanej\u0161ie v\u010faka \u0161pecifick\u00fdm a jedine\u010dn\u00fdm farebn\u00fdm prevedeniam, jemn\u00fdm detailom a v\u00fdbave, ktor\u00e1 je \u010dasto volite\u013enou v\u00fdbavou vozidiel \u0161tandardnej \u0161pecifik\u00e1cie.<\/p>\n<p><strong>Stav vozidla<\/strong><\/p>\n<p>Ke\u010f\u017ee ide o jeden z najv\u00fdkonnej\u0161\u00edch modelov Bentley Flying Spurs, p\u00f4vodn\u00fd a s\u00fa\u010dasn\u00fd majite\u013e si zak\u00fapil nielen bal\u00edk First Edition, ale k u\u017e aj tak p\u00f4sobivej \u0161pecifik\u00e1cii pridal aj mno\u017estvo prvkov a v\u00fdbavy. Volite\u013en\u00fd 6,0-litrov\u00fd motor W12 dosahuje v\u00fdkon 626 k a dok\u00e1\u017ee tento superluxusn\u00fd sedan vystreli\u0165 na stovku za p\u00f4sobiv\u00fdch 3,5 sekundy. E\u0161te fascinuj\u00facej\u0161ia je maxim\u00e1lna r\u00fdchlos\u0165, a ak sa ocitnete na neobmedzenom \u00faseku Autobahnu, m\u00f4\u017eete dosiahnu\u0165 333 km\/h! Sme si ist\u00ed, \u017ee aj pri tejto r\u00fdchlosti bude tento Flying Spur stabiln\u00fd a pohodln\u00fd.<\/p>\n<p><strong>Exteri\u00e9r a koles\u00e1<\/strong><\/p>\n<p>V\u010faka d\u00f4kladnej \u00fadr\u017ebe, klimatizovanej gar\u00e1\u017ei a n\u00edzkemu po\u010dtu najazden\u00fdch kilometrov sa tento Flying Spur pred\u00e1va s perfektn\u00fdm stavom laku, bez po\u0161koden\u00ed exteri\u00e9ru (alebo interi\u00e9ru) a s p\u00f4vodn\u00fdmi kolesami. Jedn\u00fdm z drobn\u00fdch, ale zauj\u00edmav\u00fdch detailov je \u010dierna strecha, ktor\u00e1 dokonale lad\u00ed s \u010diernym oblo\u017een\u00edm exteri\u00e9ru a e\u0161te viac umoc\u0148uje \u0161portov\u00fd charakter tohto elegantn\u00e9ho sedanu.<\/p>\n<p><strong>Interi\u00e9r<\/strong><\/p>\n<p>Jednou z najzauj\u00edmavej\u0161\u00edch \u010dast\u00ed tohto vozidla je interi\u00e9r. Tento model Flying Spur, navrhnut\u00fd ako dokonal\u00e1 kombin\u00e1cia modernej technol\u00f3gie a klasick\u00e9ho luxusn\u00e9ho pr\u00edstupu, je potiahnut\u00fd \u017eiadanou hnedou ko\u017eou s kontrastn\u00fdmi zelen\u00fdmi ko\u017een\u00fdmi a dreven\u00fdmi vlo\u017ekami. Auto je pln\u00e9 najr\u00f4znej\u0161ieho komfortu, na niektor\u00fdch chr\u00f3movan\u00fdch \u010dastiach sa nach\u00e1dza ochrann\u00e1 f\u00f3lia, ktor\u00e1 sved\u010d\u00ed o tom, \u017ee toto auto sa takmer nepou\u017e\u00edvalo.<\/p>\n<p><strong>Dokument\u00e1cia<\/strong><\/p>\n<p>Ide o vozidlo v s\u00fakromnom vlastn\u00edctve s pr\u00edslu\u0161nou dokument\u00e1ciou, ktor\u00e9 sa nach\u00e1dza v Lond\u00fdne, Spojen\u00e9 kr\u00e1\u013eovstvo. Spr\u00e1va CarVertical je \u010dist\u00e1; neexistuj\u00fa \u017eiadne d\u00f4kazy o nehod\u00e1ch, oprav\u00e1ch po nehod\u00e1ch ani pr\u00e1vnych probl\u00e9moch. Existuj\u00fa z\u00e1znamy o pravidelnej \u00fadr\u017ebe.<\/p>\n","protected":false},"excerpt":{"rendered":"<p>Podobne ako mnoh\u00ed konkurenti, aj Bentley sa v bl\u00edzkej bud\u00facnosti zameria na modely na elektrick\u00fd pohon. To znamen\u00e1, \u017ee toto m\u00f4\u017ee by\u0165 posledn\u00e1 \u0161anca z\u00edska\u0165 majest\u00e1tne luxusn\u00e9 vozidlo s pohonom ICE, ako je tento Flying Spur, vo ve\u013emi \u017eiadanej \u0161pecifik\u00e1cii a v stave ako nov\u00fd. Tento jedine\u010dn\u00fd exempl\u00e1r poh\u00e1\u0148an\u00fd charakteristick\u00fdm motorom W12 je ide\u00e1lny pre n\u00e1ro\u010dn\u00fdch znalcov zna\u010dky Bentley.<\/p>\n","protected":false},"featured_media":34094,"comment_status":"open","ping_status":"closed","template":"","meta":{"inline_featured_image":false},"product_cat":[755],"product_tag":[1379,941,1377,1378],"acf":[],"yoast_head":"<!-- This site is optimized with the Yoast SEO plugin v22.5 - https:\/\/yoast.com\/wordpress\/plugins\/seo\/ -->\n<title>Bentley Flying Spur aukcie - Piston Addict<\/title>\n<meta name=\"description\" content=\"Pozrite si toto Bentley Flying Spur na predaj v aukcii na PistonAddict.com s automatickou prevodovkou a iba 8359 km.\" \/>\n<meta name=\"robots\" content=\"index, follow, max-snippet:-1, max-image-preview:large, max-video-preview:-1\" \/>\n<link rel=\"canonical\" href=\"https:\/\/pistonaddict.com\/sk\/product\/bentley-flying-spur\/\" \/>\n<meta property=\"og:locale\" content=\"sk_SK\" \/>\n<meta property=\"og:type\" content=\"article\" \/>\n<meta property=\"og:title\" content=\"Bentley Flying Spur aukcie - Piston Addict\" \/>\n<meta property=\"og:description\" content=\"Pozrite si toto Bentley Flying Spur na predaj v aukcii na PistonAddict.com s automatickou prevodovkou a iba 8359 km.\" \/>\n<meta property=\"og:url\" content=\"https:\/\/pistonaddict.com\/sk\/product\/bentley-flying-spur\/\" \/>\n<meta property=\"og:site_name\" content=\"Piston Addict\" \/>\n<meta property=\"article:modified_time\" content=\"2024-03-19T16:50:50+00:00\" \/>\n<meta property=\"og:image\" content=\"https:\/\/pistonaddict.com\/wp-content\/uploads\/2023\/04\/LuxurycarLondonApril11PistonAddict_0433-scaled.jpg\" \/>\n\t<meta property=\"og:image:width\" content=\"2560\" \/>\n\t<meta property=\"og:image:height\" content=\"1505\" \/>\n\t<meta property=\"og:image:type\" content=\"image\/jpeg\" \/>\n<meta name=\"twitter:card\" content=\"summary_large_image\" \/>\n<meta name=\"twitter:label1\" content=\"Predpokladan\u00fd \u010das \u010d\u00edtania\" \/>\n\t<meta name=\"twitter:data1\" content=\"2 min\u00faty\" \/>\n<script type=\"application\/ld+json\" class=\"yoast-schema-graph\">{\"@context\":\"https:\/\/schema.org\",\"@graph\":[{\"@type\":\"WebPage\",\"@id\":\"https:\/\/pistonaddict.com\/sk\/product\/bentley-flying-spur\/\",\"url\":\"https:\/\/pistonaddict.com\/sk\/product\/bentley-flying-spur\/\",\"name\":\"Bentley Flying Spur aukcie - Piston Addict\",\"isPartOf\":{\"@id\":\"https:\/\/pistonaddict.com\/sk\/#website\"},\"primaryImageOfPage\":{\"@id\":\"https:\/\/pistonaddict.com\/sk\/product\/bentley-flying-spur\/#primaryimage\"},\"image\":{\"@id\":\"https:\/\/pistonaddict.com\/sk\/product\/bentley-flying-spur\/#primaryimage\"},\"thumbnailUrl\":\"https:\/\/pistonaddict.com\/wp-content\/uploads\/2023\/04\/LuxurycarLondonApril11PistonAddict_0433-scaled.jpg\",\"datePublished\":\"2023-04-19T13:06:28+00:00\",\"dateModified\":\"2024-03-19T16:50:50+00:00\",\"description\":\"Pozrite si toto Bentley Flying Spur na predaj v aukcii na PistonAddict.com s automatickou prevodovkou a iba 8359 km.\",\"breadcrumb\":{\"@id\":\"https:\/\/pistonaddict.com\/sk\/product\/bentley-flying-spur\/#breadcrumb\"},\"inLanguage\":\"sk-SK\",\"potentialAction\":[{\"@type\":\"ReadAction\",\"target\":[\"https:\/\/pistonaddict.com\/sk\/product\/bentley-flying-spur\/\"]}]},{\"@type\":\"ImageObject\",\"inLanguage\":\"sk-SK\",\"@id\":\"https:\/\/pistonaddict.com\/sk\/product\/bentley-flying-spur\/#primaryimage\",\"url\":\"https:\/\/pistonaddict.com\/wp-content\/uploads\/2023\/04\/LuxurycarLondonApril11PistonAddict_0433-scaled.jpg\",\"contentUrl\":\"https:\/\/pistonaddict.com\/wp-content\/uploads\/2023\/04\/LuxurycarLondonApril11PistonAddict_0433-scaled.jpg\",\"width\":2560,\"height\":1505},{\"@type\":\"BreadcrumbList\",\"@id\":\"https:\/\/pistonaddict.com\/sk\/product\/bentley-flying-spur\/#breadcrumb\",\"itemListElement\":[{\"@type\":\"ListItem\",\"position\":1,\"name\":\"domovskej str\u00e1nke\",\"item\":\"https:\/\/pistonaddict.com\/sk\/uvodna-stranka\/\"},{\"@type\":\"ListItem\",\"position\":2,\"name\":\"Auctions\",\"item\":\"https:\/\/pistonaddict.com\/auctions-listing\/\"},{\"@type\":\"ListItem\",\"position\":3,\"name\":\"Bentley Flying Spur\"}]},{\"@type\":\"WebSite\",\"@id\":\"https:\/\/pistonaddict.com\/sk\/#website\",\"url\":\"https:\/\/pistonaddict.com\/sk\/\",\"name\":\"Piston Addict\",\"description\":\"Only interesting vehicles\",\"publisher\":{\"@id\":\"https:\/\/pistonaddict.com\/sk\/#organization\"},\"potentialAction\":[{\"@type\":\"SearchAction\",\"target\":{\"@type\":\"EntryPoint\",\"urlTemplate\":\"https:\/\/pistonaddict.com\/sk\/?s={search_term_string}\"},\"query-input\":\"required name=search_term_string\"}],\"inLanguage\":\"sk-SK\"},{\"@type\":\"Organization\",\"@id\":\"https:\/\/pistonaddict.com\/sk\/#organization\",\"name\":\"Piston Addict\",\"url\":\"https:\/\/pistonaddict.com\/sk\/\",\"logo\":{\"@type\":\"ImageObject\",\"inLanguage\":\"sk-SK\",\"@id\":\"https:\/\/pistonaddict.com\/sk\/#\/schema\/logo\/image\/\",\"url\":\"https:\/\/pistonaddict.com\/wp-content\/uploads\/2022\/07\/logo-6.png\",\"contentUrl\":\"https:\/\/pistonaddict.com\/wp-content\/uploads\/2022\/07\/logo-6.png\",\"width\":970,\"height\":200,\"caption\":\"Piston Addict\"},\"image\":{\"@id\":\"https:\/\/pistonaddict.com\/sk\/#\/schema\/logo\/image\/\"}}]}<\/script>\n<!-- \/ Yoast SEO plugin. -->","yoast_head_json":{"title":"Bentley Flying Spur aukcie - Piston Addict","description":"Pozrite si toto Bentley Flying Spur na predaj v aukcii na PistonAddict.com s automatickou prevodovkou a iba 8359 km.","robots":{"index":"index","follow":"follow","max-snippet":"max-snippet:-1","max-image-preview":"max-image-preview:large","max-video-preview":"max-video-preview:-1"},"canonical":"https:\/\/pistonaddict.com\/sk\/product\/bentley-flying-spur\/","og_locale":"sk_SK","og_type":"article","og_title":"Bentley Flying Spur aukcie - Piston Addict","og_description":"Pozrite si toto Bentley Flying Spur na predaj v aukcii na PistonAddict.com s automatickou prevodovkou a iba 8359 km.","og_url":"https:\/\/pistonaddict.com\/sk\/product\/bentley-flying-spur\/","og_site_name":"Piston Addict","article_modified_time":"2024-03-19T16:50:50+00:00","og_image":[{"width":2560,"height":1505,"url":"https:\/\/pistonaddict.com\/wp-content\/uploads\/2023\/04\/LuxurycarLondonApril11PistonAddict_0433-scaled.jpg","type":"image\/jpeg"}],"twitter_card":"summary_large_image","twitter_misc":{"Predpokladan\u00fd \u010das \u010d\u00edtania":"2 min\u00faty"},"schema":{"@context":"https:\/\/schema.org","@graph":[{"@type":"WebPage","@id":"https:\/\/pistonaddict.com\/sk\/product\/bentley-flying-spur\/","url":"https:\/\/pistonaddict.com\/sk\/product\/bentley-flying-spur\/","name":"Bentley Flying Spur aukcie - Piston Addict","isPartOf":{"@id":"https:\/\/pistonaddict.com\/sk\/#website"},"primaryImageOfPage":{"@id":"https:\/\/pistonaddict.com\/sk\/product\/bentley-flying-spur\/#primaryimage"},"image":{"@id":"https:\/\/pistonaddict.com\/sk\/product\/bentley-flying-spur\/#primaryimage"},"thumbnailUrl":"https:\/\/pistonaddict.com\/wp-content\/uploads\/2023\/04\/LuxurycarLondonApril11PistonAddict_0433-scaled.jpg","datePublished":"2023-04-19T13:06:28+00:00","dateModified":"2024-03-19T16:50:50+00:00","description":"Pozrite si toto Bentley Flying Spur na predaj v aukcii na PistonAddict.com s automatickou prevodovkou a iba 8359 km.","breadcrumb":{"@id":"https:\/\/pistonaddict.com\/sk\/product\/bentley-flying-spur\/#breadcrumb"},"inLanguage":"sk-SK","potentialAction":[{"@type":"ReadAction","target":["https:\/\/pistonaddict.com\/sk\/product\/bentley-flying-spur\/"]}]},{"@type":"ImageObject","inLanguage":"sk-SK","@id":"https:\/\/pistonaddict.com\/sk\/product\/bentley-flying-spur\/#primaryimage","url":"https:\/\/pistonaddict.com\/wp-content\/uploads\/2023\/04\/LuxurycarLondonApril11PistonAddict_0433-scaled.jpg","contentUrl":"https:\/\/pistonaddict.com\/wp-content\/uploads\/2023\/04\/LuxurycarLondonApril11PistonAddict_0433-scaled.jpg","width":2560,"height":1505},{"@type":"BreadcrumbList","@id":"https:\/\/pistonaddict.com\/sk\/product\/bentley-flying-spur\/#breadcrumb","itemListElement":[{"@type":"ListItem","position":1,"name":"domovskej str\u00e1nke","item":"https:\/\/pistonaddict.com\/sk\/uvodna-stranka\/"},{"@type":"ListItem","position":2,"name":"Auctions","item":"https:\/\/pistonaddict.com\/auctions-listing\/"},{"@type":"ListItem","position":3,"name":"Bentley Flying Spur"}]},{"@type":"WebSite","@id":"https:\/\/pistonaddict.com\/sk\/#website","url":"https:\/\/pistonaddict.com\/sk\/","name":"Piston Addict","description":"Only interesting vehicles","publisher":{"@id":"https:\/\/pistonaddict.com\/sk\/#organization"},"potentialAction":[{"@type":"SearchAction","target":{"@type":"EntryPoint","urlTemplate":"https:\/\/pistonaddict.com\/sk\/?s={search_term_string}"},"query-input":"required name=search_term_string"}],"inLanguage":"sk-SK"},{"@type":"Organization","@id":"https:\/\/pistonaddict.com\/sk\/#organization","name":"Piston Addict","url":"https:\/\/pistonaddict.com\/sk\/","logo":{"@type":"ImageObject","inLanguage":"sk-SK","@id":"https:\/\/pistonaddict.com\/sk\/#\/schema\/logo\/image\/","url":"https:\/\/pistonaddict.com\/wp-content\/uploads\/2022\/07\/logo-6.png","contentUrl":"https:\/\/pistonaddict.com\/wp-content\/uploads\/2022\/07\/logo-6.png","width":970,"height":200,"caption":"Piston Addict"},"image":{"@id":"https:\/\/pistonaddict.com\/sk\/#\/schema\/logo\/image\/"}}]}},"_links":{"self":[{"href":"https:\/\/pistonaddict.com\/sk\/wp-json\/wp\/v2\/product\/34602"}],"collection":[{"href":"https:\/\/pistonaddict.com\/sk\/wp-json\/wp\/v2\/product"}],"about":[{"href":"https:\/\/pistonaddict.com\/sk\/wp-json\/wp\/v2\/types\/product"}],"replies":[{"embeddable":true,"href":"https:\/\/pistonaddict.com\/sk\/wp-json\/wp\/v2\/comments?post=34602"}],"wp:featuredmedia":[{"embeddable":true,"href":"https:\/\/pistonaddict.com\/sk\/wp-json\/wp\/v2\/media\/34094"}],"wp:attachment":[{"href":"https:\/\/pistonaddict.com\/sk\/wp-json\/wp\/v2\/media?parent=34602"}],"wp:term":[{"taxonomy":"product_cat","embeddable":true,"href":"https:\/\/pistonaddict.com\/sk\/wp-json\/wp\/v2\/product_cat?post=34602"},{"taxonomy":"product_tag","embeddable":true,"href":"https:\/\/pistonaddict.com\/sk\/wp-json\/wp\/v2\/product_tag?post=34602"}],"curies":[{"name":"wp","href":"https:\/\/api.w.org\/{rel}","templated":true}]}}