{"id":33358,"date":"2023-04-19T09:41:30","date_gmt":"2023-04-19T07:41:30","guid":{"rendered":"https:\/\/pistonaddict.com\/product\/jensen-interceptor\/"},"modified":"2024-03-19T17:49:05","modified_gmt":"2024-03-19T16:49:05","slug":"jensen-interceptor","status":"publish","type":"product","link":"https:\/\/pistonaddict.com\/sk\/product\/jensen-interceptor\/","title":{"rendered":"Jensen Interceptor R Mk3"},"content":{"rendered":"<p><strong>Hist\u00f3ria vozidla<\/strong><\/p>\n<p>Tento konkr\u00e9tny Jensen Interceptor bol p\u00f4vodn\u00e9mu majite\u013eovi dodan\u00fd v marci 1972. Poh\u00e1\u0148al ho mohutn\u00fd motor Chrysler V8 440 CID s v\u00fdkonom len 280 kon\u00ed kv\u00f4li spr\u00edsnen\u00fdm emisn\u00fdm norm\u00e1m. Modely Mk3 (uveden\u00e9 v roku 1971) boli zn\u00e1me svoj\u00edm prepychov\u00fdm interi\u00e9rom, dlh\u00fdm zoznamom \u0161tandardnej v\u00fdbavy a plynulou jazdnou dynamikou. Ke\u010f\u017ee v\u00e4\u010d\u0161ina Interceptorov v\u0161ak na\u010falej \u017eila svoj \u017eivot ako s\u00fa\u010das\u0165 zbierok klasick\u00fdch vozidiel, tento exempl\u00e1r sa do\u010dkal rozsiahlej \u00fapravy, nov\u00e9ho \u017eivota a mas\u00edvnej moderniz\u00e1cie v\u00fdkonu. Z cestovn\u00e9ho auta zo 70. rokov sa stal svalnat\u00fd stroj 21. storo\u010dia, ktor\u00fd je pripraven\u00fd prekvapi\u0165 majite\u013eov Porsche na dia\u013enici. Britsk\u00e1 spolo\u010dnos\u0165 JIR vykonala kompletn\u00fa prestavbu so zachovan\u00edm p\u00f4vodn\u00fdch l\u00edni\u00ed, ale s rozsiahlou moderniz\u00e1ciou mechaniky.<\/p>\n<p><strong>Stav vozidla<\/strong><\/p>\n<p>Tento Jensen Interceptor R m\u00e1 od kompletnej prestavby najazden\u00fdch menej ako 10 000 km a je v bezchybnom stave. Ke\u010f\u017ee ide o vynikaj\u00faci pr\u00edklad \u00faspe\u0161n\u00e9ho restomodu, \u0161pecifik\u00e1cie s\u00fa mimoriadne zauj\u00edmav\u00e9. N\u00e1klady na stavbu tohto vozidla presiahli 200 000 libier, tak\u017ee zoznam \u00faprav, vlastn\u00fdch komponentov a jedine\u010dn\u00fdch dielov je rozsiahly. Presne tento Interceptor R je v\u0161eobecne pova\u017eovan\u00fd za najvyvinutej\u0161\u00ed Jensen na svete. Pod kapotou sa nach\u00e1dza 6,2-litrov\u00fd osemvalec V8 z Corvette ZR1 s v\u00fdkonom viac ako 600 kon\u00ed, ktor\u00fd sa pren\u00e1\u0161a na zadn\u00e9 koles\u00e1 prostredn\u00edctvom 6-stup\u0148ovej automatickej prevodovky. Tak\u00fdto v\u00fdkon si vy\u017eiadal sadu b\u0155zd AP, upraven\u00e9 zavesenie a mnoho \u010fal\u0161ieho. V\u00fdsledkom je fantastick\u00fd stroj, ktor\u00fd dok\u00e1\u017ee zr\u00fdchli\u0165 na 100 km za nie\u010do vy\u0161e 4 sekundy a pohodlne sa pohybova\u0165 vysokou r\u00fdchlos\u0165ou.<\/p>\n<p><strong>Interi\u00e9r<\/strong><\/p>\n<p>V interi\u00e9ri bola k\u013e\u00fa\u010dom k \u00faspechu nedotiahnutos\u0165 s klasick\u00fdm usporiadan\u00edm palubnej dosky a oblo\u017een\u00edm, ale s vylep\u0161en\u00fdmi sedadlami, technol\u00f3giami a najjemnej\u0161\u00edm ko\u017een\u00fdm \u010dal\u00fanen\u00edm. V\u00ednov\u00e1 farba dokonale lad\u00ed s dvojfarebn\u00fdm exteri\u00e9rom. Majitelia klasick\u00fdch vozidiel Jensen by v\u00e1m povedali, \u017ee tieto vozidl\u00e1 mali v \u010dase, ke\u010f boli nov\u00e9, zlo\u017eit\u00fa elektroniku a \u010dasto aj komplexn\u00e9 syst\u00e9my. Na\u0161\u0165astie tento exempl\u00e1r z\u00edskal kompletn\u00fa moderniz\u00e1ciu, modern\u00e9 komponenty, prvky, funk\u010dn\u00fa klimatiz\u00e1ciu a pr\u00e9miov\u00fd audiosyst\u00e9m.<\/p>\n<p><strong>Exteri\u00e9r a koles\u00e1<\/strong><\/p>\n<p>Tento Interceptor R z roku 1972, dokon\u010den\u00fd v elegantnej dvojfarebnej kombin\u00e1cii, vyzer\u00e1 celkom s\u00e9riovo, ale hne\u010f ako sa pozriete na detaily, zist\u00edte, \u017ee je to nie\u010do in\u00e9. Koles\u00e1 s\u00fa vyroben\u00e9 na z\u00e1kazku a ve\u013emi sa podobaj\u00fa p\u00f4vodn\u00e9mu dizajnu, s\u00fa v\u0161ak \u0161ir\u0161ie a v\u00e4\u010d\u0161ie. Na pomoc pri chladen\u00ed v\u00fdkonn\u00e9ho motora bol pridan\u00fd bo\u010dn\u00fd vetrac\u00ed otvor a diskr\u00e9tne pribudla in\u00e1 mrie\u017eka chladi\u010da a odznaky. T\u00ed, ktor\u00ed sa vyznaj\u00fa v klasick\u00fdch Interceptoroch, vedia, \u017ee tieto vozidl\u00e1 boli n\u00e1chyln\u00e9 na hrdzu, ale tento exempl\u00e1r je po v\u0161etk\u00fdch vykonan\u00fdch pr\u00e1cach prakticky nov\u00fdm vozidlom bez ak\u00fdchko\u013evek probl\u00e9mov.<\/p>\n<p><strong>  Dokument\u00e1cia<\/strong><\/p>\n<p>Ide o vozidlo v s\u00fakromnom vlastn\u00edctve s pr\u00edslu\u0161nou dokument\u00e1ciou, ktor\u00e9 sa nach\u00e1dza v Lond\u00fdne, Spojen\u00e9 kr\u00e1\u013eovstvo. Spr\u00e1va CarVertical je \u010dist\u00e1; neexistuj\u00fa \u017eiadne d\u00f4kazy o nehod\u00e1ch, oprav\u00e1ch po nehod\u00e1ch ani pr\u00e1vnych probl\u00e9moch. Existuj\u00fa z\u00e1znamy o pravidelnej \u00fadr\u017ebe. Bud\u00faci majitelia by radi vedeli, \u017ee tento konkr\u00e9tny exempl\u00e1r je automobilom celebr\u00edt, ktor\u00fd testoval sl\u00e1vny Jeremy Clarkson a ktor\u00fd sa objavil v programe Top Gear v rokoch 2011\/2012.<\/p>\n","protected":false},"excerpt":{"rendered":"<p>Aj ke\u010f tento kr\u00e1sny Interceptor vyzer\u00e1 zvonku celkom s\u00e9riovo, skr\u00fdva v sebe vzru\u0161uj\u00face tajomstvo. Prepl\u0148ovan\u00fd motor V8 s v\u00fdkonom 600 kon\u00ed a zdrvuj\u00facim v\u00fdkonom zabalen\u00fd do jedn\u00e9ho z najkraj\u0161\u00edch dizajnov 70. rokov. Toto je spr\u00e1vne britsk\u00e9 restomod GT s americk\u00fdm srdcom, pripraven\u00e9 prekona\u0165 v\u0161etko, \u010do mu stoj\u00ed v ceste.<\/p>\n","protected":false},"featured_media":32677,"comment_status":"open","ping_status":"closed","template":"","meta":{"inline_featured_image":false},"product_cat":[755],"product_tag":[1263,941,1132,1131],"acf":[],"yoast_head":"<!-- This site is optimized with the Yoast SEO plugin v22.5 - https:\/\/yoast.com\/wordpress\/plugins\/seo\/ -->\n<title>Jensen Interceptor R Mk3 aukcie - Piston Addict<\/title>\n<meta name=\"description\" content=\"Pozrite si tento Jensen Interceptor R MK3 na predaj v aukcii na PistonAddict.com\" \/>\n<meta name=\"robots\" content=\"index, follow, max-snippet:-1, max-image-preview:large, max-video-preview:-1\" \/>\n<link rel=\"canonical\" href=\"https:\/\/pistonaddict.com\/sk\/product\/jensen-interceptor\/\" \/>\n<meta property=\"og:locale\" content=\"sk_SK\" \/>\n<meta property=\"og:type\" content=\"article\" \/>\n<meta property=\"og:title\" content=\"Jensen Interceptor R Mk3 aukcie - Piston Addict\" \/>\n<meta property=\"og:description\" content=\"Pozrite si tento Jensen Interceptor R MK3 na predaj v aukcii na PistonAddict.com\" \/>\n<meta property=\"og:url\" content=\"https:\/\/pistonaddict.com\/sk\/product\/jensen-interceptor\/\" \/>\n<meta property=\"og:site_name\" content=\"Piston Addict\" \/>\n<meta property=\"article:modified_time\" content=\"2024-03-19T16:49:05+00:00\" \/>\n<meta property=\"og:image\" content=\"https:\/\/pistonaddict.com\/wp-content\/uploads\/2023\/04\/LuxurycarLondonApril11PistonAddict_0906-scaled.jpg\" \/>\n\t<meta property=\"og:image:width\" content=\"2560\" \/>\n\t<meta property=\"og:image:height\" content=\"1505\" \/>\n\t<meta property=\"og:image:type\" content=\"image\/jpeg\" \/>\n<meta name=\"twitter:card\" content=\"summary_large_image\" \/>\n<meta name=\"twitter:label1\" content=\"Predpokladan\u00fd \u010das \u010d\u00edtania\" \/>\n\t<meta name=\"twitter:data1\" content=\"3 min\u00faty\" \/>\n<script type=\"application\/ld+json\" class=\"yoast-schema-graph\">{\"@context\":\"https:\/\/schema.org\",\"@graph\":[{\"@type\":\"WebPage\",\"@id\":\"https:\/\/pistonaddict.com\/sk\/product\/jensen-interceptor\/\",\"url\":\"https:\/\/pistonaddict.com\/sk\/product\/jensen-interceptor\/\",\"name\":\"Jensen Interceptor R Mk3 aukcie - Piston Addict\",\"isPartOf\":{\"@id\":\"https:\/\/pistonaddict.com\/sk\/#website\"},\"primaryImageOfPage\":{\"@id\":\"https:\/\/pistonaddict.com\/sk\/product\/jensen-interceptor\/#primaryimage\"},\"image\":{\"@id\":\"https:\/\/pistonaddict.com\/sk\/product\/jensen-interceptor\/#primaryimage\"},\"thumbnailUrl\":\"https:\/\/pistonaddict.com\/wp-content\/uploads\/2023\/04\/LuxurycarLondonApril11PistonAddict_0906-scaled.jpg\",\"datePublished\":\"2023-04-19T07:41:30+00:00\",\"dateModified\":\"2024-03-19T16:49:05+00:00\",\"description\":\"Pozrite si tento Jensen Interceptor R MK3 na predaj v aukcii na PistonAddict.com\",\"breadcrumb\":{\"@id\":\"https:\/\/pistonaddict.com\/sk\/product\/jensen-interceptor\/#breadcrumb\"},\"inLanguage\":\"sk-SK\",\"potentialAction\":[{\"@type\":\"ReadAction\",\"target\":[\"https:\/\/pistonaddict.com\/sk\/product\/jensen-interceptor\/\"]}]},{\"@type\":\"ImageObject\",\"inLanguage\":\"sk-SK\",\"@id\":\"https:\/\/pistonaddict.com\/sk\/product\/jensen-interceptor\/#primaryimage\",\"url\":\"https:\/\/pistonaddict.com\/wp-content\/uploads\/2023\/04\/LuxurycarLondonApril11PistonAddict_0906-scaled.jpg\",\"contentUrl\":\"https:\/\/pistonaddict.com\/wp-content\/uploads\/2023\/04\/LuxurycarLondonApril11PistonAddict_0906-scaled.jpg\",\"width\":2560,\"height\":1505},{\"@type\":\"BreadcrumbList\",\"@id\":\"https:\/\/pistonaddict.com\/sk\/product\/jensen-interceptor\/#breadcrumb\",\"itemListElement\":[{\"@type\":\"ListItem\",\"position\":1,\"name\":\"domovskej str\u00e1nke\",\"item\":\"https:\/\/pistonaddict.com\/sk\/uvodna-stranka\/\"},{\"@type\":\"ListItem\",\"position\":2,\"name\":\"Auctions\",\"item\":\"https:\/\/pistonaddict.com\/auctions-listing\/\"},{\"@type\":\"ListItem\",\"position\":3,\"name\":\"Jensen Interceptor R Mk3\"}]},{\"@type\":\"WebSite\",\"@id\":\"https:\/\/pistonaddict.com\/sk\/#website\",\"url\":\"https:\/\/pistonaddict.com\/sk\/\",\"name\":\"Piston Addict\",\"description\":\"Only interesting vehicles\",\"publisher\":{\"@id\":\"https:\/\/pistonaddict.com\/sk\/#organization\"},\"potentialAction\":[{\"@type\":\"SearchAction\",\"target\":{\"@type\":\"EntryPoint\",\"urlTemplate\":\"https:\/\/pistonaddict.com\/sk\/?s={search_term_string}\"},\"query-input\":\"required name=search_term_string\"}],\"inLanguage\":\"sk-SK\"},{\"@type\":\"Organization\",\"@id\":\"https:\/\/pistonaddict.com\/sk\/#organization\",\"name\":\"Piston Addict\",\"url\":\"https:\/\/pistonaddict.com\/sk\/\",\"logo\":{\"@type\":\"ImageObject\",\"inLanguage\":\"sk-SK\",\"@id\":\"https:\/\/pistonaddict.com\/sk\/#\/schema\/logo\/image\/\",\"url\":\"https:\/\/pistonaddict.com\/wp-content\/uploads\/2022\/07\/logo-6.png\",\"contentUrl\":\"https:\/\/pistonaddict.com\/wp-content\/uploads\/2022\/07\/logo-6.png\",\"width\":970,\"height\":200,\"caption\":\"Piston Addict\"},\"image\":{\"@id\":\"https:\/\/pistonaddict.com\/sk\/#\/schema\/logo\/image\/\"}}]}<\/script>\n<!-- \/ Yoast SEO plugin. -->","yoast_head_json":{"title":"Jensen Interceptor R Mk3 aukcie - Piston Addict","description":"Pozrite si tento Jensen Interceptor R MK3 na predaj v aukcii na PistonAddict.com","robots":{"index":"index","follow":"follow","max-snippet":"max-snippet:-1","max-image-preview":"max-image-preview:large","max-video-preview":"max-video-preview:-1"},"canonical":"https:\/\/pistonaddict.com\/sk\/product\/jensen-interceptor\/","og_locale":"sk_SK","og_type":"article","og_title":"Jensen Interceptor R Mk3 aukcie - Piston Addict","og_description":"Pozrite si tento Jensen Interceptor R MK3 na predaj v aukcii na PistonAddict.com","og_url":"https:\/\/pistonaddict.com\/sk\/product\/jensen-interceptor\/","og_site_name":"Piston Addict","article_modified_time":"2024-03-19T16:49:05+00:00","og_image":[{"width":2560,"height":1505,"url":"https:\/\/pistonaddict.com\/wp-content\/uploads\/2023\/04\/LuxurycarLondonApril11PistonAddict_0906-scaled.jpg","type":"image\/jpeg"}],"twitter_card":"summary_large_image","twitter_misc":{"Predpokladan\u00fd \u010das \u010d\u00edtania":"3 min\u00faty"},"schema":{"@context":"https:\/\/schema.org","@graph":[{"@type":"WebPage","@id":"https:\/\/pistonaddict.com\/sk\/product\/jensen-interceptor\/","url":"https:\/\/pistonaddict.com\/sk\/product\/jensen-interceptor\/","name":"Jensen Interceptor R Mk3 aukcie - Piston Addict","isPartOf":{"@id":"https:\/\/pistonaddict.com\/sk\/#website"},"primaryImageOfPage":{"@id":"https:\/\/pistonaddict.com\/sk\/product\/jensen-interceptor\/#primaryimage"},"image":{"@id":"https:\/\/pistonaddict.com\/sk\/product\/jensen-interceptor\/#primaryimage"},"thumbnailUrl":"https:\/\/pistonaddict.com\/wp-content\/uploads\/2023\/04\/LuxurycarLondonApril11PistonAddict_0906-scaled.jpg","datePublished":"2023-04-19T07:41:30+00:00","dateModified":"2024-03-19T16:49:05+00:00","description":"Pozrite si tento Jensen Interceptor R MK3 na predaj v aukcii na PistonAddict.com","breadcrumb":{"@id":"https:\/\/pistonaddict.com\/sk\/product\/jensen-interceptor\/#breadcrumb"},"inLanguage":"sk-SK","potentialAction":[{"@type":"ReadAction","target":["https:\/\/pistonaddict.com\/sk\/product\/jensen-interceptor\/"]}]},{"@type":"ImageObject","inLanguage":"sk-SK","@id":"https:\/\/pistonaddict.com\/sk\/product\/jensen-interceptor\/#primaryimage","url":"https:\/\/pistonaddict.com\/wp-content\/uploads\/2023\/04\/LuxurycarLondonApril11PistonAddict_0906-scaled.jpg","contentUrl":"https:\/\/pistonaddict.com\/wp-content\/uploads\/2023\/04\/LuxurycarLondonApril11PistonAddict_0906-scaled.jpg","width":2560,"height":1505},{"@type":"BreadcrumbList","@id":"https:\/\/pistonaddict.com\/sk\/product\/jensen-interceptor\/#breadcrumb","itemListElement":[{"@type":"ListItem","position":1,"name":"domovskej str\u00e1nke","item":"https:\/\/pistonaddict.com\/sk\/uvodna-stranka\/"},{"@type":"ListItem","position":2,"name":"Auctions","item":"https:\/\/pistonaddict.com\/auctions-listing\/"},{"@type":"ListItem","position":3,"name":"Jensen Interceptor R Mk3"}]},{"@type":"WebSite","@id":"https:\/\/pistonaddict.com\/sk\/#website","url":"https:\/\/pistonaddict.com\/sk\/","name":"Piston Addict","description":"Only interesting vehicles","publisher":{"@id":"https:\/\/pistonaddict.com\/sk\/#organization"},"potentialAction":[{"@type":"SearchAction","target":{"@type":"EntryPoint","urlTemplate":"https:\/\/pistonaddict.com\/sk\/?s={search_term_string}"},"query-input":"required name=search_term_string"}],"inLanguage":"sk-SK"},{"@type":"Organization","@id":"https:\/\/pistonaddict.com\/sk\/#organization","name":"Piston Addict","url":"https:\/\/pistonaddict.com\/sk\/","logo":{"@type":"ImageObject","inLanguage":"sk-SK","@id":"https:\/\/pistonaddict.com\/sk\/#\/schema\/logo\/image\/","url":"https:\/\/pistonaddict.com\/wp-content\/uploads\/2022\/07\/logo-6.png","contentUrl":"https:\/\/pistonaddict.com\/wp-content\/uploads\/2022\/07\/logo-6.png","width":970,"height":200,"caption":"Piston Addict"},"image":{"@id":"https:\/\/pistonaddict.com\/sk\/#\/schema\/logo\/image\/"}}]}},"_links":{"self":[{"href":"https:\/\/pistonaddict.com\/sk\/wp-json\/wp\/v2\/product\/33358"}],"collection":[{"href":"https:\/\/pistonaddict.com\/sk\/wp-json\/wp\/v2\/product"}],"about":[{"href":"https:\/\/pistonaddict.com\/sk\/wp-json\/wp\/v2\/types\/product"}],"replies":[{"embeddable":true,"href":"https:\/\/pistonaddict.com\/sk\/wp-json\/wp\/v2\/comments?post=33358"}],"wp:featuredmedia":[{"embeddable":true,"href":"https:\/\/pistonaddict.com\/sk\/wp-json\/wp\/v2\/media\/32677"}],"wp:attachment":[{"href":"https:\/\/pistonaddict.com\/sk\/wp-json\/wp\/v2\/media?parent=33358"}],"wp:term":[{"taxonomy":"product_cat","embeddable":true,"href":"https:\/\/pistonaddict.com\/sk\/wp-json\/wp\/v2\/product_cat?post=33358"},{"taxonomy":"product_tag","embeddable":true,"href":"https:\/\/pistonaddict.com\/sk\/wp-json\/wp\/v2\/product_tag?post=33358"}],"curies":[{"name":"wp","href":"https:\/\/api.w.org\/{rel}","templated":true}]}}