{"id":32596,"date":"2023-04-18T18:05:14","date_gmt":"2023-04-18T16:05:14","guid":{"rendered":"https:\/\/pistonaddict.com\/product\/maserati-ghibli-ss-49-litra\/"},"modified":"2024-03-19T17:38:05","modified_gmt":"2024-03-19T16:38:05","slug":"maserati-ghibli-ss-49-litrov","status":"publish","type":"product","link":"https:\/\/pistonaddict.com\/sk\/product\/maserati-ghibli-ss-49-litrov\/","title":{"rendered":"Maserati Ghibli SS 4,9 litra"},"content":{"rendered":"<h2>Exteri\u00e9r<\/h2>\n<p>Vozidlo pred\u00e1van\u00e9 v tejto aukcii m\u00e1 modr\u00fa farbu a atrakt\u00edvne vyskakovacie svetlomety vpredu. To, \u010do rob\u00ed tento Sypder tak\u00fdm pr\u00ed\u0165a\u017eliv\u00fdm a p\u00fatav\u00fdm, je jeho elegantn\u00e1 silueta. Tento dvojdverov\u00fd roadster, ktor\u00fd navrhol jeden z najv\u00e4\u010d\u0161\u00edch dizajn\u00e9rov Giorgetto Giugiaro, m\u00e1 n\u00edzky nos pripom\u00ednaj\u00faci \u017eraloka, svalnat\u00e9 podbehy kolies a zva\u017euj\u00facu sa zadn\u00fa \u010das\u0165. V\u010faka tomu je ide\u00e1lny na uvo\u013enen\u00fa jazdu po bulv\u00e1ri alebo po malebn\u00fdch pobre\u017en\u00fdch cest\u00e1ch. A v nepriaznivom po\u010das\u00ed pr\u00edde vhod skladacia m\u00e4kk\u00e1 strecha ukryt\u00e1 pod farebne odl\u00ed\u0161en\u00fdm krytom tonneau. Vozidlo m\u00e1 15-palcov\u00e9 dr\u00f4ten\u00e9 disky vyroben\u00e9 spolo\u010dnos\u0165ou Ruote Borrani a dobov\u00e9 pneumatiky Michelin Radial X. Medzi \u010fal\u0161ie pozoruhodn\u00e9 detaily patria pochr\u00f3movan\u00e9 n\u00e1razn\u00edky a funk\u010dn\u00e9 vetracie otvory na kapote a blatn\u00edkoch.<\/p>\n<h2>Interi\u00e9r<\/h2>\n<p>V tomto konkr\u00e9tnom Maserati s\u00fa dve pohodln\u00e9, ale oporn\u00e9 sedadl\u00e1 potiahnut\u00e9 m\u00e4kkou svetlohnedou ko\u017eou. Z rovnak\u00e9ho oku lahodiaceho materi\u00e1lu je \u010dal\u00fanen\u00e1 v\u00e4\u010d\u0161ina interi\u00e9ru, okrem hornej \u010dasti palubnej dosky, ktor\u00e1 je potiahnut\u00e1 \u010diernym semi\u0161om. Pod\u013ea fotografi\u00ed poskytnut\u00fdch pred\u00e1vaj\u00facim je interi\u00e9r v bezchybnom stave. A ke\u010f sa vodi\u010d ocitne vo vn\u00fatri, bude ovl\u00e1da\u0165 kr\u00e1sny dreven\u00fd volant s tromi ramenami z nehrdzavej\u00facej ocele uprostred. Za n\u00edm sa nach\u00e1dza pr\u00edstrojov\u00fd panel s ot\u00e1\u010dkomerom s \u010dervenou linkou na 5 555 ot\u00e1\u010dok za min\u00fatu a r\u00fdchlomerom, ktor\u00e9ho koncov\u00e1 hodnota je 300 km\/h. Okrem nich m\u00e1 toto Ghibli p\u00e4\u0165 centr\u00e1lne umiestnen\u00fdch ukazovate\u013eov, ktor\u00e9 zobrazuj\u00fa d\u00f4le\u017eit\u00e9 parametre, ako je tlak oleja, teplota a hladina paliva. V tejto chv\u00edli je na tachometri pribli\u017ene 13 000 km.<\/p>\n<h2>Mechanika<\/h2>\n<p>Pred\u00e1van\u00e9 vozidlo je model SS, \u010do znamen\u00e1, \u017ee je vybaven\u00e9 v\u00e4\u010d\u0161\u00edm a v\u00fdkonnej\u0161\u00edm 4,9-litrov\u00fdm motorom V8. V\u010faka \u0161tyrom dvojkomorov\u00fdm karbur\u00e1torom Weber dosahuje v\u00fdkon 335 kon\u00ed a kr\u00fatiaci moment 480 Nm, ktor\u00fd sa pren\u00e1\u0161a na zadn\u00e9 koles\u00e1 prostredn\u00edctvom p\u00e4\u0165stup\u0148ovej manu\u00e1lnej prevodovky. To sta\u010d\u00ed na to, aby tento roadster Ghibli SS dosiahol maxim\u00e1lnu r\u00fdchlos\u0165 280 MPH, \u010d\u00edm sa stal najr\u00fdchlej\u0161\u00edm Maserati svojej doby. Okrem mechaniky m\u00e1 vozidlo r\u00farkov\u00fd oce\u013eov\u00fd podvozok, ktor\u00fd zabezpe\u010duje \u013eahkos\u0165 a tuhos\u0165 kon\u0161trukcie.<\/p>\n<h2>Hist\u00f3ria vozidla<\/h2>\n<p>Spom\u00ednan\u00fa prestavbu Spydera vykonala \u0161pecializovan\u00e1 diel\u0148a v Mondene, \u010do zaru\u010duje kvalitu pr\u00e1ce. Ide o ob\u013e\u00faben\u00fa \u00fapravu medzi majite\u013emi Ghibli, preto\u017ee Maserati vyrobilo menej ako 50 tov\u00e1rensk\u00fdch Spyderov. Okrem toho vozidlo pre\u0161lo h\u013abkovou renov\u00e1ciou, ktor\u00fa vykonala renomovan\u00e1 re\u0161taur\u00e1torsk\u00e1 firma Furlonger Cars z Ashfordu, ktor\u00e1 sa zaober\u00e1 talianskymi supercarmi.<\/p>\n<p>Pod\u013ea majite\u013ea sa v\u0161etky \u00fadr\u017eb\u00e1rske pr\u00e1ce vykon\u00e1vali pravidelne, pri\u010dom posledn\u00e1 \u00fadr\u017eba bola vykonan\u00e1 v j\u00fani 2021. V s\u00fa\u010dasnosti nie s\u00fa zn\u00e1me \u017eiadne poruchy alebo probl\u00e9my so \u017eiadnou z jeho s\u00fa\u010dast\u00ed. Okrem toho na karos\u00e9rii nie s\u00fa \u017eiadne vidite\u013en\u00e9 \u0161krabance, prelia\u010diny ani in\u00e9 nedostatky.<\/p>\n","protected":false},"excerpt":{"rendered":"<p>Tento otvoren\u00fd roadster Maserati Ghibli SS z roku 1971, ktor\u00fd m\u00e1 najazden\u00fdch len nie\u010do vy\u0161e 13 000 km, pred\u00e1va majite\u013e v s\u00fakrom\u00ed. Poh\u00e1\u0148a ho motor V8 spojen\u00fd s p\u00e4\u0165stup\u0148ovou manu\u00e1lnou prevodovkou. Hoci je toto vozidlo vizu\u00e1lne identick\u00e9 s ikonick\u00fdm modelom Spyder, za\u010d\u00ednalo ako kup\u00e9 a a\u017e nesk\u00f4r bolo prestavan\u00e9 do s\u00fa\u010dasnej podoby. Okrem toho, \u017ee je toto vozidlo v takmer bezchybnom stave, je aj plne servisovan\u00e9 a pod\u013ea majite\u013ea nebolo \u00fa\u010dastn\u00edkom \u017eiadnej nehody a v s\u00fa\u010dasnosti sa nach\u00e1dza v Spojenom kr\u00e1\u013eovstve.<\/p>\n","protected":false},"featured_media":32159,"comment_status":"open","ping_status":"closed","template":"","meta":{"inline_featured_image":false},"product_cat":[755],"product_tag":[1246,1096,947,1095],"acf":[],"yoast_head":"<!-- This site is optimized with the Yoast SEO plugin v22.5 - https:\/\/yoast.com\/wordpress\/plugins\/seo\/ -->\n<title>Maserati Ghibli SS 4,9 litra aukcie - Piston Addict<\/title>\n<meta name=\"description\" content=\"Pozrite si toto Maserati Ghibli SS 4.9 l na predaj v aukcii na PistonAddict.com s manu\u00e1lnou prevodovkou a iba 13 220 km.\" \/>\n<meta name=\"robots\" content=\"index, follow, max-snippet:-1, max-image-preview:large, max-video-preview:-1\" \/>\n<link rel=\"canonical\" href=\"https:\/\/pistonaddict.com\/sk\/product\/maserati-ghibli-ss-49-litrov\/\" \/>\n<meta property=\"og:locale\" content=\"sk_SK\" \/>\n<meta property=\"og:type\" content=\"article\" \/>\n<meta property=\"og:title\" content=\"Maserati Ghibli SS 4,9 litra aukcie - Piston Addict\" \/>\n<meta property=\"og:description\" content=\"Pozrite si toto Maserati Ghibli SS 4.9 l na predaj v aukcii na PistonAddict.com s manu\u00e1lnou prevodovkou a iba 13 220 km.\" \/>\n<meta property=\"og:url\" content=\"https:\/\/pistonaddict.com\/sk\/product\/maserati-ghibli-ss-49-litrov\/\" \/>\n<meta property=\"og:site_name\" content=\"Piston Addict\" \/>\n<meta property=\"article:modified_time\" content=\"2024-03-19T16:38:05+00:00\" \/>\n<meta property=\"og:image\" content=\"https:\/\/pistonaddict.com\/wp-content\/uploads\/2023\/04\/Maserati13-scaled.jpg\" \/>\n\t<meta property=\"og:image:width\" content=\"2560\" \/>\n\t<meta property=\"og:image:height\" content=\"1609\" \/>\n\t<meta property=\"og:image:type\" content=\"image\/jpeg\" \/>\n<meta name=\"twitter:card\" content=\"summary_large_image\" \/>\n<meta name=\"twitter:label1\" content=\"Predpokladan\u00fd \u010das \u010d\u00edtania\" \/>\n\t<meta name=\"twitter:data1\" content=\"3 min\u00faty\" \/>\n<script type=\"application\/ld+json\" class=\"yoast-schema-graph\">{\"@context\":\"https:\/\/schema.org\",\"@graph\":[{\"@type\":\"WebPage\",\"@id\":\"https:\/\/pistonaddict.com\/sk\/product\/maserati-ghibli-ss-49-litrov\/\",\"url\":\"https:\/\/pistonaddict.com\/sk\/product\/maserati-ghibli-ss-49-litrov\/\",\"name\":\"Maserati Ghibli SS 4,9 litra aukcie - Piston Addict\",\"isPartOf\":{\"@id\":\"https:\/\/pistonaddict.com\/sk\/#website\"},\"primaryImageOfPage\":{\"@id\":\"https:\/\/pistonaddict.com\/sk\/product\/maserati-ghibli-ss-49-litrov\/#primaryimage\"},\"image\":{\"@id\":\"https:\/\/pistonaddict.com\/sk\/product\/maserati-ghibli-ss-49-litrov\/#primaryimage\"},\"thumbnailUrl\":\"https:\/\/pistonaddict.com\/wp-content\/uploads\/2023\/04\/Maserati13-scaled.jpg\",\"datePublished\":\"2023-04-18T16:05:14+00:00\",\"dateModified\":\"2024-03-19T16:38:05+00:00\",\"description\":\"Pozrite si toto Maserati Ghibli SS 4.9 l na predaj v aukcii na PistonAddict.com s manu\u00e1lnou prevodovkou a iba 13 220 km.\",\"breadcrumb\":{\"@id\":\"https:\/\/pistonaddict.com\/sk\/product\/maserati-ghibli-ss-49-litrov\/#breadcrumb\"},\"inLanguage\":\"sk-SK\",\"potentialAction\":[{\"@type\":\"ReadAction\",\"target\":[\"https:\/\/pistonaddict.com\/sk\/product\/maserati-ghibli-ss-49-litrov\/\"]}]},{\"@type\":\"ImageObject\",\"inLanguage\":\"sk-SK\",\"@id\":\"https:\/\/pistonaddict.com\/sk\/product\/maserati-ghibli-ss-49-litrov\/#primaryimage\",\"url\":\"https:\/\/pistonaddict.com\/wp-content\/uploads\/2023\/04\/Maserati13-scaled.jpg\",\"contentUrl\":\"https:\/\/pistonaddict.com\/wp-content\/uploads\/2023\/04\/Maserati13-scaled.jpg\",\"width\":2560,\"height\":1609},{\"@type\":\"BreadcrumbList\",\"@id\":\"https:\/\/pistonaddict.com\/sk\/product\/maserati-ghibli-ss-49-litrov\/#breadcrumb\",\"itemListElement\":[{\"@type\":\"ListItem\",\"position\":1,\"name\":\"domovskej str\u00e1nke\",\"item\":\"https:\/\/pistonaddict.com\/sk\/uvodna-stranka\/\"},{\"@type\":\"ListItem\",\"position\":2,\"name\":\"Auctions\",\"item\":\"https:\/\/pistonaddict.com\/auctions-listing\/\"},{\"@type\":\"ListItem\",\"position\":3,\"name\":\"Maserati Ghibli SS 4,9 litra\"}]},{\"@type\":\"WebSite\",\"@id\":\"https:\/\/pistonaddict.com\/sk\/#website\",\"url\":\"https:\/\/pistonaddict.com\/sk\/\",\"name\":\"Piston Addict\",\"description\":\"Only interesting vehicles\",\"publisher\":{\"@id\":\"https:\/\/pistonaddict.com\/sk\/#organization\"},\"potentialAction\":[{\"@type\":\"SearchAction\",\"target\":{\"@type\":\"EntryPoint\",\"urlTemplate\":\"https:\/\/pistonaddict.com\/sk\/?s={search_term_string}\"},\"query-input\":\"required name=search_term_string\"}],\"inLanguage\":\"sk-SK\"},{\"@type\":\"Organization\",\"@id\":\"https:\/\/pistonaddict.com\/sk\/#organization\",\"name\":\"Piston Addict\",\"url\":\"https:\/\/pistonaddict.com\/sk\/\",\"logo\":{\"@type\":\"ImageObject\",\"inLanguage\":\"sk-SK\",\"@id\":\"https:\/\/pistonaddict.com\/sk\/#\/schema\/logo\/image\/\",\"url\":\"https:\/\/pistonaddict.com\/wp-content\/uploads\/2022\/07\/logo-6.png\",\"contentUrl\":\"https:\/\/pistonaddict.com\/wp-content\/uploads\/2022\/07\/logo-6.png\",\"width\":970,\"height\":200,\"caption\":\"Piston Addict\"},\"image\":{\"@id\":\"https:\/\/pistonaddict.com\/sk\/#\/schema\/logo\/image\/\"}}]}<\/script>\n<!-- \/ Yoast SEO plugin. -->","yoast_head_json":{"title":"Maserati Ghibli SS 4,9 litra aukcie - Piston Addict","description":"Pozrite si toto Maserati Ghibli SS 4.9 l na predaj v aukcii na PistonAddict.com s manu\u00e1lnou prevodovkou a iba 13 220 km.","robots":{"index":"index","follow":"follow","max-snippet":"max-snippet:-1","max-image-preview":"max-image-preview:large","max-video-preview":"max-video-preview:-1"},"canonical":"https:\/\/pistonaddict.com\/sk\/product\/maserati-ghibli-ss-49-litrov\/","og_locale":"sk_SK","og_type":"article","og_title":"Maserati Ghibli SS 4,9 litra aukcie - Piston Addict","og_description":"Pozrite si toto Maserati Ghibli SS 4.9 l na predaj v aukcii na PistonAddict.com s manu\u00e1lnou prevodovkou a iba 13 220 km.","og_url":"https:\/\/pistonaddict.com\/sk\/product\/maserati-ghibli-ss-49-litrov\/","og_site_name":"Piston Addict","article_modified_time":"2024-03-19T16:38:05+00:00","og_image":[{"width":2560,"height":1609,"url":"https:\/\/pistonaddict.com\/wp-content\/uploads\/2023\/04\/Maserati13-scaled.jpg","type":"image\/jpeg"}],"twitter_card":"summary_large_image","twitter_misc":{"Predpokladan\u00fd \u010das \u010d\u00edtania":"3 min\u00faty"},"schema":{"@context":"https:\/\/schema.org","@graph":[{"@type":"WebPage","@id":"https:\/\/pistonaddict.com\/sk\/product\/maserati-ghibli-ss-49-litrov\/","url":"https:\/\/pistonaddict.com\/sk\/product\/maserati-ghibli-ss-49-litrov\/","name":"Maserati Ghibli SS 4,9 litra aukcie - Piston Addict","isPartOf":{"@id":"https:\/\/pistonaddict.com\/sk\/#website"},"primaryImageOfPage":{"@id":"https:\/\/pistonaddict.com\/sk\/product\/maserati-ghibli-ss-49-litrov\/#primaryimage"},"image":{"@id":"https:\/\/pistonaddict.com\/sk\/product\/maserati-ghibli-ss-49-litrov\/#primaryimage"},"thumbnailUrl":"https:\/\/pistonaddict.com\/wp-content\/uploads\/2023\/04\/Maserati13-scaled.jpg","datePublished":"2023-04-18T16:05:14+00:00","dateModified":"2024-03-19T16:38:05+00:00","description":"Pozrite si toto Maserati Ghibli SS 4.9 l na predaj v aukcii na PistonAddict.com s manu\u00e1lnou prevodovkou a iba 13 220 km.","breadcrumb":{"@id":"https:\/\/pistonaddict.com\/sk\/product\/maserati-ghibli-ss-49-litrov\/#breadcrumb"},"inLanguage":"sk-SK","potentialAction":[{"@type":"ReadAction","target":["https:\/\/pistonaddict.com\/sk\/product\/maserati-ghibli-ss-49-litrov\/"]}]},{"@type":"ImageObject","inLanguage":"sk-SK","@id":"https:\/\/pistonaddict.com\/sk\/product\/maserati-ghibli-ss-49-litrov\/#primaryimage","url":"https:\/\/pistonaddict.com\/wp-content\/uploads\/2023\/04\/Maserati13-scaled.jpg","contentUrl":"https:\/\/pistonaddict.com\/wp-content\/uploads\/2023\/04\/Maserati13-scaled.jpg","width":2560,"height":1609},{"@type":"BreadcrumbList","@id":"https:\/\/pistonaddict.com\/sk\/product\/maserati-ghibli-ss-49-litrov\/#breadcrumb","itemListElement":[{"@type":"ListItem","position":1,"name":"domovskej str\u00e1nke","item":"https:\/\/pistonaddict.com\/sk\/uvodna-stranka\/"},{"@type":"ListItem","position":2,"name":"Auctions","item":"https:\/\/pistonaddict.com\/auctions-listing\/"},{"@type":"ListItem","position":3,"name":"Maserati Ghibli SS 4,9 litra"}]},{"@type":"WebSite","@id":"https:\/\/pistonaddict.com\/sk\/#website","url":"https:\/\/pistonaddict.com\/sk\/","name":"Piston Addict","description":"Only interesting vehicles","publisher":{"@id":"https:\/\/pistonaddict.com\/sk\/#organization"},"potentialAction":[{"@type":"SearchAction","target":{"@type":"EntryPoint","urlTemplate":"https:\/\/pistonaddict.com\/sk\/?s={search_term_string}"},"query-input":"required name=search_term_string"}],"inLanguage":"sk-SK"},{"@type":"Organization","@id":"https:\/\/pistonaddict.com\/sk\/#organization","name":"Piston Addict","url":"https:\/\/pistonaddict.com\/sk\/","logo":{"@type":"ImageObject","inLanguage":"sk-SK","@id":"https:\/\/pistonaddict.com\/sk\/#\/schema\/logo\/image\/","url":"https:\/\/pistonaddict.com\/wp-content\/uploads\/2022\/07\/logo-6.png","contentUrl":"https:\/\/pistonaddict.com\/wp-content\/uploads\/2022\/07\/logo-6.png","width":970,"height":200,"caption":"Piston Addict"},"image":{"@id":"https:\/\/pistonaddict.com\/sk\/#\/schema\/logo\/image\/"}}]}},"_links":{"self":[{"href":"https:\/\/pistonaddict.com\/sk\/wp-json\/wp\/v2\/product\/32596"}],"collection":[{"href":"https:\/\/pistonaddict.com\/sk\/wp-json\/wp\/v2\/product"}],"about":[{"href":"https:\/\/pistonaddict.com\/sk\/wp-json\/wp\/v2\/types\/product"}],"replies":[{"embeddable":true,"href":"https:\/\/pistonaddict.com\/sk\/wp-json\/wp\/v2\/comments?post=32596"}],"wp:featuredmedia":[{"embeddable":true,"href":"https:\/\/pistonaddict.com\/sk\/wp-json\/wp\/v2\/media\/32159"}],"wp:attachment":[{"href":"https:\/\/pistonaddict.com\/sk\/wp-json\/wp\/v2\/media?parent=32596"}],"wp:term":[{"taxonomy":"product_cat","embeddable":true,"href":"https:\/\/pistonaddict.com\/sk\/wp-json\/wp\/v2\/product_cat?post=32596"},{"taxonomy":"product_tag","embeddable":true,"href":"https:\/\/pistonaddict.com\/sk\/wp-json\/wp\/v2\/product_tag?post=32596"}],"curies":[{"name":"wp","href":"https:\/\/api.w.org\/{rel}","templated":true}]}}