{"id":29717,"date":"2023-03-02T21:25:19","date_gmt":"2023-03-02T20:25:19","guid":{"rendered":"https:\/\/pistonaddict.com\/product\/1985-porsche-911-carrera-3-2-na-predaj\/"},"modified":"2024-03-22T16:10:55","modified_gmt":"2024-03-22T15:10:55","slug":"1985-porsche-911-carrera-3-2-for-sale","status":"publish","type":"product","link":"https:\/\/pistonaddict.com\/sk\/product\/1985-porsche-911-carrera-3-2-for-sale\/","title":{"rendered":"1985 Porsche 911 Carrera 3.2 na predaj v aukcii"},"content":{"rendered":"<p><strong>Hist\u00f3ria vozidla<\/strong><\/p>\n<p>Pred\u00e1vaj\u00faci z\u00edskal tento kr\u00e1sny pr\u00edklad k\u00fazla polovice 80. rokov v roku 1997 v Luxembursku a doviezol ho do \u0160vaj\u010diarska. T\u00e1to Carrera bola vybaven\u00e1 \u0161tandardn\u00fdm 3,2-litrov\u00fdm ploch\u00fdm \u0161es\u0165valcom, ktor\u00fd prostredn\u00edctvom 5-stup\u0148ovej manu\u00e1lnej prevodovky pren\u00e1\u0161a na zadn\u00e9 koles\u00e1 v\u00fdkon 231 kon\u00ed. Motor m\u00e1 vstrekovanie paliva a dok\u00e1\u017ee tento legend\u00e1rny \u0161portov\u00fd automobil vystreli\u0165 z 0 na 100 km\/h za 5,9 sekundy a dosiahnu\u0165 maxim\u00e1lnu, st\u00e1le \u00factyhodn\u00fa r\u00fdchlos\u0165 245 km\/h (150 mph). Neexistuj\u00fa \u017eiadne z\u00e1znamy o \u00faprav\u00e1ch motora, ale vozidlo bolo pravidelne udr\u017eiavan\u00e9, pri\u010dom posledn\u00fd zdokumentovan\u00fd servis bol vykonan\u00fd koncom marca 2022. Toto \u010dierne Porsche doteraz najazdilo 168 000 km.<\/p>\n<p><strong>Stav<\/strong><\/p>\n<p>Na vozidle bol vykonan\u00fd kompletn\u00fd profesion\u00e1lny n\u00e1ter karos\u00e9rie a renov\u00e1cia motora s pou\u017eit\u00edm origin\u00e1lnych dielov a s\u00fa\u010diastok. Pre\u0161iel \u0161vaj\u010diarskou technickou kontrolou a jeho cesta je leg\u00e1lna a registrovan\u00e1. Perspekt\u00edvni kupuj\u00faci chc\u00fa vedie\u0165, \u017ee anal\u00fdza oleja bola vykonan\u00e1 a jej v\u00fdsledky s\u00fa v poriadku. Na vide\u00e1ch m\u00f4\u017eete vidie\u0165, \u017ee tlak oleja a v\u0161etky meracie pr\u00edstroje funguj\u00fa spr\u00e1vne. V podvozku nie s\u00fa \u017eiadne \u00faniky oleja, motorov\u00fd priestor je upratan\u00fd a v\u0161etky p\u00f4vodn\u00e9 pe\u010diatky a ozna\u010denia s\u00fa pr\u00edtomn\u00e9.<\/p>\n<p><strong>Interi\u00e9r<\/strong><\/p>\n<p>Interi\u00e9r tohto Porsche 911 Carrera 3.2 z roku 1985 je p\u00f4vodn\u00fd, sedadl\u00e1 a dverov\u00e9 karty s\u00fa potiahnut\u00e9 ko\u017eou. V porovnan\u00ed s podobn\u00fdmi vozidlami m\u00e1 tento trojit\u00fd \u010dierny exempl\u00e1r (karos\u00e9ria, interi\u00e9r a koberce &#8211; v\u0161etko \u010dierne) nieko\u013eko \u017eiadan\u00fdch mo\u017enost\u00ed, ktor\u00e9 zberatelia vyh\u013ead\u00e1vaj\u00fa. Prv\u00fdm z nich s\u00fa ko\u017een\u00e9 sedadl\u00e1 s elektrick\u00fdm ovl\u00e1dan\u00edm. Po druh\u00e9, tento pr\u00edklad je vybaven\u00fd klimatiz\u00e1ciou, ktor\u00e1 je v\u00edtan\u00fdm doplnkom najm\u00e4 po\u010das hor\u00facich letn\u00fdch dn\u00ed. Po tretie, t\u00e1to Carrera z roku 1985 m\u00e1 aj stre\u0161n\u00e9 okno, elektrick\u00e9 zrkadl\u00e1 a ostrekova\u010de svetlometov, ktor\u00e9 prispievaj\u00fa k lep\u0161\u00edm z\u00e1\u017eitkom. Zadn\u00e9 sklo je vyhrievan\u00e9 a na zadnom sedadle je zabudovan\u00e1 stereo jednotka pre va\u0161e ob\u013e\u00faben\u00e9 skladby z 80. rokov. Radiaca p\u00e1ka v\u0161ak nie je origin\u00e1lna.<\/p>\n<p><strong>Exteri\u00e9r a koles\u00e1<\/strong><\/p>\n<p>V\u0161etky exteri\u00e9rov\u00e9 ozdobn\u00e9 prvky, li\u0161ty a plastov\u00e9 komponenty vyzeraj\u00fa v perfektnom stave a okolo stre\u0161n\u00e9ho otvoru nie je vidite\u013en\u00e1 \u017eiadna hrdza, \u010do je u t\u00fdchto vozidiel be\u017en\u00fd probl\u00e9m. Znamen\u00e1 to, \u017ee vozidlo je dobre udr\u017eiavan\u00e9 a pou\u017e\u00edva sa len sporadicky. Je zauj\u00edmav\u00e9, \u017ee majite\u013e sa rozhodol vylep\u0161i\u0165 vozov\u00fd park tohto Porsche 911 Carrera z roku 1985. Namiesto tov\u00e1rensky spr\u00e1vnych 15-palcov\u00fdch kolies m\u00e1 toto vozidlo 16-palcov\u00e9 origin\u00e1lne disky Fuchs obut\u00e9 do pneumat\u00edk Pirelli P Zero. Samozrejme, zadn\u00e9 s\u00fa \u0161ir\u0161ie ako predn\u00e9. Ide o be\u017en\u00fa \u00fapravu, ktor\u00e1 pom\u00e1ha vzh\u013eadu aj jazdnej dynamike. Pneumatiky boli namontovan\u00e9 v polovici roka 2021. Vozidlo je dod\u00e1van\u00e9 s origin\u00e1lnou sadou n\u00e1radia a rezervn\u00fdm kolesom, \u010do ukazuje \u00farove\u0148 originality priazniv\u00fa pre zberate\u013eov.<\/p>\n<p><strong>Dokument\u00e1cia<\/strong><\/p>\n<p>Ide o vozidlo v s\u00fakromnom vlastn\u00edctve s pr\u00edslu\u0161nou dokument\u00e1ciou, ktor\u00e9 sa nach\u00e1dza v \u017deneve vo \u0160vaj\u010diarsku. Spr\u00e1va CarVertical je \u010dist\u00e1; neexistuj\u00fa \u017eiadne d\u00f4kazy o nehod\u00e1ch, oprav\u00e1ch po nehode, vlastn\u00edctve alebo pr\u00e1vnych probl\u00e9moch. Z\u00e1znamy o pravidelnej \u00fadr\u017ebe siahaj\u00fa a\u017e do roku 2015.<\/p>\n","protected":false},"excerpt":{"rendered":"<p>T\u00e1to Carrera 3.2 z roku 1985, dokon\u010den\u00e1 v elegantnom \u010diernom odtieni Porsche so zodpovedaj\u00facim interi\u00e9rom, je dokonal\u00fdm pr\u00edkladom klasickej 911 v kvalite vodi\u010da, pripraven\u00e1 na to, aby si ju u\u017eil nov\u00fd majite\u013e. T\u00e1to Carrera s neozna\u010den\u00fdm exteri\u00e9rom, nieko\u013ek\u00fdmi \u017eelan\u00fdmi doplnkami a dobre vybaven\u00fdm interi\u00e9rom je dobre udr\u017eiavan\u00e1 a spo\u013eahliv\u00e1 klasika s dostato\u010dn\u00fdm v\u00fdkonom, pripraven\u00e1 na letn\u00fd v\u00fdlet naprie\u010d Eur\u00f3pou.<\/p>\n","protected":false},"featured_media":29673,"comment_status":"open","ping_status":"closed","template":"","meta":{"inline_featured_image":false},"product_cat":[755],"product_tag":[948,838,896,947,837],"acf":[],"yoast_head":"<!-- This site is optimized with the Yoast SEO plugin v22.5 - https:\/\/yoast.com\/wordpress\/plugins\/seo\/ -->\n<title>1985 Porsche 911 Carrera 3.2 na predaj v aukcii - Piston Addict str\u00e1nky<\/title>\n<meta name=\"description\" content=\"Pozrite si tento n\u00e1dhern\u00fd Porsche 911 Carrera 3.2 z roku 1985 na aukcii na PistonAddict.com\" \/>\n<meta name=\"robots\" content=\"index, follow, max-snippet:-1, max-image-preview:large, max-video-preview:-1\" \/>\n<link rel=\"canonical\" href=\"https:\/\/pistonaddict.com\/sk\/product\/1985-porsche-911-carrera-3-2-for-sale\/\" \/>\n<meta property=\"og:locale\" content=\"sk_SK\" \/>\n<meta property=\"og:type\" content=\"article\" \/>\n<meta property=\"og:title\" content=\"1985 Porsche 911 Carrera 3.2 na predaj v aukcii - Piston Addict str\u00e1nky\" \/>\n<meta property=\"og:description\" content=\"Pozrite si tento n\u00e1dhern\u00fd Porsche 911 Carrera 3.2 z roku 1985 na aukcii na PistonAddict.com\" \/>\n<meta property=\"og:url\" content=\"https:\/\/pistonaddict.com\/sk\/product\/1985-porsche-911-carrera-3-2-for-sale\/\" \/>\n<meta property=\"og:site_name\" content=\"Piston Addict\" \/>\n<meta property=\"article:modified_time\" content=\"2024-03-22T15:10:55+00:00\" \/>\n<meta property=\"og:image\" content=\"https:\/\/pistonaddict.com\/wp-content\/uploads\/2023\/03\/IMG_2519-scaled.jpeg\" \/>\n\t<meta property=\"og:image:width\" content=\"2560\" \/>\n\t<meta property=\"og:image:height\" content=\"1920\" \/>\n\t<meta property=\"og:image:type\" content=\"image\/jpeg\" \/>\n<meta name=\"twitter:card\" content=\"summary_large_image\" \/>\n<meta name=\"twitter:label1\" content=\"Predpokladan\u00fd \u010das \u010d\u00edtania\" \/>\n\t<meta name=\"twitter:data1\" content=\"3 min\u00faty\" \/>\n<script type=\"application\/ld+json\" class=\"yoast-schema-graph\">{\"@context\":\"https:\/\/schema.org\",\"@graph\":[{\"@type\":\"WebPage\",\"@id\":\"https:\/\/pistonaddict.com\/sk\/product\/1985-porsche-911-carrera-3-2-for-sale\/\",\"url\":\"https:\/\/pistonaddict.com\/sk\/product\/1985-porsche-911-carrera-3-2-for-sale\/\",\"name\":\"1985 Porsche 911 Carrera 3.2 na predaj v aukcii - Piston Addict str\u00e1nky\",\"isPartOf\":{\"@id\":\"https:\/\/pistonaddict.com\/sk\/#website\"},\"primaryImageOfPage\":{\"@id\":\"https:\/\/pistonaddict.com\/sk\/product\/1985-porsche-911-carrera-3-2-for-sale\/#primaryimage\"},\"image\":{\"@id\":\"https:\/\/pistonaddict.com\/sk\/product\/1985-porsche-911-carrera-3-2-for-sale\/#primaryimage\"},\"thumbnailUrl\":\"https:\/\/pistonaddict.com\/wp-content\/uploads\/2023\/03\/IMG_2519-scaled.jpeg\",\"datePublished\":\"2023-03-02T20:25:19+00:00\",\"dateModified\":\"2024-03-22T15:10:55+00:00\",\"description\":\"Pozrite si tento n\u00e1dhern\u00fd Porsche 911 Carrera 3.2 z roku 1985 na aukcii na PistonAddict.com\",\"breadcrumb\":{\"@id\":\"https:\/\/pistonaddict.com\/sk\/product\/1985-porsche-911-carrera-3-2-for-sale\/#breadcrumb\"},\"inLanguage\":\"sk-SK\",\"potentialAction\":[{\"@type\":\"ReadAction\",\"target\":[\"https:\/\/pistonaddict.com\/sk\/product\/1985-porsche-911-carrera-3-2-for-sale\/\"]}]},{\"@type\":\"ImageObject\",\"inLanguage\":\"sk-SK\",\"@id\":\"https:\/\/pistonaddict.com\/sk\/product\/1985-porsche-911-carrera-3-2-for-sale\/#primaryimage\",\"url\":\"https:\/\/pistonaddict.com\/wp-content\/uploads\/2023\/03\/IMG_2519-scaled.jpeg\",\"contentUrl\":\"https:\/\/pistonaddict.com\/wp-content\/uploads\/2023\/03\/IMG_2519-scaled.jpeg\",\"width\":2560,\"height\":1920},{\"@type\":\"BreadcrumbList\",\"@id\":\"https:\/\/pistonaddict.com\/sk\/product\/1985-porsche-911-carrera-3-2-for-sale\/#breadcrumb\",\"itemListElement\":[{\"@type\":\"ListItem\",\"position\":1,\"name\":\"domovskej str\u00e1nke\",\"item\":\"https:\/\/pistonaddict.com\/sk\/uvodna-stranka\/\"},{\"@type\":\"ListItem\",\"position\":2,\"name\":\"Auctions\",\"item\":\"https:\/\/pistonaddict.com\/auctions-listing\/\"},{\"@type\":\"ListItem\",\"position\":3,\"name\":\"1985 Porsche 911 Carrera 3.2 na predaj v aukcii\"}]},{\"@type\":\"WebSite\",\"@id\":\"https:\/\/pistonaddict.com\/sk\/#website\",\"url\":\"https:\/\/pistonaddict.com\/sk\/\",\"name\":\"Piston Addict\",\"description\":\"Only interesting vehicles\",\"publisher\":{\"@id\":\"https:\/\/pistonaddict.com\/sk\/#organization\"},\"potentialAction\":[{\"@type\":\"SearchAction\",\"target\":{\"@type\":\"EntryPoint\",\"urlTemplate\":\"https:\/\/pistonaddict.com\/sk\/?s={search_term_string}\"},\"query-input\":\"required name=search_term_string\"}],\"inLanguage\":\"sk-SK\"},{\"@type\":\"Organization\",\"@id\":\"https:\/\/pistonaddict.com\/sk\/#organization\",\"name\":\"Piston Addict\",\"url\":\"https:\/\/pistonaddict.com\/sk\/\",\"logo\":{\"@type\":\"ImageObject\",\"inLanguage\":\"sk-SK\",\"@id\":\"https:\/\/pistonaddict.com\/sk\/#\/schema\/logo\/image\/\",\"url\":\"https:\/\/pistonaddict.com\/wp-content\/uploads\/2022\/07\/logo-6.png\",\"contentUrl\":\"https:\/\/pistonaddict.com\/wp-content\/uploads\/2022\/07\/logo-6.png\",\"width\":970,\"height\":200,\"caption\":\"Piston Addict\"},\"image\":{\"@id\":\"https:\/\/pistonaddict.com\/sk\/#\/schema\/logo\/image\/\"}}]}<\/script>\n<!-- \/ Yoast SEO plugin. -->","yoast_head_json":{"title":"1985 Porsche 911 Carrera 3.2 na predaj v aukcii - Piston Addict str\u00e1nky","description":"Pozrite si tento n\u00e1dhern\u00fd Porsche 911 Carrera 3.2 z roku 1985 na aukcii na PistonAddict.com","robots":{"index":"index","follow":"follow","max-snippet":"max-snippet:-1","max-image-preview":"max-image-preview:large","max-video-preview":"max-video-preview:-1"},"canonical":"https:\/\/pistonaddict.com\/sk\/product\/1985-porsche-911-carrera-3-2-for-sale\/","og_locale":"sk_SK","og_type":"article","og_title":"1985 Porsche 911 Carrera 3.2 na predaj v aukcii - Piston Addict str\u00e1nky","og_description":"Pozrite si tento n\u00e1dhern\u00fd Porsche 911 Carrera 3.2 z roku 1985 na aukcii na PistonAddict.com","og_url":"https:\/\/pistonaddict.com\/sk\/product\/1985-porsche-911-carrera-3-2-for-sale\/","og_site_name":"Piston Addict","article_modified_time":"2024-03-22T15:10:55+00:00","og_image":[{"width":2560,"height":1920,"url":"https:\/\/pistonaddict.com\/wp-content\/uploads\/2023\/03\/IMG_2519-scaled.jpeg","type":"image\/jpeg"}],"twitter_card":"summary_large_image","twitter_misc":{"Predpokladan\u00fd \u010das \u010d\u00edtania":"3 min\u00faty"},"schema":{"@context":"https:\/\/schema.org","@graph":[{"@type":"WebPage","@id":"https:\/\/pistonaddict.com\/sk\/product\/1985-porsche-911-carrera-3-2-for-sale\/","url":"https:\/\/pistonaddict.com\/sk\/product\/1985-porsche-911-carrera-3-2-for-sale\/","name":"1985 Porsche 911 Carrera 3.2 na predaj v aukcii - Piston Addict str\u00e1nky","isPartOf":{"@id":"https:\/\/pistonaddict.com\/sk\/#website"},"primaryImageOfPage":{"@id":"https:\/\/pistonaddict.com\/sk\/product\/1985-porsche-911-carrera-3-2-for-sale\/#primaryimage"},"image":{"@id":"https:\/\/pistonaddict.com\/sk\/product\/1985-porsche-911-carrera-3-2-for-sale\/#primaryimage"},"thumbnailUrl":"https:\/\/pistonaddict.com\/wp-content\/uploads\/2023\/03\/IMG_2519-scaled.jpeg","datePublished":"2023-03-02T20:25:19+00:00","dateModified":"2024-03-22T15:10:55+00:00","description":"Pozrite si tento n\u00e1dhern\u00fd Porsche 911 Carrera 3.2 z roku 1985 na aukcii na PistonAddict.com","breadcrumb":{"@id":"https:\/\/pistonaddict.com\/sk\/product\/1985-porsche-911-carrera-3-2-for-sale\/#breadcrumb"},"inLanguage":"sk-SK","potentialAction":[{"@type":"ReadAction","target":["https:\/\/pistonaddict.com\/sk\/product\/1985-porsche-911-carrera-3-2-for-sale\/"]}]},{"@type":"ImageObject","inLanguage":"sk-SK","@id":"https:\/\/pistonaddict.com\/sk\/product\/1985-porsche-911-carrera-3-2-for-sale\/#primaryimage","url":"https:\/\/pistonaddict.com\/wp-content\/uploads\/2023\/03\/IMG_2519-scaled.jpeg","contentUrl":"https:\/\/pistonaddict.com\/wp-content\/uploads\/2023\/03\/IMG_2519-scaled.jpeg","width":2560,"height":1920},{"@type":"BreadcrumbList","@id":"https:\/\/pistonaddict.com\/sk\/product\/1985-porsche-911-carrera-3-2-for-sale\/#breadcrumb","itemListElement":[{"@type":"ListItem","position":1,"name":"domovskej str\u00e1nke","item":"https:\/\/pistonaddict.com\/sk\/uvodna-stranka\/"},{"@type":"ListItem","position":2,"name":"Auctions","item":"https:\/\/pistonaddict.com\/auctions-listing\/"},{"@type":"ListItem","position":3,"name":"1985 Porsche 911 Carrera 3.2 na predaj v aukcii"}]},{"@type":"WebSite","@id":"https:\/\/pistonaddict.com\/sk\/#website","url":"https:\/\/pistonaddict.com\/sk\/","name":"Piston Addict","description":"Only interesting vehicles","publisher":{"@id":"https:\/\/pistonaddict.com\/sk\/#organization"},"potentialAction":[{"@type":"SearchAction","target":{"@type":"EntryPoint","urlTemplate":"https:\/\/pistonaddict.com\/sk\/?s={search_term_string}"},"query-input":"required name=search_term_string"}],"inLanguage":"sk-SK"},{"@type":"Organization","@id":"https:\/\/pistonaddict.com\/sk\/#organization","name":"Piston Addict","url":"https:\/\/pistonaddict.com\/sk\/","logo":{"@type":"ImageObject","inLanguage":"sk-SK","@id":"https:\/\/pistonaddict.com\/sk\/#\/schema\/logo\/image\/","url":"https:\/\/pistonaddict.com\/wp-content\/uploads\/2022\/07\/logo-6.png","contentUrl":"https:\/\/pistonaddict.com\/wp-content\/uploads\/2022\/07\/logo-6.png","width":970,"height":200,"caption":"Piston Addict"},"image":{"@id":"https:\/\/pistonaddict.com\/sk\/#\/schema\/logo\/image\/"}}]}},"_links":{"self":[{"href":"https:\/\/pistonaddict.com\/sk\/wp-json\/wp\/v2\/product\/29717"}],"collection":[{"href":"https:\/\/pistonaddict.com\/sk\/wp-json\/wp\/v2\/product"}],"about":[{"href":"https:\/\/pistonaddict.com\/sk\/wp-json\/wp\/v2\/types\/product"}],"replies":[{"embeddable":true,"href":"https:\/\/pistonaddict.com\/sk\/wp-json\/wp\/v2\/comments?post=29717"}],"wp:featuredmedia":[{"embeddable":true,"href":"https:\/\/pistonaddict.com\/sk\/wp-json\/wp\/v2\/media\/29673"}],"wp:attachment":[{"href":"https:\/\/pistonaddict.com\/sk\/wp-json\/wp\/v2\/media?parent=29717"}],"wp:term":[{"taxonomy":"product_cat","embeddable":true,"href":"https:\/\/pistonaddict.com\/sk\/wp-json\/wp\/v2\/product_cat?post=29717"},{"taxonomy":"product_tag","embeddable":true,"href":"https:\/\/pistonaddict.com\/sk\/wp-json\/wp\/v2\/product_tag?post=29717"}],"curies":[{"name":"wp","href":"https:\/\/api.w.org\/{rel}","templated":true}]}}