{"id":108791,"date":"2024-06-11T17:05:07","date_gmt":"2024-06-11T15:05:07","guid":{"rendered":"https:\/\/pistonaddict.com\/product\/lamborghini-urraco-p250\/"},"modified":"2024-06-12T09:54:27","modified_gmt":"2024-06-12T07:54:27","slug":"lamborghini-urraco-p250","status":"publish","type":"product","link":"https:\/\/pistonaddict.com\/sk\/product\/lamborghini-urraco-p250\/","title":{"rendered":"Lamborghini Urraco P250"},"content":{"rendered":"<h2>Exteri\u00e9r<\/h2>\n<p>Zvonka m\u00e1 tento taliansky \u0161tvormiestny automobil klinovit\u00fa siluetu, charakteristick\u00fa pre v\u00e4\u010d\u0161inu super\u0161portov\u00fdch vozidiel tej doby. Prednej \u010dasti dominuj\u00fa ikonick\u00e9 v\u00fdsuvn\u00e9 svetlomety, ktor\u00e9 s\u00fa absol\u00fatnou nevyhnutnos\u0165ou pre prisp\u00f4sobenie sa plochej, n\u00edzko visiacej kapote. Po stran\u00e1ch s\u00fa najv\u00fdraznej\u0161ie svalnat\u00e9 podbehy kolies, v ktor\u00fdch s\u00fa umiestnen\u00e9 p\u00f4vodn\u00e9 14-palcov\u00e9 zliatinov\u00e9 disky obut\u00e9 do dobovo korektn\u00fdch pneumat\u00edk Michelin XWX. Okrem toho si pozorn\u00e9 oko v\u0161imne na zadnej strane dvojit\u00fa ANSA z nehrdzavej\u00facej ocele, ktor\u00fa vyrobil zn\u00e1my ladi\u010d Abart. Toto konkr\u00e9tne vozidlo je lakovan\u00e9 v elegantnom striebornom laku, ktor\u00fd dod\u00e1va jeho agres\u00edvnemu postoju elegantn\u00fd n\u00e1dych.<\/p>\n<h2>Interi\u00e9r<\/h2>\n<p>Po otvoren\u00ed dver\u00ed sa odhal\u00ed honosn\u00fd interi\u00e9r Lambo Nero, pri\u010dom najpozoruhodnej\u0161ie s\u00fa predn\u00e9 vedrov\u00e9 sedadl\u00e1, ktor\u00fdch stav predajca ozna\u010duje ako &#8220;nov\u00e9&#8221;. Rovnak\u00fd opis mo\u017eno pou\u017ei\u0165 aj pre zadn\u00fa lavicu, ktor\u00e1 je dostato\u010dne priestrann\u00e1 na to, aby sa na \u0148u zmestili dve osoby. Po usaden\u00ed sa vodi\u010d pozer\u00e1 na \u0161tvorramenn\u00fd ko\u017een\u00fd volant, za ktor\u00fdm sa nach\u00e1dza prepracovan\u00fd pr\u00edstrojov\u00fd panel. Okrem r\u00fdchlomera s r\u00fdchlos\u0165ou do 280 km\/h a ot\u00e1\u010dkomera s 9000 ot\u00e1\u010dkami za min\u00fatu s\u00fa tu aj ukazovatele teploty motora, tlaku oleja a nab\u00edjacieho nap\u00e4tia. Pr\u00edstrojov\u00e1 doska je potiahnut\u00e1 tmavosivou ko\u017eou Alcantara, ktor\u00e1 jej dod\u00e1va jemn\u00fd pocit a ploch\u00fd vzh\u013ead, ktor\u00fd neodr\u00e1\u017ea slne\u010dn\u00e9 l\u00fa\u010de.<\/p>\n<h2>Mechanika<\/h2>\n<p>Toto Urraco je model P250 a m\u00e1 2,5-litrov\u00fd motor V8 s v\u00fdkonom 250 kon\u00ed a rovnako p\u00f4sobiv\u00fdm kr\u00fatiacim momentom 220 Nm. Tento v\u00fdkon sa pren\u00e1\u0161a prostredn\u00edctvom 5-stup\u0148ovej manu\u00e1lnej prevodovky, ktor\u00e1 zabezpe\u010duje \u010das 0-100 za necel\u00fdch 7 sek\u00fand a maxim\u00e1lnu r\u00fdchlos\u0165 240 kilometrov za hodinu. Tieto v\u00fdkony, p\u00f4sobiv\u00e9 aj na dne\u0161n\u00e9 pomery, robili z modelu Uracco jedno z najr\u00fdchlej\u0161\u00edch \u0161tvormiestnych vozidiel tej doby. Ovl\u00e1danie je presn\u00e9 v\u010faka nez\u00e1visl\u00e9mu zaveseniu kolies, zatia\u013e \u010do v\u00fdkonn\u00e9 a odoln\u00e9 kot\u00fa\u010dov\u00e9 brzdy na v\u0161etk\u00fdch \u0161tyroch koles\u00e1ch zabezpe\u010duj\u00fa bezpe\u010dn\u00e9 zastavenie.<\/p>\n<h2>Hist\u00f3ria vozidla<\/h2>\n<p>Lamborghini Urraco P250, ktor\u00e9 tu m\u00e1me, bolo vyroben\u00e9 v roku 1975 a v s\u00fa\u010dasnosti m\u00e1 najazden\u00fdch 78 000 km. V priebehu rokov sa vozidlo nikdy nepou\u017eilo na trati ani sa nestalo \u00fa\u010dastn\u00edkom nehody. V roku 2016 pre\u0161iel rozsiahlou gener\u00e1lnou opravou, po\u010das ktorej bol kompletne zrekon\u0161truovan\u00fd motor a zavesenie kolies, zatia\u013e \u010do podvozok dostal nov\u00fa vrstvu antikor\u00f3znej ochrany. S\u00fa\u010dasne bol kompletne pre\u010dal\u00fanen\u00fd interi\u00e9r a vozidlo bolo nanovo nalakovan\u00e9. Vizu\u00e1lne nedostatky sa obmedzuj\u00fa na drobn\u00e9 po\u0161kodenie dver\u00ed vodi\u010da, ktor\u00e9 bude opraven\u00e9 pred odovzdan\u00edm bud\u00facemu majite\u013eovi. Vozidlo sa v s\u00fa\u010dasnosti nach\u00e1dza v \u0160panielsku, kde je zaregistrovan\u00e9 od prv\u00e9ho d\u0148a.<\/p>\n<p><strong>Pozrite si video so studen\u00fdm \u0161tartom tohto \u00fa\u017easn\u00e9ho<\/strong> <strong>Lamborghini Urraco P250<\/strong>:<\/p>\n<p><iframe title=\"Cold Start Video of the amazing Lamborghini Urraco P250\" width=\"1200\" height=\"675\" src=\"https:\/\/www.youtube.com\/embed\/wt_LCr8LgcQ?feature=oembed\" frameborder=\"0\" allow=\"accelerometer; autoplay; clipboard-write; encrypted-media; gyroscope; picture-in-picture; web-share\" referrerpolicy=\"strict-origin-when-cross-origin\" allowfullscreen><\/iframe><\/p>\n<p><strong>A video prehliadka :<\/strong><\/p>\n<p><iframe title=\"Video Tour of the Lamborghini Urraco P250\" width=\"1200\" height=\"675\" src=\"https:\/\/www.youtube.com\/embed\/azU8K1XDHOA?feature=oembed\" frameborder=\"0\" allow=\"accelerometer; autoplay; clipboard-write; encrypted-media; gyroscope; picture-in-picture; web-share\" referrerpolicy=\"strict-origin-when-cross-origin\" allowfullscreen><\/iframe><\/p>\n","protected":false},"excerpt":{"rendered":"<p>Urraco, pomenovan\u00e9 pod\u013ea plemena bojov\u00fdch b\u00fdkov z Miura, je \u0161portov\u00e9 vozidlo, ktor\u00e9 spolo\u010dnos\u0165 Lamborghini vyr\u00e1bala v rokoch 1972 a\u017e 1979. Tento \u0161tvormiestny automobil navrhnut\u00fd spolo\u010dnos\u0165ou Bertone bol zameran\u00fd na konkurenciu, akou je Ferrari 308 GT4 a legend\u00e1rne Porsche 911. Napriek tomu, \u017ee Urraco bolo \u00fa\u017easn\u00e9 na poh\u013ead a \u013eahko sa s n\u00edm jazdilo, nebolo ve\u013ek\u00fdm predajn\u00fdm hitom &#8211; po\u010das 7 rokov v\u00fdroby sa vyrobilo len 791 vozidiel. Napriek tomu je tak\u00fdto obmedzen\u00fd po\u010det vyroben\u00fdch kusov z\u00e1rukou exkluzivity, tak\u017ee t\u00ed, ktor\u00ed si k\u00fapia toto strieborn\u00e9 Lambo, bud\u00fa ma\u0165 nie\u010do, \u010do sa \u010dasto nevid\u00ed.<\/p>\n","protected":false},"featured_media":108766,"comment_status":"open","ping_status":"closed","template":"","meta":{"inline_featured_image":false},"product_cat":[755],"product_tag":[4243,4244,4242,947],"acf":[],"yoast_head":"<!-- This site is optimized with the Yoast SEO plugin v22.5 - https:\/\/yoast.com\/wordpress\/plugins\/seo\/ -->\n<title>Lamborghini Urraco P250 - Piston Addict str\u00e1nky<\/title>\n<meta name=\"robots\" content=\"index, follow, max-snippet:-1, max-image-preview:large, max-video-preview:-1\" \/>\n<link rel=\"canonical\" href=\"https:\/\/pistonaddict.com\/sk\/product\/lamborghini-urraco-p250\/\" \/>\n<meta property=\"og:locale\" content=\"sk_SK\" \/>\n<meta property=\"og:type\" content=\"article\" \/>\n<meta property=\"og:title\" content=\"Lamborghini Urraco P250 - Piston Addict str\u00e1nky\" \/>\n<meta property=\"og:description\" content=\"Urraco, pomenovan\u00e9 pod\u013ea plemena bojov\u00fdch b\u00fdkov z Miura, je \u0161portov\u00e9 vozidlo, ktor\u00e9 spolo\u010dnos\u0165 Lamborghini vyr\u00e1bala v rokoch 1972 a\u017e 1979. Tento \u0161tvormiestny automobil navrhnut\u00fd spolo\u010dnos\u0165ou Bertone bol zameran\u00fd na konkurenciu, akou je Ferrari 308 GT4 a legend\u00e1rne Porsche 911. Napriek tomu, \u017ee Urraco bolo \u00fa\u017easn\u00e9 na poh\u013ead a \u013eahko sa s n\u00edm jazdilo, nebolo ve\u013ek\u00fdm predajn\u00fdm hitom - po\u010das 7 rokov v\u00fdroby sa vyrobilo len 791 vozidiel. Napriek tomu je tak\u00fdto obmedzen\u00fd po\u010det vyroben\u00fdch kusov z\u00e1rukou exkluzivity, tak\u017ee t\u00ed, ktor\u00ed si k\u00fapia toto strieborn\u00e9 Lambo, bud\u00fa ma\u0165 nie\u010do, \u010do sa \u010dasto nevid\u00ed.\" \/>\n<meta property=\"og:url\" content=\"https:\/\/pistonaddict.com\/sk\/product\/lamborghini-urraco-p250\/\" \/>\n<meta property=\"og:site_name\" content=\"Piston Addict\" \/>\n<meta property=\"article:modified_time\" content=\"2024-06-12T07:54:27+00:00\" \/>\n<meta property=\"og:image\" content=\"https:\/\/pistonaddict.com\/wp-content\/uploads\/2024\/06\/IMG-20231121-WA0182.jpg\" \/>\n\t<meta property=\"og:image:width\" content=\"2048\" \/>\n\t<meta property=\"og:image:height\" content=\"1536\" \/>\n\t<meta property=\"og:image:type\" content=\"image\/jpeg\" \/>\n<meta name=\"twitter:card\" content=\"summary_large_image\" \/>\n<meta name=\"twitter:label1\" content=\"Predpokladan\u00fd \u010das \u010d\u00edtania\" \/>\n\t<meta name=\"twitter:data1\" content=\"3 min\u00faty\" \/>\n<script type=\"application\/ld+json\" class=\"yoast-schema-graph\">{\"@context\":\"https:\/\/schema.org\",\"@graph\":[{\"@type\":\"WebPage\",\"@id\":\"https:\/\/pistonaddict.com\/sk\/product\/lamborghini-urraco-p250\/\",\"url\":\"https:\/\/pistonaddict.com\/sk\/product\/lamborghini-urraco-p250\/\",\"name\":\"Lamborghini Urraco P250 - Piston Addict str\u00e1nky\",\"isPartOf\":{\"@id\":\"https:\/\/pistonaddict.com\/sk\/#website\"},\"primaryImageOfPage\":{\"@id\":\"https:\/\/pistonaddict.com\/sk\/product\/lamborghini-urraco-p250\/#primaryimage\"},\"image\":{\"@id\":\"https:\/\/pistonaddict.com\/sk\/product\/lamborghini-urraco-p250\/#primaryimage\"},\"thumbnailUrl\":\"https:\/\/pistonaddict.com\/wp-content\/uploads\/2024\/06\/IMG-20231121-WA0182.jpg\",\"datePublished\":\"2024-06-11T15:05:07+00:00\",\"dateModified\":\"2024-06-12T07:54:27+00:00\",\"breadcrumb\":{\"@id\":\"https:\/\/pistonaddict.com\/sk\/product\/lamborghini-urraco-p250\/#breadcrumb\"},\"inLanguage\":\"sk-SK\",\"potentialAction\":[{\"@type\":\"ReadAction\",\"target\":[\"https:\/\/pistonaddict.com\/sk\/product\/lamborghini-urraco-p250\/\"]}]},{\"@type\":\"ImageObject\",\"inLanguage\":\"sk-SK\",\"@id\":\"https:\/\/pistonaddict.com\/sk\/product\/lamborghini-urraco-p250\/#primaryimage\",\"url\":\"https:\/\/pistonaddict.com\/wp-content\/uploads\/2024\/06\/IMG-20231121-WA0182.jpg\",\"contentUrl\":\"https:\/\/pistonaddict.com\/wp-content\/uploads\/2024\/06\/IMG-20231121-WA0182.jpg\",\"width\":2048,\"height\":1536},{\"@type\":\"BreadcrumbList\",\"@id\":\"https:\/\/pistonaddict.com\/sk\/product\/lamborghini-urraco-p250\/#breadcrumb\",\"itemListElement\":[{\"@type\":\"ListItem\",\"position\":1,\"name\":\"domovskej str\u00e1nke\",\"item\":\"https:\/\/pistonaddict.com\/sk\/uvodna-stranka\/\"},{\"@type\":\"ListItem\",\"position\":2,\"name\":\"Auctions\",\"item\":\"https:\/\/pistonaddict.com\/auctions-listing\/\"},{\"@type\":\"ListItem\",\"position\":3,\"name\":\"Lamborghini Urraco P250\"}]},{\"@type\":\"WebSite\",\"@id\":\"https:\/\/pistonaddict.com\/sk\/#website\",\"url\":\"https:\/\/pistonaddict.com\/sk\/\",\"name\":\"Piston Addict\",\"description\":\"Only interesting vehicles\",\"publisher\":{\"@id\":\"https:\/\/pistonaddict.com\/sk\/#organization\"},\"potentialAction\":[{\"@type\":\"SearchAction\",\"target\":{\"@type\":\"EntryPoint\",\"urlTemplate\":\"https:\/\/pistonaddict.com\/sk\/?s={search_term_string}\"},\"query-input\":\"required name=search_term_string\"}],\"inLanguage\":\"sk-SK\"},{\"@type\":\"Organization\",\"@id\":\"https:\/\/pistonaddict.com\/sk\/#organization\",\"name\":\"Piston Addict\",\"url\":\"https:\/\/pistonaddict.com\/sk\/\",\"logo\":{\"@type\":\"ImageObject\",\"inLanguage\":\"sk-SK\",\"@id\":\"https:\/\/pistonaddict.com\/sk\/#\/schema\/logo\/image\/\",\"url\":\"https:\/\/pistonaddict.com\/wp-content\/uploads\/2022\/07\/logo-6.png\",\"contentUrl\":\"https:\/\/pistonaddict.com\/wp-content\/uploads\/2022\/07\/logo-6.png\",\"width\":970,\"height\":200,\"caption\":\"Piston Addict\"},\"image\":{\"@id\":\"https:\/\/pistonaddict.com\/sk\/#\/schema\/logo\/image\/\"}}]}<\/script>\n<!-- \/ Yoast SEO plugin. -->","yoast_head_json":{"title":"Lamborghini Urraco P250 - Piston Addict str\u00e1nky","robots":{"index":"index","follow":"follow","max-snippet":"max-snippet:-1","max-image-preview":"max-image-preview:large","max-video-preview":"max-video-preview:-1"},"canonical":"https:\/\/pistonaddict.com\/sk\/product\/lamborghini-urraco-p250\/","og_locale":"sk_SK","og_type":"article","og_title":"Lamborghini Urraco P250 - Piston Addict str\u00e1nky","og_description":"Urraco, pomenovan\u00e9 pod\u013ea plemena bojov\u00fdch b\u00fdkov z Miura, je \u0161portov\u00e9 vozidlo, ktor\u00e9 spolo\u010dnos\u0165 Lamborghini vyr\u00e1bala v rokoch 1972 a\u017e 1979. Tento \u0161tvormiestny automobil navrhnut\u00fd spolo\u010dnos\u0165ou Bertone bol zameran\u00fd na konkurenciu, akou je Ferrari 308 GT4 a legend\u00e1rne Porsche 911. Napriek tomu, \u017ee Urraco bolo \u00fa\u017easn\u00e9 na poh\u013ead a \u013eahko sa s n\u00edm jazdilo, nebolo ve\u013ek\u00fdm predajn\u00fdm hitom - po\u010das 7 rokov v\u00fdroby sa vyrobilo len 791 vozidiel. Napriek tomu je tak\u00fdto obmedzen\u00fd po\u010det vyroben\u00fdch kusov z\u00e1rukou exkluzivity, tak\u017ee t\u00ed, ktor\u00ed si k\u00fapia toto strieborn\u00e9 Lambo, bud\u00fa ma\u0165 nie\u010do, \u010do sa \u010dasto nevid\u00ed.","og_url":"https:\/\/pistonaddict.com\/sk\/product\/lamborghini-urraco-p250\/","og_site_name":"Piston Addict","article_modified_time":"2024-06-12T07:54:27+00:00","og_image":[{"width":2048,"height":1536,"url":"https:\/\/pistonaddict.com\/wp-content\/uploads\/2024\/06\/IMG-20231121-WA0182.jpg","type":"image\/jpeg"}],"twitter_card":"summary_large_image","twitter_misc":{"Predpokladan\u00fd \u010das \u010d\u00edtania":"3 min\u00faty"},"schema":{"@context":"https:\/\/schema.org","@graph":[{"@type":"WebPage","@id":"https:\/\/pistonaddict.com\/sk\/product\/lamborghini-urraco-p250\/","url":"https:\/\/pistonaddict.com\/sk\/product\/lamborghini-urraco-p250\/","name":"Lamborghini Urraco P250 - Piston Addict str\u00e1nky","isPartOf":{"@id":"https:\/\/pistonaddict.com\/sk\/#website"},"primaryImageOfPage":{"@id":"https:\/\/pistonaddict.com\/sk\/product\/lamborghini-urraco-p250\/#primaryimage"},"image":{"@id":"https:\/\/pistonaddict.com\/sk\/product\/lamborghini-urraco-p250\/#primaryimage"},"thumbnailUrl":"https:\/\/pistonaddict.com\/wp-content\/uploads\/2024\/06\/IMG-20231121-WA0182.jpg","datePublished":"2024-06-11T15:05:07+00:00","dateModified":"2024-06-12T07:54:27+00:00","breadcrumb":{"@id":"https:\/\/pistonaddict.com\/sk\/product\/lamborghini-urraco-p250\/#breadcrumb"},"inLanguage":"sk-SK","potentialAction":[{"@type":"ReadAction","target":["https:\/\/pistonaddict.com\/sk\/product\/lamborghini-urraco-p250\/"]}]},{"@type":"ImageObject","inLanguage":"sk-SK","@id":"https:\/\/pistonaddict.com\/sk\/product\/lamborghini-urraco-p250\/#primaryimage","url":"https:\/\/pistonaddict.com\/wp-content\/uploads\/2024\/06\/IMG-20231121-WA0182.jpg","contentUrl":"https:\/\/pistonaddict.com\/wp-content\/uploads\/2024\/06\/IMG-20231121-WA0182.jpg","width":2048,"height":1536},{"@type":"BreadcrumbList","@id":"https:\/\/pistonaddict.com\/sk\/product\/lamborghini-urraco-p250\/#breadcrumb","itemListElement":[{"@type":"ListItem","position":1,"name":"domovskej str\u00e1nke","item":"https:\/\/pistonaddict.com\/sk\/uvodna-stranka\/"},{"@type":"ListItem","position":2,"name":"Auctions","item":"https:\/\/pistonaddict.com\/auctions-listing\/"},{"@type":"ListItem","position":3,"name":"Lamborghini Urraco P250"}]},{"@type":"WebSite","@id":"https:\/\/pistonaddict.com\/sk\/#website","url":"https:\/\/pistonaddict.com\/sk\/","name":"Piston Addict","description":"Only interesting vehicles","publisher":{"@id":"https:\/\/pistonaddict.com\/sk\/#organization"},"potentialAction":[{"@type":"SearchAction","target":{"@type":"EntryPoint","urlTemplate":"https:\/\/pistonaddict.com\/sk\/?s={search_term_string}"},"query-input":"required name=search_term_string"}],"inLanguage":"sk-SK"},{"@type":"Organization","@id":"https:\/\/pistonaddict.com\/sk\/#organization","name":"Piston Addict","url":"https:\/\/pistonaddict.com\/sk\/","logo":{"@type":"ImageObject","inLanguage":"sk-SK","@id":"https:\/\/pistonaddict.com\/sk\/#\/schema\/logo\/image\/","url":"https:\/\/pistonaddict.com\/wp-content\/uploads\/2022\/07\/logo-6.png","contentUrl":"https:\/\/pistonaddict.com\/wp-content\/uploads\/2022\/07\/logo-6.png","width":970,"height":200,"caption":"Piston Addict"},"image":{"@id":"https:\/\/pistonaddict.com\/sk\/#\/schema\/logo\/image\/"}}]}},"_links":{"self":[{"href":"https:\/\/pistonaddict.com\/sk\/wp-json\/wp\/v2\/product\/108791"}],"collection":[{"href":"https:\/\/pistonaddict.com\/sk\/wp-json\/wp\/v2\/product"}],"about":[{"href":"https:\/\/pistonaddict.com\/sk\/wp-json\/wp\/v2\/types\/product"}],"replies":[{"embeddable":true,"href":"https:\/\/pistonaddict.com\/sk\/wp-json\/wp\/v2\/comments?post=108791"}],"wp:featuredmedia":[{"embeddable":true,"href":"https:\/\/pistonaddict.com\/sk\/wp-json\/wp\/v2\/media\/108766"}],"wp:attachment":[{"href":"https:\/\/pistonaddict.com\/sk\/wp-json\/wp\/v2\/media?parent=108791"}],"wp:term":[{"taxonomy":"product_cat","embeddable":true,"href":"https:\/\/pistonaddict.com\/sk\/wp-json\/wp\/v2\/product_cat?post=108791"},{"taxonomy":"product_tag","embeddable":true,"href":"https:\/\/pistonaddict.com\/sk\/wp-json\/wp\/v2\/product_tag?post=108791"}],"curies":[{"name":"wp","href":"https:\/\/api.w.org\/{rel}","templated":true}]}}