{"id":104854,"date":"2024-05-21T11:33:26","date_gmt":"2024-05-21T09:33:26","guid":{"rendered":"https:\/\/pistonaddict.com\/product\/fisker-karma-2\/"},"modified":"2024-05-21T14:15:43","modified_gmt":"2024-05-21T12:15:43","slug":"fisker-karma-2","status":"publish","type":"product","link":"https:\/\/pistonaddict.com\/sk\/product\/fisker-karma-2\/","title":{"rendered":"Fisker Karma"},"content":{"rendered":"<p><strong>Hist\u00f3ria vozidla<\/strong><\/p>\n<p>Fisker Karma, d\u00f4kaz geniality Henrika Fiskera, bol predstaven\u00fd v roku 2011. Toto plug-in hybridn\u00e9 elektrick\u00e9 vozidlo (PHEV) nielen\u017ee posunulo hranice automobilov\u00e9ho dizajnu a technol\u00f3gie, ale zaujalo aj svojou v\u00fdraznou estetikou, luxusn\u00fdm interi\u00e9rom a inovat\u00edvnou technikou. Hoci hybridy neboli v tom \u010dase \u017eiadnou novinkou, Karma zmenila ich vn\u00edmanie a zmenila ich zo v\u0161edn\u00fdch na atrakt\u00edvne. V\u010faka nemu sa v\u00fdkon a udr\u017eate\u013enos\u0165 plynule sp\u00e1jaj\u00fa, tak\u017ee hybridy s\u00fa \u0161etrn\u00e9 k \u017eivotn\u00e9mu prostrediu, \u0161t\u00fdlov\u00e9 a vzru\u0161uj\u00face na jazdu. Model Karma poh\u00e1\u0148an\u00fd silnou kombin\u00e1ciou 2,0-litrov\u00e9ho benz\u00ednov\u00e9ho motora s turbod\u00fachadlom a dvoch elektromotorov sa p\u00fd\u0161il p\u00f4sobiv\u00fdmi v\u00fdkonov\u00fdmi parametrami. Jeho zr\u00fdchlenie z 0 na 100 km\/h za 5,9 sekundy a maxim\u00e1lna r\u00fdchlos\u0165 presahuj\u00faca 200 km\/h sved\u010dili o jeho \u0161portovom p\u00f4vode. Tieto v\u00fdkony v\u0161ak dosiahol pri zachovan\u00ed chv\u00e1lyhodnej spotreby paliva. Okrem v\u00fdkonu sa charakteristick\u00fdm znakom modelu Karma stal aj jeho dizajn. Jeho ladn\u00e9 l\u00ednie a impozantn\u00fd v\u00fdzor p\u00fatali pozornos\u0165 v\u0161ade, kde sa objavil, a z\u00edskali si obdiv automobilov\u00fdch nad\u0161encov na celom svete. Tento konkr\u00e9tny model, iter\u00e1cia druhej s\u00e9rie z roku 2013, je vz\u00e1cny a exkluz\u00edvny. Z 2 349 vyroben\u00fdch vozidiel Fisker Karma patr\u00ed toto vozidlo k poslednej s\u00e9rii s v\u00fdrobn\u00fdm \u010d\u00edslom 2 259. Vz\u00e1cny klenot, iba 188 vozidiel na celom svete sa m\u00f4\u017ee pochv\u00e1li\u0165 touto jedine\u010dnou kombin\u00e1ciou farby a diskov.<\/p>\n<p><strong>Stav<\/strong><\/p>\n<p>T\u00e1to Karma m\u00e1 najazden\u00fdch len 82 080 km, je sprev\u00e1dzan\u00e1 rozsiahlou servisnou hist\u00f3riou a m\u00e1 len p\u00e1r oddan\u00fdch majite\u013eov. Pokia\u013e ide o spotrebu paliva, tvrdenie spolo\u010dnosti Fisker o dojazde viac ako 80 km len na elektrick\u00fd pohon je opodstatnen\u00e9, tak\u017ee je vhodn\u00fd na ka\u017edodenn\u00e9 doch\u00e1dzanie do pr\u00e1ce. Okrem toho sa pri vyu\u017e\u00edvan\u00ed benz\u00ednu a elektrick\u00e9ho pohonu objavuj\u00fa pozoruhodn\u00e9 hodnoty, v priemere len 4,5 litra paliva na 100 km. Potenci\u00e1lni kupuj\u00faci ocenia d\u00f4kladn\u00fa \u00fadr\u017ebu tohto vozidla, o \u010dom sved\u010dia rozsiahle servisn\u00e9 z\u00e1znamy. Koncom roka 2022 bola vykonan\u00e1 v\u00fdmena oleja, v marci 2024 kompletn\u00fd servis a v m\u00e1ji 2024 gener\u00e1lna oprava brzdov\u00e9ho syst\u00e9mu, aby bola t\u00e1to elegantn\u00e1 \u010dierna Karma v najlep\u0161om stave. Najd\u00f4le\u017eitej\u0161ie je spomen\u00fa\u0165, \u017ee bat\u00e9ria skon\u010dila v roku 2017, ke\u010f s\u00fa\u010dasn\u00fd majite\u013e vozidlo k\u00fapil &#8211; \u010do znamen\u00e1, \u017ee bud\u00faci majitelia bud\u00fa ma\u0165 bezprobl\u00e9mov\u00e9 vlastn\u00edctvo.<\/p>\n<p><strong>Interi\u00e9r<\/strong><\/p>\n<p>Kombin\u00e1cia \u010diernej ko\u017ee a Alcantary dokonale lad\u00ed s exteri\u00e9rom, ale najd\u00f4le\u017eitej\u0161ie je, \u017ee interi\u00e9r je v stave ako nov\u00fd bez ak\u00fdchko\u013evek trhl\u00edn, po\u0161koden\u00ed alebo \u00faprav. Infotainment a audiosyst\u00e9m s\u00fa pr\u00edtomn\u00e9 a bezr\u00e1mov\u00e9 dvere dod\u00e1vaj\u00fa tomuto sedanu \u0161portov\u00fd a kup\u00e9 charakter. V\u010faka svojej \u0161pecifickej kon\u0161trukcii sed\u00ed Karma n\u00edzko a poskytuje cestuj\u00facim viac vn\u00fatorn\u00e9ho priestoru ako konkurencia. Ka\u017ed\u00e1 funkcia, ako napr\u00edklad vyhrievan\u00e9 sedadl\u00e1, je funk\u010dn\u00e1 a funk\u010dn\u00e1.<\/p>\n<p><strong>Exteri\u00e9r a koles\u00e1<\/strong><\/p>\n<p>Leskl\u00fd \u010dierny lak je v \u0161pi\u010dkovom stave bez \u0161krabancov, otlakov alebo po\u0161koden\u00ed. Jedine\u010dn\u00e1 sol\u00e1rna strecha je pr\u00edtomn\u00e1 a funk\u010dn\u00e1 a st\u00e1le sl\u00fa\u017ei ako jeden z najpozoruhodnej\u0161\u00edch prvkov tohto modelu. T\u00e1to Karma je vybaven\u00e1 volite\u013en\u00fdmi 22-palcov\u00fdmi diskami obut\u00fdmi do pneumat\u00edk Pirelli na predn\u00fdch koles\u00e1ch a pneumat\u00edk Goodyear na zadn\u00fdch koles\u00e1ch. Predn\u00e9 pneumatiky boli namontovan\u00e9 v marci 2024 a s\u00fa v stave ako nov\u00e9. Jedinou opravou exteri\u00e9ru je renov\u00e1cia jedine\u010dne vyzeraj\u00facich kolies, tak\u017ee vyzeraj\u00fa ako pr\u00e1ve dodan\u00e9.<\/p>\n<p><strong>Dokument\u00e1cia<\/strong><\/p>\n<p>Toto vozidlo sa nach\u00e1dza vo \u0160vaj\u010diarsku a pred\u00e1va ho s\u00fakromn\u00e1 osoba. <a href=\"https:\/\/pistonaddict.com\/wp-content\/uploads\/2024\/05\/YH4K14AA4CA002259.pdf\">Spr\u00e1va CarVertical<\/a> je \u010dist\u00e1; neexistuj\u00fa \u017eiadne d\u00f4kazy o nehod\u00e1ch, oprav\u00e1ch po nehode, vlastn\u00edctve ani pr\u00e1vnych probl\u00e9moch. Existuj\u00fa z\u00e1znamy o pravidelnej \u00fadr\u017ebe, \u00fa\u010dty za predaj a \u00fa\u010dtenky. Na tento model nie je k dispoz\u00edcii \u017eiadna v\u00fdrobn\u00e1 z\u00e1ruka.<\/p>\n<p><strong>Pozrite si video tohto n\u00e1dhern\u00e9ho vozidla Fisker Karma :<\/strong><\/p>\n<p><iframe title=\"Video Tour of the Fisker Karma for auction sale\" width=\"1200\" height=\"675\" src=\"https:\/\/www.youtube.com\/embed\/xv_ZkvmcPKw?feature=oembed\" frameborder=\"0\" allow=\"accelerometer; autoplay; clipboard-write; encrypted-media; gyroscope; picture-in-picture; web-share\" referrerpolicy=\"strict-origin-when-cross-origin\" allowfullscreen><\/iframe><\/p>\n","protected":false},"excerpt":{"rendered":"<p>Fisker Karma sa nav\u017edy zap\u00ed\u0161e do pam\u00e4ti ako jeden z najzauj\u00edmavej\u0161\u00edch a jeden z prv\u00fdch hybridov dostupn\u00fdch na celom svete. V\u010faka svojmu jedine\u010dn\u00e9mu dizajnu, v\u00fdkonn\u00e9mu pohonu, skvel\u00fdm vlastnostiam a ve\u013emi n\u00edzkemu po\u010dtu vyroben\u00fdch kusov je Karma v skuto\u010dnosti prv\u00fdm zberate\u013esk\u00fdm vozidlom modernej \u00e9ry elektromobilov\/hybridov. Bud\u00faca klasika? Ur\u010dite!<\/p>\n","protected":false},"featured_media":104628,"comment_status":"open","ping_status":"closed","template":"","meta":{"inline_featured_image":false},"product_cat":[755],"product_tag":[4122,4123,941,1854,4124],"acf":[],"yoast_head":"<!-- This site is optimized with the Yoast SEO plugin v22.5 - https:\/\/yoast.com\/wordpress\/plugins\/seo\/ -->\n<title>Fisker Karma - Piston Addict str\u00e1nky<\/title>\n<meta name=\"robots\" content=\"index, follow, max-snippet:-1, max-image-preview:large, max-video-preview:-1\" \/>\n<link rel=\"canonical\" href=\"https:\/\/pistonaddict.com\/sk\/product\/fisker-karma-2\/\" \/>\n<meta property=\"og:locale\" content=\"sk_SK\" \/>\n<meta property=\"og:type\" content=\"article\" \/>\n<meta property=\"og:title\" content=\"Fisker Karma - Piston Addict str\u00e1nky\" \/>\n<meta property=\"og:description\" content=\"Fisker Karma sa nav\u017edy zap\u00ed\u0161e do pam\u00e4ti ako jeden z najzauj\u00edmavej\u0161\u00edch a jeden z prv\u00fdch hybridov dostupn\u00fdch na celom svete. V\u010faka svojmu jedine\u010dn\u00e9mu dizajnu, v\u00fdkonn\u00e9mu pohonu, skvel\u00fdm vlastnostiam a ve\u013emi n\u00edzkemu po\u010dtu vyroben\u00fdch kusov je Karma v skuto\u010dnosti prv\u00fdm zberate\u013esk\u00fdm vozidlom modernej \u00e9ry elektromobilov\/hybridov. Bud\u00faca klasika? Ur\u010dite!\" \/>\n<meta property=\"og:url\" content=\"https:\/\/pistonaddict.com\/sk\/product\/fisker-karma-2\/\" \/>\n<meta property=\"og:site_name\" content=\"Piston Addict\" \/>\n<meta property=\"article:modified_time\" content=\"2024-05-21T12:15:43+00:00\" \/>\n<meta property=\"og:image\" content=\"https:\/\/pistonaddict.com\/wp-content\/uploads\/2024\/05\/IMG-20240321-WA0010.jpg\" \/>\n\t<meta property=\"og:image:width\" content=\"2000\" \/>\n\t<meta property=\"og:image:height\" content=\"1500\" \/>\n\t<meta property=\"og:image:type\" content=\"image\/jpeg\" \/>\n<meta name=\"twitter:card\" content=\"summary_large_image\" \/>\n<meta name=\"twitter:label1\" content=\"Predpokladan\u00fd \u010das \u010d\u00edtania\" \/>\n\t<meta name=\"twitter:data1\" content=\"4 min\u00faty\" \/>\n<script type=\"application\/ld+json\" class=\"yoast-schema-graph\">{\"@context\":\"https:\/\/schema.org\",\"@graph\":[{\"@type\":\"WebPage\",\"@id\":\"https:\/\/pistonaddict.com\/sk\/product\/fisker-karma-2\/\",\"url\":\"https:\/\/pistonaddict.com\/sk\/product\/fisker-karma-2\/\",\"name\":\"Fisker Karma - Piston Addict str\u00e1nky\",\"isPartOf\":{\"@id\":\"https:\/\/pistonaddict.com\/sk\/#website\"},\"primaryImageOfPage\":{\"@id\":\"https:\/\/pistonaddict.com\/sk\/product\/fisker-karma-2\/#primaryimage\"},\"image\":{\"@id\":\"https:\/\/pistonaddict.com\/sk\/product\/fisker-karma-2\/#primaryimage\"},\"thumbnailUrl\":\"https:\/\/pistonaddict.com\/wp-content\/uploads\/2024\/05\/IMG-20240321-WA0010.jpg\",\"datePublished\":\"2024-05-21T09:33:26+00:00\",\"dateModified\":\"2024-05-21T12:15:43+00:00\",\"breadcrumb\":{\"@id\":\"https:\/\/pistonaddict.com\/sk\/product\/fisker-karma-2\/#breadcrumb\"},\"inLanguage\":\"sk-SK\",\"potentialAction\":[{\"@type\":\"ReadAction\",\"target\":[\"https:\/\/pistonaddict.com\/sk\/product\/fisker-karma-2\/\"]}]},{\"@type\":\"ImageObject\",\"inLanguage\":\"sk-SK\",\"@id\":\"https:\/\/pistonaddict.com\/sk\/product\/fisker-karma-2\/#primaryimage\",\"url\":\"https:\/\/pistonaddict.com\/wp-content\/uploads\/2024\/05\/IMG-20240321-WA0010.jpg\",\"contentUrl\":\"https:\/\/pistonaddict.com\/wp-content\/uploads\/2024\/05\/IMG-20240321-WA0010.jpg\",\"width\":2000,\"height\":1500},{\"@type\":\"BreadcrumbList\",\"@id\":\"https:\/\/pistonaddict.com\/sk\/product\/fisker-karma-2\/#breadcrumb\",\"itemListElement\":[{\"@type\":\"ListItem\",\"position\":1,\"name\":\"domovskej str\u00e1nke\",\"item\":\"https:\/\/pistonaddict.com\/sk\/uvodna-stranka\/\"},{\"@type\":\"ListItem\",\"position\":2,\"name\":\"Auctions\",\"item\":\"https:\/\/pistonaddict.com\/auctions-listing\/\"},{\"@type\":\"ListItem\",\"position\":3,\"name\":\"Fisker Karma\"}]},{\"@type\":\"WebSite\",\"@id\":\"https:\/\/pistonaddict.com\/sk\/#website\",\"url\":\"https:\/\/pistonaddict.com\/sk\/\",\"name\":\"Piston Addict\",\"description\":\"Only interesting vehicles\",\"publisher\":{\"@id\":\"https:\/\/pistonaddict.com\/sk\/#organization\"},\"potentialAction\":[{\"@type\":\"SearchAction\",\"target\":{\"@type\":\"EntryPoint\",\"urlTemplate\":\"https:\/\/pistonaddict.com\/sk\/?s={search_term_string}\"},\"query-input\":\"required name=search_term_string\"}],\"inLanguage\":\"sk-SK\"},{\"@type\":\"Organization\",\"@id\":\"https:\/\/pistonaddict.com\/sk\/#organization\",\"name\":\"Piston Addict\",\"url\":\"https:\/\/pistonaddict.com\/sk\/\",\"logo\":{\"@type\":\"ImageObject\",\"inLanguage\":\"sk-SK\",\"@id\":\"https:\/\/pistonaddict.com\/sk\/#\/schema\/logo\/image\/\",\"url\":\"https:\/\/pistonaddict.com\/wp-content\/uploads\/2022\/07\/logo-6.png\",\"contentUrl\":\"https:\/\/pistonaddict.com\/wp-content\/uploads\/2022\/07\/logo-6.png\",\"width\":970,\"height\":200,\"caption\":\"Piston Addict\"},\"image\":{\"@id\":\"https:\/\/pistonaddict.com\/sk\/#\/schema\/logo\/image\/\"}}]}<\/script>\n<!-- \/ Yoast SEO plugin. -->","yoast_head_json":{"title":"Fisker Karma - Piston Addict str\u00e1nky","robots":{"index":"index","follow":"follow","max-snippet":"max-snippet:-1","max-image-preview":"max-image-preview:large","max-video-preview":"max-video-preview:-1"},"canonical":"https:\/\/pistonaddict.com\/sk\/product\/fisker-karma-2\/","og_locale":"sk_SK","og_type":"article","og_title":"Fisker Karma - Piston Addict str\u00e1nky","og_description":"Fisker Karma sa nav\u017edy zap\u00ed\u0161e do pam\u00e4ti ako jeden z najzauj\u00edmavej\u0161\u00edch a jeden z prv\u00fdch hybridov dostupn\u00fdch na celom svete. V\u010faka svojmu jedine\u010dn\u00e9mu dizajnu, v\u00fdkonn\u00e9mu pohonu, skvel\u00fdm vlastnostiam a ve\u013emi n\u00edzkemu po\u010dtu vyroben\u00fdch kusov je Karma v skuto\u010dnosti prv\u00fdm zberate\u013esk\u00fdm vozidlom modernej \u00e9ry elektromobilov\/hybridov. Bud\u00faca klasika? Ur\u010dite!","og_url":"https:\/\/pistonaddict.com\/sk\/product\/fisker-karma-2\/","og_site_name":"Piston Addict","article_modified_time":"2024-05-21T12:15:43+00:00","og_image":[{"width":2000,"height":1500,"url":"https:\/\/pistonaddict.com\/wp-content\/uploads\/2024\/05\/IMG-20240321-WA0010.jpg","type":"image\/jpeg"}],"twitter_card":"summary_large_image","twitter_misc":{"Predpokladan\u00fd \u010das \u010d\u00edtania":"4 min\u00faty"},"schema":{"@context":"https:\/\/schema.org","@graph":[{"@type":"WebPage","@id":"https:\/\/pistonaddict.com\/sk\/product\/fisker-karma-2\/","url":"https:\/\/pistonaddict.com\/sk\/product\/fisker-karma-2\/","name":"Fisker Karma - Piston Addict str\u00e1nky","isPartOf":{"@id":"https:\/\/pistonaddict.com\/sk\/#website"},"primaryImageOfPage":{"@id":"https:\/\/pistonaddict.com\/sk\/product\/fisker-karma-2\/#primaryimage"},"image":{"@id":"https:\/\/pistonaddict.com\/sk\/product\/fisker-karma-2\/#primaryimage"},"thumbnailUrl":"https:\/\/pistonaddict.com\/wp-content\/uploads\/2024\/05\/IMG-20240321-WA0010.jpg","datePublished":"2024-05-21T09:33:26+00:00","dateModified":"2024-05-21T12:15:43+00:00","breadcrumb":{"@id":"https:\/\/pistonaddict.com\/sk\/product\/fisker-karma-2\/#breadcrumb"},"inLanguage":"sk-SK","potentialAction":[{"@type":"ReadAction","target":["https:\/\/pistonaddict.com\/sk\/product\/fisker-karma-2\/"]}]},{"@type":"ImageObject","inLanguage":"sk-SK","@id":"https:\/\/pistonaddict.com\/sk\/product\/fisker-karma-2\/#primaryimage","url":"https:\/\/pistonaddict.com\/wp-content\/uploads\/2024\/05\/IMG-20240321-WA0010.jpg","contentUrl":"https:\/\/pistonaddict.com\/wp-content\/uploads\/2024\/05\/IMG-20240321-WA0010.jpg","width":2000,"height":1500},{"@type":"BreadcrumbList","@id":"https:\/\/pistonaddict.com\/sk\/product\/fisker-karma-2\/#breadcrumb","itemListElement":[{"@type":"ListItem","position":1,"name":"domovskej str\u00e1nke","item":"https:\/\/pistonaddict.com\/sk\/uvodna-stranka\/"},{"@type":"ListItem","position":2,"name":"Auctions","item":"https:\/\/pistonaddict.com\/auctions-listing\/"},{"@type":"ListItem","position":3,"name":"Fisker Karma"}]},{"@type":"WebSite","@id":"https:\/\/pistonaddict.com\/sk\/#website","url":"https:\/\/pistonaddict.com\/sk\/","name":"Piston Addict","description":"Only interesting vehicles","publisher":{"@id":"https:\/\/pistonaddict.com\/sk\/#organization"},"potentialAction":[{"@type":"SearchAction","target":{"@type":"EntryPoint","urlTemplate":"https:\/\/pistonaddict.com\/sk\/?s={search_term_string}"},"query-input":"required name=search_term_string"}],"inLanguage":"sk-SK"},{"@type":"Organization","@id":"https:\/\/pistonaddict.com\/sk\/#organization","name":"Piston Addict","url":"https:\/\/pistonaddict.com\/sk\/","logo":{"@type":"ImageObject","inLanguage":"sk-SK","@id":"https:\/\/pistonaddict.com\/sk\/#\/schema\/logo\/image\/","url":"https:\/\/pistonaddict.com\/wp-content\/uploads\/2022\/07\/logo-6.png","contentUrl":"https:\/\/pistonaddict.com\/wp-content\/uploads\/2022\/07\/logo-6.png","width":970,"height":200,"caption":"Piston Addict"},"image":{"@id":"https:\/\/pistonaddict.com\/sk\/#\/schema\/logo\/image\/"}}]}},"_links":{"self":[{"href":"https:\/\/pistonaddict.com\/sk\/wp-json\/wp\/v2\/product\/104854"}],"collection":[{"href":"https:\/\/pistonaddict.com\/sk\/wp-json\/wp\/v2\/product"}],"about":[{"href":"https:\/\/pistonaddict.com\/sk\/wp-json\/wp\/v2\/types\/product"}],"replies":[{"embeddable":true,"href":"https:\/\/pistonaddict.com\/sk\/wp-json\/wp\/v2\/comments?post=104854"}],"wp:featuredmedia":[{"embeddable":true,"href":"https:\/\/pistonaddict.com\/sk\/wp-json\/wp\/v2\/media\/104628"}],"wp:attachment":[{"href":"https:\/\/pistonaddict.com\/sk\/wp-json\/wp\/v2\/media?parent=104854"}],"wp:term":[{"taxonomy":"product_cat","embeddable":true,"href":"https:\/\/pistonaddict.com\/sk\/wp-json\/wp\/v2\/product_cat?post=104854"},{"taxonomy":"product_tag","embeddable":true,"href":"https:\/\/pistonaddict.com\/sk\/wp-json\/wp\/v2\/product_tag?post=104854"}],"curies":[{"name":"wp","href":"https:\/\/api.w.org\/{rel}","templated":true}]}}