{"id":104249,"date":"2024-05-17T11:16:20","date_gmt":"2024-05-17T09:16:20","guid":{"rendered":"https:\/\/pistonaddict.com\/product\/pontiac-bonneville-brougham-1979\/"},"modified":"2024-05-17T15:57:38","modified_gmt":"2024-05-17T13:57:38","slug":"1979-pontiac-bonneville-brougham","status":"publish","type":"product","link":"https:\/\/pistonaddict.com\/sk\/product\/1979-pontiac-bonneville-brougham\/","title":{"rendered":"Pontiac Bonneville Brougham 1979"},"content":{"rendered":"<p><strong>Hist\u00f3ria vozidla<\/strong><\/p>\n<p>V nomenklat\u00fare GM mal Pontiac Bonneville osobitn\u00e9 miesto. Aj ke\u010f bol \u00fazko pr\u00edbuzn\u00fd so v\u0161ednej\u0161\u00edmi modelmi Chevrolet Impala a Caprice, unik\u00e1tne dizajnov\u00e9 prvky, luxus a v\u00fdkonnostn\u00e1 v\u00fdbava ho jasne odli\u0161ovali od ostatn\u00fdch modelov. Od uvedenia prv\u00e9ho modelu Bonneville v roku 1958 m\u00e1 t\u00e1to zna\u010dka medzi americk\u00fdmi fan\u00fa\u0161ikmi automobilov zvl\u00e1\u0161tny p\u00f4vab. Napriek tomu, \u017ee Bonneville z roku 1979 bol menej v\u00fdkonn\u00fd ako jeho predchodcovia, bol pova\u017eovan\u00fd za jeden z najlep\u0161\u00edch sedanov na trhu a najlep\u0161iu vo\u013ebu pre n\u00e1ro\u010dn\u00fdch nad\u0161encov, ktor\u00ed chc\u00fa kombin\u00e1ciu luxusu a v\u00fdkonu. T\u00e1to \u0161iesta gener\u00e1cia bola predstaven\u00e1 v roku 1977 a pred\u00e1vala sa do roku 1981, ne\u017e ju spolo\u010dnos\u0165 GM nahradila men\u0161\u00edm a nie tak atrakt\u00edvnym modelom. Preto je tento konkr\u00e9tny Bonneville tak\u00fd zauj\u00edmav\u00fd. Nielen\u017ee ide o jeden z posledn\u00fdch skuto\u010dn\u00fdch sedanov zna\u010dky Pontiac, ale je to aj exempl\u00e1r s jedine\u010dn\u00fdm pr\u00edbehom a v bezchybnom stave. Ke\u010f\u017ee ide o model Bonneville Brougham (najvy\u0161\u0161ia v\u00fdbava), je aj pomerne vz\u00e1cny a Pontiac ho v tom roku vyrobil len pribli\u017ene 17 300 kusov. Pod kapotou sa nach\u00e1dza volite\u013en\u00fd motor 350 V8 (5,7 l) s v\u00fdkonom 170 k, ktor\u00fd je spojen\u00fd so 4-stup\u0148ovou automatickou prevodovkou.<\/p>\n<p>Tento konkr\u00e9tny exempl\u00e1r bol p\u00f4vodne predan\u00fd v Mexiku v roku 1979 a hne\u010f potom dovezen\u00fd do \u0160panielska. Preto m\u00e1 tachometer v kilometroch a \u010fal\u0161ie \u0161pecifick\u00e9 \u00fadaje. Majite\u013e ho doviezol a pou\u017e\u00edval sporadicky, tak\u017ee auto najazdilo len 31 000 km. S\u00fa\u010dasn\u00fd majite\u013e ho z\u00edskal v roku 2019 od rodiny p\u00f4vodn\u00e9ho majite\u013ea a vozidlo zre\u0161tauroval (lak a nieko\u013eko detailov), \u010d\u00edm sa tento vyh\u013ead\u00e1van\u00fd sedan dostal do nov\u00e9ho stavu.<\/p>\n<p><strong>Interi\u00e9r<\/strong><\/p>\n<p>Ke\u010f si sadnete za volant Pontiacu Bonneville z roku 1979, va\u0161e predstavy o luxusnom interi\u00e9ri sa okam\u017eite zmenia. Mas\u00edvne a pohodln\u00e9 vel\u00farov\u00e9 sedadl\u00e1, mno\u017estvo vn\u00fatorn\u00e9ho priestoru, chr\u00f3mov\u00e9 detaily a tichos\u0165 s\u00fa neporovnate\u013en\u00e9 aj s mnoh\u00fdmi nikdy nejazden\u00fdmi autami. \u010cal\u00fanenie a kober\u010deky karamelovej farby dokonale ladia s dreven\u00fdmi vlo\u017ekami a farbou exteri\u00e9ru a s\u00fa vynikaj\u00facim pr\u00edkladom detroitskej estetiky konca 70. rokov. Je to tie\u017e dobre vybaven\u00e9 vozidlo s elektrick\u00fdmi oknami a zrkadlami, automatickou klimatiz\u00e1ciou prestavanou na modern\u00fd plyn, stereo syst\u00e9mom a tempomatom. V\u0161etko je plne funk\u010dn\u00e9 a bez po\u0161kodenia.<\/p>\n<p><strong>Stav vozidla<\/strong><\/p>\n<p>Tento Bonneville Brougham m\u00e1 na tachometri presne 31 619 kilometrov, v\u017edy bol gar\u00e1\u017eovan\u00fd a ke\u010f sa nepou\u017e\u00edval, bol pod jedine\u010dn\u00fdm krytom. V\u010faka ned\u00e1vnemu prelakovaniu v p\u00f4vodnej farbe m\u00f4\u017eeme s istotou poveda\u0165, \u017ee vozidlo je v stave ako nov\u00e9. Chr\u00f3mov\u00e9 detaily s\u00fa leskl\u00e9, v\u0161etky ozdobn\u00e9 prvky s\u00fa v perfektnom stave, s p\u00f4vodn\u00fdmi diskami a dobov\u00fdmi pneumatikami. V apr\u00edli 2024 bol na vozidle vykonan\u00fd servis, v\u00fdmena oleja a gener\u00e1lna oprava b\u0155zd a v roku 2021 boli vykonan\u00e9 niektor\u00e9 pr\u00e1ce na elektroin\u0161tal\u00e1cii. Vzh\u013eadom na po\u010det najazden\u00fdch kilometrov, stav a zachovalos\u0165 by to mohol by\u0165 najlep\u0161\u00ed Bonneville Brougham z roku 1979. Toto vozidlo pre\u0161lo technickou kontrolou ITV, ktor\u00e1 je platn\u00e1 do roku 2028.<\/p>\n<p><strong>Exteri\u00e9r a koles\u00e1<\/strong><\/p>\n<p>Karos\u00e9ria je po profesion\u00e1lnom a spr\u00e1vnom novom lakovan\u00ed v p\u00f4vodnej farbe bezchybn\u00e1. Prelakovanie bolo \u00faspe\u0161n\u00e9, preto\u017ee karos\u00e9ria bola dokonale zachoval\u00e1, bez kor\u00f3zie, po\u0161koden\u00ed alebo opr\u00e1v. S p\u00f4vodn\u00fdmi dr\u00f4ten\u00fdmi kolesami, majite\u013e namontoval charakteristick\u00e9 a p\u00f4vodn\u00e9 biele pneumatiky v roku 2021.<\/p>\n<p><strong>Dokument\u00e1cia<\/strong><\/p>\n<p>Vozidlo sa nach\u00e1dza v \u0160panielsku a je k nemu rozsiahla dokument\u00e1cia vr\u00e1tane potvrden\u00ed o vykonanej \u00fadr\u017ebe, dokument\u00e1cie zo \u0161panielskej technickej kontroly, schv\u00e1lenia pre \u0161tat\u00fat klasick\u00e9ho vozidla at\u010f. Neexistuj\u00fa \u017eiadne z\u00e1znamy o \u0161kod\u00e1ch, vym\u00e1han\u00ed \u0161k\u00f4d sp\u00f4soben\u00fdch kr\u00e1de\u017eou alebo poistn\u00fdch udalostiach. Dokument\u00e1cia sa vz\u0165ahuje na vozidlo od prv\u00e9ho d\u0148a a je pln\u00e1 d\u00f4kazov o v\u00fdnimo\u010dnej starostlivosti.<\/p>\n<p><strong>Pozrite si video so studen\u00fdm \u0161tartom tohto bezchybn\u00e9ho modelu Pontiac Bonneville z roku 1979 :<\/strong><\/p>\n<p><iframe title=\"Cold Start Video of the incredible 1979 Pontiac Bonneville\" width=\"1200\" height=\"675\" src=\"https:\/\/www.youtube.com\/embed\/6DKO8uhEkN8?feature=oembed\" frameborder=\"0\" allow=\"accelerometer; autoplay; clipboard-write; encrypted-media; gyroscope; picture-in-picture; web-share\" referrerpolicy=\"strict-origin-when-cross-origin\" allowfullscreen><\/iframe><\/p>\n","protected":false},"excerpt":{"rendered":"<p>Do hist\u00f3rie automobilov sa Pontiac zap\u00edsal ako vzru\u0161uj\u00faca zna\u010dka GM s radom v\u00fdkonn\u00fdch svalnat\u00fdch vozidiel, elegantn\u00fdmi tvarmi a inovat\u00edvnym dizajnom. Model Bonneville z roku 1979 stoj\u00ed na vrchole modelov\u00e9ho radu a znamen\u00e1 koniec jednej \u00e9ry plnohodnotn\u00fdch sedanov. Tento sedan s jedine\u010dn\u00fdm \u0161t\u00fdlom, ve\u013ek\u00fdm priestorom a mno\u017estvom luxusn\u00fdch prvkov je vynikaj\u00facim pr\u00edkladom klasick\u00e9ho americk\u00e9ho automobilu.<\/p>\n","protected":false},"featured_media":104297,"comment_status":"open","ping_status":"closed","template":"","meta":{"inline_featured_image":false},"product_cat":[755],"product_tag":[3995,4056,941],"acf":[],"yoast_head":"<!-- This site is optimized with the Yoast SEO plugin v22.5 - https:\/\/yoast.com\/wordpress\/plugins\/seo\/ -->\n<title>Pontiac Bonneville Brougham 1979 - Piston Addict str\u00e1nky<\/title>\n<meta name=\"robots\" content=\"index, follow, max-snippet:-1, max-image-preview:large, max-video-preview:-1\" \/>\n<link rel=\"canonical\" href=\"https:\/\/pistonaddict.com\/sk\/product\/1979-pontiac-bonneville-brougham\/\" \/>\n<meta property=\"og:locale\" content=\"sk_SK\" \/>\n<meta property=\"og:type\" content=\"article\" \/>\n<meta property=\"og:title\" content=\"Pontiac Bonneville Brougham 1979 - Piston Addict str\u00e1nky\" \/>\n<meta property=\"og:description\" content=\"Do hist\u00f3rie automobilov sa Pontiac zap\u00edsal ako vzru\u0161uj\u00faca zna\u010dka GM s radom v\u00fdkonn\u00fdch svalnat\u00fdch vozidiel, elegantn\u00fdmi tvarmi a inovat\u00edvnym dizajnom. Model Bonneville z roku 1979 stoj\u00ed na vrchole modelov\u00e9ho radu a znamen\u00e1 koniec jednej \u00e9ry plnohodnotn\u00fdch sedanov. Tento sedan s jedine\u010dn\u00fdm \u0161t\u00fdlom, ve\u013ek\u00fdm priestorom a mno\u017estvom luxusn\u00fdch prvkov je vynikaj\u00facim pr\u00edkladom klasick\u00e9ho americk\u00e9ho automobilu.\" \/>\n<meta property=\"og:url\" content=\"https:\/\/pistonaddict.com\/sk\/product\/1979-pontiac-bonneville-brougham\/\" \/>\n<meta property=\"og:site_name\" content=\"Piston Addict\" \/>\n<meta property=\"article:modified_time\" content=\"2024-05-17T13:57:38+00:00\" \/>\n<meta property=\"og:image\" content=\"https:\/\/pistonaddict.com\/wp-content\/uploads\/2024\/05\/5a7bfe0d-cda7-49a4-89d2-85a67cfe2d90-1.jpg\" \/>\n\t<meta property=\"og:image:width\" content=\"2016\" \/>\n\t<meta property=\"og:image:height\" content=\"1134\" \/>\n\t<meta property=\"og:image:type\" content=\"image\/jpeg\" \/>\n<meta name=\"twitter:card\" content=\"summary_large_image\" \/>\n<meta name=\"twitter:label1\" content=\"Predpokladan\u00fd \u010das \u010d\u00edtania\" \/>\n\t<meta name=\"twitter:data1\" content=\"4 min\u00faty\" \/>\n<script type=\"application\/ld+json\" class=\"yoast-schema-graph\">{\"@context\":\"https:\/\/schema.org\",\"@graph\":[{\"@type\":\"WebPage\",\"@id\":\"https:\/\/pistonaddict.com\/sk\/product\/1979-pontiac-bonneville-brougham\/\",\"url\":\"https:\/\/pistonaddict.com\/sk\/product\/1979-pontiac-bonneville-brougham\/\",\"name\":\"Pontiac Bonneville Brougham 1979 - Piston Addict str\u00e1nky\",\"isPartOf\":{\"@id\":\"https:\/\/pistonaddict.com\/sk\/#website\"},\"primaryImageOfPage\":{\"@id\":\"https:\/\/pistonaddict.com\/sk\/product\/1979-pontiac-bonneville-brougham\/#primaryimage\"},\"image\":{\"@id\":\"https:\/\/pistonaddict.com\/sk\/product\/1979-pontiac-bonneville-brougham\/#primaryimage\"},\"thumbnailUrl\":\"https:\/\/pistonaddict.com\/wp-content\/uploads\/2024\/05\/5a7bfe0d-cda7-49a4-89d2-85a67cfe2d90-1.jpg\",\"datePublished\":\"2024-05-17T09:16:20+00:00\",\"dateModified\":\"2024-05-17T13:57:38+00:00\",\"breadcrumb\":{\"@id\":\"https:\/\/pistonaddict.com\/sk\/product\/1979-pontiac-bonneville-brougham\/#breadcrumb\"},\"inLanguage\":\"sk-SK\",\"potentialAction\":[{\"@type\":\"ReadAction\",\"target\":[\"https:\/\/pistonaddict.com\/sk\/product\/1979-pontiac-bonneville-brougham\/\"]}]},{\"@type\":\"ImageObject\",\"inLanguage\":\"sk-SK\",\"@id\":\"https:\/\/pistonaddict.com\/sk\/product\/1979-pontiac-bonneville-brougham\/#primaryimage\",\"url\":\"https:\/\/pistonaddict.com\/wp-content\/uploads\/2024\/05\/5a7bfe0d-cda7-49a4-89d2-85a67cfe2d90-1.jpg\",\"contentUrl\":\"https:\/\/pistonaddict.com\/wp-content\/uploads\/2024\/05\/5a7bfe0d-cda7-49a4-89d2-85a67cfe2d90-1.jpg\",\"width\":2016,\"height\":1134},{\"@type\":\"BreadcrumbList\",\"@id\":\"https:\/\/pistonaddict.com\/sk\/product\/1979-pontiac-bonneville-brougham\/#breadcrumb\",\"itemListElement\":[{\"@type\":\"ListItem\",\"position\":1,\"name\":\"domovskej str\u00e1nke\",\"item\":\"https:\/\/pistonaddict.com\/sk\/uvodna-stranka\/\"},{\"@type\":\"ListItem\",\"position\":2,\"name\":\"Auctions\",\"item\":\"https:\/\/pistonaddict.com\/auctions-listing\/\"},{\"@type\":\"ListItem\",\"position\":3,\"name\":\"Pontiac Bonneville Brougham 1979\"}]},{\"@type\":\"WebSite\",\"@id\":\"https:\/\/pistonaddict.com\/sk\/#website\",\"url\":\"https:\/\/pistonaddict.com\/sk\/\",\"name\":\"Piston Addict\",\"description\":\"Only interesting vehicles\",\"publisher\":{\"@id\":\"https:\/\/pistonaddict.com\/sk\/#organization\"},\"potentialAction\":[{\"@type\":\"SearchAction\",\"target\":{\"@type\":\"EntryPoint\",\"urlTemplate\":\"https:\/\/pistonaddict.com\/sk\/?s={search_term_string}\"},\"query-input\":\"required name=search_term_string\"}],\"inLanguage\":\"sk-SK\"},{\"@type\":\"Organization\",\"@id\":\"https:\/\/pistonaddict.com\/sk\/#organization\",\"name\":\"Piston Addict\",\"url\":\"https:\/\/pistonaddict.com\/sk\/\",\"logo\":{\"@type\":\"ImageObject\",\"inLanguage\":\"sk-SK\",\"@id\":\"https:\/\/pistonaddict.com\/sk\/#\/schema\/logo\/image\/\",\"url\":\"https:\/\/pistonaddict.com\/wp-content\/uploads\/2022\/07\/logo-6.png\",\"contentUrl\":\"https:\/\/pistonaddict.com\/wp-content\/uploads\/2022\/07\/logo-6.png\",\"width\":970,\"height\":200,\"caption\":\"Piston Addict\"},\"image\":{\"@id\":\"https:\/\/pistonaddict.com\/sk\/#\/schema\/logo\/image\/\"}}]}<\/script>\n<!-- \/ Yoast SEO plugin. -->","yoast_head_json":{"title":"Pontiac Bonneville Brougham 1979 - Piston Addict str\u00e1nky","robots":{"index":"index","follow":"follow","max-snippet":"max-snippet:-1","max-image-preview":"max-image-preview:large","max-video-preview":"max-video-preview:-1"},"canonical":"https:\/\/pistonaddict.com\/sk\/product\/1979-pontiac-bonneville-brougham\/","og_locale":"sk_SK","og_type":"article","og_title":"Pontiac Bonneville Brougham 1979 - Piston Addict str\u00e1nky","og_description":"Do hist\u00f3rie automobilov sa Pontiac zap\u00edsal ako vzru\u0161uj\u00faca zna\u010dka GM s radom v\u00fdkonn\u00fdch svalnat\u00fdch vozidiel, elegantn\u00fdmi tvarmi a inovat\u00edvnym dizajnom. Model Bonneville z roku 1979 stoj\u00ed na vrchole modelov\u00e9ho radu a znamen\u00e1 koniec jednej \u00e9ry plnohodnotn\u00fdch sedanov. Tento sedan s jedine\u010dn\u00fdm \u0161t\u00fdlom, ve\u013ek\u00fdm priestorom a mno\u017estvom luxusn\u00fdch prvkov je vynikaj\u00facim pr\u00edkladom klasick\u00e9ho americk\u00e9ho automobilu.","og_url":"https:\/\/pistonaddict.com\/sk\/product\/1979-pontiac-bonneville-brougham\/","og_site_name":"Piston Addict","article_modified_time":"2024-05-17T13:57:38+00:00","og_image":[{"width":2016,"height":1134,"url":"https:\/\/pistonaddict.com\/wp-content\/uploads\/2024\/05\/5a7bfe0d-cda7-49a4-89d2-85a67cfe2d90-1.jpg","type":"image\/jpeg"}],"twitter_card":"summary_large_image","twitter_misc":{"Predpokladan\u00fd \u010das \u010d\u00edtania":"4 min\u00faty"},"schema":{"@context":"https:\/\/schema.org","@graph":[{"@type":"WebPage","@id":"https:\/\/pistonaddict.com\/sk\/product\/1979-pontiac-bonneville-brougham\/","url":"https:\/\/pistonaddict.com\/sk\/product\/1979-pontiac-bonneville-brougham\/","name":"Pontiac Bonneville Brougham 1979 - Piston Addict str\u00e1nky","isPartOf":{"@id":"https:\/\/pistonaddict.com\/sk\/#website"},"primaryImageOfPage":{"@id":"https:\/\/pistonaddict.com\/sk\/product\/1979-pontiac-bonneville-brougham\/#primaryimage"},"image":{"@id":"https:\/\/pistonaddict.com\/sk\/product\/1979-pontiac-bonneville-brougham\/#primaryimage"},"thumbnailUrl":"https:\/\/pistonaddict.com\/wp-content\/uploads\/2024\/05\/5a7bfe0d-cda7-49a4-89d2-85a67cfe2d90-1.jpg","datePublished":"2024-05-17T09:16:20+00:00","dateModified":"2024-05-17T13:57:38+00:00","breadcrumb":{"@id":"https:\/\/pistonaddict.com\/sk\/product\/1979-pontiac-bonneville-brougham\/#breadcrumb"},"inLanguage":"sk-SK","potentialAction":[{"@type":"ReadAction","target":["https:\/\/pistonaddict.com\/sk\/product\/1979-pontiac-bonneville-brougham\/"]}]},{"@type":"ImageObject","inLanguage":"sk-SK","@id":"https:\/\/pistonaddict.com\/sk\/product\/1979-pontiac-bonneville-brougham\/#primaryimage","url":"https:\/\/pistonaddict.com\/wp-content\/uploads\/2024\/05\/5a7bfe0d-cda7-49a4-89d2-85a67cfe2d90-1.jpg","contentUrl":"https:\/\/pistonaddict.com\/wp-content\/uploads\/2024\/05\/5a7bfe0d-cda7-49a4-89d2-85a67cfe2d90-1.jpg","width":2016,"height":1134},{"@type":"BreadcrumbList","@id":"https:\/\/pistonaddict.com\/sk\/product\/1979-pontiac-bonneville-brougham\/#breadcrumb","itemListElement":[{"@type":"ListItem","position":1,"name":"domovskej str\u00e1nke","item":"https:\/\/pistonaddict.com\/sk\/uvodna-stranka\/"},{"@type":"ListItem","position":2,"name":"Auctions","item":"https:\/\/pistonaddict.com\/auctions-listing\/"},{"@type":"ListItem","position":3,"name":"Pontiac Bonneville Brougham 1979"}]},{"@type":"WebSite","@id":"https:\/\/pistonaddict.com\/sk\/#website","url":"https:\/\/pistonaddict.com\/sk\/","name":"Piston Addict","description":"Only interesting vehicles","publisher":{"@id":"https:\/\/pistonaddict.com\/sk\/#organization"},"potentialAction":[{"@type":"SearchAction","target":{"@type":"EntryPoint","urlTemplate":"https:\/\/pistonaddict.com\/sk\/?s={search_term_string}"},"query-input":"required name=search_term_string"}],"inLanguage":"sk-SK"},{"@type":"Organization","@id":"https:\/\/pistonaddict.com\/sk\/#organization","name":"Piston Addict","url":"https:\/\/pistonaddict.com\/sk\/","logo":{"@type":"ImageObject","inLanguage":"sk-SK","@id":"https:\/\/pistonaddict.com\/sk\/#\/schema\/logo\/image\/","url":"https:\/\/pistonaddict.com\/wp-content\/uploads\/2022\/07\/logo-6.png","contentUrl":"https:\/\/pistonaddict.com\/wp-content\/uploads\/2022\/07\/logo-6.png","width":970,"height":200,"caption":"Piston Addict"},"image":{"@id":"https:\/\/pistonaddict.com\/sk\/#\/schema\/logo\/image\/"}}]}},"_links":{"self":[{"href":"https:\/\/pistonaddict.com\/sk\/wp-json\/wp\/v2\/product\/104249"}],"collection":[{"href":"https:\/\/pistonaddict.com\/sk\/wp-json\/wp\/v2\/product"}],"about":[{"href":"https:\/\/pistonaddict.com\/sk\/wp-json\/wp\/v2\/types\/product"}],"replies":[{"embeddable":true,"href":"https:\/\/pistonaddict.com\/sk\/wp-json\/wp\/v2\/comments?post=104249"}],"wp:featuredmedia":[{"embeddable":true,"href":"https:\/\/pistonaddict.com\/sk\/wp-json\/wp\/v2\/media\/104297"}],"wp:attachment":[{"href":"https:\/\/pistonaddict.com\/sk\/wp-json\/wp\/v2\/media?parent=104249"}],"wp:term":[{"taxonomy":"product_cat","embeddable":true,"href":"https:\/\/pistonaddict.com\/sk\/wp-json\/wp\/v2\/product_cat?post=104249"},{"taxonomy":"product_tag","embeddable":true,"href":"https:\/\/pistonaddict.com\/sk\/wp-json\/wp\/v2\/product_tag?post=104249"}],"curies":[{"name":"wp","href":"https:\/\/api.w.org\/{rel}","templated":true}]}}