{"id":51270,"date":"2022-04-28T09:17:25","date_gmt":"2022-04-28T07:17:25","guid":{"rendered":"https:\/\/pistonaddict.com\/uvodna-stranka\/"},"modified":"2024-05-17T17:26:20","modified_gmt":"2024-05-17T15:26:20","slug":"uvodna-stranka","status":"publish","type":"page","link":"https:\/\/pistonaddict.com\/sk\/","title":{"rendered":"\u00davodn\u00e1 str\u00e1nka"},"content":{"rendered":"","protected":false},"excerpt":{"rendered":"","protected":false},"author":1,"featured_media":0,"parent":0,"menu_order":0,"comment_status":"closed","ping_status":"closed","template":"template-parts\/tpl-accueil.php","meta":{"inline_featured_image":false,"footnotes":""},"acf":[],"yoast_head":"<!-- This site is optimized with the Yoast SEO plugin v22.5 - https:\/\/yoast.com\/wordpress\/plugins\/seo\/ -->\n<title>Piston Addict : Aut\u00e1 na trhu online aukci\u00ed<\/title>\n<meta name=\"description\" content=\"Piston Addict auctions je medzin\u00e1rodn\u00e9 trhovisko historick\u00fdch a klasick\u00fdch vozidiel. Pred\u00e1vajte a kupujte na aukci\u00e1ch vozidl\u00e1 svojich snov na str\u00e1nke Piston Addict, iba zauj\u00edmav\u00e9 vozidl\u00e1, od historick\u00fdch motocyklov a\u017e po hyperaut\u00e1. O svojom \u010fal\u0161om vozidle sa m\u00f4\u017eete informova\u0165 aj prostredn\u00edctvom \u010dl\u00e1nkov o automobiloch z Piston Addict, ktor\u00e9 p\u00ed\u0161u na\u0161i automobilov\u00ed novin\u00e1ri, a kl\u00e1s\u0165 ot\u00e1zky komunite Piston Addict.\" \/>\n<meta name=\"robots\" content=\"index, follow, max-snippet:-1, max-image-preview:large, max-video-preview:-1\" \/>\n<link rel=\"canonical\" href=\"https:\/\/pistonaddict.com\/sk\/\" \/>\n<meta property=\"og:locale\" content=\"sk_SK\" \/>\n<meta property=\"og:type\" content=\"article\" \/>\n<meta property=\"og:title\" content=\"Piston Addict : Aut\u00e1 na trhu online aukci\u00ed\" \/>\n<meta property=\"og:description\" content=\"Piston Addict auctions je medzin\u00e1rodn\u00e9 trhovisko historick\u00fdch a klasick\u00fdch vozidiel. Pred\u00e1vajte a kupujte na aukci\u00e1ch vozidl\u00e1 svojich snov na str\u00e1nke Piston Addict, iba zauj\u00edmav\u00e9 vozidl\u00e1, od historick\u00fdch motocyklov a\u017e po hyperaut\u00e1. O svojom \u010fal\u0161om vozidle sa m\u00f4\u017eete informova\u0165 aj prostredn\u00edctvom \u010dl\u00e1nkov o automobiloch z Piston Addict, ktor\u00e9 p\u00ed\u0161u na\u0161i automobilov\u00ed novin\u00e1ri, a kl\u00e1s\u0165 ot\u00e1zky komunite Piston Addict.\" \/>\n<meta property=\"og:url\" content=\"https:\/\/pistonaddict.com\/sk\/\" \/>\n<meta property=\"og:site_name\" content=\"Piston Addict\" \/>\n<meta property=\"article:modified_time\" content=\"2024-05-17T15:26:20+00:00\" \/>\n<meta name=\"twitter:card\" content=\"summary_large_image\" \/>\n<script type=\"application\/ld+json\" class=\"yoast-schema-graph\">{\"@context\":\"https:\/\/schema.org\",\"@graph\":[{\"@type\":\"WebPage\",\"@id\":\"https:\/\/pistonaddict.com\/sk\/\",\"url\":\"https:\/\/pistonaddict.com\/sk\/\",\"name\":\"Piston Addict : Aut\u00e1 na trhu online aukci\u00ed\",\"isPartOf\":{\"@id\":\"https:\/\/pistonaddict.com\/sk\/#website\"},\"datePublished\":\"2022-04-28T07:17:25+00:00\",\"dateModified\":\"2024-05-17T15:26:20+00:00\",\"description\":\"Piston Addict auctions je medzin\u00e1rodn\u00e9 trhovisko historick\u00fdch a klasick\u00fdch vozidiel. Pred\u00e1vajte a kupujte na aukci\u00e1ch vozidl\u00e1 svojich snov na str\u00e1nke Piston Addict, iba zauj\u00edmav\u00e9 vozidl\u00e1, od historick\u00fdch motocyklov a\u017e po hyperaut\u00e1. O svojom \u010fal\u0161om vozidle sa m\u00f4\u017eete informova\u0165 aj prostredn\u00edctvom \u010dl\u00e1nkov o automobiloch z Piston Addict, ktor\u00e9 p\u00ed\u0161u na\u0161i automobilov\u00ed novin\u00e1ri, a kl\u00e1s\u0165 ot\u00e1zky komunite Piston Addict.\",\"breadcrumb\":{\"@id\":\"https:\/\/pistonaddict.com\/sk\/#breadcrumb\"},\"inLanguage\":\"sk-SK\",\"potentialAction\":[{\"@type\":\"ReadAction\",\"target\":[\"https:\/\/pistonaddict.com\/sk\/\"]}]},{\"@type\":\"BreadcrumbList\",\"@id\":\"https:\/\/pistonaddict.com\/sk\/#breadcrumb\",\"itemListElement\":[{\"@type\":\"ListItem\",\"position\":1,\"name\":\"domovskej str\u00e1nke\",\"item\":\"https:\/\/pistonaddict.com\/sk\/uvodna-stranka\/\"},{\"@type\":\"ListItem\",\"position\":2,\"name\":\"\u00davodn\u00e1 str\u00e1nka\"}]},{\"@type\":\"WebSite\",\"@id\":\"https:\/\/pistonaddict.com\/sk\/#website\",\"url\":\"https:\/\/pistonaddict.com\/sk\/\",\"name\":\"Piston Addict\",\"description\":\"Only interesting vehicles\",\"publisher\":{\"@id\":\"https:\/\/pistonaddict.com\/sk\/#organization\"},\"potentialAction\":[{\"@type\":\"SearchAction\",\"target\":{\"@type\":\"EntryPoint\",\"urlTemplate\":\"https:\/\/pistonaddict.com\/sk\/?s={search_term_string}\"},\"query-input\":\"required name=search_term_string\"}],\"inLanguage\":\"sk-SK\"},{\"@type\":\"Organization\",\"@id\":\"https:\/\/pistonaddict.com\/sk\/#organization\",\"name\":\"Piston Addict\",\"url\":\"https:\/\/pistonaddict.com\/sk\/\",\"logo\":{\"@type\":\"ImageObject\",\"inLanguage\":\"sk-SK\",\"@id\":\"https:\/\/pistonaddict.com\/sk\/#\/schema\/logo\/image\/\",\"url\":\"https:\/\/pistonaddict.com\/wp-content\/uploads\/2022\/07\/logo-6.png\",\"contentUrl\":\"https:\/\/pistonaddict.com\/wp-content\/uploads\/2022\/07\/logo-6.png\",\"width\":970,\"height\":200,\"caption\":\"Piston Addict\"},\"image\":{\"@id\":\"https:\/\/pistonaddict.com\/sk\/#\/schema\/logo\/image\/\"}}]}<\/script>\n<!-- \/ Yoast SEO plugin. -->","yoast_head_json":{"title":"Piston Addict : Aut\u00e1 na trhu online aukci\u00ed","description":"Piston Addict auctions je medzin\u00e1rodn\u00e9 trhovisko historick\u00fdch a klasick\u00fdch vozidiel. Pred\u00e1vajte a kupujte na aukci\u00e1ch vozidl\u00e1 svojich snov na str\u00e1nke Piston Addict, iba zauj\u00edmav\u00e9 vozidl\u00e1, od historick\u00fdch motocyklov a\u017e po hyperaut\u00e1. O svojom \u010fal\u0161om vozidle sa m\u00f4\u017eete informova\u0165 aj prostredn\u00edctvom \u010dl\u00e1nkov o automobiloch z Piston Addict, ktor\u00e9 p\u00ed\u0161u na\u0161i automobilov\u00ed novin\u00e1ri, a kl\u00e1s\u0165 ot\u00e1zky komunite Piston Addict.","robots":{"index":"index","follow":"follow","max-snippet":"max-snippet:-1","max-image-preview":"max-image-preview:large","max-video-preview":"max-video-preview:-1"},"canonical":"https:\/\/pistonaddict.com\/sk\/","og_locale":"sk_SK","og_type":"article","og_title":"Piston Addict : Aut\u00e1 na trhu online aukci\u00ed","og_description":"Piston Addict auctions je medzin\u00e1rodn\u00e9 trhovisko historick\u00fdch a klasick\u00fdch vozidiel. Pred\u00e1vajte a kupujte na aukci\u00e1ch vozidl\u00e1 svojich snov na str\u00e1nke Piston Addict, iba zauj\u00edmav\u00e9 vozidl\u00e1, od historick\u00fdch motocyklov a\u017e po hyperaut\u00e1. O svojom \u010fal\u0161om vozidle sa m\u00f4\u017eete informova\u0165 aj prostredn\u00edctvom \u010dl\u00e1nkov o automobiloch z Piston Addict, ktor\u00e9 p\u00ed\u0161u na\u0161i automobilov\u00ed novin\u00e1ri, a kl\u00e1s\u0165 ot\u00e1zky komunite Piston Addict.","og_url":"https:\/\/pistonaddict.com\/sk\/","og_site_name":"Piston Addict","article_modified_time":"2024-05-17T15:26:20+00:00","twitter_card":"summary_large_image","schema":{"@context":"https:\/\/schema.org","@graph":[{"@type":"WebPage","@id":"https:\/\/pistonaddict.com\/sk\/","url":"https:\/\/pistonaddict.com\/sk\/","name":"Piston Addict : Aut\u00e1 na trhu online aukci\u00ed","isPartOf":{"@id":"https:\/\/pistonaddict.com\/sk\/#website"},"datePublished":"2022-04-28T07:17:25+00:00","dateModified":"2024-05-17T15:26:20+00:00","description":"Piston Addict auctions je medzin\u00e1rodn\u00e9 trhovisko historick\u00fdch a klasick\u00fdch vozidiel. Pred\u00e1vajte a kupujte na aukci\u00e1ch vozidl\u00e1 svojich snov na str\u00e1nke Piston Addict, iba zauj\u00edmav\u00e9 vozidl\u00e1, od historick\u00fdch motocyklov a\u017e po hyperaut\u00e1. O svojom \u010fal\u0161om vozidle sa m\u00f4\u017eete informova\u0165 aj prostredn\u00edctvom \u010dl\u00e1nkov o automobiloch z Piston Addict, ktor\u00e9 p\u00ed\u0161u na\u0161i automobilov\u00ed novin\u00e1ri, a kl\u00e1s\u0165 ot\u00e1zky komunite Piston Addict.","breadcrumb":{"@id":"https:\/\/pistonaddict.com\/sk\/#breadcrumb"},"inLanguage":"sk-SK","potentialAction":[{"@type":"ReadAction","target":["https:\/\/pistonaddict.com\/sk\/"]}]},{"@type":"BreadcrumbList","@id":"https:\/\/pistonaddict.com\/sk\/#breadcrumb","itemListElement":[{"@type":"ListItem","position":1,"name":"domovskej str\u00e1nke","item":"https:\/\/pistonaddict.com\/sk\/uvodna-stranka\/"},{"@type":"ListItem","position":2,"name":"\u00davodn\u00e1 str\u00e1nka"}]},{"@type":"WebSite","@id":"https:\/\/pistonaddict.com\/sk\/#website","url":"https:\/\/pistonaddict.com\/sk\/","name":"Piston Addict","description":"Only interesting vehicles","publisher":{"@id":"https:\/\/pistonaddict.com\/sk\/#organization"},"potentialAction":[{"@type":"SearchAction","target":{"@type":"EntryPoint","urlTemplate":"https:\/\/pistonaddict.com\/sk\/?s={search_term_string}"},"query-input":"required name=search_term_string"}],"inLanguage":"sk-SK"},{"@type":"Organization","@id":"https:\/\/pistonaddict.com\/sk\/#organization","name":"Piston Addict","url":"https:\/\/pistonaddict.com\/sk\/","logo":{"@type":"ImageObject","inLanguage":"sk-SK","@id":"https:\/\/pistonaddict.com\/sk\/#\/schema\/logo\/image\/","url":"https:\/\/pistonaddict.com\/wp-content\/uploads\/2022\/07\/logo-6.png","contentUrl":"https:\/\/pistonaddict.com\/wp-content\/uploads\/2022\/07\/logo-6.png","width":970,"height":200,"caption":"Piston Addict"},"image":{"@id":"https:\/\/pistonaddict.com\/sk\/#\/schema\/logo\/image\/"}}]}},"_links":{"self":[{"href":"https:\/\/pistonaddict.com\/sk\/wp-json\/wp\/v2\/pages\/51270"}],"collection":[{"href":"https:\/\/pistonaddict.com\/sk\/wp-json\/wp\/v2\/pages"}],"about":[{"href":"https:\/\/pistonaddict.com\/sk\/wp-json\/wp\/v2\/types\/page"}],"author":[{"embeddable":true,"href":"https:\/\/pistonaddict.com\/sk\/wp-json\/wp\/v2\/users\/1"}],"replies":[{"embeddable":true,"href":"https:\/\/pistonaddict.com\/sk\/wp-json\/wp\/v2\/comments?post=51270"}],"version-history":[{"count":1,"href":"https:\/\/pistonaddict.com\/sk\/wp-json\/wp\/v2\/pages\/51270\/revisions"}],"predecessor-version":[{"id":80974,"href":"https:\/\/pistonaddict.com\/sk\/wp-json\/wp\/v2\/pages\/51270\/revisions\/80974"}],"wp:attachment":[{"href":"https:\/\/pistonaddict.com\/sk\/wp-json\/wp\/v2\/media?parent=51270"}],"curies":[{"name":"wp","href":"https:\/\/api.w.org\/{rel}","templated":true}]}}