{"id":3125,"date":"2022-04-29T11:20:06","date_gmt":"2022-04-29T09:20:06","guid":{"rendered":"https:\/\/pistonaddict.com\/pravidla-komentarov\/"},"modified":"2023-02-05T11:11:46","modified_gmt":"2023-02-05T10:11:46","slug":"pravidla-komentarov","status":"publish","type":"page","link":"https:\/\/pistonaddict.com\/sk\/pravidla-komentarov\/","title":{"rendered":"Pravidl\u00e1 komentovania"},"content":{"rendered":"\t\t<div data-elementor-type=\"wp-page\" data-elementor-id=\"3125\" class=\"elementor elementor-3125 elementor-3043\">\n\t\t\t\t\t\t<section class=\"elementor-section elementor-top-section elementor-element elementor-element-01b8fa5 elementor-section-boxed elementor-section-height-default elementor-section-height-default\" data-id=\"01b8fa5\" data-element_type=\"section\">\n\t\t\t\t\t\t<div class=\"elementor-container elementor-column-gap-default\">\n\t\t\t\t\t<div class=\"elementor-column elementor-col-100 elementor-top-column elementor-element elementor-element-19e2c1c\" data-id=\"19e2c1c\" data-element_type=\"column\">\n\t\t\t<div class=\"elementor-widget-wrap elementor-element-populated\">\n\t\t\t\t\t\t<div class=\"elementor-element elementor-element-9413b6d elementor-widget elementor-widget-text-editor\" data-id=\"9413b6d\" data-element_type=\"widget\" data-widget_type=\"text-editor.default\">\n\t\t\t\t<div class=\"elementor-widget-container\">\n\t\t\t<style>\/*! elementor - v3.21.0 - 18-04-2024 *\/\n.elementor-widget-text-editor.elementor-drop-cap-view-stacked .elementor-drop-cap{background-color:#69727d;color:#fff}.elementor-widget-text-editor.elementor-drop-cap-view-framed .elementor-drop-cap{color:#69727d;border:3px solid;background-color:transparent}.elementor-widget-text-editor:not(.elementor-drop-cap-view-default) .elementor-drop-cap{margin-top:8px}.elementor-widget-text-editor:not(.elementor-drop-cap-view-default) .elementor-drop-cap-letter{width:1em;height:1em}.elementor-widget-text-editor .elementor-drop-cap{float:left;text-align:center;line-height:1;font-size:50px}.elementor-widget-text-editor .elementor-drop-cap-letter{display:inline-block}<\/style>\t\t\t\t<\/p>\n<h2> <\/h2>\n<h2>Pravidlo 1. Bu\u010fte kon\u0161trukt\u00edvni a nie negat\u00edvni<\/h2>\n<p>Je jednoduch\u0161ie poveda\u0165, \u017ee sa v\u00e1m nie\u010do nep\u00e1\u010di, a niekedy to m\u00f4\u017ee by\u0165 opr\u00e1vnen\u00e9. Na druhej strane je cennej\u0161ie poveda\u0165, ako by ste to mohli zlep\u0161i\u0165, skuto\u010dn\u00e1 pridan\u00e1 hodnota je, ke\u010f m\u00f4\u017eete \u0161pecifikova\u0165, \u010do je zl\u00e9 a ako to vylep\u0161i\u0165.<\/p>\n<h2> <\/h2>\n<h2>Pravidlo 2. Sk\u00fasenosti vyhr\u00e1vaj\u00fa<\/h2>\n<p>Ostatn\u00ed \u010ditatelia sa ove\u013ea viac zauj\u00edmaj\u00fa o v\u00e1\u0161 n\u00e1zor, ak vych\u00e1dza z relevantn\u00fdch sk\u00fasenost\u00ed. Ak pozn\u00e1te hist\u00f3riu konkr\u00e9tneho vozidla alebo ve\u013ea inform\u00e1ci\u00ed o konkr\u00e9tnej zna\u010dke \u010di modeli, je ove\u013ea pravdepodobnej\u0161ie, \u017ee v\u00e1s zaujme.<\/p>\n<h2> <\/h2>\n<h2>Pravidlo 3. Hovorte o aut\u00e1ch, nie o in\u00fdch<\/h2>\n<p>Ka\u017ed\u00fd m\u00e1 pr\u00e1vo ma\u0165 svoj n\u00e1zor, aj ke\u010f s n\u00edm nes\u00fahlas\u00edte. Kritika charakteru, vkusu alebo v\u0161eobecnej povahy ostatn\u00fdch \u010dlenov nem\u00e1 miesto.<\/p>\n<h2> <\/h2>\n<h2>Pravidlo 4. Cenu ur\u010duje trh<\/h2>\n<p>Piston Addict je vo\u013en\u00fd trh, kde si cenu ur\u010duje pred\u00e1vaj\u00faci a kupuj\u00faci, tak\u017ee tvrdenie, \u017ee nie\u010do je pr\u00edli\u0161 drah\u00e9 alebo pr\u00edli\u0161 lacn\u00e9, v\u00f4bec ni\u010d neznamen\u00e1. Polo\u017eka m\u00e1 tak\u00fa hodnotu, ak\u00fa je niekto ochotn\u00fd zaplati\u0165.<\/p>\n<h2> <\/h2>\n<h2>Pravidlo 5. Ak ste si nepre\u010d\u00edtali v\u0161etky ostatn\u00e9 koment\u00e1re, nie ste pripraven\u00ed zanecha\u0165 ten svoj.<\/h2>\n<p>Je to digit\u00e1lna obdoba z\u00e1sady po\u010d\u00favajte, ne\u017e za\u010dnete hovori\u0165.<\/p>\n<h2> <\/h2>\n<h2>Pravidlo 6. V \u010dasti s koment\u00e1rmi nie s\u00fa povolen\u00e9 \u017eiadne n\u00e1kupn\u00e9, predajn\u00e9 ani kontaktn\u00e9 inform\u00e1cie<\/h2>\n<p>Ak m\u00e1te auto na predaj, po\u0161lite n\u00e1m ho prostredn\u00edctvom formul\u00e1ra. \u017diadosti o n\u00e1kup, e-mailov\u00e9 adresy a telef\u00f3nne \u010d\u00edsla uverejnen\u00e9 v koment\u00e1roch  <br \/>bud\u00fa vymazan\u00e9.<\/p>\n<h2> <\/h2>\n<h2>Pravidlo 7. Ka\u017ed\u00fd je v\u00edtan\u00fd<\/h2>\n<p>\u010clenovia na\u0161ej komunity s\u00fa rovnako r\u00f4znorod\u00ed ako v\u00fdber vozidiel, ktor\u00e9 pon\u00fakame. Politick\u00e9, mizog\u00fdnne alebo homof\u00f3bne koment\u00e1re nie s\u00fa povolen\u00e9.<\/p>\n<h2> <\/h2>\n<h2>Funk\u010dnos\u0165 koment\u00e1ra<\/h2>\n<p><strong>\u00daprava koment\u00e1rov<\/strong>: autor m\u00f4\u017ee koment\u00e1re po ich uverejnen\u00ed upravova\u0165 bez \u010dasov\u00e9ho obmedzenia. Kliknite na \u010derven\u00e9 prepojenie &#8220;Upravi\u0165&#8221;, ktor\u00e9 je na tento \u00fa\u010del k dispoz\u00edcii.<\/p>\n<p><strong>Ozna\u010dte ako nekon\u0161trukt\u00edvne:<\/strong> Ak koment\u00e1r poru\u0161uje vy\u0161\u0161ie uveden\u00e9 pravidl\u00e1, kliknite na odkaz &#8220;Nahl\u00e1si\u0165&#8221;, aby mohol by\u0165 skontrolovan\u00fd alebo odstr\u00e1nen\u00fd. V\u0161etky nahl\u00e1sen\u00e9 pripomienky presk\u00famame a s kone\u010dnou platnos\u0165ou rozhodneme, \u010di bud\u00fa obnoven\u00e9 alebo odstr\u00e1nen\u00e9.<br \/>Chceme, aby bola konverz\u00e1cia na tejto str\u00e1nke kvalitn\u00e1.<\/p>\n<p><strong>Prv\u00fdkr\u00e1t komentuj\u00faci:<\/strong> V\u0161etky koment\u00e1re, ktor\u00e9 sa objavia <strong>po prv\u00fdkr\u00e1t,<\/strong> s\u00fa moderovan\u00e9 a koment\u00e1r nebude zverejnen\u00fd na str\u00e1nke, k\u00fdm ho nepresk\u00famaj\u00fa zamestnanci Piston Addict. Po prvom odoslan\u00ed koment\u00e1ra u\u017e nebud\u00fa tieto koment\u00e1re moderovan\u00e9.<\/p>\n\t\t\t\t\t\t<\/div>\n\t\t\t\t<\/div>\n\t\t\t\t\t<\/div>\n\t\t<\/div>\n\t\t\t\t\t<\/div>\n\t\t<\/section>\n\t\t\t\t<\/div>\n\t\t","protected":false},"excerpt":{"rendered":"<p>Pravidlo 1. Bu\u010fte kon\u0161trukt\u00edvni a nie negat\u00edvni Je jednoduch\u0161ie poveda\u0165, \u017ee sa v\u00e1m nie\u010do nep\u00e1\u010di, a niekedy to m\u00f4\u017ee by\u0165 opr\u00e1vnen\u00e9. Na druhej strane je cennej\u0161ie poveda\u0165, ako by ste to mohli zlep\u0161i\u0165, skuto\u010dn\u00e1 pridan\u00e1 hodnota je, ke\u010f m\u00f4\u017eete \u0161pecifikova\u0165, \u010do je zl\u00e9 a ako to vylep\u0161i\u0165. Pravidlo 2. Sk\u00fasenosti vyhr\u00e1vaj\u00fa Ostatn\u00ed \u010ditatelia sa ove\u013ea &#8230; <a title=\"Pravidl\u00e1 komentovania\" class=\"read-more\" href=\"https:\/\/pistonaddict.com\/sk\/pravidla-komentarov\/\">Pre\u010d\u00edtajte si viac<span class=\"screen-reader-text\">Pravidl\u00e1 komentovania<\/span><\/a><\/p>\n","protected":false},"author":1,"featured_media":0,"parent":0,"menu_order":0,"comment_status":"closed","ping_status":"closed","template":"","meta":{"inline_featured_image":false,"footnotes":""},"acf":[],"yoast_head":"<!-- This site is optimized with the Yoast SEO plugin v22.5 - https:\/\/yoast.com\/wordpress\/plugins\/seo\/ -->\n<title>Pravidl\u00e1 komentovania - Piston Addict str\u00e1nky<\/title>\n<meta name=\"robots\" content=\"index, follow, max-snippet:-1, max-image-preview:large, max-video-preview:-1\" \/>\n<link rel=\"canonical\" href=\"https:\/\/pistonaddict.com\/sk\/pravidla-komentarov\/\" \/>\n<meta property=\"og:locale\" content=\"sk_SK\" \/>\n<meta property=\"og:type\" content=\"article\" \/>\n<meta property=\"og:title\" content=\"Pravidl\u00e1 komentovania - Piston Addict str\u00e1nky\" \/>\n<meta property=\"og:description\" content=\"Pravidlo 1. Bu\u010fte kon\u0161trukt\u00edvni a nie negat\u00edvni Je jednoduch\u0161ie poveda\u0165, \u017ee sa v\u00e1m nie\u010do nep\u00e1\u010di, a niekedy to m\u00f4\u017ee by\u0165 opr\u00e1vnen\u00e9. Na druhej strane je cennej\u0161ie poveda\u0165, ako by ste to mohli zlep\u0161i\u0165, skuto\u010dn\u00e1 pridan\u00e1 hodnota je, ke\u010f m\u00f4\u017eete \u0161pecifikova\u0165, \u010do je zl\u00e9 a ako to vylep\u0161i\u0165. Pravidlo 2. Sk\u00fasenosti vyhr\u00e1vaj\u00fa Ostatn\u00ed \u010ditatelia sa ove\u013ea ... Pre\u010d\u00edtajte si viacPravidl\u00e1 komentovania\" \/>\n<meta property=\"og:url\" content=\"https:\/\/pistonaddict.com\/sk\/pravidla-komentarov\/\" \/>\n<meta property=\"og:site_name\" content=\"Piston Addict\" \/>\n<meta property=\"article:modified_time\" content=\"2023-02-05T10:11:46+00:00\" \/>\n<meta name=\"twitter:card\" content=\"summary_large_image\" \/>\n<meta name=\"twitter:label1\" content=\"Predpokladan\u00fd \u010das \u010d\u00edtania\" \/>\n\t<meta name=\"twitter:data1\" content=\"2 min\u00faty\" \/>\n<script type=\"application\/ld+json\" class=\"yoast-schema-graph\">{\"@context\":\"https:\/\/schema.org\",\"@graph\":[{\"@type\":\"WebPage\",\"@id\":\"https:\/\/pistonaddict.com\/sk\/pravidla-komentarov\/\",\"url\":\"https:\/\/pistonaddict.com\/sk\/pravidla-komentarov\/\",\"name\":\"Pravidl\u00e1 komentovania - Piston Addict str\u00e1nky\",\"isPartOf\":{\"@id\":\"https:\/\/pistonaddict.com\/sk\/#website\"},\"datePublished\":\"2022-04-29T09:20:06+00:00\",\"dateModified\":\"2023-02-05T10:11:46+00:00\",\"breadcrumb\":{\"@id\":\"https:\/\/pistonaddict.com\/sk\/pravidla-komentarov\/#breadcrumb\"},\"inLanguage\":\"sk-SK\",\"potentialAction\":[{\"@type\":\"ReadAction\",\"target\":[\"https:\/\/pistonaddict.com\/sk\/pravidla-komentarov\/\"]}]},{\"@type\":\"BreadcrumbList\",\"@id\":\"https:\/\/pistonaddict.com\/sk\/pravidla-komentarov\/#breadcrumb\",\"itemListElement\":[{\"@type\":\"ListItem\",\"position\":1,\"name\":\"domovskej str\u00e1nke\",\"item\":\"https:\/\/pistonaddict.com\/sk\/uvodna-stranka\/\"},{\"@type\":\"ListItem\",\"position\":2,\"name\":\"Pravidl\u00e1 komentovania\"}]},{\"@type\":\"WebSite\",\"@id\":\"https:\/\/pistonaddict.com\/sk\/#website\",\"url\":\"https:\/\/pistonaddict.com\/sk\/\",\"name\":\"Piston Addict\",\"description\":\"Only interesting vehicles\",\"publisher\":{\"@id\":\"https:\/\/pistonaddict.com\/sk\/#organization\"},\"potentialAction\":[{\"@type\":\"SearchAction\",\"target\":{\"@type\":\"EntryPoint\",\"urlTemplate\":\"https:\/\/pistonaddict.com\/sk\/?s={search_term_string}\"},\"query-input\":\"required name=search_term_string\"}],\"inLanguage\":\"sk-SK\"},{\"@type\":\"Organization\",\"@id\":\"https:\/\/pistonaddict.com\/sk\/#organization\",\"name\":\"Piston Addict\",\"url\":\"https:\/\/pistonaddict.com\/sk\/\",\"logo\":{\"@type\":\"ImageObject\",\"inLanguage\":\"sk-SK\",\"@id\":\"https:\/\/pistonaddict.com\/sk\/#\/schema\/logo\/image\/\",\"url\":\"https:\/\/pistonaddict.com\/wp-content\/uploads\/2022\/07\/logo-6.png\",\"contentUrl\":\"https:\/\/pistonaddict.com\/wp-content\/uploads\/2022\/07\/logo-6.png\",\"width\":970,\"height\":200,\"caption\":\"Piston Addict\"},\"image\":{\"@id\":\"https:\/\/pistonaddict.com\/sk\/#\/schema\/logo\/image\/\"}}]}<\/script>\n<!-- \/ Yoast SEO plugin. -->","yoast_head_json":{"title":"Pravidl\u00e1 komentovania - Piston Addict str\u00e1nky","robots":{"index":"index","follow":"follow","max-snippet":"max-snippet:-1","max-image-preview":"max-image-preview:large","max-video-preview":"max-video-preview:-1"},"canonical":"https:\/\/pistonaddict.com\/sk\/pravidla-komentarov\/","og_locale":"sk_SK","og_type":"article","og_title":"Pravidl\u00e1 komentovania - Piston Addict str\u00e1nky","og_description":"Pravidlo 1. Bu\u010fte kon\u0161trukt\u00edvni a nie negat\u00edvni Je jednoduch\u0161ie poveda\u0165, \u017ee sa v\u00e1m nie\u010do nep\u00e1\u010di, a niekedy to m\u00f4\u017ee by\u0165 opr\u00e1vnen\u00e9. Na druhej strane je cennej\u0161ie poveda\u0165, ako by ste to mohli zlep\u0161i\u0165, skuto\u010dn\u00e1 pridan\u00e1 hodnota je, ke\u010f m\u00f4\u017eete \u0161pecifikova\u0165, \u010do je zl\u00e9 a ako to vylep\u0161i\u0165. Pravidlo 2. Sk\u00fasenosti vyhr\u00e1vaj\u00fa Ostatn\u00ed \u010ditatelia sa ove\u013ea ... Pre\u010d\u00edtajte si viacPravidl\u00e1 komentovania","og_url":"https:\/\/pistonaddict.com\/sk\/pravidla-komentarov\/","og_site_name":"Piston Addict","article_modified_time":"2023-02-05T10:11:46+00:00","twitter_card":"summary_large_image","twitter_misc":{"Predpokladan\u00fd \u010das \u010d\u00edtania":"2 min\u00faty"},"schema":{"@context":"https:\/\/schema.org","@graph":[{"@type":"WebPage","@id":"https:\/\/pistonaddict.com\/sk\/pravidla-komentarov\/","url":"https:\/\/pistonaddict.com\/sk\/pravidla-komentarov\/","name":"Pravidl\u00e1 komentovania - Piston Addict str\u00e1nky","isPartOf":{"@id":"https:\/\/pistonaddict.com\/sk\/#website"},"datePublished":"2022-04-29T09:20:06+00:00","dateModified":"2023-02-05T10:11:46+00:00","breadcrumb":{"@id":"https:\/\/pistonaddict.com\/sk\/pravidla-komentarov\/#breadcrumb"},"inLanguage":"sk-SK","potentialAction":[{"@type":"ReadAction","target":["https:\/\/pistonaddict.com\/sk\/pravidla-komentarov\/"]}]},{"@type":"BreadcrumbList","@id":"https:\/\/pistonaddict.com\/sk\/pravidla-komentarov\/#breadcrumb","itemListElement":[{"@type":"ListItem","position":1,"name":"domovskej str\u00e1nke","item":"https:\/\/pistonaddict.com\/sk\/uvodna-stranka\/"},{"@type":"ListItem","position":2,"name":"Pravidl\u00e1 komentovania"}]},{"@type":"WebSite","@id":"https:\/\/pistonaddict.com\/sk\/#website","url":"https:\/\/pistonaddict.com\/sk\/","name":"Piston Addict","description":"Only interesting vehicles","publisher":{"@id":"https:\/\/pistonaddict.com\/sk\/#organization"},"potentialAction":[{"@type":"SearchAction","target":{"@type":"EntryPoint","urlTemplate":"https:\/\/pistonaddict.com\/sk\/?s={search_term_string}"},"query-input":"required name=search_term_string"}],"inLanguage":"sk-SK"},{"@type":"Organization","@id":"https:\/\/pistonaddict.com\/sk\/#organization","name":"Piston Addict","url":"https:\/\/pistonaddict.com\/sk\/","logo":{"@type":"ImageObject","inLanguage":"sk-SK","@id":"https:\/\/pistonaddict.com\/sk\/#\/schema\/logo\/image\/","url":"https:\/\/pistonaddict.com\/wp-content\/uploads\/2022\/07\/logo-6.png","contentUrl":"https:\/\/pistonaddict.com\/wp-content\/uploads\/2022\/07\/logo-6.png","width":970,"height":200,"caption":"Piston Addict"},"image":{"@id":"https:\/\/pistonaddict.com\/sk\/#\/schema\/logo\/image\/"}}]}},"_links":{"self":[{"href":"https:\/\/pistonaddict.com\/sk\/wp-json\/wp\/v2\/pages\/3125"}],"collection":[{"href":"https:\/\/pistonaddict.com\/sk\/wp-json\/wp\/v2\/pages"}],"about":[{"href":"https:\/\/pistonaddict.com\/sk\/wp-json\/wp\/v2\/types\/page"}],"author":[{"embeddable":true,"href":"https:\/\/pistonaddict.com\/sk\/wp-json\/wp\/v2\/users\/1"}],"replies":[{"embeddable":true,"href":"https:\/\/pistonaddict.com\/sk\/wp-json\/wp\/v2\/comments?post=3125"}],"version-history":[{"count":5,"href":"https:\/\/pistonaddict.com\/sk\/wp-json\/wp\/v2\/pages\/3125\/revisions"}],"predecessor-version":[{"id":26228,"href":"https:\/\/pistonaddict.com\/sk\/wp-json\/wp\/v2\/pages\/3125\/revisions\/26228"}],"wp:attachment":[{"href":"https:\/\/pistonaddict.com\/sk\/wp-json\/wp\/v2\/media?parent=3125"}],"curies":[{"name":"wp","href":"https:\/\/api.w.org\/{rel}","templated":true}]}}