{"id":2998,"date":"2022-04-29T11:18:49","date_gmt":"2022-04-29T09:18:49","guid":{"rendered":"https:\/\/pistonaddict.com\/odoslanie\/"},"modified":"2022-05-04T18:00:05","modified_gmt":"2022-05-04T16:00:05","slug":"odoslanie","status":"publish","type":"page","link":"https:\/\/pistonaddict.com\/sk\/odoslanie\/","title":{"rendered":"Odoslanie"},"content":{"rendered":"\t\t<div data-elementor-type=\"wp-page\" data-elementor-id=\"2998\" class=\"elementor elementor-2998 elementor-333\">\n\t\t\t\t\t\t<section class=\"elementor-section elementor-top-section elementor-element elementor-element-eb8a04d elementor-section-boxed elementor-section-height-default elementor-section-height-default\" data-id=\"eb8a04d\" data-element_type=\"section\">\n\t\t\t\t\t\t<div class=\"elementor-container elementor-column-gap-default\">\n\t\t\t\t\t<div class=\"elementor-column elementor-col-100 elementor-top-column elementor-element elementor-element-43edc4e\" data-id=\"43edc4e\" data-element_type=\"column\">\n\t\t\t<div class=\"elementor-widget-wrap elementor-element-populated\">\n\t\t\t\t\t\t<div class=\"elementor-element elementor-element-d78828a elementor-widget elementor-widget-text-editor\" data-id=\"d78828a\" data-element_type=\"widget\" data-widget_type=\"text-editor.default\">\n\t\t\t\t<div class=\"elementor-widget-container\">\n\t\t\t<style>\/*! elementor - v3.21.0 - 18-04-2024 *\/\n.elementor-widget-text-editor.elementor-drop-cap-view-stacked .elementor-drop-cap{background-color:#69727d;color:#fff}.elementor-widget-text-editor.elementor-drop-cap-view-framed .elementor-drop-cap{color:#69727d;border:3px solid;background-color:transparent}.elementor-widget-text-editor:not(.elementor-drop-cap-view-default) .elementor-drop-cap{margin-top:8px}.elementor-widget-text-editor:not(.elementor-drop-cap-view-default) .elementor-drop-cap-letter{width:1em;height:1em}.elementor-widget-text-editor .elementor-drop-cap{float:left;text-align:center;line-height:1;font-size:50px}.elementor-widget-text-editor .elementor-drop-cap-letter{display:inline-block}<\/style>\t\t\t\t\n          <h1>\n            <strong>DOPRAVA V\u00c1\u0160HO VOZIDLA<\/strong>\n          <\/h1>\n          <h2>\n            <strong>AKO SI NECHA\u0164 PREPRAVI\u0164 VOZIDLO?<\/strong>\n          <\/h2>\n          <p>Ak si \u017eel\u00e1te prepravi\u0165 svoje vozidlo, m\u00e1te k dispoz\u00edcii nieko\u013eko rie\u0161en\u00ed.<\/p>\n          <p>M\u00f4\u017eete to urobi\u0165 svojpomocne alebo vyu\u017ei\u0165 profesion\u00e1lne prepravn\u00e9 slu\u017eby ako od\u0165ah, preprava, valn\u00edkov\u00e1 \u010di kami\u00f3nov\u00e1 preprava alebo napokon n\u00e1morn\u00e1 preprava.<\/p>\n          <h3>\n            <strong>1- Od\u0165ahovanie vozidla<\/strong>\n          <\/h3>\n          <p>Tento typ dopravy je vhodn\u00fd na kr\u00e1tke vzdialenosti, pri n\u00edzkej r\u00fdchlosti. Na odtiahnutie vozidla budete potrebova\u0165:<\/p>\n          <ul>\n            <li>Pre maxim\u00e1lnu bezpe\u010dnos\u0165 pou\u017e\u00edvajte schv\u00e1len\u00fa zdv\u00edhaciu ty\u010d;<\/li>\n            <li>By\u0165 v sprievode vodi\u010da v \u0165ahanom vozidle;<\/li>\n            <li>Jazdite maxim\u00e1lne 50 km\/h a pou\u017e\u00edvajte iba ved\u013eaj\u0161ie osi;<\/li>\n            <li>Poskytnite \u0165a\u017en\u00e9 vozidlo \u0165a\u017e\u0161ie ako \u0165ahan\u00e9 vozidlo;<\/li>\n            <li>Pou\u017e\u00edvajte upozornenia, bu\u010fte opatrn\u00ed a osvojte si flexibiln\u00fd \u0161t\u00fdl jazdy.<\/li>\n          <\/ul>\n          <h2> <\/h2>\n          <h3>\n            <strong>2- Preprava vozidla na plo\u0161ine<\/strong>\n          <\/h3>\n          <p>T\u00e1to mo\u017enos\u0165 je vhodn\u00e1 na prepravu v\u00e1\u0161ho vozidla na dlh\u00e9 vzdialenosti \u00faplne bezpe\u010dne. Pre ochranu karos\u00e9rie po\u010das prepravy si m\u00f4\u017eete zvoli\u0165 prepravu vozidla na valn\u00edku, najlep\u0161ie zakrytom.<\/p>\n          <h3>\n            <strong>3- Preprava vozidla kami\u00f3nom<\/strong>\n          <\/h3>\n          <p>Ide o rovnak\u00fd princ\u00edp ako pri preprave valn\u00edkom, ale v tomto pr\u00edpade sa va\u0161e vozidlo prepravuje v pr\u00edvese n\u00e1kladn\u00e9ho vozidla. T\u00e1to alternat\u00edva je mo\u017en\u00e1 aj vtedy, ak m\u00e1te na prepravu len jedno vozidlo. T\u00e1to mo\u017enos\u0165 je ekonomick\u00e1; najlep\u0161\u00ed hr\u00e1\u010di na trhu pon\u00fakaj\u00fa dodacie lehoty jeden a\u017e dva t\u00fd\u017edne od prijatia objedn\u00e1vky po dodanie.<\/p>\n          <h3>\n            <strong>4- Preprava vozidla<\/strong>\n          <\/h3>\n          <p>Aby bola mo\u017en\u00e1 preprava, vozidlo mus\u00ed by\u0165 mobiln\u00e9, v dobrom prev\u00e1dzkovom stave a dobre udr\u017eiavan\u00e9. Dopravn\u00edk je priraden\u00fd va\u0161im potreb\u00e1m a riadi vozidlo z odjazdu do cie\u013ea.<\/p>\n          <p>Je to r\u00fdchla alternat\u00edva bez prechodu cez r\u00f4zne nakladacie alebo vykladacie plo\u0161iny, ale je drah\u0161ia.<\/p>\n          <h3>\n            <strong>5- N\u00e1morn\u00e1 doprava<\/strong>\n          <\/h3>\n          <p>Preprava automobilov ro-ro lo\u010fou (alebo RO-RO) predstavuje ve\u013ek\u00fa v\u00e4\u010d\u0161inu n\u00e1mornej prepravy vozidiel. Vozidl\u00e1 s\u00fa tam odstaven\u00e9 po\u010das trvania prepravy. Je to naj\u00faspornej\u0161\u00ed a niekedy aj najr\u00fdchlej\u0161\u00ed sp\u00f4sob prepravy \u00e1ut.<\/p>\n          <p>Vyu\u017eitie prepravn\u00e9ho agenta je \u010dasto povinn\u00e9, aby ste mohli posla\u0165 vozidlo do cudzej krajiny. T\u00e1 sa postar\u00e1 o administrat\u00edvne \u00fakony v pr\u00edstave odoslania, ale aj v pr\u00edstave pr\u00edchodu.<\/p>\n          <h2>\n            <strong>AK\u00c9 DOKUMENTY TREBA POSKYTN\u00da\u0164 PRI ODOSLAN\u00cd VA\u0160EHO VOZIDLA MEDZIN\u00c1RODNE?<\/strong>\n          <\/h2>\n          <ul>\n            <li>fakt\u00fara za n\u00e1kup vozidla;<\/li>\n            <li>K\u00f3pia v\u00e1\u0161ho dokladu toto\u017enosti;<\/li>\n            <li>doklad o evidencii vozidla;<\/li>\n            <li>Osved\u010denie o prevode;<\/li>\n            <li>Nez\u00e1lo\u017en\u00fd certifik\u00e1t;<\/li>\n            <li>Vyplnen\u00fd a podp\u00edsan\u00fd certifik\u00e1t hodnoty ( <strong><a href=\"https:\/\/pistonaddict.com\/wp-content\/uploads\/2022\/05\/Attestation-de-valeur-vehicule.pdf\" target=\"_blank\" rel=\"noopener\"><u>stiahnite si ho<\/u><\/a><\/strong> ).<\/li>\n          <\/ul>\n          <p>V z\u00e1vislosti od krajiny ur\u010denia m\u00f4\u017eu by\u0165 potrebn\u00e9 \u010fal\u0161ie dokumenty. Nezabudnite sa op\u00fdta\u0165 svojho prepravcu, \u010di s\u00fa v predlo\u017eenej cenovej ponuke zahrnut\u00e9 dane, cl\u00e1 a poplatky za coln\u00e9 odbavenie.<\/p>\n          <h2>\n            <strong>KO\u013dKO STOJ\u00cd MEDZIN\u00c1RODN\u00c9 POSLANIE VOZIDLA?<\/strong>\n          <\/h2>\n          <p>Sadzby sa prirodzene l\u00ed\u0161ia od jedn\u00e9ho dopravcu k druh\u00e9mu: prepravn\u00e1 spolo\u010dnos\u0165 zoh\u013ead\u0148uje nieko\u013eko prvkov pri v\u00fdpo\u010dte n\u00e1kladov na prepravu:<\/p>\n          <ul>\n            <li>typ vozidla;<\/li>\n            <li>Sp\u00f4sob dopravy;<\/li>\n            <li>Vzdialenos\u0165 medzi t\u00fdmito dvoma krajinami;<\/li>\n            <li>Term\u00edn odoslania a ro\u010dn\u00e9 obdobie.<\/li>\n          <\/ul>\n          <p>Zostanete zodpovedn\u00fd za poistenie dopravy, ktor\u00e9 v\u00e1m pon\u00fakne prepravn\u00e1 spolo\u010dnos\u0165, ako aj za coln\u00e9 poplatky a dane, ktor\u00e9 mus\u00edte zaplati\u0165.<\/p>\n          <p>Pozemn\u00e1 doprava je najpraktickej\u0161\u00ed sp\u00f4sob, ako posla\u0165 vozidlo, najm\u00e4 medzi susediacimi krajinami. N\u00e1morn\u00e1 doprava m\u00e1 t\u00fa v\u00fdhodu, \u017ee je ekonomick\u00e1, ale pomal\u0161ia.<\/p>\n          <h2>\n            <strong>PORADENSTVO NA PIEST<\/strong>\n          <\/h2>\n          <p>Teraz, ke\u010f u\u017e viete v\u0161etko o preprave vozidiel, tu je nieko\u013eko r\u00e1d, ktor\u00e9 je v\u017edy dobr\u00e9 dodr\u017ea\u0165 predt\u00fdm, ako zver\u00edte svoje vozidlo prepravnej spolo\u010dnosti pod\u013ea v\u00e1\u0161ho v\u00fdberu:<\/p>\n          <ul>\n            <li>Deaktivujte alarm, ak existuje, aby ste zabr\u00e1nili jeho spusteniu po\u010das prepravy;<\/li>\n            <li>Bat\u00e9riu nabite na maximum, aby sa po\u010das prepravy \u00faplne nevybila;<\/li>\n            <li>Ako bezpe\u010dnostn\u00e9 opatrenie vypr\u00e1zdnite palivov\u00fa n\u00e1dr\u017e \u010do najviac;<\/li>\n            <li>D\u00e1vajte pozor, aby ste vo vozidle nenechali \u017eiadne predmety;<\/li>\n            <li>Pred odovzdan\u00edm dopravcovi si uschovajte d\u00f4kazy o stave vozidla;<\/li>\n            <li>Uzatvorte poistenie, aby ste mali z\u00e1ruku vr\u00e1tenia pe\u0148az\u00ed v pr\u00edpade probl\u00e9mu po\u010das prepravy;<\/li>\n            <li>Uschovajte si origin\u00e1ly osved\u010denia o evidencii vozidla, osved\u010denia o vlastn\u00edctve a osved\u010denia o nez\u00e1lohe;<\/li>\n            <li>Majte pri sebe n\u00e1hradn\u00e9 k\u013e\u00fa\u010de od vozidla. A predov\u0161etk\u00fdm nezabudnite po prevzat\u00ed vozidla kupuj\u00facim zasla\u0165 duplik\u00e1ty k\u013e\u00fa\u010dov.<\/li>\n          <\/ul>\n          <p> <\/p>\n          <h2>\n            <strong>Na\u0161e odpor\u00fa\u010dania kami\u00f3nom<\/strong>\n          <\/h2>\n          <ul>\n            <li><em><strong>Nemecko \u2013 Rak\u00fasko \u2013 Belgicko \u2013 \u0160panielsko \u2013 Franc\u00fazsko \u2013 Taliansko \u2013 Holandsko \u2013 Portugalsko \u2013 \u0160vaj\u010diarsko \u2013 Spojen\u00e9 kr\u00e1\u013eovstvo<\/strong> :<\/em> Medzin\u00e1rodn\u00e9: <a href=\"https:\/\/www.eurosender.com\/en\/vt\/vehicle-transport\/car\" target=\"_blank\" rel=\"noopener\">Eurosender<\/a> , <a href=\"https:\/\/www.shiply.com\/vehicle-delivery\/car-transport-to-europe.php\" target=\"_blank\" rel=\"noopener\">Shiply<\/a><\/li>\n            <li><strong><em>Franc\u00fazsko:<\/em><\/strong> N\u00e1rodn\u00e9: <a href=\"https:\/\/disposeo.com\/\" target=\"_blank\" rel=\"noopener\">Disposeo<\/a> , <a href=\"https:\/\/www.hiflow.com\/particulier\" target=\"_blank\" rel=\"noopener\">Hiflow<\/a><\/li>\n          <\/ul>\n          <h2>\n            <strong>Na\u0161e odpor\u00fa\u010dania po mori<\/strong>\n          <\/h2>\n          <ul>\n            <li><a href=\"https:\/\/cfrrinkens.com\/rate-request\/\" target=\"_blank\" rel=\"noopener\">CFR Rinkens<\/a> , <a href=\"https:\/\/www.carseurope.net\/international-car-transportation-quote\/\" target=\"_blank\" rel=\"noopener\">CARS<\/a><\/li>\n          <\/ul>\n        \t\t\t\t\t\t<\/div>\n\t\t\t\t<\/div>\n\t\t\t\t\t<\/div>\n\t\t<\/div>\n\t\t\t\t\t<\/div>\n\t\t<\/section>\n\t\t\t\t<\/div>\n\t\t","protected":false},"excerpt":{"rendered":"<p>DOPRAVA V\u00c1\u0160HO VOZIDLA AKO SI NECHA\u0164 PREPRAVI\u0164 VOZIDLO? Ak si \u017eel\u00e1te prepravi\u0165 svoje vozidlo, m\u00e1te k dispoz\u00edcii nieko\u013eko rie\u0161en\u00ed. M\u00f4\u017eete to urobi\u0165 svojpomocne alebo vyu\u017ei\u0165 profesion\u00e1lne prepravn\u00e9 slu\u017eby ako od\u0165ah, preprava, valn\u00edkov\u00e1 \u010di kami\u00f3nov\u00e1 preprava alebo napokon n\u00e1morn\u00e1 preprava. 1- Od\u0165ahovanie vozidla Tento typ dopravy je vhodn\u00fd na kr\u00e1tke vzdialenosti, pri n\u00edzkej r\u00fdchlosti. Na odtiahnutie &#8230; <a title=\"Odoslanie\" class=\"read-more\" href=\"https:\/\/pistonaddict.com\/sk\/odoslanie\/\">Pre\u010d\u00edtajte si viac<span class=\"screen-reader-text\">Odoslanie<\/span><\/a><\/p>\n","protected":false},"author":1,"featured_media":0,"parent":0,"menu_order":0,"comment_status":"closed","ping_status":"closed","template":"","meta":{"inline_featured_image":false,"footnotes":""},"acf":[],"yoast_head":"<!-- This site is optimized with the Yoast SEO plugin v22.5 - https:\/\/yoast.com\/wordpress\/plugins\/seo\/ -->\n<title>Odoslanie - Piston Addict str\u00e1nky<\/title>\n<meta name=\"robots\" content=\"index, follow, max-snippet:-1, max-image-preview:large, max-video-preview:-1\" \/>\n<link rel=\"canonical\" href=\"https:\/\/pistonaddict.com\/sk\/odoslanie\/\" \/>\n<meta property=\"og:locale\" content=\"sk_SK\" \/>\n<meta property=\"og:type\" content=\"article\" \/>\n<meta property=\"og:title\" content=\"Odoslanie - Piston Addict str\u00e1nky\" \/>\n<meta property=\"og:description\" content=\"DOPRAVA V\u00c1\u0160HO VOZIDLA AKO SI NECHA\u0164 PREPRAVI\u0164 VOZIDLO? Ak si \u017eel\u00e1te prepravi\u0165 svoje vozidlo, m\u00e1te k dispoz\u00edcii nieko\u013eko rie\u0161en\u00ed. M\u00f4\u017eete to urobi\u0165 svojpomocne alebo vyu\u017ei\u0165 profesion\u00e1lne prepravn\u00e9 slu\u017eby ako od\u0165ah, preprava, valn\u00edkov\u00e1 \u010di kami\u00f3nov\u00e1 preprava alebo napokon n\u00e1morn\u00e1 preprava. 1- Od\u0165ahovanie vozidla Tento typ dopravy je vhodn\u00fd na kr\u00e1tke vzdialenosti, pri n\u00edzkej r\u00fdchlosti. Na odtiahnutie ... Pre\u010d\u00edtajte si viacOdoslanie\" \/>\n<meta property=\"og:url\" content=\"https:\/\/pistonaddict.com\/sk\/odoslanie\/\" \/>\n<meta property=\"og:site_name\" content=\"Piston Addict\" \/>\n<meta property=\"article:modified_time\" content=\"2022-05-04T16:00:05+00:00\" \/>\n<meta name=\"twitter:card\" content=\"summary_large_image\" \/>\n<meta name=\"twitter:label1\" content=\"Predpokladan\u00fd \u010das \u010d\u00edtania\" \/>\n\t<meta name=\"twitter:data1\" content=\"4 min\u00faty\" \/>\n<script type=\"application\/ld+json\" class=\"yoast-schema-graph\">{\"@context\":\"https:\/\/schema.org\",\"@graph\":[{\"@type\":\"WebPage\",\"@id\":\"https:\/\/pistonaddict.com\/sk\/odoslanie\/\",\"url\":\"https:\/\/pistonaddict.com\/sk\/odoslanie\/\",\"name\":\"Odoslanie - Piston Addict str\u00e1nky\",\"isPartOf\":{\"@id\":\"https:\/\/pistonaddict.com\/sk\/#website\"},\"datePublished\":\"2022-04-29T09:18:49+00:00\",\"dateModified\":\"2022-05-04T16:00:05+00:00\",\"breadcrumb\":{\"@id\":\"https:\/\/pistonaddict.com\/sk\/odoslanie\/#breadcrumb\"},\"inLanguage\":\"sk-SK\",\"potentialAction\":[{\"@type\":\"ReadAction\",\"target\":[\"https:\/\/pistonaddict.com\/sk\/odoslanie\/\"]}]},{\"@type\":\"BreadcrumbList\",\"@id\":\"https:\/\/pistonaddict.com\/sk\/odoslanie\/#breadcrumb\",\"itemListElement\":[{\"@type\":\"ListItem\",\"position\":1,\"name\":\"domovskej str\u00e1nke\",\"item\":\"https:\/\/pistonaddict.com\/sk\/uvodna-stranka\/\"},{\"@type\":\"ListItem\",\"position\":2,\"name\":\"Odoslanie\"}]},{\"@type\":\"WebSite\",\"@id\":\"https:\/\/pistonaddict.com\/sk\/#website\",\"url\":\"https:\/\/pistonaddict.com\/sk\/\",\"name\":\"Piston Addict\",\"description\":\"Only interesting vehicles\",\"publisher\":{\"@id\":\"https:\/\/pistonaddict.com\/sk\/#organization\"},\"potentialAction\":[{\"@type\":\"SearchAction\",\"target\":{\"@type\":\"EntryPoint\",\"urlTemplate\":\"https:\/\/pistonaddict.com\/sk\/?s={search_term_string}\"},\"query-input\":\"required name=search_term_string\"}],\"inLanguage\":\"sk-SK\"},{\"@type\":\"Organization\",\"@id\":\"https:\/\/pistonaddict.com\/sk\/#organization\",\"name\":\"Piston Addict\",\"url\":\"https:\/\/pistonaddict.com\/sk\/\",\"logo\":{\"@type\":\"ImageObject\",\"inLanguage\":\"sk-SK\",\"@id\":\"https:\/\/pistonaddict.com\/sk\/#\/schema\/logo\/image\/\",\"url\":\"https:\/\/pistonaddict.com\/wp-content\/uploads\/2022\/07\/logo-6.png\",\"contentUrl\":\"https:\/\/pistonaddict.com\/wp-content\/uploads\/2022\/07\/logo-6.png\",\"width\":970,\"height\":200,\"caption\":\"Piston Addict\"},\"image\":{\"@id\":\"https:\/\/pistonaddict.com\/sk\/#\/schema\/logo\/image\/\"}}]}<\/script>\n<!-- \/ Yoast SEO plugin. -->","yoast_head_json":{"title":"Odoslanie - Piston Addict str\u00e1nky","robots":{"index":"index","follow":"follow","max-snippet":"max-snippet:-1","max-image-preview":"max-image-preview:large","max-video-preview":"max-video-preview:-1"},"canonical":"https:\/\/pistonaddict.com\/sk\/odoslanie\/","og_locale":"sk_SK","og_type":"article","og_title":"Odoslanie - Piston Addict str\u00e1nky","og_description":"DOPRAVA V\u00c1\u0160HO VOZIDLA AKO SI NECHA\u0164 PREPRAVI\u0164 VOZIDLO? Ak si \u017eel\u00e1te prepravi\u0165 svoje vozidlo, m\u00e1te k dispoz\u00edcii nieko\u013eko rie\u0161en\u00ed. M\u00f4\u017eete to urobi\u0165 svojpomocne alebo vyu\u017ei\u0165 profesion\u00e1lne prepravn\u00e9 slu\u017eby ako od\u0165ah, preprava, valn\u00edkov\u00e1 \u010di kami\u00f3nov\u00e1 preprava alebo napokon n\u00e1morn\u00e1 preprava. 1- Od\u0165ahovanie vozidla Tento typ dopravy je vhodn\u00fd na kr\u00e1tke vzdialenosti, pri n\u00edzkej r\u00fdchlosti. Na odtiahnutie ... Pre\u010d\u00edtajte si viacOdoslanie","og_url":"https:\/\/pistonaddict.com\/sk\/odoslanie\/","og_site_name":"Piston Addict","article_modified_time":"2022-05-04T16:00:05+00:00","twitter_card":"summary_large_image","twitter_misc":{"Predpokladan\u00fd \u010das \u010d\u00edtania":"4 min\u00faty"},"schema":{"@context":"https:\/\/schema.org","@graph":[{"@type":"WebPage","@id":"https:\/\/pistonaddict.com\/sk\/odoslanie\/","url":"https:\/\/pistonaddict.com\/sk\/odoslanie\/","name":"Odoslanie - Piston Addict str\u00e1nky","isPartOf":{"@id":"https:\/\/pistonaddict.com\/sk\/#website"},"datePublished":"2022-04-29T09:18:49+00:00","dateModified":"2022-05-04T16:00:05+00:00","breadcrumb":{"@id":"https:\/\/pistonaddict.com\/sk\/odoslanie\/#breadcrumb"},"inLanguage":"sk-SK","potentialAction":[{"@type":"ReadAction","target":["https:\/\/pistonaddict.com\/sk\/odoslanie\/"]}]},{"@type":"BreadcrumbList","@id":"https:\/\/pistonaddict.com\/sk\/odoslanie\/#breadcrumb","itemListElement":[{"@type":"ListItem","position":1,"name":"domovskej str\u00e1nke","item":"https:\/\/pistonaddict.com\/sk\/uvodna-stranka\/"},{"@type":"ListItem","position":2,"name":"Odoslanie"}]},{"@type":"WebSite","@id":"https:\/\/pistonaddict.com\/sk\/#website","url":"https:\/\/pistonaddict.com\/sk\/","name":"Piston Addict","description":"Only interesting vehicles","publisher":{"@id":"https:\/\/pistonaddict.com\/sk\/#organization"},"potentialAction":[{"@type":"SearchAction","target":{"@type":"EntryPoint","urlTemplate":"https:\/\/pistonaddict.com\/sk\/?s={search_term_string}"},"query-input":"required name=search_term_string"}],"inLanguage":"sk-SK"},{"@type":"Organization","@id":"https:\/\/pistonaddict.com\/sk\/#organization","name":"Piston Addict","url":"https:\/\/pistonaddict.com\/sk\/","logo":{"@type":"ImageObject","inLanguage":"sk-SK","@id":"https:\/\/pistonaddict.com\/sk\/#\/schema\/logo\/image\/","url":"https:\/\/pistonaddict.com\/wp-content\/uploads\/2022\/07\/logo-6.png","contentUrl":"https:\/\/pistonaddict.com\/wp-content\/uploads\/2022\/07\/logo-6.png","width":970,"height":200,"caption":"Piston Addict"},"image":{"@id":"https:\/\/pistonaddict.com\/sk\/#\/schema\/logo\/image\/"}}]}},"_links":{"self":[{"href":"https:\/\/pistonaddict.com\/sk\/wp-json\/wp\/v2\/pages\/2998"}],"collection":[{"href":"https:\/\/pistonaddict.com\/sk\/wp-json\/wp\/v2\/pages"}],"about":[{"href":"https:\/\/pistonaddict.com\/sk\/wp-json\/wp\/v2\/types\/page"}],"author":[{"embeddable":true,"href":"https:\/\/pistonaddict.com\/sk\/wp-json\/wp\/v2\/users\/1"}],"replies":[{"embeddable":true,"href":"https:\/\/pistonaddict.com\/sk\/wp-json\/wp\/v2\/comments?post=2998"}],"version-history":[{"count":2,"href":"https:\/\/pistonaddict.com\/sk\/wp-json\/wp\/v2\/pages\/2998\/revisions"}],"predecessor-version":[{"id":4216,"href":"https:\/\/pistonaddict.com\/sk\/wp-json\/wp\/v2\/pages\/2998\/revisions\/4216"}],"wp:attachment":[{"href":"https:\/\/pistonaddict.com\/sk\/wp-json\/wp\/v2\/media?parent=2998"}],"curies":[{"name":"wp","href":"https:\/\/api.w.org\/{rel}","templated":true}]}}