{"id":2838,"date":"2022-04-29T11:18:33","date_gmt":"2022-04-29T09:18:33","guid":{"rendered":"https:\/\/pistonaddict.com\/pravne-upozornenie\/"},"modified":"2024-10-26T08:17:36","modified_gmt":"2024-10-26T06:17:36","slug":"pravne-upozornenie","status":"publish","type":"page","link":"https:\/\/pistonaddict.com\/sk\/pravne-upozornenie\/","title":{"rendered":"Pr\u00e1vne upozornenie"},"content":{"rendered":"\t\t<div data-elementor-type=\"wp-page\" data-elementor-id=\"2838\" class=\"elementor elementor-2838 elementor-2848\">\n\t\t\t\t\t\t<section class=\"elementor-section elementor-top-section elementor-element elementor-element-4eb0e23 elementor-section-boxed elementor-section-height-default elementor-section-height-default\" data-id=\"4eb0e23\" data-element_type=\"section\">\n\t\t\t\t\t\t<div class=\"elementor-container elementor-column-gap-default\">\n\t\t\t\t\t<div class=\"elementor-column elementor-col-100 elementor-top-column elementor-element elementor-element-229cbe5\" data-id=\"229cbe5\" data-element_type=\"column\">\n\t\t\t<div class=\"elementor-widget-wrap elementor-element-populated\">\n\t\t\t\t\t\t<div class=\"elementor-element elementor-element-2af4966 elementor-widget elementor-widget-text-editor\" data-id=\"2af4966\" data-element_type=\"widget\" data-widget_type=\"text-editor.default\">\n\t\t\t\t<div class=\"elementor-widget-container\">\n\t\t\t<style>\/*! elementor - v3.21.0 - 18-04-2024 *\/\n.elementor-widget-text-editor.elementor-drop-cap-view-stacked .elementor-drop-cap{background-color:#69727d;color:#fff}.elementor-widget-text-editor.elementor-drop-cap-view-framed .elementor-drop-cap{color:#69727d;border:3px solid;background-color:transparent}.elementor-widget-text-editor:not(.elementor-drop-cap-view-default) .elementor-drop-cap{margin-top:8px}.elementor-widget-text-editor:not(.elementor-drop-cap-view-default) .elementor-drop-cap-letter{width:1em;height:1em}.elementor-widget-text-editor .elementor-drop-cap{float:left;text-align:center;line-height:1;font-size:50px}.elementor-widget-text-editor .elementor-drop-cap-letter{display:inline-block}<\/style>\t\t\t\t<h2><strong>WEBOV\u00c1 PREZENT\u00c1CIA<\/strong><\/h2>\n<p>V s\u00falade s \u010dl\u00e1nkom 6 z\u00e1kona \u010d. 2004-575 z 21. j\u00fana 2004 o d\u00f4vere v digit\u00e1lnu ekonomiku a pri uplat\u0148ovan\u00ed <strong>v\u0161eobecn\u00e9ho<\/strong> <strong>nariadenia o<\/strong> <strong>ochrane \u00fadajov<\/strong> [nariadenie (E\u00da) 2016\/679] sa pou\u017e\u00edvate\u013eom str\u00e1nky https:\/\/www.pistonaddict.com uv\u00e1dza toto\u017enos\u0165 r\u00f4znych zainteresovan\u00fdch str\u00e1n v s\u00favislosti s jej realiz\u00e1ciou a monitorovan\u00edm.<\/p>\n<ul>\n<li><strong>Majite\u013e:<\/strong> <strong>Piston Addict SA<\/strong><\/li>\n<li>SA so z\u00e1kladn\u00fdm iman\u00edm 400 000 CHF<\/li>\n<li>\u010c\u00edslo IDE: CHE-354.351.695<\/li>\n<li>\u010c\u00edslo DPH: CHE-354.351.695TVA a EU528667635 (\u010d\u00edslo OSS mimo E\u00da)<\/li>\n<li>Kancel\u00e1ria : Rue Alexandre Gavard 16, 1227 Carouge,&nbsp; \u0160vaj\u010diarsko<\/li>\n<li>Telef\u00f3n: 00 41 22 342 03 55<\/li>\n<\/ul>\n<ul>\n<li><strong>Tvorca\/Webmaster: KUBIWEB<\/strong><\/li>\n<li>SAS so z\u00e1kladn\u00fdm iman\u00edm 21 320 \u20ac<\/li>\n<li>\u010c\u00edslo SIRET: 53018964600025<\/li>\n<li>S\u00eddlo spolo\u010dnosti: 46-48 Chemin de la Bruy\u00e8re &#8211; 69570 DARDILLY<\/li>\n<\/ul>\n<ul>\n<li><strong>Hostite\u013e: HOSTINGER<\/strong><\/li>\n<li>S\u00eddlo spolo\u010dnosti: HOSTINGER INTERNATIONAL LTD, 61 Lordou Vironos Street, 6023 Larnaka, Cyprus<\/li>\n<li>Kontakt: <a href=\"https:\/\/www.hostinger.fr\/contact\" target=\"_blank\" rel=\"noopener\">https:\/\/www.hostinger.fr\/contact<\/a><\/li>\n<\/ul>\n\n<ul>\n<li>E-mail : <a href=\"https:\/\/pistonaddict.com\/sk\/kontaktuj-nas\/\">Kontaktn\u00fd formul\u00e1r<\/a><\/li>\n<\/ul>\n<p>Aktivity Piston Addict prebiehaj\u00fa po celom svete s hlavn\u00fdm zameran\u00edm na Eur\u00f3pu, okrem Spojen\u00e9ho kr\u00e1\u013eovstva a \u00cdrska.&nbsp;<\/p>\n<p><\/p>\n<h2><strong>V\u0160EOBECN\u00c9 PODMIENKY POU\u017d\u00cdVANIA STR\u00c1NKY A PON\u00daKAN\u00ddCH SLU\u017dIEB<\/strong><\/h2>\n<p>Pou\u017e\u00edvanie str\u00e1nky https:\/\/www.pistonaddict.com znamen\u00e1 \u00fapln\u00fd s\u00fahlas s ni\u017e\u0161ie uveden\u00fdmi v\u0161eobecn\u00fdmi podmienkami pou\u017e\u00edvania. Tieto podmienky pou\u017e\u00edvania sa m\u00f4\u017eu kedyko\u013evek zmeni\u0165 alebo doplni\u0165, preto pou\u017e\u00edvate\u013eov str\u00e1nky https:\/\/www.pistonaddict.com vyz\u00fdvame, aby sa s nimi pravidelne oboznamovali.<\/p>\n<p>T\u00e1to str\u00e1nka je pou\u017e\u00edvate\u013eom be\u017ene pr\u00edstupn\u00e1 kedyko\u013evek. O preru\u0161en\u00ed z d\u00f4vodu technickej \u00fadr\u017eby v\u0161ak m\u00f4\u017ee rozhodn\u00fa\u0165 spolo\u010dnos\u0165 <strong>Piston Addict<\/strong>, ktor\u00e1 sa potom bude sna\u017ei\u0165 ozn\u00e1mi\u0165 pou\u017e\u00edvate\u013eom d\u00e1tumy a \u010dasy z\u00e1sahu.<\/p>\n<p>Str\u00e1nku https:\/\/www.pistonaddict.com pravidelne aktualizuje <strong>spolo\u010dnos\u0165 Piston Addict<\/strong>. Rovnako sa m\u00f4\u017eu pr\u00e1vne upozornenia kedyko\u013evek zmeni\u0165: napriek tomu sa v\u0161ak pou\u017e\u00edvate\u013eovi vnucuj\u00fa, aby sa s nimi obozn\u00e1mil \u010do naj\u010dastej\u0161ie.<\/p>\n<h2>&nbsp;<\/h2>\n<h2><strong>OPIS POSKYTOVAN\u00ddCH SLU\u017dIEB<\/strong><\/h2>\n<p>Cie\u013eom str\u00e1nky https:\/\/www.pistonaddict.com je poskytova\u0165 inform\u00e1cie o v\u0161etk\u00fdch \u010dinnostiach spolo\u010dnosti. Spolo\u010dnos\u0165 <strong>Piston Addict<\/strong> sa sna\u017e\u00ed poskytova\u0165 na str\u00e1nke https:\/\/www.pistonaddict.com \u010do najpresnej\u0161ie inform\u00e1cie.<\/p>\n<p>Nem\u00f4\u017ee v\u0161ak nies\u0165 zodpovednos\u0165 za opomenutia, nepresnosti a nedostatky v aktualiz\u00e1cii, \u010di u\u017e zo svojej strany alebo zo strany partnerov tret\u00edch str\u00e1n, ktor\u00ed jej tieto inform\u00e1cie poskytuj\u00fa.<\/p>\n<p>V\u0161etky inform\u00e1cie uveden\u00e9 na str\u00e1nke https:\/\/www.pistonaddict.com s\u00fa orienta\u010dn\u00e9 a pravdepodobne sa bud\u00fa vyv\u00edja\u0165. Okrem toho inform\u00e1cie na str\u00e1nke https:\/\/www.pistonaddict.com nie s\u00fa vy\u010derp\u00e1vaj\u00face. Uv\u00e1dzaj\u00fa sa s v\u00fdhradou zmien, ktor\u00e9 boli vykonan\u00e9 po ich zverejnen\u00ed na internete.<\/p>\n<h2>&nbsp;<\/h2>\n<h2><strong>ZMLUVN\u00c9 OBMEDZENIA T\u00ddKAJ\u00daCE SA TECHNICK\u00ddCH \u00daDAJOV<\/strong><\/h2>\n<p>Str\u00e1nka pou\u017e\u00edva technol\u00f3giu JavaScript.<\/p>\n<p>Webov\u00e1 str\u00e1nka nenesie zodpovednos\u0165 za materi\u00e1lne \u0161kody s\u00favisiace s pou\u017e\u00edvan\u00edm str\u00e1nky. Okrem toho pou\u017e\u00edvate\u013e str\u00e1nky s\u00fahlas\u00ed s t\u00fdm, \u017ee bude na str\u00e1nku pristupova\u0165 pomocou najnov\u0161ieho zariadenia, ktor\u00e9 neobsahuje v\u00edrusy, a s aktualizovan\u00fdm prehliada\u010dom najnov\u0161ej gener\u00e1cie.<\/p>\n<h2>&nbsp;<\/h2>\n<h2><strong>DU\u0160EVN\u00c9 VLASTN\u00cdCTVO A PORU\u0160OVANIE PR\u00c1V<\/strong><\/h2>\n<p>Spolo\u010dnos\u0165 <strong>Piston Addict<\/strong> je vlastn\u00edkom pr\u00e1v du\u0161evn\u00e9ho vlastn\u00edctva alebo vlastn\u00ed pr\u00e1va na pou\u017e\u00edvanie v\u0161etk\u00fdch prvkov pr\u00edstupn\u00fdch na str\u00e1nke, najm\u00e4 textov, obr\u00e1zkov, grafiky, loga, ikon, zvukov a softv\u00e9ru.<\/p>\n<p>Ak\u00e1ko\u013evek reprodukcia, prezent\u00e1cia, \u00faprava, publikovanie, adapt\u00e1cia v\u0161etk\u00fdch alebo \u010dasti prvkov str\u00e1nky, bez oh\u013eadu na pou\u017eit\u00e9 prostriedky alebo postupy, je zak\u00e1zan\u00e1, s v\u00fdnimkou predch\u00e1dzaj\u00faceho p\u00edsomn\u00e9ho povolenia spolo\u010dnosti <strong>Piston Addict<\/strong>.<\/p>\n<p>Ak\u00e9ko\u013evek neopr\u00e1vnen\u00e9 pou\u017eitie str\u00e1nky alebo niektor\u00e9ho z prvkov, ktor\u00e9 obsahuje, sa bude pova\u017eova\u0165 za poru\u0161enie a bude sa st\u00edha\u0165 v s\u00falade s ustanoveniami \u010dl\u00e1nkov L.335-2 a nasleduj\u00facich z\u00e1konn\u00edka o du\u0161evnom vlastn\u00edctve.<\/p>\n<h2>&nbsp;<\/h2>\n<h2><strong>OBMEDZENIA ZODPOVEDNOSTI<\/strong><\/h2>\n<p><strong>Spolo\u010dnos\u0165 Piston Addict<\/strong> nenesie zodpovednos\u0165 za priame alebo nepriame \u0161kody sp\u00f4soben\u00e9 na zariaden\u00ed pou\u017e\u00edvate\u013ea pri pr\u00edstupe na str\u00e1nku https:\/\/www.pistonaddict.com a vypl\u00fdvaj\u00face bu\u010f z pou\u017e\u00edvania zariadenia, ktor\u00e9 nesp\u013a\u0148a \u0161pecifik\u00e1cie uveden\u00e9 v bode 4, alebo z v\u00fdskytu chyby alebo nekompatibility.<\/p>\n<p>Spolo\u010dnos\u0165 <strong>Piston Addict<\/strong> tie\u017e nenesie zodpovednos\u0165 za n\u00e1sledn\u00e9 \u0161kody (ako je strata trhu alebo strata pr\u00edle\u017eitosti) vypl\u00fdvaj\u00face z pou\u017e\u00edvania str\u00e1nky https:\/\/www.pistonaddict.com. Pou\u017e\u00edvatelia maj\u00fa k dispoz\u00edcii interakt\u00edvne priestory (mo\u017enos\u0165 kl\u00e1s\u0165 ot\u00e1zky v kontaktnom priestore).<\/p>\n<p><strong>Spolo\u010dnos\u0165 Piston Addict<\/strong> si vyhradzuje pr\u00e1vo bez predch\u00e1dzaj\u00faceho upozornenia vymaza\u0165 ak\u00fdko\u013evek obsah uverejnen\u00fd v tomto priestore, ktor\u00fd by bol v rozpore s platn\u00fdmi pr\u00e1vnymi predpismi vo Franc\u00fazsku, najm\u00e4 s ustanoveniami t\u00fdkaj\u00facimi sa ochrany \u00fadajov.<\/p>\n<p>Spolo\u010dnos\u0165 <strong>Piston Addict<\/strong> si tie\u017e v pr\u00edpade potreby vyhradzuje pr\u00e1vo spochybni\u0165 ob\u010dianskopr\u00e1vnu a\/alebo trestnopr\u00e1vnu zodpovednos\u0165 pou\u017e\u00edvate\u013ea, najm\u00e4 v pr\u00edpade rasistickej, ur\u00e1\u017elivej, hanlivej alebo pornografickej spr\u00e1vy, bez oh\u013eadu na pou\u017eit\u00e9 m\u00e9dium (text, fotografia at\u010f.).<\/p>\n<h2>&nbsp;<\/h2>\n<h2><strong>SPR\u00c1VA OSOBN\u00ddCH \u00daDAJOV<\/strong><\/h2>\n<p>Vo Franc\u00fazsku s\u00fa osobn\u00e9 \u00fadaje chr\u00e1nen\u00e9 najm\u00e4 z\u00e1konom \u010d. 78-87 zo 6. janu\u00e1ra 1978, z\u00e1konom \u010d. 2004-801 zo 6. augusta 2004, \u010dl\u00e1nkom L. 226-13 trestn\u00e9ho z\u00e1konn\u00edka a eur\u00f3pskou smernicou z 24. okt\u00f3bra 1995 a nariaden\u00edm Eur\u00f3pskeho parlamentu a Rady (E\u00da) 2016\/679 z 27. apr\u00edla 2016.<\/p>\n<p>Pri pou\u017e\u00edvan\u00ed str\u00e1nky https:\/\/www.pistonaddict.com sa m\u00f4\u017eu zhroma\u017e\u010fova\u0165 tieto \u00fadaje: adresa URL odkazov, prostredn\u00edctvom ktor\u00fdch pou\u017e\u00edvate\u013e vst\u00fapil na str\u00e1nku https:\/\/www.pistonaddict.com , poskytovate\u013e internetov\u00fdch slu\u017eieb pou\u017e\u00edvate\u013ea, adresa internetov\u00e9ho protokolu (IP) pou\u017e\u00edvate\u013ea.<\/p>\n<p>V ka\u017edom pr\u00edpade <strong>Piston Addict<\/strong> zhroma\u017e\u010fuje osobn\u00e9 \u00fadaje t\u00fdkaj\u00face sa pou\u017e\u00edvate\u013ea len pre potreby ur\u010dit\u00fdch slu\u017eieb pon\u00fakan\u00fdch na str\u00e1nke https:\/\/www.pistonaddict.com.<\/p>\n<p>Pou\u017e\u00edvate\u013e poskytuje tieto inform\u00e1cie s plnou znalos\u0165ou skuto\u010dnost\u00ed, najm\u00e4 ke\u010f ich s\u00e1m zad\u00e1va. Pou\u017e\u00edvate\u013eovi str\u00e1nky https:\/\/www.pistonaddict.com sa potom ur\u010d\u00ed, \u010di je povinn\u00fd tieto inform\u00e1cie poskytn\u00fa\u0165 alebo nie. V s\u00falade s ustanoveniami \u010dl\u00e1nkov 38 a nasleduj\u00facich z\u00e1kona 78-17 zo 6. janu\u00e1ra 1978 o spracovan\u00ed \u00fadajov, s\u00faboroch a slobod\u00e1ch, ako aj ustanoveniami kapitoly 3 v\u0161eobecn\u00fdch predpisov o ochrane \u00fadajov maj\u00fa v\u0161etci pou\u017e\u00edvatelia pr\u00e1vo na pr\u00edstup k osobn\u00fdm \u00fadajom, ktor\u00e9 sa ich t\u00fdkaj\u00fa, na ich opravu a na podanie n\u00e1mietky, a to prostredn\u00edctvom p\u00edsomnej a podp\u00edsanej \u017eiadosti, ku ktorej je prilo\u017een\u00e1 k\u00f3pia dokladu toto\u017enosti s podpisom dr\u017eite\u013ea dokladu, s uveden\u00edm adresy, na ktor\u00fa sa m\u00e1 zasla\u0165 odpove\u010f.<\/p>\n<p>\u017diadne osobn\u00e9 \u00fadaje pou\u017e\u00edvate\u013ea str\u00e1nky https:\/\/www.pistonaddict.com nie s\u00fa zverej\u0148ovan\u00e9 bez vedomia pou\u017e\u00edvate\u013ea, vymie\u0148an\u00e9, pren\u00e1\u0161an\u00e9, pride\u013eovan\u00e9 alebo pred\u00e1van\u00e9 na akomko\u013evek m\u00e9diu tret\u00edm stran\u00e1m.<\/p>\n<p>Iba prevzatie odk\u00fapenia spolo\u010dnosti <strong>Piston Addict<\/strong> a jej pr\u00e1v by umo\u017enilo prenos t\u00fdchto inform\u00e1ci\u00ed potenci\u00e1lnemu kupuj\u00facemu, ktor\u00fd by bol n\u00e1sledne viazan\u00fd rovnakou povinnos\u0165ou uchov\u00e1va\u0165 a upravova\u0165 \u00fadaje t\u00fdkaj\u00face sa pou\u017e\u00edvate\u013ea str\u00e1nky. https:\/\/www.pistonaddict.com.<\/p>\n<p>T\u00e1to str\u00e1nka nie je nahl\u00e1sen\u00e1 CNIL, preto\u017ee nezhroma\u017e\u010fuje osobn\u00e9 \u00fadaje bez s\u00fahlasu dotknut\u00fdch os\u00f4b. Datab\u00e1zy s\u00fa chr\u00e1nen\u00e9 ustanoveniami z\u00e1kona z 1. j\u00fala 1998, ktor\u00fdm sa transponuje smernica 96\/9 z 11. marca 1996 o pr\u00e1vnej ochrane datab\u00e1z.<\/p>\n<p><span lang=\"en\">Ak chcete uplatni\u0165 svoje pr\u00e1va t\u00fdkaj\u00face sa va\u0161ich osobn\u00fdch \u00fadajov alebo v pr\u00edpade ot\u00e1zok v s\u00favislosti s nimi, m\u00f4\u017eete sa obr\u00e1ti\u0165 na n\u00e1\u0161ho \u00faradn\u00edka pre ochranu \u00fadajov na tejto adrese: dpo@pistonaddict.com.<\/span><\/p>\n<h2>&nbsp;<\/h2>\n<h2><strong>HYPERTEXTOV\u00c9 ODKAZY A S\u00daBORY COOKIE<\/strong><\/h2>\n<p>Str\u00e1nka https:\/\/www.pistonaddict.com obsahuje ur\u010dit\u00fd po\u010det hypertextov\u00fdch odkazov na in\u00e9 str\u00e1nky, ktor\u00e9 boli vytvoren\u00e9 s povolen\u00edm spolo\u010dnosti <strong>Piston Addict<\/strong>. Spolo\u010dnos\u0165 <strong>Piston Addict<\/strong> v\u0161ak nem\u00e1 mo\u017enos\u0165 overi\u0165 obsah takto nav\u0161t\u00edven\u00fdch str\u00e1nok, a preto za t\u00fato skuto\u010dnos\u0165 nenesie \u017eiadnu zodpovednos\u0165.<\/p>\n<p>Prehliadanie str\u00e1nky https:\/\/www.pistonaddict.com pravdepodobne sp\u00f4sob\u00ed in\u0161tal\u00e1ciu s\u00faborov cookie do po\u010d\u00edta\u010da pou\u017e\u00edvate\u013ea. S\u00fabor cookie je mal\u00fd s\u00fabor, ktor\u00fd neumo\u017e\u0148uje identifik\u00e1ciu pou\u017e\u00edvate\u013ea, ale zaznamen\u00e1va inform\u00e1cie t\u00fdkaj\u00face sa navig\u00e1cie po\u010d\u00edta\u010da na webovej lokalite.<\/p>\n<p>Takto z\u00edskan\u00e9 \u00fadaje maj\u00fa u\u013eah\u010di\u0165 n\u00e1sledn\u00fa navig\u00e1ciu na str\u00e1nke a tie\u017e umo\u017eni\u0165 r\u00f4zne merania n\u00e1v\u0161tevnosti.<\/p>\n<p>Odmietnutie in\u0161tal\u00e1cie s\u00faboru cookie m\u00f4\u017ee znemo\u017eni\u0165 pr\u00edstup k ur\u010dit\u00fdm slu\u017eb\u00e1m. Pou\u017e\u00edvate\u013e v\u0161ak m\u00f4\u017ee svoj po\u010d\u00edta\u010d nakonfigurova\u0165 nasledovne, aby odmietol in\u0161tal\u00e1ciu s\u00faborov cookie:<\/p>\n<ul>\n<li>V aplik\u00e1cii Internet Explorer: karta N\u00e1stroje (piktogram v podobe ozuben\u00e9ho kolieska vpravo hore) \/ Mo\u017enosti internetu. Kliknite na polo\u017eku Ochrana osobn\u00fdch \u00fadajov a vyberte mo\u017enos\u0165 Blokova\u0165 v\u0161etky s\u00fabory cookie. Overte na Ok.<\/li>\n<li>V prehliada\u010di Firefox: v hornej \u010dasti okna prehliada\u010da kliknite na tla\u010didlo Firefox a potom prejdite na kartu Mo\u017enosti. Kliknite na kartu Ochrana osobn\u00fdch \u00fadajov. Nastavenie pravidiel uchov\u00e1vania na: pou\u017ei\u0165 vlastn\u00e9 nastavenia pre hist\u00f3riu. Nakoniec zru\u0161te za\u010diarknutie, aby ste zak\u00e1zali s\u00fabory cookie.<\/li>\n<li>Pod Safari: V pravom hornom rohu prehliada\u010da kliknite na ikonu menu (symbolizovan\u00fa ozuben\u00fdm kolieskom). Vyberte polo\u017eku Nastavenia. Kliknite na polo\u017eku Zobrazi\u0165 roz\u0161\u00edren\u00e9 nastavenia. V \u010dasti S\u00fakromie kliknite na Nastavenia obsahu. V \u010dasti &#8220;S\u00fabory cookie&#8221; m\u00f4\u017eete zablokova\u0165 s\u00fabory cookie.<\/li>\n<li>V prehliada\u010di Chrome: V prehliada\u010di kliknite v pravom hornom rohu na ikonu ponuky (symbolizovan\u00fa tromi vodorovn\u00fdmi \u010diarami). Vyberte polo\u017eku Nastavenia. Kliknite na polo\u017eku Zobrazi\u0165 roz\u0161\u00edren\u00e9 nastavenia. V \u010dasti &#8220;Ochrana osobn\u00fdch \u00fadajov&#8221; kliknite na nastavenia. Na karte &#8220;Ochrana osobn\u00fdch \u00fadajov&#8221; m\u00f4\u017eete zablokova\u0165 s\u00fabory cookie.<\/li>\n<\/ul>\n<h2>&nbsp;<\/h2>\n<h2><strong>ROZHODN\u00c9 PR\u00c1VO A UR\u010cENIE PR\u00c1VOMOCI<\/strong><\/h2>\n<p>Ak\u00e9ko\u013evek spory v s\u00favislosti s pou\u017e\u00edvan\u00edm str\u00e1nky https:\/\/www.pistonaddict.com podliehaj\u00fa \u0161vaj\u010diarskemu pr\u00e1vu. V\u00fdlu\u010dn\u00fa pr\u00e1vomoc maj\u00fa pr\u00edslu\u0161n\u00e9 s\u00fady v \u017deneve.<\/p>\n<h2>&nbsp;<\/h2>\n<h2><strong>HLAVN\u00c9 PR\u00cdSLU\u0160N\u00c9 Z\u00c1KONY<\/strong><\/h2>\n<p>Z\u00e1kon \u010d. 78-87 zo 6. janu\u00e1ra 1978, zmenen\u00fd najm\u00e4 z\u00e1konom \u010d. 2004-801 zo 6. augusta 2004 o spracovan\u00ed \u00fadajov, s\u00faboroch a slobod\u00e1ch. Z\u00e1kon \u010d. 2004-575 z 21. j\u00fana 2004 o d\u00f4vere v digit\u00e1lne hospod\u00e1rstvo. Oddiely 2, 3, 4 a 5 kapitoly 3 v\u0161eobecn\u00e9ho nariadenia o ochrane \u00fadajov.<\/p>\n<h2>&nbsp;<\/h2>\n<h2><strong>LEXICON<\/strong><\/h2>\n<p>Pou\u017e\u00edvate\u013e: pou\u017e\u00edvate\u013e internetu, ktor\u00fd sa prip\u00e1ja pomocou vy\u0161\u0161ie uvedenej str\u00e1nky.<\/p>\n<p>Osobn\u00e9 \u00fadaje: &#8220;inform\u00e1cie, ktor\u00e9 umo\u017e\u0148uj\u00fa v akejko\u013evek forme, priamo alebo nepriamo, identifikova\u0165 fyzick\u00e9 osoby, ktor\u00fdch sa t\u00fdkaj\u00fa&#8221; (\u010dl\u00e1nok 4 z\u00e1kona \u010d. 78-17 zo 6. janu\u00e1ra 1978).<\/p>\n<h2>&nbsp;<\/h2>\n<h2>AUTORSK\u00c9 PR\u00c1VA<\/h2>\n<p><a title=\"k\u013e\u00fa\u010dov\u00e9 ikony\" href=\"https:\/\/www.flaticon.com\/free-icons\/key\">K\u013e\u00fa\u010dov\u00e9 ikony vytvoren\u00e9 spolo\u010dnos\u0165ou Good Ware &#8211; Flaticon<br><\/a><\/p>\n<p><strong>Piston Addict<\/strong> je registrovan\u00e1 ochrann\u00e1 zn\u00e1mka, v\u0161etky pr\u00e1va vyhraden\u00e9.<\/p>\t\t\t\t\t\t<\/div>\n\t\t\t\t<\/div>\n\t\t\t\t\t<\/div>\n\t\t<\/div>\n\t\t\t\t\t<\/div>\n\t\t<\/section>\n\t\t\t\t<\/div>\n\t\t","protected":false},"excerpt":{"rendered":"<p>WEBOV\u00c1 PREZENT\u00c1CIA V s\u00falade s \u010dl\u00e1nkom 6 z\u00e1kona \u010d. 2004-575 z 21. j\u00fana 2004 o d\u00f4vere v digit\u00e1lnu ekonomiku a pri uplat\u0148ovan\u00ed v\u0161eobecn\u00e9ho nariadenia o ochrane \u00fadajov [nariadenie (E\u00da) 2016\/679] sa pou\u017e\u00edvate\u013eom str\u00e1nky https:\/\/www.pistonaddict.com uv\u00e1dza toto\u017enos\u0165 r\u00f4znych zainteresovan\u00fdch str\u00e1n v s\u00favislosti s jej realiz\u00e1ciou a monitorovan\u00edm. Majite\u013e: Piston Addict SA SA so z\u00e1kladn\u00fdm iman\u00edm 400 &#8230; <a title=\"Pr\u00e1vne upozornenie\" class=\"read-more\" href=\"https:\/\/pistonaddict.com\/sk\/pravne-upozornenie\/\">Pre\u010d\u00edtajte si viac<span class=\"screen-reader-text\">Pr\u00e1vne upozornenie<\/span><\/a><\/p>\n","protected":false},"author":1,"featured_media":0,"parent":0,"menu_order":0,"comment_status":"closed","ping_status":"closed","template":"","meta":{"inline_featured_image":false,"footnotes":""},"acf":[],"yoast_head":"<!-- This site is optimized with the Yoast SEO plugin v22.5 - https:\/\/yoast.com\/wordpress\/plugins\/seo\/ -->\n<title>Pr\u00e1vne upozornenie - Piston Addict str\u00e1nky<\/title>\n<meta name=\"robots\" content=\"index, follow, max-snippet:-1, max-image-preview:large, max-video-preview:-1\" \/>\n<link rel=\"canonical\" href=\"https:\/\/pistonaddict.com\/sk\/pravne-upozornenie\/\" \/>\n<meta property=\"og:locale\" content=\"sk_SK\" \/>\n<meta property=\"og:type\" content=\"article\" \/>\n<meta property=\"og:title\" content=\"Pr\u00e1vne upozornenie - Piston Addict str\u00e1nky\" \/>\n<meta property=\"og:description\" content=\"WEBOV\u00c1 PREZENT\u00c1CIA V s\u00falade s \u010dl\u00e1nkom 6 z\u00e1kona \u010d. 2004-575 z 21. j\u00fana 2004 o d\u00f4vere v digit\u00e1lnu ekonomiku a pri uplat\u0148ovan\u00ed v\u0161eobecn\u00e9ho nariadenia o ochrane \u00fadajov [nariadenie (E\u00da) 2016\/679] sa pou\u017e\u00edvate\u013eom str\u00e1nky https:\/\/www.pistonaddict.com uv\u00e1dza toto\u017enos\u0165 r\u00f4znych zainteresovan\u00fdch str\u00e1n v s\u00favislosti s jej realiz\u00e1ciou a monitorovan\u00edm. Majite\u013e: Piston Addict SA SA so z\u00e1kladn\u00fdm iman\u00edm 400 ... Pre\u010d\u00edtajte si viacPr\u00e1vne upozornenie\" \/>\n<meta property=\"og:url\" content=\"https:\/\/pistonaddict.com\/sk\/pravne-upozornenie\/\" \/>\n<meta property=\"og:site_name\" content=\"Piston Addict\" \/>\n<meta property=\"article:modified_time\" content=\"2024-10-26T06:17:36+00:00\" \/>\n<meta name=\"twitter:card\" content=\"summary_large_image\" \/>\n<meta name=\"twitter:label1\" content=\"Predpokladan\u00fd \u010das \u010d\u00edtania\" \/>\n\t<meta name=\"twitter:data1\" content=\"9 min\u00fat\" \/>\n<script type=\"application\/ld+json\" class=\"yoast-schema-graph\">{\"@context\":\"https:\/\/schema.org\",\"@graph\":[{\"@type\":\"WebPage\",\"@id\":\"https:\/\/pistonaddict.com\/sk\/pravne-upozornenie\/\",\"url\":\"https:\/\/pistonaddict.com\/sk\/pravne-upozornenie\/\",\"name\":\"Pr\u00e1vne upozornenie - Piston Addict str\u00e1nky\",\"isPartOf\":{\"@id\":\"https:\/\/pistonaddict.com\/sk\/#website\"},\"datePublished\":\"2022-04-29T09:18:33+00:00\",\"dateModified\":\"2024-10-26T06:17:36+00:00\",\"breadcrumb\":{\"@id\":\"https:\/\/pistonaddict.com\/sk\/pravne-upozornenie\/#breadcrumb\"},\"inLanguage\":\"sk-SK\",\"potentialAction\":[{\"@type\":\"ReadAction\",\"target\":[\"https:\/\/pistonaddict.com\/sk\/pravne-upozornenie\/\"]}]},{\"@type\":\"BreadcrumbList\",\"@id\":\"https:\/\/pistonaddict.com\/sk\/pravne-upozornenie\/#breadcrumb\",\"itemListElement\":[{\"@type\":\"ListItem\",\"position\":1,\"name\":\"domovskej str\u00e1nke\",\"item\":\"https:\/\/pistonaddict.com\/sk\/uvodna-stranka\/\"},{\"@type\":\"ListItem\",\"position\":2,\"name\":\"Pr\u00e1vne upozornenie\"}]},{\"@type\":\"WebSite\",\"@id\":\"https:\/\/pistonaddict.com\/sk\/#website\",\"url\":\"https:\/\/pistonaddict.com\/sk\/\",\"name\":\"Piston Addict\",\"description\":\"Only interesting vehicles\",\"publisher\":{\"@id\":\"https:\/\/pistonaddict.com\/sk\/#organization\"},\"potentialAction\":[{\"@type\":\"SearchAction\",\"target\":{\"@type\":\"EntryPoint\",\"urlTemplate\":\"https:\/\/pistonaddict.com\/sk\/?s={search_term_string}\"},\"query-input\":\"required name=search_term_string\"}],\"inLanguage\":\"sk-SK\"},{\"@type\":\"Organization\",\"@id\":\"https:\/\/pistonaddict.com\/sk\/#organization\",\"name\":\"Piston Addict\",\"url\":\"https:\/\/pistonaddict.com\/sk\/\",\"logo\":{\"@type\":\"ImageObject\",\"inLanguage\":\"sk-SK\",\"@id\":\"https:\/\/pistonaddict.com\/sk\/#\/schema\/logo\/image\/\",\"url\":\"https:\/\/pistonaddict.com\/wp-content\/uploads\/2022\/07\/logo-6.png\",\"contentUrl\":\"https:\/\/pistonaddict.com\/wp-content\/uploads\/2022\/07\/logo-6.png\",\"width\":970,\"height\":200,\"caption\":\"Piston Addict\"},\"image\":{\"@id\":\"https:\/\/pistonaddict.com\/sk\/#\/schema\/logo\/image\/\"}}]}<\/script>\n<!-- \/ Yoast SEO plugin. -->","yoast_head_json":{"title":"Pr\u00e1vne upozornenie - Piston Addict str\u00e1nky","robots":{"index":"index","follow":"follow","max-snippet":"max-snippet:-1","max-image-preview":"max-image-preview:large","max-video-preview":"max-video-preview:-1"},"canonical":"https:\/\/pistonaddict.com\/sk\/pravne-upozornenie\/","og_locale":"sk_SK","og_type":"article","og_title":"Pr\u00e1vne upozornenie - Piston Addict str\u00e1nky","og_description":"WEBOV\u00c1 PREZENT\u00c1CIA V s\u00falade s \u010dl\u00e1nkom 6 z\u00e1kona \u010d. 2004-575 z 21. j\u00fana 2004 o d\u00f4vere v digit\u00e1lnu ekonomiku a pri uplat\u0148ovan\u00ed v\u0161eobecn\u00e9ho nariadenia o ochrane \u00fadajov [nariadenie (E\u00da) 2016\/679] sa pou\u017e\u00edvate\u013eom str\u00e1nky https:\/\/www.pistonaddict.com uv\u00e1dza toto\u017enos\u0165 r\u00f4znych zainteresovan\u00fdch str\u00e1n v s\u00favislosti s jej realiz\u00e1ciou a monitorovan\u00edm. Majite\u013e: Piston Addict SA SA so z\u00e1kladn\u00fdm iman\u00edm 400 ... Pre\u010d\u00edtajte si viacPr\u00e1vne upozornenie","og_url":"https:\/\/pistonaddict.com\/sk\/pravne-upozornenie\/","og_site_name":"Piston Addict","article_modified_time":"2024-10-26T06:17:36+00:00","twitter_card":"summary_large_image","twitter_misc":{"Predpokladan\u00fd \u010das \u010d\u00edtania":"9 min\u00fat"},"schema":{"@context":"https:\/\/schema.org","@graph":[{"@type":"WebPage","@id":"https:\/\/pistonaddict.com\/sk\/pravne-upozornenie\/","url":"https:\/\/pistonaddict.com\/sk\/pravne-upozornenie\/","name":"Pr\u00e1vne upozornenie - Piston Addict str\u00e1nky","isPartOf":{"@id":"https:\/\/pistonaddict.com\/sk\/#website"},"datePublished":"2022-04-29T09:18:33+00:00","dateModified":"2024-10-26T06:17:36+00:00","breadcrumb":{"@id":"https:\/\/pistonaddict.com\/sk\/pravne-upozornenie\/#breadcrumb"},"inLanguage":"sk-SK","potentialAction":[{"@type":"ReadAction","target":["https:\/\/pistonaddict.com\/sk\/pravne-upozornenie\/"]}]},{"@type":"BreadcrumbList","@id":"https:\/\/pistonaddict.com\/sk\/pravne-upozornenie\/#breadcrumb","itemListElement":[{"@type":"ListItem","position":1,"name":"domovskej str\u00e1nke","item":"https:\/\/pistonaddict.com\/sk\/uvodna-stranka\/"},{"@type":"ListItem","position":2,"name":"Pr\u00e1vne upozornenie"}]},{"@type":"WebSite","@id":"https:\/\/pistonaddict.com\/sk\/#website","url":"https:\/\/pistonaddict.com\/sk\/","name":"Piston Addict","description":"Only interesting vehicles","publisher":{"@id":"https:\/\/pistonaddict.com\/sk\/#organization"},"potentialAction":[{"@type":"SearchAction","target":{"@type":"EntryPoint","urlTemplate":"https:\/\/pistonaddict.com\/sk\/?s={search_term_string}"},"query-input":"required name=search_term_string"}],"inLanguage":"sk-SK"},{"@type":"Organization","@id":"https:\/\/pistonaddict.com\/sk\/#organization","name":"Piston Addict","url":"https:\/\/pistonaddict.com\/sk\/","logo":{"@type":"ImageObject","inLanguage":"sk-SK","@id":"https:\/\/pistonaddict.com\/sk\/#\/schema\/logo\/image\/","url":"https:\/\/pistonaddict.com\/wp-content\/uploads\/2022\/07\/logo-6.png","contentUrl":"https:\/\/pistonaddict.com\/wp-content\/uploads\/2022\/07\/logo-6.png","width":970,"height":200,"caption":"Piston Addict"},"image":{"@id":"https:\/\/pistonaddict.com\/sk\/#\/schema\/logo\/image\/"}}]}},"_links":{"self":[{"href":"https:\/\/pistonaddict.com\/sk\/wp-json\/wp\/v2\/pages\/2838"}],"collection":[{"href":"https:\/\/pistonaddict.com\/sk\/wp-json\/wp\/v2\/pages"}],"about":[{"href":"https:\/\/pistonaddict.com\/sk\/wp-json\/wp\/v2\/types\/page"}],"author":[{"embeddable":true,"href":"https:\/\/pistonaddict.com\/sk\/wp-json\/wp\/v2\/users\/1"}],"replies":[{"embeddable":true,"href":"https:\/\/pistonaddict.com\/sk\/wp-json\/wp\/v2\/comments?post=2838"}],"version-history":[{"count":15,"href":"https:\/\/pistonaddict.com\/sk\/wp-json\/wp\/v2\/pages\/2838\/revisions"}],"predecessor-version":[{"id":111604,"href":"https:\/\/pistonaddict.com\/sk\/wp-json\/wp\/v2\/pages\/2838\/revisions\/111604"}],"wp:attachment":[{"href":"https:\/\/pistonaddict.com\/sk\/wp-json\/wp\/v2\/media?parent=2838"}],"curies":[{"name":"wp","href":"https:\/\/api.w.org\/{rel}","templated":true}]}}