{"id":22666,"date":"2022-04-20T13:00:00","date_gmt":"2022-04-20T11:00:00","guid":{"rendered":"https:\/\/pistonaddict.com\/nadstavby\/"},"modified":"2023-01-04T12:23:05","modified_gmt":"2023-01-04T11:23:05","slug":"nadstavby","status":"publish","type":"page","link":"https:\/\/pistonaddict.com\/sk\/nadstavby\/","title":{"rendered":"Nadstavby"},"content":{"rendered":"\t\t<div data-elementor-type=\"wp-page\" data-elementor-id=\"22666\" class=\"elementor elementor-22666 elementor-19002\">\n\t\t\t\t\t\t<section class=\"elementor-section elementor-top-section elementor-element elementor-element-3668bb8 elementor-section-full_width elementor-section-content-middle banniere-page elementor-section-height-default elementor-section-height-default\" data-id=\"3668bb8\" data-element_type=\"section\" data-settings=\"{&quot;background_background&quot;:&quot;classic&quot;}\">\n\t\t\t\t\t\t<div class=\"elementor-container elementor-column-gap-default\">\n\t\t\t\t\t<div class=\"elementor-column elementor-col-100 elementor-top-column elementor-element elementor-element-b2088b2\" data-id=\"b2088b2\" data-element_type=\"column\">\n\t\t\t<div class=\"elementor-widget-wrap elementor-element-populated\">\n\t\t\t\t\t\t<div class=\"elementor-element elementor-element-26e06c0 elementor-widget elementor-widget-heading\" data-id=\"26e06c0\" data-element_type=\"widget\" data-widget_type=\"heading.default\">\n\t\t\t\t<div class=\"elementor-widget-container\">\n\t\t\t<style>\/*! elementor - v3.21.0 - 18-04-2024 *\/\n.elementor-heading-title{padding:0;margin:0;line-height:1}.elementor-widget-heading .elementor-heading-title[class*=elementor-size-]>a{color:inherit;font-size:inherit;line-height:inherit}.elementor-widget-heading .elementor-heading-title.elementor-size-small{font-size:15px}.elementor-widget-heading .elementor-heading-title.elementor-size-medium{font-size:19px}.elementor-widget-heading .elementor-heading-title.elementor-size-large{font-size:29px}.elementor-widget-heading .elementor-heading-title.elementor-size-xl{font-size:39px}.elementor-widget-heading .elementor-heading-title.elementor-size-xxl{font-size:59px}<\/style><h1 class=\"elementor-heading-title elementor-size-default\">O spolo\u010dnosti Piston Addict<\/h1>\t\t<\/div>\n\t\t\t\t<\/div>\n\t\t\t\t\t<\/div>\n\t\t<\/div>\n\t\t\t\t\t<\/div>\n\t\t<\/section>\n\t\t\t\t<section class=\"elementor-section elementor-top-section elementor-element elementor-element-62ecd00 elementor-section-full_width descs elementor-section-height-default elementor-section-height-default\" data-id=\"62ecd00\" data-element_type=\"section\">\n\t\t\t\t\t\t<div class=\"elementor-container elementor-column-gap-default\">\n\t\t\t\t\t<div class=\"elementor-column elementor-col-100 elementor-top-column elementor-element elementor-element-cae2e10\" data-id=\"cae2e10\" data-element_type=\"column\">\n\t\t\t<div class=\"elementor-widget-wrap elementor-element-populated\">\n\t\t\t\t\t\t<div class=\"elementor-element elementor-element-174bee4 elementor-widget elementor-widget-text-editor\" data-id=\"174bee4\" data-element_type=\"widget\" data-widget_type=\"text-editor.default\">\n\t\t\t\t<div class=\"elementor-widget-container\">\n\t\t\t<style>\/*! elementor - v3.21.0 - 18-04-2024 *\/\n.elementor-widget-text-editor.elementor-drop-cap-view-stacked .elementor-drop-cap{background-color:#69727d;color:#fff}.elementor-widget-text-editor.elementor-drop-cap-view-framed .elementor-drop-cap{color:#69727d;border:3px solid;background-color:transparent}.elementor-widget-text-editor:not(.elementor-drop-cap-view-default) .elementor-drop-cap{margin-top:8px}.elementor-widget-text-editor:not(.elementor-drop-cap-view-default) .elementor-drop-cap-letter{width:1em;height:1em}.elementor-widget-text-editor .elementor-drop-cap{float:left;text-align:center;line-height:1;font-size:50px}.elementor-widget-text-editor .elementor-drop-cap-letter{display:inline-block}<\/style>\t\t\t\t<\/p>\n<h2>Na\u0161a hist\u00f3ria<\/h2>\n<p>Piston Addict je online auk\u010dn\u00e1 platforma \u0161pecializuj\u00faca sa na v\u00fdnimo\u010dn\u00e9 vozidl\u00e1.  <\/p>\n<p>Od \u00fatleho veku sme boli nad\u0161encami do \u00e1ut, preto bolo pre n\u00e1s d\u00f4le\u017eit\u00e9, aby sme v\u00e1m u\u013eah\u010dili predaj a k\u00fapu \u00e1ut a motocyklov a umo\u017enili v\u00e1m preda\u0165 alebo k\u00fapi\u0165 vozidlo, nech ste kdeko\u013evek. ste na\u0161li.<\/p>\n<p>Spolo\u010dnos\u0165 Piston Addict sa zrodila s t\u00fa\u017ebou prinies\u0165 revol\u00faciu na trhu s ojazden\u00fdmi vozidlami t\u00fdm najjednoduch\u0161\u00edm, najplynulej\u0161\u00edm a najtransparentnej\u0161\u00edm sp\u00f4sobom: na z\u00edskanie a predaj zauj\u00edmav\u00fdch vozidiel sta\u010d\u00ed klikn\u00fa\u0165 alebo sa z\u00fa\u010dastni\u0165 aukcie. nad\u0161encov.<\/p>\n<h2> <\/h2>\n<h2>Ako pracujeme<\/h2>\n<p>Piston Addict men\u00ed sp\u00f4sob predaja alebo k\u00fapy klasick\u00fdch, zberate\u013esk\u00fdch a nad\u0161eneck\u00fdch vozidiel.<\/p>\n<p>Ka\u017ed\u00e9 predlo\u017een\u00e9 vozidlo sk\u00famame s najv\u00e4\u010d\u0161ou pozornos\u0165ou: v spolo\u010dnosti Piston Addict n\u00e1jdete t\u00edm nad\u0161encov, ktor\u00ed s\u00fa odborn\u00edkmi na star\u00e9 alebo modern\u00e9 vozidl\u00e1.<\/p>\n<p>Na\u0161e aukcie pon\u00fakaj\u00fa \u00fapln\u00fa transparentnos\u0165, komplexnej\u0161ie ponuky a spravodlivej\u0161ie poplatky v porovnan\u00ed s tradi\u010dn\u00fdmi platformami. Vyber\u00e1me \u0161irok\u00fa \u0161k\u00e1lu zna\u010diek, modelov a typov vozidiel: chceme vidie\u0165 to\u013eko druhov, ko\u013eko si len m\u00f4\u017eete pria\u0165!<\/p>\n\t\t\t\t\t\t<\/div>\n\t\t\t\t<\/div>\n\t\t\t\t\t<\/div>\n\t\t<\/div>\n\t\t\t\t\t<\/div>\n\t\t<\/section>\n\t\t\t\t<section class=\"elementor-section elementor-top-section elementor-element elementor-element-38f2e81 elementor-section-content-middle story elementor-section-boxed elementor-section-height-default elementor-section-height-default\" data-id=\"38f2e81\" data-element_type=\"section\" data-settings=\"{&quot;background_background&quot;:&quot;gradient&quot;}\">\n\t\t\t\t\t\t<div class=\"elementor-container elementor-column-gap-default\">\n\t\t\t\t\t<div class=\"elementor-column elementor-col-100 elementor-top-column elementor-element elementor-element-71b8e7e\" data-id=\"71b8e7e\" data-element_type=\"column\">\n\t\t\t<div class=\"elementor-widget-wrap elementor-element-populated\">\n\t\t\t\t\t\t<div class=\"elementor-element elementor-element-205cd4d elementor-widget elementor-widget-text-editor\" data-id=\"205cd4d\" data-element_type=\"widget\" data-widget_type=\"text-editor.default\">\n\t\t\t\t<div class=\"elementor-widget-container\">\n\t\t\t\t\t\t\t\n          <h3>Svedectvo<\/h3>\n          <p>Sme radi, ke\u010f n\u00e1m kupuj\u00faci a pred\u00e1vaj\u00faci hovoria o dobr\u00fdch sk\u00fasenostiach s na\u0161ou str\u00e1nkou.<\/p>\n          <p>Po\u0161lite n\u00e1m svoj pr\u00edbeh o k\u00fape alebo predaji s nieko\u013ek\u00fdmi skvel\u00fdmi fotografiami a my zverejn\u00edme va\u0161e svedectvo.<\/p>\n          <p>\n            <a href=\"mailto:contact@pistonaddict.com\">Odovzdajte svoje svedectvo<\/a>\n          <\/p>\n        \t\t\t\t\t\t<\/div>\n\t\t\t\t<\/div>\n\t\t\t\t\t<\/div>\n\t\t<\/div>\n\t\t\t\t\t<\/div>\n\t\t<\/section>\n\t\t\t\t<\/div>\n\t\t","protected":false},"excerpt":{"rendered":"<p>O spolo\u010dnosti Piston Addict Na\u0161a hist\u00f3ria Piston Addict je online auk\u010dn\u00e1 platforma \u0161pecializuj\u00faca sa na v\u00fdnimo\u010dn\u00e9 vozidl\u00e1. Od \u00fatleho veku sme boli nad\u0161encami do \u00e1ut, preto bolo pre n\u00e1s d\u00f4le\u017eit\u00e9, aby sme v\u00e1m u\u013eah\u010dili predaj a k\u00fapu \u00e1ut a motocyklov a umo\u017enili v\u00e1m preda\u0165 alebo k\u00fapi\u0165 vozidlo, nech ste kdeko\u013evek. ste na\u0161li. Spolo\u010dnos\u0165 Piston Addict &#8230; <a title=\"Nadstavby\" class=\"read-more\" href=\"https:\/\/pistonaddict.com\/sk\/nadstavby\/\">Pre\u010d\u00edtajte si viac<span class=\"screen-reader-text\">Nadstavby<\/span><\/a><\/p>\n","protected":false},"author":1,"featured_media":0,"parent":0,"menu_order":0,"comment_status":"closed","ping_status":"closed","template":"","meta":{"inline_featured_image":false,"footnotes":""},"acf":[],"yoast_head":"<!-- This site is optimized with the Yoast SEO plugin v22.5 - https:\/\/yoast.com\/wordpress\/plugins\/seo\/ -->\n<title>Nadstavby - Piston Addict str\u00e1nky<\/title>\n<meta name=\"robots\" content=\"index, follow, max-snippet:-1, max-image-preview:large, max-video-preview:-1\" \/>\n<link rel=\"canonical\" href=\"https:\/\/pistonaddict.com\/sk\/nadstavby\/\" \/>\n<meta property=\"og:locale\" content=\"sk_SK\" \/>\n<meta property=\"og:type\" content=\"article\" \/>\n<meta property=\"og:title\" content=\"Nadstavby - Piston Addict str\u00e1nky\" \/>\n<meta property=\"og:description\" content=\"O spolo\u010dnosti Piston Addict Na\u0161a hist\u00f3ria Piston Addict je online auk\u010dn\u00e1 platforma \u0161pecializuj\u00faca sa na v\u00fdnimo\u010dn\u00e9 vozidl\u00e1. Od \u00fatleho veku sme boli nad\u0161encami do \u00e1ut, preto bolo pre n\u00e1s d\u00f4le\u017eit\u00e9, aby sme v\u00e1m u\u013eah\u010dili predaj a k\u00fapu \u00e1ut a motocyklov a umo\u017enili v\u00e1m preda\u0165 alebo k\u00fapi\u0165 vozidlo, nech ste kdeko\u013evek. ste na\u0161li. Spolo\u010dnos\u0165 Piston Addict ... Pre\u010d\u00edtajte si viacNadstavby\" \/>\n<meta property=\"og:url\" content=\"https:\/\/pistonaddict.com\/sk\/nadstavby\/\" \/>\n<meta property=\"og:site_name\" content=\"Piston Addict\" \/>\n<meta property=\"article:modified_time\" content=\"2023-01-04T11:23:05+00:00\" \/>\n<meta name=\"twitter:card\" content=\"summary_large_image\" \/>\n<meta name=\"twitter:label1\" content=\"Predpokladan\u00fd \u010das \u010d\u00edtania\" \/>\n\t<meta name=\"twitter:data1\" content=\"1 min\u00fata\" \/>\n<script type=\"application\/ld+json\" class=\"yoast-schema-graph\">{\"@context\":\"https:\/\/schema.org\",\"@graph\":[{\"@type\":\"WebPage\",\"@id\":\"https:\/\/pistonaddict.com\/sk\/nadstavby\/\",\"url\":\"https:\/\/pistonaddict.com\/sk\/nadstavby\/\",\"name\":\"Nadstavby - Piston Addict str\u00e1nky\",\"isPartOf\":{\"@id\":\"https:\/\/pistonaddict.com\/sk\/#website\"},\"datePublished\":\"2022-04-20T11:00:00+00:00\",\"dateModified\":\"2023-01-04T11:23:05+00:00\",\"breadcrumb\":{\"@id\":\"https:\/\/pistonaddict.com\/sk\/nadstavby\/#breadcrumb\"},\"inLanguage\":\"sk-SK\",\"potentialAction\":[{\"@type\":\"ReadAction\",\"target\":[\"https:\/\/pistonaddict.com\/sk\/nadstavby\/\"]}]},{\"@type\":\"BreadcrumbList\",\"@id\":\"https:\/\/pistonaddict.com\/sk\/nadstavby\/#breadcrumb\",\"itemListElement\":[{\"@type\":\"ListItem\",\"position\":1,\"name\":\"domovskej str\u00e1nke\",\"item\":\"https:\/\/pistonaddict.com\/sk\/uvodna-stranka\/\"},{\"@type\":\"ListItem\",\"position\":2,\"name\":\"Nadstavby\"}]},{\"@type\":\"WebSite\",\"@id\":\"https:\/\/pistonaddict.com\/sk\/#website\",\"url\":\"https:\/\/pistonaddict.com\/sk\/\",\"name\":\"Piston Addict\",\"description\":\"Only interesting vehicles\",\"publisher\":{\"@id\":\"https:\/\/pistonaddict.com\/sk\/#organization\"},\"potentialAction\":[{\"@type\":\"SearchAction\",\"target\":{\"@type\":\"EntryPoint\",\"urlTemplate\":\"https:\/\/pistonaddict.com\/sk\/?s={search_term_string}\"},\"query-input\":\"required name=search_term_string\"}],\"inLanguage\":\"sk-SK\"},{\"@type\":\"Organization\",\"@id\":\"https:\/\/pistonaddict.com\/sk\/#organization\",\"name\":\"Piston Addict\",\"url\":\"https:\/\/pistonaddict.com\/sk\/\",\"logo\":{\"@type\":\"ImageObject\",\"inLanguage\":\"sk-SK\",\"@id\":\"https:\/\/pistonaddict.com\/sk\/#\/schema\/logo\/image\/\",\"url\":\"https:\/\/pistonaddict.com\/wp-content\/uploads\/2022\/07\/logo-6.png\",\"contentUrl\":\"https:\/\/pistonaddict.com\/wp-content\/uploads\/2022\/07\/logo-6.png\",\"width\":970,\"height\":200,\"caption\":\"Piston Addict\"},\"image\":{\"@id\":\"https:\/\/pistonaddict.com\/sk\/#\/schema\/logo\/image\/\"}}]}<\/script>\n<!-- \/ Yoast SEO plugin. -->","yoast_head_json":{"title":"Nadstavby - Piston Addict str\u00e1nky","robots":{"index":"index","follow":"follow","max-snippet":"max-snippet:-1","max-image-preview":"max-image-preview:large","max-video-preview":"max-video-preview:-1"},"canonical":"https:\/\/pistonaddict.com\/sk\/nadstavby\/","og_locale":"sk_SK","og_type":"article","og_title":"Nadstavby - Piston Addict str\u00e1nky","og_description":"O spolo\u010dnosti Piston Addict Na\u0161a hist\u00f3ria Piston Addict je online auk\u010dn\u00e1 platforma \u0161pecializuj\u00faca sa na v\u00fdnimo\u010dn\u00e9 vozidl\u00e1. Od \u00fatleho veku sme boli nad\u0161encami do \u00e1ut, preto bolo pre n\u00e1s d\u00f4le\u017eit\u00e9, aby sme v\u00e1m u\u013eah\u010dili predaj a k\u00fapu \u00e1ut a motocyklov a umo\u017enili v\u00e1m preda\u0165 alebo k\u00fapi\u0165 vozidlo, nech ste kdeko\u013evek. ste na\u0161li. Spolo\u010dnos\u0165 Piston Addict ... Pre\u010d\u00edtajte si viacNadstavby","og_url":"https:\/\/pistonaddict.com\/sk\/nadstavby\/","og_site_name":"Piston Addict","article_modified_time":"2023-01-04T11:23:05+00:00","twitter_card":"summary_large_image","twitter_misc":{"Predpokladan\u00fd \u010das \u010d\u00edtania":"1 min\u00fata"},"schema":{"@context":"https:\/\/schema.org","@graph":[{"@type":"WebPage","@id":"https:\/\/pistonaddict.com\/sk\/nadstavby\/","url":"https:\/\/pistonaddict.com\/sk\/nadstavby\/","name":"Nadstavby - Piston Addict str\u00e1nky","isPartOf":{"@id":"https:\/\/pistonaddict.com\/sk\/#website"},"datePublished":"2022-04-20T11:00:00+00:00","dateModified":"2023-01-04T11:23:05+00:00","breadcrumb":{"@id":"https:\/\/pistonaddict.com\/sk\/nadstavby\/#breadcrumb"},"inLanguage":"sk-SK","potentialAction":[{"@type":"ReadAction","target":["https:\/\/pistonaddict.com\/sk\/nadstavby\/"]}]},{"@type":"BreadcrumbList","@id":"https:\/\/pistonaddict.com\/sk\/nadstavby\/#breadcrumb","itemListElement":[{"@type":"ListItem","position":1,"name":"domovskej str\u00e1nke","item":"https:\/\/pistonaddict.com\/sk\/uvodna-stranka\/"},{"@type":"ListItem","position":2,"name":"Nadstavby"}]},{"@type":"WebSite","@id":"https:\/\/pistonaddict.com\/sk\/#website","url":"https:\/\/pistonaddict.com\/sk\/","name":"Piston Addict","description":"Only interesting vehicles","publisher":{"@id":"https:\/\/pistonaddict.com\/sk\/#organization"},"potentialAction":[{"@type":"SearchAction","target":{"@type":"EntryPoint","urlTemplate":"https:\/\/pistonaddict.com\/sk\/?s={search_term_string}"},"query-input":"required name=search_term_string"}],"inLanguage":"sk-SK"},{"@type":"Organization","@id":"https:\/\/pistonaddict.com\/sk\/#organization","name":"Piston Addict","url":"https:\/\/pistonaddict.com\/sk\/","logo":{"@type":"ImageObject","inLanguage":"sk-SK","@id":"https:\/\/pistonaddict.com\/sk\/#\/schema\/logo\/image\/","url":"https:\/\/pistonaddict.com\/wp-content\/uploads\/2022\/07\/logo-6.png","contentUrl":"https:\/\/pistonaddict.com\/wp-content\/uploads\/2022\/07\/logo-6.png","width":970,"height":200,"caption":"Piston Addict"},"image":{"@id":"https:\/\/pistonaddict.com\/sk\/#\/schema\/logo\/image\/"}}]}},"_links":{"self":[{"href":"https:\/\/pistonaddict.com\/sk\/wp-json\/wp\/v2\/pages\/22666"}],"collection":[{"href":"https:\/\/pistonaddict.com\/sk\/wp-json\/wp\/v2\/pages"}],"about":[{"href":"https:\/\/pistonaddict.com\/sk\/wp-json\/wp\/v2\/types\/page"}],"author":[{"embeddable":true,"href":"https:\/\/pistonaddict.com\/sk\/wp-json\/wp\/v2\/users\/1"}],"replies":[{"embeddable":true,"href":"https:\/\/pistonaddict.com\/sk\/wp-json\/wp\/v2\/comments?post=22666"}],"version-history":[{"count":1,"href":"https:\/\/pistonaddict.com\/sk\/wp-json\/wp\/v2\/pages\/22666\/revisions"}],"predecessor-version":[{"id":22671,"href":"https:\/\/pistonaddict.com\/sk\/wp-json\/wp\/v2\/pages\/22666\/revisions\/22671"}],"wp:attachment":[{"href":"https:\/\/pistonaddict.com\/sk\/wp-json\/wp\/v2\/media?parent=22666"}],"curies":[{"name":"wp","href":"https:\/\/api.w.org\/{rel}","templated":true}]}}