{"id":2183,"date":"2022-04-13T10:39:03","date_gmt":"2022-04-13T08:39:03","guid":{"rendered":"https:\/\/pistonaddict.com\/moj-ucet\/"},"modified":"2022-06-12T19:55:00","modified_gmt":"2022-06-12T17:55:00","slug":"moj-ucet","status":"publish","type":"page","link":"https:\/\/pistonaddict.com\/sk\/moj-ucet\/","title":{"rendered":"M\u00f4j \u00fa\u010det"},"content":{"rendered":"\t\t<div data-elementor-type=\"wp-page\" data-elementor-id=\"2183\" class=\"elementor elementor-2183 elementor-2095\">\n\t\t\t\t\t\t<section class=\"elementor-section elementor-top-section elementor-element elementor-element-fce4751 elementor-section-boxed elementor-section-height-default elementor-section-height-default\" data-id=\"fce4751\" data-element_type=\"section\">\n\t\t\t\t\t\t<div class=\"elementor-container elementor-column-gap-default\">\n\t\t\t\t\t<div class=\"elementor-column elementor-col-100 elementor-top-column elementor-element elementor-element-6c58e0b\" data-id=\"6c58e0b\" data-element_type=\"column\">\n\t\t\t<div class=\"elementor-widget-wrap elementor-element-populated\">\n\t\t\t\t\t\t<div class=\"elementor-element elementor-element-5bba1d9 elementor-widget elementor-widget-shortcode\" data-id=\"5bba1d9\" data-element_type=\"widget\" data-widget_type=\"shortcode.default\">\n\t\t\t\t<div class=\"elementor-widget-container\">\n\t\t\t\t\t<div class=\"elementor-shortcode\"><div class=\"woocommerce\"><\/div><\/div>\n\t\t\t\t<\/div>\n\t\t\t\t<\/div>\n\t\t\t\t\t<\/div>\n\t\t<\/div>\n\t\t\t\t\t<\/div>\n\t\t<\/section>\n\t\t\t\t<\/div>\n\t\t","protected":false},"excerpt":{"rendered":"","protected":false},"author":1,"featured_media":0,"parent":0,"menu_order":0,"comment_status":"closed","ping_status":"closed","template":"","meta":{"inline_featured_image":false,"footnotes":""},"acf":[],"yoast_head":"<!-- This site is optimized with the Yoast SEO plugin v22.5 - https:\/\/yoast.com\/wordpress\/plugins\/seo\/ -->\n<title>M\u00f4j \u00fa\u010det - Piston Addict str\u00e1nky<\/title>\n<meta name=\"robots\" content=\"index, follow, max-snippet:-1, max-image-preview:large, max-video-preview:-1\" \/>\n<link rel=\"canonical\" href=\"https:\/\/pistonaddict.com\/sk\/moj-ucet\/\" \/>\n<meta property=\"og:locale\" content=\"sk_SK\" \/>\n<meta property=\"og:type\" content=\"article\" \/>\n<meta property=\"og:title\" content=\"M\u00f4j \u00fa\u010det - Piston Addict str\u00e1nky\" \/>\n<meta property=\"og:url\" content=\"https:\/\/pistonaddict.com\/sk\/moj-ucet\/\" \/>\n<meta property=\"og:site_name\" content=\"Piston Addict\" \/>\n<meta property=\"article:modified_time\" content=\"2022-06-12T17:55:00+00:00\" \/>\n<meta name=\"twitter:card\" content=\"summary_large_image\" \/>\n<script type=\"application\/ld+json\" class=\"yoast-schema-graph\">{\"@context\":\"https:\/\/schema.org\",\"@graph\":[{\"@type\":\"WebPage\",\"@id\":\"https:\/\/pistonaddict.com\/sk\/moj-ucet\/\",\"url\":\"https:\/\/pistonaddict.com\/sk\/moj-ucet\/\",\"name\":\"M\u00f4j \u00fa\u010det - Piston Addict str\u00e1nky\",\"isPartOf\":{\"@id\":\"https:\/\/pistonaddict.com\/sk\/#website\"},\"datePublished\":\"2022-04-13T08:39:03+00:00\",\"dateModified\":\"2022-06-12T17:55:00+00:00\",\"breadcrumb\":{\"@id\":\"https:\/\/pistonaddict.com\/sk\/moj-ucet\/#breadcrumb\"},\"inLanguage\":\"sk-SK\",\"potentialAction\":[{\"@type\":\"ReadAction\",\"target\":[\"https:\/\/pistonaddict.com\/sk\/moj-ucet\/\"]}]},{\"@type\":\"BreadcrumbList\",\"@id\":\"https:\/\/pistonaddict.com\/sk\/moj-ucet\/#breadcrumb\",\"itemListElement\":[{\"@type\":\"ListItem\",\"position\":1,\"name\":\"domovskej str\u00e1nke\",\"item\":\"https:\/\/pistonaddict.com\/sk\/uvodna-stranka\/\"},{\"@type\":\"ListItem\",\"position\":2,\"name\":\"M\u00f4j \u00fa\u010det\"}]},{\"@type\":\"WebSite\",\"@id\":\"https:\/\/pistonaddict.com\/sk\/#website\",\"url\":\"https:\/\/pistonaddict.com\/sk\/\",\"name\":\"Piston Addict\",\"description\":\"Only interesting vehicles\",\"publisher\":{\"@id\":\"https:\/\/pistonaddict.com\/sk\/#organization\"},\"potentialAction\":[{\"@type\":\"SearchAction\",\"target\":{\"@type\":\"EntryPoint\",\"urlTemplate\":\"https:\/\/pistonaddict.com\/sk\/?s={search_term_string}\"},\"query-input\":\"required name=search_term_string\"}],\"inLanguage\":\"sk-SK\"},{\"@type\":\"Organization\",\"@id\":\"https:\/\/pistonaddict.com\/sk\/#organization\",\"name\":\"Piston Addict\",\"url\":\"https:\/\/pistonaddict.com\/sk\/\",\"logo\":{\"@type\":\"ImageObject\",\"inLanguage\":\"sk-SK\",\"@id\":\"https:\/\/pistonaddict.com\/sk\/#\/schema\/logo\/image\/\",\"url\":\"https:\/\/pistonaddict.com\/wp-content\/uploads\/2022\/07\/logo-6.png\",\"contentUrl\":\"https:\/\/pistonaddict.com\/wp-content\/uploads\/2022\/07\/logo-6.png\",\"width\":970,\"height\":200,\"caption\":\"Piston Addict\"},\"image\":{\"@id\":\"https:\/\/pistonaddict.com\/sk\/#\/schema\/logo\/image\/\"}}]}<\/script>\n<!-- \/ Yoast SEO plugin. -->","yoast_head_json":{"title":"M\u00f4j \u00fa\u010det - Piston Addict str\u00e1nky","robots":{"index":"index","follow":"follow","max-snippet":"max-snippet:-1","max-image-preview":"max-image-preview:large","max-video-preview":"max-video-preview:-1"},"canonical":"https:\/\/pistonaddict.com\/sk\/moj-ucet\/","og_locale":"sk_SK","og_type":"article","og_title":"M\u00f4j \u00fa\u010det - Piston Addict str\u00e1nky","og_url":"https:\/\/pistonaddict.com\/sk\/moj-ucet\/","og_site_name":"Piston Addict","article_modified_time":"2022-06-12T17:55:00+00:00","twitter_card":"summary_large_image","schema":{"@context":"https:\/\/schema.org","@graph":[{"@type":"WebPage","@id":"https:\/\/pistonaddict.com\/sk\/moj-ucet\/","url":"https:\/\/pistonaddict.com\/sk\/moj-ucet\/","name":"M\u00f4j \u00fa\u010det - Piston Addict str\u00e1nky","isPartOf":{"@id":"https:\/\/pistonaddict.com\/sk\/#website"},"datePublished":"2022-04-13T08:39:03+00:00","dateModified":"2022-06-12T17:55:00+00:00","breadcrumb":{"@id":"https:\/\/pistonaddict.com\/sk\/moj-ucet\/#breadcrumb"},"inLanguage":"sk-SK","potentialAction":[{"@type":"ReadAction","target":["https:\/\/pistonaddict.com\/sk\/moj-ucet\/"]}]},{"@type":"BreadcrumbList","@id":"https:\/\/pistonaddict.com\/sk\/moj-ucet\/#breadcrumb","itemListElement":[{"@type":"ListItem","position":1,"name":"domovskej str\u00e1nke","item":"https:\/\/pistonaddict.com\/sk\/uvodna-stranka\/"},{"@type":"ListItem","position":2,"name":"M\u00f4j \u00fa\u010det"}]},{"@type":"WebSite","@id":"https:\/\/pistonaddict.com\/sk\/#website","url":"https:\/\/pistonaddict.com\/sk\/","name":"Piston Addict","description":"Only interesting vehicles","publisher":{"@id":"https:\/\/pistonaddict.com\/sk\/#organization"},"potentialAction":[{"@type":"SearchAction","target":{"@type":"EntryPoint","urlTemplate":"https:\/\/pistonaddict.com\/sk\/?s={search_term_string}"},"query-input":"required name=search_term_string"}],"inLanguage":"sk-SK"},{"@type":"Organization","@id":"https:\/\/pistonaddict.com\/sk\/#organization","name":"Piston Addict","url":"https:\/\/pistonaddict.com\/sk\/","logo":{"@type":"ImageObject","inLanguage":"sk-SK","@id":"https:\/\/pistonaddict.com\/sk\/#\/schema\/logo\/image\/","url":"https:\/\/pistonaddict.com\/wp-content\/uploads\/2022\/07\/logo-6.png","contentUrl":"https:\/\/pistonaddict.com\/wp-content\/uploads\/2022\/07\/logo-6.png","width":970,"height":200,"caption":"Piston Addict"},"image":{"@id":"https:\/\/pistonaddict.com\/sk\/#\/schema\/logo\/image\/"}}]}},"_links":{"self":[{"href":"https:\/\/pistonaddict.com\/sk\/wp-json\/wp\/v2\/pages\/2183"}],"collection":[{"href":"https:\/\/pistonaddict.com\/sk\/wp-json\/wp\/v2\/pages"}],"about":[{"href":"https:\/\/pistonaddict.com\/sk\/wp-json\/wp\/v2\/types\/page"}],"author":[{"embeddable":true,"href":"https:\/\/pistonaddict.com\/sk\/wp-json\/wp\/v2\/users\/1"}],"replies":[{"embeddable":true,"href":"https:\/\/pistonaddict.com\/sk\/wp-json\/wp\/v2\/comments?post=2183"}],"version-history":[{"count":4,"href":"https:\/\/pistonaddict.com\/sk\/wp-json\/wp\/v2\/pages\/2183\/revisions"}],"predecessor-version":[{"id":10288,"href":"https:\/\/pistonaddict.com\/sk\/wp-json\/wp\/v2\/pages\/2183\/revisions\/10288"}],"wp:attachment":[{"href":"https:\/\/pistonaddict.com\/sk\/wp-json\/wp\/v2\/media?parent=2183"}],"curies":[{"name":"wp","href":"https:\/\/api.w.org\/{rel}","templated":true}]}}