{"id":1977,"date":"2022-04-13T10:38:14","date_gmt":"2022-04-13T08:38:14","guid":{"rendered":"https:\/\/pistonaddict.com\/ukazkova-stranka\/"},"modified":"2022-05-04T18:00:15","modified_gmt":"2022-05-04T16:00:15","slug":"ukazkova-stranka","status":"publish","type":"page","link":"https:\/\/pistonaddict.com\/sk\/ukazkova-stranka\/","title":{"rendered":"Uk\u00e1\u017ekov\u00e1 str\u00e1nka"},"content":{"rendered":"\n<p>Toto je pr\u00edklad str\u00e1nky. L\u00ed\u0161i sa od blogov\u00e9ho pr\u00edspevku, preto\u017ee zostane na jednom mieste a zobraz\u00ed sa v navig\u00e1cii va\u0161ej str\u00e1nky (vo v\u00e4\u010d\u0161ine t\u00e9m). V\u00e4\u010d\u0161ina \u013eud\u00ed za\u010d\u00edna str\u00e1nkou \u201eO mne\u201c, ktor\u00e1 ich predstav\u00ed \u013eu\u010fom nav\u0161tevuj\u00facim str\u00e1nku. Mohlo by to vyzera\u0165 nejako takto:<\/p>\n\n<blockquote class=\"wp-block-quote\"><p>Dobr\u00e9 r\u00e1no ! Som mechanik a t\u00fa\u017eim by\u0165 hercom a toto je moja str\u00e1nka. B\u00fdvam v Bordeaux, m\u00e1m skvel\u00e9ho psa Russella a milujem vodku (rovnako ako ma prekvap\u00ed n\u00e1hly d\u00e1\u017e\u010f po\u010das dlh\u00fdch prech\u00e1dzok po pl\u00e1\u017ei pri z\u00e1pade slnka).<\/p><\/blockquote>\n\n<p>&#8230;alebo nie\u010do tak\u00e9to:<\/p>\n\n<blockquote class=\"wp-block-quote\"><p>Spolo\u010dnos\u0165 123 Machin Truc bola zalo\u017een\u00e1 v roku 1971 a odvtedy na\u010falej pon\u00faka verejnosti kvalitn\u00e9 pom\u00f4cky. 123 Machin Truc so s\u00eddlom v Saint-Remy-en-Bouzemont-Saint-Genest-et-Isson zamestn\u00e1va 2 000 \u013eud\u00ed a vyr\u00e1ba v\u0161etky druhy skvel\u00fdch zariaden\u00ed pre komunitu Bouzemont.<\/p><\/blockquote>\n\n<p>Ako nov\u00fd pou\u017e\u00edvate\u013e WordPress by ste mali prejs\u0165 na <a href=\"https:\/\/pistonaddict.com\/wp-admin\/\">svoj informa\u010dn\u00fd panel<\/a> , odstr\u00e1ni\u0165 t\u00fato str\u00e1nku a vytvori\u0165 nov\u00e9 str\u00e1nky pre svoj obsah. Bavte sa!<\/p>\n","protected":false},"excerpt":{"rendered":"<p>Toto je pr\u00edklad str\u00e1nky. L\u00ed\u0161i sa od blogov\u00e9ho pr\u00edspevku, preto\u017ee zostane na jednom mieste a zobraz\u00ed sa v navig\u00e1cii va\u0161ej str\u00e1nky (vo v\u00e4\u010d\u0161ine t\u00e9m). V\u00e4\u010d\u0161ina \u013eud\u00ed za\u010d\u00edna str\u00e1nkou \u201eO mne\u201c, ktor\u00e1 ich predstav\u00ed \u013eu\u010fom nav\u0161tevuj\u00facim str\u00e1nku. Mohlo by to vyzera\u0165 nejako takto: Dobr\u00e9 r\u00e1no ! Som mechanik a t\u00fa\u017eim by\u0165 hercom a toto je moja &#8230; <a title=\"Uk\u00e1\u017ekov\u00e1 str\u00e1nka\" class=\"read-more\" href=\"https:\/\/pistonaddict.com\/sk\/ukazkova-stranka\/\">Pre\u010d\u00edtajte si viac<span class=\"screen-reader-text\">Uk\u00e1\u017ekov\u00e1 str\u00e1nka<\/span><\/a><\/p>\n","protected":false},"author":1,"featured_media":0,"parent":0,"menu_order":0,"comment_status":"closed","ping_status":"closed","template":"","meta":{"inline_featured_image":false,"footnotes":""},"acf":[],"yoast_head":"<!-- This site is optimized with the Yoast SEO plugin v22.5 - https:\/\/yoast.com\/wordpress\/plugins\/seo\/ -->\n<title>Uk\u00e1\u017ekov\u00e1 str\u00e1nka - Piston Addict str\u00e1nky<\/title>\n<meta name=\"robots\" content=\"index, follow, max-snippet:-1, max-image-preview:large, max-video-preview:-1\" \/>\n<link rel=\"canonical\" href=\"https:\/\/pistonaddict.com\/sk\/ukazkova-stranka\/\" \/>\n<meta property=\"og:locale\" content=\"sk_SK\" \/>\n<meta property=\"og:type\" content=\"article\" \/>\n<meta property=\"og:title\" content=\"Uk\u00e1\u017ekov\u00e1 str\u00e1nka - Piston Addict str\u00e1nky\" \/>\n<meta property=\"og:description\" content=\"Toto je pr\u00edklad str\u00e1nky. L\u00ed\u0161i sa od blogov\u00e9ho pr\u00edspevku, preto\u017ee zostane na jednom mieste a zobraz\u00ed sa v navig\u00e1cii va\u0161ej str\u00e1nky (vo v\u00e4\u010d\u0161ine t\u00e9m). V\u00e4\u010d\u0161ina \u013eud\u00ed za\u010d\u00edna str\u00e1nkou \u201eO mne\u201c, ktor\u00e1 ich predstav\u00ed \u013eu\u010fom nav\u0161tevuj\u00facim str\u00e1nku. Mohlo by to vyzera\u0165 nejako takto: Dobr\u00e9 r\u00e1no ! Som mechanik a t\u00fa\u017eim by\u0165 hercom a toto je moja ... Pre\u010d\u00edtajte si viacUk\u00e1\u017ekov\u00e1 str\u00e1nka\" \/>\n<meta property=\"og:url\" content=\"https:\/\/pistonaddict.com\/sk\/ukazkova-stranka\/\" \/>\n<meta property=\"og:site_name\" content=\"Piston Addict\" \/>\n<meta property=\"article:modified_time\" content=\"2022-05-04T16:00:15+00:00\" \/>\n<meta name=\"twitter:card\" content=\"summary_large_image\" \/>\n<meta name=\"twitter:label1\" content=\"Predpokladan\u00fd \u010das \u010d\u00edtania\" \/>\n\t<meta name=\"twitter:data1\" content=\"1 min\u00fata\" \/>\n<script type=\"application\/ld+json\" class=\"yoast-schema-graph\">{\"@context\":\"https:\/\/schema.org\",\"@graph\":[{\"@type\":\"WebPage\",\"@id\":\"https:\/\/pistonaddict.com\/sk\/ukazkova-stranka\/\",\"url\":\"https:\/\/pistonaddict.com\/sk\/ukazkova-stranka\/\",\"name\":\"Uk\u00e1\u017ekov\u00e1 str\u00e1nka - Piston Addict str\u00e1nky\",\"isPartOf\":{\"@id\":\"https:\/\/pistonaddict.com\/sk\/#website\"},\"datePublished\":\"2022-04-13T08:38:14+00:00\",\"dateModified\":\"2022-05-04T16:00:15+00:00\",\"breadcrumb\":{\"@id\":\"https:\/\/pistonaddict.com\/sk\/ukazkova-stranka\/#breadcrumb\"},\"inLanguage\":\"sk-SK\",\"potentialAction\":[{\"@type\":\"ReadAction\",\"target\":[\"https:\/\/pistonaddict.com\/sk\/ukazkova-stranka\/\"]}]},{\"@type\":\"BreadcrumbList\",\"@id\":\"https:\/\/pistonaddict.com\/sk\/ukazkova-stranka\/#breadcrumb\",\"itemListElement\":[{\"@type\":\"ListItem\",\"position\":1,\"name\":\"domovskej str\u00e1nke\",\"item\":\"https:\/\/pistonaddict.com\/sk\/uvodna-stranka\/\"},{\"@type\":\"ListItem\",\"position\":2,\"name\":\"Uk\u00e1\u017ekov\u00e1 str\u00e1nka\"}]},{\"@type\":\"WebSite\",\"@id\":\"https:\/\/pistonaddict.com\/sk\/#website\",\"url\":\"https:\/\/pistonaddict.com\/sk\/\",\"name\":\"Piston Addict\",\"description\":\"Only interesting vehicles\",\"publisher\":{\"@id\":\"https:\/\/pistonaddict.com\/sk\/#organization\"},\"potentialAction\":[{\"@type\":\"SearchAction\",\"target\":{\"@type\":\"EntryPoint\",\"urlTemplate\":\"https:\/\/pistonaddict.com\/sk\/?s={search_term_string}\"},\"query-input\":\"required name=search_term_string\"}],\"inLanguage\":\"sk-SK\"},{\"@type\":\"Organization\",\"@id\":\"https:\/\/pistonaddict.com\/sk\/#organization\",\"name\":\"Piston Addict\",\"url\":\"https:\/\/pistonaddict.com\/sk\/\",\"logo\":{\"@type\":\"ImageObject\",\"inLanguage\":\"sk-SK\",\"@id\":\"https:\/\/pistonaddict.com\/sk\/#\/schema\/logo\/image\/\",\"url\":\"https:\/\/pistonaddict.com\/wp-content\/uploads\/2022\/07\/logo-6.png\",\"contentUrl\":\"https:\/\/pistonaddict.com\/wp-content\/uploads\/2022\/07\/logo-6.png\",\"width\":970,\"height\":200,\"caption\":\"Piston Addict\"},\"image\":{\"@id\":\"https:\/\/pistonaddict.com\/sk\/#\/schema\/logo\/image\/\"}}]}<\/script>\n<!-- \/ Yoast SEO plugin. -->","yoast_head_json":{"title":"Uk\u00e1\u017ekov\u00e1 str\u00e1nka - Piston Addict str\u00e1nky","robots":{"index":"index","follow":"follow","max-snippet":"max-snippet:-1","max-image-preview":"max-image-preview:large","max-video-preview":"max-video-preview:-1"},"canonical":"https:\/\/pistonaddict.com\/sk\/ukazkova-stranka\/","og_locale":"sk_SK","og_type":"article","og_title":"Uk\u00e1\u017ekov\u00e1 str\u00e1nka - Piston Addict str\u00e1nky","og_description":"Toto je pr\u00edklad str\u00e1nky. L\u00ed\u0161i sa od blogov\u00e9ho pr\u00edspevku, preto\u017ee zostane na jednom mieste a zobraz\u00ed sa v navig\u00e1cii va\u0161ej str\u00e1nky (vo v\u00e4\u010d\u0161ine t\u00e9m). V\u00e4\u010d\u0161ina \u013eud\u00ed za\u010d\u00edna str\u00e1nkou \u201eO mne\u201c, ktor\u00e1 ich predstav\u00ed \u013eu\u010fom nav\u0161tevuj\u00facim str\u00e1nku. Mohlo by to vyzera\u0165 nejako takto: Dobr\u00e9 r\u00e1no ! Som mechanik a t\u00fa\u017eim by\u0165 hercom a toto je moja ... Pre\u010d\u00edtajte si viacUk\u00e1\u017ekov\u00e1 str\u00e1nka","og_url":"https:\/\/pistonaddict.com\/sk\/ukazkova-stranka\/","og_site_name":"Piston Addict","article_modified_time":"2022-05-04T16:00:15+00:00","twitter_card":"summary_large_image","twitter_misc":{"Predpokladan\u00fd \u010das \u010d\u00edtania":"1 min\u00fata"},"schema":{"@context":"https:\/\/schema.org","@graph":[{"@type":"WebPage","@id":"https:\/\/pistonaddict.com\/sk\/ukazkova-stranka\/","url":"https:\/\/pistonaddict.com\/sk\/ukazkova-stranka\/","name":"Uk\u00e1\u017ekov\u00e1 str\u00e1nka - Piston Addict str\u00e1nky","isPartOf":{"@id":"https:\/\/pistonaddict.com\/sk\/#website"},"datePublished":"2022-04-13T08:38:14+00:00","dateModified":"2022-05-04T16:00:15+00:00","breadcrumb":{"@id":"https:\/\/pistonaddict.com\/sk\/ukazkova-stranka\/#breadcrumb"},"inLanguage":"sk-SK","potentialAction":[{"@type":"ReadAction","target":["https:\/\/pistonaddict.com\/sk\/ukazkova-stranka\/"]}]},{"@type":"BreadcrumbList","@id":"https:\/\/pistonaddict.com\/sk\/ukazkova-stranka\/#breadcrumb","itemListElement":[{"@type":"ListItem","position":1,"name":"domovskej str\u00e1nke","item":"https:\/\/pistonaddict.com\/sk\/uvodna-stranka\/"},{"@type":"ListItem","position":2,"name":"Uk\u00e1\u017ekov\u00e1 str\u00e1nka"}]},{"@type":"WebSite","@id":"https:\/\/pistonaddict.com\/sk\/#website","url":"https:\/\/pistonaddict.com\/sk\/","name":"Piston Addict","description":"Only interesting vehicles","publisher":{"@id":"https:\/\/pistonaddict.com\/sk\/#organization"},"potentialAction":[{"@type":"SearchAction","target":{"@type":"EntryPoint","urlTemplate":"https:\/\/pistonaddict.com\/sk\/?s={search_term_string}"},"query-input":"required name=search_term_string"}],"inLanguage":"sk-SK"},{"@type":"Organization","@id":"https:\/\/pistonaddict.com\/sk\/#organization","name":"Piston Addict","url":"https:\/\/pistonaddict.com\/sk\/","logo":{"@type":"ImageObject","inLanguage":"sk-SK","@id":"https:\/\/pistonaddict.com\/sk\/#\/schema\/logo\/image\/","url":"https:\/\/pistonaddict.com\/wp-content\/uploads\/2022\/07\/logo-6.png","contentUrl":"https:\/\/pistonaddict.com\/wp-content\/uploads\/2022\/07\/logo-6.png","width":970,"height":200,"caption":"Piston Addict"},"image":{"@id":"https:\/\/pistonaddict.com\/sk\/#\/schema\/logo\/image\/"}}]}},"_links":{"self":[{"href":"https:\/\/pistonaddict.com\/sk\/wp-json\/wp\/v2\/pages\/1977"}],"collection":[{"href":"https:\/\/pistonaddict.com\/sk\/wp-json\/wp\/v2\/pages"}],"about":[{"href":"https:\/\/pistonaddict.com\/sk\/wp-json\/wp\/v2\/types\/page"}],"author":[{"embeddable":true,"href":"https:\/\/pistonaddict.com\/sk\/wp-json\/wp\/v2\/users\/1"}],"replies":[{"embeddable":true,"href":"https:\/\/pistonaddict.com\/sk\/wp-json\/wp\/v2\/comments?post=1977"}],"version-history":[{"count":3,"href":"https:\/\/pistonaddict.com\/sk\/wp-json\/wp\/v2\/pages\/1977\/revisions"}],"predecessor-version":[{"id":4376,"href":"https:\/\/pistonaddict.com\/sk\/wp-json\/wp\/v2\/pages\/1977\/revisions\/4376"}],"wp:attachment":[{"href":"https:\/\/pistonaddict.com\/sk\/wp-json\/wp\/v2\/media?parent=1977"}],"curies":[{"name":"wp","href":"https:\/\/api.w.org\/{rel}","templated":true}]}}