{"id":98268,"date":"2024-03-20T15:15:43","date_gmt":"2024-03-20T14:15:43","guid":{"rendered":"https:\/\/pistonaddict.com\/product\/porsche-997-targa\/"},"modified":"2024-03-20T15:24:07","modified_gmt":"2024-03-20T14:24:07","slug":"porsche-997-targa","status":"publish","type":"product","link":"https:\/\/pistonaddict.com\/ro\/product\/porsche-997-targa\/","title":{"rendered":"Porsche 997 Targa 4S"},"content":{"rendered":"<p><strong>Istoria ma\u0219inii<\/strong><\/p>\n<p>Cea de-a \u0219asea genera\u021bie a iconicului Porsche 911 a fost lansat\u0103 \u00een premier\u0103 \u00een 2004 \u0219i cunoscut\u0103 intern sub numele de 997. Predecesorul s\u0103u, modelul 996, r\u0103m\u00e2ne unul dintre cele mai controversate modele 911 produse vreodat\u0103, mai ales din cauza designului s\u0103u \u0219i a introducerii motoarelor r\u0103cite cu ap\u0103. Cu toate acestea, modelul 997 a fost l\u0103udat de toat\u0103 lumea pentru liniile sale curate \u0219i pentru \u00eembun\u0103t\u0103\u021birile aduse \u00een materie de tehnologie \u0219i putere. Chiar dac\u0103 997 are unele asem\u0103n\u0103ri mecanice, precum \u0219i aceea\u0219i platform\u0103 ca \u0219i 996, era o ma\u0219in\u0103 mult mai bun\u0103 \u0219i mai competent\u0103, ca s\u0103 nu uit\u0103m c\u0103 era mai modern\u0103 \u0219i mai frumoas\u0103. Nu este surprinz\u0103tor faptul c\u0103 cifrele de v\u00e2nz\u0103ri au demonstrat c\u0103 modelul 997 a fost un succes de v\u00e2nz\u0103ri, cu peste 212.000 de exemplare fabricate \u00een 9 ani. Cu toate acestea, acest exemplar este destul de rar, nu numai pentru c\u0103 este un model 997.1 mai vechi, ci \u0219i pentru c\u0103 are o caroserie Targa foarte rar\u0103. \u00cen 2008, au fost livrate doar 1426 de exemplare Targa 4S, iar foarte pu\u021bine dintre ele aveau transmisie manual\u0103 cu 6 trepte. \u00cen total, au fost produse doar aproximativ 8.400 de exemplare Targa 4S pentru genera\u021bia 997. Motorul cu \u0219ase cilindri \u00een linie de 3,8 litri, cu aspira\u021bie natural\u0103, a livrat 350 CP la toate cele patru ro\u021bi, ceea ce a dus la o accelera\u021bie impresionant\u0103 \u0219i la o \u021binut\u0103 de drum extraordinar\u0103 \u00een orice condi\u021bii. Combinarea performan\u021belor puternice cu senza\u021bia de aerisire a acoperi\u0219ului din sticl\u0103 \u0219i senza\u021bia mecanic\u0103 a transmisiei manuale face ca acest exemplar s\u0103 fie incredibil de interesant pentru orice colec\u021bionar adev\u0103rat.<\/p>\n<p><strong>Interior<\/strong><\/p>\n<p>Finisat \u00een piele neagr\u0103, cu o plan\u0219\u0103 de bord din piele rar\u0103 \u0219i op\u021bional\u0103, interiorul Porsche Targa 4S 2008 este \u00een stare perfect\u0103, f\u0103r\u0103 daune \u0219i cu pu\u021bine semne de uzur\u0103. Acest exemplar are o mul\u021bime de echipamente op\u021bionale dezirabile, cum ar fi cruise control, sistem audio premium, scaune sport din piele \u00eenc\u0103lzite \u0219i ac\u021bionate electric, volan multifunc\u021bional, sistem de naviga\u021bie etc. Totul func\u021bioneaz\u0103 a\u0219a cum trebuie, \u00eempreun\u0103 cu acoperi\u0219ul de sticl\u0103, \u0219i nu exist\u0103 modific\u0103ri. \u00cen compara\u021bie cu alte 911 din acea perioad\u0103, modelul Targa este cu totul unic, deoarece ofer\u0103 senza\u021bia de aer liber a unei decapotabile, dar cu confortul unui coupe \u0219i posibilitatea de utilizare pe tot parcursul anului.<\/p>\n<p><strong>Starea ma\u0219inii<\/strong><\/p>\n<p>Cu pu\u021bin peste 110.000 de kilometri din nou \u0219i doi proprietari aten\u021bi, acest Porsche 911 Targa 4S este \u00eentr-o stare impresionant\u0103 \u0219i este \u00eentre\u021binut cu grij\u0103. \u00cenregistr\u0103rile arat\u0103 c\u0103 ultima revizie major\u0103 a fost efectuat\u0103 la sf\u00e2r\u0219itul anului 2022, iar fr\u00e2nele au fost revizuite \u00een urm\u0103 cu doar c\u00e2teva zile, \u00een martie 2024. Toate \u00eenregistr\u0103rile de \u00eentre\u021binere sunt disponibile, ceea ce arat\u0103 c\u00e2t de meticulos a fost \u00eengrijit\u0103 ma\u0219ina. Aceast\u0103 ma\u0219in\u0103 a fost livrat\u0103 \u00een Belgia.<\/p>\n<p><strong>Exterior \u0219i ro\u021bi<\/strong><\/p>\n<p>Acest exemplar special a fost vopsit \u00een mod profesionist \u00een culoarea original\u0103 gri \u00eenchis, care arat\u0103 perfect \u0219i se potrive\u0219te cu jantele originale \u0219i cu interiorul negru. A\u0219a cum am men\u021bionat \u00een CarVertical, singurul detaliu demn de men\u021bionat este o u\u0219oar\u0103 avarie la bara de protec\u021bie spate, care a fost reparat\u0103, dup\u0103 cum se poate vedea \u00een imagini. Anvelopele Bridgestone, care au specifica\u021bii corecte, dateaz\u0103 din 2018 \u0219i sunt doar pu\u021bin uzate.<\/p>\n<p><strong>Documenta\u021bie<\/strong><\/p>\n<p>Dealerul vinde aceast\u0103 ma\u0219in\u0103 cu documenta\u021bia corespunz\u0103toare \u0219i este situat \u00een Belgia. <a href=\"https:\/\/pistonaddict.com\/wp-content\/uploads\/2024\/03\/CarVertical-Porsche.pdf\">Raportul CarVertical<\/a> este curat, f\u0103r\u0103 probleme de proprietate sau probleme juridice. Exist\u0103 \u00eenregistr\u0103ri privind \u00eentre\u021binerea periodic\u0103 \u0219i chitan\u021be.<\/p>\n","protected":false},"excerpt":{"rendered":"<p>Fiind un echilibru perfect \u00eentre senza\u021bia clasic\u0103 de 911, dimensiunile compacte, \u0219asiul comunicativ \u0219i tehnologia \u0219i caracteristicile moderne, genera\u021bia 997 a fost din ce \u00een ce mai popular\u0103 printre pasiona\u021bii de 911. Acest lucru \u00eenseamn\u0103 c\u0103 acesta este urm\u0103torul lucru important \u00een lumea 911, cu pre\u021buri \u00een cre\u0219tere. S\u0103 presupunem c\u0103 vre\u021bi s\u0103 intra\u021bi \u00een vagonul 997. \u00cen acest caz, nimic nu este mai bun dec\u00e2t o ma\u0219in\u0103 extrem de dorit\u0103, cu un stil de caroserie rar \u0219i cu o transmisie manual\u0103 de dorit, gata s\u0103 fie savurat\u0103 pe deplin.<\/p>\n","protected":false},"featured_media":97682,"comment_status":"open","ping_status":"closed","template":"","meta":{"inline_featured_image":false},"product_cat":[744],"product_tag":[3935,3937,2328,3933,965],"acf":[],"yoast_head":"<!-- This site is optimized with the Yoast SEO plugin v22.5 - https:\/\/yoast.com\/wordpress\/plugins\/seo\/ -->\n<title>Porsche 997 Targa 4S - Piston Addict<\/title>\n<meta name=\"robots\" content=\"index, follow, max-snippet:-1, max-image-preview:large, max-video-preview:-1\" \/>\n<link rel=\"canonical\" href=\"https:\/\/pistonaddict.com\/ro\/product\/porsche-997-targa\/\" \/>\n<meta property=\"og:locale\" content=\"ro_RO\" \/>\n<meta property=\"og:type\" content=\"article\" \/>\n<meta property=\"og:title\" content=\"Porsche 997 Targa 4S - Piston Addict\" \/>\n<meta property=\"og:description\" content=\"Fiind un echilibru perfect \u00eentre senza\u021bia clasic\u0103 de 911, dimensiunile compacte, \u0219asiul comunicativ \u0219i tehnologia \u0219i caracteristicile moderne, genera\u021bia 997 a fost din ce \u00een ce mai popular\u0103 printre pasiona\u021bii de 911. Acest lucru \u00eenseamn\u0103 c\u0103 acesta este urm\u0103torul lucru important \u00een lumea 911, cu pre\u021buri \u00een cre\u0219tere. S\u0103 presupunem c\u0103 vre\u021bi s\u0103 intra\u021bi \u00een vagonul 997. \u00cen acest caz, nimic nu este mai bun dec\u00e2t o ma\u0219in\u0103 extrem de dorit\u0103, cu un stil de caroserie rar \u0219i cu o transmisie manual\u0103 de dorit, gata s\u0103 fie savurat\u0103 pe deplin.\" \/>\n<meta property=\"og:url\" content=\"https:\/\/pistonaddict.com\/ro\/product\/porsche-997-targa\/\" \/>\n<meta property=\"og:site_name\" content=\"Piston Addict\" \/>\n<meta property=\"article:modified_time\" content=\"2024-03-20T14:24:07+00:00\" \/>\n<meta property=\"og:image\" content=\"https:\/\/pistonaddict.com\/wp-content\/uploads\/2024\/03\/1-1-1024x611.png\" \/>\n\t<meta property=\"og:image:width\" content=\"1024\" \/>\n\t<meta property=\"og:image:height\" content=\"611\" \/>\n\t<meta property=\"og:image:type\" content=\"image\/png\" \/>\n<meta name=\"twitter:card\" content=\"summary_large_image\" \/>\n<meta name=\"twitter:label1\" content=\"Timp estimat pentru citire\" \/>\n\t<meta name=\"twitter:data1\" content=\"3 minute\" \/>\n<script type=\"application\/ld+json\" class=\"yoast-schema-graph\">{\"@context\":\"https:\/\/schema.org\",\"@graph\":[{\"@type\":\"WebPage\",\"@id\":\"https:\/\/pistonaddict.com\/ro\/product\/porsche-997-targa\/\",\"url\":\"https:\/\/pistonaddict.com\/ro\/product\/porsche-997-targa\/\",\"name\":\"Porsche 997 Targa 4S - Piston Addict\",\"isPartOf\":{\"@id\":\"https:\/\/pistonaddict.com\/ro\/#website\"},\"primaryImageOfPage\":{\"@id\":\"https:\/\/pistonaddict.com\/ro\/product\/porsche-997-targa\/#primaryimage\"},\"image\":{\"@id\":\"https:\/\/pistonaddict.com\/ro\/product\/porsche-997-targa\/#primaryimage\"},\"thumbnailUrl\":\"https:\/\/pistonaddict.com\/wp-content\/uploads\/2024\/03\/1-1.png\",\"datePublished\":\"2024-03-20T14:15:43+00:00\",\"dateModified\":\"2024-03-20T14:24:07+00:00\",\"breadcrumb\":{\"@id\":\"https:\/\/pistonaddict.com\/ro\/product\/porsche-997-targa\/#breadcrumb\"},\"inLanguage\":\"ro-RO\",\"potentialAction\":[{\"@type\":\"ReadAction\",\"target\":[\"https:\/\/pistonaddict.com\/ro\/product\/porsche-997-targa\/\"]}]},{\"@type\":\"ImageObject\",\"inLanguage\":\"ro-RO\",\"@id\":\"https:\/\/pistonaddict.com\/ro\/product\/porsche-997-targa\/#primaryimage\",\"url\":\"https:\/\/pistonaddict.com\/wp-content\/uploads\/2024\/03\/1-1.png\",\"contentUrl\":\"https:\/\/pistonaddict.com\/wp-content\/uploads\/2024\/03\/1-1.png\",\"width\":2778,\"height\":1657},{\"@type\":\"BreadcrumbList\",\"@id\":\"https:\/\/pistonaddict.com\/ro\/product\/porsche-997-targa\/#breadcrumb\",\"itemListElement\":[{\"@type\":\"ListItem\",\"position\":1,\"name\":\"Pagina principala\",\"item\":\"https:\/\/pistonaddict.com\/ro\/pagina-de-start\/\"},{\"@type\":\"ListItem\",\"position\":2,\"name\":\"Auctions\",\"item\":\"https:\/\/pistonaddict.com\/auctions-listing\/\"},{\"@type\":\"ListItem\",\"position\":3,\"name\":\"Porsche 997 Targa 4S\"}]},{\"@type\":\"WebSite\",\"@id\":\"https:\/\/pistonaddict.com\/ro\/#website\",\"url\":\"https:\/\/pistonaddict.com\/ro\/\",\"name\":\"Piston Addict\",\"description\":\"Only interesting vehicles\",\"publisher\":{\"@id\":\"https:\/\/pistonaddict.com\/ro\/#organization\"},\"potentialAction\":[{\"@type\":\"SearchAction\",\"target\":{\"@type\":\"EntryPoint\",\"urlTemplate\":\"https:\/\/pistonaddict.com\/ro\/?s={search_term_string}\"},\"query-input\":\"required name=search_term_string\"}],\"inLanguage\":\"ro-RO\"},{\"@type\":\"Organization\",\"@id\":\"https:\/\/pistonaddict.com\/ro\/#organization\",\"name\":\"Piston Addict\",\"url\":\"https:\/\/pistonaddict.com\/ro\/\",\"logo\":{\"@type\":\"ImageObject\",\"inLanguage\":\"ro-RO\",\"@id\":\"https:\/\/pistonaddict.com\/ro\/#\/schema\/logo\/image\/\",\"url\":\"https:\/\/pistonaddict.com\/wp-content\/uploads\/2022\/07\/logo-6.png\",\"contentUrl\":\"https:\/\/pistonaddict.com\/wp-content\/uploads\/2022\/07\/logo-6.png\",\"width\":970,\"height\":200,\"caption\":\"Piston Addict\"},\"image\":{\"@id\":\"https:\/\/pistonaddict.com\/ro\/#\/schema\/logo\/image\/\"}}]}<\/script>\n<!-- \/ Yoast SEO plugin. -->","yoast_head_json":{"title":"Porsche 997 Targa 4S - Piston Addict","robots":{"index":"index","follow":"follow","max-snippet":"max-snippet:-1","max-image-preview":"max-image-preview:large","max-video-preview":"max-video-preview:-1"},"canonical":"https:\/\/pistonaddict.com\/ro\/product\/porsche-997-targa\/","og_locale":"ro_RO","og_type":"article","og_title":"Porsche 997 Targa 4S - Piston Addict","og_description":"Fiind un echilibru perfect \u00eentre senza\u021bia clasic\u0103 de 911, dimensiunile compacte, \u0219asiul comunicativ \u0219i tehnologia \u0219i caracteristicile moderne, genera\u021bia 997 a fost din ce \u00een ce mai popular\u0103 printre pasiona\u021bii de 911. Acest lucru \u00eenseamn\u0103 c\u0103 acesta este urm\u0103torul lucru important \u00een lumea 911, cu pre\u021buri \u00een cre\u0219tere. S\u0103 presupunem c\u0103 vre\u021bi s\u0103 intra\u021bi \u00een vagonul 997. \u00cen acest caz, nimic nu este mai bun dec\u00e2t o ma\u0219in\u0103 extrem de dorit\u0103, cu un stil de caroserie rar \u0219i cu o transmisie manual\u0103 de dorit, gata s\u0103 fie savurat\u0103 pe deplin.","og_url":"https:\/\/pistonaddict.com\/ro\/product\/porsche-997-targa\/","og_site_name":"Piston Addict","article_modified_time":"2024-03-20T14:24:07+00:00","og_image":[{"width":1024,"height":611,"url":"https:\/\/pistonaddict.com\/wp-content\/uploads\/2024\/03\/1-1-1024x611.png","type":"image\/png"}],"twitter_card":"summary_large_image","twitter_misc":{"Timp estimat pentru citire":"3 minute"},"schema":{"@context":"https:\/\/schema.org","@graph":[{"@type":"WebPage","@id":"https:\/\/pistonaddict.com\/ro\/product\/porsche-997-targa\/","url":"https:\/\/pistonaddict.com\/ro\/product\/porsche-997-targa\/","name":"Porsche 997 Targa 4S - Piston Addict","isPartOf":{"@id":"https:\/\/pistonaddict.com\/ro\/#website"},"primaryImageOfPage":{"@id":"https:\/\/pistonaddict.com\/ro\/product\/porsche-997-targa\/#primaryimage"},"image":{"@id":"https:\/\/pistonaddict.com\/ro\/product\/porsche-997-targa\/#primaryimage"},"thumbnailUrl":"https:\/\/pistonaddict.com\/wp-content\/uploads\/2024\/03\/1-1.png","datePublished":"2024-03-20T14:15:43+00:00","dateModified":"2024-03-20T14:24:07+00:00","breadcrumb":{"@id":"https:\/\/pistonaddict.com\/ro\/product\/porsche-997-targa\/#breadcrumb"},"inLanguage":"ro-RO","potentialAction":[{"@type":"ReadAction","target":["https:\/\/pistonaddict.com\/ro\/product\/porsche-997-targa\/"]}]},{"@type":"ImageObject","inLanguage":"ro-RO","@id":"https:\/\/pistonaddict.com\/ro\/product\/porsche-997-targa\/#primaryimage","url":"https:\/\/pistonaddict.com\/wp-content\/uploads\/2024\/03\/1-1.png","contentUrl":"https:\/\/pistonaddict.com\/wp-content\/uploads\/2024\/03\/1-1.png","width":2778,"height":1657},{"@type":"BreadcrumbList","@id":"https:\/\/pistonaddict.com\/ro\/product\/porsche-997-targa\/#breadcrumb","itemListElement":[{"@type":"ListItem","position":1,"name":"Pagina principala","item":"https:\/\/pistonaddict.com\/ro\/pagina-de-start\/"},{"@type":"ListItem","position":2,"name":"Auctions","item":"https:\/\/pistonaddict.com\/auctions-listing\/"},{"@type":"ListItem","position":3,"name":"Porsche 997 Targa 4S"}]},{"@type":"WebSite","@id":"https:\/\/pistonaddict.com\/ro\/#website","url":"https:\/\/pistonaddict.com\/ro\/","name":"Piston Addict","description":"Only interesting vehicles","publisher":{"@id":"https:\/\/pistonaddict.com\/ro\/#organization"},"potentialAction":[{"@type":"SearchAction","target":{"@type":"EntryPoint","urlTemplate":"https:\/\/pistonaddict.com\/ro\/?s={search_term_string}"},"query-input":"required name=search_term_string"}],"inLanguage":"ro-RO"},{"@type":"Organization","@id":"https:\/\/pistonaddict.com\/ro\/#organization","name":"Piston Addict","url":"https:\/\/pistonaddict.com\/ro\/","logo":{"@type":"ImageObject","inLanguage":"ro-RO","@id":"https:\/\/pistonaddict.com\/ro\/#\/schema\/logo\/image\/","url":"https:\/\/pistonaddict.com\/wp-content\/uploads\/2022\/07\/logo-6.png","contentUrl":"https:\/\/pistonaddict.com\/wp-content\/uploads\/2022\/07\/logo-6.png","width":970,"height":200,"caption":"Piston Addict"},"image":{"@id":"https:\/\/pistonaddict.com\/ro\/#\/schema\/logo\/image\/"}}]}},"_links":{"self":[{"href":"https:\/\/pistonaddict.com\/ro\/wp-json\/wp\/v2\/product\/98268"}],"collection":[{"href":"https:\/\/pistonaddict.com\/ro\/wp-json\/wp\/v2\/product"}],"about":[{"href":"https:\/\/pistonaddict.com\/ro\/wp-json\/wp\/v2\/types\/product"}],"replies":[{"embeddable":true,"href":"https:\/\/pistonaddict.com\/ro\/wp-json\/wp\/v2\/comments?post=98268"}],"wp:featuredmedia":[{"embeddable":true,"href":"https:\/\/pistonaddict.com\/ro\/wp-json\/wp\/v2\/media\/97682"}],"wp:attachment":[{"href":"https:\/\/pistonaddict.com\/ro\/wp-json\/wp\/v2\/media?parent=98268"}],"wp:term":[{"taxonomy":"product_cat","embeddable":true,"href":"https:\/\/pistonaddict.com\/ro\/wp-json\/wp\/v2\/product_cat?post=98268"},{"taxonomy":"product_tag","embeddable":true,"href":"https:\/\/pistonaddict.com\/ro\/wp-json\/wp\/v2\/product_tag?post=98268"}],"curies":[{"name":"wp","href":"https:\/\/api.w.org\/{rel}","templated":true}]}}