{"id":97455,"date":"2024-03-15T18:51:57","date_gmt":"2024-03-15T17:51:57","guid":{"rendered":"https:\/\/pistonaddict.com\/product\/bmw-m4-competition\/"},"modified":"2024-03-20T14:16:45","modified_gmt":"2024-03-20T13:16:45","slug":"bmw-m4-competitie","status":"publish","type":"product","link":"https:\/\/pistonaddict.com\/ro\/product\/bmw-m4-competitie\/","title":{"rendered":"BMW M4 Competition"},"content":{"rendered":"<h2>Exterior<\/h2>\n<p>S\u0103 \u00eencepem cu culoarea ma\u0219inii &#8211; a o numi maro ar fi nedrept, cel pu\u021bin ca s\u0103 spunem a\u0219a. BMW a numit-o Sepang Bronze \u0219i, pentru a o aprecia pe deplin, trebuie s\u0103 vede\u021bi ma\u0219ina la soare. Dar cea mai izbitoare caracteristic\u0103 a modelului M4 este acoperi\u0219ul s\u0103u pliabil din fibr\u0103 de carbon, care \u00eel face at\u00e2t u\u0219or, c\u00e2t \u0219i robust. Datorit\u0103 acestuia, acest BMW se poate transforma dintr-un automobil sport de tip coupe \u00eentr-un automobil elegant de ora\u0219, printr-o simpl\u0103 ap\u0103sare de buton.<\/p>\n<p>Alte detalii notabile includ faruri cu xenon \u00een partea frontal\u0103, jante de 19 inch cu anvelope Michelin Pilot Sport \u00een lateral \u0219i evacu\u0103ri duble \u00een spate. \u0218i ca orice alt M4, aceast\u0103 ma\u0219in\u0103 are bare de protec\u021bie agresive, guri de aerisire \u00een aripi \u0219i o capot\u0103 cu o umfl\u0103tur\u0103 \u00een mijloc.<\/p>\n<h2>Interior<\/h2>\n<p>La interior, primul lucru care atrage aten\u021bia sunt scaunele, care sunt tapi\u021bate \u00een piele moale de culoare maro cu cus\u0103turi albe. Dar, pe l\u00e2ng\u0103 faptul c\u0103 sunt sportive \u0219i de sus\u021binere, a\u0219a cum sugereaz\u0103 aspectul lor, sunt \u0219i foarte confortabile. Odat\u0103 a\u0219ezat pe scaun, v\u0103 ve\u021bi afla \u00een spatele volanului cu trei spi\u021be caracteristic BMW \u0219i a unui tablou de bord cu un aranjament simplu al indicatoarelor. Acesta include un vitezometru care se termin\u0103 la 330 km\/h, un turometru care ajunge p\u00e2n\u0103 la 8000 RPM \u0219i indicatoare pentru nivelul de combustibil \u0219i temperatura motorului. Iar dac\u0103 nu dori\u021bi s\u0103 v\u0103 uita\u021bi \u00een jos \u00een timpul virajelor dure, exist\u0103 un Head-Up Display care afi\u0219eaz\u0103 toate informa\u021biile vitale pe parbriz.<\/p>\n<h2>Mecanic\u0103<\/h2>\n<p>L\u0103s\u00e2nd la o parte aspectul uimitor, fiecare BMW trebuie s\u0103 fie o ma\u0219in\u0103 de condus suprem\u0103. Iar acest M4 are mai mul\u021bi a\u0219i \u00een m\u00e2nec\u0103 care \u00eel ajut\u0103 s\u0103 se ridice la \u00een\u0103l\u021bimea acestor a\u0219tept\u0103ri. Pentru \u00eenceput, sub capot\u0103 se afl\u0103 un spectaculos motor cu \u0219ase cilindri \u00een linie twin-turbo, care dezvolt\u0103 o putere lini\u0219titoare de 450 de cai putere. Puterea ajunge la ro\u021bile din spate prin intermediul unei transmisii cu dublu ambreiaj cu 7 trepte \u0219i a unui diferen\u021bial cu alunecare limitat\u0103 controlat electronic.<\/p>\n<p>Cu toat\u0103 aceast\u0103 putere \u0219i tehnologie, M4 va atinge cu u\u0219urin\u021b\u0103 100 km\/h \u00een aproximativ 4 secunde \u0219i va accelera p\u00e2n\u0103 la 250 km\/h. \u0218i probabil c\u0103 ar merge mult mai repede dac\u0103 nu ar fi fost limitatorul electronic. \u00cen cele din urm\u0103, pentru a \u021bine totul sub control la vitez\u0103, ma\u0219ina este dotat\u0103 cu suspensii \u00eent\u0103rite \u0219i fr\u00e2ne enorme.<\/p>\n<h2>Istoricul vehiculului<\/h2>\n<p>Vom \u00eencheia cu c\u00e2teva cuvinte despre starea actual\u0103 a BMW M4, pe care v\u00e2nz\u0103torul o descrie ca fiind imaculat\u0103. \u0218i, judec\u00e2nd dup\u0103 fotografii \u0219i dup\u0103 filmul video furnizat, este cu siguran\u021b\u0103 a\u0219a, f\u0103r\u0103 a fi semnalate daune vizibile. Ma\u0219ina a fost revizuit\u0103 \u0219i inspectat\u0103 periodic de c\u0103tre un dealer autorizat BMW, ultimul service fiind efectuat \u00een iunie 2022.<\/p>\n<p>V\u00e2nz\u0103torul spune c\u0103 ma\u0219ina, care se afl\u0103 \u00een prezent \u00een Belgia, nu a fost folosit\u0103 pe circuit \u0219i nici nu a fost implicat\u0103 \u00een vreun accident, iar <a href=\"https:\/\/pistonaddict.com\/wp-content\/uploads\/2024\/03\/CarVerticalBMWM4.pdf\">raportul CarVertical Vehicle History Report<\/a> confirm\u0103 acest lucru.<\/p>\n<p><strong>Vezi videoclipul de pornire la rece al acestui minunat<\/strong> <strong>BMW M4 Competition<\/strong>:<\/p>\n<p><iframe title=\"Cold Start Video of the BMW M4 Competition\" width=\"1200\" height=\"675\" src=\"https:\/\/www.youtube.com\/embed\/-weepN3iz9c?feature=oembed\" frameborder=\"0\" allow=\"accelerometer; autoplay; clipboard-write; encrypted-media; gyroscope; picture-in-picture; web-share\" allowfullscreen><\/iframe><\/p>\n","protected":false},"excerpt":{"rendered":"<p>Dac\u0103 sunte\u021bi \u00een c\u0103utarea a ceva care s\u0103 se deplaseze pe circuit \u00eentr-un ritm de record, atunci ave\u021bi nevoie de o ma\u0219in\u0103 sport. Pe de alt\u0103 parte, dac\u0103 prefera\u021bi o croazier\u0103 confortabil\u0103 pe bulevard \u00eentr-o zi \u00eensorit\u0103, o decapotabil\u0103 elegant\u0103 ar fi cea mai bun\u0103 op\u021biune. Dar dac\u0103 dori\u021bi ceva care s\u0103 le fac\u0103 pe am\u00e2ndou\u0103, atunci cu siguran\u021b\u0103 v\u0103 va pl\u0103cea acest BMW M4 Competition pe care \u00eel avem la licita\u021bie. Este \u00een stare perfect\u0103, are un singur proprietar anterior \u0219i are 74.000 km pe ceas.<\/p>\n","protected":false},"featured_media":96751,"comment_status":"open","ping_status":"closed","template":"","meta":{"inline_featured_image":false},"product_cat":[744],"product_tag":[3155,3128,3127,934],"acf":[],"yoast_head":"<!-- This site is optimized with the Yoast SEO plugin v22.5 - https:\/\/yoast.com\/wordpress\/plugins\/seo\/ -->\n<title>BMW M4 Competition - Piston Addict<\/title>\n<meta name=\"robots\" content=\"index, follow, max-snippet:-1, max-image-preview:large, max-video-preview:-1\" \/>\n<link rel=\"canonical\" href=\"https:\/\/pistonaddict.com\/ro\/product\/bmw-m4-competitie\/\" \/>\n<meta property=\"og:locale\" content=\"ro_RO\" \/>\n<meta property=\"og:type\" content=\"article\" \/>\n<meta property=\"og:title\" content=\"BMW M4 Competition - Piston Addict\" \/>\n<meta property=\"og:description\" content=\"Dac\u0103 sunte\u021bi \u00een c\u0103utarea a ceva care s\u0103 se deplaseze pe circuit \u00eentr-un ritm de record, atunci ave\u021bi nevoie de o ma\u0219in\u0103 sport. Pe de alt\u0103 parte, dac\u0103 prefera\u021bi o croazier\u0103 confortabil\u0103 pe bulevard \u00eentr-o zi \u00eensorit\u0103, o decapotabil\u0103 elegant\u0103 ar fi cea mai bun\u0103 op\u021biune. Dar dac\u0103 dori\u021bi ceva care s\u0103 le fac\u0103 pe am\u00e2ndou\u0103, atunci cu siguran\u021b\u0103 v\u0103 va pl\u0103cea acest BMW M4 Competition pe care \u00eel avem la licita\u021bie. Este \u00een stare perfect\u0103, are un singur proprietar anterior \u0219i are 74.000 km pe ceas.\" \/>\n<meta property=\"og:url\" content=\"https:\/\/pistonaddict.com\/ro\/product\/bmw-m4-competitie\/\" \/>\n<meta property=\"og:site_name\" content=\"Piston Addict\" \/>\n<meta property=\"article:modified_time\" content=\"2024-03-20T13:16:45+00:00\" \/>\n<meta property=\"og:image\" content=\"https:\/\/pistonaddict.com\/wp-content\/uploads\/2024\/03\/1-1024x612.png\" \/>\n\t<meta property=\"og:image:width\" content=\"1024\" \/>\n\t<meta property=\"og:image:height\" content=\"612\" \/>\n\t<meta property=\"og:image:type\" content=\"image\/png\" \/>\n<meta name=\"twitter:card\" content=\"summary_large_image\" \/>\n<meta name=\"twitter:label1\" content=\"Timp estimat pentru citire\" \/>\n\t<meta name=\"twitter:data1\" content=\"3 minute\" \/>\n<script type=\"application\/ld+json\" class=\"yoast-schema-graph\">{\"@context\":\"https:\/\/schema.org\",\"@graph\":[{\"@type\":\"WebPage\",\"@id\":\"https:\/\/pistonaddict.com\/ro\/product\/bmw-m4-competitie\/\",\"url\":\"https:\/\/pistonaddict.com\/ro\/product\/bmw-m4-competitie\/\",\"name\":\"BMW M4 Competition - Piston Addict\",\"isPartOf\":{\"@id\":\"https:\/\/pistonaddict.com\/ro\/#website\"},\"primaryImageOfPage\":{\"@id\":\"https:\/\/pistonaddict.com\/ro\/product\/bmw-m4-competitie\/#primaryimage\"},\"image\":{\"@id\":\"https:\/\/pistonaddict.com\/ro\/product\/bmw-m4-competitie\/#primaryimage\"},\"thumbnailUrl\":\"https:\/\/pistonaddict.com\/wp-content\/uploads\/2024\/03\/1.png\",\"datePublished\":\"2024-03-15T17:51:57+00:00\",\"dateModified\":\"2024-03-20T13:16:45+00:00\",\"breadcrumb\":{\"@id\":\"https:\/\/pistonaddict.com\/ro\/product\/bmw-m4-competitie\/#breadcrumb\"},\"inLanguage\":\"ro-RO\",\"potentialAction\":[{\"@type\":\"ReadAction\",\"target\":[\"https:\/\/pistonaddict.com\/ro\/product\/bmw-m4-competitie\/\"]}]},{\"@type\":\"ImageObject\",\"inLanguage\":\"ro-RO\",\"@id\":\"https:\/\/pistonaddict.com\/ro\/product\/bmw-m4-competitie\/#primaryimage\",\"url\":\"https:\/\/pistonaddict.com\/wp-content\/uploads\/2024\/03\/1.png\",\"contentUrl\":\"https:\/\/pistonaddict.com\/wp-content\/uploads\/2024\/03\/1.png\",\"width\":2778,\"height\":1660},{\"@type\":\"BreadcrumbList\",\"@id\":\"https:\/\/pistonaddict.com\/ro\/product\/bmw-m4-competitie\/#breadcrumb\",\"itemListElement\":[{\"@type\":\"ListItem\",\"position\":1,\"name\":\"Pagina principala\",\"item\":\"https:\/\/pistonaddict.com\/ro\/pagina-de-start\/\"},{\"@type\":\"ListItem\",\"position\":2,\"name\":\"Auctions\",\"item\":\"https:\/\/pistonaddict.com\/auctions-listing\/\"},{\"@type\":\"ListItem\",\"position\":3,\"name\":\"BMW M4 Competition\"}]},{\"@type\":\"WebSite\",\"@id\":\"https:\/\/pistonaddict.com\/ro\/#website\",\"url\":\"https:\/\/pistonaddict.com\/ro\/\",\"name\":\"Piston Addict\",\"description\":\"Only interesting vehicles\",\"publisher\":{\"@id\":\"https:\/\/pistonaddict.com\/ro\/#organization\"},\"potentialAction\":[{\"@type\":\"SearchAction\",\"target\":{\"@type\":\"EntryPoint\",\"urlTemplate\":\"https:\/\/pistonaddict.com\/ro\/?s={search_term_string}\"},\"query-input\":\"required name=search_term_string\"}],\"inLanguage\":\"ro-RO\"},{\"@type\":\"Organization\",\"@id\":\"https:\/\/pistonaddict.com\/ro\/#organization\",\"name\":\"Piston Addict\",\"url\":\"https:\/\/pistonaddict.com\/ro\/\",\"logo\":{\"@type\":\"ImageObject\",\"inLanguage\":\"ro-RO\",\"@id\":\"https:\/\/pistonaddict.com\/ro\/#\/schema\/logo\/image\/\",\"url\":\"https:\/\/pistonaddict.com\/wp-content\/uploads\/2022\/07\/logo-6.png\",\"contentUrl\":\"https:\/\/pistonaddict.com\/wp-content\/uploads\/2022\/07\/logo-6.png\",\"width\":970,\"height\":200,\"caption\":\"Piston Addict\"},\"image\":{\"@id\":\"https:\/\/pistonaddict.com\/ro\/#\/schema\/logo\/image\/\"}}]}<\/script>\n<!-- \/ Yoast SEO plugin. -->","yoast_head_json":{"title":"BMW M4 Competition - Piston Addict","robots":{"index":"index","follow":"follow","max-snippet":"max-snippet:-1","max-image-preview":"max-image-preview:large","max-video-preview":"max-video-preview:-1"},"canonical":"https:\/\/pistonaddict.com\/ro\/product\/bmw-m4-competitie\/","og_locale":"ro_RO","og_type":"article","og_title":"BMW M4 Competition - Piston Addict","og_description":"Dac\u0103 sunte\u021bi \u00een c\u0103utarea a ceva care s\u0103 se deplaseze pe circuit \u00eentr-un ritm de record, atunci ave\u021bi nevoie de o ma\u0219in\u0103 sport. Pe de alt\u0103 parte, dac\u0103 prefera\u021bi o croazier\u0103 confortabil\u0103 pe bulevard \u00eentr-o zi \u00eensorit\u0103, o decapotabil\u0103 elegant\u0103 ar fi cea mai bun\u0103 op\u021biune. Dar dac\u0103 dori\u021bi ceva care s\u0103 le fac\u0103 pe am\u00e2ndou\u0103, atunci cu siguran\u021b\u0103 v\u0103 va pl\u0103cea acest BMW M4 Competition pe care \u00eel avem la licita\u021bie. Este \u00een stare perfect\u0103, are un singur proprietar anterior \u0219i are 74.000 km pe ceas.","og_url":"https:\/\/pistonaddict.com\/ro\/product\/bmw-m4-competitie\/","og_site_name":"Piston Addict","article_modified_time":"2024-03-20T13:16:45+00:00","og_image":[{"width":1024,"height":612,"url":"https:\/\/pistonaddict.com\/wp-content\/uploads\/2024\/03\/1-1024x612.png","type":"image\/png"}],"twitter_card":"summary_large_image","twitter_misc":{"Timp estimat pentru citire":"3 minute"},"schema":{"@context":"https:\/\/schema.org","@graph":[{"@type":"WebPage","@id":"https:\/\/pistonaddict.com\/ro\/product\/bmw-m4-competitie\/","url":"https:\/\/pistonaddict.com\/ro\/product\/bmw-m4-competitie\/","name":"BMW M4 Competition - Piston Addict","isPartOf":{"@id":"https:\/\/pistonaddict.com\/ro\/#website"},"primaryImageOfPage":{"@id":"https:\/\/pistonaddict.com\/ro\/product\/bmw-m4-competitie\/#primaryimage"},"image":{"@id":"https:\/\/pistonaddict.com\/ro\/product\/bmw-m4-competitie\/#primaryimage"},"thumbnailUrl":"https:\/\/pistonaddict.com\/wp-content\/uploads\/2024\/03\/1.png","datePublished":"2024-03-15T17:51:57+00:00","dateModified":"2024-03-20T13:16:45+00:00","breadcrumb":{"@id":"https:\/\/pistonaddict.com\/ro\/product\/bmw-m4-competitie\/#breadcrumb"},"inLanguage":"ro-RO","potentialAction":[{"@type":"ReadAction","target":["https:\/\/pistonaddict.com\/ro\/product\/bmw-m4-competitie\/"]}]},{"@type":"ImageObject","inLanguage":"ro-RO","@id":"https:\/\/pistonaddict.com\/ro\/product\/bmw-m4-competitie\/#primaryimage","url":"https:\/\/pistonaddict.com\/wp-content\/uploads\/2024\/03\/1.png","contentUrl":"https:\/\/pistonaddict.com\/wp-content\/uploads\/2024\/03\/1.png","width":2778,"height":1660},{"@type":"BreadcrumbList","@id":"https:\/\/pistonaddict.com\/ro\/product\/bmw-m4-competitie\/#breadcrumb","itemListElement":[{"@type":"ListItem","position":1,"name":"Pagina principala","item":"https:\/\/pistonaddict.com\/ro\/pagina-de-start\/"},{"@type":"ListItem","position":2,"name":"Auctions","item":"https:\/\/pistonaddict.com\/auctions-listing\/"},{"@type":"ListItem","position":3,"name":"BMW M4 Competition"}]},{"@type":"WebSite","@id":"https:\/\/pistonaddict.com\/ro\/#website","url":"https:\/\/pistonaddict.com\/ro\/","name":"Piston Addict","description":"Only interesting vehicles","publisher":{"@id":"https:\/\/pistonaddict.com\/ro\/#organization"},"potentialAction":[{"@type":"SearchAction","target":{"@type":"EntryPoint","urlTemplate":"https:\/\/pistonaddict.com\/ro\/?s={search_term_string}"},"query-input":"required name=search_term_string"}],"inLanguage":"ro-RO"},{"@type":"Organization","@id":"https:\/\/pistonaddict.com\/ro\/#organization","name":"Piston Addict","url":"https:\/\/pistonaddict.com\/ro\/","logo":{"@type":"ImageObject","inLanguage":"ro-RO","@id":"https:\/\/pistonaddict.com\/ro\/#\/schema\/logo\/image\/","url":"https:\/\/pistonaddict.com\/wp-content\/uploads\/2022\/07\/logo-6.png","contentUrl":"https:\/\/pistonaddict.com\/wp-content\/uploads\/2022\/07\/logo-6.png","width":970,"height":200,"caption":"Piston Addict"},"image":{"@id":"https:\/\/pistonaddict.com\/ro\/#\/schema\/logo\/image\/"}}]}},"_links":{"self":[{"href":"https:\/\/pistonaddict.com\/ro\/wp-json\/wp\/v2\/product\/97455"}],"collection":[{"href":"https:\/\/pistonaddict.com\/ro\/wp-json\/wp\/v2\/product"}],"about":[{"href":"https:\/\/pistonaddict.com\/ro\/wp-json\/wp\/v2\/types\/product"}],"replies":[{"embeddable":true,"href":"https:\/\/pistonaddict.com\/ro\/wp-json\/wp\/v2\/comments?post=97455"}],"wp:featuredmedia":[{"embeddable":true,"href":"https:\/\/pistonaddict.com\/ro\/wp-json\/wp\/v2\/media\/96751"}],"wp:attachment":[{"href":"https:\/\/pistonaddict.com\/ro\/wp-json\/wp\/v2\/media?parent=97455"}],"wp:term":[{"taxonomy":"product_cat","embeddable":true,"href":"https:\/\/pistonaddict.com\/ro\/wp-json\/wp\/v2\/product_cat?post=97455"},{"taxonomy":"product_tag","embeddable":true,"href":"https:\/\/pistonaddict.com\/ro\/wp-json\/wp\/v2\/product_tag?post=97455"}],"curies":[{"name":"wp","href":"https:\/\/api.w.org\/{rel}","templated":true}]}}