{"id":96720,"date":"2024-03-15T17:17:18","date_gmt":"2024-03-15T16:17:18","guid":{"rendered":"https:\/\/pistonaddict.com\/product\/amg-sls-roadster\/"},"modified":"2024-03-19T16:40:29","modified_gmt":"2024-03-19T15:40:29","slug":"amg-sls-roadster","status":"publish","type":"product","link":"https:\/\/pistonaddict.com\/ro\/product\/amg-sls-roadster\/","title":{"rendered":"AMG SLS Roadster"},"content":{"rendered":"<p><strong>Istoria ma\u0219inii<\/strong><\/p>\n<p>Lumea auto a fost uimit\u0103 c\u00e2nd Mercedes a prezentat \u00een 2010 iconicul SLS AMG. Clasic\u0103 \u00een abordarea sa, dar cu totul modern\u0103 \u00een execu\u021bie, aceasta a fost o ma\u0219in\u0103 sport de ras\u0103 care s-a inspirat \u00een mod clar din trecutul glorios al m\u0103rcii \u0219i din legendarul 300 SL Gullwing. De\u0219i Mercedes a privit spre trecut atunci c\u00e2nd l-a proiectat, compania a \u021bintit spre viitor cu o construc\u021bie modern\u0103 a \u0219asiului, a dot\u0103rilor interioare, a confortului \u0219i a trenului de rulare. Sub aceast\u0103 capot\u0103 lung\u0103 se afla un V8 de 6,2 litri (nume de cod M156), care livra 571 de cai putere aspira\u021bi natural, trimi\u0219i la ro\u021bile din spate prin intermediul unei transmisii competente cu dublu ambreiaj \u0219i 7 trepte. Rezultatul a fost o ma\u0219in\u0103 care arat\u0103 uimitor \u0219i este \u00een acela\u0219i timp supercar rapid\u0103. Cu un timp de la 0 la 100 km\/h de doar 3,8 secunde \u0219i o vitez\u0103 maxim\u0103 de peste 310 km\/h, pute\u021bi vedea de ce Mercedes SLS AMG se num\u0103r\u0103 printre cele mai rapide ma\u0219ini din epoca sa.<\/p>\n<p>Interesant este faptul c\u0103 produc\u021bia acestei ma\u0219ini incredibile a fost relativ scurt\u0103, modelul fiind oprit \u00een 2014. Unii spun c\u0103 Mercedes a f\u0103cut acest lucru \u00een mod deliberat pentru a asigura exclusivitatea \u0219i raritatea celui mai bun automobil sport modern al s\u0103u. Aceste zvonuri ar putea fi adev\u0103rate, deoarece compania nu a dezv\u0103luit niciodat\u0103 \u00een mod oficial cifrele exacte de produc\u021bie. Conform estim\u0103rilor estimative, au fost livrate aproximativ 8.000 de coupe-uri \u0219i aproximativ 4.000 de roadstere. Aceast\u0103 ma\u0219in\u0103 este unul dintre cele 4.000 de exemplare, ceea ce o face \u0219i mai exclusivist\u0103 \u0219i mai mitic\u0103.<\/p>\n<p><strong>Interior<\/strong><\/p>\n<p>Finisat \u00een piele neagr\u0103, cu un tablou de bord din piele, interiorul acestui SLS AMG Roadster este \u00een stare perfect\u0103, f\u0103r\u0103 semne de utilizare. Scaunele \u0219i pl\u0103cu\u021bele de u\u0219\u0103 sunt nemarcate; toate func\u021biile func\u021bioneaz\u0103 \u00eempreun\u0103 cu sistemul de naviga\u021bie, sistemul audio premium \u0219i scaunele sport \u00eenc\u0103lzite \u0219i controlate electric. Acoperi\u0219ul decapotabil este \u00een stare ca nou \u0219i se deschide \u0219i se \u00eenchide perfect.<\/p>\n<p><strong>Stare<\/strong><\/p>\n<p>Suntem \u00eentotdeauna \u00eenc\u00e2nta\u021bi s\u0103 oferim vehicule care sunt \u00een stare ca nou, iar acest Mercedes SLS AMG Roadster 2012 este unul dintre ele. Cu doar 19.000 de kilometri din nou, acest vehicul a fost foarte pu\u021bin folosit \u00een m\u00e2inile primului \u0219i singurului s\u0103u proprietar \u0219i a avut o medie de mai pu\u021bin de 2000 km pe an. \u00censeamn\u0103 c\u0103 este \u00een form\u0103 maxim\u0103 din punct de vedere mecanic \u0219i estetic \u0219i este \u00een \u00eentregime original din fabric\u0103. Ultima revizie major\u0103 a fost efectuat\u0103 \u00een 2018, iar fr\u00e2nele au fost revizuite recent, \u00een martie 2024. Ma\u0219ina a fost \u00eengrijit\u0103 meticulos de un dealer Mercedes.<\/p>\n<p><strong>Exterior \u0219i ro\u021bi<\/strong><\/p>\n<p>Cu at\u00e2t de pu\u021bini kilometri parcur\u0219i \u0219i o \u00eengrijire obsesiv\u0103, nu este surprinz\u0103tor faptul c\u0103 caroseria este ca nou\u0103, f\u0103r\u0103 zg\u00e2rieturi sau lovituri. Finisat \u00eentr-o nuan\u021b\u0103 argintie clasic\u0103 Mercedes (care aminte\u0219te de ma\u0219inile de curse Silver Arrow), arat\u0103 uimitor cu un interior negru contrastant. Jantele originale de 19 inch sunt prezente, \u00eembr\u0103cate \u00een cauciuc de performan\u021b\u0103 Continental ContiSport Contact (DOT 2017) cu un grad de utilizare de aproximativ 50%.<\/p>\n<p><strong>Documenta\u021bie<\/strong><\/p>\n<p>Dealerul vinde acest vehicul \u00een numele proprietarului original, cu documente corespunz\u0103toare, situat \u00een Belgia. <a href=\"https:\/\/pistonaddict.com\/wp-content\/uploads\/2024\/03\/CarVerticalAMG.pdf\">Raportul CarVertical<\/a> este curat, f\u0103r\u0103 dovezi de accidente, repara\u021bii \u00een caz de accident, proprietate sau probleme legale. Exist\u0103 \u00eenregistr\u0103ri privind \u00eentre\u021binerea periodic\u0103 \u0219i chitan\u021be.<\/p>\n<p><strong>Vezi videoclipul de pornire la rece al acestui uimitor AMG SLS Roadster :<\/strong><\/p>\n<p><iframe title=\"Cold Start Video of the AMG SLS Roadster\" width=\"1200\" height=\"675\" src=\"https:\/\/www.youtube.com\/embed\/vjLjXYVelXI?feature=oembed\" frameborder=\"0\" allow=\"accelerometer; autoplay; clipboard-write; encrypted-media; gyroscope; picture-in-picture; web-share\" allowfullscreen><\/iframe><\/p>\n","protected":false},"excerpt":{"rendered":"<p>C\u00e2nd te ui\u021bi la clasicele moderne din Stuttgart, nimic nu se apropie de Mercedes SLS AMG. Cu designul s\u0103u retro-futurist, puternicul V8 de 6,2 litri \u00een fa\u021b\u0103 \u0219i performan\u021bele sale sublime, SLS este cea mai c\u0103utat\u0103 ma\u0219in\u0103 sport de la Mercedes de la originalul din anii 1950 care a dat startul acestei linii. Exquisit \u00een toate aspectele, SLS este o ma\u0219in\u0103 care rareori este pus\u0103 \u00een v\u00e2nzare, ceea ce face ca acest exemplar cu kilometraj redus, cu un singur proprietar \u0219i practic nou, s\u0103 fie mai rar \u0219i chiar mai unic.<\/p>\n","protected":false},"featured_media":96002,"comment_status":"open","ping_status":"closed","template":"","meta":{"inline_featured_image":false},"product_cat":[744],"product_tag":[3068,2776,3066,934],"acf":[],"yoast_head":"<!-- This site is optimized with the Yoast SEO plugin v22.5 - https:\/\/yoast.com\/wordpress\/plugins\/seo\/ -->\n<title>AMG SLS Roadster - Piston Addict<\/title>\n<meta name=\"robots\" content=\"index, follow, max-snippet:-1, max-image-preview:large, max-video-preview:-1\" \/>\n<link rel=\"canonical\" href=\"https:\/\/pistonaddict.com\/ro\/product\/amg-sls-roadster\/\" \/>\n<meta property=\"og:locale\" content=\"ro_RO\" \/>\n<meta property=\"og:type\" content=\"article\" \/>\n<meta property=\"og:title\" content=\"AMG SLS Roadster - Piston Addict\" \/>\n<meta property=\"og:description\" content=\"C\u00e2nd te ui\u021bi la clasicele moderne din Stuttgart, nimic nu se apropie de Mercedes SLS AMG. Cu designul s\u0103u retro-futurist, puternicul V8 de 6,2 litri \u00een fa\u021b\u0103 \u0219i performan\u021bele sale sublime, SLS este cea mai c\u0103utat\u0103 ma\u0219in\u0103 sport de la Mercedes de la originalul din anii 1950 care a dat startul acestei linii. Exquisit \u00een toate aspectele, SLS este o ma\u0219in\u0103 care rareori este pus\u0103 \u00een v\u00e2nzare, ceea ce face ca acest exemplar cu kilometraj redus, cu un singur proprietar \u0219i practic nou, s\u0103 fie mai rar \u0219i chiar mai unic.\" \/>\n<meta property=\"og:url\" content=\"https:\/\/pistonaddict.com\/ro\/product\/amg-sls-roadster\/\" \/>\n<meta property=\"og:site_name\" content=\"Piston Addict\" \/>\n<meta property=\"article:modified_time\" content=\"2024-03-19T15:40:29+00:00\" \/>\n<meta property=\"og:image\" content=\"https:\/\/pistonaddict.com\/wp-content\/uploads\/2024\/03\/1-scaled.jpg\" \/>\n\t<meta property=\"og:image:width\" content=\"2560\" \/>\n\t<meta property=\"og:image:height\" content=\"1527\" \/>\n\t<meta property=\"og:image:type\" content=\"image\/jpeg\" \/>\n<meta name=\"twitter:card\" content=\"summary_large_image\" \/>\n<meta name=\"twitter:label1\" content=\"Timp estimat pentru citire\" \/>\n\t<meta name=\"twitter:data1\" content=\"3 minute\" \/>\n<script type=\"application\/ld+json\" class=\"yoast-schema-graph\">{\"@context\":\"https:\/\/schema.org\",\"@graph\":[{\"@type\":\"WebPage\",\"@id\":\"https:\/\/pistonaddict.com\/ro\/product\/amg-sls-roadster\/\",\"url\":\"https:\/\/pistonaddict.com\/ro\/product\/amg-sls-roadster\/\",\"name\":\"AMG SLS Roadster - Piston Addict\",\"isPartOf\":{\"@id\":\"https:\/\/pistonaddict.com\/ro\/#website\"},\"primaryImageOfPage\":{\"@id\":\"https:\/\/pistonaddict.com\/ro\/product\/amg-sls-roadster\/#primaryimage\"},\"image\":{\"@id\":\"https:\/\/pistonaddict.com\/ro\/product\/amg-sls-roadster\/#primaryimage\"},\"thumbnailUrl\":\"https:\/\/pistonaddict.com\/wp-content\/uploads\/2024\/03\/1-scaled.jpg\",\"datePublished\":\"2024-03-15T16:17:18+00:00\",\"dateModified\":\"2024-03-19T15:40:29+00:00\",\"breadcrumb\":{\"@id\":\"https:\/\/pistonaddict.com\/ro\/product\/amg-sls-roadster\/#breadcrumb\"},\"inLanguage\":\"ro-RO\",\"potentialAction\":[{\"@type\":\"ReadAction\",\"target\":[\"https:\/\/pistonaddict.com\/ro\/product\/amg-sls-roadster\/\"]}]},{\"@type\":\"ImageObject\",\"inLanguage\":\"ro-RO\",\"@id\":\"https:\/\/pistonaddict.com\/ro\/product\/amg-sls-roadster\/#primaryimage\",\"url\":\"https:\/\/pistonaddict.com\/wp-content\/uploads\/2024\/03\/1-scaled.jpg\",\"contentUrl\":\"https:\/\/pistonaddict.com\/wp-content\/uploads\/2024\/03\/1-scaled.jpg\",\"width\":2560,\"height\":1527},{\"@type\":\"BreadcrumbList\",\"@id\":\"https:\/\/pistonaddict.com\/ro\/product\/amg-sls-roadster\/#breadcrumb\",\"itemListElement\":[{\"@type\":\"ListItem\",\"position\":1,\"name\":\"Pagina principala\",\"item\":\"https:\/\/pistonaddict.com\/ro\/pagina-de-start\/\"},{\"@type\":\"ListItem\",\"position\":2,\"name\":\"Auctions\",\"item\":\"https:\/\/pistonaddict.com\/auctions-listing\/\"},{\"@type\":\"ListItem\",\"position\":3,\"name\":\"AMG SLS Roadster\"}]},{\"@type\":\"WebSite\",\"@id\":\"https:\/\/pistonaddict.com\/ro\/#website\",\"url\":\"https:\/\/pistonaddict.com\/ro\/\",\"name\":\"Piston Addict\",\"description\":\"Only interesting vehicles\",\"publisher\":{\"@id\":\"https:\/\/pistonaddict.com\/ro\/#organization\"},\"potentialAction\":[{\"@type\":\"SearchAction\",\"target\":{\"@type\":\"EntryPoint\",\"urlTemplate\":\"https:\/\/pistonaddict.com\/ro\/?s={search_term_string}\"},\"query-input\":\"required name=search_term_string\"}],\"inLanguage\":\"ro-RO\"},{\"@type\":\"Organization\",\"@id\":\"https:\/\/pistonaddict.com\/ro\/#organization\",\"name\":\"Piston Addict\",\"url\":\"https:\/\/pistonaddict.com\/ro\/\",\"logo\":{\"@type\":\"ImageObject\",\"inLanguage\":\"ro-RO\",\"@id\":\"https:\/\/pistonaddict.com\/ro\/#\/schema\/logo\/image\/\",\"url\":\"https:\/\/pistonaddict.com\/wp-content\/uploads\/2022\/07\/logo-6.png\",\"contentUrl\":\"https:\/\/pistonaddict.com\/wp-content\/uploads\/2022\/07\/logo-6.png\",\"width\":970,\"height\":200,\"caption\":\"Piston Addict\"},\"image\":{\"@id\":\"https:\/\/pistonaddict.com\/ro\/#\/schema\/logo\/image\/\"}}]}<\/script>\n<!-- \/ Yoast SEO plugin. -->","yoast_head_json":{"title":"AMG SLS Roadster - Piston Addict","robots":{"index":"index","follow":"follow","max-snippet":"max-snippet:-1","max-image-preview":"max-image-preview:large","max-video-preview":"max-video-preview:-1"},"canonical":"https:\/\/pistonaddict.com\/ro\/product\/amg-sls-roadster\/","og_locale":"ro_RO","og_type":"article","og_title":"AMG SLS Roadster - Piston Addict","og_description":"C\u00e2nd te ui\u021bi la clasicele moderne din Stuttgart, nimic nu se apropie de Mercedes SLS AMG. Cu designul s\u0103u retro-futurist, puternicul V8 de 6,2 litri \u00een fa\u021b\u0103 \u0219i performan\u021bele sale sublime, SLS este cea mai c\u0103utat\u0103 ma\u0219in\u0103 sport de la Mercedes de la originalul din anii 1950 care a dat startul acestei linii. Exquisit \u00een toate aspectele, SLS este o ma\u0219in\u0103 care rareori este pus\u0103 \u00een v\u00e2nzare, ceea ce face ca acest exemplar cu kilometraj redus, cu un singur proprietar \u0219i practic nou, s\u0103 fie mai rar \u0219i chiar mai unic.","og_url":"https:\/\/pistonaddict.com\/ro\/product\/amg-sls-roadster\/","og_site_name":"Piston Addict","article_modified_time":"2024-03-19T15:40:29+00:00","og_image":[{"width":2560,"height":1527,"url":"https:\/\/pistonaddict.com\/wp-content\/uploads\/2024\/03\/1-scaled.jpg","type":"image\/jpeg"}],"twitter_card":"summary_large_image","twitter_misc":{"Timp estimat pentru citire":"3 minute"},"schema":{"@context":"https:\/\/schema.org","@graph":[{"@type":"WebPage","@id":"https:\/\/pistonaddict.com\/ro\/product\/amg-sls-roadster\/","url":"https:\/\/pistonaddict.com\/ro\/product\/amg-sls-roadster\/","name":"AMG SLS Roadster - Piston Addict","isPartOf":{"@id":"https:\/\/pistonaddict.com\/ro\/#website"},"primaryImageOfPage":{"@id":"https:\/\/pistonaddict.com\/ro\/product\/amg-sls-roadster\/#primaryimage"},"image":{"@id":"https:\/\/pistonaddict.com\/ro\/product\/amg-sls-roadster\/#primaryimage"},"thumbnailUrl":"https:\/\/pistonaddict.com\/wp-content\/uploads\/2024\/03\/1-scaled.jpg","datePublished":"2024-03-15T16:17:18+00:00","dateModified":"2024-03-19T15:40:29+00:00","breadcrumb":{"@id":"https:\/\/pistonaddict.com\/ro\/product\/amg-sls-roadster\/#breadcrumb"},"inLanguage":"ro-RO","potentialAction":[{"@type":"ReadAction","target":["https:\/\/pistonaddict.com\/ro\/product\/amg-sls-roadster\/"]}]},{"@type":"ImageObject","inLanguage":"ro-RO","@id":"https:\/\/pistonaddict.com\/ro\/product\/amg-sls-roadster\/#primaryimage","url":"https:\/\/pistonaddict.com\/wp-content\/uploads\/2024\/03\/1-scaled.jpg","contentUrl":"https:\/\/pistonaddict.com\/wp-content\/uploads\/2024\/03\/1-scaled.jpg","width":2560,"height":1527},{"@type":"BreadcrumbList","@id":"https:\/\/pistonaddict.com\/ro\/product\/amg-sls-roadster\/#breadcrumb","itemListElement":[{"@type":"ListItem","position":1,"name":"Pagina principala","item":"https:\/\/pistonaddict.com\/ro\/pagina-de-start\/"},{"@type":"ListItem","position":2,"name":"Auctions","item":"https:\/\/pistonaddict.com\/auctions-listing\/"},{"@type":"ListItem","position":3,"name":"AMG SLS Roadster"}]},{"@type":"WebSite","@id":"https:\/\/pistonaddict.com\/ro\/#website","url":"https:\/\/pistonaddict.com\/ro\/","name":"Piston Addict","description":"Only interesting vehicles","publisher":{"@id":"https:\/\/pistonaddict.com\/ro\/#organization"},"potentialAction":[{"@type":"SearchAction","target":{"@type":"EntryPoint","urlTemplate":"https:\/\/pistonaddict.com\/ro\/?s={search_term_string}"},"query-input":"required name=search_term_string"}],"inLanguage":"ro-RO"},{"@type":"Organization","@id":"https:\/\/pistonaddict.com\/ro\/#organization","name":"Piston Addict","url":"https:\/\/pistonaddict.com\/ro\/","logo":{"@type":"ImageObject","inLanguage":"ro-RO","@id":"https:\/\/pistonaddict.com\/ro\/#\/schema\/logo\/image\/","url":"https:\/\/pistonaddict.com\/wp-content\/uploads\/2022\/07\/logo-6.png","contentUrl":"https:\/\/pistonaddict.com\/wp-content\/uploads\/2022\/07\/logo-6.png","width":970,"height":200,"caption":"Piston Addict"},"image":{"@id":"https:\/\/pistonaddict.com\/ro\/#\/schema\/logo\/image\/"}}]}},"_links":{"self":[{"href":"https:\/\/pistonaddict.com\/ro\/wp-json\/wp\/v2\/product\/96720"}],"collection":[{"href":"https:\/\/pistonaddict.com\/ro\/wp-json\/wp\/v2\/product"}],"about":[{"href":"https:\/\/pistonaddict.com\/ro\/wp-json\/wp\/v2\/types\/product"}],"replies":[{"embeddable":true,"href":"https:\/\/pistonaddict.com\/ro\/wp-json\/wp\/v2\/comments?post=96720"}],"wp:featuredmedia":[{"embeddable":true,"href":"https:\/\/pistonaddict.com\/ro\/wp-json\/wp\/v2\/media\/96002"}],"wp:attachment":[{"href":"https:\/\/pistonaddict.com\/ro\/wp-json\/wp\/v2\/media?parent=96720"}],"wp:term":[{"taxonomy":"product_cat","embeddable":true,"href":"https:\/\/pistonaddict.com\/ro\/wp-json\/wp\/v2\/product_cat?post=96720"},{"taxonomy":"product_tag","embeddable":true,"href":"https:\/\/pistonaddict.com\/ro\/wp-json\/wp\/v2\/product_tag?post=96720"}],"curies":[{"name":"wp","href":"https:\/\/api.w.org\/{rel}","templated":true}]}}