{"id":94127,"date":"2024-02-28T13:52:28","date_gmt":"2024-02-28T12:52:28","guid":{"rendered":"https:\/\/pistonaddict.com\/product\/fisker-karma\/"},"modified":"2024-03-19T16:38:49","modified_gmt":"2024-03-19T15:38:49","slug":"fisker-karma","status":"publish","type":"product","link":"https:\/\/pistonaddict.com\/ro\/product\/fisker-karma\/","title":{"rendered":"Fisker Karma"},"content":{"rendered":"<h2>Exterior<\/h2>\n<p>La exterior, \u00eencep\u00e2nd cu partea frontal\u0103, Karma are un nas cobor\u00e2t, cu grile late \u0219i faruri Xenon alungite, care \u00eei confer\u0103 ma\u0219inii o pozi\u021bie agresiv\u0103. Aceast\u0103 tem\u0103 continu\u0103 de-a lungul p\u0103r\u021bilor laterale, unde o siluet\u0103 musculoas\u0103 este dominat\u0103 de aripile masive \u00eenf\u0103\u0219urate \u00een jurul jantelor de 22 de inch. \u00cen spatele larg al supercarului italian, detalii precum stopurile elegante \u0219i difuzoarele amplasate \u00een locul \u00een care ne-am a\u0219tepta s\u0103 vedem termina\u021bii ale e\u0219apamentului cu capace cromate \u00eei confer\u0103 lui Karma un aspect rutier unic.<\/p>\n<p>Ma\u0219ina este vopsit\u0103 \u00een culoarea Deep Ocean blue, care arat\u0103 spectaculos \u00een zilele senine, c\u00e2nd razele soarelui \u00eei scot \u00een eviden\u021b\u0103 fulguiala. C\u00e2nd vorbim de soare &#8211; Karma are panouri solare integrate \u00een acoperi\u0219, ceea ce \u00eenseamn\u0103 c\u0103 se poate re\u00eenc\u0103rca singur\u0103 doar dac\u0103 este parcat\u0103 afar\u0103.<\/p>\n<h2>Interior<\/h2>\n<p>Odat\u0103 intrat \u00een ma\u0219in\u0103, v\u0103 ve\u021bi afla \u00een spatele unui volan din piele cu patru spi\u021be care \u00eencadreaz\u0103 un instrumentar de bord elegant \u0219i futurist. \u00cen st\u00e2nga se afl\u0103 un vitezometru care merge p\u00e2n\u0103 la 220 km\/h. Dar, \u00een dreapta, \u00een loc de un turometru, este afi\u0219at\u0103 capacitatea bateriei \u0219i dac\u0103 aceasta este \u00een curs de \u00eenc\u0103rcare sau dac\u0103 energia electric\u0103 este folosit\u0103 pentru accelerare. Plan\u0219a de bord este dotat\u0103 cu un ecran tactil care serve\u0219te drept centru de comand\u0103 pentru sistemul stereo, naviga\u021bie \u0219i climatizare.<\/p>\n<p>\u00centregul interior este \u00eembr\u0103cat \u00eentr-o combina\u021bie de lemn, piele \u0219i Alcantara moale, ceea ce \u00eei confer\u0103 o senza\u021bie \u0219i un aspect rafinat. Un lucru care atrage aten\u021bia este tunelul central masiv, care este necesar, deoarece aici sunt ad\u0103postite bateriile.<\/p>\n<h2>Mecanic\u0103<\/h2>\n<p>Oric\u00e2t de uimitor ar ar\u0103ta la interior \u0219i la exterior, baza mecanic\u0103 a lui Fisker este cea mai impresionant\u0103. Dac\u0103 ridici capota, vei g\u0103si un motor sub ea, la fel ca la orice alt\u0103 ma\u0219in\u0103. Cu toate acestea, aceast\u0103 unitate turbo cu 4 cilindri nu este utilizat\u0103 pentru a propulsa ro\u021bile. \u00cen schimb, acesta ac\u021bioneaz\u0103 ca un generator care \u00eencarc\u0103 bateriile atunci c\u00e2nd acestea trebuie completate.<\/p>\n<p>Automobilul este propulsat de dou\u0103 motoare electrice, care lucreaz\u0103 \u00een perechi pentru a furniza putere ro\u021bilor spate prin intermediul unui diferen\u021bial cu alunecare limitat\u0103. Aceast\u0103 combina\u021bie poate oferi p\u00e2n\u0103 la 409 cai putere \u0219i un cuplu motor de 1300 N-m, ceea ce \u00eei confer\u0103 lui Karma performan\u021be pe m\u0103sura aspectului s\u0103u.<\/p>\n<p>Deoarece Fisker nu a dorit ca ma\u0219ina s\u0103 fie prea grea, deoarece acest lucru ar compromite manevrabilitatea, bateriile \u0219i autonomia rezultat\u0103 \u00een modul complet electric nu sunt prea extinse. Atunci c\u00e2nd este complet \u00eenc\u0103rcat\u0103, Karma poate parcurge aproximativ 80 de kilometri folosind doar energie electric\u0103. Dar, sincer, acest lucru este probabil mai mult dec\u00e2t suficient pentru cele mai multe navete zilnice \u0219i exist\u0103 \u00eentotdeauna un motor pe benzin\u0103 ca generator de rezerv\u0103.<\/p>\n<h2>Istoricul vehiculului<\/h2>\n<p>La final, c\u00e2teva cuvinte despre starea lui Fisker, pe care v\u00e2nz\u0103torul o descrie ca fiind excelent\u0103. \u0218i, ca s\u0103 fiu sincer, fotografiile \u0219i filmule\u021bul spun aceea\u0219i poveste. Ma\u0219ina a fost revizuit\u0103 ultima dat\u0103 \u00een noiembrie 2023 \u0219i nu are defecte sau erori, \u00een afar\u0103 de avertismentul de presiune a anvelopelor de pe tabloul de bord. Se pare c\u0103 acest lucru se datoreaz\u0103 faptului c\u0103 vehiculul este \u00een prezent echipat cu jante Schmid de 21 de inch, \u00een timp ce sistemul TPMS este programat s\u0103 func\u021bioneze cu configura\u021bia de var\u0103 OEM de 22 de inch. Proprietarul spune c\u0103 ma\u0219ina poate fi recalibrat\u0103 astfel \u00eenc\u00e2t s\u0103 recunoasc\u0103 dimensiunile alternative ale anvelopelor, dar nu s-a deranjat s\u0103 fac\u0103 acest lucru, deoarece o conduce foarte rar \u00een timpul iernii. \u00cen plus, toate airbagurile au fost \u00eenlocuite \u00een 2022, \u00een cadrul unei ample rechem\u0103ri \u00een service a airbagurilor Takata.<\/p>\n<p>Acum, fiind vorba de o ma\u0219in\u0103 hibrid\u0103 electric\u0103, acest lucru poate ridica unele \u00eengrijor\u0103ri cu privire la starea bateriilor, deoarece acestea sunt foarte scumpe de \u00eenlocuit. Dar, potrivit v\u00e2nz\u0103torului, nu exist\u0103 niciun motiv de \u00eengrijorare, deoarece bateria a fost verificat\u0103 de un tehnician certificat Fisker Karma \u00een august 2023, care a confirmat c\u0103 este \u00eenc\u0103 la capacitate maxim\u0103. Ma\u0219ina este \u00eenso\u021bit\u0103 de \u00eenc\u0103rc\u0103torul s\u0103u mobil original, care se conecteaz\u0103 la priza de 220 V, \u0219i de un cititor de coduri OBD2 manual. Inspec\u021bia tehnic\u0103 austriac\u0103 a fost trecut\u0103 cu succes \u0219i este valabil\u0103 p\u00e2n\u0103 \u00een august 2024.<\/p>\n<p>O not\u0103 viitoare privind \u00eentre\u021binerea &#8211; de\u0219i singurul dealer autorizat european se afl\u0103 \u00een Olanda, exist\u0103 o op\u021biune de a trimite un specialist calificat la loca\u021bia dvs., unde acesta se ocup\u0103 de tot ceea ce trebuie f\u0103cut (cu condi\u021bia ca repara\u021bia s\u0103 poat\u0103 fi efectuat\u0103 la fa\u021ba locului).<\/p>\n<p>\u00cen cele din urm\u0103, v\u00e2nz\u0103torul, care a cump\u0103rat-o \u00een 2019, spune c\u0103 ma\u0219ina nu a avut niciodat\u0103 un accident \u0219i nici nu a fost folosit\u0103 pe circuit, lucru care poate fi confirmat suplimentar de un <a href=\"https:\/\/pistonaddict.com\/wp-content\/uploads\/2024\/02\/FiskerKarma.pdf\">raport istoric al vehiculului<\/a> corespunz\u0103tor. De asemenea, merit\u0103 men\u021bionat faptul c\u0103 v\u00e2nz\u0103torul va furniza <a href=\"https:\/\/pistonaddict.com\/wp-content\/uploads\/2024\/02\/CoC1-rotated.jpg\">certificatul de conformitate<\/a>, \u00een cazul \u00een care cump\u0103r\u0103torul dore\u0219te s\u0103 mute vehiculul \u00een afara Austriei, unde acest Fisker a fost \u00eenmatriculat din prima zi.<\/p>\n<p><strong><br \/>\nVede\u021bi videoclipul de pornire la rece al acestui minunat Fisker Karma :<\/strong><\/p>\n<p><iframe title=\"Cold Start Video of the Fisker Karma\" width=\"1200\" height=\"675\" src=\"https:\/\/www.youtube.com\/embed\/Ct2_uFf2FEw?feature=oembed\" frameborder=\"0\" allow=\"accelerometer; autoplay; clipboard-write; encrypted-media; gyroscope; picture-in-picture; web-share\" allowfullscreen><\/iframe><\/p>\n","protected":false},"excerpt":{"rendered":"<p>Dac\u0103 sunte\u021bi \u00een c\u0103utarea unei ma\u0219ini sport care poate transporta patru persoane \u0219i bagajele lor, ave\u021bi de unde alege. Dar dac\u0103 vrei ceva care s\u0103 te diferen\u021bieze de modelele mainstream, atunci s-ar putea s\u0103-\u021bi plac\u0103 Fisker Karma. Acesta ofer\u0103 toate avantajele unei ma\u0219ini electrice, f\u0103r\u0103 a fi nevoie de anxietatea legat\u0103 de autonomie \u0219i f\u0103r\u0103 greutatea suplimentar\u0103 asociat\u0103 de obicei cu acestea. Mai mult, toat\u0103 aceast\u0103 tehnic\u0103 este \u00eenvelit\u0103 \u00eentr-o carcas\u0103 cu aspect spectaculos. Iar la v\u00e2nzare aici avem un model din 2012, care este v\u00e2ndut de proprietar \u0219i care a f\u0103cut p\u00e2n\u0103 acum 67.000 de kilometri. S\u0103 arunc\u0103m o privire mai atent\u0103 la ceea ce are de oferit.<\/p>\n","protected":false},"featured_media":93028,"comment_status":"open","ping_status":"closed","template":"","meta":{"inline_featured_image":false},"product_cat":[744],"product_tag":[2776,3041,1844,3015,1845,934],"acf":[],"yoast_head":"<!-- This site is optimized with the Yoast SEO plugin v22.5 - https:\/\/yoast.com\/wordpress\/plugins\/seo\/ -->\n<title>Fisker Karma - Piston Addict<\/title>\n<meta name=\"robots\" content=\"index, follow, max-snippet:-1, max-image-preview:large, max-video-preview:-1\" \/>\n<link rel=\"canonical\" href=\"https:\/\/pistonaddict.com\/ro\/product\/fisker-karma\/\" \/>\n<meta property=\"og:locale\" content=\"ro_RO\" \/>\n<meta property=\"og:type\" content=\"article\" \/>\n<meta property=\"og:title\" content=\"Fisker Karma - Piston Addict\" \/>\n<meta property=\"og:description\" content=\"Dac\u0103 sunte\u021bi \u00een c\u0103utarea unei ma\u0219ini sport care poate transporta patru persoane \u0219i bagajele lor, ave\u021bi de unde alege. Dar dac\u0103 vrei ceva care s\u0103 te diferen\u021bieze de modelele mainstream, atunci s-ar putea s\u0103-\u021bi plac\u0103 Fisker Karma. Acesta ofer\u0103 toate avantajele unei ma\u0219ini electrice, f\u0103r\u0103 a fi nevoie de anxietatea legat\u0103 de autonomie \u0219i f\u0103r\u0103 greutatea suplimentar\u0103 asociat\u0103 de obicei cu acestea. Mai mult, toat\u0103 aceast\u0103 tehnic\u0103 este \u00eenvelit\u0103 \u00eentr-o carcas\u0103 cu aspect spectaculos. Iar la v\u00e2nzare aici avem un model din 2012, care este v\u00e2ndut de proprietar \u0219i care a f\u0103cut p\u00e2n\u0103 acum 67.000 de kilometri. S\u0103 arunc\u0103m o privire mai atent\u0103 la ceea ce are de oferit.\" \/>\n<meta property=\"og:url\" content=\"https:\/\/pistonaddict.com\/ro\/product\/fisker-karma\/\" \/>\n<meta property=\"og:site_name\" content=\"Piston Addict\" \/>\n<meta property=\"article:modified_time\" content=\"2024-03-19T15:38:49+00:00\" \/>\n<meta property=\"og:image\" content=\"https:\/\/pistonaddict.com\/wp-content\/uploads\/2024\/02\/1.jpg\" \/>\n\t<meta property=\"og:image:width\" content=\"1280\" \/>\n\t<meta property=\"og:image:height\" content=\"960\" \/>\n\t<meta property=\"og:image:type\" content=\"image\/jpeg\" \/>\n<meta name=\"twitter:card\" content=\"summary_large_image\" \/>\n<meta name=\"twitter:label1\" content=\"Timp estimat pentru citire\" \/>\n\t<meta name=\"twitter:data1\" content=\"5 minute\" \/>\n<script type=\"application\/ld+json\" class=\"yoast-schema-graph\">{\"@context\":\"https:\/\/schema.org\",\"@graph\":[{\"@type\":\"WebPage\",\"@id\":\"https:\/\/pistonaddict.com\/ro\/product\/fisker-karma\/\",\"url\":\"https:\/\/pistonaddict.com\/ro\/product\/fisker-karma\/\",\"name\":\"Fisker Karma - Piston Addict\",\"isPartOf\":{\"@id\":\"https:\/\/pistonaddict.com\/ro\/#website\"},\"primaryImageOfPage\":{\"@id\":\"https:\/\/pistonaddict.com\/ro\/product\/fisker-karma\/#primaryimage\"},\"image\":{\"@id\":\"https:\/\/pistonaddict.com\/ro\/product\/fisker-karma\/#primaryimage\"},\"thumbnailUrl\":\"https:\/\/pistonaddict.com\/wp-content\/uploads\/2024\/02\/1.jpg\",\"datePublished\":\"2024-02-28T12:52:28+00:00\",\"dateModified\":\"2024-03-19T15:38:49+00:00\",\"breadcrumb\":{\"@id\":\"https:\/\/pistonaddict.com\/ro\/product\/fisker-karma\/#breadcrumb\"},\"inLanguage\":\"ro-RO\",\"potentialAction\":[{\"@type\":\"ReadAction\",\"target\":[\"https:\/\/pistonaddict.com\/ro\/product\/fisker-karma\/\"]}]},{\"@type\":\"ImageObject\",\"inLanguage\":\"ro-RO\",\"@id\":\"https:\/\/pistonaddict.com\/ro\/product\/fisker-karma\/#primaryimage\",\"url\":\"https:\/\/pistonaddict.com\/wp-content\/uploads\/2024\/02\/1.jpg\",\"contentUrl\":\"https:\/\/pistonaddict.com\/wp-content\/uploads\/2024\/02\/1.jpg\",\"width\":1280,\"height\":960},{\"@type\":\"BreadcrumbList\",\"@id\":\"https:\/\/pistonaddict.com\/ro\/product\/fisker-karma\/#breadcrumb\",\"itemListElement\":[{\"@type\":\"ListItem\",\"position\":1,\"name\":\"Pagina principala\",\"item\":\"https:\/\/pistonaddict.com\/ro\/pagina-de-start\/\"},{\"@type\":\"ListItem\",\"position\":2,\"name\":\"Auctions\",\"item\":\"https:\/\/pistonaddict.com\/auctions-listing\/\"},{\"@type\":\"ListItem\",\"position\":3,\"name\":\"Fisker Karma\"}]},{\"@type\":\"WebSite\",\"@id\":\"https:\/\/pistonaddict.com\/ro\/#website\",\"url\":\"https:\/\/pistonaddict.com\/ro\/\",\"name\":\"Piston Addict\",\"description\":\"Only interesting vehicles\",\"publisher\":{\"@id\":\"https:\/\/pistonaddict.com\/ro\/#organization\"},\"potentialAction\":[{\"@type\":\"SearchAction\",\"target\":{\"@type\":\"EntryPoint\",\"urlTemplate\":\"https:\/\/pistonaddict.com\/ro\/?s={search_term_string}\"},\"query-input\":\"required name=search_term_string\"}],\"inLanguage\":\"ro-RO\"},{\"@type\":\"Organization\",\"@id\":\"https:\/\/pistonaddict.com\/ro\/#organization\",\"name\":\"Piston Addict\",\"url\":\"https:\/\/pistonaddict.com\/ro\/\",\"logo\":{\"@type\":\"ImageObject\",\"inLanguage\":\"ro-RO\",\"@id\":\"https:\/\/pistonaddict.com\/ro\/#\/schema\/logo\/image\/\",\"url\":\"https:\/\/pistonaddict.com\/wp-content\/uploads\/2022\/07\/logo-6.png\",\"contentUrl\":\"https:\/\/pistonaddict.com\/wp-content\/uploads\/2022\/07\/logo-6.png\",\"width\":970,\"height\":200,\"caption\":\"Piston Addict\"},\"image\":{\"@id\":\"https:\/\/pistonaddict.com\/ro\/#\/schema\/logo\/image\/\"}}]}<\/script>\n<!-- \/ Yoast SEO plugin. -->","yoast_head_json":{"title":"Fisker Karma - Piston Addict","robots":{"index":"index","follow":"follow","max-snippet":"max-snippet:-1","max-image-preview":"max-image-preview:large","max-video-preview":"max-video-preview:-1"},"canonical":"https:\/\/pistonaddict.com\/ro\/product\/fisker-karma\/","og_locale":"ro_RO","og_type":"article","og_title":"Fisker Karma - Piston Addict","og_description":"Dac\u0103 sunte\u021bi \u00een c\u0103utarea unei ma\u0219ini sport care poate transporta patru persoane \u0219i bagajele lor, ave\u021bi de unde alege. Dar dac\u0103 vrei ceva care s\u0103 te diferen\u021bieze de modelele mainstream, atunci s-ar putea s\u0103-\u021bi plac\u0103 Fisker Karma. Acesta ofer\u0103 toate avantajele unei ma\u0219ini electrice, f\u0103r\u0103 a fi nevoie de anxietatea legat\u0103 de autonomie \u0219i f\u0103r\u0103 greutatea suplimentar\u0103 asociat\u0103 de obicei cu acestea. Mai mult, toat\u0103 aceast\u0103 tehnic\u0103 este \u00eenvelit\u0103 \u00eentr-o carcas\u0103 cu aspect spectaculos. Iar la v\u00e2nzare aici avem un model din 2012, care este v\u00e2ndut de proprietar \u0219i care a f\u0103cut p\u00e2n\u0103 acum 67.000 de kilometri. S\u0103 arunc\u0103m o privire mai atent\u0103 la ceea ce are de oferit.","og_url":"https:\/\/pistonaddict.com\/ro\/product\/fisker-karma\/","og_site_name":"Piston Addict","article_modified_time":"2024-03-19T15:38:49+00:00","og_image":[{"width":1280,"height":960,"url":"https:\/\/pistonaddict.com\/wp-content\/uploads\/2024\/02\/1.jpg","type":"image\/jpeg"}],"twitter_card":"summary_large_image","twitter_misc":{"Timp estimat pentru citire":"5 minute"},"schema":{"@context":"https:\/\/schema.org","@graph":[{"@type":"WebPage","@id":"https:\/\/pistonaddict.com\/ro\/product\/fisker-karma\/","url":"https:\/\/pistonaddict.com\/ro\/product\/fisker-karma\/","name":"Fisker Karma - Piston Addict","isPartOf":{"@id":"https:\/\/pistonaddict.com\/ro\/#website"},"primaryImageOfPage":{"@id":"https:\/\/pistonaddict.com\/ro\/product\/fisker-karma\/#primaryimage"},"image":{"@id":"https:\/\/pistonaddict.com\/ro\/product\/fisker-karma\/#primaryimage"},"thumbnailUrl":"https:\/\/pistonaddict.com\/wp-content\/uploads\/2024\/02\/1.jpg","datePublished":"2024-02-28T12:52:28+00:00","dateModified":"2024-03-19T15:38:49+00:00","breadcrumb":{"@id":"https:\/\/pistonaddict.com\/ro\/product\/fisker-karma\/#breadcrumb"},"inLanguage":"ro-RO","potentialAction":[{"@type":"ReadAction","target":["https:\/\/pistonaddict.com\/ro\/product\/fisker-karma\/"]}]},{"@type":"ImageObject","inLanguage":"ro-RO","@id":"https:\/\/pistonaddict.com\/ro\/product\/fisker-karma\/#primaryimage","url":"https:\/\/pistonaddict.com\/wp-content\/uploads\/2024\/02\/1.jpg","contentUrl":"https:\/\/pistonaddict.com\/wp-content\/uploads\/2024\/02\/1.jpg","width":1280,"height":960},{"@type":"BreadcrumbList","@id":"https:\/\/pistonaddict.com\/ro\/product\/fisker-karma\/#breadcrumb","itemListElement":[{"@type":"ListItem","position":1,"name":"Pagina principala","item":"https:\/\/pistonaddict.com\/ro\/pagina-de-start\/"},{"@type":"ListItem","position":2,"name":"Auctions","item":"https:\/\/pistonaddict.com\/auctions-listing\/"},{"@type":"ListItem","position":3,"name":"Fisker Karma"}]},{"@type":"WebSite","@id":"https:\/\/pistonaddict.com\/ro\/#website","url":"https:\/\/pistonaddict.com\/ro\/","name":"Piston Addict","description":"Only interesting vehicles","publisher":{"@id":"https:\/\/pistonaddict.com\/ro\/#organization"},"potentialAction":[{"@type":"SearchAction","target":{"@type":"EntryPoint","urlTemplate":"https:\/\/pistonaddict.com\/ro\/?s={search_term_string}"},"query-input":"required name=search_term_string"}],"inLanguage":"ro-RO"},{"@type":"Organization","@id":"https:\/\/pistonaddict.com\/ro\/#organization","name":"Piston Addict","url":"https:\/\/pistonaddict.com\/ro\/","logo":{"@type":"ImageObject","inLanguage":"ro-RO","@id":"https:\/\/pistonaddict.com\/ro\/#\/schema\/logo\/image\/","url":"https:\/\/pistonaddict.com\/wp-content\/uploads\/2022\/07\/logo-6.png","contentUrl":"https:\/\/pistonaddict.com\/wp-content\/uploads\/2022\/07\/logo-6.png","width":970,"height":200,"caption":"Piston Addict"},"image":{"@id":"https:\/\/pistonaddict.com\/ro\/#\/schema\/logo\/image\/"}}]}},"_links":{"self":[{"href":"https:\/\/pistonaddict.com\/ro\/wp-json\/wp\/v2\/product\/94127"}],"collection":[{"href":"https:\/\/pistonaddict.com\/ro\/wp-json\/wp\/v2\/product"}],"about":[{"href":"https:\/\/pistonaddict.com\/ro\/wp-json\/wp\/v2\/types\/product"}],"replies":[{"embeddable":true,"href":"https:\/\/pistonaddict.com\/ro\/wp-json\/wp\/v2\/comments?post=94127"}],"wp:featuredmedia":[{"embeddable":true,"href":"https:\/\/pistonaddict.com\/ro\/wp-json\/wp\/v2\/media\/93028"}],"wp:attachment":[{"href":"https:\/\/pistonaddict.com\/ro\/wp-json\/wp\/v2\/media?parent=94127"}],"wp:term":[{"taxonomy":"product_cat","embeddable":true,"href":"https:\/\/pistonaddict.com\/ro\/wp-json\/wp\/v2\/product_cat?post=94127"},{"taxonomy":"product_tag","embeddable":true,"href":"https:\/\/pistonaddict.com\/ro\/wp-json\/wp\/v2\/product_tag?post=94127"}],"curies":[{"name":"wp","href":"https:\/\/api.w.org\/{rel}","templated":true}]}}