{"id":92889,"date":"2024-02-23T14:19:05","date_gmt":"2024-02-23T13:19:05","guid":{"rendered":"https:\/\/pistonaddict.com\/product\/volkswagen-1303-beetle-decapotabil-alb-triplu-alb\/"},"modified":"2024-03-20T09:47:01","modified_gmt":"2024-03-20T08:47:01","slug":"volkswagen-1303-convertible-triplu-alb-alb-albastru-cu-carabusul","status":"publish","type":"product","link":"https:\/\/pistonaddict.com\/ro\/product\/volkswagen-1303-convertible-triplu-alb-alb-albastru-cu-carabusul\/","title":{"rendered":"Volkswagen 1303 Beetle decapotabil alb triplu alb"},"content":{"rendered":"<p>Dac\u0103 Volkswagen Beetle standard a fost un model economic care a pus lumea pe ro\u021bi, versiunea decapotabil\u0103 a fost \u00eentotdeauna cea mai luxoas\u0103 \u0219i mai prestigioas\u0103. \u00cen primul r\u00e2nd, a fost produs de faimosul atelier de caroserie Karmann \u0219i a prezentat numeroase modific\u0103ri fa\u021b\u0103 de modelul standard. Acesta nu era doar un Beetle cu capota decapotabil\u0103; era o ma\u0219in\u0103 complet diferit\u0103, cu \u00eembun\u0103t\u0103\u021biri ale \u0219asiului, u\u0219i diferite, parbrize \u0219i panouri specifice. Spre sf\u00e2r\u0219itul unei lungi perioade de produc\u021bie, Volkswagen Beetle Cabriolet a primit un motor \u00eembun\u0103t\u0103\u021bit, fr\u00e2ne pe discuri fa\u021b\u0103 \u0219i mai multe dot\u0103ri, ceea ce l-a f\u0103cut un automobil de croazier\u0103 decapotabil mai bun \u0219i mai competent. Ast\u0103zi, suntem m\u00e2ndri s\u0103 v\u0103 prezent\u0103m o astfel de ma\u0219in\u0103. Un Volkswagen 1303 Cabriolet din 1979, \u00eentr-o schem\u0103 de culori unic\u0103, de trei culori albe, cu un motor de 1,6 litri cu injec\u021bie de combustibil \u0219i \u00een stare original\u0103. V\u00e2ndute ini\u021bial \u00een SUA, aceste decapotabile Beetle de ultim\u0103 or\u0103 au fost comercializate sub numele de Super Beetle \u0219i se num\u0103r\u0103 printre cele mai dezirabile exemplare datorit\u0103 echip\u0103rii mai bune \u0219i a motorului de 48 CP cu o vitez\u0103 maxim\u0103 de 130 km\/h (82 mph). Aceast\u0103 ma\u0219in\u0103 a fost produs\u0103 \u00een decembrie 1979, fiind una dintre ultimele decapotabile Beetle, produc\u021bia fiind \u00eencheiat\u0103 la \u00eenceputul anului 1980. Volkswagen a v\u00e2ndut doar 4.572 de decapotabile 1303 \u00een 1980, foarte pu\u021bine \u00een culoarea Tripple-White, iar acesta este unul dintre ele. Aceste modele t\u00e2rzii au c\u00e2teva caracteristici unice de design care le fac \u0219i mai practice \u0219i mai pl\u0103cute. De exemplu, un portbagaj fa\u021b\u0103 mai mare \u0219i un parbriz u\u0219or curbat au redus zgomotul produs de v\u00e2nt, mai ales atunci c\u00e2nd se conduce cu plafonul cobor\u00e2t.<\/p>\n<p><strong>Interior<\/strong><\/p>\n<p>Scaunele din vinil alb sunt \u00een stare excelent\u0103, iar interiorul acestui Beetle atr\u0103g\u0103tor este \u00een \u00eentregime original. Cu un tablou de bord tapi\u021bat cu lemn, un volan unic \u0219i o ergonomie \u00eembun\u0103t\u0103\u021bit\u0103, acesta este cel mai luxos mediu de conducere din orice Beetle clasic. Plan\u0219a de bord nu este cr\u0103pat\u0103; sistemul audio are o unitate de casete Blaupunkt fermec\u0103toare din anii &#8217;80.<\/p>\n<p><strong>Starea ma\u0219inii<\/strong><\/p>\n<p>Cu doar 94.000 de kilometri \u0219i c\u00e2\u021biva proprietari grijulii, acest 1303 Cabriolet a beneficiat de o restaurare \u0219i a p\u0103strat motorul \u0219i transmisia originale, cu numere corespunz\u0103toare. Starea general\u0103 este aproape perfect\u0103, totul fiind \u00een stare de func\u021bionare \u0219i f\u0103r\u0103 pete de rugin\u0103 sau decolorare. Ultimul service a fost efectuat \u00een octombrie 2023, iar ma\u0219ina a trecut f\u0103r\u0103 probleme inspec\u021bia tehnic\u0103 anual\u0103 din 2024. La astfel de ma\u0219ini, acoperi\u0219ul de vinil este adesea problematic, dar suntem bucuro\u0219i s\u0103 v\u0103 spunem c\u0103 \u0219i acesta este \u00een stare perfect\u0103, f\u0103r\u0103 rupturi sau scurgeri. Trenul de rulare este la fel de curat ca \u0219i caroseria, f\u0103r\u0103 probleme de rugin\u0103. Ma\u0219ina a fost restaurat\u0103 profesional la cele mai \u00eenalte standarde cu piese originale \u0219i \u00eentre\u021binut\u0103 de un specialist VW. De la restaurare, vehiculul a fost p\u0103strat \u00eentr-un garaj cu clim\u0103 controlat\u0103.<\/p>\n<p><strong>Exterior \u0219i ro\u021bi<\/strong><\/p>\n<p>Culoarea alb\u0103 caracteristic\u0103 este \u00een stare ideal\u0103, iar schema de culori alb-triplu este original\u0103 \u0219i rar\u0103. Jantele sunt originale de 15 inch, cu capace de butuc cromate, \u00eembr\u0103cate \u00een cauciuc nou (DOT 2023) \u0219i de dimensiuni corespunz\u0103toare (175\/70\/R15).<\/p>\n<p><strong>Documenta\u021bie<\/strong><\/p>\n<p>V\u00e2nz\u0103torul privat vinde acest vehicul cu documenta\u021bia corespunz\u0103toare \u00een Olanda. <strong>MOT olandez\u0103 (APK) este valabil\u0103 p\u00e2n\u0103 \u00een august 2024<\/strong>. Exist\u0103 registre de \u00eentre\u021binere periodic\u0103, facturi de v\u00e2nzare \u0219i chitan\u021be. Documenta\u021bia include titlul de proprietar original, bro\u0219uri, <a href=\"https:\/\/pistonaddict.com\/wp-content\/uploads\/2024\/02\/Zertificat.pdf\" target=\"blank\" rel=\"noopener\">expertiza clasic\u0103 VW<\/a> \u0219i actele de \u00eenmatriculare. Nu exist\u0103 garan\u021bie din fabric\u0103 pentru acest model.<\/p>\n<p><strong><br \/>\nVede\u021bi videoclipul de pornire la rece al acestei frumoase decapotabile Beetle Triple White :<\/strong><\/p>\n<p>&nbsp;<\/p>\n<p><iframe title=\"Cold Start Video of the Volkswagen Coccinelle\/Beetle Cabriolet 1.6 Triple White\" width=\"1200\" height=\"675\" src=\"https:\/\/www.youtube.com\/embed\/G0rjRvyjhRo?feature=oembed\" frameborder=\"0\" allow=\"accelerometer; autoplay; clipboard-write; encrypted-media; gyroscope; picture-in-picture; web-share\" allowfullscreen><\/iframe><\/p>\n<p><strong> <\/strong><\/p>\n","protected":false},"excerpt":{"rendered":"<p>Volkswagen Beetle a fost una dintre cele mai frumoase ma\u0219ini ale secolului XX \u0219i \u00eenc\u0103 una dintre cele mai bune ma\u0219ini clasice pentru \u00eencep\u0103tori. Dar versiunea decapotabil\u0103 este mult mai rar\u0103, mai cool \u0219i perfect\u0103 pentru o plimbare \u00een aer liber pe coast\u0103, cu o coloan\u0103 sonor\u0103 inconfundabil\u0103 a unui motor cu patru cilindri \u00een linie. Dac\u0103 e\u0219ti \u00eendr\u0103gostit de liniile clasice ale unui Beetle, dar cau\u021bi unul care s\u0103 aib\u0103 o manevrabilitate \u0219i o putere mai bune, aceasta este ma\u0219ina perfect\u0103 pentru tine. Un model mai dorit, un model ulterior 1303 Cabriolet, cu un motor mai puternic \u0219i cu injec\u021bie de combustibil, preg\u0103tit pentru sezonul de var\u0103.<\/p>\n","protected":false},"featured_media":92691,"comment_status":"open","ping_status":"closed","template":"","meta":{"inline_featured_image":false},"product_cat":[744],"product_tag":[2957,965,2956],"acf":[],"yoast_head":"<!-- This site is optimized with the Yoast SEO plugin v22.5 - https:\/\/yoast.com\/wordpress\/plugins\/seo\/ -->\n<title>Volkswagen 1303 Beetle decapotabil alb triplu alb - Piston Addict<\/title>\n<meta name=\"robots\" content=\"index, follow, max-snippet:-1, max-image-preview:large, max-video-preview:-1\" \/>\n<link rel=\"canonical\" href=\"https:\/\/pistonaddict.com\/ro\/product\/volkswagen-1303-convertible-triplu-alb-alb-albastru-cu-carabusul\/\" \/>\n<meta property=\"og:locale\" content=\"ro_RO\" \/>\n<meta property=\"og:type\" content=\"article\" \/>\n<meta property=\"og:title\" content=\"Volkswagen 1303 Beetle decapotabil alb triplu alb - Piston Addict\" \/>\n<meta property=\"og:description\" content=\"Volkswagen Beetle a fost una dintre cele mai frumoase ma\u0219ini ale secolului XX \u0219i \u00eenc\u0103 una dintre cele mai bune ma\u0219ini clasice pentru \u00eencep\u0103tori. Dar versiunea decapotabil\u0103 este mult mai rar\u0103, mai cool \u0219i perfect\u0103 pentru o plimbare \u00een aer liber pe coast\u0103, cu o coloan\u0103 sonor\u0103 inconfundabil\u0103 a unui motor cu patru cilindri \u00een linie. Dac\u0103 e\u0219ti \u00eendr\u0103gostit de liniile clasice ale unui Beetle, dar cau\u021bi unul care s\u0103 aib\u0103 o manevrabilitate \u0219i o putere mai bune, aceasta este ma\u0219ina perfect\u0103 pentru tine. Un model mai dorit, un model ulterior 1303 Cabriolet, cu un motor mai puternic \u0219i cu injec\u021bie de combustibil, preg\u0103tit pentru sezonul de var\u0103.\" \/>\n<meta property=\"og:url\" content=\"https:\/\/pistonaddict.com\/ro\/product\/volkswagen-1303-convertible-triplu-alb-alb-albastru-cu-carabusul\/\" \/>\n<meta property=\"og:site_name\" content=\"Piston Addict\" \/>\n<meta property=\"article:modified_time\" content=\"2024-03-20T08:47:01+00:00\" \/>\n<meta property=\"og:image\" content=\"https:\/\/pistonaddict.com\/wp-content\/uploads\/2024\/02\/b2c02738-a5a6-4266-893c-b51da700edcd-1.jpg\" \/>\n\t<meta property=\"og:image:width\" content=\"1600\" \/>\n\t<meta property=\"og:image:height\" content=\"1200\" \/>\n\t<meta property=\"og:image:type\" content=\"image\/jpeg\" \/>\n<meta name=\"twitter:card\" content=\"summary_large_image\" \/>\n<meta name=\"twitter:label1\" content=\"Timp estimat pentru citire\" \/>\n\t<meta name=\"twitter:data1\" content=\"3 minute\" \/>\n<script type=\"application\/ld+json\" class=\"yoast-schema-graph\">{\"@context\":\"https:\/\/schema.org\",\"@graph\":[{\"@type\":\"WebPage\",\"@id\":\"https:\/\/pistonaddict.com\/ro\/product\/volkswagen-1303-convertible-triplu-alb-alb-albastru-cu-carabusul\/\",\"url\":\"https:\/\/pistonaddict.com\/ro\/product\/volkswagen-1303-convertible-triplu-alb-alb-albastru-cu-carabusul\/\",\"name\":\"Volkswagen 1303 Beetle decapotabil alb triplu alb - Piston Addict\",\"isPartOf\":{\"@id\":\"https:\/\/pistonaddict.com\/ro\/#website\"},\"primaryImageOfPage\":{\"@id\":\"https:\/\/pistonaddict.com\/ro\/product\/volkswagen-1303-convertible-triplu-alb-alb-albastru-cu-carabusul\/#primaryimage\"},\"image\":{\"@id\":\"https:\/\/pistonaddict.com\/ro\/product\/volkswagen-1303-convertible-triplu-alb-alb-albastru-cu-carabusul\/#primaryimage\"},\"thumbnailUrl\":\"https:\/\/pistonaddict.com\/wp-content\/uploads\/2024\/02\/b2c02738-a5a6-4266-893c-b51da700edcd-1.jpg\",\"datePublished\":\"2024-02-23T13:19:05+00:00\",\"dateModified\":\"2024-03-20T08:47:01+00:00\",\"breadcrumb\":{\"@id\":\"https:\/\/pistonaddict.com\/ro\/product\/volkswagen-1303-convertible-triplu-alb-alb-albastru-cu-carabusul\/#breadcrumb\"},\"inLanguage\":\"ro-RO\",\"potentialAction\":[{\"@type\":\"ReadAction\",\"target\":[\"https:\/\/pistonaddict.com\/ro\/product\/volkswagen-1303-convertible-triplu-alb-alb-albastru-cu-carabusul\/\"]}]},{\"@type\":\"ImageObject\",\"inLanguage\":\"ro-RO\",\"@id\":\"https:\/\/pistonaddict.com\/ro\/product\/volkswagen-1303-convertible-triplu-alb-alb-albastru-cu-carabusul\/#primaryimage\",\"url\":\"https:\/\/pistonaddict.com\/wp-content\/uploads\/2024\/02\/b2c02738-a5a6-4266-893c-b51da700edcd-1.jpg\",\"contentUrl\":\"https:\/\/pistonaddict.com\/wp-content\/uploads\/2024\/02\/b2c02738-a5a6-4266-893c-b51da700edcd-1.jpg\",\"width\":1600,\"height\":1200},{\"@type\":\"BreadcrumbList\",\"@id\":\"https:\/\/pistonaddict.com\/ro\/product\/volkswagen-1303-convertible-triplu-alb-alb-albastru-cu-carabusul\/#breadcrumb\",\"itemListElement\":[{\"@type\":\"ListItem\",\"position\":1,\"name\":\"Pagina principala\",\"item\":\"https:\/\/pistonaddict.com\/ro\/pagina-de-start\/\"},{\"@type\":\"ListItem\",\"position\":2,\"name\":\"Auctions\",\"item\":\"https:\/\/pistonaddict.com\/auctions-listing\/\"},{\"@type\":\"ListItem\",\"position\":3,\"name\":\"Volkswagen 1303 Beetle decapotabil alb triplu alb\"}]},{\"@type\":\"WebSite\",\"@id\":\"https:\/\/pistonaddict.com\/ro\/#website\",\"url\":\"https:\/\/pistonaddict.com\/ro\/\",\"name\":\"Piston Addict\",\"description\":\"Only interesting vehicles\",\"publisher\":{\"@id\":\"https:\/\/pistonaddict.com\/ro\/#organization\"},\"potentialAction\":[{\"@type\":\"SearchAction\",\"target\":{\"@type\":\"EntryPoint\",\"urlTemplate\":\"https:\/\/pistonaddict.com\/ro\/?s={search_term_string}\"},\"query-input\":\"required name=search_term_string\"}],\"inLanguage\":\"ro-RO\"},{\"@type\":\"Organization\",\"@id\":\"https:\/\/pistonaddict.com\/ro\/#organization\",\"name\":\"Piston Addict\",\"url\":\"https:\/\/pistonaddict.com\/ro\/\",\"logo\":{\"@type\":\"ImageObject\",\"inLanguage\":\"ro-RO\",\"@id\":\"https:\/\/pistonaddict.com\/ro\/#\/schema\/logo\/image\/\",\"url\":\"https:\/\/pistonaddict.com\/wp-content\/uploads\/2022\/07\/logo-6.png\",\"contentUrl\":\"https:\/\/pistonaddict.com\/wp-content\/uploads\/2022\/07\/logo-6.png\",\"width\":970,\"height\":200,\"caption\":\"Piston Addict\"},\"image\":{\"@id\":\"https:\/\/pistonaddict.com\/ro\/#\/schema\/logo\/image\/\"}}]}<\/script>\n<!-- \/ Yoast SEO plugin. -->","yoast_head_json":{"title":"Volkswagen 1303 Beetle decapotabil alb triplu alb - Piston Addict","robots":{"index":"index","follow":"follow","max-snippet":"max-snippet:-1","max-image-preview":"max-image-preview:large","max-video-preview":"max-video-preview:-1"},"canonical":"https:\/\/pistonaddict.com\/ro\/product\/volkswagen-1303-convertible-triplu-alb-alb-albastru-cu-carabusul\/","og_locale":"ro_RO","og_type":"article","og_title":"Volkswagen 1303 Beetle decapotabil alb triplu alb - Piston Addict","og_description":"Volkswagen Beetle a fost una dintre cele mai frumoase ma\u0219ini ale secolului XX \u0219i \u00eenc\u0103 una dintre cele mai bune ma\u0219ini clasice pentru \u00eencep\u0103tori. Dar versiunea decapotabil\u0103 este mult mai rar\u0103, mai cool \u0219i perfect\u0103 pentru o plimbare \u00een aer liber pe coast\u0103, cu o coloan\u0103 sonor\u0103 inconfundabil\u0103 a unui motor cu patru cilindri \u00een linie. Dac\u0103 e\u0219ti \u00eendr\u0103gostit de liniile clasice ale unui Beetle, dar cau\u021bi unul care s\u0103 aib\u0103 o manevrabilitate \u0219i o putere mai bune, aceasta este ma\u0219ina perfect\u0103 pentru tine. Un model mai dorit, un model ulterior 1303 Cabriolet, cu un motor mai puternic \u0219i cu injec\u021bie de combustibil, preg\u0103tit pentru sezonul de var\u0103.","og_url":"https:\/\/pistonaddict.com\/ro\/product\/volkswagen-1303-convertible-triplu-alb-alb-albastru-cu-carabusul\/","og_site_name":"Piston Addict","article_modified_time":"2024-03-20T08:47:01+00:00","og_image":[{"width":1600,"height":1200,"url":"https:\/\/pistonaddict.com\/wp-content\/uploads\/2024\/02\/b2c02738-a5a6-4266-893c-b51da700edcd-1.jpg","type":"image\/jpeg"}],"twitter_card":"summary_large_image","twitter_misc":{"Timp estimat pentru citire":"3 minute"},"schema":{"@context":"https:\/\/schema.org","@graph":[{"@type":"WebPage","@id":"https:\/\/pistonaddict.com\/ro\/product\/volkswagen-1303-convertible-triplu-alb-alb-albastru-cu-carabusul\/","url":"https:\/\/pistonaddict.com\/ro\/product\/volkswagen-1303-convertible-triplu-alb-alb-albastru-cu-carabusul\/","name":"Volkswagen 1303 Beetle decapotabil alb triplu alb - Piston Addict","isPartOf":{"@id":"https:\/\/pistonaddict.com\/ro\/#website"},"primaryImageOfPage":{"@id":"https:\/\/pistonaddict.com\/ro\/product\/volkswagen-1303-convertible-triplu-alb-alb-albastru-cu-carabusul\/#primaryimage"},"image":{"@id":"https:\/\/pistonaddict.com\/ro\/product\/volkswagen-1303-convertible-triplu-alb-alb-albastru-cu-carabusul\/#primaryimage"},"thumbnailUrl":"https:\/\/pistonaddict.com\/wp-content\/uploads\/2024\/02\/b2c02738-a5a6-4266-893c-b51da700edcd-1.jpg","datePublished":"2024-02-23T13:19:05+00:00","dateModified":"2024-03-20T08:47:01+00:00","breadcrumb":{"@id":"https:\/\/pistonaddict.com\/ro\/product\/volkswagen-1303-convertible-triplu-alb-alb-albastru-cu-carabusul\/#breadcrumb"},"inLanguage":"ro-RO","potentialAction":[{"@type":"ReadAction","target":["https:\/\/pistonaddict.com\/ro\/product\/volkswagen-1303-convertible-triplu-alb-alb-albastru-cu-carabusul\/"]}]},{"@type":"ImageObject","inLanguage":"ro-RO","@id":"https:\/\/pistonaddict.com\/ro\/product\/volkswagen-1303-convertible-triplu-alb-alb-albastru-cu-carabusul\/#primaryimage","url":"https:\/\/pistonaddict.com\/wp-content\/uploads\/2024\/02\/b2c02738-a5a6-4266-893c-b51da700edcd-1.jpg","contentUrl":"https:\/\/pistonaddict.com\/wp-content\/uploads\/2024\/02\/b2c02738-a5a6-4266-893c-b51da700edcd-1.jpg","width":1600,"height":1200},{"@type":"BreadcrumbList","@id":"https:\/\/pistonaddict.com\/ro\/product\/volkswagen-1303-convertible-triplu-alb-alb-albastru-cu-carabusul\/#breadcrumb","itemListElement":[{"@type":"ListItem","position":1,"name":"Pagina principala","item":"https:\/\/pistonaddict.com\/ro\/pagina-de-start\/"},{"@type":"ListItem","position":2,"name":"Auctions","item":"https:\/\/pistonaddict.com\/auctions-listing\/"},{"@type":"ListItem","position":3,"name":"Volkswagen 1303 Beetle decapotabil alb triplu alb"}]},{"@type":"WebSite","@id":"https:\/\/pistonaddict.com\/ro\/#website","url":"https:\/\/pistonaddict.com\/ro\/","name":"Piston Addict","description":"Only interesting vehicles","publisher":{"@id":"https:\/\/pistonaddict.com\/ro\/#organization"},"potentialAction":[{"@type":"SearchAction","target":{"@type":"EntryPoint","urlTemplate":"https:\/\/pistonaddict.com\/ro\/?s={search_term_string}"},"query-input":"required name=search_term_string"}],"inLanguage":"ro-RO"},{"@type":"Organization","@id":"https:\/\/pistonaddict.com\/ro\/#organization","name":"Piston Addict","url":"https:\/\/pistonaddict.com\/ro\/","logo":{"@type":"ImageObject","inLanguage":"ro-RO","@id":"https:\/\/pistonaddict.com\/ro\/#\/schema\/logo\/image\/","url":"https:\/\/pistonaddict.com\/wp-content\/uploads\/2022\/07\/logo-6.png","contentUrl":"https:\/\/pistonaddict.com\/wp-content\/uploads\/2022\/07\/logo-6.png","width":970,"height":200,"caption":"Piston Addict"},"image":{"@id":"https:\/\/pistonaddict.com\/ro\/#\/schema\/logo\/image\/"}}]}},"_links":{"self":[{"href":"https:\/\/pistonaddict.com\/ro\/wp-json\/wp\/v2\/product\/92889"}],"collection":[{"href":"https:\/\/pistonaddict.com\/ro\/wp-json\/wp\/v2\/product"}],"about":[{"href":"https:\/\/pistonaddict.com\/ro\/wp-json\/wp\/v2\/types\/product"}],"replies":[{"embeddable":true,"href":"https:\/\/pistonaddict.com\/ro\/wp-json\/wp\/v2\/comments?post=92889"}],"wp:featuredmedia":[{"embeddable":true,"href":"https:\/\/pistonaddict.com\/ro\/wp-json\/wp\/v2\/media\/92691"}],"wp:attachment":[{"href":"https:\/\/pistonaddict.com\/ro\/wp-json\/wp\/v2\/media?parent=92889"}],"wp:term":[{"taxonomy":"product_cat","embeddable":true,"href":"https:\/\/pistonaddict.com\/ro\/wp-json\/wp\/v2\/product_cat?post=92889"},{"taxonomy":"product_tag","embeddable":true,"href":"https:\/\/pistonaddict.com\/ro\/wp-json\/wp\/v2\/product_tag?post=92889"}],"curies":[{"name":"wp","href":"https:\/\/api.w.org\/{rel}","templated":true}]}}