{"id":89358,"date":"2024-01-31T11:03:43","date_gmt":"2024-01-31T10:03:43","guid":{"rendered":"https:\/\/pistonaddict.com\/product\/abarth-695-tributo-ferrari-no424\/"},"modified":"2024-03-20T09:46:55","modified_gmt":"2024-03-20T08:46:55","slug":"abarth-695-tributo-ferrari-no424","status":"publish","type":"product","link":"https:\/\/pistonaddict.com\/ro\/product\/abarth-695-tributo-ferrari-no424\/","title":{"rendered":"Abarth 695 Tributo Ferrari n\u00ba424"},"content":{"rendered":"<h2>Exterior<\/h2>\n<p>Bazat pe celebrul \u0219i extrem de popularul Fiat 500, modelul 695 probabil c\u0103 nu are nevoie de prea multe prezent\u0103ri. Ceea ce a f\u0103cut Abarth a fost s\u0103 adauge ni\u0219te bare de protec\u021bie masive \u00een fa\u021b\u0103 \u0219i \u00een spate, \u00eenso\u021bite de capace de praguri asortate, un spoiler spate \u0219i o evacuare dubl\u0103. \u0218i apoi, pentru a o condimenta \u0219i mai mult, au montat detalii precum capacele oglinzilor din fibr\u0103 de carbon \u0219i emblema <em>Tributo Ferrari Tributo<\/em> pe panourile din sferturile spate.<br \/>\nAcest Abart 695 este vopsit \u00eentr-o culoare ro\u0219u aprins cu benzi gri de curse care \u00eencep pe capot\u0103, se extind pe acoperi\u0219 \u0219i se termin\u0103 pe hayon. C\u00e2t de mult a fost condus\u0103 ma\u0219ina &#8211; sau nu a fost, mai exact &#8211; este cel mai bine eviden\u021biat\u0103 de jantele de 17 inch, care \u00eenc\u0103 mai au anvelope Michelin Pilot montate din fabric\u0103.<\/p>\n<h2>Interior<\/h2>\n<p>La fel ca la exterior, interiorul ma\u0219inii dezv\u0103luie rapid adev\u0103rata sa natur\u0103. Pentru \u00eenceput, scaunele fa\u021b\u0103, realizate de Sabelt, au o structur\u0103 din fibr\u0103 de carbon \u0219i sunt extrem de suple. Odat\u0103 a\u0219ezat \u00een ele, \u0219oferul se va afla \u00een spatele unui volan din piele cu trei spi\u021be, cu accente \u0219i cus\u0103turi ro\u0219ii. Fiind un model cu transmisie automatizat\u0103, acest Abart nu are o manet\u0103 de viteze pe consola central\u0103 &#8211; \u00een schimb, exist\u0103 doar c\u00e2teva butoane pentru a selecta mar\u0219arierul, mersul \u00eenainte sau punctul mort. Dar exist\u0103 \u0219i padele pe volan, pentru cazurile \u00een care \u0219oferul dore\u0219te s\u0103 schimbe manual treptele de vitez\u0103.<\/p>\n<p>\u00centregul interior este acoperit cu detalii rafinate, cum ar fi piesele de finisaj din fibr\u0103 de carbon, aerul condi\u021bionat \u0219i sistemul stereo cu conectivitate USB, precum \u0219i emblemele <em>Tributo Ferrari<\/em> de jur \u00eemprejur.<\/p>\n<h2>Mecanic\u0103<\/h2>\n<p>Acest sportter italian cu aspect agresiv are un motor turbo de 1,4 litri, din care inginerii Abarth au reu\u0219it s\u0103 scoat\u0103 un uimitor 180 de cai putere. Puterea este livrat\u0103 ro\u021bilor din fa\u021b\u0103 prin intermediul unei transmisii semiautomate MTA, care func\u021bioneaz\u0103 at\u00e2t \u00een mod automat, c\u00e2t \u0219i manual. Sigur, dac\u0103 pui at\u00e2ta putere \u00eentr-o ma\u0219in\u0103 at\u00e2t de u\u0219oar\u0103, vei ob\u021bine performan\u021be spectaculoase, cum ar fi o vitez\u0103 maxim\u0103 de peste 220 de kilometri pe or\u0103. \u00cen cele din urm\u0103, pentru a \u021bine toate acestea sub control, acest Abarth 695 este echipat cu o suspensie mai rigid\u0103 \u0219i fr\u00e2ne mai mari.<\/p>\n<h2>Istoricul vehiculului<\/h2>\n<p>V\u00e2nz\u0103torul profesionist, care a achizi\u021bionat-o de cur\u00e2nd, descrie starea Abarth-ului ca fiind aproape perfect\u0103. Pe l\u00e2ng\u0103 faptul c\u0103 are un kilometraj redus pe ceas, ma\u0219ina a fost revizuit\u0103 ultima dat\u0103 \u00een ianuarie 2023, c\u00e2nd a fost schimbat uleiul de motor. La interior \u0219i la exterior, nu exist\u0103 semne de uzur\u0103, deteriorare sau rugin\u0103, singurele defecte vizuale fiind dou\u0103 zg\u00e2rieturi minore pe partea dreapt\u0103. Cu toate acestea, acestea vor fi reparate \u00een mod profesionist, f\u0103r\u0103 costuri pentru viitorul proprietar, odat\u0103 ce ma\u0219ina va fi v\u00e2ndut\u0103.<\/p>\n<p>\u00cen cele din urm\u0103, potrivit v\u00e2nz\u0103torului, ma\u0219ina, care se afl\u0103 \u00een prezent \u00een Spania, nu a fost niciodat\u0103 implicat\u0103 \u00eentr-un accident, iar raportul <a href=\"https:\/\/pistonaddict.com\/wp-content\/uploads\/2024\/01\/carfaxAbarth695.pdf\">CARFAX<\/a> Vehicle History Report corespunz\u0103tor dovede\u0219te acest lucru. ITV spaniol\u0103 (ITV) aprobat\u0103 \u0219i valabil\u0103 p\u00e2n\u0103 \u00een decembrie 2024.<\/p>\n<p><strong>Vede\u021bi videoclipul cu pornirea la rece a acestui frumos Abarth 695 Tributo Ferrari :<\/strong><\/p>\n<p><iframe title=\"Cold Start Video of the Abarth 500 Tributo Ferrari\" width=\"1200\" height=\"675\" src=\"https:\/\/www.youtube.com\/embed\/lzDg2i_JYA4?feature=oembed\" frameborder=\"0\" allow=\"accelerometer; autoplay; clipboard-write; encrypted-media; gyroscope; picture-in-picture; web-share\" allowfullscreen><\/iframe><\/p>\n<p>&nbsp;<\/p>\n","protected":false},"excerpt":{"rendered":"<p>O ma\u0219in\u0103 mic\u0103 de ora\u0219 nu trebuie s\u0103 fie neap\u0103rat doar un mod practic de a te deplasa \u00een medii \u00eenghesuite. \u00cen schimb, cu echipamentul potrivit sub capot\u0103, poate fi o adev\u0103rat\u0103 rachet\u0103 de buzunar care, dac\u0103 este \u00eembr\u0103cat\u0103 corespunz\u0103tor, arat\u0103, de asemenea, uimitor. Una dintre aceste ma\u0219ini este Abarth 500, bazat pe re\u00eencarnarea de mare succes a modelului legendar Fiat din anii &#8217;60. \u00cens\u0103 modelul special scos la licita\u021bie aici este o variant\u0103 Abarth 695 \u0219i mai condimentat\u0103, care a fost construit\u0103 \u00een 2010 \u0219i a parcurs p\u00e2n\u0103 acum doar 6.800 de kilometri. Iar pentru a ad\u0103uga un plus de exclusivitate, acesta este un model rar Tributo Ferrari, al c\u0103rui num\u0103r de produc\u021bie a fost limitat la 1.695 de unit\u0103\u021bi. A\u0219adar, s\u0103 vedem ce ofer\u0103 aceast\u0103 ma\u0219in\u0103 exclusivist\u0103 \u0219i cu aspect agresiv&#8230;<\/p>\n","protected":false},"featured_media":89383,"comment_status":"open","ping_status":"closed","template":"","meta":{"inline_featured_image":false},"product_cat":[744],"product_tag":[2922,2923,934],"acf":[],"yoast_head":"<!-- This site is optimized with the Yoast SEO plugin v22.5 - https:\/\/yoast.com\/wordpress\/plugins\/seo\/ -->\n<title>Abarth 695 Tributo Ferrari n\u00ba424 - Piston Addict<\/title>\n<meta name=\"robots\" content=\"index, follow, max-snippet:-1, max-image-preview:large, max-video-preview:-1\" \/>\n<link rel=\"canonical\" href=\"https:\/\/pistonaddict.com\/ro\/product\/abarth-695-tributo-ferrari-no424\/\" \/>\n<meta property=\"og:locale\" content=\"ro_RO\" \/>\n<meta property=\"og:type\" content=\"article\" \/>\n<meta property=\"og:title\" content=\"Abarth 695 Tributo Ferrari n\u00ba424 - Piston Addict\" \/>\n<meta property=\"og:description\" content=\"O ma\u0219in\u0103 mic\u0103 de ora\u0219 nu trebuie s\u0103 fie neap\u0103rat doar un mod practic de a te deplasa \u00een medii \u00eenghesuite. \u00cen schimb, cu echipamentul potrivit sub capot\u0103, poate fi o adev\u0103rat\u0103 rachet\u0103 de buzunar care, dac\u0103 este \u00eembr\u0103cat\u0103 corespunz\u0103tor, arat\u0103, de asemenea, uimitor. Una dintre aceste ma\u0219ini este Abarth 500, bazat pe re\u00eencarnarea de mare succes a modelului legendar Fiat din anii &#039;60. \u00cens\u0103 modelul special scos la licita\u021bie aici este o variant\u0103 Abarth 695 \u0219i mai condimentat\u0103, care a fost construit\u0103 \u00een 2010 \u0219i a parcurs p\u00e2n\u0103 acum doar 6.800 de kilometri. Iar pentru a ad\u0103uga un plus de exclusivitate, acesta este un model rar Tributo Ferrari, al c\u0103rui num\u0103r de produc\u021bie a fost limitat la 1.695 de unit\u0103\u021bi. A\u0219adar, s\u0103 vedem ce ofer\u0103 aceast\u0103 ma\u0219in\u0103 exclusivist\u0103 \u0219i cu aspect agresiv...\" \/>\n<meta property=\"og:url\" content=\"https:\/\/pistonaddict.com\/ro\/product\/abarth-695-tributo-ferrari-no424\/\" \/>\n<meta property=\"og:site_name\" content=\"Piston Addict\" \/>\n<meta property=\"article:modified_time\" content=\"2024-03-20T08:46:55+00:00\" \/>\n<meta property=\"og:image\" content=\"https:\/\/pistonaddict.com\/wp-content\/uploads\/2024\/01\/IMG-20240110-WA0149-1.jpg\" \/>\n\t<meta property=\"og:image:width\" content=\"1600\" \/>\n\t<meta property=\"og:image:height\" content=\"1200\" \/>\n\t<meta property=\"og:image:type\" content=\"image\/jpeg\" \/>\n<meta name=\"twitter:card\" content=\"summary_large_image\" \/>\n<meta name=\"twitter:label1\" content=\"Timp estimat pentru citire\" \/>\n\t<meta name=\"twitter:data1\" content=\"3 minute\" \/>\n<script type=\"application\/ld+json\" class=\"yoast-schema-graph\">{\"@context\":\"https:\/\/schema.org\",\"@graph\":[{\"@type\":\"WebPage\",\"@id\":\"https:\/\/pistonaddict.com\/ro\/product\/abarth-695-tributo-ferrari-no424\/\",\"url\":\"https:\/\/pistonaddict.com\/ro\/product\/abarth-695-tributo-ferrari-no424\/\",\"name\":\"Abarth 695 Tributo Ferrari n\u00ba424 - Piston Addict\",\"isPartOf\":{\"@id\":\"https:\/\/pistonaddict.com\/ro\/#website\"},\"primaryImageOfPage\":{\"@id\":\"https:\/\/pistonaddict.com\/ro\/product\/abarth-695-tributo-ferrari-no424\/#primaryimage\"},\"image\":{\"@id\":\"https:\/\/pistonaddict.com\/ro\/product\/abarth-695-tributo-ferrari-no424\/#primaryimage\"},\"thumbnailUrl\":\"https:\/\/pistonaddict.com\/wp-content\/uploads\/2024\/01\/IMG-20240110-WA0149-1.jpg\",\"datePublished\":\"2024-01-31T10:03:43+00:00\",\"dateModified\":\"2024-03-20T08:46:55+00:00\",\"breadcrumb\":{\"@id\":\"https:\/\/pistonaddict.com\/ro\/product\/abarth-695-tributo-ferrari-no424\/#breadcrumb\"},\"inLanguage\":\"ro-RO\",\"potentialAction\":[{\"@type\":\"ReadAction\",\"target\":[\"https:\/\/pistonaddict.com\/ro\/product\/abarth-695-tributo-ferrari-no424\/\"]}]},{\"@type\":\"ImageObject\",\"inLanguage\":\"ro-RO\",\"@id\":\"https:\/\/pistonaddict.com\/ro\/product\/abarth-695-tributo-ferrari-no424\/#primaryimage\",\"url\":\"https:\/\/pistonaddict.com\/wp-content\/uploads\/2024\/01\/IMG-20240110-WA0149-1.jpg\",\"contentUrl\":\"https:\/\/pistonaddict.com\/wp-content\/uploads\/2024\/01\/IMG-20240110-WA0149-1.jpg\",\"width\":1600,\"height\":1200},{\"@type\":\"BreadcrumbList\",\"@id\":\"https:\/\/pistonaddict.com\/ro\/product\/abarth-695-tributo-ferrari-no424\/#breadcrumb\",\"itemListElement\":[{\"@type\":\"ListItem\",\"position\":1,\"name\":\"Pagina principala\",\"item\":\"https:\/\/pistonaddict.com\/ro\/pagina-de-start\/\"},{\"@type\":\"ListItem\",\"position\":2,\"name\":\"Auctions\",\"item\":\"https:\/\/pistonaddict.com\/auctions-listing\/\"},{\"@type\":\"ListItem\",\"position\":3,\"name\":\"Abarth 695 Tributo Ferrari n\u00ba424\"}]},{\"@type\":\"WebSite\",\"@id\":\"https:\/\/pistonaddict.com\/ro\/#website\",\"url\":\"https:\/\/pistonaddict.com\/ro\/\",\"name\":\"Piston Addict\",\"description\":\"Only interesting vehicles\",\"publisher\":{\"@id\":\"https:\/\/pistonaddict.com\/ro\/#organization\"},\"potentialAction\":[{\"@type\":\"SearchAction\",\"target\":{\"@type\":\"EntryPoint\",\"urlTemplate\":\"https:\/\/pistonaddict.com\/ro\/?s={search_term_string}\"},\"query-input\":\"required name=search_term_string\"}],\"inLanguage\":\"ro-RO\"},{\"@type\":\"Organization\",\"@id\":\"https:\/\/pistonaddict.com\/ro\/#organization\",\"name\":\"Piston Addict\",\"url\":\"https:\/\/pistonaddict.com\/ro\/\",\"logo\":{\"@type\":\"ImageObject\",\"inLanguage\":\"ro-RO\",\"@id\":\"https:\/\/pistonaddict.com\/ro\/#\/schema\/logo\/image\/\",\"url\":\"https:\/\/pistonaddict.com\/wp-content\/uploads\/2022\/07\/logo-6.png\",\"contentUrl\":\"https:\/\/pistonaddict.com\/wp-content\/uploads\/2022\/07\/logo-6.png\",\"width\":970,\"height\":200,\"caption\":\"Piston Addict\"},\"image\":{\"@id\":\"https:\/\/pistonaddict.com\/ro\/#\/schema\/logo\/image\/\"}}]}<\/script>\n<!-- \/ Yoast SEO plugin. -->","yoast_head_json":{"title":"Abarth 695 Tributo Ferrari n\u00ba424 - Piston Addict","robots":{"index":"index","follow":"follow","max-snippet":"max-snippet:-1","max-image-preview":"max-image-preview:large","max-video-preview":"max-video-preview:-1"},"canonical":"https:\/\/pistonaddict.com\/ro\/product\/abarth-695-tributo-ferrari-no424\/","og_locale":"ro_RO","og_type":"article","og_title":"Abarth 695 Tributo Ferrari n\u00ba424 - Piston Addict","og_description":"O ma\u0219in\u0103 mic\u0103 de ora\u0219 nu trebuie s\u0103 fie neap\u0103rat doar un mod practic de a te deplasa \u00een medii \u00eenghesuite. \u00cen schimb, cu echipamentul potrivit sub capot\u0103, poate fi o adev\u0103rat\u0103 rachet\u0103 de buzunar care, dac\u0103 este \u00eembr\u0103cat\u0103 corespunz\u0103tor, arat\u0103, de asemenea, uimitor. Una dintre aceste ma\u0219ini este Abarth 500, bazat pe re\u00eencarnarea de mare succes a modelului legendar Fiat din anii '60. \u00cens\u0103 modelul special scos la licita\u021bie aici este o variant\u0103 Abarth 695 \u0219i mai condimentat\u0103, care a fost construit\u0103 \u00een 2010 \u0219i a parcurs p\u00e2n\u0103 acum doar 6.800 de kilometri. Iar pentru a ad\u0103uga un plus de exclusivitate, acesta este un model rar Tributo Ferrari, al c\u0103rui num\u0103r de produc\u021bie a fost limitat la 1.695 de unit\u0103\u021bi. A\u0219adar, s\u0103 vedem ce ofer\u0103 aceast\u0103 ma\u0219in\u0103 exclusivist\u0103 \u0219i cu aspect agresiv...","og_url":"https:\/\/pistonaddict.com\/ro\/product\/abarth-695-tributo-ferrari-no424\/","og_site_name":"Piston Addict","article_modified_time":"2024-03-20T08:46:55+00:00","og_image":[{"width":1600,"height":1200,"url":"https:\/\/pistonaddict.com\/wp-content\/uploads\/2024\/01\/IMG-20240110-WA0149-1.jpg","type":"image\/jpeg"}],"twitter_card":"summary_large_image","twitter_misc":{"Timp estimat pentru citire":"3 minute"},"schema":{"@context":"https:\/\/schema.org","@graph":[{"@type":"WebPage","@id":"https:\/\/pistonaddict.com\/ro\/product\/abarth-695-tributo-ferrari-no424\/","url":"https:\/\/pistonaddict.com\/ro\/product\/abarth-695-tributo-ferrari-no424\/","name":"Abarth 695 Tributo Ferrari n\u00ba424 - Piston Addict","isPartOf":{"@id":"https:\/\/pistonaddict.com\/ro\/#website"},"primaryImageOfPage":{"@id":"https:\/\/pistonaddict.com\/ro\/product\/abarth-695-tributo-ferrari-no424\/#primaryimage"},"image":{"@id":"https:\/\/pistonaddict.com\/ro\/product\/abarth-695-tributo-ferrari-no424\/#primaryimage"},"thumbnailUrl":"https:\/\/pistonaddict.com\/wp-content\/uploads\/2024\/01\/IMG-20240110-WA0149-1.jpg","datePublished":"2024-01-31T10:03:43+00:00","dateModified":"2024-03-20T08:46:55+00:00","breadcrumb":{"@id":"https:\/\/pistonaddict.com\/ro\/product\/abarth-695-tributo-ferrari-no424\/#breadcrumb"},"inLanguage":"ro-RO","potentialAction":[{"@type":"ReadAction","target":["https:\/\/pistonaddict.com\/ro\/product\/abarth-695-tributo-ferrari-no424\/"]}]},{"@type":"ImageObject","inLanguage":"ro-RO","@id":"https:\/\/pistonaddict.com\/ro\/product\/abarth-695-tributo-ferrari-no424\/#primaryimage","url":"https:\/\/pistonaddict.com\/wp-content\/uploads\/2024\/01\/IMG-20240110-WA0149-1.jpg","contentUrl":"https:\/\/pistonaddict.com\/wp-content\/uploads\/2024\/01\/IMG-20240110-WA0149-1.jpg","width":1600,"height":1200},{"@type":"BreadcrumbList","@id":"https:\/\/pistonaddict.com\/ro\/product\/abarth-695-tributo-ferrari-no424\/#breadcrumb","itemListElement":[{"@type":"ListItem","position":1,"name":"Pagina principala","item":"https:\/\/pistonaddict.com\/ro\/pagina-de-start\/"},{"@type":"ListItem","position":2,"name":"Auctions","item":"https:\/\/pistonaddict.com\/auctions-listing\/"},{"@type":"ListItem","position":3,"name":"Abarth 695 Tributo Ferrari n\u00ba424"}]},{"@type":"WebSite","@id":"https:\/\/pistonaddict.com\/ro\/#website","url":"https:\/\/pistonaddict.com\/ro\/","name":"Piston Addict","description":"Only interesting vehicles","publisher":{"@id":"https:\/\/pistonaddict.com\/ro\/#organization"},"potentialAction":[{"@type":"SearchAction","target":{"@type":"EntryPoint","urlTemplate":"https:\/\/pistonaddict.com\/ro\/?s={search_term_string}"},"query-input":"required name=search_term_string"}],"inLanguage":"ro-RO"},{"@type":"Organization","@id":"https:\/\/pistonaddict.com\/ro\/#organization","name":"Piston Addict","url":"https:\/\/pistonaddict.com\/ro\/","logo":{"@type":"ImageObject","inLanguage":"ro-RO","@id":"https:\/\/pistonaddict.com\/ro\/#\/schema\/logo\/image\/","url":"https:\/\/pistonaddict.com\/wp-content\/uploads\/2022\/07\/logo-6.png","contentUrl":"https:\/\/pistonaddict.com\/wp-content\/uploads\/2022\/07\/logo-6.png","width":970,"height":200,"caption":"Piston Addict"},"image":{"@id":"https:\/\/pistonaddict.com\/ro\/#\/schema\/logo\/image\/"}}]}},"_links":{"self":[{"href":"https:\/\/pistonaddict.com\/ro\/wp-json\/wp\/v2\/product\/89358"}],"collection":[{"href":"https:\/\/pistonaddict.com\/ro\/wp-json\/wp\/v2\/product"}],"about":[{"href":"https:\/\/pistonaddict.com\/ro\/wp-json\/wp\/v2\/types\/product"}],"replies":[{"embeddable":true,"href":"https:\/\/pistonaddict.com\/ro\/wp-json\/wp\/v2\/comments?post=89358"}],"wp:featuredmedia":[{"embeddable":true,"href":"https:\/\/pistonaddict.com\/ro\/wp-json\/wp\/v2\/media\/89383"}],"wp:attachment":[{"href":"https:\/\/pistonaddict.com\/ro\/wp-json\/wp\/v2\/media?parent=89358"}],"wp:term":[{"taxonomy":"product_cat","embeddable":true,"href":"https:\/\/pistonaddict.com\/ro\/wp-json\/wp\/v2\/product_cat?post=89358"},{"taxonomy":"product_tag","embeddable":true,"href":"https:\/\/pistonaddict.com\/ro\/wp-json\/wp\/v2\/product_tag?post=89358"}],"curies":[{"name":"wp","href":"https:\/\/api.w.org\/{rel}","templated":true}]}}