{"id":82553,"date":"2024-01-17T09:08:31","date_gmt":"2024-01-17T08:08:31","guid":{"rendered":"https:\/\/pistonaddict.com\/product\/mg-a-coupe\/"},"modified":"2024-05-29T10:47:07","modified_gmt":"2024-05-29T08:47:07","slug":"mg-a-coupe","status":"publish","type":"product","link":"https:\/\/pistonaddict.com\/ro\/product\/mg-a-coupe\/","title":{"rendered":"MG A coupe"},"content":{"rendered":"<p><strong>Istoria ma\u0219inii<\/strong><\/p>\n<p>Chiar dac\u0103 MG este acum de\u021binut\u0103 de chinezi \u0219i vinde o gam\u0103 de SUV-uri plictisitoare, aceast\u0103 marc\u0103 va fi pentru totdeauna sinonim\u0103 cu coupe-urile \u0219i roadsterele care au fost Mazda Miatas ale vremurilor sale. Mici, agile, rapide \u0219i distractive, MG-urile din acea epoc\u0103 \u00eenc\u0103 mai au ecou \u00een r\u00e2ndul entuzia\u0219tilor din \u00eentreaga lume. Cu motoare cu tura\u021bie ridicat\u0103, trac\u021biune spate, direc\u021bie precis\u0103 \u0219i performan\u021be vii, MG a dat startul \u00eentregii scene a ma\u0219inilor sport accesibile chiar \u00eenainte de cel de-al Doilea R\u0103zboi Mondial. Cu toate acestea, atunci c\u00e2nd MG A a sosit \u00een 1955, era un model de ultim\u0103 genera\u021bie, nu doar din punct de vedere al aspectului, ci \u0219i al tehnologiei. A reu\u0219it s\u0103 se v\u00e2nd\u0103 destul de bine \u00een America, ceea ce a dat companiei un impuls pentru multe modele ulterioare. Combinarea aspectului superb cu succesul \u00een motorsport a fost o formul\u0103 c\u00e2\u0219tig\u0103toare pentru MG A, ceea ce \u00eel face at\u00e2t de special \u0219i de dorit. Acest exemplar a fost produs \u00een 1959 \u0219i este modelul din seria a doua, cu un motor mai puternic de 1.600 cmc \u0219i 80 CP. A fost o cifr\u0103 semnificativ\u0103 pentru standardele de atunci \u0219i, cu o transmisie manual\u0103 cu 4 trepte cu ra\u021bie str\u00e2ns\u0103, este mai mult dec\u00e2t capabil\u0103 s\u0103 ofere ast\u0103zi acelea\u0219i emo\u021bii ca \u0219i acum at\u00e2\u021bia ani. Se \u0219tie c\u0103 MG A 1600 era echipat cu fr\u00e2ne pe disc \u00een fa\u021b\u0103, o tehnologie foarte avansat\u0103 pentru 1959. Acest exemplar este unul dintre cele doar 31.000 de exemplare produse \u00eentre 1959 \u0219i 1962, c\u00e2nd produc\u021bia de MG A s-a \u00eencheiat.<\/p>\n<p><strong>Interior<\/strong><\/p>\n<p>Finisat \u00een piele ro\u0219ie, interiorul acestui MG A Coupe 1600 din 1959 este \u00een stare ideal\u0103. Cu totul \u00een stare de func\u021bionare \u0219i cu suficient\u0103 patin\u0103 pentru a o face at\u00e2t de fermec\u0103toare, scaunele sale sunt un loc minunat pentru a v\u0103 bucura de aceast\u0103 ma\u0219in\u0103. Chiar dac\u0103 nu putem vorbi de dot\u0103ri moderne \u00eentr-un vehicul vechi de 65 de ani, exist\u0103 cadrane analogice fermec\u0103toare \u0219i un sistem de \u00eenc\u0103lzire, care ar fi fost considerate specifica\u021bii de top pe vremuri. Centurile de siguran\u021b\u0103 au fost \u00eembun\u0103t\u0103\u021bite cu centuri de siguran\u021b\u0103 mai moderne, cu trei puncte de prindere, pentru a spori siguran\u021ba \u0219i u\u0219urin\u021ba de utilizare.<\/p>\n<p><strong>Stare<\/strong><\/p>\n<p>Cu doar 51.824 de kilometri din nou (se crede c\u0103 este original), acest MG A a fost subiectul unei restaur\u0103ri u\u0219oare \u0219i atente c\u00e2ndva \u00een trecut (Pompa de ap\u0103, fr\u00e2nele spate \u0219i carbura\u021bia au fost schimbate \u00een 2022). Din fericire, fiecare detaliu a fost restaurat cu aten\u021bie, iar ma\u0219ina este \u00een stare foarte corect\u0103, f\u0103r\u0103 rugin\u0103, este complet opera\u021bional\u0103 \u0219i nu are probleme mecanice. V\u00e2nz\u0103torul a achizi\u021bionat vehiculul recent \u0219i a efectuat \u00eentre\u021binerea periodic\u0103 la sf\u00e2r\u0219itul anului 2023, iar fr\u00e2nele au fost revizuite \u00een urm\u0103 cu doar c\u00e2teva zile, \u00een ianuarie 2024.<\/p>\n<p><strong>Exterior \u0219i ro\u021bi<\/strong><\/p>\n<p>Vopseaua neagr\u0103 clasic\u0103 este \u00een stare decent\u0103, f\u0103r\u0103 lovituri \u0219i f\u0103r\u0103 zg\u00e2rieturi majore. Toate cromurile (care sunt foarte importante la ma\u0219inile clasice ca aceasta) sunt \u00een stare perfect\u0103, inclusiv grila, barele de protec\u021bie \u0219i ornamentele. Combina\u021bia negru la exterior\/ro\u0219u la interior este izbitoare \u0219i subliniaz\u0103 liniile ma\u0219inii. Jantele originale de 15 inch sunt \u00eembr\u0103cate \u00een cauciuc nou-nou\u021b, ceea ce face ca aceast\u0103 ma\u0219in\u0103 s\u0103 fie preg\u0103tit\u0103 \u00een \u00eentregime pentru urm\u0103torul proprietar \u0219i pentru plimb\u0103rile de weekend din aceast\u0103 var\u0103.<\/p>\n<p><strong>Documenta\u021bie<\/strong><\/p>\n<p>Dealerul vinde acest vehicul cu documenta\u021bia corespunz\u0103toare (toate facturile, copia certificat\u0103 a British Motor Industry Heritage Trust \u0219i manualul de utilizare) localizat\u0103 \u00een Spania. Deoarece aceast\u0103 ma\u0219in\u0103 dateaz\u0103 din 1959, nu exist\u0103 rapoarte CarFax, dar nici dovezi de accidente, repara\u021bii \u00een caz de accident, proprietate sau probleme legale. Exist\u0103 \u00eenregistr\u0103ri privind \u00eentre\u021binerea periodic\u0103 \u0219i chitan\u021be.<br \/>\n<strong>MOT spaniol\u0103 (ITV) aprobat\u0103 \u0219i valabil\u0103 p\u00e2n\u0103 \u00een august 2028.<\/strong><\/p>\n<p><strong>Vezi videoclipul de pornire la rece al acestui frumos MG A Coupe :<\/strong><\/p>\n<p><iframe title=\"Cold Start Video of MGA coupe\" width=\"1200\" height=\"675\" src=\"https:\/\/www.youtube.com\/embed\/IaLRg9Rs9iY?feature=oembed\" frameborder=\"0\" allow=\"accelerometer; autoplay; clipboard-write; encrypted-media; gyroscope; picture-in-picture; web-share\" allowfullscreen><\/iframe><\/p>\n","protected":false},"excerpt":{"rendered":"<p>Dac\u0103 am vrea s\u0103 explor\u0103m geneza ma\u0219inilor sport moderne, ar trebui s\u0103 \u00eencepem cu legendarul MG A. Cu o caroserie aerodinamic\u0103, motoare cu tura\u021bii ridicate, performan\u021be excelente (pentru acea perioad\u0103) \u0219i un pre\u021b accesibil, aceast\u0103 ma\u0219in\u0103 sport a revolu\u021bionat segmentul. A r\u0103mas unul dintre coupe-urile britanice prin excelen\u021b\u0103 din toate timpurile.<\/p>\n","protected":false},"featured_media":81152,"comment_status":"open","ping_status":"closed","template":"","meta":{"inline_featured_image":false},"product_cat":[744],"product_tag":[2867,2865,965],"acf":[],"yoast_head":"<!-- This site is optimized with the Yoast SEO plugin v22.5 - https:\/\/yoast.com\/wordpress\/plugins\/seo\/ -->\n<title>MG A coupe - Piston Addict<\/title>\n<meta name=\"robots\" content=\"index, follow, max-snippet:-1, max-image-preview:large, max-video-preview:-1\" \/>\n<link rel=\"canonical\" href=\"https:\/\/pistonaddict.com\/ro\/product\/mg-a-coupe\/\" \/>\n<meta property=\"og:locale\" content=\"ro_RO\" \/>\n<meta property=\"og:type\" content=\"article\" \/>\n<meta property=\"og:title\" content=\"MG A coupe - Piston Addict\" \/>\n<meta property=\"og:description\" content=\"Dac\u0103 am vrea s\u0103 explor\u0103m geneza ma\u0219inilor sport moderne, ar trebui s\u0103 \u00eencepem cu legendarul MG A. Cu o caroserie aerodinamic\u0103, motoare cu tura\u021bii ridicate, performan\u021be excelente (pentru acea perioad\u0103) \u0219i un pre\u021b accesibil, aceast\u0103 ma\u0219in\u0103 sport a revolu\u021bionat segmentul. A r\u0103mas unul dintre coupe-urile britanice prin excelen\u021b\u0103 din toate timpurile.\" \/>\n<meta property=\"og:url\" content=\"https:\/\/pistonaddict.com\/ro\/product\/mg-a-coupe\/\" \/>\n<meta property=\"og:site_name\" content=\"Piston Addict\" \/>\n<meta property=\"article:modified_time\" content=\"2024-05-29T08:47:07+00:00\" \/>\n<meta property=\"og:image\" content=\"https:\/\/pistonaddict.com\/wp-content\/uploads\/2024\/01\/IMG-20231031-WA0006.jpg\" \/>\n\t<meta property=\"og:image:width\" content=\"1600\" \/>\n\t<meta property=\"og:image:height\" content=\"1200\" \/>\n\t<meta property=\"og:image:type\" content=\"image\/jpeg\" \/>\n<meta name=\"twitter:card\" content=\"summary_large_image\" \/>\n<meta name=\"twitter:label1\" content=\"Timp estimat pentru citire\" \/>\n\t<meta name=\"twitter:data1\" content=\"3 minute\" \/>\n<script type=\"application\/ld+json\" class=\"yoast-schema-graph\">{\"@context\":\"https:\/\/schema.org\",\"@graph\":[{\"@type\":\"WebPage\",\"@id\":\"https:\/\/pistonaddict.com\/ro\/product\/mg-a-coupe\/\",\"url\":\"https:\/\/pistonaddict.com\/ro\/product\/mg-a-coupe\/\",\"name\":\"MG A coupe - Piston Addict\",\"isPartOf\":{\"@id\":\"https:\/\/pistonaddict.com\/ro\/#website\"},\"primaryImageOfPage\":{\"@id\":\"https:\/\/pistonaddict.com\/ro\/product\/mg-a-coupe\/#primaryimage\"},\"image\":{\"@id\":\"https:\/\/pistonaddict.com\/ro\/product\/mg-a-coupe\/#primaryimage\"},\"thumbnailUrl\":\"https:\/\/pistonaddict.com\/wp-content\/uploads\/2024\/01\/IMG-20231031-WA0006.jpg\",\"datePublished\":\"2024-01-17T08:08:31+00:00\",\"dateModified\":\"2024-05-29T08:47:07+00:00\",\"breadcrumb\":{\"@id\":\"https:\/\/pistonaddict.com\/ro\/product\/mg-a-coupe\/#breadcrumb\"},\"inLanguage\":\"ro-RO\",\"potentialAction\":[{\"@type\":\"ReadAction\",\"target\":[\"https:\/\/pistonaddict.com\/ro\/product\/mg-a-coupe\/\"]}]},{\"@type\":\"ImageObject\",\"inLanguage\":\"ro-RO\",\"@id\":\"https:\/\/pistonaddict.com\/ro\/product\/mg-a-coupe\/#primaryimage\",\"url\":\"https:\/\/pistonaddict.com\/wp-content\/uploads\/2024\/01\/IMG-20231031-WA0006.jpg\",\"contentUrl\":\"https:\/\/pistonaddict.com\/wp-content\/uploads\/2024\/01\/IMG-20231031-WA0006.jpg\",\"width\":1600,\"height\":1200},{\"@type\":\"BreadcrumbList\",\"@id\":\"https:\/\/pistonaddict.com\/ro\/product\/mg-a-coupe\/#breadcrumb\",\"itemListElement\":[{\"@type\":\"ListItem\",\"position\":1,\"name\":\"Pagina principala\",\"item\":\"https:\/\/pistonaddict.com\/ro\/pagina-de-start\/\"},{\"@type\":\"ListItem\",\"position\":2,\"name\":\"Auctions\",\"item\":\"https:\/\/pistonaddict.com\/auctions-listing\/\"},{\"@type\":\"ListItem\",\"position\":3,\"name\":\"MG A coupe\"}]},{\"@type\":\"WebSite\",\"@id\":\"https:\/\/pistonaddict.com\/ro\/#website\",\"url\":\"https:\/\/pistonaddict.com\/ro\/\",\"name\":\"Piston Addict\",\"description\":\"Only interesting vehicles\",\"publisher\":{\"@id\":\"https:\/\/pistonaddict.com\/ro\/#organization\"},\"potentialAction\":[{\"@type\":\"SearchAction\",\"target\":{\"@type\":\"EntryPoint\",\"urlTemplate\":\"https:\/\/pistonaddict.com\/ro\/?s={search_term_string}\"},\"query-input\":\"required name=search_term_string\"}],\"inLanguage\":\"ro-RO\"},{\"@type\":\"Organization\",\"@id\":\"https:\/\/pistonaddict.com\/ro\/#organization\",\"name\":\"Piston Addict\",\"url\":\"https:\/\/pistonaddict.com\/ro\/\",\"logo\":{\"@type\":\"ImageObject\",\"inLanguage\":\"ro-RO\",\"@id\":\"https:\/\/pistonaddict.com\/ro\/#\/schema\/logo\/image\/\",\"url\":\"https:\/\/pistonaddict.com\/wp-content\/uploads\/2022\/07\/logo-6.png\",\"contentUrl\":\"https:\/\/pistonaddict.com\/wp-content\/uploads\/2022\/07\/logo-6.png\",\"width\":970,\"height\":200,\"caption\":\"Piston Addict\"},\"image\":{\"@id\":\"https:\/\/pistonaddict.com\/ro\/#\/schema\/logo\/image\/\"}}]}<\/script>\n<!-- \/ Yoast SEO plugin. -->","yoast_head_json":{"title":"MG A coupe - Piston Addict","robots":{"index":"index","follow":"follow","max-snippet":"max-snippet:-1","max-image-preview":"max-image-preview:large","max-video-preview":"max-video-preview:-1"},"canonical":"https:\/\/pistonaddict.com\/ro\/product\/mg-a-coupe\/","og_locale":"ro_RO","og_type":"article","og_title":"MG A coupe - Piston Addict","og_description":"Dac\u0103 am vrea s\u0103 explor\u0103m geneza ma\u0219inilor sport moderne, ar trebui s\u0103 \u00eencepem cu legendarul MG A. Cu o caroserie aerodinamic\u0103, motoare cu tura\u021bii ridicate, performan\u021be excelente (pentru acea perioad\u0103) \u0219i un pre\u021b accesibil, aceast\u0103 ma\u0219in\u0103 sport a revolu\u021bionat segmentul. A r\u0103mas unul dintre coupe-urile britanice prin excelen\u021b\u0103 din toate timpurile.","og_url":"https:\/\/pistonaddict.com\/ro\/product\/mg-a-coupe\/","og_site_name":"Piston Addict","article_modified_time":"2024-05-29T08:47:07+00:00","og_image":[{"width":1600,"height":1200,"url":"https:\/\/pistonaddict.com\/wp-content\/uploads\/2024\/01\/IMG-20231031-WA0006.jpg","type":"image\/jpeg"}],"twitter_card":"summary_large_image","twitter_misc":{"Timp estimat pentru citire":"3 minute"},"schema":{"@context":"https:\/\/schema.org","@graph":[{"@type":"WebPage","@id":"https:\/\/pistonaddict.com\/ro\/product\/mg-a-coupe\/","url":"https:\/\/pistonaddict.com\/ro\/product\/mg-a-coupe\/","name":"MG A coupe - Piston Addict","isPartOf":{"@id":"https:\/\/pistonaddict.com\/ro\/#website"},"primaryImageOfPage":{"@id":"https:\/\/pistonaddict.com\/ro\/product\/mg-a-coupe\/#primaryimage"},"image":{"@id":"https:\/\/pistonaddict.com\/ro\/product\/mg-a-coupe\/#primaryimage"},"thumbnailUrl":"https:\/\/pistonaddict.com\/wp-content\/uploads\/2024\/01\/IMG-20231031-WA0006.jpg","datePublished":"2024-01-17T08:08:31+00:00","dateModified":"2024-05-29T08:47:07+00:00","breadcrumb":{"@id":"https:\/\/pistonaddict.com\/ro\/product\/mg-a-coupe\/#breadcrumb"},"inLanguage":"ro-RO","potentialAction":[{"@type":"ReadAction","target":["https:\/\/pistonaddict.com\/ro\/product\/mg-a-coupe\/"]}]},{"@type":"ImageObject","inLanguage":"ro-RO","@id":"https:\/\/pistonaddict.com\/ro\/product\/mg-a-coupe\/#primaryimage","url":"https:\/\/pistonaddict.com\/wp-content\/uploads\/2024\/01\/IMG-20231031-WA0006.jpg","contentUrl":"https:\/\/pistonaddict.com\/wp-content\/uploads\/2024\/01\/IMG-20231031-WA0006.jpg","width":1600,"height":1200},{"@type":"BreadcrumbList","@id":"https:\/\/pistonaddict.com\/ro\/product\/mg-a-coupe\/#breadcrumb","itemListElement":[{"@type":"ListItem","position":1,"name":"Pagina principala","item":"https:\/\/pistonaddict.com\/ro\/pagina-de-start\/"},{"@type":"ListItem","position":2,"name":"Auctions","item":"https:\/\/pistonaddict.com\/auctions-listing\/"},{"@type":"ListItem","position":3,"name":"MG A coupe"}]},{"@type":"WebSite","@id":"https:\/\/pistonaddict.com\/ro\/#website","url":"https:\/\/pistonaddict.com\/ro\/","name":"Piston Addict","description":"Only interesting vehicles","publisher":{"@id":"https:\/\/pistonaddict.com\/ro\/#organization"},"potentialAction":[{"@type":"SearchAction","target":{"@type":"EntryPoint","urlTemplate":"https:\/\/pistonaddict.com\/ro\/?s={search_term_string}"},"query-input":"required name=search_term_string"}],"inLanguage":"ro-RO"},{"@type":"Organization","@id":"https:\/\/pistonaddict.com\/ro\/#organization","name":"Piston Addict","url":"https:\/\/pistonaddict.com\/ro\/","logo":{"@type":"ImageObject","inLanguage":"ro-RO","@id":"https:\/\/pistonaddict.com\/ro\/#\/schema\/logo\/image\/","url":"https:\/\/pistonaddict.com\/wp-content\/uploads\/2022\/07\/logo-6.png","contentUrl":"https:\/\/pistonaddict.com\/wp-content\/uploads\/2022\/07\/logo-6.png","width":970,"height":200,"caption":"Piston Addict"},"image":{"@id":"https:\/\/pistonaddict.com\/ro\/#\/schema\/logo\/image\/"}}]}},"_links":{"self":[{"href":"https:\/\/pistonaddict.com\/ro\/wp-json\/wp\/v2\/product\/82553"}],"collection":[{"href":"https:\/\/pistonaddict.com\/ro\/wp-json\/wp\/v2\/product"}],"about":[{"href":"https:\/\/pistonaddict.com\/ro\/wp-json\/wp\/v2\/types\/product"}],"replies":[{"embeddable":true,"href":"https:\/\/pistonaddict.com\/ro\/wp-json\/wp\/v2\/comments?post=82553"}],"wp:featuredmedia":[{"embeddable":true,"href":"https:\/\/pistonaddict.com\/ro\/wp-json\/wp\/v2\/media\/81152"}],"wp:attachment":[{"href":"https:\/\/pistonaddict.com\/ro\/wp-json\/wp\/v2\/media?parent=82553"}],"wp:term":[{"taxonomy":"product_cat","embeddable":true,"href":"https:\/\/pistonaddict.com\/ro\/wp-json\/wp\/v2\/product_cat?post=82553"},{"taxonomy":"product_tag","embeddable":true,"href":"https:\/\/pistonaddict.com\/ro\/wp-json\/wp\/v2\/product_tag?post=82553"}],"curies":[{"name":"wp","href":"https:\/\/api.w.org\/{rel}","templated":true}]}}