{"id":79067,"date":"2023-12-13T14:41:14","date_gmt":"2023-12-13T13:41:14","guid":{"rendered":"https:\/\/pistonaddict.com\/product\/alpine-a110\/"},"modified":"2024-03-20T09:42:59","modified_gmt":"2024-03-20T08:42:59","slug":"alpine-a110","status":"publish","type":"product","link":"https:\/\/pistonaddict.com\/ro\/product\/alpine-a110\/","title":{"rendered":"Alpine A110"},"content":{"rendered":"<p><strong>Istoria ma\u0219inii<\/strong><\/p>\n<p>Pentru genera\u021biile de iubitori de ma\u0219ini sport care au crescut \u00een anii &#8217;60 \u0219i &#8217;70, numele Alpine este sinonim cu campionatele de raliu, performan\u021bele puternice \u0219i prezen\u021ba de neegalat pe strad\u0103. Chiar dac\u0103 Alpine folosea componente Renault standard, ma\u0219inile aveau aproape un aspect de supercar \u0219i erau preferate de entuzia\u0219ti pentru aspectul \u0219i dinamica de condus. Dar la \u00eenceputul anilor &#8217;90, marca a disp\u0103rut, fiind aproape uitat\u0103 de to\u021bi, cu excep\u021bia celor mai \u00eenfoca\u021bi fani. Din fericire, Renault a \u00een\u021beles c\u00e2t de important este poten\u021bialul acestui nume legendar \u0219i a investit masiv \u00eentr-un model nou, cu o caroserie complet din aluminiu, un motor pozi\u021bionat central \u0219i o transmisie cu dublu ambreiaj rapid\u0103. Combinarea aspectului iconic \u0219i retro-futurist cu motorul Clio RS \u0219i set\u0103rile personalizate ale caroseriei \u0219i suspensiei au creat un clasic instantaneu \u0219i, probabil, cea mai bun\u0103 ma\u0219in\u0103 sport a deceniului. Motorul turbo de 1,8 litri care trimite puterea c\u0103tre ro\u021bile din spate poate lansa acest superb vehicul cu dou\u0103 locuri \u00eentr-un timp destul de conving\u0103tor de 4,5 secunde de la 0 la 100 km\/h (60 mph). Cu toate acestea, cifrele nu fac dreptate acestei ma\u0219ini. Cu o greutate la gol de pu\u021bin peste o ton\u0103, Alpine A110 zboar\u0103 peste curbe \u0219i se manevreaz\u0103 ca un vis. Dinamica de conducere de neegalat este tocmai motivul pentru care este un \u00eendr\u0103git al multor reviste de specialitate.<\/p>\n<p><strong>Interior<\/strong><\/p>\n<p>Deoarece acest model este relativ nou \u0219i are un kilometraj redus, interiorul din piele este \u00een stare ca nou, f\u0103r\u0103 semne de uzur\u0103. Cump\u0103r\u0103torii experimenta\u021bi vor observa c\u0103 scaunele op\u021bionale &#8220;GT&#8221; sunt prezente, ceea ce este un plus binevenit, precum \u0219i unele piese de finisare din carbon pentru acel aspect motorsport. Important este \u00eens\u0103 sistemul audio premium Focal, care este o op\u021biune rar\u0103.<\/p>\n<p><strong>Stare<\/strong><\/p>\n<p>Exemplarul particular a fost livrat nou \u00een 2021, iar de atunci a parcurs pu\u021bin peste 30.000 km. Este o ma\u0219in\u0103 bine \u00eengrijit\u0103, care a fost folosit\u0103 pentru a conduce cu pl\u0103cere, a\u0219a cum a fost inventat\u0103 de constructorii s\u0103i. Nu a fost niciodat\u0103 urm\u0103rit sau deteriorat de doi proprietari grijulii de la nou. De fapt, proprietarul ini\u021bial a fost directorul comercial al Alpine Spania. Ultima revizie a fost efectuat\u0103 \u00een noiembrie 2023, iar fr\u00e2nele au fost revizuite recent, \u00een decembrie 2023. Schimbul de ulei anterior a fost f\u0103cut \u00een septembrie. <strong>Acest Alpine A110 se afl\u0103 \u00eenc\u0103 \u00een garan\u021bie din fabric\u0103 p\u00e2n\u0103 \u00een noiembrie 2024, astfel c\u0103 toate lucr\u0103rile de \u00eentre\u021binere au fost efectuate de un service oficial din Spania<\/strong>.<\/p>\n<p><strong> <\/strong><strong>Exterior \u0219i ro\u021bi<\/strong><\/p>\n<p>Vopsit \u00een alb, cu un pachet grafic foarte interesant, acest Alpine A110 are un aspect unic, cu jante speciale de 18 inch, exclusiv Alpine. Caroseria este de neegalat, f\u0103r\u0103 daune, lovituri sau zg\u00e2rieturi, iar anvelopele sunt \u00een stare decent\u0103, cu 50% folosite, potrivit v\u00e2nz\u0103torului. Anvelopele sunt Michelin Pilot Sport \u0219i au fost fabricate la sf\u00e2r\u0219itul anului 2021.<\/p>\n<p><strong>Documenta\u021bie<\/strong><\/p>\n<p>Dealerul vinde acest vehicul cu documenta\u021bia corespunz\u0103toare, situat \u00een Spania. <a href=\"https:\/\/pistonaddict.com\/wp-content\/uploads\/2023\/12\/AlpineA110.pdf\">Raportul CarFax<\/a> este curat; nu exist\u0103 dovezi de accidente, repara\u021bii \u00een caz de accident, proprietate sau probleme legale. Exist\u0103 registre de \u00eentre\u021binere periodic\u0103, facturi de v\u00e2nzare \u0219i chitan\u021be. Acest Alpine A110 este \u00eenc\u0103 acoperit de o garan\u021bie din fabric\u0103, care este transferabil\u0103 urm\u0103torului proprietar.<\/p>\n<p><strong>Vede\u021bi videoclipul cu pornirea la rece a acestui frumos Alpine A110 :<\/strong><\/p>\n<p><iframe title=\"Cold Start Video of this great Alpine A110 for auction sale\" width=\"1200\" height=\"675\" src=\"https:\/\/www.youtube.com\/embed\/FlqeDNY4UtI?feature=oembed\" frameborder=\"0\" allow=\"accelerometer; autoplay; clipboard-write; encrypted-media; gyroscope; picture-in-picture; web-share\" allowfullscreen><\/iframe><\/p>\n","protected":false},"excerpt":{"rendered":"<p>Cea mai tare ma\u0219in\u0103 sport din ultimii doi ani nu este Ferrari, Lamborghini sau McLaren. Este Alpine A110, cu o caroserie personalizat\u0103, foarte u\u0219oar\u0103, un motor turbo cu patru cilindri plin de via\u021b\u0103 \u0219i performan\u021be vii. Acest vehicul cu dou\u0103 locuri le-a reamintit fanilor ma\u0219inilor sport ce \u00eenseamn\u0103 s\u0103 conduci \u0219i a readus \u00een mod triumf\u0103tor legendara marc\u0103 pe pia\u021b\u0103. Ast\u0103zi, suntem m\u00e2ndri s\u0103 v\u0103 prezent\u0103m unul dintre cele mai bune exemplare ale acestei ma\u0219ini sport extrem de influente.<\/p>\n","protected":false},"featured_media":78363,"comment_status":"open","ping_status":"closed","template":"","meta":{"inline_featured_image":false},"product_cat":[744],"product_tag":[2839,2836,934],"acf":[],"yoast_head":"<!-- This site is optimized with the Yoast SEO plugin v22.5 - https:\/\/yoast.com\/wordpress\/plugins\/seo\/ -->\n<title>Alpine A110 licita\u021bie - Piston Addict<\/title>\n<meta name=\"robots\" content=\"index, follow, max-snippet:-1, max-image-preview:large, max-video-preview:-1\" \/>\n<link rel=\"canonical\" href=\"https:\/\/pistonaddict.com\/ro\/product\/alpine-a110\/\" \/>\n<meta property=\"og:locale\" content=\"ro_RO\" \/>\n<meta property=\"og:type\" content=\"article\" \/>\n<meta property=\"og:title\" content=\"Alpine A110 licita\u021bie - Piston Addict\" \/>\n<meta property=\"og:description\" content=\"Cea mai tare ma\u0219in\u0103 sport din ultimii doi ani nu este Ferrari, Lamborghini sau McLaren. Este Alpine A110, cu o caroserie personalizat\u0103, foarte u\u0219oar\u0103, un motor turbo cu patru cilindri plin de via\u021b\u0103 \u0219i performan\u021be vii. Acest vehicul cu dou\u0103 locuri le-a reamintit fanilor ma\u0219inilor sport ce \u00eenseamn\u0103 s\u0103 conduci \u0219i a readus \u00een mod triumf\u0103tor legendara marc\u0103 pe pia\u021b\u0103. Ast\u0103zi, suntem m\u00e2ndri s\u0103 v\u0103 prezent\u0103m unul dintre cele mai bune exemplare ale acestei ma\u0219ini sport extrem de influente.\" \/>\n<meta property=\"og:url\" content=\"https:\/\/pistonaddict.com\/ro\/product\/alpine-a110\/\" \/>\n<meta property=\"og:site_name\" content=\"Piston Addict\" \/>\n<meta property=\"article:modified_time\" content=\"2024-03-20T08:42:59+00:00\" \/>\n<meta property=\"og:image\" content=\"https:\/\/pistonaddict.com\/wp-content\/uploads\/2023\/12\/4517LTW_01.jpg\" \/>\n\t<meta property=\"og:image:width\" content=\"1440\" \/>\n\t<meta property=\"og:image:height\" content=\"1080\" \/>\n\t<meta property=\"og:image:type\" content=\"image\/jpeg\" \/>\n<meta name=\"twitter:card\" content=\"summary_large_image\" \/>\n<meta name=\"twitter:label1\" content=\"Timp estimat pentru citire\" \/>\n\t<meta name=\"twitter:data1\" content=\"3 minute\" \/>\n<script type=\"application\/ld+json\" class=\"yoast-schema-graph\">{\"@context\":\"https:\/\/schema.org\",\"@graph\":[{\"@type\":\"WebPage\",\"@id\":\"https:\/\/pistonaddict.com\/ro\/product\/alpine-a110\/\",\"url\":\"https:\/\/pistonaddict.com\/ro\/product\/alpine-a110\/\",\"name\":\"Alpine A110 licita\u021bie - Piston Addict\",\"isPartOf\":{\"@id\":\"https:\/\/pistonaddict.com\/ro\/#website\"},\"primaryImageOfPage\":{\"@id\":\"https:\/\/pistonaddict.com\/ro\/product\/alpine-a110\/#primaryimage\"},\"image\":{\"@id\":\"https:\/\/pistonaddict.com\/ro\/product\/alpine-a110\/#primaryimage\"},\"thumbnailUrl\":\"https:\/\/pistonaddict.com\/wp-content\/uploads\/2023\/12\/4517LTW_01.jpg\",\"datePublished\":\"2023-12-13T13:41:14+00:00\",\"dateModified\":\"2024-03-20T08:42:59+00:00\",\"breadcrumb\":{\"@id\":\"https:\/\/pistonaddict.com\/ro\/product\/alpine-a110\/#breadcrumb\"},\"inLanguage\":\"ro-RO\",\"potentialAction\":[{\"@type\":\"ReadAction\",\"target\":[\"https:\/\/pistonaddict.com\/ro\/product\/alpine-a110\/\"]}]},{\"@type\":\"ImageObject\",\"inLanguage\":\"ro-RO\",\"@id\":\"https:\/\/pistonaddict.com\/ro\/product\/alpine-a110\/#primaryimage\",\"url\":\"https:\/\/pistonaddict.com\/wp-content\/uploads\/2023\/12\/4517LTW_01.jpg\",\"contentUrl\":\"https:\/\/pistonaddict.com\/wp-content\/uploads\/2023\/12\/4517LTW_01.jpg\",\"width\":1440,\"height\":1080},{\"@type\":\"BreadcrumbList\",\"@id\":\"https:\/\/pistonaddict.com\/ro\/product\/alpine-a110\/#breadcrumb\",\"itemListElement\":[{\"@type\":\"ListItem\",\"position\":1,\"name\":\"Pagina principala\",\"item\":\"https:\/\/pistonaddict.com\/ro\/pagina-de-start\/\"},{\"@type\":\"ListItem\",\"position\":2,\"name\":\"Auctions\",\"item\":\"https:\/\/pistonaddict.com\/auctions-listing\/\"},{\"@type\":\"ListItem\",\"position\":3,\"name\":\"Alpine A110\"}]},{\"@type\":\"WebSite\",\"@id\":\"https:\/\/pistonaddict.com\/ro\/#website\",\"url\":\"https:\/\/pistonaddict.com\/ro\/\",\"name\":\"Piston Addict\",\"description\":\"Only interesting vehicles\",\"publisher\":{\"@id\":\"https:\/\/pistonaddict.com\/ro\/#organization\"},\"potentialAction\":[{\"@type\":\"SearchAction\",\"target\":{\"@type\":\"EntryPoint\",\"urlTemplate\":\"https:\/\/pistonaddict.com\/ro\/?s={search_term_string}\"},\"query-input\":\"required name=search_term_string\"}],\"inLanguage\":\"ro-RO\"},{\"@type\":\"Organization\",\"@id\":\"https:\/\/pistonaddict.com\/ro\/#organization\",\"name\":\"Piston Addict\",\"url\":\"https:\/\/pistonaddict.com\/ro\/\",\"logo\":{\"@type\":\"ImageObject\",\"inLanguage\":\"ro-RO\",\"@id\":\"https:\/\/pistonaddict.com\/ro\/#\/schema\/logo\/image\/\",\"url\":\"https:\/\/pistonaddict.com\/wp-content\/uploads\/2022\/07\/logo-6.png\",\"contentUrl\":\"https:\/\/pistonaddict.com\/wp-content\/uploads\/2022\/07\/logo-6.png\",\"width\":970,\"height\":200,\"caption\":\"Piston Addict\"},\"image\":{\"@id\":\"https:\/\/pistonaddict.com\/ro\/#\/schema\/logo\/image\/\"}}]}<\/script>\n<!-- \/ Yoast SEO plugin. -->","yoast_head_json":{"title":"Alpine A110 licita\u021bie - Piston Addict","robots":{"index":"index","follow":"follow","max-snippet":"max-snippet:-1","max-image-preview":"max-image-preview:large","max-video-preview":"max-video-preview:-1"},"canonical":"https:\/\/pistonaddict.com\/ro\/product\/alpine-a110\/","og_locale":"ro_RO","og_type":"article","og_title":"Alpine A110 licita\u021bie - Piston Addict","og_description":"Cea mai tare ma\u0219in\u0103 sport din ultimii doi ani nu este Ferrari, Lamborghini sau McLaren. Este Alpine A110, cu o caroserie personalizat\u0103, foarte u\u0219oar\u0103, un motor turbo cu patru cilindri plin de via\u021b\u0103 \u0219i performan\u021be vii. Acest vehicul cu dou\u0103 locuri le-a reamintit fanilor ma\u0219inilor sport ce \u00eenseamn\u0103 s\u0103 conduci \u0219i a readus \u00een mod triumf\u0103tor legendara marc\u0103 pe pia\u021b\u0103. Ast\u0103zi, suntem m\u00e2ndri s\u0103 v\u0103 prezent\u0103m unul dintre cele mai bune exemplare ale acestei ma\u0219ini sport extrem de influente.","og_url":"https:\/\/pistonaddict.com\/ro\/product\/alpine-a110\/","og_site_name":"Piston Addict","article_modified_time":"2024-03-20T08:42:59+00:00","og_image":[{"width":1440,"height":1080,"url":"https:\/\/pistonaddict.com\/wp-content\/uploads\/2023\/12\/4517LTW_01.jpg","type":"image\/jpeg"}],"twitter_card":"summary_large_image","twitter_misc":{"Timp estimat pentru citire":"3 minute"},"schema":{"@context":"https:\/\/schema.org","@graph":[{"@type":"WebPage","@id":"https:\/\/pistonaddict.com\/ro\/product\/alpine-a110\/","url":"https:\/\/pistonaddict.com\/ro\/product\/alpine-a110\/","name":"Alpine A110 licita\u021bie - Piston Addict","isPartOf":{"@id":"https:\/\/pistonaddict.com\/ro\/#website"},"primaryImageOfPage":{"@id":"https:\/\/pistonaddict.com\/ro\/product\/alpine-a110\/#primaryimage"},"image":{"@id":"https:\/\/pistonaddict.com\/ro\/product\/alpine-a110\/#primaryimage"},"thumbnailUrl":"https:\/\/pistonaddict.com\/wp-content\/uploads\/2023\/12\/4517LTW_01.jpg","datePublished":"2023-12-13T13:41:14+00:00","dateModified":"2024-03-20T08:42:59+00:00","breadcrumb":{"@id":"https:\/\/pistonaddict.com\/ro\/product\/alpine-a110\/#breadcrumb"},"inLanguage":"ro-RO","potentialAction":[{"@type":"ReadAction","target":["https:\/\/pistonaddict.com\/ro\/product\/alpine-a110\/"]}]},{"@type":"ImageObject","inLanguage":"ro-RO","@id":"https:\/\/pistonaddict.com\/ro\/product\/alpine-a110\/#primaryimage","url":"https:\/\/pistonaddict.com\/wp-content\/uploads\/2023\/12\/4517LTW_01.jpg","contentUrl":"https:\/\/pistonaddict.com\/wp-content\/uploads\/2023\/12\/4517LTW_01.jpg","width":1440,"height":1080},{"@type":"BreadcrumbList","@id":"https:\/\/pistonaddict.com\/ro\/product\/alpine-a110\/#breadcrumb","itemListElement":[{"@type":"ListItem","position":1,"name":"Pagina principala","item":"https:\/\/pistonaddict.com\/ro\/pagina-de-start\/"},{"@type":"ListItem","position":2,"name":"Auctions","item":"https:\/\/pistonaddict.com\/auctions-listing\/"},{"@type":"ListItem","position":3,"name":"Alpine A110"}]},{"@type":"WebSite","@id":"https:\/\/pistonaddict.com\/ro\/#website","url":"https:\/\/pistonaddict.com\/ro\/","name":"Piston Addict","description":"Only interesting vehicles","publisher":{"@id":"https:\/\/pistonaddict.com\/ro\/#organization"},"potentialAction":[{"@type":"SearchAction","target":{"@type":"EntryPoint","urlTemplate":"https:\/\/pistonaddict.com\/ro\/?s={search_term_string}"},"query-input":"required name=search_term_string"}],"inLanguage":"ro-RO"},{"@type":"Organization","@id":"https:\/\/pistonaddict.com\/ro\/#organization","name":"Piston Addict","url":"https:\/\/pistonaddict.com\/ro\/","logo":{"@type":"ImageObject","inLanguage":"ro-RO","@id":"https:\/\/pistonaddict.com\/ro\/#\/schema\/logo\/image\/","url":"https:\/\/pistonaddict.com\/wp-content\/uploads\/2022\/07\/logo-6.png","contentUrl":"https:\/\/pistonaddict.com\/wp-content\/uploads\/2022\/07\/logo-6.png","width":970,"height":200,"caption":"Piston Addict"},"image":{"@id":"https:\/\/pistonaddict.com\/ro\/#\/schema\/logo\/image\/"}}]}},"_links":{"self":[{"href":"https:\/\/pistonaddict.com\/ro\/wp-json\/wp\/v2\/product\/79067"}],"collection":[{"href":"https:\/\/pistonaddict.com\/ro\/wp-json\/wp\/v2\/product"}],"about":[{"href":"https:\/\/pistonaddict.com\/ro\/wp-json\/wp\/v2\/types\/product"}],"replies":[{"embeddable":true,"href":"https:\/\/pistonaddict.com\/ro\/wp-json\/wp\/v2\/comments?post=79067"}],"wp:featuredmedia":[{"embeddable":true,"href":"https:\/\/pistonaddict.com\/ro\/wp-json\/wp\/v2\/media\/78363"}],"wp:attachment":[{"href":"https:\/\/pistonaddict.com\/ro\/wp-json\/wp\/v2\/media?parent=79067"}],"wp:term":[{"taxonomy":"product_cat","embeddable":true,"href":"https:\/\/pistonaddict.com\/ro\/wp-json\/wp\/v2\/product_cat?post=79067"},{"taxonomy":"product_tag","embeddable":true,"href":"https:\/\/pistonaddict.com\/ro\/wp-json\/wp\/v2\/product_tag?post=79067"}],"curies":[{"name":"wp","href":"https:\/\/api.w.org\/{rel}","templated":true}]}}