{"id":78323,"date":"2023-12-13T10:17:52","date_gmt":"2023-12-13T09:17:52","guid":{"rendered":"https:\/\/pistonaddict.com\/product\/fisker-karma-signature-edition\/"},"modified":"2024-03-20T09:42:47","modified_gmt":"2024-03-20T08:42:47","slug":"fisker-karma-signature-edition","status":"publish","type":"product","link":"https:\/\/pistonaddict.com\/ro\/product\/fisker-karma-signature-edition\/","title":{"rendered":"Fisker Karma Signature Edition"},"content":{"rendered":"<p><strong>Istoria ma\u0219inii<\/strong><\/p>\n<p>\u00cenainte ca Karma s\u0103 explodeze pe pia\u021b\u0103 \u00een 2011, hibrizii erau vehicule destul de plictisitoare \u0219i neatractive. Dar apoi, Fisker a prezentat Karma cu un design atr\u0103g\u0103tor, o siluet\u0103 joas\u0103, o pozi\u021bie musculoas\u0103 \u0219i forme unice. A fost \u0219i \u00eenc\u0103 este ceva extraordinar. Sub caroseria seduc\u0103toare se afl\u0103 o multitudine de tehnologii inovatoare. Motorul principal este un motor turbo de 2,0 litri de la GM cu 260 CP \u0219i dou\u0103 motoare electrice pe puntea spate. Un pachet de baterii de 20,1 kWh alimenteaz\u0103 motoarele electrice de 120 kW fiecare (403 CP).<\/p>\n<p>Interesant este faptul c\u0103 bateriile sunt plasate \u00een centrul ma\u0219inii, ceea ce \u00eei confer\u0103 modelului Karma un centru de greutate sc\u0103zut \u0219i o \u021binut\u0103 de drum excelent\u0103. Principiul de lucru este, de asemenea, unic. Vehiculul, cu transmisie automat\u0103, avea o autonomie de aproximativ 80 km doar cu ajutorul energiei electrice. Cu toate acestea, atunci c\u00e2nd bateriile sunt desc\u0103rcate, \u0219oferul va activa motorul pe benzin\u0103, care alimenteaz\u0103 generatorul care alimenteaz\u0103 motoarele electrice. A\u0219adar, Karma este un hibrid benzin\u0103-electric, cu un accent deosebit pe partea electric\u0103. Acest model a fost livrat unui membru al familiei Fisker \u0219i unuia dintre investitorii ini\u021biali, ceea ce \u00eel face o parte extraordinar\u0103 din istoria companiei.<\/p>\n<p><strong>Interior<\/strong><\/p>\n<p>Interiorul acestui exemplar prezint\u0103 o combina\u021bie de piele neagr\u0103 \u0219i maro, ceea ce \u00eel face un loc fermec\u0103tor. Nu exist\u0103 zg\u00e2rieturi pe scaune \u0219i totul este func\u021bional. Acesta este echipat op\u021bional cu un sistem de infotainment cu afi\u0219aj pe tabloul de bord.<\/p>\n<p><strong>Stare<\/strong><\/p>\n<p>Cu 80.000 km, cu un istoric de service complet, cu un singur proprietar, aceast\u0103 Karma este \u00een stare ideal\u0103. Nu exist\u0103 accidente sau daune, iar interiorul este \u00een stare nou\u0103. Interesant este c\u0103 Karma este echipat cu un acoperi\u0219 cu panouri solare, care transform\u0103 energia solar\u0103 \u00een electricitate \u0219i opre\u0219te bateria atunci c\u00e2nd este nevoie. \u00cen acest exemplu, acoperi\u0219ul solar este prezent \u0219i \u00een perfect\u0103 stare de func\u021bionare. <strong>Acest exemplar particular este num\u0103rul 61 din 100 de exemplare fabricate cu pachetul Signature Edition<\/strong>, ceea ce este esen\u021bial, deoarece istoria sa poate fi urm\u0103rit\u0103 \u00een cadrul comunit\u0103\u021bii Fisker. Deoarece acest exemplar are o semnifica\u021bie istoric\u0103, a fost \u00eentre\u021binut de unul dintre cei mai buni speciali\u0219ti Fisker din lume, cu \u00eenregistr\u0103ri de \u00eentre\u021binere regulate disponibile. Ultima revizie \u0219i ultimul schimb de ulei au fost efectuate \u00een octombrie 2023, iar fr\u00e2nele au fost revizuite cu doar c\u00e2teva zile \u00een urm\u0103, \u00een decembrie 2023.<\/p>\n<p><strong>Exterior \u0219i ro\u021bi<\/strong><\/p>\n<p>Vopseaua argintie unic\u0103 se potrive\u0219te perfect cu interiorul \u00een dou\u0103 tonuri, f\u0103r\u0103 zg\u00e2rieturi \u0219i lovituri. Ma\u0219ina va fi livrat\u0103 cu anvelope de iarn\u0103 de 21 de inch \u00een stare perfect\u0103. Jantele de 22 de inch cu anvelope de var\u0103 au un cost suplimentar. Anvelopele sunt din 2023.<\/p>\n<p><strong>Documenta\u021bie<\/strong><\/p>\n<p>V\u00e2nz\u0103torul privat vinde acest vehicul cu documenta\u021bia corespunz\u0103toare, situat \u00een Germania. Raportul <a href=\"https:\/\/pistonaddict.com\/wp-content\/uploads\/2023\/12\/FiskerKarma.pdf\">CarVertical<\/a> este curat; nu exist\u0103 dovezi de accidente, repara\u021bii \u00een caz de accident, proprietate sau probleme juridice. Exist\u0103 registre de \u00eentre\u021binere periodic\u0103, facturi de v\u00e2nzare \u0219i chitan\u021be. Nu exist\u0103 garan\u021bie din fabric\u0103 pentru acest model.<\/p>\n<p><strong><br \/>\nVezi videoclipul de pornire la rece al acestui frumos Fisker Karma silver Signature :<\/strong><\/p>\n<p><iframe title=\"Cold Start Video of the Fisker Karma Signature for auction sale\" width=\"1200\" height=\"675\" src=\"https:\/\/www.youtube.com\/embed\/sOmYYpDT2U8?feature=oembed\" frameborder=\"0\" allow=\"accelerometer; autoplay; clipboard-write; encrypted-media; gyroscope; picture-in-picture; web-share\" allowfullscreen><\/iframe><\/p>\n","protected":false},"excerpt":{"rendered":"<p>Fisker Karma nu este doar un hibrid revolu\u021bionar, ci \u0219i una dintre cele mai cool ma\u0219ini din secolul XXI. Cu pu\u021bin peste 3000 de exemplare fabricate, este rar, dar acesta este \u0219i mai rar. Karma 2012 argintie pe care o oferim ast\u0103zi este un model Signature Edition 1 din 100 \u0219i a fost chiar semnat personal de Henrik Fisker, proprietarul companiei. Dac\u0103 sunte\u021bi \u00een c\u0103utarea unui vis de colec\u021bionar, acesta este.<\/p>\n","protected":false},"featured_media":77671,"comment_status":"open","ping_status":"closed","template":"","meta":{"inline_featured_image":false},"product_cat":[744],"product_tag":[2776,2778,1844,1845,934],"acf":[],"yoast_head":"<!-- This site is optimized with the Yoast SEO plugin v22.5 - https:\/\/yoast.com\/wordpress\/plugins\/seo\/ -->\n<title>Fisker Karma Signature Edition licita\u021bie - Piston Addict<\/title>\n<meta name=\"robots\" content=\"index, follow, max-snippet:-1, max-image-preview:large, max-video-preview:-1\" \/>\n<link rel=\"canonical\" href=\"https:\/\/pistonaddict.com\/ro\/product\/fisker-karma-signature-edition\/\" \/>\n<meta property=\"og:locale\" content=\"ro_RO\" \/>\n<meta property=\"og:type\" content=\"article\" \/>\n<meta property=\"og:title\" content=\"Fisker Karma Signature Edition licita\u021bie - Piston Addict\" \/>\n<meta property=\"og:description\" content=\"Fisker Karma nu este doar un hibrid revolu\u021bionar, ci \u0219i una dintre cele mai cool ma\u0219ini din secolul XXI. Cu pu\u021bin peste 3000 de exemplare fabricate, este rar, dar acesta este \u0219i mai rar. Karma 2012 argintie pe care o oferim ast\u0103zi este un model Signature Edition 1 din 100 \u0219i a fost chiar semnat personal de Henrik Fisker, proprietarul companiei. Dac\u0103 sunte\u021bi \u00een c\u0103utarea unui vis de colec\u021bionar, acesta este.\" \/>\n<meta property=\"og:url\" content=\"https:\/\/pistonaddict.com\/ro\/product\/fisker-karma-signature-edition\/\" \/>\n<meta property=\"og:site_name\" content=\"Piston Addict\" \/>\n<meta property=\"article:modified_time\" content=\"2024-03-20T08:42:47+00:00\" \/>\n<meta property=\"og:image\" content=\"https:\/\/pistonaddict.com\/wp-content\/uploads\/2023\/12\/20210129_085341.jpg\" \/>\n\t<meta property=\"og:image:width\" content=\"1762\" \/>\n\t<meta property=\"og:image:height\" content=\"752\" \/>\n\t<meta property=\"og:image:type\" content=\"image\/jpeg\" \/>\n<meta name=\"twitter:card\" content=\"summary_large_image\" \/>\n<meta name=\"twitter:label1\" content=\"Timp estimat pentru citire\" \/>\n\t<meta name=\"twitter:data1\" content=\"3 minute\" \/>\n<script type=\"application\/ld+json\" class=\"yoast-schema-graph\">{\"@context\":\"https:\/\/schema.org\",\"@graph\":[{\"@type\":\"WebPage\",\"@id\":\"https:\/\/pistonaddict.com\/ro\/product\/fisker-karma-signature-edition\/\",\"url\":\"https:\/\/pistonaddict.com\/ro\/product\/fisker-karma-signature-edition\/\",\"name\":\"Fisker Karma Signature Edition licita\u021bie - Piston Addict\",\"isPartOf\":{\"@id\":\"https:\/\/pistonaddict.com\/ro\/#website\"},\"primaryImageOfPage\":{\"@id\":\"https:\/\/pistonaddict.com\/ro\/product\/fisker-karma-signature-edition\/#primaryimage\"},\"image\":{\"@id\":\"https:\/\/pistonaddict.com\/ro\/product\/fisker-karma-signature-edition\/#primaryimage\"},\"thumbnailUrl\":\"https:\/\/pistonaddict.com\/wp-content\/uploads\/2023\/12\/20210129_085341.jpg\",\"datePublished\":\"2023-12-13T09:17:52+00:00\",\"dateModified\":\"2024-03-20T08:42:47+00:00\",\"breadcrumb\":{\"@id\":\"https:\/\/pistonaddict.com\/ro\/product\/fisker-karma-signature-edition\/#breadcrumb\"},\"inLanguage\":\"ro-RO\",\"potentialAction\":[{\"@type\":\"ReadAction\",\"target\":[\"https:\/\/pistonaddict.com\/ro\/product\/fisker-karma-signature-edition\/\"]}]},{\"@type\":\"ImageObject\",\"inLanguage\":\"ro-RO\",\"@id\":\"https:\/\/pistonaddict.com\/ro\/product\/fisker-karma-signature-edition\/#primaryimage\",\"url\":\"https:\/\/pistonaddict.com\/wp-content\/uploads\/2023\/12\/20210129_085341.jpg\",\"contentUrl\":\"https:\/\/pistonaddict.com\/wp-content\/uploads\/2023\/12\/20210129_085341.jpg\",\"width\":1762,\"height\":752},{\"@type\":\"BreadcrumbList\",\"@id\":\"https:\/\/pistonaddict.com\/ro\/product\/fisker-karma-signature-edition\/#breadcrumb\",\"itemListElement\":[{\"@type\":\"ListItem\",\"position\":1,\"name\":\"Pagina principala\",\"item\":\"https:\/\/pistonaddict.com\/ro\/pagina-de-start\/\"},{\"@type\":\"ListItem\",\"position\":2,\"name\":\"Auctions\",\"item\":\"https:\/\/pistonaddict.com\/auctions-listing\/\"},{\"@type\":\"ListItem\",\"position\":3,\"name\":\"Fisker Karma Signature Edition\"}]},{\"@type\":\"WebSite\",\"@id\":\"https:\/\/pistonaddict.com\/ro\/#website\",\"url\":\"https:\/\/pistonaddict.com\/ro\/\",\"name\":\"Piston Addict\",\"description\":\"Only interesting vehicles\",\"publisher\":{\"@id\":\"https:\/\/pistonaddict.com\/ro\/#organization\"},\"potentialAction\":[{\"@type\":\"SearchAction\",\"target\":{\"@type\":\"EntryPoint\",\"urlTemplate\":\"https:\/\/pistonaddict.com\/ro\/?s={search_term_string}\"},\"query-input\":\"required name=search_term_string\"}],\"inLanguage\":\"ro-RO\"},{\"@type\":\"Organization\",\"@id\":\"https:\/\/pistonaddict.com\/ro\/#organization\",\"name\":\"Piston Addict\",\"url\":\"https:\/\/pistonaddict.com\/ro\/\",\"logo\":{\"@type\":\"ImageObject\",\"inLanguage\":\"ro-RO\",\"@id\":\"https:\/\/pistonaddict.com\/ro\/#\/schema\/logo\/image\/\",\"url\":\"https:\/\/pistonaddict.com\/wp-content\/uploads\/2022\/07\/logo-6.png\",\"contentUrl\":\"https:\/\/pistonaddict.com\/wp-content\/uploads\/2022\/07\/logo-6.png\",\"width\":970,\"height\":200,\"caption\":\"Piston Addict\"},\"image\":{\"@id\":\"https:\/\/pistonaddict.com\/ro\/#\/schema\/logo\/image\/\"}}]}<\/script>\n<!-- \/ Yoast SEO plugin. -->","yoast_head_json":{"title":"Fisker Karma Signature Edition licita\u021bie - Piston Addict","robots":{"index":"index","follow":"follow","max-snippet":"max-snippet:-1","max-image-preview":"max-image-preview:large","max-video-preview":"max-video-preview:-1"},"canonical":"https:\/\/pistonaddict.com\/ro\/product\/fisker-karma-signature-edition\/","og_locale":"ro_RO","og_type":"article","og_title":"Fisker Karma Signature Edition licita\u021bie - Piston Addict","og_description":"Fisker Karma nu este doar un hibrid revolu\u021bionar, ci \u0219i una dintre cele mai cool ma\u0219ini din secolul XXI. Cu pu\u021bin peste 3000 de exemplare fabricate, este rar, dar acesta este \u0219i mai rar. Karma 2012 argintie pe care o oferim ast\u0103zi este un model Signature Edition 1 din 100 \u0219i a fost chiar semnat personal de Henrik Fisker, proprietarul companiei. Dac\u0103 sunte\u021bi \u00een c\u0103utarea unui vis de colec\u021bionar, acesta este.","og_url":"https:\/\/pistonaddict.com\/ro\/product\/fisker-karma-signature-edition\/","og_site_name":"Piston Addict","article_modified_time":"2024-03-20T08:42:47+00:00","og_image":[{"width":1762,"height":752,"url":"https:\/\/pistonaddict.com\/wp-content\/uploads\/2023\/12\/20210129_085341.jpg","type":"image\/jpeg"}],"twitter_card":"summary_large_image","twitter_misc":{"Timp estimat pentru citire":"3 minute"},"schema":{"@context":"https:\/\/schema.org","@graph":[{"@type":"WebPage","@id":"https:\/\/pistonaddict.com\/ro\/product\/fisker-karma-signature-edition\/","url":"https:\/\/pistonaddict.com\/ro\/product\/fisker-karma-signature-edition\/","name":"Fisker Karma Signature Edition licita\u021bie - Piston Addict","isPartOf":{"@id":"https:\/\/pistonaddict.com\/ro\/#website"},"primaryImageOfPage":{"@id":"https:\/\/pistonaddict.com\/ro\/product\/fisker-karma-signature-edition\/#primaryimage"},"image":{"@id":"https:\/\/pistonaddict.com\/ro\/product\/fisker-karma-signature-edition\/#primaryimage"},"thumbnailUrl":"https:\/\/pistonaddict.com\/wp-content\/uploads\/2023\/12\/20210129_085341.jpg","datePublished":"2023-12-13T09:17:52+00:00","dateModified":"2024-03-20T08:42:47+00:00","breadcrumb":{"@id":"https:\/\/pistonaddict.com\/ro\/product\/fisker-karma-signature-edition\/#breadcrumb"},"inLanguage":"ro-RO","potentialAction":[{"@type":"ReadAction","target":["https:\/\/pistonaddict.com\/ro\/product\/fisker-karma-signature-edition\/"]}]},{"@type":"ImageObject","inLanguage":"ro-RO","@id":"https:\/\/pistonaddict.com\/ro\/product\/fisker-karma-signature-edition\/#primaryimage","url":"https:\/\/pistonaddict.com\/wp-content\/uploads\/2023\/12\/20210129_085341.jpg","contentUrl":"https:\/\/pistonaddict.com\/wp-content\/uploads\/2023\/12\/20210129_085341.jpg","width":1762,"height":752},{"@type":"BreadcrumbList","@id":"https:\/\/pistonaddict.com\/ro\/product\/fisker-karma-signature-edition\/#breadcrumb","itemListElement":[{"@type":"ListItem","position":1,"name":"Pagina principala","item":"https:\/\/pistonaddict.com\/ro\/pagina-de-start\/"},{"@type":"ListItem","position":2,"name":"Auctions","item":"https:\/\/pistonaddict.com\/auctions-listing\/"},{"@type":"ListItem","position":3,"name":"Fisker Karma Signature Edition"}]},{"@type":"WebSite","@id":"https:\/\/pistonaddict.com\/ro\/#website","url":"https:\/\/pistonaddict.com\/ro\/","name":"Piston Addict","description":"Only interesting vehicles","publisher":{"@id":"https:\/\/pistonaddict.com\/ro\/#organization"},"potentialAction":[{"@type":"SearchAction","target":{"@type":"EntryPoint","urlTemplate":"https:\/\/pistonaddict.com\/ro\/?s={search_term_string}"},"query-input":"required name=search_term_string"}],"inLanguage":"ro-RO"},{"@type":"Organization","@id":"https:\/\/pistonaddict.com\/ro\/#organization","name":"Piston Addict","url":"https:\/\/pistonaddict.com\/ro\/","logo":{"@type":"ImageObject","inLanguage":"ro-RO","@id":"https:\/\/pistonaddict.com\/ro\/#\/schema\/logo\/image\/","url":"https:\/\/pistonaddict.com\/wp-content\/uploads\/2022\/07\/logo-6.png","contentUrl":"https:\/\/pistonaddict.com\/wp-content\/uploads\/2022\/07\/logo-6.png","width":970,"height":200,"caption":"Piston Addict"},"image":{"@id":"https:\/\/pistonaddict.com\/ro\/#\/schema\/logo\/image\/"}}]}},"_links":{"self":[{"href":"https:\/\/pistonaddict.com\/ro\/wp-json\/wp\/v2\/product\/78323"}],"collection":[{"href":"https:\/\/pistonaddict.com\/ro\/wp-json\/wp\/v2\/product"}],"about":[{"href":"https:\/\/pistonaddict.com\/ro\/wp-json\/wp\/v2\/types\/product"}],"replies":[{"embeddable":true,"href":"https:\/\/pistonaddict.com\/ro\/wp-json\/wp\/v2\/comments?post=78323"}],"wp:featuredmedia":[{"embeddable":true,"href":"https:\/\/pistonaddict.com\/ro\/wp-json\/wp\/v2\/media\/77671"}],"wp:attachment":[{"href":"https:\/\/pistonaddict.com\/ro\/wp-json\/wp\/v2\/media?parent=78323"}],"wp:term":[{"taxonomy":"product_cat","embeddable":true,"href":"https:\/\/pistonaddict.com\/ro\/wp-json\/wp\/v2\/product_cat?post=78323"},{"taxonomy":"product_tag","embeddable":true,"href":"https:\/\/pistonaddict.com\/ro\/wp-json\/wp\/v2\/product_tag?post=78323"}],"curies":[{"name":"wp","href":"https:\/\/api.w.org\/{rel}","templated":true}]}}