{"id":77369,"date":"2023-12-11T15:55:41","date_gmt":"2023-12-11T14:55:41","guid":{"rendered":"https:\/\/pistonaddict.com\/product\/abarth-124-spider\/"},"modified":"2024-03-20T09:41:27","modified_gmt":"2024-03-20T08:41:27","slug":"abarth-124-spider","status":"publish","type":"product","link":"https:\/\/pistonaddict.com\/ro\/product\/abarth-124-spider\/","title":{"rendered":"Abarth 124 Spider"},"content":{"rendered":"<h2>Exterior<\/h2>\n<p>La exterior, este evident de la prima vedere c\u0103 acesta este mai mult dec\u00e2t un 124 Spider obi\u0219nuit, de serie. Acest roadster vopsit \u00een negru are bare de protec\u021bie mai agresive, faruri cu xenon \u0219i o evacuare dubl\u0103 \u00een spate, cu dou\u0103 termina\u021bii cromate pe fiecare parte. Toate aceste detalii confer\u0103 ma\u0219inii o prezen\u021b\u0103 formidabil\u0103 pe \u0219osea, care o separ\u0103 \u00een mod inconfundabil de veri\u0219oara sa bl\u00e2nd\u0103. \u0218i dac\u0103 acest lucru nu este de ajuns, insigna de pe partea lateral\u0103 care celebreaz\u0103 cea de-a 70-a aniversare a lui Abarth subliniaz\u0103 cu siguran\u021b\u0103 caracterul exclusivist al acestui model.<\/p>\n<p>Acest Abarth 124 Spider este a\u0219ezat pe jante de 17 inch echipate cu anvelope Bridgestone, care s-ar putea s\u0103 fi trecut de prima tinere\u021be. Jantele ofer\u0103, de asemenea, o imagine clar\u0103 a masivelor etriere de fr\u00e2n\u0103 Brembo ro\u0219ii, care promit o putere de fr\u00e2nare excelent\u0103.<\/p>\n<h2>Interior<\/h2>\n<p>La fel ca \u0219i aspectul exterior, interiorul prezint\u0103 c\u00e2teva detalii care atrag aten\u021bia \u0219i care arat\u0103 clar originea ma\u0219inii. Pentru \u00eenceput, o pereche de scaune confortabile acoperite cu piele de c\u0103prioar\u0103, cu o inscrip\u021bie Abart ro\u0219ie masiv\u0103 cusut\u0103 pe sp\u0103tar. Detaliile de culoare ro\u0219ie accentueaz\u0103 \u0219i volanul \u0219i panoul de instrumente din spatele acestuia, dominat de un turometru care ajunge p\u00e2n\u0103 la 8.000 rpm. \u00cen cele din urm\u0103, plan\u0219a de bord minimalist\u0103 con\u021bine doar elementele esen\u021biale, cum ar fi comenzile aerului condi\u021bionat \u0219i afi\u0219ajul central, ceea ce face evident c\u0103 aceast\u0103 ma\u0219in\u0103 este f\u0103cut\u0103 \u00een primul r\u00e2nd pentru condus.<\/p>\n<h2>Mecanic\u0103<\/h2>\n<p>La prima vedere, motorul de 1,4 litri de sub capot\u0103 poate s\u0103 nu par\u0103 at\u00e2t de conving\u0103tor pe c\u00e2t ne-am a\u0219tepta. Cu toate acestea, datorit\u0103 unui turbocompresor \u0219i a unui sistem de gestionare a combustibilului modificat, care \u00eei m\u0103resc puterea la 170 de cai putere, aceast\u0103 unitate cu 4 cilindri neted\u0103 are o putere destul de mare. Transmisia &#8211; o transmisie manual\u0103 conven\u021bional\u0103 cu \u0219ase trepte &#8211; este un alt detaliu care dezv\u0103luie adev\u0103rata natur\u0103 a Spider-ului. Aceast\u0103 configura\u021bie a transmisiei, combinat\u0103 cu o suspensie superb\u0103 \u0219i fr\u00e2ne capabile, face din aceast\u0103 ma\u0219in\u0103 un adev\u0103rat automobil de \u0219ofer, proiectat s\u0103 abordeze orice drum cu viraje.<\/p>\n<h2>Istoricul vehiculului<\/h2>\n<p>La final, c\u00e2teva cuvinte despre starea actual\u0103 a acestui Abarth Spider. Ultima revizie periodic\u0103, care a inclus un schimb de ulei, a fost efectuat\u0103 \u00een ianuarie 2023. Mai recent, \u00een decembrie, fr\u00e2nele au fost revizuite. Pe baza fotografiilor furnizate \u0219i a \u00eenregistr\u0103rii video corespunz\u0103toare, ma\u0219ina pare a fi \u00een stare perfect\u0103, f\u0103r\u0103 daune vizibile sau semne de uzur\u0103.<\/p>\n<p>\u00cen plus, v\u00e2nz\u0103torul spune c\u0103 ma\u0219ina, care se afl\u0103 \u00een prezent \u00een Italia, nu a fost folosit\u0103 pe circuit \u0219i nici nu a fost implicat\u0103 \u00een vreun accident, iar raportul <a href=\"https:\/\/pistonaddict.com\/wp-content\/uploads\/2023\/12\/abarthspider.pdf\">CARFAX<\/a> privind istoricul vehiculului confirm\u0103 acest lucru.<\/p>\n<p><strong><br \/>\nVezi videoclipul cu pornirea la rece a acestui frumos Abarth 124 Spider :<\/strong><\/p>\n<p><iframe title=\"Cold Start Video of the Abarth 124 Spider for auction sale\" width=\"1200\" height=\"675\" src=\"https:\/\/www.youtube.com\/embed\/wZs51_ew1WU?feature=oembed\" frameborder=\"0\" allow=\"accelerometer; autoplay; clipboard-write; encrypted-media; gyroscope; picture-in-picture; web-share\" allowfullscreen><\/iframe><\/p>\n","protected":false},"excerpt":{"rendered":"<p>Dac\u0103 v\u0103 dori\u021bi o ma\u0219in\u0103 care arat\u0103 grozav, este pl\u0103cut\u0103 la condus \u0219i este u\u0219or de tr\u0103it, ar trebui s\u0103 lua\u021bi \u00een considerare achizi\u021bionarea unui roadster. Exist\u0103 mai multe modele relativ noi din care pute\u021bi alege, iar unul dintre ele este 124 Spider, care \u00ee\u0219i \u00eemparte bazele mecanice cu probabil cel mai faimos roadster din prezent &#8211; Mazda MX5. Ca atare, reprezint\u0103 un amestec unic de stil italian \u0219i tehnologie japonez\u0103 precis\u0103.<\/p>\n<p>Iar c\u00e2nd tunerul intern al Fiat condimenteaz\u0103 toate acestea, ob\u021bine\u021bi un <strong>Abarth 124 Spider<\/strong> \u00eenfl\u0103c\u0103rat, unul dintre acestea fiind scos la licita\u021bie chiar aici, pe site-ul nostru. Acest model 2019 imaculat a f\u0103cut pu\u021bin peste 23.000 de kilometri \u0219i \u00een prezent \u00ee\u0219i caut\u0103 un nou proprietar. \u0218i, pe l\u00e2ng\u0103 aspectul elegant \u0219i performan\u021bele pl\u0103cute, mai ascunde un as \u00een m\u00e2nec\u0103.<\/p>\n","protected":false},"featured_media":77149,"comment_status":"open","ping_status":"closed","template":"","meta":{"inline_featured_image":false},"product_cat":[744],"product_tag":[2743,2744,2742,965],"acf":[],"yoast_head":"<!-- This site is optimized with the Yoast SEO plugin v22.5 - https:\/\/yoast.com\/wordpress\/plugins\/seo\/ -->\n<title>Abarth 124 Spider licita\u021bie - Piston Addict<\/title>\n<meta name=\"robots\" content=\"index, follow, max-snippet:-1, max-image-preview:large, max-video-preview:-1\" \/>\n<link rel=\"canonical\" href=\"https:\/\/pistonaddict.com\/ro\/product\/abarth-124-spider\/\" \/>\n<meta property=\"og:locale\" content=\"ro_RO\" \/>\n<meta property=\"og:type\" content=\"article\" \/>\n<meta property=\"og:title\" content=\"Abarth 124 Spider licita\u021bie - Piston Addict\" \/>\n<meta property=\"og:description\" content=\"Dac\u0103 v\u0103 dori\u021bi o ma\u0219in\u0103 care arat\u0103 grozav, este pl\u0103cut\u0103 la condus \u0219i este u\u0219or de tr\u0103it, ar trebui s\u0103 lua\u021bi \u00een considerare achizi\u021bionarea unui roadster. Exist\u0103 mai multe modele relativ noi din care pute\u021bi alege, iar unul dintre ele este 124 Spider, care \u00ee\u0219i \u00eemparte bazele mecanice cu probabil cel mai faimos roadster din prezent - Mazda MX5. Ca atare, reprezint\u0103 un amestec unic de stil italian \u0219i tehnologie japonez\u0103 precis\u0103. Iar c\u00e2nd tunerul intern al Fiat condimenteaz\u0103 toate acestea, ob\u021bine\u021bi un Abarth 124 Spider \u00eenfl\u0103c\u0103rat, unul dintre acestea fiind scos la licita\u021bie chiar aici, pe site-ul nostru. Acest model 2019 imaculat a f\u0103cut pu\u021bin peste 23.000 de kilometri \u0219i \u00een prezent \u00ee\u0219i caut\u0103 un nou proprietar. \u0218i, pe l\u00e2ng\u0103 aspectul elegant \u0219i performan\u021bele pl\u0103cute, mai ascunde un as \u00een m\u00e2nec\u0103.\" \/>\n<meta property=\"og:url\" content=\"https:\/\/pistonaddict.com\/ro\/product\/abarth-124-spider\/\" \/>\n<meta property=\"og:site_name\" content=\"Piston Addict\" \/>\n<meta property=\"article:modified_time\" content=\"2024-03-20T08:41:27+00:00\" \/>\n<meta property=\"og:image\" content=\"https:\/\/pistonaddict.com\/wp-content\/uploads\/2023\/12\/image00020-scaled.jpeg\" \/>\n\t<meta property=\"og:image:width\" content=\"2560\" \/>\n\t<meta property=\"og:image:height\" content=\"1920\" \/>\n\t<meta property=\"og:image:type\" content=\"image\/jpeg\" \/>\n<meta name=\"twitter:card\" content=\"summary_large_image\" \/>\n<meta name=\"twitter:label1\" content=\"Timp estimat pentru citire\" \/>\n\t<meta name=\"twitter:data1\" content=\"3 minute\" \/>\n<script type=\"application\/ld+json\" class=\"yoast-schema-graph\">{\"@context\":\"https:\/\/schema.org\",\"@graph\":[{\"@type\":\"WebPage\",\"@id\":\"https:\/\/pistonaddict.com\/ro\/product\/abarth-124-spider\/\",\"url\":\"https:\/\/pistonaddict.com\/ro\/product\/abarth-124-spider\/\",\"name\":\"Abarth 124 Spider licita\u021bie - Piston Addict\",\"isPartOf\":{\"@id\":\"https:\/\/pistonaddict.com\/ro\/#website\"},\"primaryImageOfPage\":{\"@id\":\"https:\/\/pistonaddict.com\/ro\/product\/abarth-124-spider\/#primaryimage\"},\"image\":{\"@id\":\"https:\/\/pistonaddict.com\/ro\/product\/abarth-124-spider\/#primaryimage\"},\"thumbnailUrl\":\"https:\/\/pistonaddict.com\/wp-content\/uploads\/2023\/12\/image00020-scaled.jpeg\",\"datePublished\":\"2023-12-11T14:55:41+00:00\",\"dateModified\":\"2024-03-20T08:41:27+00:00\",\"breadcrumb\":{\"@id\":\"https:\/\/pistonaddict.com\/ro\/product\/abarth-124-spider\/#breadcrumb\"},\"inLanguage\":\"ro-RO\",\"potentialAction\":[{\"@type\":\"ReadAction\",\"target\":[\"https:\/\/pistonaddict.com\/ro\/product\/abarth-124-spider\/\"]}]},{\"@type\":\"ImageObject\",\"inLanguage\":\"ro-RO\",\"@id\":\"https:\/\/pistonaddict.com\/ro\/product\/abarth-124-spider\/#primaryimage\",\"url\":\"https:\/\/pistonaddict.com\/wp-content\/uploads\/2023\/12\/image00020-scaled.jpeg\",\"contentUrl\":\"https:\/\/pistonaddict.com\/wp-content\/uploads\/2023\/12\/image00020-scaled.jpeg\",\"width\":2560,\"height\":1920},{\"@type\":\"BreadcrumbList\",\"@id\":\"https:\/\/pistonaddict.com\/ro\/product\/abarth-124-spider\/#breadcrumb\",\"itemListElement\":[{\"@type\":\"ListItem\",\"position\":1,\"name\":\"Pagina principala\",\"item\":\"https:\/\/pistonaddict.com\/ro\/pagina-de-start\/\"},{\"@type\":\"ListItem\",\"position\":2,\"name\":\"Auctions\",\"item\":\"https:\/\/pistonaddict.com\/auctions-listing\/\"},{\"@type\":\"ListItem\",\"position\":3,\"name\":\"Abarth 124 Spider\"}]},{\"@type\":\"WebSite\",\"@id\":\"https:\/\/pistonaddict.com\/ro\/#website\",\"url\":\"https:\/\/pistonaddict.com\/ro\/\",\"name\":\"Piston Addict\",\"description\":\"Only interesting vehicles\",\"publisher\":{\"@id\":\"https:\/\/pistonaddict.com\/ro\/#organization\"},\"potentialAction\":[{\"@type\":\"SearchAction\",\"target\":{\"@type\":\"EntryPoint\",\"urlTemplate\":\"https:\/\/pistonaddict.com\/ro\/?s={search_term_string}\"},\"query-input\":\"required name=search_term_string\"}],\"inLanguage\":\"ro-RO\"},{\"@type\":\"Organization\",\"@id\":\"https:\/\/pistonaddict.com\/ro\/#organization\",\"name\":\"Piston Addict\",\"url\":\"https:\/\/pistonaddict.com\/ro\/\",\"logo\":{\"@type\":\"ImageObject\",\"inLanguage\":\"ro-RO\",\"@id\":\"https:\/\/pistonaddict.com\/ro\/#\/schema\/logo\/image\/\",\"url\":\"https:\/\/pistonaddict.com\/wp-content\/uploads\/2022\/07\/logo-6.png\",\"contentUrl\":\"https:\/\/pistonaddict.com\/wp-content\/uploads\/2022\/07\/logo-6.png\",\"width\":970,\"height\":200,\"caption\":\"Piston Addict\"},\"image\":{\"@id\":\"https:\/\/pistonaddict.com\/ro\/#\/schema\/logo\/image\/\"}}]}<\/script>\n<!-- \/ Yoast SEO plugin. -->","yoast_head_json":{"title":"Abarth 124 Spider licita\u021bie - Piston Addict","robots":{"index":"index","follow":"follow","max-snippet":"max-snippet:-1","max-image-preview":"max-image-preview:large","max-video-preview":"max-video-preview:-1"},"canonical":"https:\/\/pistonaddict.com\/ro\/product\/abarth-124-spider\/","og_locale":"ro_RO","og_type":"article","og_title":"Abarth 124 Spider licita\u021bie - Piston Addict","og_description":"Dac\u0103 v\u0103 dori\u021bi o ma\u0219in\u0103 care arat\u0103 grozav, este pl\u0103cut\u0103 la condus \u0219i este u\u0219or de tr\u0103it, ar trebui s\u0103 lua\u021bi \u00een considerare achizi\u021bionarea unui roadster. Exist\u0103 mai multe modele relativ noi din care pute\u021bi alege, iar unul dintre ele este 124 Spider, care \u00ee\u0219i \u00eemparte bazele mecanice cu probabil cel mai faimos roadster din prezent - Mazda MX5. Ca atare, reprezint\u0103 un amestec unic de stil italian \u0219i tehnologie japonez\u0103 precis\u0103. Iar c\u00e2nd tunerul intern al Fiat condimenteaz\u0103 toate acestea, ob\u021bine\u021bi un Abarth 124 Spider \u00eenfl\u0103c\u0103rat, unul dintre acestea fiind scos la licita\u021bie chiar aici, pe site-ul nostru. Acest model 2019 imaculat a f\u0103cut pu\u021bin peste 23.000 de kilometri \u0219i \u00een prezent \u00ee\u0219i caut\u0103 un nou proprietar. \u0218i, pe l\u00e2ng\u0103 aspectul elegant \u0219i performan\u021bele pl\u0103cute, mai ascunde un as \u00een m\u00e2nec\u0103.","og_url":"https:\/\/pistonaddict.com\/ro\/product\/abarth-124-spider\/","og_site_name":"Piston Addict","article_modified_time":"2024-03-20T08:41:27+00:00","og_image":[{"width":2560,"height":1920,"url":"https:\/\/pistonaddict.com\/wp-content\/uploads\/2023\/12\/image00020-scaled.jpeg","type":"image\/jpeg"}],"twitter_card":"summary_large_image","twitter_misc":{"Timp estimat pentru citire":"3 minute"},"schema":{"@context":"https:\/\/schema.org","@graph":[{"@type":"WebPage","@id":"https:\/\/pistonaddict.com\/ro\/product\/abarth-124-spider\/","url":"https:\/\/pistonaddict.com\/ro\/product\/abarth-124-spider\/","name":"Abarth 124 Spider licita\u021bie - Piston Addict","isPartOf":{"@id":"https:\/\/pistonaddict.com\/ro\/#website"},"primaryImageOfPage":{"@id":"https:\/\/pistonaddict.com\/ro\/product\/abarth-124-spider\/#primaryimage"},"image":{"@id":"https:\/\/pistonaddict.com\/ro\/product\/abarth-124-spider\/#primaryimage"},"thumbnailUrl":"https:\/\/pistonaddict.com\/wp-content\/uploads\/2023\/12\/image00020-scaled.jpeg","datePublished":"2023-12-11T14:55:41+00:00","dateModified":"2024-03-20T08:41:27+00:00","breadcrumb":{"@id":"https:\/\/pistonaddict.com\/ro\/product\/abarth-124-spider\/#breadcrumb"},"inLanguage":"ro-RO","potentialAction":[{"@type":"ReadAction","target":["https:\/\/pistonaddict.com\/ro\/product\/abarth-124-spider\/"]}]},{"@type":"ImageObject","inLanguage":"ro-RO","@id":"https:\/\/pistonaddict.com\/ro\/product\/abarth-124-spider\/#primaryimage","url":"https:\/\/pistonaddict.com\/wp-content\/uploads\/2023\/12\/image00020-scaled.jpeg","contentUrl":"https:\/\/pistonaddict.com\/wp-content\/uploads\/2023\/12\/image00020-scaled.jpeg","width":2560,"height":1920},{"@type":"BreadcrumbList","@id":"https:\/\/pistonaddict.com\/ro\/product\/abarth-124-spider\/#breadcrumb","itemListElement":[{"@type":"ListItem","position":1,"name":"Pagina principala","item":"https:\/\/pistonaddict.com\/ro\/pagina-de-start\/"},{"@type":"ListItem","position":2,"name":"Auctions","item":"https:\/\/pistonaddict.com\/auctions-listing\/"},{"@type":"ListItem","position":3,"name":"Abarth 124 Spider"}]},{"@type":"WebSite","@id":"https:\/\/pistonaddict.com\/ro\/#website","url":"https:\/\/pistonaddict.com\/ro\/","name":"Piston Addict","description":"Only interesting vehicles","publisher":{"@id":"https:\/\/pistonaddict.com\/ro\/#organization"},"potentialAction":[{"@type":"SearchAction","target":{"@type":"EntryPoint","urlTemplate":"https:\/\/pistonaddict.com\/ro\/?s={search_term_string}"},"query-input":"required name=search_term_string"}],"inLanguage":"ro-RO"},{"@type":"Organization","@id":"https:\/\/pistonaddict.com\/ro\/#organization","name":"Piston Addict","url":"https:\/\/pistonaddict.com\/ro\/","logo":{"@type":"ImageObject","inLanguage":"ro-RO","@id":"https:\/\/pistonaddict.com\/ro\/#\/schema\/logo\/image\/","url":"https:\/\/pistonaddict.com\/wp-content\/uploads\/2022\/07\/logo-6.png","contentUrl":"https:\/\/pistonaddict.com\/wp-content\/uploads\/2022\/07\/logo-6.png","width":970,"height":200,"caption":"Piston Addict"},"image":{"@id":"https:\/\/pistonaddict.com\/ro\/#\/schema\/logo\/image\/"}}]}},"_links":{"self":[{"href":"https:\/\/pistonaddict.com\/ro\/wp-json\/wp\/v2\/product\/77369"}],"collection":[{"href":"https:\/\/pistonaddict.com\/ro\/wp-json\/wp\/v2\/product"}],"about":[{"href":"https:\/\/pistonaddict.com\/ro\/wp-json\/wp\/v2\/types\/product"}],"replies":[{"embeddable":true,"href":"https:\/\/pistonaddict.com\/ro\/wp-json\/wp\/v2\/comments?post=77369"}],"wp:featuredmedia":[{"embeddable":true,"href":"https:\/\/pistonaddict.com\/ro\/wp-json\/wp\/v2\/media\/77149"}],"wp:attachment":[{"href":"https:\/\/pistonaddict.com\/ro\/wp-json\/wp\/v2\/media?parent=77369"}],"wp:term":[{"taxonomy":"product_cat","embeddable":true,"href":"https:\/\/pistonaddict.com\/ro\/wp-json\/wp\/v2\/product_cat?post=77369"},{"taxonomy":"product_tag","embeddable":true,"href":"https:\/\/pistonaddict.com\/ro\/wp-json\/wp\/v2\/product_tag?post=77369"}],"curies":[{"name":"wp","href":"https:\/\/api.w.org\/{rel}","templated":true}]}}