{"id":76299,"date":"2023-12-01T10:53:23","date_gmt":"2023-12-01T09:53:23","guid":{"rendered":"https:\/\/pistonaddict.com\/product\/ferrari-488-gtb\/"},"modified":"2023-12-20T11:45:36","modified_gmt":"2023-12-20T10:45:36","slug":"ferrari-488-gtb","status":"publish","type":"product","link":"https:\/\/pistonaddict.com\/ro\/product\/ferrari-488-gtb\/","title":{"rendered":"Ferrari 488 GTB"},"content":{"rendered":"<p><strong>Istoria ma\u0219inii<\/strong><\/p>\n<p>\u00cenlocuind modelul 458 Italia \u00een 2015, Ferrari a introdus modelul 488 GTB, care a fost primul Ferrari cu motor V8 turbo, cu motor central, de la legendarul F40 \u00eencoace. Chiar dac\u0103 488 GTB a avut o cilindree mai mic\u0103, av\u00e2nd doar un V8 de 3,9 litri, a avut cu 100 CP mai mult dec\u00e2t 458 Italia, ajung\u00e2nd la uimitorii 670 CP. Dar ceea ce a fost \u0219i mai interesant a fost cifra cuplului, care este impresionant\u0103, de 760 Nm, \u0219i garanteaz\u0103 o accelera\u021bie fulger\u0103toare, un r\u0103spuns instantaneu la accelera\u021bie \u0219i o dinamic\u0103 de condus incredibil\u0103. Viteza de 100 km\/h poate fi atins\u0103 \u00een doar 3 secunde, iar viteza maxim\u0103 de 330 km\/h pare incredibil\u0103. Cu un kilometraj redus, op\u021biuni interesante \u0219i fr\u00e2ne din carbon, 488 GTB pe care vi-l oferim este un model cu specifica\u021bii de \u0219ofer, gata s\u0103 v\u0103 uimeasc\u0103 cu puterea, rafinamentul \u0219i dinamica de conducere a unui avion de v\u00e2n\u0103toare.<\/p>\n<p><strong>Interior<\/strong><\/p>\n<p>Deoarece acest Ferrari a fost p\u0103strat cu meticulozitate, interiorul din piele neagr\u0103 \u0219i Alcantara este \u00een stare foarte bun\u0103, f\u0103r\u0103 urme de utilizare. Proprietarul ini\u021bial al acestei ma\u0219ini a optat pentru op\u021biuni de performan\u021b\u0103, cum ar fi scaune cu sp\u0103tar din carbon cu o combina\u021bie de piele \u0219i Alcantara, un afi\u0219aj digital pe volan \u0219i inser\u021bii interioare din carbon. Toate acestea arat\u0103 perfect, f\u0103r\u0103 zg\u00e2rieturi, \u0219i contribuie la senza\u021bia de performan\u021b\u0103 a acestei ma\u0219ini. Nu exist\u0103 modific\u0103ri \u0219i totul func\u021bioneaz\u0103 pe deplin, a\u0219a cum era de a\u0219teptat.<\/p>\n<p><strong>Stare<\/strong><\/p>\n<p>Ini\u021bial, acest Ferrari 488 GTB a fost livrat \u00een aprilie 2016 primului s\u0103u proprietar din Fran\u021ba \u0219i a fost achizi\u021bionat de v\u00e2nz\u0103tor \u00een 2022. Acest supercar este \u00een stare impecabil\u0103, cu doar 20.500 de kilometri pe kilometraj. Automobilul nu a fost niciodat\u0103 concurat, urm\u0103rit sau implicat \u00een vreun accident. \u00centotdeauna a fost \u00eentre\u021binut\u0103 cu aten\u021bie, cu fr\u00e2nele revizuite la sf\u00e2r\u0219itul lunii noiembrie 2023 \u0219i ultimul service complet efectuat \u00een luna mai a aceluia\u0219i an. Viitorii proprietari vor fi bucuro\u0219i s\u0103 afle c\u0103 acest exemplar este acoperit de o garan\u021bie Ferrari extins\u0103 (Ferrari Power), care este transferabil\u0103. \u00centre\u021binerea a fost \u00eentotdeauna efectuat\u0103 de un dealer autorizat \u0219i este documentat\u0103. Cu toate acestea, unul dintre punctele de v\u00e2nzare ale acestei ma\u0219ini este lista lung\u0103 de dot\u0103ri op\u021bionale. <strong>Acest 488 GTB are un sistem ATF, fr\u00e2ne ceramice cu etriere de fr\u00e2n\u0103 vopsite, panouri de u\u0219\u0103 \u0219i scaune din fibr\u0103 de carbon, PDC fa\u021b\u0103 \u0219i spate, ridic\u0103tor de suspensie \u0219i inser\u021bii din carbon<\/strong>. Toate acestea o fac o ma\u0219in\u0103 unic\u0103, cu specifica\u021bii ideale pentru \u0219ofer.<\/p>\n<p><strong>Exterior \u0219i ro\u021bi<\/strong><\/p>\n<p>Finisat \u00eentr-o nuan\u021b\u0103 izbitoare de Grigio Silverstone, acest 488 GTB are un interior negru asortat, ceea ce \u00eel face s\u0103 fie un adev\u0103rat spectacol. De\u0219i nu este ro\u0219u, este \u0219i mai frumos \u0219i mai discret \u00een gri \u00eenchis. Bine\u00een\u021beles, caroseria este f\u0103r\u0103 zg\u00e2rieturi \u0219i lovituri. Cu jante de 20 de inch din fabric\u0103, \u00eembr\u0103cate \u00een anvelope Pirelli noi \u0219i corecte, acest fantastic 488 GTB este preg\u0103tit s\u0103 \u00ee\u0219i transforme cei 670 CP \u00eentr-o experien\u021b\u0103 de condus unic\u0103.<\/p>\n<p><strong> <\/strong><strong>Documenta\u021bie<\/strong><\/p>\n<p>Profesionistul vinde acest vehicul cu documente corespunz\u0103toare, situat \u00een Fran\u021ba. <a href=\"https:\/\/pistonaddict.com\/wp-content\/uploads\/2023\/12\/Ferrari488GTB.pdf\" target=\"_blank\" rel=\"noopener\">Raportul CarVertical<\/a> este curat; nu exist\u0103 dovezi de accidente, repara\u021bii \u00een caz de accident, proprietate sau probleme juridice. Exist\u0103 registre de \u00eentre\u021binere periodic\u0103, facturi de v\u00e2nzare \u0219i chitan\u021be. <strong>O garan\u021bie extins\u0103 din fabric\u0103 cu acest model pentru 12 luni<\/strong> \u0219i un certificat de conformitate (\u00een valoare de 2000 de euro) sunt dovezi suplimentare c\u0103 acesta este un vehicul de colec\u021bie de top.<\/p>\n<p><strong><br \/>\nVezi videoclipul de pornire la rece al acestui superb Ferrari 488 GTB :<\/strong><\/p>\n<p><iframe title=\"Cold Start Video of the Ferrari 488 GTB for auction sale\" width=\"1200\" height=\"675\" src=\"https:\/\/www.youtube.com\/embed\/_SyEnhUZHXQ?feature=oembed\" frameborder=\"0\" allow=\"accelerometer; autoplay; clipboard-write; encrypted-media; gyroscope; picture-in-picture; web-share\" allowfullscreen><\/iframe><\/p>\n","protected":false},"excerpt":{"rendered":"<p>Dac\u0103 Ferrari 458 Italia a fost perfec\u021biunea aspirat\u0103 natural, succesorul s\u0103u, 488 Italia, a fost o capodoper\u0103 turboalimentat\u0103. 458 Italia a stabilit standarde extrem de \u00eenalte pentru clasa ma\u0219inilor sport cu motor central, dar Ferrari a reu\u0219it s\u0103 dep\u0103\u0219easc\u0103 a\u0219tept\u0103rile cu 488 GTB. Incredibil de puternic, agresiv \u0219i rapid, 488 GTB este o adev\u0103rat\u0103 ma\u0219in\u0103 sport pentru cunosc\u0103tori, care se simte la fel de bine pe Autobahn \u0219i pe circuit. Exemplarul pe care \u00eel avem la v\u00e2nzare este unul dintre cele mai bune disponibile.<\/p>\n","protected":false},"featured_media":75682,"comment_status":"open","ping_status":"closed","template":"","meta":{"inline_featured_image":false},"product_cat":[744],"product_tag":[2683,2226,2682,934],"acf":[],"yoast_head":"<!-- This site is optimized with the Yoast SEO plugin v22.5 - https:\/\/yoast.com\/wordpress\/plugins\/seo\/ -->\n<title>Ferrari 488 GTB licita\u021bie - Piston Addict<\/title>\n<meta name=\"robots\" content=\"index, follow, max-snippet:-1, max-image-preview:large, max-video-preview:-1\" \/>\n<link rel=\"canonical\" href=\"https:\/\/pistonaddict.com\/ro\/product\/ferrari-488-gtb\/\" \/>\n<meta property=\"og:locale\" content=\"ro_RO\" \/>\n<meta property=\"og:type\" content=\"article\" \/>\n<meta property=\"og:title\" content=\"Ferrari 488 GTB licita\u021bie - Piston Addict\" \/>\n<meta property=\"og:description\" content=\"Dac\u0103 Ferrari 458 Italia a fost perfec\u021biunea aspirat\u0103 natural, succesorul s\u0103u, 488 Italia, a fost o capodoper\u0103 turboalimentat\u0103. 458 Italia a stabilit standarde extrem de \u00eenalte pentru clasa ma\u0219inilor sport cu motor central, dar Ferrari a reu\u0219it s\u0103 dep\u0103\u0219easc\u0103 a\u0219tept\u0103rile cu 488 GTB. Incredibil de puternic, agresiv \u0219i rapid, 488 GTB este o adev\u0103rat\u0103 ma\u0219in\u0103 sport pentru cunosc\u0103tori, care se simte la fel de bine pe Autobahn \u0219i pe circuit. Exemplarul pe care \u00eel avem la v\u00e2nzare este unul dintre cele mai bune disponibile.\" \/>\n<meta property=\"og:url\" content=\"https:\/\/pistonaddict.com\/ro\/product\/ferrari-488-gtb\/\" \/>\n<meta property=\"og:site_name\" content=\"Piston Addict\" \/>\n<meta property=\"article:modified_time\" content=\"2023-12-20T10:45:36+00:00\" \/>\n<meta property=\"og:image\" content=\"https:\/\/pistonaddict.com\/wp-content\/uploads\/2023\/12\/IMG_0075-1024x765.png\" \/>\n\t<meta property=\"og:image:width\" content=\"1024\" \/>\n\t<meta property=\"og:image:height\" content=\"765\" \/>\n\t<meta property=\"og:image:type\" content=\"image\/png\" \/>\n<meta name=\"twitter:card\" content=\"summary_large_image\" \/>\n<meta name=\"twitter:label1\" content=\"Timp estimat pentru citire\" \/>\n\t<meta name=\"twitter:data1\" content=\"3 minute\" \/>\n<script type=\"application\/ld+json\" class=\"yoast-schema-graph\">{\"@context\":\"https:\/\/schema.org\",\"@graph\":[{\"@type\":\"WebPage\",\"@id\":\"https:\/\/pistonaddict.com\/ro\/product\/ferrari-488-gtb\/\",\"url\":\"https:\/\/pistonaddict.com\/ro\/product\/ferrari-488-gtb\/\",\"name\":\"Ferrari 488 GTB licita\u021bie - Piston Addict\",\"isPartOf\":{\"@id\":\"https:\/\/pistonaddict.com\/ro\/#website\"},\"primaryImageOfPage\":{\"@id\":\"https:\/\/pistonaddict.com\/ro\/product\/ferrari-488-gtb\/#primaryimage\"},\"image\":{\"@id\":\"https:\/\/pistonaddict.com\/ro\/product\/ferrari-488-gtb\/#primaryimage\"},\"thumbnailUrl\":\"https:\/\/pistonaddict.com\/wp-content\/uploads\/2023\/12\/IMG_0075.png\",\"datePublished\":\"2023-12-01T09:53:23+00:00\",\"dateModified\":\"2023-12-20T10:45:36+00:00\",\"breadcrumb\":{\"@id\":\"https:\/\/pistonaddict.com\/ro\/product\/ferrari-488-gtb\/#breadcrumb\"},\"inLanguage\":\"ro-RO\",\"potentialAction\":[{\"@type\":\"ReadAction\",\"target\":[\"https:\/\/pistonaddict.com\/ro\/product\/ferrari-488-gtb\/\"]}]},{\"@type\":\"ImageObject\",\"inLanguage\":\"ro-RO\",\"@id\":\"https:\/\/pistonaddict.com\/ro\/product\/ferrari-488-gtb\/#primaryimage\",\"url\":\"https:\/\/pistonaddict.com\/wp-content\/uploads\/2023\/12\/IMG_0075.png\",\"contentUrl\":\"https:\/\/pistonaddict.com\/wp-content\/uploads\/2023\/12\/IMG_0075.png\",\"width\":2160,\"height\":1614},{\"@type\":\"BreadcrumbList\",\"@id\":\"https:\/\/pistonaddict.com\/ro\/product\/ferrari-488-gtb\/#breadcrumb\",\"itemListElement\":[{\"@type\":\"ListItem\",\"position\":1,\"name\":\"Pagina principala\",\"item\":\"https:\/\/pistonaddict.com\/ro\/pagina-de-start\/\"},{\"@type\":\"ListItem\",\"position\":2,\"name\":\"Auctions\",\"item\":\"https:\/\/pistonaddict.com\/auctions-listing\/\"},{\"@type\":\"ListItem\",\"position\":3,\"name\":\"Ferrari 488 GTB\"}]},{\"@type\":\"WebSite\",\"@id\":\"https:\/\/pistonaddict.com\/ro\/#website\",\"url\":\"https:\/\/pistonaddict.com\/ro\/\",\"name\":\"Piston Addict\",\"description\":\"Only interesting vehicles\",\"publisher\":{\"@id\":\"https:\/\/pistonaddict.com\/ro\/#organization\"},\"potentialAction\":[{\"@type\":\"SearchAction\",\"target\":{\"@type\":\"EntryPoint\",\"urlTemplate\":\"https:\/\/pistonaddict.com\/ro\/?s={search_term_string}\"},\"query-input\":\"required name=search_term_string\"}],\"inLanguage\":\"ro-RO\"},{\"@type\":\"Organization\",\"@id\":\"https:\/\/pistonaddict.com\/ro\/#organization\",\"name\":\"Piston Addict\",\"url\":\"https:\/\/pistonaddict.com\/ro\/\",\"logo\":{\"@type\":\"ImageObject\",\"inLanguage\":\"ro-RO\",\"@id\":\"https:\/\/pistonaddict.com\/ro\/#\/schema\/logo\/image\/\",\"url\":\"https:\/\/pistonaddict.com\/wp-content\/uploads\/2022\/07\/logo-6.png\",\"contentUrl\":\"https:\/\/pistonaddict.com\/wp-content\/uploads\/2022\/07\/logo-6.png\",\"width\":970,\"height\":200,\"caption\":\"Piston Addict\"},\"image\":{\"@id\":\"https:\/\/pistonaddict.com\/ro\/#\/schema\/logo\/image\/\"}}]}<\/script>\n<!-- \/ Yoast SEO plugin. -->","yoast_head_json":{"title":"Ferrari 488 GTB licita\u021bie - Piston Addict","robots":{"index":"index","follow":"follow","max-snippet":"max-snippet:-1","max-image-preview":"max-image-preview:large","max-video-preview":"max-video-preview:-1"},"canonical":"https:\/\/pistonaddict.com\/ro\/product\/ferrari-488-gtb\/","og_locale":"ro_RO","og_type":"article","og_title":"Ferrari 488 GTB licita\u021bie - Piston Addict","og_description":"Dac\u0103 Ferrari 458 Italia a fost perfec\u021biunea aspirat\u0103 natural, succesorul s\u0103u, 488 Italia, a fost o capodoper\u0103 turboalimentat\u0103. 458 Italia a stabilit standarde extrem de \u00eenalte pentru clasa ma\u0219inilor sport cu motor central, dar Ferrari a reu\u0219it s\u0103 dep\u0103\u0219easc\u0103 a\u0219tept\u0103rile cu 488 GTB. Incredibil de puternic, agresiv \u0219i rapid, 488 GTB este o adev\u0103rat\u0103 ma\u0219in\u0103 sport pentru cunosc\u0103tori, care se simte la fel de bine pe Autobahn \u0219i pe circuit. Exemplarul pe care \u00eel avem la v\u00e2nzare este unul dintre cele mai bune disponibile.","og_url":"https:\/\/pistonaddict.com\/ro\/product\/ferrari-488-gtb\/","og_site_name":"Piston Addict","article_modified_time":"2023-12-20T10:45:36+00:00","og_image":[{"width":1024,"height":765,"url":"https:\/\/pistonaddict.com\/wp-content\/uploads\/2023\/12\/IMG_0075-1024x765.png","type":"image\/png"}],"twitter_card":"summary_large_image","twitter_misc":{"Timp estimat pentru citire":"3 minute"},"schema":{"@context":"https:\/\/schema.org","@graph":[{"@type":"WebPage","@id":"https:\/\/pistonaddict.com\/ro\/product\/ferrari-488-gtb\/","url":"https:\/\/pistonaddict.com\/ro\/product\/ferrari-488-gtb\/","name":"Ferrari 488 GTB licita\u021bie - Piston Addict","isPartOf":{"@id":"https:\/\/pistonaddict.com\/ro\/#website"},"primaryImageOfPage":{"@id":"https:\/\/pistonaddict.com\/ro\/product\/ferrari-488-gtb\/#primaryimage"},"image":{"@id":"https:\/\/pistonaddict.com\/ro\/product\/ferrari-488-gtb\/#primaryimage"},"thumbnailUrl":"https:\/\/pistonaddict.com\/wp-content\/uploads\/2023\/12\/IMG_0075.png","datePublished":"2023-12-01T09:53:23+00:00","dateModified":"2023-12-20T10:45:36+00:00","breadcrumb":{"@id":"https:\/\/pistonaddict.com\/ro\/product\/ferrari-488-gtb\/#breadcrumb"},"inLanguage":"ro-RO","potentialAction":[{"@type":"ReadAction","target":["https:\/\/pistonaddict.com\/ro\/product\/ferrari-488-gtb\/"]}]},{"@type":"ImageObject","inLanguage":"ro-RO","@id":"https:\/\/pistonaddict.com\/ro\/product\/ferrari-488-gtb\/#primaryimage","url":"https:\/\/pistonaddict.com\/wp-content\/uploads\/2023\/12\/IMG_0075.png","contentUrl":"https:\/\/pistonaddict.com\/wp-content\/uploads\/2023\/12\/IMG_0075.png","width":2160,"height":1614},{"@type":"BreadcrumbList","@id":"https:\/\/pistonaddict.com\/ro\/product\/ferrari-488-gtb\/#breadcrumb","itemListElement":[{"@type":"ListItem","position":1,"name":"Pagina principala","item":"https:\/\/pistonaddict.com\/ro\/pagina-de-start\/"},{"@type":"ListItem","position":2,"name":"Auctions","item":"https:\/\/pistonaddict.com\/auctions-listing\/"},{"@type":"ListItem","position":3,"name":"Ferrari 488 GTB"}]},{"@type":"WebSite","@id":"https:\/\/pistonaddict.com\/ro\/#website","url":"https:\/\/pistonaddict.com\/ro\/","name":"Piston Addict","description":"Only interesting vehicles","publisher":{"@id":"https:\/\/pistonaddict.com\/ro\/#organization"},"potentialAction":[{"@type":"SearchAction","target":{"@type":"EntryPoint","urlTemplate":"https:\/\/pistonaddict.com\/ro\/?s={search_term_string}"},"query-input":"required name=search_term_string"}],"inLanguage":"ro-RO"},{"@type":"Organization","@id":"https:\/\/pistonaddict.com\/ro\/#organization","name":"Piston Addict","url":"https:\/\/pistonaddict.com\/ro\/","logo":{"@type":"ImageObject","inLanguage":"ro-RO","@id":"https:\/\/pistonaddict.com\/ro\/#\/schema\/logo\/image\/","url":"https:\/\/pistonaddict.com\/wp-content\/uploads\/2022\/07\/logo-6.png","contentUrl":"https:\/\/pistonaddict.com\/wp-content\/uploads\/2022\/07\/logo-6.png","width":970,"height":200,"caption":"Piston Addict"},"image":{"@id":"https:\/\/pistonaddict.com\/ro\/#\/schema\/logo\/image\/"}}]}},"_links":{"self":[{"href":"https:\/\/pistonaddict.com\/ro\/wp-json\/wp\/v2\/product\/76299"}],"collection":[{"href":"https:\/\/pistonaddict.com\/ro\/wp-json\/wp\/v2\/product"}],"about":[{"href":"https:\/\/pistonaddict.com\/ro\/wp-json\/wp\/v2\/types\/product"}],"replies":[{"embeddable":true,"href":"https:\/\/pistonaddict.com\/ro\/wp-json\/wp\/v2\/comments?post=76299"}],"wp:featuredmedia":[{"embeddable":true,"href":"https:\/\/pistonaddict.com\/ro\/wp-json\/wp\/v2\/media\/75682"}],"wp:attachment":[{"href":"https:\/\/pistonaddict.com\/ro\/wp-json\/wp\/v2\/media?parent=76299"}],"wp:term":[{"taxonomy":"product_cat","embeddable":true,"href":"https:\/\/pistonaddict.com\/ro\/wp-json\/wp\/v2\/product_cat?post=76299"},{"taxonomy":"product_tag","embeddable":true,"href":"https:\/\/pistonaddict.com\/ro\/wp-json\/wp\/v2\/product_tag?post=76299"}],"curies":[{"name":"wp","href":"https:\/\/api.w.org\/{rel}","templated":true}]}}