{"id":75654,"date":"2023-12-01T10:02:11","date_gmt":"2023-12-01T09:02:11","guid":{"rendered":"https:\/\/pistonaddict.com\/product\/ferrari-458-italia\/"},"modified":"2023-12-20T09:59:17","modified_gmt":"2023-12-20T08:59:17","slug":"ferrari-458-italia","status":"publish","type":"product","link":"https:\/\/pistonaddict.com\/ro\/product\/ferrari-458-italia\/","title":{"rendered":"Ferrari 458 Italia"},"content":{"rendered":"<p><strong>Istoria ma\u0219inii<\/strong><\/p>\n<p>Modelul 458 Italia a fost prezentat \u00een 2009 \u0219i a marcat o nou\u0103 er\u0103 pentru aceast\u0103 marc\u0103 legendar\u0103, introduc\u00e2nd un nou limbaj de design, un motor V8 de 4,5 litri, un diferen\u021bial electronic \u0219i o cutie automat\u0103 cu dublu ambreiaj \u0219i 7 trepte ca unic\u0103 op\u021biune de motorizare. Cu 570 CP trimi\u0219i la ro\u021bile din spate \u0219i o linie ro\u0219ie de 9.000 rpm, 458 Italia a oferit o dinamic\u0103 de condus aproape de Formula 1, cu aceea\u0219i coloan\u0103 sonor\u0103 \u0219i emo\u021bie. \u00cenc\u0103 de la \u00eenceput, testerii revistei au declarat c\u0103 458 este unul dintre cele mai bune modele Ferrari de \u0219osea disponibile &#8211; o apreciere nobil\u0103, dar nu f\u0103r\u0103 motiv. Este un arm\u0103sar italian extrem de rapid, cu o accelera\u021bie de la 0 la 100 km\/h cu mult sub 4 secunde \u0219i o vitez\u0103 maxim\u0103 de peste 320 km\/h. Acest Ferrari 458 special a fost produs \u00een 2011, iar v\u00e2nz\u0103torul actual l-a achizi\u021bionat \u00een 2022. Cu un set foarte interesant de op\u021biuni, o schem\u0103 clasic\u0103 de vopsea ro\u0219ie-neagr\u0103, un kilometraj redus \u0219i un service recent, este gata s\u0103 se bucure din plin de noul proprietar. Proprietarul ini\u021bial al acestei ma\u0219ini s-a concentrat pe op\u021biuni de confort, cum ar fi un sistem de iluminare frontal\u0103 adaptiv\u0103, scaune \u00eenc\u0103lzite, PDC pentru manevre \u0219i parc\u0103ri mai u\u0219oare, o coloan\u0103 de direc\u021bie reglabil\u0103 electric \u0219i multe altele. Toate acestea fac din acest 458 Italia un exemplar foarte bine echipat \u0219i u\u0219or de utilizat.<\/p>\n<p><strong>Interior<\/strong><\/p>\n<p>Deoarece acest Ferrari a fost p\u0103strat cu meticulozitate, interiorul din piele neagr\u0103 este \u00een stare foarte bun\u0103, cu urme minime de utilizare. Scaunele cu cus\u0103turi ro\u0219ii sunt \u00een stare ideal\u0103, iar proprietarul original a optat pentru un aspect elegant care nu se va demoda niciodat\u0103. Nu exist\u0103 nicio modificare, iar interiorul arat\u0103 ca nou.<\/p>\n<p><strong>Stare<\/strong><\/p>\n<p>Cu doar 25.500 de kilometri, acest Ferrari 458 Italia este imaculat \u0219i \u00eengrijit cu aten\u021bie de to\u021bi utilizatorii s\u0103i. Toate procedurile de \u00eentre\u021binere au fost efectuate la timp, ultimul schimb de ulei \u0219i service fiind efectuat \u00een luna mai 2023, iar fr\u00e2nele au fost revizuite cu doar c\u00e2teva zile \u00een urm\u0103, la sf\u00e2r\u0219itul lunii noiembrie 2023. Cu toate acestea, ceea ce este \u0219i mai important \u00een cazul acestui exemplu specific este c\u0103 toate rechem\u0103rile \u00een service emise de fabric\u0103 pentru modelul 458 Italia au fost efectuate de dealeri oficiali, cu documente care s\u0103 dovedeasc\u0103 acest lucru. Ma\u0219ina a fost livrat\u0103 ini\u021bial \u00een Olanda, iar dealerul autorizat Ferrari a efectuat serviciul de rechemare \u00een service. \u00cen 2019, a fost \u00eenlocuit airbagul din partea pasagerului, iar \u00een 2022 a fost schimbat capacul rezervorului de lichid de fr\u00e2n\u0103. Toate aceste interven\u021bii de rechemare au fost aprobate de fabric\u0103 \u0219i documentate. Aceasta arat\u0103 c\u0103 to\u021bi proprietarii sunt entuzia\u0219ti dedica\u021bi. <strong>Aceast\u0103 ma\u0219in\u0103 special\u0103 are o garan\u021bie extins\u0103 Ferrari New Power pentru urm\u0103toarele 12 luni<\/strong>.<\/p>\n<p><strong> <\/strong><strong>Exterior \u0219i ro\u021bi<\/strong><\/p>\n<p>Rosso Corsa este cea mai comun\u0103 culoare Ferrari, dar aceast\u0103 nuan\u021b\u0103 legendar\u0103 se potrive\u0219te perfect cu liniile seduc\u0103toare ale modelului 458 Italia. Vopseaua original\u0103 este nemarcat\u0103, nu exist\u0103 lovituri \u0219i zg\u00e2rieturi, iar ma\u0219ina este perfect prezentabil\u0103. Cu jante de 20 de inch originale de fabric\u0103 \u0219i anvelope Michelin nou-nou\u021be, aceast\u0103 ma\u0219in\u0103 este preg\u0103tit\u0103 s\u0103 ofere \u00eentreaga sa performan\u021b\u0103. Una dintre op\u021biunile notabile pe care le are aceast\u0103 ma\u0219in\u0103 este fr\u00e2nele ceramice pentru o putere de fr\u00e2nare incredibil\u0103.<\/p>\n<p><strong>Documenta\u021bie<\/strong><\/p>\n<p>Acest vehicul este v\u00e2ndut de un profesionist cu documenta\u021bia corespunz\u0103toare \u0219i se afl\u0103 \u00een Fran\u021ba. Raportul <a href=\"https:\/\/pistonaddict.com\/wp-content\/uploads\/2023\/12\/CarVertical458.pdf\" target=\"_blank\" rel=\"noopener\">CarVertical<\/a> este curat; nu exist\u0103 dovezi de accidente, repara\u021bii \u00een caz de accident, proprietate sau probleme juridice. Exist\u0103 \u00eenregistr\u0103ri de \u00eentre\u021binere periodic\u0103, \u00eempreun\u0103 cu bro\u0219uri originale ale fabricii, facturi de v\u00e2nzare \u0219i chitan\u021be. O garan\u021bie extins\u0103 din fabric\u0103 (Ferrari Power) cu acest model pentru 12 luni \u0219i un certificat de conformitate (\u00een valoare de 2000 de euro) sunt dovezi suplimentare c\u0103 acesta este un vehicul de colec\u021bie de top.<\/p>\n<p><strong>Vezi videoclipul de pornire la rece al acestui superb Ferrari 458 Italia :<\/strong><\/p>\n<p><iframe title=\"Cold Start Video of the Ferrari 458 Italia for auction sale\" width=\"1200\" height=\"675\" src=\"https:\/\/www.youtube.com\/embed\/BEdW3ySb03E?feature=oembed\" frameborder=\"0\" allow=\"accelerometer; autoplay; clipboard-write; encrypted-media; gyroscope; picture-in-picture; web-share\" allowfullscreen><\/iframe><\/p>\n","protected":false},"excerpt":{"rendered":"<p>Mereu \u00een avangarda tehnologiei \u0219i a performan\u021belor auto, Ferrari a adoptat turbocompresorul ca dotare standard pentru toate modelele sale, al\u0103turi de sistemul de propulsie hibrid. Cu toate acestea, pentru o scurt\u0103 clip\u0103, Ferrari a produs o ma\u0219in\u0103 sport absolut modern\u0103, propulsat\u0103 de un motor cu aspira\u021bie natural\u0103, care a combinat perfect tehnologia contemporan\u0103, tura\u021bia ridicat\u0103 \u0219i motorul extrem de puternic pentru acea senza\u021bie fermec\u0103toare de \u0219coal\u0103 veche. Da, este vorba despre 458 Italia, iar noi suntem m\u00e2ndri s\u0103 v\u0103 oferim unul dintre cele mai bune exemplare de pe pia\u021b\u0103.<\/p>\n","protected":false},"featured_media":75549,"comment_status":"open","ping_status":"closed","template":"","meta":{"inline_featured_image":false},"product_cat":[744],"product_tag":[2619,2617,2616,934],"acf":[],"yoast_head":"<!-- This site is optimized with the Yoast SEO plugin v22.5 - https:\/\/yoast.com\/wordpress\/plugins\/seo\/ -->\n<title>Ferrari 458 Italia licita\u021bie - Piston Addict<\/title>\n<meta name=\"robots\" content=\"index, follow, max-snippet:-1, max-image-preview:large, max-video-preview:-1\" \/>\n<link rel=\"canonical\" href=\"https:\/\/pistonaddict.com\/ro\/product\/ferrari-458-italia\/\" \/>\n<meta property=\"og:locale\" content=\"ro_RO\" \/>\n<meta property=\"og:type\" content=\"article\" \/>\n<meta property=\"og:title\" content=\"Ferrari 458 Italia licita\u021bie - Piston Addict\" \/>\n<meta property=\"og:description\" content=\"Mereu \u00een avangarda tehnologiei \u0219i a performan\u021belor auto, Ferrari a adoptat turbocompresorul ca dotare standard pentru toate modelele sale, al\u0103turi de sistemul de propulsie hibrid. Cu toate acestea, pentru o scurt\u0103 clip\u0103, Ferrari a produs o ma\u0219in\u0103 sport absolut modern\u0103, propulsat\u0103 de un motor cu aspira\u021bie natural\u0103, care a combinat perfect tehnologia contemporan\u0103, tura\u021bia ridicat\u0103 \u0219i motorul extrem de puternic pentru acea senza\u021bie fermec\u0103toare de \u0219coal\u0103 veche. Da, este vorba despre 458 Italia, iar noi suntem m\u00e2ndri s\u0103 v\u0103 oferim unul dintre cele mai bune exemplare de pe pia\u021b\u0103.\" \/>\n<meta property=\"og:url\" content=\"https:\/\/pistonaddict.com\/ro\/product\/ferrari-458-italia\/\" \/>\n<meta property=\"og:site_name\" content=\"Piston Addict\" \/>\n<meta property=\"article:modified_time\" content=\"2023-12-20T08:59:17+00:00\" \/>\n<meta property=\"og:image\" content=\"https:\/\/pistonaddict.com\/wp-content\/uploads\/2023\/12\/IMG_0124.jpeg\" \/>\n\t<meta property=\"og:image:width\" content=\"1885\" \/>\n\t<meta property=\"og:image:height\" content=\"1207\" \/>\n\t<meta property=\"og:image:type\" content=\"image\/jpeg\" \/>\n<meta name=\"twitter:card\" content=\"summary_large_image\" \/>\n<meta name=\"twitter:label1\" content=\"Timp estimat pentru citire\" \/>\n\t<meta name=\"twitter:data1\" content=\"3 minute\" \/>\n<script type=\"application\/ld+json\" class=\"yoast-schema-graph\">{\"@context\":\"https:\/\/schema.org\",\"@graph\":[{\"@type\":\"WebPage\",\"@id\":\"https:\/\/pistonaddict.com\/ro\/product\/ferrari-458-italia\/\",\"url\":\"https:\/\/pistonaddict.com\/ro\/product\/ferrari-458-italia\/\",\"name\":\"Ferrari 458 Italia licita\u021bie - Piston Addict\",\"isPartOf\":{\"@id\":\"https:\/\/pistonaddict.com\/ro\/#website\"},\"primaryImageOfPage\":{\"@id\":\"https:\/\/pistonaddict.com\/ro\/product\/ferrari-458-italia\/#primaryimage\"},\"image\":{\"@id\":\"https:\/\/pistonaddict.com\/ro\/product\/ferrari-458-italia\/#primaryimage\"},\"thumbnailUrl\":\"https:\/\/pistonaddict.com\/wp-content\/uploads\/2023\/12\/IMG_0124.jpeg\",\"datePublished\":\"2023-12-01T09:02:11+00:00\",\"dateModified\":\"2023-12-20T08:59:17+00:00\",\"breadcrumb\":{\"@id\":\"https:\/\/pistonaddict.com\/ro\/product\/ferrari-458-italia\/#breadcrumb\"},\"inLanguage\":\"ro-RO\",\"potentialAction\":[{\"@type\":\"ReadAction\",\"target\":[\"https:\/\/pistonaddict.com\/ro\/product\/ferrari-458-italia\/\"]}]},{\"@type\":\"ImageObject\",\"inLanguage\":\"ro-RO\",\"@id\":\"https:\/\/pistonaddict.com\/ro\/product\/ferrari-458-italia\/#primaryimage\",\"url\":\"https:\/\/pistonaddict.com\/wp-content\/uploads\/2023\/12\/IMG_0124.jpeg\",\"contentUrl\":\"https:\/\/pistonaddict.com\/wp-content\/uploads\/2023\/12\/IMG_0124.jpeg\",\"width\":1885,\"height\":1207},{\"@type\":\"BreadcrumbList\",\"@id\":\"https:\/\/pistonaddict.com\/ro\/product\/ferrari-458-italia\/#breadcrumb\",\"itemListElement\":[{\"@type\":\"ListItem\",\"position\":1,\"name\":\"Pagina principala\",\"item\":\"https:\/\/pistonaddict.com\/ro\/pagina-de-start\/\"},{\"@type\":\"ListItem\",\"position\":2,\"name\":\"Auctions\",\"item\":\"https:\/\/pistonaddict.com\/auctions-listing\/\"},{\"@type\":\"ListItem\",\"position\":3,\"name\":\"Ferrari 458 Italia\"}]},{\"@type\":\"WebSite\",\"@id\":\"https:\/\/pistonaddict.com\/ro\/#website\",\"url\":\"https:\/\/pistonaddict.com\/ro\/\",\"name\":\"Piston Addict\",\"description\":\"Only interesting vehicles\",\"publisher\":{\"@id\":\"https:\/\/pistonaddict.com\/ro\/#organization\"},\"potentialAction\":[{\"@type\":\"SearchAction\",\"target\":{\"@type\":\"EntryPoint\",\"urlTemplate\":\"https:\/\/pistonaddict.com\/ro\/?s={search_term_string}\"},\"query-input\":\"required name=search_term_string\"}],\"inLanguage\":\"ro-RO\"},{\"@type\":\"Organization\",\"@id\":\"https:\/\/pistonaddict.com\/ro\/#organization\",\"name\":\"Piston Addict\",\"url\":\"https:\/\/pistonaddict.com\/ro\/\",\"logo\":{\"@type\":\"ImageObject\",\"inLanguage\":\"ro-RO\",\"@id\":\"https:\/\/pistonaddict.com\/ro\/#\/schema\/logo\/image\/\",\"url\":\"https:\/\/pistonaddict.com\/wp-content\/uploads\/2022\/07\/logo-6.png\",\"contentUrl\":\"https:\/\/pistonaddict.com\/wp-content\/uploads\/2022\/07\/logo-6.png\",\"width\":970,\"height\":200,\"caption\":\"Piston Addict\"},\"image\":{\"@id\":\"https:\/\/pistonaddict.com\/ro\/#\/schema\/logo\/image\/\"}}]}<\/script>\n<!-- \/ Yoast SEO plugin. -->","yoast_head_json":{"title":"Ferrari 458 Italia licita\u021bie - Piston Addict","robots":{"index":"index","follow":"follow","max-snippet":"max-snippet:-1","max-image-preview":"max-image-preview:large","max-video-preview":"max-video-preview:-1"},"canonical":"https:\/\/pistonaddict.com\/ro\/product\/ferrari-458-italia\/","og_locale":"ro_RO","og_type":"article","og_title":"Ferrari 458 Italia licita\u021bie - Piston Addict","og_description":"Mereu \u00een avangarda tehnologiei \u0219i a performan\u021belor auto, Ferrari a adoptat turbocompresorul ca dotare standard pentru toate modelele sale, al\u0103turi de sistemul de propulsie hibrid. Cu toate acestea, pentru o scurt\u0103 clip\u0103, Ferrari a produs o ma\u0219in\u0103 sport absolut modern\u0103, propulsat\u0103 de un motor cu aspira\u021bie natural\u0103, care a combinat perfect tehnologia contemporan\u0103, tura\u021bia ridicat\u0103 \u0219i motorul extrem de puternic pentru acea senza\u021bie fermec\u0103toare de \u0219coal\u0103 veche. Da, este vorba despre 458 Italia, iar noi suntem m\u00e2ndri s\u0103 v\u0103 oferim unul dintre cele mai bune exemplare de pe pia\u021b\u0103.","og_url":"https:\/\/pistonaddict.com\/ro\/product\/ferrari-458-italia\/","og_site_name":"Piston Addict","article_modified_time":"2023-12-20T08:59:17+00:00","og_image":[{"width":1885,"height":1207,"url":"https:\/\/pistonaddict.com\/wp-content\/uploads\/2023\/12\/IMG_0124.jpeg","type":"image\/jpeg"}],"twitter_card":"summary_large_image","twitter_misc":{"Timp estimat pentru citire":"3 minute"},"schema":{"@context":"https:\/\/schema.org","@graph":[{"@type":"WebPage","@id":"https:\/\/pistonaddict.com\/ro\/product\/ferrari-458-italia\/","url":"https:\/\/pistonaddict.com\/ro\/product\/ferrari-458-italia\/","name":"Ferrari 458 Italia licita\u021bie - Piston Addict","isPartOf":{"@id":"https:\/\/pistonaddict.com\/ro\/#website"},"primaryImageOfPage":{"@id":"https:\/\/pistonaddict.com\/ro\/product\/ferrari-458-italia\/#primaryimage"},"image":{"@id":"https:\/\/pistonaddict.com\/ro\/product\/ferrari-458-italia\/#primaryimage"},"thumbnailUrl":"https:\/\/pistonaddict.com\/wp-content\/uploads\/2023\/12\/IMG_0124.jpeg","datePublished":"2023-12-01T09:02:11+00:00","dateModified":"2023-12-20T08:59:17+00:00","breadcrumb":{"@id":"https:\/\/pistonaddict.com\/ro\/product\/ferrari-458-italia\/#breadcrumb"},"inLanguage":"ro-RO","potentialAction":[{"@type":"ReadAction","target":["https:\/\/pistonaddict.com\/ro\/product\/ferrari-458-italia\/"]}]},{"@type":"ImageObject","inLanguage":"ro-RO","@id":"https:\/\/pistonaddict.com\/ro\/product\/ferrari-458-italia\/#primaryimage","url":"https:\/\/pistonaddict.com\/wp-content\/uploads\/2023\/12\/IMG_0124.jpeg","contentUrl":"https:\/\/pistonaddict.com\/wp-content\/uploads\/2023\/12\/IMG_0124.jpeg","width":1885,"height":1207},{"@type":"BreadcrumbList","@id":"https:\/\/pistonaddict.com\/ro\/product\/ferrari-458-italia\/#breadcrumb","itemListElement":[{"@type":"ListItem","position":1,"name":"Pagina principala","item":"https:\/\/pistonaddict.com\/ro\/pagina-de-start\/"},{"@type":"ListItem","position":2,"name":"Auctions","item":"https:\/\/pistonaddict.com\/auctions-listing\/"},{"@type":"ListItem","position":3,"name":"Ferrari 458 Italia"}]},{"@type":"WebSite","@id":"https:\/\/pistonaddict.com\/ro\/#website","url":"https:\/\/pistonaddict.com\/ro\/","name":"Piston Addict","description":"Only interesting vehicles","publisher":{"@id":"https:\/\/pistonaddict.com\/ro\/#organization"},"potentialAction":[{"@type":"SearchAction","target":{"@type":"EntryPoint","urlTemplate":"https:\/\/pistonaddict.com\/ro\/?s={search_term_string}"},"query-input":"required name=search_term_string"}],"inLanguage":"ro-RO"},{"@type":"Organization","@id":"https:\/\/pistonaddict.com\/ro\/#organization","name":"Piston Addict","url":"https:\/\/pistonaddict.com\/ro\/","logo":{"@type":"ImageObject","inLanguage":"ro-RO","@id":"https:\/\/pistonaddict.com\/ro\/#\/schema\/logo\/image\/","url":"https:\/\/pistonaddict.com\/wp-content\/uploads\/2022\/07\/logo-6.png","contentUrl":"https:\/\/pistonaddict.com\/wp-content\/uploads\/2022\/07\/logo-6.png","width":970,"height":200,"caption":"Piston Addict"},"image":{"@id":"https:\/\/pistonaddict.com\/ro\/#\/schema\/logo\/image\/"}}]}},"_links":{"self":[{"href":"https:\/\/pistonaddict.com\/ro\/wp-json\/wp\/v2\/product\/75654"}],"collection":[{"href":"https:\/\/pistonaddict.com\/ro\/wp-json\/wp\/v2\/product"}],"about":[{"href":"https:\/\/pistonaddict.com\/ro\/wp-json\/wp\/v2\/types\/product"}],"replies":[{"embeddable":true,"href":"https:\/\/pistonaddict.com\/ro\/wp-json\/wp\/v2\/comments?post=75654"}],"wp:featuredmedia":[{"embeddable":true,"href":"https:\/\/pistonaddict.com\/ro\/wp-json\/wp\/v2\/media\/75549"}],"wp:attachment":[{"href":"https:\/\/pistonaddict.com\/ro\/wp-json\/wp\/v2\/media?parent=75654"}],"wp:term":[{"taxonomy":"product_cat","embeddable":true,"href":"https:\/\/pistonaddict.com\/ro\/wp-json\/wp\/v2\/product_cat?post=75654"},{"taxonomy":"product_tag","embeddable":true,"href":"https:\/\/pistonaddict.com\/ro\/wp-json\/wp\/v2\/product_tag?post=75654"}],"curies":[{"name":"wp","href":"https:\/\/api.w.org\/{rel}","templated":true}]}}