{"id":72245,"date":"2023-11-17T17:40:02","date_gmt":"2023-11-17T16:40:02","guid":{"rendered":"https:\/\/pistonaddict.com\/product\/land-rover-defender-p90e-electric\/"},"modified":"2024-03-19T16:59:34","modified_gmt":"2024-03-19T15:59:34","slug":"land-rover-defender-p90e-electric","status":"publish","type":"product","link":"https:\/\/pistonaddict.com\/ro\/product\/land-rover-defender-p90e-electric\/","title":{"rendered":"Land Rover Defender P90E Electric"},"content":{"rendered":"<p><strong>Istoria ma\u0219inii<\/strong><\/p>\n<p>\u00cen lumea vehiculelor off-road, Land Rover Defender este un simbol incontestabil. Un adev\u0103rat erou auto \u0219i un model care \u00eenc\u0103 simbolizeaz\u0103 robuste\u021bea, fiabilitatea \u0219i atitudinea de a merge oriunde. Ca atare, este \u00een continuare o ma\u0219in\u0103 de vis pentru milioane de fani off-road din \u00eentreaga lume. Cu toate acestea, modelele clasice, oric\u00e2t de cool \u0219i de fermec\u0103toare ar fi, sunt dep\u0103\u0219ite \u00een lumea de ast\u0103zi, preocupat\u0103 de trafic \u0219i de mediu. Compania elve\u021bian\u0103 Revive a g\u0103sit o solu\u021bie \u0219i a transformat acest exemplar \u00een unul cu propulsie electric\u0103 modern\u0103, ceea ce a transformat complet senza\u021bia acestui vehicul clasic \u0219i i-a \u00eembun\u0103t\u0103\u021bit capacit\u0103\u021bile. Acest exemplar a fost produs \u00een 1999, \u00een forma dorit\u0103, cu trei u\u0219i, \u0219i a fost livrat nou \u00een Elve\u021bia. Achizi\u021bionat de v\u00e2nz\u0103tor \u00een 2021, acesta a f\u0103cut obiectul unui proces de modernizare am\u0103nun\u021bit de c\u0103tre Revive \u00een 2022, care a dus la prima conversie Defender EV din Elve\u021bia. Motorul diesel original a fost \u00eenlocuit cu motorul electric Netgain Hyper 9 de 66 kW (100 CP) \u00eenso\u021bit de un pachet de baterii de 44 kWh. Interesant este faptul c\u0103 motorul electric a fost ata\u0219at la transmisia manual\u0103 original\u0103 \u0219i la trenul de rulare 4&#215;4. Acest Defender are o combina\u021bie unic\u0103 de energie electric\u0103 \u0219i o cutie de viteze cu schimb\u0103tor de viteze, performan\u021be \u00eembun\u0103t\u0103\u021bite, un cuplu mai mare \u0219i o autonomie de aproximativ 120-130 km (p\u00e2n\u0103 la 80 de mile).<\/p>\n<p><strong>Interior<\/strong><\/p>\n<p>\u00cen afar\u0103 de afi\u0219ajul central, interiorul acestui Land Rover Defender unic este de epoc\u0103 \u0219i se afl\u0103 \u00eentr-o stare excelent\u0103. Scaunele sunt \u00eembr\u0103cate \u00een stof\u0103, iar \u00een spate are scaune rumble cu aspect cool. Tabloul de bord arat\u0103 la fel ca cel original. Are c\u00e2teva \u00eentrerup\u0103toare suplimentare, un sistem audio \u00eembun\u0103t\u0103\u021bit \u0219i un indicator de combustibil care a fost convertit pentru a ar\u0103ta cantitatea de energie electric\u0103 din baterii, ceea ce reprezint\u0103 un detaliu personalizat excelent. Chiar dac\u0103 Defender are acum un acumulator, nu a pierdut nimic din caracterul s\u0103u practic sau din spa\u021biul interior.<\/p>\n<p><strong> <\/strong><strong>Stare<\/strong><\/p>\n<p>Acest off-roader legendar a parcurs 187.654 km din nou p\u00e2n\u0103 la transformarea sa de c\u0103tre Revive. Acest exemplar special a fost ales pentru starea sa, lipsa de daune sau rugin\u0103, care sunt probleme comune ale unui Defender clasic. De la conversie, Defender a parcurs doar aproape 10 000 de kilometri \u0219i este preg\u0103tit s\u0103 parcurg\u0103 mult mai mul\u021bi, deoarece motorul este nou. \u00cen prezent, kilometrajul se afl\u0103 la pu\u021bin peste 197.500 km. Ma\u0219ina este \u00eenso\u021bit\u0103 de un dosar de documenta\u021bie complet, \u00eempreun\u0103 cu documenta\u021bia \u0219i garan\u021bia companiei Revive. Autovehiculul a fost supus unei revizii am\u0103nun\u021bite chiar \u00eenainte de procesul de conversie 2022, fr\u00e2nele fiind revizuite cu doar c\u00e2teva zile \u00een urm\u0103, \u00een noiembrie 2023. Este esen\u021bial s\u0103 spunem c\u0103 acest Defender a trecut inspec\u021bia tehnic\u0103 elve\u021bian\u0103, a fost \u00eenmatriculat \u0219i vine cu o garan\u021bie de trei ani de la Revive, ceea ce arat\u0103 c\u0103 starea general\u0103 este fantastic\u0103 \u0219i c\u0103 vehiculul este absolut potrivit pentru orice utilizare pe \u0219osea \u0219i \u00een afara ei.<\/p>\n<p><strong> <\/strong><strong>Exterior \u0219i ro\u021bi<\/strong><\/p>\n<p>Din exterior, acest Defender EV arat\u0103 ca orice alt Land Rover din aceea\u0219i epoc\u0103, iar singurele lucruri care \u00eel diferen\u021biaz\u0103 sunt autocolantele \u0219i portul de \u00eenc\u0103rcare \u00een locul capacului de alimentare cu combustibil. Cu jante originale de 16 inch, \u00eembr\u0103cate \u00een anvelope Nokian off-road (care dateaz\u0103 din 2021), este capabil s\u0103 abordeze orice teren. Nu exist\u0103 lovituri, zg\u00e2rieturi sau rugin\u0103, iar vopseaua gri este original\u0103.<\/p>\n<p><strong> <\/strong><strong>Documenta\u021bie<\/strong><\/p>\n<p>Proprietarul vinde acest vehicul cu documenta\u021bia corespunz\u0103toare \u0219i se afl\u0103 \u00een Elve\u021bia. Raportul <a href=\"https:\/\/pistonaddict.com\/wp-content\/uploads\/2023\/11\/CarVertical.pdf\">Car Vertical<\/a> este curat; nu exist\u0103 dovezi de accidente, repara\u021bii \u00een caz de accident, proprietate sau probleme juridice. Exist\u0103 registre de \u00eentre\u021binere periodic\u0103, bro\u0219uri originale ale fabricii, facturi de v\u00e2nzare \u0219i chitan\u021be.  <strong>Ma\u0219ina este \u00eenso\u021bit\u0103 de documenta\u021bia corespunz\u0103toare de la Revive, de o garan\u021bie scris\u0103 de 3 ani pentru motorul electric \u0219i pachetul de baterii \u0219i de o inspec\u021bie tehnic\u0103 efectuat\u0103 de autorit\u0103\u021bile elve\u021biene. Un manual de utilizare cuprinz\u0103tor \u0219i o documenta\u021bie de asigurare sunt, de asemenea, furnizate \u00eempreun\u0103 cu ma\u0219ina.<\/strong>. Toate acestea \u00eenseamn\u0103 c\u0103 acest Defender EV este complet legal pentru drumuri, gata de export \u0219i poate fi utilizat oriunde.<\/p>\n<p><strong>Vede\u021bi videoclipul de pornire la rece al acestui foarte interesant Land Rover Defender full electric :<\/strong><\/p>\n<p><iframe title=\"Cold Start Video of the Land Rover Defender full Electric for auction sale\" width=\"1200\" height=\"900\" src=\"https:\/\/www.youtube.com\/embed\/8ZfpIXIwhOI?feature=oembed\" frameborder=\"0\" allow=\"accelerometer; autoplay; clipboard-write; encrypted-media; gyroscope; picture-in-picture; web-share\" allowfullscreen><\/iframe><\/p>\n<p><strong> <\/strong><\/p>\n","protected":false},"excerpt":{"rendered":"<p>Unul dintre cele mai interesante aspecte ale revolu\u021biei EV este c\u0103 putem reinventa ma\u0219inile clasice \u0219i le putem oferi o nou\u0103 via\u021b\u0103. Modernizarea unui vehicul clasic cu o transmisie electric\u0103 ultramodern\u0103 reprezint\u0103 un pas dincolo de restaurare \u0219i un mod unic de a \u00eembina forma recunoscut\u0103 cu tehnologia secolului XXI. Ast\u0103zi, suntem m\u00e2ndri s\u0103 v\u0103 prezent\u0103m o astfel de ma\u0219in\u0103 &#8211; Land Rover Defender EV, primul Defender clasic transformat \u00eentr-un vehicul electric de c\u0103tre compania elve\u021bian\u0103 Revive.<\/p>\n","protected":false},"featured_media":71395,"comment_status":"open","ping_status":"closed","template":"","meta":{"inline_featured_image":false},"product_cat":[744],"product_tag":[2575,2513,2510,2507],"acf":[],"yoast_head":"<!-- This site is optimized with the Yoast SEO plugin v22.5 - https:\/\/yoast.com\/wordpress\/plugins\/seo\/ -->\n<title>Land Rover Defender P90E Electric licita\u021bie - Piston Addict<\/title>\n<meta name=\"robots\" content=\"index, follow, max-snippet:-1, max-image-preview:large, max-video-preview:-1\" \/>\n<link rel=\"canonical\" href=\"https:\/\/pistonaddict.com\/ro\/product\/land-rover-defender-p90e-electric\/\" \/>\n<meta property=\"og:locale\" content=\"ro_RO\" \/>\n<meta property=\"og:type\" content=\"article\" \/>\n<meta property=\"og:title\" content=\"Land Rover Defender P90E Electric licita\u021bie - Piston Addict\" \/>\n<meta property=\"og:description\" content=\"Unul dintre cele mai interesante aspecte ale revolu\u021biei EV este c\u0103 putem reinventa ma\u0219inile clasice \u0219i le putem oferi o nou\u0103 via\u021b\u0103. Modernizarea unui vehicul clasic cu o transmisie electric\u0103 ultramodern\u0103 reprezint\u0103 un pas dincolo de restaurare \u0219i un mod unic de a \u00eembina forma recunoscut\u0103 cu tehnologia secolului XXI. Ast\u0103zi, suntem m\u00e2ndri s\u0103 v\u0103 prezent\u0103m o astfel de ma\u0219in\u0103 - Land Rover Defender EV, primul Defender clasic transformat \u00eentr-un vehicul electric de c\u0103tre compania elve\u021bian\u0103 Revive.\" \/>\n<meta property=\"og:url\" content=\"https:\/\/pistonaddict.com\/ro\/product\/land-rover-defender-p90e-electric\/\" \/>\n<meta property=\"og:site_name\" content=\"Piston Addict\" \/>\n<meta property=\"article:modified_time\" content=\"2024-03-19T15:59:34+00:00\" \/>\n<meta property=\"og:image\" content=\"https:\/\/pistonaddict.com\/wp-content\/uploads\/2023\/11\/def-05.jpg\" \/>\n\t<meta property=\"og:image:width\" content=\"2560\" \/>\n\t<meta property=\"og:image:height\" content=\"1440\" \/>\n\t<meta property=\"og:image:type\" content=\"image\/jpeg\" \/>\n<meta name=\"twitter:card\" content=\"summary_large_image\" \/>\n<meta name=\"twitter:label1\" content=\"Timp estimat pentru citire\" \/>\n\t<meta name=\"twitter:data1\" content=\"4 minute\" \/>\n<script type=\"application\/ld+json\" class=\"yoast-schema-graph\">{\"@context\":\"https:\/\/schema.org\",\"@graph\":[{\"@type\":\"WebPage\",\"@id\":\"https:\/\/pistonaddict.com\/ro\/product\/land-rover-defender-p90e-electric\/\",\"url\":\"https:\/\/pistonaddict.com\/ro\/product\/land-rover-defender-p90e-electric\/\",\"name\":\"Land Rover Defender P90E Electric licita\u021bie - Piston Addict\",\"isPartOf\":{\"@id\":\"https:\/\/pistonaddict.com\/ro\/#website\"},\"primaryImageOfPage\":{\"@id\":\"https:\/\/pistonaddict.com\/ro\/product\/land-rover-defender-p90e-electric\/#primaryimage\"},\"image\":{\"@id\":\"https:\/\/pistonaddict.com\/ro\/product\/land-rover-defender-p90e-electric\/#primaryimage\"},\"thumbnailUrl\":\"https:\/\/pistonaddict.com\/wp-content\/uploads\/2023\/11\/def-05.jpg\",\"datePublished\":\"2023-11-17T16:40:02+00:00\",\"dateModified\":\"2024-03-19T15:59:34+00:00\",\"breadcrumb\":{\"@id\":\"https:\/\/pistonaddict.com\/ro\/product\/land-rover-defender-p90e-electric\/#breadcrumb\"},\"inLanguage\":\"ro-RO\",\"potentialAction\":[{\"@type\":\"ReadAction\",\"target\":[\"https:\/\/pistonaddict.com\/ro\/product\/land-rover-defender-p90e-electric\/\"]}]},{\"@type\":\"ImageObject\",\"inLanguage\":\"ro-RO\",\"@id\":\"https:\/\/pistonaddict.com\/ro\/product\/land-rover-defender-p90e-electric\/#primaryimage\",\"url\":\"https:\/\/pistonaddict.com\/wp-content\/uploads\/2023\/11\/def-05.jpg\",\"contentUrl\":\"https:\/\/pistonaddict.com\/wp-content\/uploads\/2023\/11\/def-05.jpg\",\"width\":2560,\"height\":1440},{\"@type\":\"BreadcrumbList\",\"@id\":\"https:\/\/pistonaddict.com\/ro\/product\/land-rover-defender-p90e-electric\/#breadcrumb\",\"itemListElement\":[{\"@type\":\"ListItem\",\"position\":1,\"name\":\"Pagina principala\",\"item\":\"https:\/\/pistonaddict.com\/ro\/pagina-de-start\/\"},{\"@type\":\"ListItem\",\"position\":2,\"name\":\"Auctions\",\"item\":\"https:\/\/pistonaddict.com\/auctions-listing\/\"},{\"@type\":\"ListItem\",\"position\":3,\"name\":\"Land Rover Defender P90E Electric\"}]},{\"@type\":\"WebSite\",\"@id\":\"https:\/\/pistonaddict.com\/ro\/#website\",\"url\":\"https:\/\/pistonaddict.com\/ro\/\",\"name\":\"Piston Addict\",\"description\":\"Only interesting vehicles\",\"publisher\":{\"@id\":\"https:\/\/pistonaddict.com\/ro\/#organization\"},\"potentialAction\":[{\"@type\":\"SearchAction\",\"target\":{\"@type\":\"EntryPoint\",\"urlTemplate\":\"https:\/\/pistonaddict.com\/ro\/?s={search_term_string}\"},\"query-input\":\"required name=search_term_string\"}],\"inLanguage\":\"ro-RO\"},{\"@type\":\"Organization\",\"@id\":\"https:\/\/pistonaddict.com\/ro\/#organization\",\"name\":\"Piston Addict\",\"url\":\"https:\/\/pistonaddict.com\/ro\/\",\"logo\":{\"@type\":\"ImageObject\",\"inLanguage\":\"ro-RO\",\"@id\":\"https:\/\/pistonaddict.com\/ro\/#\/schema\/logo\/image\/\",\"url\":\"https:\/\/pistonaddict.com\/wp-content\/uploads\/2022\/07\/logo-6.png\",\"contentUrl\":\"https:\/\/pistonaddict.com\/wp-content\/uploads\/2022\/07\/logo-6.png\",\"width\":970,\"height\":200,\"caption\":\"Piston Addict\"},\"image\":{\"@id\":\"https:\/\/pistonaddict.com\/ro\/#\/schema\/logo\/image\/\"}}]}<\/script>\n<!-- \/ Yoast SEO plugin. -->","yoast_head_json":{"title":"Land Rover Defender P90E Electric licita\u021bie - Piston Addict","robots":{"index":"index","follow":"follow","max-snippet":"max-snippet:-1","max-image-preview":"max-image-preview:large","max-video-preview":"max-video-preview:-1"},"canonical":"https:\/\/pistonaddict.com\/ro\/product\/land-rover-defender-p90e-electric\/","og_locale":"ro_RO","og_type":"article","og_title":"Land Rover Defender P90E Electric licita\u021bie - Piston Addict","og_description":"Unul dintre cele mai interesante aspecte ale revolu\u021biei EV este c\u0103 putem reinventa ma\u0219inile clasice \u0219i le putem oferi o nou\u0103 via\u021b\u0103. Modernizarea unui vehicul clasic cu o transmisie electric\u0103 ultramodern\u0103 reprezint\u0103 un pas dincolo de restaurare \u0219i un mod unic de a \u00eembina forma recunoscut\u0103 cu tehnologia secolului XXI. Ast\u0103zi, suntem m\u00e2ndri s\u0103 v\u0103 prezent\u0103m o astfel de ma\u0219in\u0103 - Land Rover Defender EV, primul Defender clasic transformat \u00eentr-un vehicul electric de c\u0103tre compania elve\u021bian\u0103 Revive.","og_url":"https:\/\/pistonaddict.com\/ro\/product\/land-rover-defender-p90e-electric\/","og_site_name":"Piston Addict","article_modified_time":"2024-03-19T15:59:34+00:00","og_image":[{"width":2560,"height":1440,"url":"https:\/\/pistonaddict.com\/wp-content\/uploads\/2023\/11\/def-05.jpg","type":"image\/jpeg"}],"twitter_card":"summary_large_image","twitter_misc":{"Timp estimat pentru citire":"4 minute"},"schema":{"@context":"https:\/\/schema.org","@graph":[{"@type":"WebPage","@id":"https:\/\/pistonaddict.com\/ro\/product\/land-rover-defender-p90e-electric\/","url":"https:\/\/pistonaddict.com\/ro\/product\/land-rover-defender-p90e-electric\/","name":"Land Rover Defender P90E Electric licita\u021bie - Piston Addict","isPartOf":{"@id":"https:\/\/pistonaddict.com\/ro\/#website"},"primaryImageOfPage":{"@id":"https:\/\/pistonaddict.com\/ro\/product\/land-rover-defender-p90e-electric\/#primaryimage"},"image":{"@id":"https:\/\/pistonaddict.com\/ro\/product\/land-rover-defender-p90e-electric\/#primaryimage"},"thumbnailUrl":"https:\/\/pistonaddict.com\/wp-content\/uploads\/2023\/11\/def-05.jpg","datePublished":"2023-11-17T16:40:02+00:00","dateModified":"2024-03-19T15:59:34+00:00","breadcrumb":{"@id":"https:\/\/pistonaddict.com\/ro\/product\/land-rover-defender-p90e-electric\/#breadcrumb"},"inLanguage":"ro-RO","potentialAction":[{"@type":"ReadAction","target":["https:\/\/pistonaddict.com\/ro\/product\/land-rover-defender-p90e-electric\/"]}]},{"@type":"ImageObject","inLanguage":"ro-RO","@id":"https:\/\/pistonaddict.com\/ro\/product\/land-rover-defender-p90e-electric\/#primaryimage","url":"https:\/\/pistonaddict.com\/wp-content\/uploads\/2023\/11\/def-05.jpg","contentUrl":"https:\/\/pistonaddict.com\/wp-content\/uploads\/2023\/11\/def-05.jpg","width":2560,"height":1440},{"@type":"BreadcrumbList","@id":"https:\/\/pistonaddict.com\/ro\/product\/land-rover-defender-p90e-electric\/#breadcrumb","itemListElement":[{"@type":"ListItem","position":1,"name":"Pagina principala","item":"https:\/\/pistonaddict.com\/ro\/pagina-de-start\/"},{"@type":"ListItem","position":2,"name":"Auctions","item":"https:\/\/pistonaddict.com\/auctions-listing\/"},{"@type":"ListItem","position":3,"name":"Land Rover Defender P90E Electric"}]},{"@type":"WebSite","@id":"https:\/\/pistonaddict.com\/ro\/#website","url":"https:\/\/pistonaddict.com\/ro\/","name":"Piston Addict","description":"Only interesting vehicles","publisher":{"@id":"https:\/\/pistonaddict.com\/ro\/#organization"},"potentialAction":[{"@type":"SearchAction","target":{"@type":"EntryPoint","urlTemplate":"https:\/\/pistonaddict.com\/ro\/?s={search_term_string}"},"query-input":"required name=search_term_string"}],"inLanguage":"ro-RO"},{"@type":"Organization","@id":"https:\/\/pistonaddict.com\/ro\/#organization","name":"Piston Addict","url":"https:\/\/pistonaddict.com\/ro\/","logo":{"@type":"ImageObject","inLanguage":"ro-RO","@id":"https:\/\/pistonaddict.com\/ro\/#\/schema\/logo\/image\/","url":"https:\/\/pistonaddict.com\/wp-content\/uploads\/2022\/07\/logo-6.png","contentUrl":"https:\/\/pistonaddict.com\/wp-content\/uploads\/2022\/07\/logo-6.png","width":970,"height":200,"caption":"Piston Addict"},"image":{"@id":"https:\/\/pistonaddict.com\/ro\/#\/schema\/logo\/image\/"}}]}},"_links":{"self":[{"href":"https:\/\/pistonaddict.com\/ro\/wp-json\/wp\/v2\/product\/72245"}],"collection":[{"href":"https:\/\/pistonaddict.com\/ro\/wp-json\/wp\/v2\/product"}],"about":[{"href":"https:\/\/pistonaddict.com\/ro\/wp-json\/wp\/v2\/types\/product"}],"replies":[{"embeddable":true,"href":"https:\/\/pistonaddict.com\/ro\/wp-json\/wp\/v2\/comments?post=72245"}],"wp:featuredmedia":[{"embeddable":true,"href":"https:\/\/pistonaddict.com\/ro\/wp-json\/wp\/v2\/media\/71395"}],"wp:attachment":[{"href":"https:\/\/pistonaddict.com\/ro\/wp-json\/wp\/v2\/media?parent=72245"}],"wp:term":[{"taxonomy":"product_cat","embeddable":true,"href":"https:\/\/pistonaddict.com\/ro\/wp-json\/wp\/v2\/product_cat?post=72245"},{"taxonomy":"product_tag","embeddable":true,"href":"https:\/\/pistonaddict.com\/ro\/wp-json\/wp\/v2\/product_tag?post=72245"}],"curies":[{"name":"wp","href":"https:\/\/api.w.org\/{rel}","templated":true}]}}