{"id":69419,"date":"2023-11-09T17:05:55","date_gmt":"2023-11-09T16:05:55","guid":{"rendered":"https:\/\/pistonaddict.com\/product\/mini-rover-1-3-mpi-silverstone\/"},"modified":"2023-12-20T09:53:57","modified_gmt":"2023-12-20T08:53:57","slug":"mini-rover-1-3-mpi-silverstone","status":"publish","type":"product","link":"https:\/\/pistonaddict.com\/ro\/product\/mini-rover-1-3-mpi-silverstone\/","title":{"rendered":"Mini Rover 1.3 Silverstone"},"content":{"rendered":"<h2>Exterior<\/h2>\n<p>La exterior, forma familiar\u0103 a acestui hatchback negru cu dou\u0103 u\u0219i este condimentat\u0103 cu detalii precum o gril\u0103 cromat\u0103, dungi de curse pe capot\u0103 \u0219i un acoperi\u0219 vopsit \u00een alb. \u00cen plus, \u00een partea din fa\u021b\u0103, exist\u0103 o pereche de proiectoare de cea\u021b\u0103 care ajut\u0103 la cre\u0219terea vizibilit\u0103\u021bii \u0219i a aspectului. Aceasta este \u00eenso\u021bit\u0103 de indicatoare de viraj albe, o op\u021biune mult mai bun\u0103 dec\u00e2t cele galbene de mod\u0103 veche. Iar \u00een partea din spate se afl\u0103 o evacuare cu montur\u0103 central\u0103 \u0219i un cap\u0103t cromat.<\/p>\n<p>\u00cen cele din urm\u0103, ceea ce trebuie men\u021bionat &#8211; sunt pasajele evazate ale ro\u021bilor, care accentueaz\u0103 \u0219i mai mult aspectul agresiv al ma\u0219inii. Dar aceast\u0103 modificare nu este doar pentru spectacol, ci a fost necesar\u0103 pentru a avea suficient spa\u021biu pentru ro\u021bi late, sportive. \u0218i dac\u0103 tot vorbim de anvelope, trebuie men\u021bionat c\u0103 jantele de 13 inch de pe aceast\u0103 ma\u0219in\u0103 nu sunt cele de serie. Dar v\u00e2nz\u0103torul spune c\u0103 acestea vor fi furnizate, de asemenea.<\/p>\n<h2>Interior<\/h2>\n<p>Odat\u0103 intrat \u00een ma\u0219in\u0103, v\u0103 ve\u021bi afla \u00een spatele unui volan din piele cu trei spi\u021be, tipic Mini. \u00cen spatele acestuia se afl\u0103 instrumentarul de bord cu un vitezometru care se termin\u0103 la 180 km\/h \u0219i un turometru care ajunge p\u00e2n\u0103 la 8.000 de rota\u021bii. A\u0219a cum era de a\u0219teptat, plan\u0219a de bord &#8211; care este realizat\u0103 din lemn adev\u0103rat &#8211; este echipat\u0103 cu pu\u021bine dot\u0103ri \u0219i ofer\u0103 doar elementele esen\u021biale. Aceasta include \u00eentrerup\u0103toarele de lumin\u0103, comenzile de ventila\u021bie \u0219i o unitate principal\u0103 stereo, care, \u00een acest caz, este un dispozitiv Sony aftermarket.<\/p>\n<p>Restul habitaclului sugereaz\u0103 cu t\u0103rie caracterul sportiv al ma\u0219inii, scaunele din fa\u021b\u0103 fiind cele mai conving\u0103toare. \u00cembr\u0103cate \u00eentr-o combina\u021bie de piele neagr\u0103 \u0219i \u021bes\u0103tur\u0103 gri, acestea vor oferi un sprijin suficient atunci c\u00e2nd negocia\u021bi curbe str\u00e2nse, unde Mini se simte cel mai bine. Scaunele din spate \u0219i panoul lateral sunt tapi\u021bate \u00een acela\u0219i stil, iar un covor ro\u0219u pe podea completeaz\u0103 aspectul atr\u0103g\u0103tor. \u00cen cele din urm\u0103, v\u00e2nz\u0103torul va \u00eenlocui c\u0103ptu\u0219eala acoperi\u0219ului \u00eenainte de livrarea ma\u0219inii, deoarece cea original\u0103 este deteriorat\u0103 chiar deasupra parasolarelor (vezi \u00een imagine).<\/p>\n<h2>Mecanic\u0103<\/h2>\n<p>Acest Mini Cooper are un motor 1.3 cu 4 cilindri, care antreneaz\u0103 ro\u021bile din fa\u021b\u0103 prin intermediul unei transmisii manuale cu 4 trepte. De\u0219i configura\u021bia de baz\u0103 a motorului dateaz\u0103 din anii &#8217;60, acest model este echipat cu sistemul Rover de injec\u021bie electronic\u0103 a combustibilului, ceea ce face ca ma\u0219ina s\u0103 fie mai fiabil\u0103 \u0219i mai pl\u0103cut\u0103 la condus.<\/p>\n<p>\u00cen ceea ce prive\u0219te puterea, Mini Cooper are la dispozi\u021bie doar 63 de cai putere, ceea ce poate p\u0103rea pu\u021bin. Dar trebuie s\u0103 fac\u0103 fa\u021b\u0103 doar la 685 de kilograme, c\u00e2t c\u00e2nt\u0103re\u0219te aceast\u0103 ma\u0219in\u0103. \u00cen concluzie, de\u0219i Mini nu este probabil foarte rapid pe linia dreapt\u0103, este incredibil de distractiv \u00een viraje. \u0218i acesta este unul dintre lucrurile care au f\u0103cut-o at\u00e2t de special\u0103 \u0219i faimoas\u0103 \u00een primul r\u00e2nd.<\/p>\n<h2>Istoricul vehiculului<\/h2>\n<p>\u00cen cele din urm\u0103, c\u00e2teva cuvinte despre starea actual\u0103 a modelului Mini, pe care v\u00e2nz\u0103torul o descrie ca fiind foarte bun\u0103. Ma\u0219ina a fost revizuit\u0103 ultima dat\u0103 \u00een iunie 2023, c\u00e2nd a fost efectuat\u0103 o \u00eentre\u021binere periodic\u0103 \u0219i au fost montate fr\u00e2ne noi. \u00cen plus, \u00eentregul sistem de evacuare, inclusiv catalizatorul, este nou. \u0218i, judec\u00e2nd dup\u0103 fotografii, ma\u0219ina arat\u0103 impecabil, at\u00e2t la exterior, c\u00e2t \u0219i la interior. \u00cen plus, v\u00e2nz\u0103torul profesionist, care este al 5-lea proprietar, spune c\u0103 ma\u0219ina nu a avut niciodat\u0103 un accident, ceea ce poate fi confirmat suplimentar de un raport <a href=\"https:\/\/pistonaddict.com\/wp-content\/uploads\/2023\/11\/CARFAX-Vehicle-History-Report-ROVER-MINI.pdf\">CARFAX<\/a> corespunz\u0103tor al istoricului vehiculului. Ultima inspec\u021bie tehnic\u0103 a trecut \u0219i a fost aprobat\u0103 la 6 octombrie 2023.<\/p>\n<p><strong><br \/>\nVezi videoclipul cu pornirea la rece a acestui dr\u0103gu\u021b Mini Rover Silverstone:<\/strong><\/p>\n<p><iframe title=\"Cold Start Video of the Austin Mini Silverstone for auction sale\" width=\"1200\" height=\"675\" src=\"https:\/\/www.youtube.com\/embed\/NW_53HH3Wg4?feature=oembed\" frameborder=\"0\" allow=\"accelerometer; autoplay; clipboard-write; encrypted-media; gyroscope; picture-in-picture; web-share\" allowfullscreen><\/iframe><\/p>\n","protected":false},"excerpt":{"rendered":"<p>Dac\u0103 sunte\u021bi \u00een c\u0103utarea unei ma\u0219ini clasice mici, practice \u0219i agile, originalul Mini trebuie s\u0103 fie \u00een fruntea listei dumneavoastr\u0103. De-a lungul lungii sale perioade de produc\u021bie, aceast\u0103 emblem\u0103 auto a fost disponibil\u0103 \u00een mai multe variante, modelul sportiv Cooper fiind probabil cel mai dorit. Aceasta este o ma\u0219in\u0103 care combin\u0103 caracterul original Mini cu o varietate de detalii vizuale rafinate \u0219i o experien\u021b\u0103 de condus captivant\u0103. Iar la v\u00e2nzare avem aici un Mini Cooper din 1993, care este \u00een stare excelent\u0103 \u0219i a parcurs p\u00e2n\u0103 acum 74.000 de kilometri. Mai mult, faptul c\u0103 este unul dintre cele doar 400 de exemplare Silverstone fabricate \u00eei confer\u0103 exclusivitate. S\u0103 arunc\u0103m o privire mai atent\u0103 la ceea ce are de oferit.<\/p>\n","protected":false},"featured_media":67418,"comment_status":"open","ping_status":"closed","template":"","meta":{"inline_featured_image":false},"product_cat":[744],"product_tag":[2456,2457,965],"acf":[],"yoast_head":"<!-- This site is optimized with the Yoast SEO plugin v22.5 - https:\/\/yoast.com\/wordpress\/plugins\/seo\/ -->\n<title>Mini Rover 1.3 Silverstone licita\u021bie - Piston Addict<\/title>\n<meta name=\"robots\" content=\"index, follow, max-snippet:-1, max-image-preview:large, max-video-preview:-1\" \/>\n<link rel=\"canonical\" href=\"https:\/\/pistonaddict.com\/ro\/product\/mini-rover-1-3-mpi-silverstone\/\" \/>\n<meta property=\"og:locale\" content=\"ro_RO\" \/>\n<meta property=\"og:type\" content=\"article\" \/>\n<meta property=\"og:title\" content=\"Mini Rover 1.3 Silverstone licita\u021bie - Piston Addict\" \/>\n<meta property=\"og:description\" content=\"Dac\u0103 sunte\u021bi \u00een c\u0103utarea unei ma\u0219ini clasice mici, practice \u0219i agile, originalul Mini trebuie s\u0103 fie \u00een fruntea listei dumneavoastr\u0103. De-a lungul lungii sale perioade de produc\u021bie, aceast\u0103 emblem\u0103 auto a fost disponibil\u0103 \u00een mai multe variante, modelul sportiv Cooper fiind probabil cel mai dorit. Aceasta este o ma\u0219in\u0103 care combin\u0103 caracterul original Mini cu o varietate de detalii vizuale rafinate \u0219i o experien\u021b\u0103 de condus captivant\u0103. Iar la v\u00e2nzare avem aici un Mini Cooper din 1993, care este \u00een stare excelent\u0103 \u0219i a parcurs p\u00e2n\u0103 acum 74.000 de kilometri. Mai mult, faptul c\u0103 este unul dintre cele doar 400 de exemplare Silverstone fabricate \u00eei confer\u0103 exclusivitate. S\u0103 arunc\u0103m o privire mai atent\u0103 la ceea ce are de oferit.\" \/>\n<meta property=\"og:url\" content=\"https:\/\/pistonaddict.com\/ro\/product\/mini-rover-1-3-mpi-silverstone\/\" \/>\n<meta property=\"og:site_name\" content=\"Piston Addict\" \/>\n<meta property=\"article:modified_time\" content=\"2023-12-20T08:53:57+00:00\" \/>\n<meta property=\"og:image\" content=\"https:\/\/pistonaddict.com\/wp-content\/uploads\/2023\/11\/IMG_5534-scaled.jpeg\" \/>\n\t<meta property=\"og:image:width\" content=\"2560\" \/>\n\t<meta property=\"og:image:height\" content=\"1920\" \/>\n\t<meta property=\"og:image:type\" content=\"image\/jpeg\" \/>\n<meta name=\"twitter:card\" content=\"summary_large_image\" \/>\n<meta name=\"twitter:label1\" content=\"Timp estimat pentru citire\" \/>\n\t<meta name=\"twitter:data1\" content=\"3 minute\" \/>\n<script type=\"application\/ld+json\" class=\"yoast-schema-graph\">{\"@context\":\"https:\/\/schema.org\",\"@graph\":[{\"@type\":\"WebPage\",\"@id\":\"https:\/\/pistonaddict.com\/ro\/product\/mini-rover-1-3-mpi-silverstone\/\",\"url\":\"https:\/\/pistonaddict.com\/ro\/product\/mini-rover-1-3-mpi-silverstone\/\",\"name\":\"Mini Rover 1.3 Silverstone licita\u021bie - Piston Addict\",\"isPartOf\":{\"@id\":\"https:\/\/pistonaddict.com\/ro\/#website\"},\"primaryImageOfPage\":{\"@id\":\"https:\/\/pistonaddict.com\/ro\/product\/mini-rover-1-3-mpi-silverstone\/#primaryimage\"},\"image\":{\"@id\":\"https:\/\/pistonaddict.com\/ro\/product\/mini-rover-1-3-mpi-silverstone\/#primaryimage\"},\"thumbnailUrl\":\"https:\/\/pistonaddict.com\/wp-content\/uploads\/2023\/11\/IMG_5534-scaled.jpeg\",\"datePublished\":\"2023-11-09T16:05:55+00:00\",\"dateModified\":\"2023-12-20T08:53:57+00:00\",\"breadcrumb\":{\"@id\":\"https:\/\/pistonaddict.com\/ro\/product\/mini-rover-1-3-mpi-silverstone\/#breadcrumb\"},\"inLanguage\":\"ro-RO\",\"potentialAction\":[{\"@type\":\"ReadAction\",\"target\":[\"https:\/\/pistonaddict.com\/ro\/product\/mini-rover-1-3-mpi-silverstone\/\"]}]},{\"@type\":\"ImageObject\",\"inLanguage\":\"ro-RO\",\"@id\":\"https:\/\/pistonaddict.com\/ro\/product\/mini-rover-1-3-mpi-silverstone\/#primaryimage\",\"url\":\"https:\/\/pistonaddict.com\/wp-content\/uploads\/2023\/11\/IMG_5534-scaled.jpeg\",\"contentUrl\":\"https:\/\/pistonaddict.com\/wp-content\/uploads\/2023\/11\/IMG_5534-scaled.jpeg\",\"width\":2560,\"height\":1920},{\"@type\":\"BreadcrumbList\",\"@id\":\"https:\/\/pistonaddict.com\/ro\/product\/mini-rover-1-3-mpi-silverstone\/#breadcrumb\",\"itemListElement\":[{\"@type\":\"ListItem\",\"position\":1,\"name\":\"Pagina principala\",\"item\":\"https:\/\/pistonaddict.com\/ro\/pagina-de-start\/\"},{\"@type\":\"ListItem\",\"position\":2,\"name\":\"Auctions\",\"item\":\"https:\/\/pistonaddict.com\/auctions-listing\/\"},{\"@type\":\"ListItem\",\"position\":3,\"name\":\"Mini Rover 1.3 Silverstone\"}]},{\"@type\":\"WebSite\",\"@id\":\"https:\/\/pistonaddict.com\/ro\/#website\",\"url\":\"https:\/\/pistonaddict.com\/ro\/\",\"name\":\"Piston Addict\",\"description\":\"Only interesting vehicles\",\"publisher\":{\"@id\":\"https:\/\/pistonaddict.com\/ro\/#organization\"},\"potentialAction\":[{\"@type\":\"SearchAction\",\"target\":{\"@type\":\"EntryPoint\",\"urlTemplate\":\"https:\/\/pistonaddict.com\/ro\/?s={search_term_string}\"},\"query-input\":\"required name=search_term_string\"}],\"inLanguage\":\"ro-RO\"},{\"@type\":\"Organization\",\"@id\":\"https:\/\/pistonaddict.com\/ro\/#organization\",\"name\":\"Piston Addict\",\"url\":\"https:\/\/pistonaddict.com\/ro\/\",\"logo\":{\"@type\":\"ImageObject\",\"inLanguage\":\"ro-RO\",\"@id\":\"https:\/\/pistonaddict.com\/ro\/#\/schema\/logo\/image\/\",\"url\":\"https:\/\/pistonaddict.com\/wp-content\/uploads\/2022\/07\/logo-6.png\",\"contentUrl\":\"https:\/\/pistonaddict.com\/wp-content\/uploads\/2022\/07\/logo-6.png\",\"width\":970,\"height\":200,\"caption\":\"Piston Addict\"},\"image\":{\"@id\":\"https:\/\/pistonaddict.com\/ro\/#\/schema\/logo\/image\/\"}}]}<\/script>\n<!-- \/ Yoast SEO plugin. -->","yoast_head_json":{"title":"Mini Rover 1.3 Silverstone licita\u021bie - Piston Addict","robots":{"index":"index","follow":"follow","max-snippet":"max-snippet:-1","max-image-preview":"max-image-preview:large","max-video-preview":"max-video-preview:-1"},"canonical":"https:\/\/pistonaddict.com\/ro\/product\/mini-rover-1-3-mpi-silverstone\/","og_locale":"ro_RO","og_type":"article","og_title":"Mini Rover 1.3 Silverstone licita\u021bie - Piston Addict","og_description":"Dac\u0103 sunte\u021bi \u00een c\u0103utarea unei ma\u0219ini clasice mici, practice \u0219i agile, originalul Mini trebuie s\u0103 fie \u00een fruntea listei dumneavoastr\u0103. De-a lungul lungii sale perioade de produc\u021bie, aceast\u0103 emblem\u0103 auto a fost disponibil\u0103 \u00een mai multe variante, modelul sportiv Cooper fiind probabil cel mai dorit. Aceasta este o ma\u0219in\u0103 care combin\u0103 caracterul original Mini cu o varietate de detalii vizuale rafinate \u0219i o experien\u021b\u0103 de condus captivant\u0103. Iar la v\u00e2nzare avem aici un Mini Cooper din 1993, care este \u00een stare excelent\u0103 \u0219i a parcurs p\u00e2n\u0103 acum 74.000 de kilometri. Mai mult, faptul c\u0103 este unul dintre cele doar 400 de exemplare Silverstone fabricate \u00eei confer\u0103 exclusivitate. S\u0103 arunc\u0103m o privire mai atent\u0103 la ceea ce are de oferit.","og_url":"https:\/\/pistonaddict.com\/ro\/product\/mini-rover-1-3-mpi-silverstone\/","og_site_name":"Piston Addict","article_modified_time":"2023-12-20T08:53:57+00:00","og_image":[{"width":2560,"height":1920,"url":"https:\/\/pistonaddict.com\/wp-content\/uploads\/2023\/11\/IMG_5534-scaled.jpeg","type":"image\/jpeg"}],"twitter_card":"summary_large_image","twitter_misc":{"Timp estimat pentru citire":"3 minute"},"schema":{"@context":"https:\/\/schema.org","@graph":[{"@type":"WebPage","@id":"https:\/\/pistonaddict.com\/ro\/product\/mini-rover-1-3-mpi-silverstone\/","url":"https:\/\/pistonaddict.com\/ro\/product\/mini-rover-1-3-mpi-silverstone\/","name":"Mini Rover 1.3 Silverstone licita\u021bie - Piston Addict","isPartOf":{"@id":"https:\/\/pistonaddict.com\/ro\/#website"},"primaryImageOfPage":{"@id":"https:\/\/pistonaddict.com\/ro\/product\/mini-rover-1-3-mpi-silverstone\/#primaryimage"},"image":{"@id":"https:\/\/pistonaddict.com\/ro\/product\/mini-rover-1-3-mpi-silverstone\/#primaryimage"},"thumbnailUrl":"https:\/\/pistonaddict.com\/wp-content\/uploads\/2023\/11\/IMG_5534-scaled.jpeg","datePublished":"2023-11-09T16:05:55+00:00","dateModified":"2023-12-20T08:53:57+00:00","breadcrumb":{"@id":"https:\/\/pistonaddict.com\/ro\/product\/mini-rover-1-3-mpi-silverstone\/#breadcrumb"},"inLanguage":"ro-RO","potentialAction":[{"@type":"ReadAction","target":["https:\/\/pistonaddict.com\/ro\/product\/mini-rover-1-3-mpi-silverstone\/"]}]},{"@type":"ImageObject","inLanguage":"ro-RO","@id":"https:\/\/pistonaddict.com\/ro\/product\/mini-rover-1-3-mpi-silverstone\/#primaryimage","url":"https:\/\/pistonaddict.com\/wp-content\/uploads\/2023\/11\/IMG_5534-scaled.jpeg","contentUrl":"https:\/\/pistonaddict.com\/wp-content\/uploads\/2023\/11\/IMG_5534-scaled.jpeg","width":2560,"height":1920},{"@type":"BreadcrumbList","@id":"https:\/\/pistonaddict.com\/ro\/product\/mini-rover-1-3-mpi-silverstone\/#breadcrumb","itemListElement":[{"@type":"ListItem","position":1,"name":"Pagina principala","item":"https:\/\/pistonaddict.com\/ro\/pagina-de-start\/"},{"@type":"ListItem","position":2,"name":"Auctions","item":"https:\/\/pistonaddict.com\/auctions-listing\/"},{"@type":"ListItem","position":3,"name":"Mini Rover 1.3 Silverstone"}]},{"@type":"WebSite","@id":"https:\/\/pistonaddict.com\/ro\/#website","url":"https:\/\/pistonaddict.com\/ro\/","name":"Piston Addict","description":"Only interesting vehicles","publisher":{"@id":"https:\/\/pistonaddict.com\/ro\/#organization"},"potentialAction":[{"@type":"SearchAction","target":{"@type":"EntryPoint","urlTemplate":"https:\/\/pistonaddict.com\/ro\/?s={search_term_string}"},"query-input":"required name=search_term_string"}],"inLanguage":"ro-RO"},{"@type":"Organization","@id":"https:\/\/pistonaddict.com\/ro\/#organization","name":"Piston Addict","url":"https:\/\/pistonaddict.com\/ro\/","logo":{"@type":"ImageObject","inLanguage":"ro-RO","@id":"https:\/\/pistonaddict.com\/ro\/#\/schema\/logo\/image\/","url":"https:\/\/pistonaddict.com\/wp-content\/uploads\/2022\/07\/logo-6.png","contentUrl":"https:\/\/pistonaddict.com\/wp-content\/uploads\/2022\/07\/logo-6.png","width":970,"height":200,"caption":"Piston Addict"},"image":{"@id":"https:\/\/pistonaddict.com\/ro\/#\/schema\/logo\/image\/"}}]}},"_links":{"self":[{"href":"https:\/\/pistonaddict.com\/ro\/wp-json\/wp\/v2\/product\/69419"}],"collection":[{"href":"https:\/\/pistonaddict.com\/ro\/wp-json\/wp\/v2\/product"}],"about":[{"href":"https:\/\/pistonaddict.com\/ro\/wp-json\/wp\/v2\/types\/product"}],"replies":[{"embeddable":true,"href":"https:\/\/pistonaddict.com\/ro\/wp-json\/wp\/v2\/comments?post=69419"}],"wp:featuredmedia":[{"embeddable":true,"href":"https:\/\/pistonaddict.com\/ro\/wp-json\/wp\/v2\/media\/67418"}],"wp:attachment":[{"href":"https:\/\/pistonaddict.com\/ro\/wp-json\/wp\/v2\/media?parent=69419"}],"wp:term":[{"taxonomy":"product_cat","embeddable":true,"href":"https:\/\/pistonaddict.com\/ro\/wp-json\/wp\/v2\/product_cat?post=69419"},{"taxonomy":"product_tag","embeddable":true,"href":"https:\/\/pistonaddict.com\/ro\/wp-json\/wp\/v2\/product_tag?post=69419"}],"curies":[{"name":"wp","href":"https:\/\/api.w.org\/{rel}","templated":true}]}}