{"id":67057,"date":"2023-11-07T14:48:12","date_gmt":"2023-11-07T13:48:12","guid":{"rendered":"https:\/\/pistonaddict.com\/product\/ferrari-348-tb\/"},"modified":"2024-03-20T09:41:52","modified_gmt":"2024-03-20T08:41:52","slug":"ferrari-348-tb","status":"publish","type":"product","link":"https:\/\/pistonaddict.com\/ro\/product\/ferrari-348-tb\/","title":{"rendered":"Ferrari 348 TB"},"content":{"rendered":"<p><strong>Istoria ma\u0219inii<\/strong><\/p>\n<p>Modelul 348 TB a fost prezentat \u00een 1989 \u0219i a reprezentat un mare pas \u00eenainte \u00een ceea ce prive\u0219te performan\u021ba \u0219i ingineria \u00een compara\u021bie cu predecesorii s\u0103i. A fost, de asemenea, unul dintre ultimele modele din epoca &#8220;Enzo&#8221;, fiind aprobat pentru produc\u021bie chiar \u00eenainte de moartea legendarului \u0219ef Ferrari. Propulsat de un motor V8 de 3,4 litri, acesta furniza o putere de 300 CP, ceea ce asigura performan\u021be antrenante. Aceast\u0103 ma\u0219in\u0103 special\u0103 a fost livrat\u0103 nou\u0103 \u00een Elve\u021bia \u00een 1991 \u0219i a fost achizi\u021bionat\u0103 de actualul proprietar \u00een 2023. Cu toate acestea <strong>, ceea ce face ca acest Ferrari 348 TB s\u0103 fie at\u00e2t de interesant este faptul c\u0103 a fost echipat cu un kit Challenge<\/strong>. La \u00eenceputul anilor &#8217;90, Ferrari a lansat celebra serie de curse 348 Challenge pentru proprietarii care doreau s\u0103 concureze cu ma\u0219inile lor. Pentru a participa, trebuia fie s\u0103 cump\u0103ra\u021bi un 348 Challenge din fabric\u0103 (aproximativ 50 de exemplare fabricate), fie s\u0103 comanda\u021bi un kit Challenge de la dealerul dumneavoastr\u0103 Ferrari. <strong>Specifica\u021biile Challenge includeau un motor \u00eembun\u0103t\u0103\u021bit la 320 CP, fr\u00e2ne mai bune, scaune, o baterie mai mic\u0103, o cu\u0219c\u0103 de rulare \u0219i anvelope slick<\/strong>. Un dealer Ferrari a transformat acest exemplar la sf\u00e2r\u0219itul anului 1995, dar nu a concurat niciodat\u0103, deoarece seria Ferrari Challenge a trecut la modelul Ferrari 355 pentru sezonul 1996. Procesul a fost complet documentat cu facturi \u0219i chitan\u021be,<strong> ceea ce face ca acest 348 galben s\u0103 fie una dintre cele aproximativ 150 de ma\u0219ini convertite de dealeri din \u00eentreaga lume \u0219i probabil singura f\u0103r\u0103 istoric de curse!<\/strong><\/p>\n<p><strong>Interior<\/strong><\/p>\n<p>Deoarece acest Ferrari a fost p\u0103strat cu meticulozitate, interiorul din piele neagr\u0103 este \u00een stare foarte bun\u0103, cu urme minime de utilizare. Proprietarul anterior a \u00eendep\u0103rtat cu\u0219ca de rulare \u0219i a pus \u00eenapoi scaunele originale, ceea ce face mult mai u\u0219or de urcat \u0219i cobor\u00e2t. Tabloul de bord nu are fisuri, iar toate instrumentele \u0219i butoanele func\u021bioneaz\u0103. Nu exist\u0103 nicio modificare, cu excep\u021bia CD player-ului, care se potrive\u0219te perfect \u00een atmosfera anilor &#8217;90 a acestei ma\u0219ini.<\/p>\n<p><strong>Stare<\/strong><\/p>\n<p>Cu doar 55.721 de kilometri din nou, acest Ferrari 348 TB Challenge este \u00een stare impecabil\u0103 \u0219i \u00eengrijit cu aten\u021bie de to\u021bi utilizatorii s\u0103i. Vehiculul a fost \u00een mod evident foarte pu\u021bin folosit \u0219i bine \u00eentre\u021binut, dup\u0103 cum arat\u0103 \u00eenregistr\u0103rile. Dosarul istoricului de \u00eentre\u021binere furnizat cu aceast\u0103 ma\u0219in\u0103 este incredibil, cu factura de v\u00e2nzare original\u0103 \u0219i proprietarii din anii &#8217;90. Ultima revizie a fost efectuat\u0103 \u00een august 2023, iar fr\u00e2nele au fost revizuite \u00een urm\u0103 cu doar c\u00e2teva zile, \u00een noiembrie 2023. Potrivit v\u00e2nz\u0103torului, urm\u0103toarea \u00eentre\u021binere ar trebui s\u0103 fie cureaua de distribu\u021bie, care poate fi efectuat\u0103 de mecanicii lor la un cost suplimentar de 3000 de euro. Nu exist\u0103 scurgeri; dedesubt, ma\u0219ina este la fel de curat\u0103 ca \u0219i interiorul. Ma\u0219ina este gata s\u0103 fie condus\u0103 oriunde \u0219i este probabil unul dintre cele mai bune exemple de Ferrari 348 TB Challenge de calitate pentru \u0219ofer pe care le ve\u021bi \u00eent\u00e2lni.<\/p>\n<p><strong>Exterior \u0219i ro\u021bi<\/strong><\/p>\n<p>Vopseaua Giallo Yellow este \u00een stare perfect\u0103, f\u0103r\u0103 zg\u00e2rieturi \u0219i lovituri. Instrumentul de m\u0103surare a grosimii vopselei arat\u0103 o consisten\u021b\u0103 a culorii, ceea ce \u00eenseamn\u0103 c\u0103 nu au existat repara\u021bii ale avariilor \u0219i c\u0103 nu a fost nevoie de umplutur\u0103 de caroserie. Singura deteriorare vizibil\u0103 pe caroseria ma\u0219inii este cea a burlanelor din jurul u\u0219ilor \u0219oferului, care prezint\u0103 semne de uzur\u0103, ceea ce este de a\u0219teptat av\u00e2nd \u00een vedere v\u00e2rsta ma\u0219inii. Jantele din aliaj OZ de 17 inch, care corespund perioadei, sunt elemente specifice Challenge \u0219i arat\u0103 bine. Michelin Pilot Sport este mai veche, dar nu este uzat\u0103.<\/p>\n<p><strong> <\/strong><strong>Documenta\u021bie<\/strong><\/p>\n<p>Acest vehicul este v\u00e2ndut de c\u0103tre dealer cu documenta\u021bia corespunz\u0103toare \u0219i se afl\u0103 \u00een Spania. <a href=\"https:\/\/pistonaddict.com\/wp-content\/uploads\/2023\/11\/CARFAX-Vehicle-History-Report-FERRARI-348-tb.pdf\">Raportul CarFax<\/a> este curat; nu exist\u0103 dovezi de accidente, repara\u021bii \u00een caz de accident, proprietate sau probleme legale. Exist\u0103 \u00eenregistr\u0103ri de \u00eentre\u021binere periodic\u0103, \u00eempreun\u0103 cu bro\u0219uri originale din fabric\u0103, facturi de v\u00e2nzare, chitan\u021be, iar autoriza\u021bia de inspec\u021bie tehnic\u0103 este valabil\u0103 p\u00e2n\u0103 \u00een august 2024. Cantitatea de documente este pur \u0219i simplu uimitoare \u0219i este rar s\u0103 vezi o ma\u0219in\u0103 cu at\u00e2t de multe documente care s\u0103 dovedeasc\u0103 faptul c\u0103 a fost bine \u00eengrijit\u0103.<\/p>\n<p><strong><br \/>\nVezi videoclipul de pornire la rece al acestui superb Ferrari 348 TB :<\/strong><\/p>\n<p><iframe title=\"Cold Start Video of the Ferrari F348 TB for auction sale\" width=\"1200\" height=\"675\" src=\"https:\/\/www.youtube.com\/embed\/VcqnL6NA2Yk?feature=oembed\" frameborder=\"0\" allow=\"accelerometer; autoplay; clipboard-write; encrypted-media; gyroscope; picture-in-picture; web-share\" allowfullscreen><\/iframe><\/p>\n","protected":false},"excerpt":{"rendered":"<p>Conducerea unui Ferrari este \u00eentotdeauna o propunere interesant\u0103. Ma\u0219inile din anii &#8217;60 sunt acum prea valoroase pentru a fi folosite pe \u0219osele, iar gama actual\u0103 este aproape prea rapid\u0103 pentru traficul modern. Cu toate acestea, exist\u0103 \u00eenc\u0103 modele care v\u0103 pot oferi toat\u0103 emo\u021bia de a de\u021bine o ma\u0219in\u0103 sport italian\u0103 de ras\u0103, zgomotul unui motor V8 aspirat natural \u0219i o dinamic\u0103 de condus de neegalat. V\u0103 prezent\u0103m cu m\u00e2ndrie un vehicul special \u00een stare ideal\u0103, cu o conexiune interesant\u0103 cu motorsportul \u0219i o documenta\u021bie nebun\u0103.<\/p>\n","protected":false},"featured_media":64593,"comment_status":"open","ping_status":"closed","template":"","meta":{"inline_featured_image":false},"product_cat":[744],"product_tag":[2397,2396,965],"acf":[],"yoast_head":"<!-- This site is optimized with the Yoast SEO plugin v22.5 - https:\/\/yoast.com\/wordpress\/plugins\/seo\/ -->\n<title>Ferrari 348 TB licita\u021bie - Piston Addict<\/title>\n<meta name=\"robots\" content=\"index, follow, max-snippet:-1, max-image-preview:large, max-video-preview:-1\" \/>\n<link rel=\"canonical\" href=\"https:\/\/pistonaddict.com\/ro\/product\/ferrari-348-tb\/\" \/>\n<meta property=\"og:locale\" content=\"ro_RO\" \/>\n<meta property=\"og:type\" content=\"article\" \/>\n<meta property=\"og:title\" content=\"Ferrari 348 TB licita\u021bie - Piston Addict\" \/>\n<meta property=\"og:description\" content=\"Conducerea unui Ferrari este \u00eentotdeauna o propunere interesant\u0103. Ma\u0219inile din anii &#039;60 sunt acum prea valoroase pentru a fi folosite pe \u0219osele, iar gama actual\u0103 este aproape prea rapid\u0103 pentru traficul modern. Cu toate acestea, exist\u0103 \u00eenc\u0103 modele care v\u0103 pot oferi toat\u0103 emo\u021bia de a de\u021bine o ma\u0219in\u0103 sport italian\u0103 de ras\u0103, zgomotul unui motor V8 aspirat natural \u0219i o dinamic\u0103 de condus de neegalat. V\u0103 prezent\u0103m cu m\u00e2ndrie un vehicul special \u00een stare ideal\u0103, cu o conexiune interesant\u0103 cu motorsportul \u0219i o documenta\u021bie nebun\u0103.\" \/>\n<meta property=\"og:url\" content=\"https:\/\/pistonaddict.com\/ro\/product\/ferrari-348-tb\/\" \/>\n<meta property=\"og:site_name\" content=\"Piston Addict\" \/>\n<meta property=\"article:modified_time\" content=\"2024-03-20T08:41:52+00:00\" \/>\n<meta property=\"og:image\" content=\"https:\/\/pistonaddict.com\/wp-content\/uploads\/2023\/11\/IMG7107-scaled.jpg\" \/>\n\t<meta property=\"og:image:width\" content=\"2560\" \/>\n\t<meta property=\"og:image:height\" content=\"1709\" \/>\n\t<meta property=\"og:image:type\" content=\"image\/jpeg\" \/>\n<meta name=\"twitter:card\" content=\"summary_large_image\" \/>\n<meta name=\"twitter:label1\" content=\"Timp estimat pentru citire\" \/>\n\t<meta name=\"twitter:data1\" content=\"4 minute\" \/>\n<script type=\"application\/ld+json\" class=\"yoast-schema-graph\">{\"@context\":\"https:\/\/schema.org\",\"@graph\":[{\"@type\":\"WebPage\",\"@id\":\"https:\/\/pistonaddict.com\/ro\/product\/ferrari-348-tb\/\",\"url\":\"https:\/\/pistonaddict.com\/ro\/product\/ferrari-348-tb\/\",\"name\":\"Ferrari 348 TB licita\u021bie - Piston Addict\",\"isPartOf\":{\"@id\":\"https:\/\/pistonaddict.com\/ro\/#website\"},\"primaryImageOfPage\":{\"@id\":\"https:\/\/pistonaddict.com\/ro\/product\/ferrari-348-tb\/#primaryimage\"},\"image\":{\"@id\":\"https:\/\/pistonaddict.com\/ro\/product\/ferrari-348-tb\/#primaryimage\"},\"thumbnailUrl\":\"https:\/\/pistonaddict.com\/wp-content\/uploads\/2023\/11\/IMG7107-scaled.jpg\",\"datePublished\":\"2023-11-07T13:48:12+00:00\",\"dateModified\":\"2024-03-20T08:41:52+00:00\",\"breadcrumb\":{\"@id\":\"https:\/\/pistonaddict.com\/ro\/product\/ferrari-348-tb\/#breadcrumb\"},\"inLanguage\":\"ro-RO\",\"potentialAction\":[{\"@type\":\"ReadAction\",\"target\":[\"https:\/\/pistonaddict.com\/ro\/product\/ferrari-348-tb\/\"]}]},{\"@type\":\"ImageObject\",\"inLanguage\":\"ro-RO\",\"@id\":\"https:\/\/pistonaddict.com\/ro\/product\/ferrari-348-tb\/#primaryimage\",\"url\":\"https:\/\/pistonaddict.com\/wp-content\/uploads\/2023\/11\/IMG7107-scaled.jpg\",\"contentUrl\":\"https:\/\/pistonaddict.com\/wp-content\/uploads\/2023\/11\/IMG7107-scaled.jpg\",\"width\":2560,\"height\":1709},{\"@type\":\"BreadcrumbList\",\"@id\":\"https:\/\/pistonaddict.com\/ro\/product\/ferrari-348-tb\/#breadcrumb\",\"itemListElement\":[{\"@type\":\"ListItem\",\"position\":1,\"name\":\"Pagina principala\",\"item\":\"https:\/\/pistonaddict.com\/ro\/pagina-de-start\/\"},{\"@type\":\"ListItem\",\"position\":2,\"name\":\"Auctions\",\"item\":\"https:\/\/pistonaddict.com\/auctions-listing\/\"},{\"@type\":\"ListItem\",\"position\":3,\"name\":\"Ferrari 348 TB\"}]},{\"@type\":\"WebSite\",\"@id\":\"https:\/\/pistonaddict.com\/ro\/#website\",\"url\":\"https:\/\/pistonaddict.com\/ro\/\",\"name\":\"Piston Addict\",\"description\":\"Only interesting vehicles\",\"publisher\":{\"@id\":\"https:\/\/pistonaddict.com\/ro\/#organization\"},\"potentialAction\":[{\"@type\":\"SearchAction\",\"target\":{\"@type\":\"EntryPoint\",\"urlTemplate\":\"https:\/\/pistonaddict.com\/ro\/?s={search_term_string}\"},\"query-input\":\"required name=search_term_string\"}],\"inLanguage\":\"ro-RO\"},{\"@type\":\"Organization\",\"@id\":\"https:\/\/pistonaddict.com\/ro\/#organization\",\"name\":\"Piston Addict\",\"url\":\"https:\/\/pistonaddict.com\/ro\/\",\"logo\":{\"@type\":\"ImageObject\",\"inLanguage\":\"ro-RO\",\"@id\":\"https:\/\/pistonaddict.com\/ro\/#\/schema\/logo\/image\/\",\"url\":\"https:\/\/pistonaddict.com\/wp-content\/uploads\/2022\/07\/logo-6.png\",\"contentUrl\":\"https:\/\/pistonaddict.com\/wp-content\/uploads\/2022\/07\/logo-6.png\",\"width\":970,\"height\":200,\"caption\":\"Piston Addict\"},\"image\":{\"@id\":\"https:\/\/pistonaddict.com\/ro\/#\/schema\/logo\/image\/\"}}]}<\/script>\n<!-- \/ Yoast SEO plugin. -->","yoast_head_json":{"title":"Ferrari 348 TB licita\u021bie - Piston Addict","robots":{"index":"index","follow":"follow","max-snippet":"max-snippet:-1","max-image-preview":"max-image-preview:large","max-video-preview":"max-video-preview:-1"},"canonical":"https:\/\/pistonaddict.com\/ro\/product\/ferrari-348-tb\/","og_locale":"ro_RO","og_type":"article","og_title":"Ferrari 348 TB licita\u021bie - Piston Addict","og_description":"Conducerea unui Ferrari este \u00eentotdeauna o propunere interesant\u0103. Ma\u0219inile din anii '60 sunt acum prea valoroase pentru a fi folosite pe \u0219osele, iar gama actual\u0103 este aproape prea rapid\u0103 pentru traficul modern. Cu toate acestea, exist\u0103 \u00eenc\u0103 modele care v\u0103 pot oferi toat\u0103 emo\u021bia de a de\u021bine o ma\u0219in\u0103 sport italian\u0103 de ras\u0103, zgomotul unui motor V8 aspirat natural \u0219i o dinamic\u0103 de condus de neegalat. V\u0103 prezent\u0103m cu m\u00e2ndrie un vehicul special \u00een stare ideal\u0103, cu o conexiune interesant\u0103 cu motorsportul \u0219i o documenta\u021bie nebun\u0103.","og_url":"https:\/\/pistonaddict.com\/ro\/product\/ferrari-348-tb\/","og_site_name":"Piston Addict","article_modified_time":"2024-03-20T08:41:52+00:00","og_image":[{"width":2560,"height":1709,"url":"https:\/\/pistonaddict.com\/wp-content\/uploads\/2023\/11\/IMG7107-scaled.jpg","type":"image\/jpeg"}],"twitter_card":"summary_large_image","twitter_misc":{"Timp estimat pentru citire":"4 minute"},"schema":{"@context":"https:\/\/schema.org","@graph":[{"@type":"WebPage","@id":"https:\/\/pistonaddict.com\/ro\/product\/ferrari-348-tb\/","url":"https:\/\/pistonaddict.com\/ro\/product\/ferrari-348-tb\/","name":"Ferrari 348 TB licita\u021bie - Piston Addict","isPartOf":{"@id":"https:\/\/pistonaddict.com\/ro\/#website"},"primaryImageOfPage":{"@id":"https:\/\/pistonaddict.com\/ro\/product\/ferrari-348-tb\/#primaryimage"},"image":{"@id":"https:\/\/pistonaddict.com\/ro\/product\/ferrari-348-tb\/#primaryimage"},"thumbnailUrl":"https:\/\/pistonaddict.com\/wp-content\/uploads\/2023\/11\/IMG7107-scaled.jpg","datePublished":"2023-11-07T13:48:12+00:00","dateModified":"2024-03-20T08:41:52+00:00","breadcrumb":{"@id":"https:\/\/pistonaddict.com\/ro\/product\/ferrari-348-tb\/#breadcrumb"},"inLanguage":"ro-RO","potentialAction":[{"@type":"ReadAction","target":["https:\/\/pistonaddict.com\/ro\/product\/ferrari-348-tb\/"]}]},{"@type":"ImageObject","inLanguage":"ro-RO","@id":"https:\/\/pistonaddict.com\/ro\/product\/ferrari-348-tb\/#primaryimage","url":"https:\/\/pistonaddict.com\/wp-content\/uploads\/2023\/11\/IMG7107-scaled.jpg","contentUrl":"https:\/\/pistonaddict.com\/wp-content\/uploads\/2023\/11\/IMG7107-scaled.jpg","width":2560,"height":1709},{"@type":"BreadcrumbList","@id":"https:\/\/pistonaddict.com\/ro\/product\/ferrari-348-tb\/#breadcrumb","itemListElement":[{"@type":"ListItem","position":1,"name":"Pagina principala","item":"https:\/\/pistonaddict.com\/ro\/pagina-de-start\/"},{"@type":"ListItem","position":2,"name":"Auctions","item":"https:\/\/pistonaddict.com\/auctions-listing\/"},{"@type":"ListItem","position":3,"name":"Ferrari 348 TB"}]},{"@type":"WebSite","@id":"https:\/\/pistonaddict.com\/ro\/#website","url":"https:\/\/pistonaddict.com\/ro\/","name":"Piston Addict","description":"Only interesting vehicles","publisher":{"@id":"https:\/\/pistonaddict.com\/ro\/#organization"},"potentialAction":[{"@type":"SearchAction","target":{"@type":"EntryPoint","urlTemplate":"https:\/\/pistonaddict.com\/ro\/?s={search_term_string}"},"query-input":"required name=search_term_string"}],"inLanguage":"ro-RO"},{"@type":"Organization","@id":"https:\/\/pistonaddict.com\/ro\/#organization","name":"Piston Addict","url":"https:\/\/pistonaddict.com\/ro\/","logo":{"@type":"ImageObject","inLanguage":"ro-RO","@id":"https:\/\/pistonaddict.com\/ro\/#\/schema\/logo\/image\/","url":"https:\/\/pistonaddict.com\/wp-content\/uploads\/2022\/07\/logo-6.png","contentUrl":"https:\/\/pistonaddict.com\/wp-content\/uploads\/2022\/07\/logo-6.png","width":970,"height":200,"caption":"Piston Addict"},"image":{"@id":"https:\/\/pistonaddict.com\/ro\/#\/schema\/logo\/image\/"}}]}},"_links":{"self":[{"href":"https:\/\/pistonaddict.com\/ro\/wp-json\/wp\/v2\/product\/67057"}],"collection":[{"href":"https:\/\/pistonaddict.com\/ro\/wp-json\/wp\/v2\/product"}],"about":[{"href":"https:\/\/pistonaddict.com\/ro\/wp-json\/wp\/v2\/types\/product"}],"replies":[{"embeddable":true,"href":"https:\/\/pistonaddict.com\/ro\/wp-json\/wp\/v2\/comments?post=67057"}],"wp:featuredmedia":[{"embeddable":true,"href":"https:\/\/pistonaddict.com\/ro\/wp-json\/wp\/v2\/media\/64593"}],"wp:attachment":[{"href":"https:\/\/pistonaddict.com\/ro\/wp-json\/wp\/v2\/media?parent=67057"}],"wp:term":[{"taxonomy":"product_cat","embeddable":true,"href":"https:\/\/pistonaddict.com\/ro\/wp-json\/wp\/v2\/product_cat?post=67057"},{"taxonomy":"product_tag","embeddable":true,"href":"https:\/\/pistonaddict.com\/ro\/wp-json\/wp\/v2\/product_tag?post=67057"}],"curies":[{"name":"wp","href":"https:\/\/api.w.org\/{rel}","templated":true}]}}