{"id":62912,"date":"2023-10-25T19:30:40","date_gmt":"2023-10-25T17:30:40","guid":{"rendered":"https:\/\/pistonaddict.com\/product\/porsche-911-996-targa\/"},"modified":"2024-03-20T09:39:17","modified_gmt":"2024-03-20T08:39:17","slug":"porsche-911-996-targa","status":"publish","type":"product","link":"https:\/\/pistonaddict.com\/ro\/product\/porsche-911-996-targa\/","title":{"rendered":"Porsche 911 (996) Targa"},"content":{"rendered":"<p><strong>Istoria ma\u0219inii<\/strong><\/p>\n<p>Acest exemplar este 911 Targa, produs \u00een 2004. Ceea ce \u00eel face unic este faptul c\u0103 Targa a fost de departe cel mai rar dintre toate stilurile de caroserie ale lui 996; doar 5.125 de ma\u0219ini au fost livrate cu acoperi\u0219uri din sticl\u0103 cu deschidere special\u0103 \u0219i montan\u021bi C diferi\u021bi. Finisat \u00eentr-o nuan\u021b\u0103 seduc\u0103toare de albastru \u00eenchis, cu un interior de culoare deschis\u0103, acest 911 Targa a fost livrat nou \u00een Spania \u0219i a fost achizi\u021bionat de actualul proprietar \u00een 2023. Este propulsat de un motor cu \u0219ase cilindri \u00een linie de 3,6 litri, aspirat natural, care este r\u0103cit cu ap\u0103 (una dintre controversele genera\u021biilor 996). Cu toate acestea, are o transmisie manual\u0103 cu 6 trepte, ceea ce o face \u0219i mai rar\u0103 \u0219i o necesitate pentru orice colec\u021bionar de modele 911 specifice. Cu 320 CP \u0219i o caroserie u\u0219oar\u0103, acest 911 Targa este preg\u0103tit s\u0103 ating\u0103 100 km\/h \u00een doar 5,2 secunde \u0219i s\u0103 ating\u0103 o vitez\u0103 maxim\u0103 de 285 km\/h. Interesant este faptul c\u0103 versiunea echipat\u0103 manual a acestui model este semnificativ mai rapid\u0103 dec\u00e2t cea automat\u0103, ceea ce face ca aceast\u0103 ma\u0219in\u0103 s\u0103 fie \u0219i mai dezirabil\u0103. Faptul c\u0103 are toate avantajele unei decapotabile, o vizibilitate excelent\u0103 \u0219i o senza\u021bie de aer liber cu caracterul practic \u0219i confortul unui coupe transform\u0103 acest 911 Targa albastru \u00eentr-o ma\u0219in\u0103 foarte versatil\u0103 pentru \u0219oferi, cu o coloan\u0103 sonor\u0103 de \u0219ase cilindri \u00een linie \u0219i transmisie manual\u0103.<\/p>\n<p><strong>Interior<\/strong><\/p>\n<p>Deoarece acesta este un exemplar cu kilometraj redus, interiorul este \u00eentr-o form\u0103 imaculat\u0103, complet original \u0219i cu op\u021biuni dezirabile. Finisat \u00een culoarea gri Savannah, are sistem infotainment, sistem audio premium cu 6 \u00eenc\u0103rc\u0103toare de CD-uri (corect pentru perioada respectiv\u0103), piele \u0219i scaune cu control electronic. Calitatea interiorului Porsche este binecunoscut\u0103 \u00een \u00eentreaga industrie, iar acest 911 Targa 2004 nu este diferit. Pielea este \u00een stare perfect\u0103; nu exist\u0103 zg\u00e2rieturi pe tabloul de bord, pe pl\u0103cu\u021bele u\u0219ilor sau pe consola central\u0103. Exist\u0103, de asemenea, scaune spate utilizabile, ideale pentru copii.<\/p>\n<p><strong>Stare<\/strong><\/p>\n<p>Cu doar 39.037 de kilometri din nou, acest 911 Targa este \u00een stare impecabil\u0103 \u0219i \u00eengrijit cu aten\u021bie de to\u021bi utilizatorii s\u0103i. Vehiculul a fost \u00een mod evident foarte pu\u021bin folosit \u0219i bine \u00eentre\u021binut, dup\u0103 cum arat\u0103 \u00eenregistr\u0103rile. Actualul proprietar este un dealer din Spania, iar ultimul service a fost efectuat \u00een aprilie 2023, iar fr\u00e2nele au fost revizuite \u00een urm\u0103 cu doar c\u00e2teva zile, \u00een octombrie 2023. Partea inferioar\u0103 a Porsche-urilor este din aluminiu, deci nu poate rugini. Cu toate acestea, dup\u0103 cum pute\u021bi vedea \u00een ultimele fotografii ale p\u0103r\u021bii inferioare, exist\u0103 unele murd\u0103rii uscate pe care v\u00e2nz\u0103torul le va cur\u0103\u021ba pentru cump\u0103r\u0103tor atunci c\u00e2nd licita\u021bia se \u00eencheie. Ma\u0219ina este gata s\u0103 fie condus\u0103 oriunde \u0219i este probabil unul dintre cele mai bune exemple de 911 996 Targa echipat manual pe care ve\u021bi avea \u0219ansa s\u0103 le g\u0103si\u021bi vreodat\u0103.<\/p>\n<p><strong>Exterior \u0219i ro\u021bi<\/strong><\/p>\n<p>Cu o caroserie nemarcat\u0103, finisat\u0103 \u00een albastru miezul nop\u021bii \u0219i un interior gri, acest 911 Targa este o ma\u0219in\u0103 care arat\u0103 superb, f\u0103r\u0103 zg\u00e2rieturi, daune sau lovituri. Materialul rulant este format din jante de 18 inch furnizate din fabric\u0103, \u00eembr\u0103cate \u00een cauciuc de performan\u021b\u0103 Bridgestone Potenza. Anvelopele sunt din 2020 \u0219i au parcurs foarte pu\u021bini kilometri. Nu exist\u0103 modific\u0103ri, iar acest 996 Targa este \u00een starea \u00een care a fost livrat.<\/p>\n<p><strong>Documenta\u021bie<\/strong><\/p>\n<p>Acest vehicul este v\u00e2ndut de c\u0103tre dealer cu documenta\u021bia corespunz\u0103toare \u0219i se afl\u0103 \u00een Spania. Raportul CarFax este curat; nu exist\u0103 dovezi de accidente, repara\u021bii \u00een caz de accident, proprietate sau probleme legale. Exist\u0103 \u00eenregistr\u0103ri de \u00eentre\u021binere periodic\u0103, \u00eempreun\u0103 cu bro\u0219uri \u0219i chitan\u021be originale din fabric\u0103.<\/p>\n<p><strong>Vezi videoclipul de pornire la rece al acestui frumos Porsche 911 Targa :<\/strong><\/p>\n<p><iframe title=\"Cold Start Video of the Porsche 911 996 Targa for auction sale\" width=\"1200\" height=\"675\" src=\"https:\/\/www.youtube.com\/embed\/pOCqegVAqt8?feature=oembed\" frameborder=\"0\" allow=\"accelerometer; autoplay; clipboard-write; encrypted-media; gyroscope; picture-in-picture; web-share\" allowfullscreen><\/iframe><\/p>\n","protected":false},"excerpt":{"rendered":"<p>Genera\u021bia 996 a venerabilului Porsche 911 a fost foarte controversat\u0103 atunci c\u00e2nd a fost lansat\u0103 la sf\u00e2r\u0219itul anilor &#8217;90. Cu toate acestea, de atunci, a fost recunoscut ca parte integrant\u0103 a legendei 911, un model extrem de important pentru companie \u0219i primul 911 din epoca modern\u0103. Cu un design caracteristic, o gam\u0103 larg\u0103 de modele \u0219i specifica\u021bii, colec\u021bionarii au \u00eenceput s\u0103 descopere adev\u0103ratele bijuterii ale modelului 996 911. Ast\u0103zi, suntem m\u00e2ndri s\u0103 v\u0103 prezent\u0103m un astfel de model, o versiune rar\u0103, cu specifica\u021bii ideale, care va atrage aten\u021bia oric\u0103rui pasionat de 911.<\/p>\n","protected":false},"featured_media":59811,"comment_status":"open","ping_status":"closed","template":"","meta":{"inline_featured_image":false},"product_cat":[744],"product_tag":[2356,2329,2328,965],"acf":[],"yoast_head":"<!-- This site is optimized with the Yoast SEO plugin v22.5 - https:\/\/yoast.com\/wordpress\/plugins\/seo\/ -->\n<title>Porsche 911 (996) Targa licita\u021bie - Piston Addict<\/title>\n<meta name=\"robots\" content=\"index, follow, max-snippet:-1, max-image-preview:large, max-video-preview:-1\" \/>\n<link rel=\"canonical\" href=\"https:\/\/pistonaddict.com\/ro\/product\/porsche-911-996-targa\/\" \/>\n<meta property=\"og:locale\" content=\"ro_RO\" \/>\n<meta property=\"og:type\" content=\"article\" \/>\n<meta property=\"og:title\" content=\"Porsche 911 (996) Targa licita\u021bie - Piston Addict\" \/>\n<meta property=\"og:description\" content=\"Genera\u021bia 996 a venerabilului Porsche 911 a fost foarte controversat\u0103 atunci c\u00e2nd a fost lansat\u0103 la sf\u00e2r\u0219itul anilor &#039;90. Cu toate acestea, de atunci, a fost recunoscut ca parte integrant\u0103 a legendei 911, un model extrem de important pentru companie \u0219i primul 911 din epoca modern\u0103. Cu un design caracteristic, o gam\u0103 larg\u0103 de modele \u0219i specifica\u021bii, colec\u021bionarii au \u00eenceput s\u0103 descopere adev\u0103ratele bijuterii ale modelului 996 911. Ast\u0103zi, suntem m\u00e2ndri s\u0103 v\u0103 prezent\u0103m un astfel de model, o versiune rar\u0103, cu specifica\u021bii ideale, care va atrage aten\u021bia oric\u0103rui pasionat de 911.\" \/>\n<meta property=\"og:url\" content=\"https:\/\/pistonaddict.com\/ro\/product\/porsche-911-996-targa\/\" \/>\n<meta property=\"og:site_name\" content=\"Piston Addict\" \/>\n<meta property=\"article:modified_time\" content=\"2024-03-20T08:39:17+00:00\" \/>\n<meta property=\"og:image\" content=\"https:\/\/pistonaddict.com\/wp-content\/uploads\/2023\/10\/image00032-1-scaled.jpeg\" \/>\n\t<meta property=\"og:image:width\" content=\"2560\" \/>\n\t<meta property=\"og:image:height\" content=\"1920\" \/>\n\t<meta property=\"og:image:type\" content=\"image\/jpeg\" \/>\n<meta name=\"twitter:card\" content=\"summary_large_image\" \/>\n<meta name=\"twitter:label1\" content=\"Timp estimat pentru citire\" \/>\n\t<meta name=\"twitter:data1\" content=\"3 minute\" \/>\n<script type=\"application\/ld+json\" class=\"yoast-schema-graph\">{\"@context\":\"https:\/\/schema.org\",\"@graph\":[{\"@type\":\"WebPage\",\"@id\":\"https:\/\/pistonaddict.com\/ro\/product\/porsche-911-996-targa\/\",\"url\":\"https:\/\/pistonaddict.com\/ro\/product\/porsche-911-996-targa\/\",\"name\":\"Porsche 911 (996) Targa licita\u021bie - Piston Addict\",\"isPartOf\":{\"@id\":\"https:\/\/pistonaddict.com\/ro\/#website\"},\"primaryImageOfPage\":{\"@id\":\"https:\/\/pistonaddict.com\/ro\/product\/porsche-911-996-targa\/#primaryimage\"},\"image\":{\"@id\":\"https:\/\/pistonaddict.com\/ro\/product\/porsche-911-996-targa\/#primaryimage\"},\"thumbnailUrl\":\"https:\/\/pistonaddict.com\/wp-content\/uploads\/2023\/10\/image00032-1-scaled.jpeg\",\"datePublished\":\"2023-10-25T17:30:40+00:00\",\"dateModified\":\"2024-03-20T08:39:17+00:00\",\"breadcrumb\":{\"@id\":\"https:\/\/pistonaddict.com\/ro\/product\/porsche-911-996-targa\/#breadcrumb\"},\"inLanguage\":\"ro-RO\",\"potentialAction\":[{\"@type\":\"ReadAction\",\"target\":[\"https:\/\/pistonaddict.com\/ro\/product\/porsche-911-996-targa\/\"]}]},{\"@type\":\"ImageObject\",\"inLanguage\":\"ro-RO\",\"@id\":\"https:\/\/pistonaddict.com\/ro\/product\/porsche-911-996-targa\/#primaryimage\",\"url\":\"https:\/\/pistonaddict.com\/wp-content\/uploads\/2023\/10\/image00032-1-scaled.jpeg\",\"contentUrl\":\"https:\/\/pistonaddict.com\/wp-content\/uploads\/2023\/10\/image00032-1-scaled.jpeg\",\"width\":2560,\"height\":1920},{\"@type\":\"BreadcrumbList\",\"@id\":\"https:\/\/pistonaddict.com\/ro\/product\/porsche-911-996-targa\/#breadcrumb\",\"itemListElement\":[{\"@type\":\"ListItem\",\"position\":1,\"name\":\"Pagina principala\",\"item\":\"https:\/\/pistonaddict.com\/ro\/pagina-de-start\/\"},{\"@type\":\"ListItem\",\"position\":2,\"name\":\"Auctions\",\"item\":\"https:\/\/pistonaddict.com\/auctions-listing\/\"},{\"@type\":\"ListItem\",\"position\":3,\"name\":\"Porsche 911 (996) Targa\"}]},{\"@type\":\"WebSite\",\"@id\":\"https:\/\/pistonaddict.com\/ro\/#website\",\"url\":\"https:\/\/pistonaddict.com\/ro\/\",\"name\":\"Piston Addict\",\"description\":\"Only interesting vehicles\",\"publisher\":{\"@id\":\"https:\/\/pistonaddict.com\/ro\/#organization\"},\"potentialAction\":[{\"@type\":\"SearchAction\",\"target\":{\"@type\":\"EntryPoint\",\"urlTemplate\":\"https:\/\/pistonaddict.com\/ro\/?s={search_term_string}\"},\"query-input\":\"required name=search_term_string\"}],\"inLanguage\":\"ro-RO\"},{\"@type\":\"Organization\",\"@id\":\"https:\/\/pistonaddict.com\/ro\/#organization\",\"name\":\"Piston Addict\",\"url\":\"https:\/\/pistonaddict.com\/ro\/\",\"logo\":{\"@type\":\"ImageObject\",\"inLanguage\":\"ro-RO\",\"@id\":\"https:\/\/pistonaddict.com\/ro\/#\/schema\/logo\/image\/\",\"url\":\"https:\/\/pistonaddict.com\/wp-content\/uploads\/2022\/07\/logo-6.png\",\"contentUrl\":\"https:\/\/pistonaddict.com\/wp-content\/uploads\/2022\/07\/logo-6.png\",\"width\":970,\"height\":200,\"caption\":\"Piston Addict\"},\"image\":{\"@id\":\"https:\/\/pistonaddict.com\/ro\/#\/schema\/logo\/image\/\"}}]}<\/script>\n<!-- \/ Yoast SEO plugin. -->","yoast_head_json":{"title":"Porsche 911 (996) Targa licita\u021bie - Piston Addict","robots":{"index":"index","follow":"follow","max-snippet":"max-snippet:-1","max-image-preview":"max-image-preview:large","max-video-preview":"max-video-preview:-1"},"canonical":"https:\/\/pistonaddict.com\/ro\/product\/porsche-911-996-targa\/","og_locale":"ro_RO","og_type":"article","og_title":"Porsche 911 (996) Targa licita\u021bie - Piston Addict","og_description":"Genera\u021bia 996 a venerabilului Porsche 911 a fost foarte controversat\u0103 atunci c\u00e2nd a fost lansat\u0103 la sf\u00e2r\u0219itul anilor '90. Cu toate acestea, de atunci, a fost recunoscut ca parte integrant\u0103 a legendei 911, un model extrem de important pentru companie \u0219i primul 911 din epoca modern\u0103. Cu un design caracteristic, o gam\u0103 larg\u0103 de modele \u0219i specifica\u021bii, colec\u021bionarii au \u00eenceput s\u0103 descopere adev\u0103ratele bijuterii ale modelului 996 911. Ast\u0103zi, suntem m\u00e2ndri s\u0103 v\u0103 prezent\u0103m un astfel de model, o versiune rar\u0103, cu specifica\u021bii ideale, care va atrage aten\u021bia oric\u0103rui pasionat de 911.","og_url":"https:\/\/pistonaddict.com\/ro\/product\/porsche-911-996-targa\/","og_site_name":"Piston Addict","article_modified_time":"2024-03-20T08:39:17+00:00","og_image":[{"width":2560,"height":1920,"url":"https:\/\/pistonaddict.com\/wp-content\/uploads\/2023\/10\/image00032-1-scaled.jpeg","type":"image\/jpeg"}],"twitter_card":"summary_large_image","twitter_misc":{"Timp estimat pentru citire":"3 minute"},"schema":{"@context":"https:\/\/schema.org","@graph":[{"@type":"WebPage","@id":"https:\/\/pistonaddict.com\/ro\/product\/porsche-911-996-targa\/","url":"https:\/\/pistonaddict.com\/ro\/product\/porsche-911-996-targa\/","name":"Porsche 911 (996) Targa licita\u021bie - Piston Addict","isPartOf":{"@id":"https:\/\/pistonaddict.com\/ro\/#website"},"primaryImageOfPage":{"@id":"https:\/\/pistonaddict.com\/ro\/product\/porsche-911-996-targa\/#primaryimage"},"image":{"@id":"https:\/\/pistonaddict.com\/ro\/product\/porsche-911-996-targa\/#primaryimage"},"thumbnailUrl":"https:\/\/pistonaddict.com\/wp-content\/uploads\/2023\/10\/image00032-1-scaled.jpeg","datePublished":"2023-10-25T17:30:40+00:00","dateModified":"2024-03-20T08:39:17+00:00","breadcrumb":{"@id":"https:\/\/pistonaddict.com\/ro\/product\/porsche-911-996-targa\/#breadcrumb"},"inLanguage":"ro-RO","potentialAction":[{"@type":"ReadAction","target":["https:\/\/pistonaddict.com\/ro\/product\/porsche-911-996-targa\/"]}]},{"@type":"ImageObject","inLanguage":"ro-RO","@id":"https:\/\/pistonaddict.com\/ro\/product\/porsche-911-996-targa\/#primaryimage","url":"https:\/\/pistonaddict.com\/wp-content\/uploads\/2023\/10\/image00032-1-scaled.jpeg","contentUrl":"https:\/\/pistonaddict.com\/wp-content\/uploads\/2023\/10\/image00032-1-scaled.jpeg","width":2560,"height":1920},{"@type":"BreadcrumbList","@id":"https:\/\/pistonaddict.com\/ro\/product\/porsche-911-996-targa\/#breadcrumb","itemListElement":[{"@type":"ListItem","position":1,"name":"Pagina principala","item":"https:\/\/pistonaddict.com\/ro\/pagina-de-start\/"},{"@type":"ListItem","position":2,"name":"Auctions","item":"https:\/\/pistonaddict.com\/auctions-listing\/"},{"@type":"ListItem","position":3,"name":"Porsche 911 (996) Targa"}]},{"@type":"WebSite","@id":"https:\/\/pistonaddict.com\/ro\/#website","url":"https:\/\/pistonaddict.com\/ro\/","name":"Piston Addict","description":"Only interesting vehicles","publisher":{"@id":"https:\/\/pistonaddict.com\/ro\/#organization"},"potentialAction":[{"@type":"SearchAction","target":{"@type":"EntryPoint","urlTemplate":"https:\/\/pistonaddict.com\/ro\/?s={search_term_string}"},"query-input":"required name=search_term_string"}],"inLanguage":"ro-RO"},{"@type":"Organization","@id":"https:\/\/pistonaddict.com\/ro\/#organization","name":"Piston Addict","url":"https:\/\/pistonaddict.com\/ro\/","logo":{"@type":"ImageObject","inLanguage":"ro-RO","@id":"https:\/\/pistonaddict.com\/ro\/#\/schema\/logo\/image\/","url":"https:\/\/pistonaddict.com\/wp-content\/uploads\/2022\/07\/logo-6.png","contentUrl":"https:\/\/pistonaddict.com\/wp-content\/uploads\/2022\/07\/logo-6.png","width":970,"height":200,"caption":"Piston Addict"},"image":{"@id":"https:\/\/pistonaddict.com\/ro\/#\/schema\/logo\/image\/"}}]}},"_links":{"self":[{"href":"https:\/\/pistonaddict.com\/ro\/wp-json\/wp\/v2\/product\/62912"}],"collection":[{"href":"https:\/\/pistonaddict.com\/ro\/wp-json\/wp\/v2\/product"}],"about":[{"href":"https:\/\/pistonaddict.com\/ro\/wp-json\/wp\/v2\/types\/product"}],"replies":[{"embeddable":true,"href":"https:\/\/pistonaddict.com\/ro\/wp-json\/wp\/v2\/comments?post=62912"}],"wp:featuredmedia":[{"embeddable":true,"href":"https:\/\/pistonaddict.com\/ro\/wp-json\/wp\/v2\/media\/59811"}],"wp:attachment":[{"href":"https:\/\/pistonaddict.com\/ro\/wp-json\/wp\/v2\/media?parent=62912"}],"wp:term":[{"taxonomy":"product_cat","embeddable":true,"href":"https:\/\/pistonaddict.com\/ro\/wp-json\/wp\/v2\/product_cat?post=62912"},{"taxonomy":"product_tag","embeddable":true,"href":"https:\/\/pistonaddict.com\/ro\/wp-json\/wp\/v2\/product_tag?post=62912"}],"curies":[{"name":"wp","href":"https:\/\/api.w.org\/{rel}","templated":true}]}}