{"id":55254,"date":"2023-10-13T09:36:04","date_gmt":"2023-10-13T07:36:04","guid":{"rendered":"https:\/\/pistonaddict.com\/product\/porsche-cayman-s-3-4-325-cv\/"},"modified":"2024-03-19T17:03:40","modified_gmt":"2024-03-19T16:03:40","slug":"porsche-cayman-s-3-4-325-cv","status":"publish","type":"product","link":"https:\/\/pistonaddict.com\/ro\/product\/porsche-cayman-s-3-4-325-cv\/","title":{"rendered":"Porsche Cayman S 3.4 325 CV"},"content":{"rendered":"<p><strong>Istoria ma\u0219inii<\/strong><\/p>\n<p>Acest Cayman S alb din 2016 a fost v\u00e2ndut ini\u021bial \u00een Germania, dar a fost mutat \u00een Italia, unde a fost importat de actualul proprietar, un dealer de ma\u0219ini sport. 2016 este ultimul an pentru Cayman din genera\u021bia 981, ceea ce este semnificativ din mai multe motive. \u00cen principal, pentru c\u0103 Cayman S are motorul re\u00eennoit de 3,4 litri cu \u0219ase cilindri \u00een linie de la Porsche 911 Carrera, abord\u00e2nd una dintre cele mai importante controverse din comunitatea Porsche modern\u0103. Ani de zile, au circulat zvonuri conform c\u0103rora Porsche s-a temut prea mult s\u0103 pun\u0103 motorul 911 \u00een Cayman, de team\u0103 c\u0103 ar putea oferi o experien\u021b\u0103 de condus \u0219i mai bun\u0103. Acesta este primul Cayman care are de fapt un motor de 911. Cu 325 CP, o transmisie PDK cu 7 trepte \u0219i o suspensie special reglat\u0103 din fabric\u0103, Cayman S 2016 este capabil s\u0103 ating\u0103 100 km\/h \u00een doar 4,8 secunde \u00een drumul s\u0103u c\u0103tre viteza maxim\u0103 de 283 km\/h. Cu toate acestea, nu este vorba despre cifre, chiar dac\u0103 acestea sunt fantastice. Cayman S are un motor montat central, o caroserie u\u0219oar\u0103, o direc\u021bie precis\u0103 \u0219i fr\u00e2ne excelente, motiv pentru care \u00eei nelini\u0219te\u0219te at\u00e2t de mult pe mul\u021bi proprietari de 911. Combina\u021bia dintre motorul cu tura\u021bie ridicat\u0103 \u0219i aspira\u021bie natural\u0103, \u0219asiul agil \u0219i dinamica perfect\u0103 de conducere \u00eenc\u0103 rezoneaz\u0103 \u00een r\u00e2ndul publicului de ma\u0219ini sport ca fiind una dintre cele mai ideale ma\u0219ini pentru \u0219oferi fabricate vreodat\u0103.<\/p>\n<p><strong>Interior<\/strong><\/p>\n<p>Deoarece acest Porsche Cayman S 2016 este un exemplar cu kilometraj redus, interiorul este nemarcat \u0219i \u00een stare excelent\u0103, a\u0219a cum era de a\u0219teptat. Proprietarul original \u00eel inspecteaz\u0103 cu aten\u021bie cu c\u00e2teva op\u021biuni dezirabile pe care urm\u0103torul proprietar le va aprecia. Scaunele sport reglabile electronic, sistemul de infotainment cu afi\u0219aj digital integrat \u0219i volanul multifunc\u021bional vor ridica experien\u021ba de condus la un alt nivel. Este vizibil\u0103 calitatea semn\u0103turii Porsche la interior, precum \u0219i finisajele remarcabile.<\/p>\n<p><strong>Stare<\/strong><\/p>\n<p>Acest Porsche Cayman S imaculat a parcurs pu\u021bin peste 33.000 de kilometri \u00een ultimii \u0219apte ani. Un kilometraj at\u00e2t de mic, c\u00e2\u021biva proprietari grijulii \u0219i \u00eenregistr\u0103rile de \u00eentre\u021binere corespunz\u0103toare garanteaz\u0103 c\u0103 ma\u0219ina este \u00een stare perfect\u0103. V\u00e2nz\u0103torul este un dealer de ma\u0219ini sport foarte respectabil din Italia \u0219i este at\u00e2t de \u00eencrez\u0103tor \u00een starea general\u0103 a acestui Cayman S, \u00eenc\u00e2t <strong>ma\u0219ina vine cu o garan\u021bie de 12 luni<\/strong>, ceea ce este foarte important \u0219i separ\u0103 acest vehicul de altele similare pe care le pute\u021bi g\u0103si la v\u00e2nzare. Exist\u0103 registre de \u00eentre\u021binere \u0219i servicii semnificative efectuate \u00een 2021.<\/p>\n<p><strong>Exterior \u0219i ro\u021bi<\/strong><\/p>\n<p>Exteriorul alb \u0219i elegant nu are zg\u00e2rieturi sau lovituri, iar aceast\u0103 ma\u0219in\u0103 are detalii grafice interesante pe panourile basculante, care sunt originale din fabric\u0103 \u0219i servesc pentru a ar\u0103ta c\u0103 acest Cayman nu este un model cu specifica\u021bii de baz\u0103. Aspectul de ma\u0219in\u0103 sport este completat de jantele de 20 de inch, acelea\u0219i folosite pe 911 de epoc\u0103, \u00eembr\u0103cate \u00een anvelope Michelin Pilot Sport 4S aproape noi, cunoscute ca fiind alegerea \u0219oferilor pasiona\u021bi. Nu exist\u0103 modific\u0103ri, iar acest Cayman este \u00een stare original\u0103 ideal\u0103.<\/p>\n<p><strong>Documenta\u021bie<\/strong><\/p>\n<p>Acest vehicul este v\u00e2ndut de c\u0103tre dealer cu documenta\u021bia corespunz\u0103toare \u0219i se afl\u0103 \u00een Italia. Raportul <a href=\"https:\/\/pistonaddict.com\/wp-content\/uploads\/2023\/10\/CARFAX-Vehicle-History-Report-PORSCHE-WP0ZZZ98ZGK181513.pdf\" target=\"_blank\" rel=\"noopener\">CarFax<\/a> este curat; nu exist\u0103 dovezi de accidente, repara\u021bii \u00een caz de accident, proprietate sau probleme legale. V\u00e2nz\u0103torul ne-a informat \u00eens\u0103 c\u0103 un accident are loc \u00een 2017 cu o motociclet\u0103, elementul afectat, capota din fa\u021b\u0103, a fost bine\u00een\u021beles reparat. Exist\u0103 \u00eenregistr\u0103ri de \u00eentre\u021binere periodic\u0103, \u00eempreun\u0103 cu bro\u0219uri \u0219i chitan\u021be originale din fabric\u0103. Garan\u021bia de 12 luni a dealerului este inclus\u0103 \u00een v\u00e2nzare.  <strong>\u00cen plus, dac\u0103 locui\u021bi \u00een Europa, v\u00e2nz\u0103torul poate s\u0103 se ocupe de transport \u0219i s\u0103 v\u0103 aduc\u0103 vehiculul la domiciliu.<\/strong><\/p>\n<p><strong> <\/strong><\/p>\n<p>Vezi videoclipul de descoperire a acestui frumos Porsche Cayman S :<\/p>\n<p><iframe title=\"Video of the Porsche Cayman S for auction sale\" width=\"1200\" height=\"675\" src=\"https:\/\/www.youtube.com\/embed\/-29PE_JnFJM?feature=oembed\" frameborder=\"0\" allow=\"accelerometer; autoplay; clipboard-write; encrypted-media; gyroscope; picture-in-picture; web-share\" allowfullscreen><\/iframe><\/p>\n","protected":false},"excerpt":{"rendered":"<p>Fiind o companie care s-a str\u0103duit \u00eentotdeauna s\u0103 urm\u0103reasc\u0103 perfec\u021biunea ma\u0219inilor sport, Porsche a r\u0103spuns criticilor \u00een cel mai bun mod posibil &#8211; prezent\u00e2nd modelul dedicat \u0219oferilor, care este iubit \u0219i l\u0103udat de toat\u0103 lumea. C\u00e2nd a debutat prima genera\u021bie Cayman, a fost tot ce \u00ee\u0219i doreau entuzia\u0219tii, cu 90% din senza\u021bia Porsche 911 pentru 60% din pre\u021b. Cayman era o ma\u0219in\u0103 mai u\u0219oar\u0103, mai precis\u0103 \u0219i mai atr\u0103g\u0103toare, \u00een timp ce versiunea S era o ma\u0219in\u0103 sport perfect echilibrat\u0103. Iat\u0103 un exemplar deosebit de interesant, \u00een stare ideal\u0103. <strong>Trebuie s\u0103 <a href=\"https:\/\/pistonaddict.com\/ro\/contul-meu\/\">v\u0103 crea\u021bi un cont<\/a> pentru a accesa aceast\u0103 licita\u021bie.<\/strong><\/p>\n","protected":false},"featured_media":55130,"comment_status":"open","ping_status":"closed","template":"","meta":{"inline_featured_image":false},"product_cat":[744],"product_tag":[2226,2224,2222,934],"acf":[],"yoast_head":"<!-- This site is optimized with the Yoast SEO plugin v22.5 - https:\/\/yoast.com\/wordpress\/plugins\/seo\/ -->\n<title>Porsche Cayman S 3.4 325 CV licita\u021bie - Piston Addict<\/title>\n<meta name=\"robots\" content=\"index, follow, max-snippet:-1, max-image-preview:large, max-video-preview:-1\" \/>\n<link rel=\"canonical\" href=\"https:\/\/pistonaddict.com\/ro\/product\/porsche-cayman-s-3-4-325-cv\/\" \/>\n<meta property=\"og:locale\" content=\"ro_RO\" \/>\n<meta property=\"og:type\" content=\"article\" \/>\n<meta property=\"og:title\" content=\"Porsche Cayman S 3.4 325 CV licita\u021bie - Piston Addict\" \/>\n<meta property=\"og:description\" content=\"Fiind o companie care s-a str\u0103duit \u00eentotdeauna s\u0103 urm\u0103reasc\u0103 perfec\u021biunea ma\u0219inilor sport, Porsche a r\u0103spuns criticilor \u00een cel mai bun mod posibil - prezent\u00e2nd modelul dedicat \u0219oferilor, care este iubit \u0219i l\u0103udat de toat\u0103 lumea. C\u00e2nd a debutat prima genera\u021bie Cayman, a fost tot ce \u00ee\u0219i doreau entuzia\u0219tii, cu 90% din senza\u021bia Porsche 911 pentru 60% din pre\u021b. Cayman era o ma\u0219in\u0103 mai u\u0219oar\u0103, mai precis\u0103 \u0219i mai atr\u0103g\u0103toare, \u00een timp ce versiunea S era o ma\u0219in\u0103 sport perfect echilibrat\u0103. Iat\u0103 un exemplar deosebit de interesant, \u00een stare ideal\u0103. Trebuie s\u0103 v\u0103 crea\u021bi un cont pentru a accesa aceast\u0103 licita\u021bie.\" \/>\n<meta property=\"og:url\" content=\"https:\/\/pistonaddict.com\/ro\/product\/porsche-cayman-s-3-4-325-cv\/\" \/>\n<meta property=\"og:site_name\" content=\"Piston Addict\" \/>\n<meta property=\"article:modified_time\" content=\"2024-03-19T16:03:40+00:00\" \/>\n<meta property=\"og:image\" content=\"https:\/\/pistonaddict.com\/wp-content\/uploads\/2023\/10\/CAYMAN-1.png\" \/>\n\t<meta property=\"og:image:width\" content=\"1887\" \/>\n\t<meta property=\"og:image:height\" content=\"781\" \/>\n\t<meta property=\"og:image:type\" content=\"image\/png\" \/>\n<meta name=\"twitter:card\" content=\"summary_large_image\" \/>\n<meta name=\"twitter:label1\" content=\"Timp estimat pentru citire\" \/>\n\t<meta name=\"twitter:data1\" content=\"3 minute\" \/>\n<script type=\"application\/ld+json\" class=\"yoast-schema-graph\">{\"@context\":\"https:\/\/schema.org\",\"@graph\":[{\"@type\":\"WebPage\",\"@id\":\"https:\/\/pistonaddict.com\/ro\/product\/porsche-cayman-s-3-4-325-cv\/\",\"url\":\"https:\/\/pistonaddict.com\/ro\/product\/porsche-cayman-s-3-4-325-cv\/\",\"name\":\"Porsche Cayman S 3.4 325 CV licita\u021bie - Piston Addict\",\"isPartOf\":{\"@id\":\"https:\/\/pistonaddict.com\/ro\/#website\"},\"primaryImageOfPage\":{\"@id\":\"https:\/\/pistonaddict.com\/ro\/product\/porsche-cayman-s-3-4-325-cv\/#primaryimage\"},\"image\":{\"@id\":\"https:\/\/pistonaddict.com\/ro\/product\/porsche-cayman-s-3-4-325-cv\/#primaryimage\"},\"thumbnailUrl\":\"https:\/\/pistonaddict.com\/wp-content\/uploads\/2023\/10\/CAYMAN-1.png\",\"datePublished\":\"2023-10-13T07:36:04+00:00\",\"dateModified\":\"2024-03-19T16:03:40+00:00\",\"breadcrumb\":{\"@id\":\"https:\/\/pistonaddict.com\/ro\/product\/porsche-cayman-s-3-4-325-cv\/#breadcrumb\"},\"inLanguage\":\"ro-RO\",\"potentialAction\":[{\"@type\":\"ReadAction\",\"target\":[\"https:\/\/pistonaddict.com\/ro\/product\/porsche-cayman-s-3-4-325-cv\/\"]}]},{\"@type\":\"ImageObject\",\"inLanguage\":\"ro-RO\",\"@id\":\"https:\/\/pistonaddict.com\/ro\/product\/porsche-cayman-s-3-4-325-cv\/#primaryimage\",\"url\":\"https:\/\/pistonaddict.com\/wp-content\/uploads\/2023\/10\/CAYMAN-1.png\",\"contentUrl\":\"https:\/\/pistonaddict.com\/wp-content\/uploads\/2023\/10\/CAYMAN-1.png\",\"width\":1887,\"height\":781},{\"@type\":\"BreadcrumbList\",\"@id\":\"https:\/\/pistonaddict.com\/ro\/product\/porsche-cayman-s-3-4-325-cv\/#breadcrumb\",\"itemListElement\":[{\"@type\":\"ListItem\",\"position\":1,\"name\":\"Pagina principala\",\"item\":\"https:\/\/pistonaddict.com\/ro\/pagina-de-start\/\"},{\"@type\":\"ListItem\",\"position\":2,\"name\":\"Auctions\",\"item\":\"https:\/\/pistonaddict.com\/auctions-listing\/\"},{\"@type\":\"ListItem\",\"position\":3,\"name\":\"Porsche Cayman S 3.4 325 CV\"}]},{\"@type\":\"WebSite\",\"@id\":\"https:\/\/pistonaddict.com\/ro\/#website\",\"url\":\"https:\/\/pistonaddict.com\/ro\/\",\"name\":\"Piston Addict\",\"description\":\"Only interesting vehicles\",\"publisher\":{\"@id\":\"https:\/\/pistonaddict.com\/ro\/#organization\"},\"potentialAction\":[{\"@type\":\"SearchAction\",\"target\":{\"@type\":\"EntryPoint\",\"urlTemplate\":\"https:\/\/pistonaddict.com\/ro\/?s={search_term_string}\"},\"query-input\":\"required name=search_term_string\"}],\"inLanguage\":\"ro-RO\"},{\"@type\":\"Organization\",\"@id\":\"https:\/\/pistonaddict.com\/ro\/#organization\",\"name\":\"Piston Addict\",\"url\":\"https:\/\/pistonaddict.com\/ro\/\",\"logo\":{\"@type\":\"ImageObject\",\"inLanguage\":\"ro-RO\",\"@id\":\"https:\/\/pistonaddict.com\/ro\/#\/schema\/logo\/image\/\",\"url\":\"https:\/\/pistonaddict.com\/wp-content\/uploads\/2022\/07\/logo-6.png\",\"contentUrl\":\"https:\/\/pistonaddict.com\/wp-content\/uploads\/2022\/07\/logo-6.png\",\"width\":970,\"height\":200,\"caption\":\"Piston Addict\"},\"image\":{\"@id\":\"https:\/\/pistonaddict.com\/ro\/#\/schema\/logo\/image\/\"}}]}<\/script>\n<!-- \/ Yoast SEO plugin. -->","yoast_head_json":{"title":"Porsche Cayman S 3.4 325 CV licita\u021bie - Piston Addict","robots":{"index":"index","follow":"follow","max-snippet":"max-snippet:-1","max-image-preview":"max-image-preview:large","max-video-preview":"max-video-preview:-1"},"canonical":"https:\/\/pistonaddict.com\/ro\/product\/porsche-cayman-s-3-4-325-cv\/","og_locale":"ro_RO","og_type":"article","og_title":"Porsche Cayman S 3.4 325 CV licita\u021bie - Piston Addict","og_description":"Fiind o companie care s-a str\u0103duit \u00eentotdeauna s\u0103 urm\u0103reasc\u0103 perfec\u021biunea ma\u0219inilor sport, Porsche a r\u0103spuns criticilor \u00een cel mai bun mod posibil - prezent\u00e2nd modelul dedicat \u0219oferilor, care este iubit \u0219i l\u0103udat de toat\u0103 lumea. C\u00e2nd a debutat prima genera\u021bie Cayman, a fost tot ce \u00ee\u0219i doreau entuzia\u0219tii, cu 90% din senza\u021bia Porsche 911 pentru 60% din pre\u021b. Cayman era o ma\u0219in\u0103 mai u\u0219oar\u0103, mai precis\u0103 \u0219i mai atr\u0103g\u0103toare, \u00een timp ce versiunea S era o ma\u0219in\u0103 sport perfect echilibrat\u0103. Iat\u0103 un exemplar deosebit de interesant, \u00een stare ideal\u0103. Trebuie s\u0103 v\u0103 crea\u021bi un cont pentru a accesa aceast\u0103 licita\u021bie.","og_url":"https:\/\/pistonaddict.com\/ro\/product\/porsche-cayman-s-3-4-325-cv\/","og_site_name":"Piston Addict","article_modified_time":"2024-03-19T16:03:40+00:00","og_image":[{"width":1887,"height":781,"url":"https:\/\/pistonaddict.com\/wp-content\/uploads\/2023\/10\/CAYMAN-1.png","type":"image\/png"}],"twitter_card":"summary_large_image","twitter_misc":{"Timp estimat pentru citire":"3 minute"},"schema":{"@context":"https:\/\/schema.org","@graph":[{"@type":"WebPage","@id":"https:\/\/pistonaddict.com\/ro\/product\/porsche-cayman-s-3-4-325-cv\/","url":"https:\/\/pistonaddict.com\/ro\/product\/porsche-cayman-s-3-4-325-cv\/","name":"Porsche Cayman S 3.4 325 CV licita\u021bie - Piston Addict","isPartOf":{"@id":"https:\/\/pistonaddict.com\/ro\/#website"},"primaryImageOfPage":{"@id":"https:\/\/pistonaddict.com\/ro\/product\/porsche-cayman-s-3-4-325-cv\/#primaryimage"},"image":{"@id":"https:\/\/pistonaddict.com\/ro\/product\/porsche-cayman-s-3-4-325-cv\/#primaryimage"},"thumbnailUrl":"https:\/\/pistonaddict.com\/wp-content\/uploads\/2023\/10\/CAYMAN-1.png","datePublished":"2023-10-13T07:36:04+00:00","dateModified":"2024-03-19T16:03:40+00:00","breadcrumb":{"@id":"https:\/\/pistonaddict.com\/ro\/product\/porsche-cayman-s-3-4-325-cv\/#breadcrumb"},"inLanguage":"ro-RO","potentialAction":[{"@type":"ReadAction","target":["https:\/\/pistonaddict.com\/ro\/product\/porsche-cayman-s-3-4-325-cv\/"]}]},{"@type":"ImageObject","inLanguage":"ro-RO","@id":"https:\/\/pistonaddict.com\/ro\/product\/porsche-cayman-s-3-4-325-cv\/#primaryimage","url":"https:\/\/pistonaddict.com\/wp-content\/uploads\/2023\/10\/CAYMAN-1.png","contentUrl":"https:\/\/pistonaddict.com\/wp-content\/uploads\/2023\/10\/CAYMAN-1.png","width":1887,"height":781},{"@type":"BreadcrumbList","@id":"https:\/\/pistonaddict.com\/ro\/product\/porsche-cayman-s-3-4-325-cv\/#breadcrumb","itemListElement":[{"@type":"ListItem","position":1,"name":"Pagina principala","item":"https:\/\/pistonaddict.com\/ro\/pagina-de-start\/"},{"@type":"ListItem","position":2,"name":"Auctions","item":"https:\/\/pistonaddict.com\/auctions-listing\/"},{"@type":"ListItem","position":3,"name":"Porsche Cayman S 3.4 325 CV"}]},{"@type":"WebSite","@id":"https:\/\/pistonaddict.com\/ro\/#website","url":"https:\/\/pistonaddict.com\/ro\/","name":"Piston Addict","description":"Only interesting vehicles","publisher":{"@id":"https:\/\/pistonaddict.com\/ro\/#organization"},"potentialAction":[{"@type":"SearchAction","target":{"@type":"EntryPoint","urlTemplate":"https:\/\/pistonaddict.com\/ro\/?s={search_term_string}"},"query-input":"required name=search_term_string"}],"inLanguage":"ro-RO"},{"@type":"Organization","@id":"https:\/\/pistonaddict.com\/ro\/#organization","name":"Piston Addict","url":"https:\/\/pistonaddict.com\/ro\/","logo":{"@type":"ImageObject","inLanguage":"ro-RO","@id":"https:\/\/pistonaddict.com\/ro\/#\/schema\/logo\/image\/","url":"https:\/\/pistonaddict.com\/wp-content\/uploads\/2022\/07\/logo-6.png","contentUrl":"https:\/\/pistonaddict.com\/wp-content\/uploads\/2022\/07\/logo-6.png","width":970,"height":200,"caption":"Piston Addict"},"image":{"@id":"https:\/\/pistonaddict.com\/ro\/#\/schema\/logo\/image\/"}}]}},"_links":{"self":[{"href":"https:\/\/pistonaddict.com\/ro\/wp-json\/wp\/v2\/product\/55254"}],"collection":[{"href":"https:\/\/pistonaddict.com\/ro\/wp-json\/wp\/v2\/product"}],"about":[{"href":"https:\/\/pistonaddict.com\/ro\/wp-json\/wp\/v2\/types\/product"}],"replies":[{"embeddable":true,"href":"https:\/\/pistonaddict.com\/ro\/wp-json\/wp\/v2\/comments?post=55254"}],"wp:featuredmedia":[{"embeddable":true,"href":"https:\/\/pistonaddict.com\/ro\/wp-json\/wp\/v2\/media\/55130"}],"wp:attachment":[{"href":"https:\/\/pistonaddict.com\/ro\/wp-json\/wp\/v2\/media?parent=55254"}],"wp:term":[{"taxonomy":"product_cat","embeddable":true,"href":"https:\/\/pistonaddict.com\/ro\/wp-json\/wp\/v2\/product_cat?post=55254"},{"taxonomy":"product_tag","embeddable":true,"href":"https:\/\/pistonaddict.com\/ro\/wp-json\/wp\/v2\/product_tag?post=55254"}],"curies":[{"name":"wp","href":"https:\/\/api.w.org\/{rel}","templated":true}]}}