{"id":53491,"date":"2023-10-06T11:28:15","date_gmt":"2023-10-06T09:28:15","guid":{"rendered":"https:\/\/pistonaddict.com\/product\/porsche-911-carrera-2-cabrio-997\/"},"modified":"2023-12-20T09:48:56","modified_gmt":"2023-12-20T08:48:56","slug":"porsche-911-carrera-2-cabrio-997","status":"publish","type":"product","link":"https:\/\/pistonaddict.com\/ro\/product\/porsche-911-carrera-2-cabrio-997\/","title":{"rendered":"Porsche 911 Carrera 2 Cabrio (997)"},"content":{"rendered":"<p><strong>Istoria ma\u0219inii<\/strong><\/p>\n<p>Acest Porsche 911 Carrera 2 Cabrio &#8220;Ro\u0219u gardian&#8221; a fost produs \u00een decembrie 2006 \u0219i v\u00e2ndut nou \u00een Spania, unde \u0219i-a petrecut \u00eentreaga via\u021b\u0103. Actualul proprietar a achizi\u021bionat-o \u00een 2021. Aceast\u0103 decapotabil\u0103 este un exemplu de top al modelului Carrera 2 din genera\u021bia 997, cunoscut pentru construc\u021bia sa u\u0219oar\u0103, motoarele cu tura\u021bie ridicat\u0103 \u0219i senza\u021bia de condus f\u0103r\u0103 compromisuri. Puri\u0219tii Porsche au criticat deseori modelele 911 ulterioare pentru c\u0103 erau prea mari \u0219i prea grele, dar to\u021bi au fost de acord c\u0103 997 a fost ultimul model din linia clasic\u0103 de ma\u0219ini. Ofer\u0103 un \u0219asiu agil, motoare cu aspira\u021bie natural\u0103, un sunet caracteristic \u0219i o manevrabilitate unic\u0103, \u00een special \u00een varianta RWD, ca aceasta. Acest exemplar este <strong>propulsat de<\/strong> un <strong>motor<\/strong> de <strong>3,6 litri<\/strong>, cu <strong>\u0219ase<\/strong> <strong>cilindri<\/strong> cu cilindree <strong>plat\u0103, care dezvolt\u0103 325 CP<\/strong> \u0219i ofer\u0103 performan\u021be mai mult dec\u00e2t respectabile. Sprintul de la 0 la 100 km\/h este posibil \u00een doar 4,8 secunde, iar viteza maxim\u0103 este de peste 280 km\/h (177 mph). Cu toate acestea, esen\u021bialul este manualul cu 6 trepte, care transform\u0103 imediat acest cabriolet ro\u0219u dintr-un simplu 911 \u00eentr-un obiect de colec\u021bie rar. Manualul este o op\u021biune foarte dorit\u0103, care nu numai c\u0103 ajut\u0103 ma\u0219ina s\u0103-\u0219i ating\u0103 poten\u021bialul maxim de performan\u021b\u0103, dar face din fiecare condus o experien\u021b\u0103 de neuitat.<\/p>\n<p><strong>Interior<\/strong><\/p>\n<p>Interiorul &#8220;Natural Brown&#8221; se combin\u0103 izbitor cu exteriorul ro\u0219u \u0219i diferen\u021biaz\u0103 \u0219i mai mult acest exemplar de restul modelelor 911. Interiorul este \u00een stare impecabil\u0103, f\u0103r\u0103 zg\u00e2rieturi pe scaunele din piele. De asemenea, este bine dotat cu scaune sport op\u021bionale, un sistem audio Bose \u0219i un volan asortat. Singurul element care nu este original este unitatea de bord Kenwood cu ecran tactil, dar acest upgrade de bun gust se potrive\u0219te perfect cu designul tabloului de bord. Chiar dac\u0103 aceast\u0103 decapotabil\u0103 a fost condus\u0103 ca o ma\u0219in\u0103 de croazier\u0103 de weekend \u00een Spania \u00eensorit\u0103, nu exist\u0103 semne de deteriorare solar\u0103 pe interiorul superb al pielii bronzate.<\/p>\n<p><strong>Stare<\/strong><\/p>\n<p>Cu doar 43.000 de kilometri din nou, starea general\u0103 a ma\u0219inii este impecabil\u0103, f\u0103r\u0103 accidente sau avarii la vehicul. Ultima revizie a motorului a fost efectuat\u0103 \u00een 2022, iar fr\u00e2nele au fost revizuite \u00een octombrie 2023. Ma\u0219ina a fost cur\u0103\u021bat\u0103 temeinic \u0219i s-a efectuat o analiz\u0103 a uleiului, care a ar\u0103tat c\u0103 motorul \u0219i trenul de rulare erau \u00een stare ideal\u0103. 911 a avut \u00eentotdeauna o reputa\u021bie de calitate, iar atunci c\u00e2nd sunt \u00eentre\u021binute corespunz\u0103tor \u0219i p\u0103strate cu grij\u0103, a\u0219a cum este aceasta, pot dura o via\u021b\u0103 \u00eentreag\u0103.<\/p>\n<p><strong>Exterior \u0219i ro\u021bi  <\/strong><\/p>\n<p>Caroseria ro\u0219ie este \u00een stare perfect\u0103, f\u0103r\u0103 zg\u00e2rieturi sau lovituri, iar plafonul decapotabil nu prezint\u0103 nicio deteriorare. Combina\u021bia de culori este superb\u0103 \u0219i face ca acest exemplar s\u0103 ias\u0103 \u00een eviden\u021b\u0103 din mul\u021bime. Acest 911 Carrera 2 are jante de 19 inch cu &#8220;gheare de homar&#8221;, semn\u0103tura Porsche, \u00eembr\u0103cate \u00een anvelope Michelin Pilot Sport nou-nou\u021be.<\/p>\n<p><strong>Documenta\u021bie:<\/strong><\/p>\n<p>Acest vehicul este v\u00e2ndut de c\u0103tre dealerul cu documenta\u021bia corespunz\u0103toare situat \u00een Spania. Raportul CarFax este curat; nu exist\u0103 dovezi de accidente, repara\u021bii \u00een caz de accident, proprietate sau probleme legale. Exist\u0103 \u00eenregistr\u0103ri de \u00eentre\u021binere periodic\u0103, \u00eempreun\u0103 cu bro\u0219uri \u0219i chitan\u021be originale din fabric\u0103. Inspec\u021bia tehnic\u0103 spaniol\u0103 (ITV) este inclus\u0103 \u00een documenta\u021bie, iar ma\u0219ina a trecut cu brio. Verifica\u021bi <a href=\"https:\/\/pistonaddict.com\/wp-content\/uploads\/2023\/10\/CARFAX-Vehicle-History-Report-PORSCHE-911.pdf\">documentul CarFax<\/a> al acestui frumos Porsche 911 Carrera decapotabil.<\/p>\n<p><strong>Pentru a putea accesa licita\u021bia acestui vehicul premium este necesar\u0103 o amprent\u0103\/re\u021binere a cardului de credit (eliberat\u0103 automat).<\/strong><\/p>\n<p>Vede\u021bi videoclipul Cold Start al acestui frumos Porsche 911 Carrera cabriolet:<\/p>\n<p><iframe title=\"Cold Start Video of the Porsche 911 Carrera Cabrio 325 CV\" width=\"1200\" height=\"675\" src=\"https:\/\/www.youtube.com\/embed\/FNuC3o32Erw?feature=oembed\" frameborder=\"0\" allow=\"accelerometer; autoplay; clipboard-write; encrypted-media; gyroscope; picture-in-picture; web-share\" allowfullscreen><\/iframe><\/p>\n","protected":false},"excerpt":{"rendered":"<p>Porsche 911 ocup\u0103 un loc special \u00een lumea ma\u0219inilor sport. Acesta nu mai este perceput ca un simplu vehicul, deoarece dep\u0103\u0219e\u0219te limitele industriei auto \u0219i a devenit un simbol cultural \u0219i o form\u0103 recunoscut\u0103 la nivel mondial. De-a lungul genera\u021biilor sale, 911 a evoluat de la un mic coupe sportiv la luxosul GT de ast\u0103zi. Cu toate acestea, s\u0103 presupunem c\u0103 v\u0103 dori\u021bi acea senza\u021bie esen\u021bial\u0103 de 911, un motor boxer aspirat natural \u0219i o senza\u021bie pur\u0103 de condus. \u00cen acest caz, genera\u021bia 997 este ultima care ofer\u0103 toate aceste virtu\u021bi clasice dezirabile \u00een ambalaj modern. Este o perfec\u021biune pe patru ro\u021bi, \u00een form\u0103 decapotabil\u0103 \u0219i cu transmisie manual\u0103.<\/p>\n","protected":false},"featured_media":53277,"comment_status":"open","ping_status":"closed","template":"","meta":{"inline_featured_image":false},"product_cat":[744],"product_tag":[2109,828,2106,2108,826,965],"acf":[],"yoast_head":"<!-- This site is optimized with the Yoast SEO plugin v22.5 - https:\/\/yoast.com\/wordpress\/plugins\/seo\/ -->\n<title>Porsche 911 Carrera 2 Cabrio (997) licita\u021bie - Piston Addict<\/title>\n<meta name=\"robots\" content=\"index, follow, max-snippet:-1, max-image-preview:large, max-video-preview:-1\" \/>\n<link rel=\"canonical\" href=\"https:\/\/pistonaddict.com\/ro\/product\/porsche-911-carrera-2-cabrio-997\/\" \/>\n<meta property=\"og:locale\" content=\"ro_RO\" \/>\n<meta property=\"og:type\" content=\"article\" \/>\n<meta property=\"og:title\" content=\"Porsche 911 Carrera 2 Cabrio (997) licita\u021bie - Piston Addict\" \/>\n<meta property=\"og:description\" content=\"Porsche 911 ocup\u0103 un loc special \u00een lumea ma\u0219inilor sport. Acesta nu mai este perceput ca un simplu vehicul, deoarece dep\u0103\u0219e\u0219te limitele industriei auto \u0219i a devenit un simbol cultural \u0219i o form\u0103 recunoscut\u0103 la nivel mondial. De-a lungul genera\u021biilor sale, 911 a evoluat de la un mic coupe sportiv la luxosul GT de ast\u0103zi. Cu toate acestea, s\u0103 presupunem c\u0103 v\u0103 dori\u021bi acea senza\u021bie esen\u021bial\u0103 de 911, un motor boxer aspirat natural \u0219i o senza\u021bie pur\u0103 de condus. \u00cen acest caz, genera\u021bia 997 este ultima care ofer\u0103 toate aceste virtu\u021bi clasice dezirabile \u00een ambalaj modern. Este o perfec\u021biune pe patru ro\u021bi, \u00een form\u0103 decapotabil\u0103 \u0219i cu transmisie manual\u0103.\" \/>\n<meta property=\"og:url\" content=\"https:\/\/pistonaddict.com\/ro\/product\/porsche-911-carrera-2-cabrio-997\/\" \/>\n<meta property=\"og:site_name\" content=\"Piston Addict\" \/>\n<meta property=\"article:modified_time\" content=\"2023-12-20T08:48:56+00:00\" \/>\n<meta property=\"og:image\" content=\"https:\/\/pistonaddict.com\/wp-content\/uploads\/2023\/10\/20220624_201726_resized-copia.jpg\" \/>\n\t<meta property=\"og:image:width\" content=\"1008\" \/>\n\t<meta property=\"og:image:height\" content=\"567\" \/>\n\t<meta property=\"og:image:type\" content=\"image\/jpeg\" \/>\n<meta name=\"twitter:card\" content=\"summary_large_image\" \/>\n<meta name=\"twitter:label1\" content=\"Timp estimat pentru citire\" \/>\n\t<meta name=\"twitter:data1\" content=\"3 minute\" \/>\n<script type=\"application\/ld+json\" class=\"yoast-schema-graph\">{\"@context\":\"https:\/\/schema.org\",\"@graph\":[{\"@type\":\"WebPage\",\"@id\":\"https:\/\/pistonaddict.com\/ro\/product\/porsche-911-carrera-2-cabrio-997\/\",\"url\":\"https:\/\/pistonaddict.com\/ro\/product\/porsche-911-carrera-2-cabrio-997\/\",\"name\":\"Porsche 911 Carrera 2 Cabrio (997) licita\u021bie - Piston Addict\",\"isPartOf\":{\"@id\":\"https:\/\/pistonaddict.com\/ro\/#website\"},\"primaryImageOfPage\":{\"@id\":\"https:\/\/pistonaddict.com\/ro\/product\/porsche-911-carrera-2-cabrio-997\/#primaryimage\"},\"image\":{\"@id\":\"https:\/\/pistonaddict.com\/ro\/product\/porsche-911-carrera-2-cabrio-997\/#primaryimage\"},\"thumbnailUrl\":\"https:\/\/pistonaddict.com\/wp-content\/uploads\/2023\/10\/20220624_201726_resized-copia.jpg\",\"datePublished\":\"2023-10-06T09:28:15+00:00\",\"dateModified\":\"2023-12-20T08:48:56+00:00\",\"breadcrumb\":{\"@id\":\"https:\/\/pistonaddict.com\/ro\/product\/porsche-911-carrera-2-cabrio-997\/#breadcrumb\"},\"inLanguage\":\"ro-RO\",\"potentialAction\":[{\"@type\":\"ReadAction\",\"target\":[\"https:\/\/pistonaddict.com\/ro\/product\/porsche-911-carrera-2-cabrio-997\/\"]}]},{\"@type\":\"ImageObject\",\"inLanguage\":\"ro-RO\",\"@id\":\"https:\/\/pistonaddict.com\/ro\/product\/porsche-911-carrera-2-cabrio-997\/#primaryimage\",\"url\":\"https:\/\/pistonaddict.com\/wp-content\/uploads\/2023\/10\/20220624_201726_resized-copia.jpg\",\"contentUrl\":\"https:\/\/pistonaddict.com\/wp-content\/uploads\/2023\/10\/20220624_201726_resized-copia.jpg\",\"width\":1008,\"height\":567},{\"@type\":\"BreadcrumbList\",\"@id\":\"https:\/\/pistonaddict.com\/ro\/product\/porsche-911-carrera-2-cabrio-997\/#breadcrumb\",\"itemListElement\":[{\"@type\":\"ListItem\",\"position\":1,\"name\":\"Pagina principala\",\"item\":\"https:\/\/pistonaddict.com\/ro\/pagina-de-start\/\"},{\"@type\":\"ListItem\",\"position\":2,\"name\":\"Auctions\",\"item\":\"https:\/\/pistonaddict.com\/auctions-listing\/\"},{\"@type\":\"ListItem\",\"position\":3,\"name\":\"Porsche 911 Carrera 2 Cabrio (997)\"}]},{\"@type\":\"WebSite\",\"@id\":\"https:\/\/pistonaddict.com\/ro\/#website\",\"url\":\"https:\/\/pistonaddict.com\/ro\/\",\"name\":\"Piston Addict\",\"description\":\"Only interesting vehicles\",\"publisher\":{\"@id\":\"https:\/\/pistonaddict.com\/ro\/#organization\"},\"potentialAction\":[{\"@type\":\"SearchAction\",\"target\":{\"@type\":\"EntryPoint\",\"urlTemplate\":\"https:\/\/pistonaddict.com\/ro\/?s={search_term_string}\"},\"query-input\":\"required name=search_term_string\"}],\"inLanguage\":\"ro-RO\"},{\"@type\":\"Organization\",\"@id\":\"https:\/\/pistonaddict.com\/ro\/#organization\",\"name\":\"Piston Addict\",\"url\":\"https:\/\/pistonaddict.com\/ro\/\",\"logo\":{\"@type\":\"ImageObject\",\"inLanguage\":\"ro-RO\",\"@id\":\"https:\/\/pistonaddict.com\/ro\/#\/schema\/logo\/image\/\",\"url\":\"https:\/\/pistonaddict.com\/wp-content\/uploads\/2022\/07\/logo-6.png\",\"contentUrl\":\"https:\/\/pistonaddict.com\/wp-content\/uploads\/2022\/07\/logo-6.png\",\"width\":970,\"height\":200,\"caption\":\"Piston Addict\"},\"image\":{\"@id\":\"https:\/\/pistonaddict.com\/ro\/#\/schema\/logo\/image\/\"}}]}<\/script>\n<!-- \/ Yoast SEO plugin. -->","yoast_head_json":{"title":"Porsche 911 Carrera 2 Cabrio (997) licita\u021bie - Piston Addict","robots":{"index":"index","follow":"follow","max-snippet":"max-snippet:-1","max-image-preview":"max-image-preview:large","max-video-preview":"max-video-preview:-1"},"canonical":"https:\/\/pistonaddict.com\/ro\/product\/porsche-911-carrera-2-cabrio-997\/","og_locale":"ro_RO","og_type":"article","og_title":"Porsche 911 Carrera 2 Cabrio (997) licita\u021bie - Piston Addict","og_description":"Porsche 911 ocup\u0103 un loc special \u00een lumea ma\u0219inilor sport. Acesta nu mai este perceput ca un simplu vehicul, deoarece dep\u0103\u0219e\u0219te limitele industriei auto \u0219i a devenit un simbol cultural \u0219i o form\u0103 recunoscut\u0103 la nivel mondial. De-a lungul genera\u021biilor sale, 911 a evoluat de la un mic coupe sportiv la luxosul GT de ast\u0103zi. Cu toate acestea, s\u0103 presupunem c\u0103 v\u0103 dori\u021bi acea senza\u021bie esen\u021bial\u0103 de 911, un motor boxer aspirat natural \u0219i o senza\u021bie pur\u0103 de condus. \u00cen acest caz, genera\u021bia 997 este ultima care ofer\u0103 toate aceste virtu\u021bi clasice dezirabile \u00een ambalaj modern. Este o perfec\u021biune pe patru ro\u021bi, \u00een form\u0103 decapotabil\u0103 \u0219i cu transmisie manual\u0103.","og_url":"https:\/\/pistonaddict.com\/ro\/product\/porsche-911-carrera-2-cabrio-997\/","og_site_name":"Piston Addict","article_modified_time":"2023-12-20T08:48:56+00:00","og_image":[{"width":1008,"height":567,"url":"https:\/\/pistonaddict.com\/wp-content\/uploads\/2023\/10\/20220624_201726_resized-copia.jpg","type":"image\/jpeg"}],"twitter_card":"summary_large_image","twitter_misc":{"Timp estimat pentru citire":"3 minute"},"schema":{"@context":"https:\/\/schema.org","@graph":[{"@type":"WebPage","@id":"https:\/\/pistonaddict.com\/ro\/product\/porsche-911-carrera-2-cabrio-997\/","url":"https:\/\/pistonaddict.com\/ro\/product\/porsche-911-carrera-2-cabrio-997\/","name":"Porsche 911 Carrera 2 Cabrio (997) licita\u021bie - Piston Addict","isPartOf":{"@id":"https:\/\/pistonaddict.com\/ro\/#website"},"primaryImageOfPage":{"@id":"https:\/\/pistonaddict.com\/ro\/product\/porsche-911-carrera-2-cabrio-997\/#primaryimage"},"image":{"@id":"https:\/\/pistonaddict.com\/ro\/product\/porsche-911-carrera-2-cabrio-997\/#primaryimage"},"thumbnailUrl":"https:\/\/pistonaddict.com\/wp-content\/uploads\/2023\/10\/20220624_201726_resized-copia.jpg","datePublished":"2023-10-06T09:28:15+00:00","dateModified":"2023-12-20T08:48:56+00:00","breadcrumb":{"@id":"https:\/\/pistonaddict.com\/ro\/product\/porsche-911-carrera-2-cabrio-997\/#breadcrumb"},"inLanguage":"ro-RO","potentialAction":[{"@type":"ReadAction","target":["https:\/\/pistonaddict.com\/ro\/product\/porsche-911-carrera-2-cabrio-997\/"]}]},{"@type":"ImageObject","inLanguage":"ro-RO","@id":"https:\/\/pistonaddict.com\/ro\/product\/porsche-911-carrera-2-cabrio-997\/#primaryimage","url":"https:\/\/pistonaddict.com\/wp-content\/uploads\/2023\/10\/20220624_201726_resized-copia.jpg","contentUrl":"https:\/\/pistonaddict.com\/wp-content\/uploads\/2023\/10\/20220624_201726_resized-copia.jpg","width":1008,"height":567},{"@type":"BreadcrumbList","@id":"https:\/\/pistonaddict.com\/ro\/product\/porsche-911-carrera-2-cabrio-997\/#breadcrumb","itemListElement":[{"@type":"ListItem","position":1,"name":"Pagina principala","item":"https:\/\/pistonaddict.com\/ro\/pagina-de-start\/"},{"@type":"ListItem","position":2,"name":"Auctions","item":"https:\/\/pistonaddict.com\/auctions-listing\/"},{"@type":"ListItem","position":3,"name":"Porsche 911 Carrera 2 Cabrio (997)"}]},{"@type":"WebSite","@id":"https:\/\/pistonaddict.com\/ro\/#website","url":"https:\/\/pistonaddict.com\/ro\/","name":"Piston Addict","description":"Only interesting vehicles","publisher":{"@id":"https:\/\/pistonaddict.com\/ro\/#organization"},"potentialAction":[{"@type":"SearchAction","target":{"@type":"EntryPoint","urlTemplate":"https:\/\/pistonaddict.com\/ro\/?s={search_term_string}"},"query-input":"required name=search_term_string"}],"inLanguage":"ro-RO"},{"@type":"Organization","@id":"https:\/\/pistonaddict.com\/ro\/#organization","name":"Piston Addict","url":"https:\/\/pistonaddict.com\/ro\/","logo":{"@type":"ImageObject","inLanguage":"ro-RO","@id":"https:\/\/pistonaddict.com\/ro\/#\/schema\/logo\/image\/","url":"https:\/\/pistonaddict.com\/wp-content\/uploads\/2022\/07\/logo-6.png","contentUrl":"https:\/\/pistonaddict.com\/wp-content\/uploads\/2022\/07\/logo-6.png","width":970,"height":200,"caption":"Piston Addict"},"image":{"@id":"https:\/\/pistonaddict.com\/ro\/#\/schema\/logo\/image\/"}}]}},"_links":{"self":[{"href":"https:\/\/pistonaddict.com\/ro\/wp-json\/wp\/v2\/product\/53491"}],"collection":[{"href":"https:\/\/pistonaddict.com\/ro\/wp-json\/wp\/v2\/product"}],"about":[{"href":"https:\/\/pistonaddict.com\/ro\/wp-json\/wp\/v2\/types\/product"}],"replies":[{"embeddable":true,"href":"https:\/\/pistonaddict.com\/ro\/wp-json\/wp\/v2\/comments?post=53491"}],"wp:featuredmedia":[{"embeddable":true,"href":"https:\/\/pistonaddict.com\/ro\/wp-json\/wp\/v2\/media\/53277"}],"wp:attachment":[{"href":"https:\/\/pistonaddict.com\/ro\/wp-json\/wp\/v2\/media?parent=53491"}],"wp:term":[{"taxonomy":"product_cat","embeddable":true,"href":"https:\/\/pistonaddict.com\/ro\/wp-json\/wp\/v2\/product_cat?post=53491"},{"taxonomy":"product_tag","embeddable":true,"href":"https:\/\/pistonaddict.com\/ro\/wp-json\/wp\/v2\/product_tag?post=53491"}],"curies":[{"name":"wp","href":"https:\/\/api.w.org\/{rel}","templated":true}]}}