{"id":47838,"date":"2024-01-16T09:00:29","date_gmt":"2024-01-16T08:00:29","guid":{"rendered":"https:\/\/pistonaddict.com\/product\/morgan-roadster-v6-3-0\/"},"modified":"2024-03-20T09:44:08","modified_gmt":"2024-03-20T08:44:08","slug":"morgan-roadster-v6-3-0","status":"publish","type":"product","link":"https:\/\/pistonaddict.com\/ro\/product\/morgan-roadster-v6-3-0\/","title":{"rendered":"Morgan Roadster V6 3.0"},"content":{"rendered":"<p><strong>Istoria ma\u0219inii<\/strong><\/p>\n<p>Actualul proprietar al acestui roadster elegant a achizi\u021bionat ma\u0219ina \u00een 2010, c\u00e2nd avea doar trei ani. A fost livrat nou \u0219i \u0219i-a petrecut toat\u0103 via\u021ba \u00een Spania, fiind folosit pentru plimb\u0103ri relaxante de-a lungul coastei. Aceast\u0103 genera\u021bie a venerabilului roadster Morgan a fost introdus\u0103 \u00een 2004 \u0219i, de\u0219i era aproape imposibil de distins la exterior, sub capota lung\u0103 se afla o \u00eembun\u0103t\u0103\u021bire binevenit\u0103 &#8211; V6 Duratec de 3,0 litri de la Ford. Cu 24 de supape, o construc\u021bie modern\u0103 \u0219i o fiabilitate de neegalat, V6 de la Ford este mai bun dec\u00e2t vechiul V8 Rover pe care Morgan \u00eel folosea \u00een aproape toate privin\u021bele. Acest motor livreaz\u0103 o putere respectabil\u0103 de 223 CP \u0219i, deoarece V6 este mai scurt dec\u00e2t V8, este amplasat mai mult spre centrul ma\u0219inii, ceea ce face ca aceasta s\u0103 se descurce mai bine. Dup\u0103 cum probabil \u0219ti\u021bi, unul dintre secretele dinamicii unice de conducere a lui Morgan este \u0219asiul s\u0103u, par\u021bial realizat din lemn. A\u0219adar, c\u00e2nd ai un roadster care c\u00e2nt\u0103re\u0219te pu\u021bin sub o ton\u0103, ai o experien\u021b\u0103 de condus vie \u0219i observi fiecare detaliu al modului \u00een care se conduce, accelereaz\u0103 \u0219i se manevreaz\u0103. \u0218i, apropo, poate atinge 100 km\/h \u00een 5,5 secunde, ceea ce \u00eel face foarte interesant de condus.<\/p>\n<p><strong>Stare<\/strong><\/p>\n<p>Acest Morgan Roadster a parcurs pu\u021bin peste 41.000 de kilometri \u0219i are doi proprietari de la \u00eenceput. Starea general\u0103 este foarte bun\u0103, f\u0103r\u0103 daune, accidente sau repara\u021bii exterioare. A fost \u00eentre\u021binut\u0103 \u00een mod regulat, f\u0103r\u0103 modific\u0103ri la motor, caroserie sau suspensie. Proprietarul a revizuit recent fr\u00e2nele \u0219i a f\u0103cut o analiz\u0103 a uleiului care a ie\u0219it negativ\u0103, ceea ce \u00eenseamn\u0103 c\u0103 motorul este \u00een stare perfect\u0103. Era de a\u0219teptat, deoarece V6-ul de 3,0 litri de la Ford este cunoscut pentru durabilitatea \u0219i longevitatea sa.<\/p>\n<p><strong>Interior<\/strong><\/p>\n<p>Una dintre cele mai bune caracteristici ale modelului Morgan Roadster era interiorul s\u0103u clasic, dar elegant, iar \u00een acest caz, a fost \u00eembun\u0103t\u0103\u021bit cu legendarul volan din lemn Moto-Lita. Tabloul de bord din lemn are instrumente complete, un sistem audio \u0219i un ceas. \u00cen acela\u0219i timp, scaunele sunt tapi\u021bate cu o frumoas\u0103 piele bej, care este \u00een stare ideal\u0103 \u0219i se potrive\u0219te perfect cu culoarea exterioar\u0103. Capota decapotabil\u0103 neagr\u0103 este, de asemenea, \u00een stare excelent\u0103 \u0219i a fost folosit\u0103 rar, deoarece vehiculul a fost depozitat \u00een garaj \u0219i condus pe vreme frumoas\u0103. Este inclus\u0103 \u0219i coperta original\u0103 Morgan din interior.<\/p>\n<p><strong>Exterior \u0219i ro\u021bi<\/strong><\/p>\n<p>Denumit oficial Connaught Green, dar mai cunoscut sub numele de BRG (British Racing Green), acest Morgan este finisat \u00een cea mai dorit\u0103 culoare dintre toate. O nuan\u021b\u0103 \u00eenchis\u0103 clasic\u0103, care se potrive\u0219te perfect cu interiorul bej, este specifica\u021bia suprem\u0103 pentru orice roadster britanic clasic. Caroseria este \u00een stare perfect\u0103, f\u0103r\u0103 zg\u00e2rieturi sau decolor\u0103ri \u0219i cu detalii interesante, cum ar fi farurile de cea\u021b\u0103, insignele \u0219i curelele din piele care \u021bin capota la locul ei (autocolantul de pe capot\u0103 poate fi \u00eendep\u0103rtat cu u\u0219urin\u021b\u0103). Aspectul este completat de setul de jante din s\u00e2rm\u0103 de 18 inch, \u00eembr\u0103cate \u00een anvelope Yokohama, \u00eempreun\u0103 cu roata de rezerv\u0103 de dimensiuni normale montat\u0103 \u00een spate. Ro\u021bile ar putea p\u0103rea c\u0103 sunt din anii &#8217;40, dar sunt elemente noi \u0219i recreate cu drag, concepute pentru a se potrivi cu cauciucul modern.<\/p>\n<p><strong>Documenta\u021bie<\/strong><\/p>\n<p>Acesta este un vehicul proprietate privat\u0103, cu documente corespunz\u0103toare, situat \u00een Palma de Mallorca, Spania. Rapoartele sunt curate; nu exist\u0103 dovezi de accidente, repara\u021bii \u00een caz de accident, proprietate sau probleme juridice. Exist\u0103 \u00eenregistr\u0103ri privind \u00eentre\u021binerea regulat\u0103 care dateaz\u0103 din 2020.<br \/>\nPute\u021bi verifica CarFax-ul acestui Morgan Roadster V6 decapotabil <a href=\"https:\/\/pistonaddict.com\/wp-content\/uploads\/2023\/08\/CARFAX-Vehicle-History-Report-MORGAN-ROADSTER-Convertible-2007.pdf\">aici<\/a>. <strong>MOT spaniol\u0103 (ITV) trecut\u0103 \u0219i valabil\u0103 p\u00e2n\u0103 la 4 august 2024<\/strong>.<\/p>\n<p><strong>Echipamente \u0219i dot\u0103ri suplimentare<\/strong><\/p>\n<p>&#8211; Motolita volan clasic din lemn<br \/>\n&#8211; Tablou de bord din lemn<br \/>\n&#8211; Buton de schimb\u0103tor de viteze din o\u021bel<br \/>\n&#8211; Buzunare laterale \u00een u\u0219ile din piele<br \/>\n&#8211; Garniturile barei transversale cu scut Morgan<br \/>\n&#8211; Garnituri interioare de blocare cu scut Morgan<br \/>\n&#8211; Ceas<br \/>\n&#8211; Radio CD\/MP3 Blaupunkt<br \/>\n&#8211; 2 lumini frontale suplimentare<br \/>\n&#8211; Cureaua interioar\u0103 din piele c\u0103ptu\u0219it\u0103 cu piele de oaie \u00een partea superioar\u0103 a capotei<br \/>\n&#8211; Parasolare din piele neagr\u0103<br \/>\n&#8211; \u00centrerup\u0103tor de baterie antifurt<br \/>\n&#8211; Bar\u0103 frontal\u0103 pentru ecusoane\/scuturi<br \/>\n&#8211; Hus\u0103 de capot\u0103 din piele neagr\u0103 cu scut Morgan<br \/>\n&#8211; 2 huse din piele neagr\u0103 pentru ferestrele din metacrilat cu scut Morgan<br \/>\n&#8211; Hus\u0103 de protec\u021bie interioar\u0103 pentru ma\u0219in\u0103 (material albastru) cu scut Morgan<\/p>\n<p><strong>Verifica\u021bi videoclipul de pornire la rece al acestui frumos Morgan Roadster V6 decapotabil:<\/strong><\/p>\n<p><iframe title=\"Cold Start : Morgan Roadster V6 3.0 on PistonAddict.com\" width=\"1200\" height=\"675\" src=\"https:\/\/www.youtube.com\/embed\/yLSfe-ePOFg?start=29&#038;feature=oembed\" frameborder=\"0\" allow=\"accelerometer; autoplay; clipboard-write; encrypted-media; gyroscope; picture-in-picture; web-share\" allowfullscreen><\/iframe><\/p>\n","protected":false},"excerpt":{"rendered":"<p>Printre numeroasele modele clasice din Marea Britanie, Morgan Roadster este, f\u0103r\u0103 \u00eendoial\u0103, chintesen\u021ba farmecului britanic \u00een form\u0103 de automobil. Cu un design atemporal care dateaz\u0103 din primele zile ale roadsterelor \u0219i o linie de modele care nu a fost \u00eentrerupt\u0103 din 1950, Morgan Plus Six modern este o combina\u021bie irezistibil\u0103 de construc\u021bie unic\u0103, produc\u021bie personalizat\u0103 \u0219i realizat\u0103 manual \u0219i un V6 puternic care transform\u0103 acest clasic de bun\u0103 credin\u021b\u0103 \u00eentr-o ma\u0219in\u0103 sport decapotabil\u0103 capabil\u0103.<\/p>\n","protected":false},"featured_media":46739,"comment_status":"open","ping_status":"closed","template":"","meta":{"inline_featured_image":false},"product_cat":[744],"product_tag":[2049,2048,2046,2047,965],"acf":[],"yoast_head":"<!-- This site is optimized with the Yoast SEO plugin v22.5 - https:\/\/yoast.com\/wordpress\/plugins\/seo\/ -->\n<title>Morgan Roadster V6 3.0 licita\u021bie - Piston Addict<\/title>\n<meta name=\"description\" content=\"Minunat Morgan Roadster V6 3.0 din 2007 \u00een condi\u021bii excelente la licita\u021bie pe PistonAddict.com\" \/>\n<meta name=\"robots\" content=\"index, follow, max-snippet:-1, max-image-preview:large, max-video-preview:-1\" \/>\n<link rel=\"canonical\" href=\"https:\/\/pistonaddict.com\/ro\/product\/morgan-roadster-v6-3-0\/\" \/>\n<meta property=\"og:locale\" content=\"ro_RO\" \/>\n<meta property=\"og:type\" content=\"article\" \/>\n<meta property=\"og:title\" content=\"Morgan Roadster V6 3.0 licita\u021bie - Piston Addict\" \/>\n<meta property=\"og:description\" content=\"Minunat Morgan Roadster V6 3.0 din 2007 \u00een condi\u021bii excelente la licita\u021bie pe PistonAddict.com\" \/>\n<meta property=\"og:url\" content=\"https:\/\/pistonaddict.com\/ro\/product\/morgan-roadster-v6-3-0\/\" \/>\n<meta property=\"og:site_name\" content=\"Piston Addict\" \/>\n<meta property=\"article:modified_time\" content=\"2024-03-20T08:44:08+00:00\" \/>\n<meta property=\"og:image\" content=\"https:\/\/pistonaddict.com\/wp-content\/uploads\/2023\/08\/DSC0169-scaled.jpg\" \/>\n\t<meta property=\"og:image:width\" content=\"2560\" \/>\n\t<meta property=\"og:image:height\" content=\"1707\" \/>\n\t<meta property=\"og:image:type\" content=\"image\/jpeg\" \/>\n<meta name=\"twitter:card\" content=\"summary_large_image\" \/>\n<meta name=\"twitter:label1\" content=\"Timp estimat pentru citire\" \/>\n\t<meta name=\"twitter:data1\" content=\"4 minute\" \/>\n<script type=\"application\/ld+json\" class=\"yoast-schema-graph\">{\"@context\":\"https:\/\/schema.org\",\"@graph\":[{\"@type\":\"WebPage\",\"@id\":\"https:\/\/pistonaddict.com\/ro\/product\/morgan-roadster-v6-3-0\/\",\"url\":\"https:\/\/pistonaddict.com\/ro\/product\/morgan-roadster-v6-3-0\/\",\"name\":\"Morgan Roadster V6 3.0 licita\u021bie - Piston Addict\",\"isPartOf\":{\"@id\":\"https:\/\/pistonaddict.com\/ro\/#website\"},\"primaryImageOfPage\":{\"@id\":\"https:\/\/pistonaddict.com\/ro\/product\/morgan-roadster-v6-3-0\/#primaryimage\"},\"image\":{\"@id\":\"https:\/\/pistonaddict.com\/ro\/product\/morgan-roadster-v6-3-0\/#primaryimage\"},\"thumbnailUrl\":\"https:\/\/pistonaddict.com\/wp-content\/uploads\/2023\/08\/DSC0169-scaled.jpg\",\"datePublished\":\"2024-01-16T08:00:29+00:00\",\"dateModified\":\"2024-03-20T08:44:08+00:00\",\"description\":\"Minunat Morgan Roadster V6 3.0 din 2007 \u00een condi\u021bii excelente la licita\u021bie pe PistonAddict.com\",\"breadcrumb\":{\"@id\":\"https:\/\/pistonaddict.com\/ro\/product\/morgan-roadster-v6-3-0\/#breadcrumb\"},\"inLanguage\":\"ro-RO\",\"potentialAction\":[{\"@type\":\"ReadAction\",\"target\":[\"https:\/\/pistonaddict.com\/ro\/product\/morgan-roadster-v6-3-0\/\"]}]},{\"@type\":\"ImageObject\",\"inLanguage\":\"ro-RO\",\"@id\":\"https:\/\/pistonaddict.com\/ro\/product\/morgan-roadster-v6-3-0\/#primaryimage\",\"url\":\"https:\/\/pistonaddict.com\/wp-content\/uploads\/2023\/08\/DSC0169-scaled.jpg\",\"contentUrl\":\"https:\/\/pistonaddict.com\/wp-content\/uploads\/2023\/08\/DSC0169-scaled.jpg\",\"width\":2560,\"height\":1707},{\"@type\":\"BreadcrumbList\",\"@id\":\"https:\/\/pistonaddict.com\/ro\/product\/morgan-roadster-v6-3-0\/#breadcrumb\",\"itemListElement\":[{\"@type\":\"ListItem\",\"position\":1,\"name\":\"Pagina principala\",\"item\":\"https:\/\/pistonaddict.com\/ro\/pagina-de-start\/\"},{\"@type\":\"ListItem\",\"position\":2,\"name\":\"Auctions\",\"item\":\"https:\/\/pistonaddict.com\/auctions-listing\/\"},{\"@type\":\"ListItem\",\"position\":3,\"name\":\"Morgan Roadster V6 3.0\"}]},{\"@type\":\"WebSite\",\"@id\":\"https:\/\/pistonaddict.com\/ro\/#website\",\"url\":\"https:\/\/pistonaddict.com\/ro\/\",\"name\":\"Piston Addict\",\"description\":\"Only interesting vehicles\",\"publisher\":{\"@id\":\"https:\/\/pistonaddict.com\/ro\/#organization\"},\"potentialAction\":[{\"@type\":\"SearchAction\",\"target\":{\"@type\":\"EntryPoint\",\"urlTemplate\":\"https:\/\/pistonaddict.com\/ro\/?s={search_term_string}\"},\"query-input\":\"required name=search_term_string\"}],\"inLanguage\":\"ro-RO\"},{\"@type\":\"Organization\",\"@id\":\"https:\/\/pistonaddict.com\/ro\/#organization\",\"name\":\"Piston Addict\",\"url\":\"https:\/\/pistonaddict.com\/ro\/\",\"logo\":{\"@type\":\"ImageObject\",\"inLanguage\":\"ro-RO\",\"@id\":\"https:\/\/pistonaddict.com\/ro\/#\/schema\/logo\/image\/\",\"url\":\"https:\/\/pistonaddict.com\/wp-content\/uploads\/2022\/07\/logo-6.png\",\"contentUrl\":\"https:\/\/pistonaddict.com\/wp-content\/uploads\/2022\/07\/logo-6.png\",\"width\":970,\"height\":200,\"caption\":\"Piston Addict\"},\"image\":{\"@id\":\"https:\/\/pistonaddict.com\/ro\/#\/schema\/logo\/image\/\"}}]}<\/script>\n<!-- \/ Yoast SEO plugin. -->","yoast_head_json":{"title":"Morgan Roadster V6 3.0 licita\u021bie - Piston Addict","description":"Minunat Morgan Roadster V6 3.0 din 2007 \u00een condi\u021bii excelente la licita\u021bie pe PistonAddict.com","robots":{"index":"index","follow":"follow","max-snippet":"max-snippet:-1","max-image-preview":"max-image-preview:large","max-video-preview":"max-video-preview:-1"},"canonical":"https:\/\/pistonaddict.com\/ro\/product\/morgan-roadster-v6-3-0\/","og_locale":"ro_RO","og_type":"article","og_title":"Morgan Roadster V6 3.0 licita\u021bie - Piston Addict","og_description":"Minunat Morgan Roadster V6 3.0 din 2007 \u00een condi\u021bii excelente la licita\u021bie pe PistonAddict.com","og_url":"https:\/\/pistonaddict.com\/ro\/product\/morgan-roadster-v6-3-0\/","og_site_name":"Piston Addict","article_modified_time":"2024-03-20T08:44:08+00:00","og_image":[{"width":2560,"height":1707,"url":"https:\/\/pistonaddict.com\/wp-content\/uploads\/2023\/08\/DSC0169-scaled.jpg","type":"image\/jpeg"}],"twitter_card":"summary_large_image","twitter_misc":{"Timp estimat pentru citire":"4 minute"},"schema":{"@context":"https:\/\/schema.org","@graph":[{"@type":"WebPage","@id":"https:\/\/pistonaddict.com\/ro\/product\/morgan-roadster-v6-3-0\/","url":"https:\/\/pistonaddict.com\/ro\/product\/morgan-roadster-v6-3-0\/","name":"Morgan Roadster V6 3.0 licita\u021bie - Piston Addict","isPartOf":{"@id":"https:\/\/pistonaddict.com\/ro\/#website"},"primaryImageOfPage":{"@id":"https:\/\/pistonaddict.com\/ro\/product\/morgan-roadster-v6-3-0\/#primaryimage"},"image":{"@id":"https:\/\/pistonaddict.com\/ro\/product\/morgan-roadster-v6-3-0\/#primaryimage"},"thumbnailUrl":"https:\/\/pistonaddict.com\/wp-content\/uploads\/2023\/08\/DSC0169-scaled.jpg","datePublished":"2024-01-16T08:00:29+00:00","dateModified":"2024-03-20T08:44:08+00:00","description":"Minunat Morgan Roadster V6 3.0 din 2007 \u00een condi\u021bii excelente la licita\u021bie pe PistonAddict.com","breadcrumb":{"@id":"https:\/\/pistonaddict.com\/ro\/product\/morgan-roadster-v6-3-0\/#breadcrumb"},"inLanguage":"ro-RO","potentialAction":[{"@type":"ReadAction","target":["https:\/\/pistonaddict.com\/ro\/product\/morgan-roadster-v6-3-0\/"]}]},{"@type":"ImageObject","inLanguage":"ro-RO","@id":"https:\/\/pistonaddict.com\/ro\/product\/morgan-roadster-v6-3-0\/#primaryimage","url":"https:\/\/pistonaddict.com\/wp-content\/uploads\/2023\/08\/DSC0169-scaled.jpg","contentUrl":"https:\/\/pistonaddict.com\/wp-content\/uploads\/2023\/08\/DSC0169-scaled.jpg","width":2560,"height":1707},{"@type":"BreadcrumbList","@id":"https:\/\/pistonaddict.com\/ro\/product\/morgan-roadster-v6-3-0\/#breadcrumb","itemListElement":[{"@type":"ListItem","position":1,"name":"Pagina principala","item":"https:\/\/pistonaddict.com\/ro\/pagina-de-start\/"},{"@type":"ListItem","position":2,"name":"Auctions","item":"https:\/\/pistonaddict.com\/auctions-listing\/"},{"@type":"ListItem","position":3,"name":"Morgan Roadster V6 3.0"}]},{"@type":"WebSite","@id":"https:\/\/pistonaddict.com\/ro\/#website","url":"https:\/\/pistonaddict.com\/ro\/","name":"Piston Addict","description":"Only interesting vehicles","publisher":{"@id":"https:\/\/pistonaddict.com\/ro\/#organization"},"potentialAction":[{"@type":"SearchAction","target":{"@type":"EntryPoint","urlTemplate":"https:\/\/pistonaddict.com\/ro\/?s={search_term_string}"},"query-input":"required name=search_term_string"}],"inLanguage":"ro-RO"},{"@type":"Organization","@id":"https:\/\/pistonaddict.com\/ro\/#organization","name":"Piston Addict","url":"https:\/\/pistonaddict.com\/ro\/","logo":{"@type":"ImageObject","inLanguage":"ro-RO","@id":"https:\/\/pistonaddict.com\/ro\/#\/schema\/logo\/image\/","url":"https:\/\/pistonaddict.com\/wp-content\/uploads\/2022\/07\/logo-6.png","contentUrl":"https:\/\/pistonaddict.com\/wp-content\/uploads\/2022\/07\/logo-6.png","width":970,"height":200,"caption":"Piston Addict"},"image":{"@id":"https:\/\/pistonaddict.com\/ro\/#\/schema\/logo\/image\/"}}]}},"_links":{"self":[{"href":"https:\/\/pistonaddict.com\/ro\/wp-json\/wp\/v2\/product\/47838"}],"collection":[{"href":"https:\/\/pistonaddict.com\/ro\/wp-json\/wp\/v2\/product"}],"about":[{"href":"https:\/\/pistonaddict.com\/ro\/wp-json\/wp\/v2\/types\/product"}],"replies":[{"embeddable":true,"href":"https:\/\/pistonaddict.com\/ro\/wp-json\/wp\/v2\/comments?post=47838"}],"wp:featuredmedia":[{"embeddable":true,"href":"https:\/\/pistonaddict.com\/ro\/wp-json\/wp\/v2\/media\/46739"}],"wp:attachment":[{"href":"https:\/\/pistonaddict.com\/ro\/wp-json\/wp\/v2\/media?parent=47838"}],"wp:term":[{"taxonomy":"product_cat","embeddable":true,"href":"https:\/\/pistonaddict.com\/ro\/wp-json\/wp\/v2\/product_cat?post=47838"},{"taxonomy":"product_tag","embeddable":true,"href":"https:\/\/pistonaddict.com\/ro\/wp-json\/wp\/v2\/product_tag?post=47838"}],"curies":[{"name":"wp","href":"https:\/\/api.w.org\/{rel}","templated":true}]}}