{"id":46001,"date":"2023-06-16T15:02:15","date_gmt":"2023-06-16T13:02:15","guid":{"rendered":"https:\/\/pistonaddict.com\/product\/audi-r8-v10-red-dynamite\/"},"modified":"2023-12-20T09:46:55","modified_gmt":"2023-12-20T08:46:55","slug":"audi-r8-v10-red-dynamite","status":"publish","type":"product","link":"https:\/\/pistonaddict.com\/ro\/product\/audi-r8-v10-red-dynamite\/","title":{"rendered":"Audi R8 V10 Red Dynamite"},"content":{"rendered":"<h2>Exterior<\/h2>\n<p>Cu un finisaj ro\u0219u aprins \u0219i detalii negre, Vopsit \u00een ro\u0219u aprins, acest Audi R8 nu va trece neobservat oriunde va ap\u0103rea. \u00cen plus, elemente precum grila cromat\u0103 \u0219i capacele oglinzilor din fibr\u0103 de carbon nu fac dec\u00e2t s\u0103-i \u00eembun\u0103t\u0103\u021beasc\u0103 aspectul. Dar, sincer vorbind, R8 este o ma\u0219in\u0103 uimitoare \u00een orice culoare \u0219i indiferent de prezen\u021ba unor astfel de detalii.<\/p>\n<p>\u00cen concluzie, cu R8, designerii germani au reu\u0219it un amestec aproape perfect de agresivitate \u0219i subtilitate. Este greu de crezut c\u0103 dedesubt se afl\u0103 mai mult sau mai pu\u021bin Lamborgini Aventador, care este mult mai aspectuos \u0219i mai flamboaiant. A\u0219adar, dac\u0103 sunte\u021bi \u00een c\u0103utarea unei ma\u0219ini sport capabile, dar nu dori\u021bi s\u0103 ar\u0103ta\u021bi ca un fanfaron, R8 este unul dintre cele mai bune pariuri. Printre celelalte detalii demne de remarcat pe care le ofer\u0103 acest vehicul cu dou\u0103 locuri se num\u0103r\u0103 un spoiler spate masiv \u0219i jante de 20 de inch montate din fabric\u0103 cu anvelope Good Year Eagle nou-nou\u021be.<\/p>\n<h2>Interior<\/h2>\n<p>Interiorul acestui R8 este dominat de o combina\u021bie de piele neagr\u0103, cus\u0103turi ro\u0219ii \u0219i piese de finisare din fibr\u0103 de carbon. Scaunele, care arat\u0103 ca \u0219i cum abia au ie\u0219it din fabric\u0103, sunt de sus\u021binere \u0219i confortabile \u00een acela\u0219i timp. Apoi, exist\u0103 un volan cu 3 spi\u021be, \u00eembr\u0103cat \u00een piele, cu butoane de control pentru toate func\u021biile esen\u021biale. Pe l\u00e2ng\u0103 cele obi\u0219nuite, cum ar fi cele pentru computerul stereo sau cel de bord, acesta include butonul pentru selectarea modului de rulare, controlul lans\u0103rii \u0219i reglarea e\u0219apamentului.<\/p>\n<p>\u00cen spatele volanului se afl\u0103 un instrumentar de bord digital, care, pe l\u00e2ng\u0103 informa\u021biile de baz\u0103, poate afi\u0219a mult mai multe. Aceasta include sistemul de naviga\u021bie, camera de luat vederi din spate \u0219i sistemul stereo, care, apropo, este fabricat de celebrul Bang&amp;Olufsen.<\/p>\n<h2>Mecanic\u0103<\/h2>\n<p>Sub pielea subtil\u0103 \u0219i elegant\u0103, aceast\u0103 a doua genera\u021bie R8 are un \u0219asiu mai rigid \u0219i mai u\u0219or, realizat din aluminiu \u0219i fibr\u0103 de carbon. Dar cea mai important\u0103 parte a acestei ma\u0219ini este, \u00een mod previzibil, motorul s\u0103u, un puternic V10 de 5,2 litri. \u0218i, fiind ceea ce Audi nume\u0219te un model Plus, produce 610 cai putere \u0219i 560 Nm de cuplu, care sunt transmise la toate ro\u021bile prin intermediul unui sistem Quattro \u0219i al unei cutii automate cu 7 trepte. Cu toate acestea, acest R8 va merge de la 0 la 100 de km\/h \u00een aproximativ 3 secunde \u0219i va atinge o vitez\u0103 maxim\u0103 de 329 km\/h. Iar pentru a asigura o putere de fr\u00e2nare pe m\u0103sura acestei viteze, exist\u0103 fr\u00e2ne masive peste tot.<\/p>\n<h2>Istoria vehiculului<\/h2>\n<p>Potrivit v\u00e2nz\u0103torului, acest Audi R8 a fost revizuit ultima dat\u0103 \u00een octombrie 2022, \u00een timp ce fr\u00e2nele au fost revizuite \u00een urm\u0103 cu doar c\u00e2teva zile. \u00cen plus, nu exist\u0103 defec\u021biuni sau avertismente cunoscute pe tabloul de bord. \u00cen cele din urm\u0103, judec\u00e2nd dup\u0103 fotografiile furnizate, nu exist\u0103 imperfec\u021biuni ale caroseriei care s\u0103 fie semnalate.<\/p>\n<p>&nbsp;<\/p>\n<p><strong>Pentru a putea accesa licita\u021bia acestui autovehicul premium este necesar\u0103 amprentarea\/re\u021binerea unui card de credit.<\/strong><\/p>\n","protected":false},"excerpt":{"rendered":"<p>Automobilul scos la v\u00e2nzare aici este, f\u0103r\u0103 \u00eendoial\u0103, unul dintre cele mai performante modele din clasa sa &#8211; emblematicul Audi R8. A fost, \u0219i \u00eenc\u0103 este, prima \u00eencercare a produc\u0103torului din Ingolstadt pe pia\u021ba supercarurilor, care s-a dovedit a fi un succes uria\u0219. Potrivit v\u00e2nz\u0103torului, acest vehicul este complet \u00eentre\u021binut \u0219i nu a avut niciun accident, cu un raport CarVertical corespunz\u0103tor care sus\u021bine acest lucru. \u00cen plus, a parcurs p\u00e2n\u0103 acum mai pu\u021bin de 50.000 de km, ceea ce nu este prea mult pentru o astfel de ma\u0219in\u0103. \u00cen cele din urm\u0103, acest <strong>Audi R8 V10 plus Quattro <\/strong>din 2015 se afl\u0103 \u00een prezent \u00een Belgia, unde a fost \u00eenmatriculat \u00eenc\u0103 de c\u00e2nd era nou. Pute\u021bi face o ofert\u0103 pentru aceast\u0103 ma\u0219in\u0103 <a href=\"https:\/\/pistonaddict.com\/contact-us\/\">contact\u00e2ndu-ne<\/a>.<\/p>\n","protected":false},"featured_media":43357,"comment_status":"open","ping_status":"closed","template":"","meta":{"inline_featured_image":false},"product_cat":[744],"product_tag":[1948,1949,934],"acf":[],"yoast_head":"<!-- This site is optimized with the Yoast SEO plugin v22.5 - https:\/\/yoast.com\/wordpress\/plugins\/seo\/ -->\n<title>Audi R8 V10 Red Dynamite licita\u021bie - Piston Addict<\/title>\n<meta name=\"description\" content=\"Ma\u0219ina scoas\u0103 la licita\u021bie aici este, f\u0103r\u0103 \u00eendoial\u0103, unul dintre cele mai performante modele din clasa sa - emblematicul Audi R8 V10.\" \/>\n<meta name=\"robots\" content=\"index, follow, max-snippet:-1, max-image-preview:large, max-video-preview:-1\" \/>\n<link rel=\"canonical\" href=\"https:\/\/pistonaddict.com\/ro\/product\/audi-r8-v10-red-dynamite\/\" \/>\n<meta property=\"og:locale\" content=\"ro_RO\" \/>\n<meta property=\"og:type\" content=\"article\" \/>\n<meta property=\"og:title\" content=\"Audi R8 V10 Red Dynamite licita\u021bie - Piston Addict\" \/>\n<meta property=\"og:description\" content=\"Ma\u0219ina scoas\u0103 la licita\u021bie aici este, f\u0103r\u0103 \u00eendoial\u0103, unul dintre cele mai performante modele din clasa sa - emblematicul Audi R8 V10.\" \/>\n<meta property=\"og:url\" content=\"https:\/\/pistonaddict.com\/ro\/product\/audi-r8-v10-red-dynamite\/\" \/>\n<meta property=\"og:site_name\" content=\"Piston Addict\" \/>\n<meta property=\"article:modified_time\" content=\"2023-12-20T08:46:55+00:00\" \/>\n<meta property=\"og:image\" content=\"https:\/\/pistonaddict.com\/wp-content\/uploads\/2023\/06\/DSC_0412.jpg\" \/>\n\t<meta property=\"og:image:width\" content=\"2048\" \/>\n\t<meta property=\"og:image:height\" content=\"1365\" \/>\n\t<meta property=\"og:image:type\" content=\"image\/jpeg\" \/>\n<meta name=\"twitter:card\" content=\"summary_large_image\" \/>\n<meta name=\"twitter:label1\" content=\"Timp estimat pentru citire\" \/>\n\t<meta name=\"twitter:data1\" content=\"3 minute\" \/>\n<script type=\"application\/ld+json\" class=\"yoast-schema-graph\">{\"@context\":\"https:\/\/schema.org\",\"@graph\":[{\"@type\":\"WebPage\",\"@id\":\"https:\/\/pistonaddict.com\/ro\/product\/audi-r8-v10-red-dynamite\/\",\"url\":\"https:\/\/pistonaddict.com\/ro\/product\/audi-r8-v10-red-dynamite\/\",\"name\":\"Audi R8 V10 Red Dynamite licita\u021bie - Piston Addict\",\"isPartOf\":{\"@id\":\"https:\/\/pistonaddict.com\/ro\/#website\"},\"primaryImageOfPage\":{\"@id\":\"https:\/\/pistonaddict.com\/ro\/product\/audi-r8-v10-red-dynamite\/#primaryimage\"},\"image\":{\"@id\":\"https:\/\/pistonaddict.com\/ro\/product\/audi-r8-v10-red-dynamite\/#primaryimage\"},\"thumbnailUrl\":\"https:\/\/pistonaddict.com\/wp-content\/uploads\/2023\/06\/DSC_0412.jpg\",\"datePublished\":\"2023-06-16T13:02:15+00:00\",\"dateModified\":\"2023-12-20T08:46:55+00:00\",\"description\":\"Ma\u0219ina scoas\u0103 la licita\u021bie aici este, f\u0103r\u0103 \u00eendoial\u0103, unul dintre cele mai performante modele din clasa sa - emblematicul Audi R8 V10.\",\"breadcrumb\":{\"@id\":\"https:\/\/pistonaddict.com\/ro\/product\/audi-r8-v10-red-dynamite\/#breadcrumb\"},\"inLanguage\":\"ro-RO\",\"potentialAction\":[{\"@type\":\"ReadAction\",\"target\":[\"https:\/\/pistonaddict.com\/ro\/product\/audi-r8-v10-red-dynamite\/\"]}]},{\"@type\":\"ImageObject\",\"inLanguage\":\"ro-RO\",\"@id\":\"https:\/\/pistonaddict.com\/ro\/product\/audi-r8-v10-red-dynamite\/#primaryimage\",\"url\":\"https:\/\/pistonaddict.com\/wp-content\/uploads\/2023\/06\/DSC_0412.jpg\",\"contentUrl\":\"https:\/\/pistonaddict.com\/wp-content\/uploads\/2023\/06\/DSC_0412.jpg\",\"width\":2048,\"height\":1365},{\"@type\":\"BreadcrumbList\",\"@id\":\"https:\/\/pistonaddict.com\/ro\/product\/audi-r8-v10-red-dynamite\/#breadcrumb\",\"itemListElement\":[{\"@type\":\"ListItem\",\"position\":1,\"name\":\"Pagina principala\",\"item\":\"https:\/\/pistonaddict.com\/ro\/pagina-de-start\/\"},{\"@type\":\"ListItem\",\"position\":2,\"name\":\"Auctions\",\"item\":\"https:\/\/pistonaddict.com\/auctions-listing\/\"},{\"@type\":\"ListItem\",\"position\":3,\"name\":\"Audi R8 V10 Red Dynamite\"}]},{\"@type\":\"WebSite\",\"@id\":\"https:\/\/pistonaddict.com\/ro\/#website\",\"url\":\"https:\/\/pistonaddict.com\/ro\/\",\"name\":\"Piston Addict\",\"description\":\"Only interesting vehicles\",\"publisher\":{\"@id\":\"https:\/\/pistonaddict.com\/ro\/#organization\"},\"potentialAction\":[{\"@type\":\"SearchAction\",\"target\":{\"@type\":\"EntryPoint\",\"urlTemplate\":\"https:\/\/pistonaddict.com\/ro\/?s={search_term_string}\"},\"query-input\":\"required name=search_term_string\"}],\"inLanguage\":\"ro-RO\"},{\"@type\":\"Organization\",\"@id\":\"https:\/\/pistonaddict.com\/ro\/#organization\",\"name\":\"Piston Addict\",\"url\":\"https:\/\/pistonaddict.com\/ro\/\",\"logo\":{\"@type\":\"ImageObject\",\"inLanguage\":\"ro-RO\",\"@id\":\"https:\/\/pistonaddict.com\/ro\/#\/schema\/logo\/image\/\",\"url\":\"https:\/\/pistonaddict.com\/wp-content\/uploads\/2022\/07\/logo-6.png\",\"contentUrl\":\"https:\/\/pistonaddict.com\/wp-content\/uploads\/2022\/07\/logo-6.png\",\"width\":970,\"height\":200,\"caption\":\"Piston Addict\"},\"image\":{\"@id\":\"https:\/\/pistonaddict.com\/ro\/#\/schema\/logo\/image\/\"}}]}<\/script>\n<!-- \/ Yoast SEO plugin. -->","yoast_head_json":{"title":"Audi R8 V10 Red Dynamite licita\u021bie - Piston Addict","description":"Ma\u0219ina scoas\u0103 la licita\u021bie aici este, f\u0103r\u0103 \u00eendoial\u0103, unul dintre cele mai performante modele din clasa sa - emblematicul Audi R8 V10.","robots":{"index":"index","follow":"follow","max-snippet":"max-snippet:-1","max-image-preview":"max-image-preview:large","max-video-preview":"max-video-preview:-1"},"canonical":"https:\/\/pistonaddict.com\/ro\/product\/audi-r8-v10-red-dynamite\/","og_locale":"ro_RO","og_type":"article","og_title":"Audi R8 V10 Red Dynamite licita\u021bie - Piston Addict","og_description":"Ma\u0219ina scoas\u0103 la licita\u021bie aici este, f\u0103r\u0103 \u00eendoial\u0103, unul dintre cele mai performante modele din clasa sa - emblematicul Audi R8 V10.","og_url":"https:\/\/pistonaddict.com\/ro\/product\/audi-r8-v10-red-dynamite\/","og_site_name":"Piston Addict","article_modified_time":"2023-12-20T08:46:55+00:00","og_image":[{"width":2048,"height":1365,"url":"https:\/\/pistonaddict.com\/wp-content\/uploads\/2023\/06\/DSC_0412.jpg","type":"image\/jpeg"}],"twitter_card":"summary_large_image","twitter_misc":{"Timp estimat pentru citire":"3 minute"},"schema":{"@context":"https:\/\/schema.org","@graph":[{"@type":"WebPage","@id":"https:\/\/pistonaddict.com\/ro\/product\/audi-r8-v10-red-dynamite\/","url":"https:\/\/pistonaddict.com\/ro\/product\/audi-r8-v10-red-dynamite\/","name":"Audi R8 V10 Red Dynamite licita\u021bie - Piston Addict","isPartOf":{"@id":"https:\/\/pistonaddict.com\/ro\/#website"},"primaryImageOfPage":{"@id":"https:\/\/pistonaddict.com\/ro\/product\/audi-r8-v10-red-dynamite\/#primaryimage"},"image":{"@id":"https:\/\/pistonaddict.com\/ro\/product\/audi-r8-v10-red-dynamite\/#primaryimage"},"thumbnailUrl":"https:\/\/pistonaddict.com\/wp-content\/uploads\/2023\/06\/DSC_0412.jpg","datePublished":"2023-06-16T13:02:15+00:00","dateModified":"2023-12-20T08:46:55+00:00","description":"Ma\u0219ina scoas\u0103 la licita\u021bie aici este, f\u0103r\u0103 \u00eendoial\u0103, unul dintre cele mai performante modele din clasa sa - emblematicul Audi R8 V10.","breadcrumb":{"@id":"https:\/\/pistonaddict.com\/ro\/product\/audi-r8-v10-red-dynamite\/#breadcrumb"},"inLanguage":"ro-RO","potentialAction":[{"@type":"ReadAction","target":["https:\/\/pistonaddict.com\/ro\/product\/audi-r8-v10-red-dynamite\/"]}]},{"@type":"ImageObject","inLanguage":"ro-RO","@id":"https:\/\/pistonaddict.com\/ro\/product\/audi-r8-v10-red-dynamite\/#primaryimage","url":"https:\/\/pistonaddict.com\/wp-content\/uploads\/2023\/06\/DSC_0412.jpg","contentUrl":"https:\/\/pistonaddict.com\/wp-content\/uploads\/2023\/06\/DSC_0412.jpg","width":2048,"height":1365},{"@type":"BreadcrumbList","@id":"https:\/\/pistonaddict.com\/ro\/product\/audi-r8-v10-red-dynamite\/#breadcrumb","itemListElement":[{"@type":"ListItem","position":1,"name":"Pagina principala","item":"https:\/\/pistonaddict.com\/ro\/pagina-de-start\/"},{"@type":"ListItem","position":2,"name":"Auctions","item":"https:\/\/pistonaddict.com\/auctions-listing\/"},{"@type":"ListItem","position":3,"name":"Audi R8 V10 Red Dynamite"}]},{"@type":"WebSite","@id":"https:\/\/pistonaddict.com\/ro\/#website","url":"https:\/\/pistonaddict.com\/ro\/","name":"Piston Addict","description":"Only interesting vehicles","publisher":{"@id":"https:\/\/pistonaddict.com\/ro\/#organization"},"potentialAction":[{"@type":"SearchAction","target":{"@type":"EntryPoint","urlTemplate":"https:\/\/pistonaddict.com\/ro\/?s={search_term_string}"},"query-input":"required name=search_term_string"}],"inLanguage":"ro-RO"},{"@type":"Organization","@id":"https:\/\/pistonaddict.com\/ro\/#organization","name":"Piston Addict","url":"https:\/\/pistonaddict.com\/ro\/","logo":{"@type":"ImageObject","inLanguage":"ro-RO","@id":"https:\/\/pistonaddict.com\/ro\/#\/schema\/logo\/image\/","url":"https:\/\/pistonaddict.com\/wp-content\/uploads\/2022\/07\/logo-6.png","contentUrl":"https:\/\/pistonaddict.com\/wp-content\/uploads\/2022\/07\/logo-6.png","width":970,"height":200,"caption":"Piston Addict"},"image":{"@id":"https:\/\/pistonaddict.com\/ro\/#\/schema\/logo\/image\/"}}]}},"_links":{"self":[{"href":"https:\/\/pistonaddict.com\/ro\/wp-json\/wp\/v2\/product\/46001"}],"collection":[{"href":"https:\/\/pistonaddict.com\/ro\/wp-json\/wp\/v2\/product"}],"about":[{"href":"https:\/\/pistonaddict.com\/ro\/wp-json\/wp\/v2\/types\/product"}],"replies":[{"embeddable":true,"href":"https:\/\/pistonaddict.com\/ro\/wp-json\/wp\/v2\/comments?post=46001"}],"wp:featuredmedia":[{"embeddable":true,"href":"https:\/\/pistonaddict.com\/ro\/wp-json\/wp\/v2\/media\/43357"}],"wp:attachment":[{"href":"https:\/\/pistonaddict.com\/ro\/wp-json\/wp\/v2\/media?parent=46001"}],"wp:term":[{"taxonomy":"product_cat","embeddable":true,"href":"https:\/\/pistonaddict.com\/ro\/wp-json\/wp\/v2\/product_cat?post=46001"},{"taxonomy":"product_tag","embeddable":true,"href":"https:\/\/pistonaddict.com\/ro\/wp-json\/wp\/v2\/product_tag?post=46001"}],"curies":[{"name":"wp","href":"https:\/\/api.w.org\/{rel}","templated":true}]}}