{"id":41969,"date":"2023-06-12T14:22:37","date_gmt":"2023-06-12T12:22:37","guid":{"rendered":"https:\/\/pistonaddict.com\/product\/audi-r8-4-2-fsi-v8\/"},"modified":"2024-03-20T09:15:26","modified_gmt":"2024-03-20T08:15:26","slug":"audi-r8-4-2-fsi-v8","status":"publish","type":"product","link":"https:\/\/pistonaddict.com\/ro\/product\/audi-r8-4-2-fsi-v8\/","title":{"rendered":"Audi R8 4.2 FSI V8"},"content":{"rendered":"<p><strong>Istoria modelului<\/strong><\/p>\n<p>R8 a f\u0103cut senza\u021bie atunci c\u00e2nd a fost lansat \u00een 2007 \u0219i nu numai c\u0103 a fost primul supercar de la Audi, dar a avut un succes incredibil datorit\u0103 designului s\u0103u atemporal \u0219i a unui tren de rulare fantastic, format dintr-un V8 cu tura\u021bie mare (ulterior V10) \u0219i celebrul sistem de trac\u021biune integral\u0103 Quattro. Apari\u021bia lui R8 i-a f\u0103cut pe concuren\u021bi s\u0103 fie foarte nervo\u0219i, deoarece clien\u021bii aveau \u00een sf\u00e2r\u0219it posibilitatea de a cump\u0103ra o ma\u0219in\u0103 foarte capabil\u0103, cu trac\u021biune AWD \u0219i calitate Audi. Acesta este motivul pentru care prima genera\u021bie R8 a avut un succes enorm, cu aproape 30.000 de exemplare fabricate. Acest exemplar particular este modelul 2014, ceea ce \u00eenseamn\u0103 c\u0103 este o versiune mai t\u00e2rzie \u0219i mai dezirabil\u0103, care a beneficiat de o u\u0219oar\u0103 restilizare, caracteristici mai bune \u0219i o mecanic\u0103 rafinat\u0103. Puterea este asigurat\u0103 de un motor V8 FSI de 4,2 litri, care dezvolt\u0103 430 CP \u0219i \u00eei trimite la toate cele patru ro\u021bi prin intermediul unei transmisii automate cu dublu ambreiaj S Tronic cu 7 trepte. Aceast\u0103 combina\u021bie este capabil\u0103 de un timp de 4,2 secunde de la 0 la 100 km\/h \u0219i o vitez\u0103 maxim\u0103 de pu\u021bin peste 300 km\/h, ceea ce plaseaz\u0103 R8 \u00een categoria supercarurilor.<\/p>\n<p><strong>Stare<\/strong><\/p>\n<p>Cu doar 43.649 km pe odometru, acest R8 se afl\u0103 \u00een stare ideal\u0103. A fost livrat pentru prima dat\u0103 la sf\u00e2r\u0219itul anului 2014 proprietarului s\u0103u ini\u021bial din Olanda, iar actualii proprietari l-au achizi\u021bionat \u00een 2021. Acest Audi R8 nu a fost folosit niciodat\u0103 pe circuit \u0219i a fost \u00eentre\u021binut \u00een mod regulat cu \u00eenregistr\u0103ri de service furnizate de v\u00e2nz\u0103tor. De asemenea, acest exemplu este complet standard, f\u0103r\u0103 modific\u0103ri sau complet\u0103ri inutile. Toate echipamentele \u0219i caracteristicile din fabric\u0103 sunt prezente \u0219i func\u021bionale. Ultima revizie, \u00eempreun\u0103 cu schimbarea uleiului, a fost efectuat\u0103 la sf\u00e2r\u0219itul lunii octombrie 2022, iar fr\u00e2nele au fost revizuite \u00een iunie 2023. A\u0219a-numita revizie &#8220;de lung\u0103 durat\u0103&#8221; a fost finalizat\u0103, iar bujiile au fost \u00eenlocuite. <strong>Acest R8 este acoperit de o garan\u021bie Bovag de 6 luni<\/strong>, ceea ce nu face dec\u00e2t s\u0103 arate c\u0103 este \u00eentr-o stare impecabil\u0103.<\/p>\n<p><strong>Exterior \u0219i ro\u021bi<\/strong><\/p>\n<p>Vopsit \u00een eleganta culoare Panther Black, acest R8 beneficiaz\u0103 de un pachet carbon op\u021bional cu inser\u021bii exterioare \u0219i interioare din fibr\u0103 de carbon. Caroseria ma\u0219inii nu prezint\u0103 daune, zg\u00e2rieturi sau decolor\u0103ri, iar vopseaua este \u00een stare perfect\u0103. Singurul lucru care a fost atins la exteriorul acestui R8 este trapa reparat\u0103 a rezervorului (u\u0219a capacului de combustibil) care a fost executat\u0103 de c\u0103tre dealerul certificat (factur\u0103 pe 5 mai 2021). Aspectul este \u00eembun\u0103t\u0103\u021bit de jantele op\u021bionale de 20 de inch, \u00eembr\u0103cate \u00een anvelope Pirelli P Zero.<\/p>\n<p><strong>Interior<\/strong><\/p>\n<p>Acoperit cu o combina\u021bie de piele neagr\u0103 asortat\u0103 \u0219i Alcantara, interiorul nu prezint\u0103 semne de uzur\u0103 \u0219i are inser\u021bii din fibr\u0103 de carbon ca parte a pachetului de finisaje din fabric\u0103. Scaunele au o func\u021bie de \u00eenc\u0103lzire op\u021bional\u0103, iar toate sistemele (audio, infotainment, HVAC) sunt \u00een perfect\u0103 stare de func\u021bionare. Ca parte a listei de dot\u0103ri, merit\u0103 men\u021bionat faptul c\u0103 acest R8 dispune de cruise control, \u0219terg\u0103toare cu senzor de ploaie, sistem audio Bang and Olufsen, oglinzi retrovizoare cu autocentrare, sistem de naviga\u021bie, iluminare LED \u0219i multe altele.<\/p>\n<p><strong>Documenta\u021bie<\/strong><\/p>\n<p>Acest vehicul second-hand cu documente corespunz\u0103toare se afl\u0103 \u00een Olanda. Raportul CarFax este curat, nu exist\u0103 probleme legale. Exist\u0103 \u00eenregistr\u0103ri privind \u00eentre\u021binerea periodic\u0103 \u0219i c\u00e2teva repara\u021bii minore. Este foarte important s\u0103 men\u021bion\u0103m c\u0103 acest Audi R8 are o restituire BPM. Rambursarea BPM este o rambursare a impozitului olandez de lux pentru export. <strong> Aceasta \u00eenseamn\u0103 c\u0103, dac\u0103 cump\u0103r\u0103torul se afl\u0103 \u00een orice alt\u0103 \u021bar\u0103 din Uniunea European\u0103 (cu excep\u021bia Olandei) \u0219i \u00eenmatriculeaz\u0103 aceast\u0103 ma\u0219in\u0103 \u00een \u021bara sa de origine \u00een termen de 13 s\u0103pt\u0103m\u00e2ni de la cump\u0103rare, cump\u0103r\u0103torul va primi \u00eenapoi 5 967 de euro<\/strong>, ceea ce este foarte convenabil.<br \/>\nConsulta\u021bi <a href=\"https:\/\/pistonaddict.com\/wp-content\/uploads\/2023\/06\/CARFAX-Vehicle-History-Report-AUDI-R8.pdf\">CarFax-ul acestui Audi R8<\/a>.<\/p>\n<p><strong>Pentru a putea accesa licita\u021bia acestui vehicul premium este necesar\u0103 o amprent\u0103\/re\u021binere a cardului de credit (eliberat\u0103 automat).<\/strong><\/p>\n<p>Vezi aici videoclipul cu pornirea la rece a acestui superb Audi R8:<\/p>\n<p><iframe title=\"Cold Start video of the Audi R8 4.2 FSI V8 on auction sale\" width=\"1200\" height=\"675\" src=\"https:\/\/www.youtube.com\/embed\/GyBid0aFEiA?feature=oembed\" frameborder=\"0\" allow=\"accelerometer; autoplay; clipboard-write; encrypted-media; gyroscope; picture-in-picture; web-share\" allowfullscreen><\/iframe><\/p>\n","protected":false},"excerpt":{"rendered":"<p>Ve\u021bi auzi deseori termenul &#8220;supercar de zi cu zi&#8221;; cu toate acestea, foarte pu\u021bine ma\u0219ini vor oferi performan\u021be conving\u0103toare, utilizare \u0219i fiabilitate \u00een utilizarea zilnic\u0103. Audi R8 2014 este o adev\u0103rat\u0103 bijuterie. Cu puternicul s\u0103u V8 de 4,2 litri, interiorul bine dotat \u0219i dinamica perfect\u0103 de condus, este ma\u0219ina de care v\u0103 pute\u021bi bucura zilnic \u0219i care v\u0103 ofer\u0103 toate avantajele unui supercar de ras\u0103. Pute\u021bi face o ofert\u0103 pentru aceast\u0103 ma\u0219in\u0103 <a href=\"https:\/\/pistonaddict.com\/contact-us\/\">contact\u00e2ndu-ne<\/a>.<\/p>\n","protected":false},"featured_media":41846,"comment_status":"open","ping_status":"closed","template":"","meta":{"inline_featured_image":false},"product_cat":[744],"product_tag":[1886,1882,934],"acf":[],"yoast_head":"<!-- This site is optimized with the Yoast SEO plugin v22.5 - https:\/\/yoast.com\/wordpress\/plugins\/seo\/ -->\n<title>Audi R8 4.2 FSI V8 licita\u021bie - Piston Addict<\/title>\n<meta name=\"description\" content=\"Acest Audi R8 este modelul 2014, ceea ce \u00eenseamn\u0103 c\u0103 este o versiune ulterioar\u0103 \u0219i mai dezirabil\u0103, care a beneficiat de o u\u0219oar\u0103 restilizare, dot\u0103ri mai bune \u0219i o mecanic\u0103 rafinat\u0103. Puterea este asigurat\u0103 de un motor V8 FSI de 4,2 litri, care dezvolt\u0103 430 CP \u0219i \u00eei trimite la toate cele patru ro\u021bi prin intermediul unei transmisii automate cu dublu ambreiaj S Tronic cu 7 trepte.\" \/>\n<meta name=\"robots\" content=\"index, follow, max-snippet:-1, max-image-preview:large, max-video-preview:-1\" \/>\n<link rel=\"canonical\" href=\"https:\/\/pistonaddict.com\/ro\/product\/audi-r8-4-2-fsi-v8\/\" \/>\n<meta property=\"og:locale\" content=\"ro_RO\" \/>\n<meta property=\"og:type\" content=\"article\" \/>\n<meta property=\"og:title\" content=\"Audi R8 4.2 FSI V8 licita\u021bie - Piston Addict\" \/>\n<meta property=\"og:description\" content=\"Acest Audi R8 este modelul 2014, ceea ce \u00eenseamn\u0103 c\u0103 este o versiune ulterioar\u0103 \u0219i mai dezirabil\u0103, care a beneficiat de o u\u0219oar\u0103 restilizare, dot\u0103ri mai bune \u0219i o mecanic\u0103 rafinat\u0103. Puterea este asigurat\u0103 de un motor V8 FSI de 4,2 litri, care dezvolt\u0103 430 CP \u0219i \u00eei trimite la toate cele patru ro\u021bi prin intermediul unei transmisii automate cu dublu ambreiaj S Tronic cu 7 trepte.\" \/>\n<meta property=\"og:url\" content=\"https:\/\/pistonaddict.com\/ro\/product\/audi-r8-4-2-fsi-v8\/\" \/>\n<meta property=\"og:site_name\" content=\"Piston Addict\" \/>\n<meta property=\"article:modified_time\" content=\"2024-03-20T08:15:26+00:00\" \/>\n<meta property=\"og:image\" content=\"https:\/\/pistonaddict.com\/wp-content\/uploads\/2023\/06\/foto-5.jpg\" \/>\n\t<meta property=\"og:image:width\" content=\"1024\" \/>\n\t<meta property=\"og:image:height\" content=\"683\" \/>\n\t<meta property=\"og:image:type\" content=\"image\/jpeg\" \/>\n<meta name=\"twitter:card\" content=\"summary_large_image\" \/>\n<meta name=\"twitter:label1\" content=\"Timp estimat pentru citire\" \/>\n\t<meta name=\"twitter:data1\" content=\"4 minute\" \/>\n<script type=\"application\/ld+json\" class=\"yoast-schema-graph\">{\"@context\":\"https:\/\/schema.org\",\"@graph\":[{\"@type\":\"WebPage\",\"@id\":\"https:\/\/pistonaddict.com\/ro\/product\/audi-r8-4-2-fsi-v8\/\",\"url\":\"https:\/\/pistonaddict.com\/ro\/product\/audi-r8-4-2-fsi-v8\/\",\"name\":\"Audi R8 4.2 FSI V8 licita\u021bie - Piston Addict\",\"isPartOf\":{\"@id\":\"https:\/\/pistonaddict.com\/ro\/#website\"},\"primaryImageOfPage\":{\"@id\":\"https:\/\/pistonaddict.com\/ro\/product\/audi-r8-4-2-fsi-v8\/#primaryimage\"},\"image\":{\"@id\":\"https:\/\/pistonaddict.com\/ro\/product\/audi-r8-4-2-fsi-v8\/#primaryimage\"},\"thumbnailUrl\":\"https:\/\/pistonaddict.com\/wp-content\/uploads\/2023\/06\/foto-5.jpg\",\"datePublished\":\"2023-06-12T12:22:37+00:00\",\"dateModified\":\"2024-03-20T08:15:26+00:00\",\"description\":\"Acest Audi R8 este modelul 2014, ceea ce \u00eenseamn\u0103 c\u0103 este o versiune ulterioar\u0103 \u0219i mai dezirabil\u0103, care a beneficiat de o u\u0219oar\u0103 restilizare, dot\u0103ri mai bune \u0219i o mecanic\u0103 rafinat\u0103. Puterea este asigurat\u0103 de un motor V8 FSI de 4,2 litri, care dezvolt\u0103 430 CP \u0219i \u00eei trimite la toate cele patru ro\u021bi prin intermediul unei transmisii automate cu dublu ambreiaj S Tronic cu 7 trepte.\",\"breadcrumb\":{\"@id\":\"https:\/\/pistonaddict.com\/ro\/product\/audi-r8-4-2-fsi-v8\/#breadcrumb\"},\"inLanguage\":\"ro-RO\",\"potentialAction\":[{\"@type\":\"ReadAction\",\"target\":[\"https:\/\/pistonaddict.com\/ro\/product\/audi-r8-4-2-fsi-v8\/\"]}]},{\"@type\":\"ImageObject\",\"inLanguage\":\"ro-RO\",\"@id\":\"https:\/\/pistonaddict.com\/ro\/product\/audi-r8-4-2-fsi-v8\/#primaryimage\",\"url\":\"https:\/\/pistonaddict.com\/wp-content\/uploads\/2023\/06\/foto-5.jpg\",\"contentUrl\":\"https:\/\/pistonaddict.com\/wp-content\/uploads\/2023\/06\/foto-5.jpg\",\"width\":1024,\"height\":683},{\"@type\":\"BreadcrumbList\",\"@id\":\"https:\/\/pistonaddict.com\/ro\/product\/audi-r8-4-2-fsi-v8\/#breadcrumb\",\"itemListElement\":[{\"@type\":\"ListItem\",\"position\":1,\"name\":\"Pagina principala\",\"item\":\"https:\/\/pistonaddict.com\/ro\/pagina-de-start\/\"},{\"@type\":\"ListItem\",\"position\":2,\"name\":\"Auctions\",\"item\":\"https:\/\/pistonaddict.com\/auctions-listing\/\"},{\"@type\":\"ListItem\",\"position\":3,\"name\":\"Audi R8 4.2 FSI V8\"}]},{\"@type\":\"WebSite\",\"@id\":\"https:\/\/pistonaddict.com\/ro\/#website\",\"url\":\"https:\/\/pistonaddict.com\/ro\/\",\"name\":\"Piston Addict\",\"description\":\"Only interesting vehicles\",\"publisher\":{\"@id\":\"https:\/\/pistonaddict.com\/ro\/#organization\"},\"potentialAction\":[{\"@type\":\"SearchAction\",\"target\":{\"@type\":\"EntryPoint\",\"urlTemplate\":\"https:\/\/pistonaddict.com\/ro\/?s={search_term_string}\"},\"query-input\":\"required name=search_term_string\"}],\"inLanguage\":\"ro-RO\"},{\"@type\":\"Organization\",\"@id\":\"https:\/\/pistonaddict.com\/ro\/#organization\",\"name\":\"Piston Addict\",\"url\":\"https:\/\/pistonaddict.com\/ro\/\",\"logo\":{\"@type\":\"ImageObject\",\"inLanguage\":\"ro-RO\",\"@id\":\"https:\/\/pistonaddict.com\/ro\/#\/schema\/logo\/image\/\",\"url\":\"https:\/\/pistonaddict.com\/wp-content\/uploads\/2022\/07\/logo-6.png\",\"contentUrl\":\"https:\/\/pistonaddict.com\/wp-content\/uploads\/2022\/07\/logo-6.png\",\"width\":970,\"height\":200,\"caption\":\"Piston Addict\"},\"image\":{\"@id\":\"https:\/\/pistonaddict.com\/ro\/#\/schema\/logo\/image\/\"}}]}<\/script>\n<!-- \/ Yoast SEO plugin. -->","yoast_head_json":{"title":"Audi R8 4.2 FSI V8 licita\u021bie - Piston Addict","description":"Acest Audi R8 este modelul 2014, ceea ce \u00eenseamn\u0103 c\u0103 este o versiune ulterioar\u0103 \u0219i mai dezirabil\u0103, care a beneficiat de o u\u0219oar\u0103 restilizare, dot\u0103ri mai bune \u0219i o mecanic\u0103 rafinat\u0103. Puterea este asigurat\u0103 de un motor V8 FSI de 4,2 litri, care dezvolt\u0103 430 CP \u0219i \u00eei trimite la toate cele patru ro\u021bi prin intermediul unei transmisii automate cu dublu ambreiaj S Tronic cu 7 trepte.","robots":{"index":"index","follow":"follow","max-snippet":"max-snippet:-1","max-image-preview":"max-image-preview:large","max-video-preview":"max-video-preview:-1"},"canonical":"https:\/\/pistonaddict.com\/ro\/product\/audi-r8-4-2-fsi-v8\/","og_locale":"ro_RO","og_type":"article","og_title":"Audi R8 4.2 FSI V8 licita\u021bie - Piston Addict","og_description":"Acest Audi R8 este modelul 2014, ceea ce \u00eenseamn\u0103 c\u0103 este o versiune ulterioar\u0103 \u0219i mai dezirabil\u0103, care a beneficiat de o u\u0219oar\u0103 restilizare, dot\u0103ri mai bune \u0219i o mecanic\u0103 rafinat\u0103. Puterea este asigurat\u0103 de un motor V8 FSI de 4,2 litri, care dezvolt\u0103 430 CP \u0219i \u00eei trimite la toate cele patru ro\u021bi prin intermediul unei transmisii automate cu dublu ambreiaj S Tronic cu 7 trepte.","og_url":"https:\/\/pistonaddict.com\/ro\/product\/audi-r8-4-2-fsi-v8\/","og_site_name":"Piston Addict","article_modified_time":"2024-03-20T08:15:26+00:00","og_image":[{"width":1024,"height":683,"url":"https:\/\/pistonaddict.com\/wp-content\/uploads\/2023\/06\/foto-5.jpg","type":"image\/jpeg"}],"twitter_card":"summary_large_image","twitter_misc":{"Timp estimat pentru citire":"4 minute"},"schema":{"@context":"https:\/\/schema.org","@graph":[{"@type":"WebPage","@id":"https:\/\/pistonaddict.com\/ro\/product\/audi-r8-4-2-fsi-v8\/","url":"https:\/\/pistonaddict.com\/ro\/product\/audi-r8-4-2-fsi-v8\/","name":"Audi R8 4.2 FSI V8 licita\u021bie - Piston Addict","isPartOf":{"@id":"https:\/\/pistonaddict.com\/ro\/#website"},"primaryImageOfPage":{"@id":"https:\/\/pistonaddict.com\/ro\/product\/audi-r8-4-2-fsi-v8\/#primaryimage"},"image":{"@id":"https:\/\/pistonaddict.com\/ro\/product\/audi-r8-4-2-fsi-v8\/#primaryimage"},"thumbnailUrl":"https:\/\/pistonaddict.com\/wp-content\/uploads\/2023\/06\/foto-5.jpg","datePublished":"2023-06-12T12:22:37+00:00","dateModified":"2024-03-20T08:15:26+00:00","description":"Acest Audi R8 este modelul 2014, ceea ce \u00eenseamn\u0103 c\u0103 este o versiune ulterioar\u0103 \u0219i mai dezirabil\u0103, care a beneficiat de o u\u0219oar\u0103 restilizare, dot\u0103ri mai bune \u0219i o mecanic\u0103 rafinat\u0103. Puterea este asigurat\u0103 de un motor V8 FSI de 4,2 litri, care dezvolt\u0103 430 CP \u0219i \u00eei trimite la toate cele patru ro\u021bi prin intermediul unei transmisii automate cu dublu ambreiaj S Tronic cu 7 trepte.","breadcrumb":{"@id":"https:\/\/pistonaddict.com\/ro\/product\/audi-r8-4-2-fsi-v8\/#breadcrumb"},"inLanguage":"ro-RO","potentialAction":[{"@type":"ReadAction","target":["https:\/\/pistonaddict.com\/ro\/product\/audi-r8-4-2-fsi-v8\/"]}]},{"@type":"ImageObject","inLanguage":"ro-RO","@id":"https:\/\/pistonaddict.com\/ro\/product\/audi-r8-4-2-fsi-v8\/#primaryimage","url":"https:\/\/pistonaddict.com\/wp-content\/uploads\/2023\/06\/foto-5.jpg","contentUrl":"https:\/\/pistonaddict.com\/wp-content\/uploads\/2023\/06\/foto-5.jpg","width":1024,"height":683},{"@type":"BreadcrumbList","@id":"https:\/\/pistonaddict.com\/ro\/product\/audi-r8-4-2-fsi-v8\/#breadcrumb","itemListElement":[{"@type":"ListItem","position":1,"name":"Pagina principala","item":"https:\/\/pistonaddict.com\/ro\/pagina-de-start\/"},{"@type":"ListItem","position":2,"name":"Auctions","item":"https:\/\/pistonaddict.com\/auctions-listing\/"},{"@type":"ListItem","position":3,"name":"Audi R8 4.2 FSI V8"}]},{"@type":"WebSite","@id":"https:\/\/pistonaddict.com\/ro\/#website","url":"https:\/\/pistonaddict.com\/ro\/","name":"Piston Addict","description":"Only interesting vehicles","publisher":{"@id":"https:\/\/pistonaddict.com\/ro\/#organization"},"potentialAction":[{"@type":"SearchAction","target":{"@type":"EntryPoint","urlTemplate":"https:\/\/pistonaddict.com\/ro\/?s={search_term_string}"},"query-input":"required name=search_term_string"}],"inLanguage":"ro-RO"},{"@type":"Organization","@id":"https:\/\/pistonaddict.com\/ro\/#organization","name":"Piston Addict","url":"https:\/\/pistonaddict.com\/ro\/","logo":{"@type":"ImageObject","inLanguage":"ro-RO","@id":"https:\/\/pistonaddict.com\/ro\/#\/schema\/logo\/image\/","url":"https:\/\/pistonaddict.com\/wp-content\/uploads\/2022\/07\/logo-6.png","contentUrl":"https:\/\/pistonaddict.com\/wp-content\/uploads\/2022\/07\/logo-6.png","width":970,"height":200,"caption":"Piston Addict"},"image":{"@id":"https:\/\/pistonaddict.com\/ro\/#\/schema\/logo\/image\/"}}]}},"_links":{"self":[{"href":"https:\/\/pistonaddict.com\/ro\/wp-json\/wp\/v2\/product\/41969"}],"collection":[{"href":"https:\/\/pistonaddict.com\/ro\/wp-json\/wp\/v2\/product"}],"about":[{"href":"https:\/\/pistonaddict.com\/ro\/wp-json\/wp\/v2\/types\/product"}],"replies":[{"embeddable":true,"href":"https:\/\/pistonaddict.com\/ro\/wp-json\/wp\/v2\/comments?post=41969"}],"wp:featuredmedia":[{"embeddable":true,"href":"https:\/\/pistonaddict.com\/ro\/wp-json\/wp\/v2\/media\/41846"}],"wp:attachment":[{"href":"https:\/\/pistonaddict.com\/ro\/wp-json\/wp\/v2\/media?parent=41969"}],"wp:term":[{"taxonomy":"product_cat","embeddable":true,"href":"https:\/\/pistonaddict.com\/ro\/wp-json\/wp\/v2\/product_cat?post=41969"},{"taxonomy":"product_tag","embeddable":true,"href":"https:\/\/pistonaddict.com\/ro\/wp-json\/wp\/v2\/product_tag?post=41969"}],"curies":[{"name":"wp","href":"https:\/\/api.w.org\/{rel}","templated":true}]}}