{"id":39977,"date":"2023-04-19T17:58:30","date_gmt":"2023-04-19T15:58:30","guid":{"rendered":"https:\/\/pistonaddict.com\/product\/nissan-gtr\/"},"modified":"2024-03-19T17:53:57","modified_gmt":"2024-03-19T16:53:57","slug":"nissan-gtr","status":"publish","type":"product","link":"https:\/\/pistonaddict.com\/ro\/product\/nissan-gtr\/","title":{"rendered":"Nissan GT-R Nismo"},"content":{"rendered":"<h2>Exterior<\/h2>\n<p>Din exterior, acest coupe cu dou\u0103 u\u0219i de culoare neagr\u0103 echilibreaz\u0103 un aspect aparent subtil cu detalii agresive, suger\u00e2nd adev\u0103ratul s\u0103u caracter. Partea frontal\u0103 are o gril\u0103 mare \u0219i faruri de form\u0103 triunghiular\u0103, ceea ce \u00eei confer\u0103 o prezen\u021b\u0103 formidabil\u0103 pe \u0219osea. Silueta lui GT-R este definit\u0103 de capota lung\u0103, de linia \u00eenclinat\u0103 a acoperi\u0219ului \u0219i de spoilerul spate masiv. \u00cen cele din urm\u0103, partea din spate este dominat\u0103 de luminile spate rotunde, semnate de Nissan. Fiind construit de Nismo, acest GT-R se deosebe\u0219te de modelele standard prin mai multe detalii. \u00cen afar\u0103 de emblema montat\u0103 pe gril\u0103, aceasta include un splitter frontal m\u0103rit \u0219i un capac de portbagaj din fibr\u0103 de carbon. Ma\u0219ina este \u00eenc\u0103l\u021bat\u0103 cu anvelope aderente Michelin Super Sport Cup 2, montate pe jante de bronz de 20 de inci fabricate de Volk Racking.<\/p>\n<h2>Interior<\/h2>\n<p>Interiorul lui GT-R, cu o dispunere a scaunelor \u00een 2+2 locuri, dezv\u0103luie caracterul practic al acestuia. \u00cen mod evident, scaunele din spate ofer\u0103 doar un spa\u021biu limitat \u0219i sunt potrivite doar pentru distan\u021be scurte. Dar, chiar \u0219i a\u0219a, e bine s\u0103 le ai. Pe de alt\u0103 parte, scaunele din fa\u021b\u0103 sunt o alt\u0103 poveste. \u00cembr\u0103cate \u00een piele neagr\u0103 cu accente ro\u0219ii, acestea ofer\u0103 un suport practic nelimitat, men\u021bin\u00e2nd \u0219oferul ferm pe loc chiar \u0219i \u00een cele mai ascu\u021bite curbe. Iar acestea sunt negociate cu un volan cu trei spi\u021be acoperit cu piele perlat\u0103 cu cus\u0103turi ro\u0219ii. \u00cen spatele acestuia se afl\u0103 instrumentarul de bord dominat de un turometru care ajunge p\u00e2n\u0103 la 8.000 rpm. Alte cadrane includ vitezometrul \u0219i indicatoarele cu temperatura motorului \u0219i nivelul de combustibil. Exist\u0103, de asemenea, un afi\u0219aj central care afi\u0219eaz\u0103 parametri asem\u0103n\u0103tori celor de curs\u0103, cum ar fi accelera\u021bia sau for\u021bele laterale.<\/p>\n<h2>Mecanic\u0103<\/h2>\n<p>Oric\u00e2t de impresionant ar ar\u0103ta, Nissan GT-R este de fapt cel mai fascinant datorit\u0103 mecanismelor care stau la baza sa. \u00cen primul r\u00e2nd este motorul, un V6 twin-turbo de 3,8 litri, construit manual cu cea mai mare precizie imaginabil\u0103 de c\u0103tre cei mai buni tehnicieni Nissan. \u00cen plus, fiecare dintre ele este reglat la maxim, ceea ce duce la puteri diferite \u00eentre fiecare ma\u0219in\u0103. \u0218i cu 750 de cai putere la robinet, puterea este ceva de care acest GT-R are parte din plin. Apoi, exist\u0103 o cutie de viteze automat\u0103 cu dublu ambreiaj \u0219i \u0219ase trepte, care, pentru a \u00eembun\u0103t\u0103\u021bi distribu\u021bia greut\u0103\u021bii, este montat\u0103 \u00een spate. De asemenea, este construit manual \u0219i este cuplat cu motorul pentru a face schimb\u0103rile de viteze c\u00e2t mai rapide posibil. \u00cen cele din urm\u0103, toat\u0103 aceast\u0103 putere imens\u0103 este transferat\u0103 \u00een mod eficient la sol prin intermediul unui sistem elaborat de trac\u021biune integral\u0103. Cu toate acestea, acest Nissan GT-R accelereaz\u0103 de la 0 la 100 km\/h \u00een doar 2,5 secunde \u0219i are o vitez\u0103 maxim\u0103 de 205 km\/h.<\/p>\n<h2>Istoricul vehiculului<\/h2>\n<p>\u00cen timp ce fiecare Nissan GT-R, cu mecanica sa construit\u0103 manual \u0219i reglajul personalizat, este unic \u00een felul s\u0103u, acest model este \u0219i mai special. Acesta a fost, de fapt, primul model cu volan pe st\u00e2nga construit de Nismo, divizia de curse intern\u0103 a Nissan, realizat personal pentru pre\u0219edintele echipei de Formula 1 a Renault de la acea vreme. Potrivit v\u00e2nz\u0103torului, aceast\u0103 ma\u0219in\u0103 este ca nou\u0103, a parcurs 2.703 mile \u0219i se afl\u0103 \u00een prezent \u00een Marea Britanie.<\/p>\n","protected":false},"excerpt":{"rendered":"<p>Legendarul Nissan GT-R este una dintre cele mai emblematice \u0219i mai dorite ma\u0219ini din \u021aara Soarelui R\u0103sare. Cu puternicul s\u0103u motor V6 turbo \u0219i trac\u021biunea integral\u0103 elaborat\u0103, acest monstru rutier impresioneaz\u0103 \u0219oferii prin viteza sa \u0219i manevrabilitatea care pare s\u0103 sfideze legile fizicii. Dar acest model 2016, care este pus \u00een v\u00e2nzare de un v\u00e2nz\u0103tor profesionist, nu este un GT-R obi\u0219nuit. \u00cen schimb, ma\u0219ina la care v\u0103 uita\u021bi este GT-R Nismo, orientat spre circuit \u0219i care a dobor\u00e2t recorduri. P\u00e2n\u0103 \u00een prezent, a parcurs doar 3.700 de kilometri \u0219i nu-\u0219i a\u0219teapt\u0103 noul proprietar.<\/p>\n","protected":false},"featured_media":39384,"comment_status":"open","ping_status":"closed","template":"","meta":{"inline_featured_image":false},"product_cat":[744],"product_tag":[1739,1737,1735,934],"acf":[],"yoast_head":"<!-- This site is optimized with the Yoast SEO plugin v22.5 - https:\/\/yoast.com\/wordpress\/plugins\/seo\/ -->\n<title>Nissan GT-R Nismo licita\u021bie - Piston Addict<\/title>\n<meta name=\"description\" content=\"Vezi acest Nissan GT-R Nismo scos la licita\u021bie pe PistonAddict.com\" \/>\n<meta name=\"robots\" content=\"index, follow, max-snippet:-1, max-image-preview:large, max-video-preview:-1\" \/>\n<link rel=\"canonical\" href=\"https:\/\/pistonaddict.com\/ro\/product\/nissan-gtr\/\" \/>\n<meta property=\"og:locale\" content=\"ro_RO\" \/>\n<meta property=\"og:type\" content=\"article\" \/>\n<meta property=\"og:title\" content=\"Nissan GT-R Nismo licita\u021bie - Piston Addict\" \/>\n<meta property=\"og:description\" content=\"Vezi acest Nissan GT-R Nismo scos la licita\u021bie pe PistonAddict.com\" \/>\n<meta property=\"og:url\" content=\"https:\/\/pistonaddict.com\/ro\/product\/nissan-gtr\/\" \/>\n<meta property=\"og:site_name\" content=\"Piston Addict\" \/>\n<meta property=\"article:modified_time\" content=\"2024-03-19T16:53:57+00:00\" \/>\n<meta property=\"og:image\" content=\"https:\/\/pistonaddict.com\/wp-content\/uploads\/2023\/04\/LuxurycarLondonApril11PistonAddict_0497-scaled.jpg\" \/>\n\t<meta property=\"og:image:width\" content=\"2560\" \/>\n\t<meta property=\"og:image:height\" content=\"1972\" \/>\n\t<meta property=\"og:image:type\" content=\"image\/jpeg\" \/>\n<meta name=\"twitter:card\" content=\"summary_large_image\" \/>\n<meta name=\"twitter:label1\" content=\"Timp estimat pentru citire\" \/>\n\t<meta name=\"twitter:data1\" content=\"3 minute\" \/>\n<script type=\"application\/ld+json\" class=\"yoast-schema-graph\">{\"@context\":\"https:\/\/schema.org\",\"@graph\":[{\"@type\":\"WebPage\",\"@id\":\"https:\/\/pistonaddict.com\/ro\/product\/nissan-gtr\/\",\"url\":\"https:\/\/pistonaddict.com\/ro\/product\/nissan-gtr\/\",\"name\":\"Nissan GT-R Nismo licita\u021bie - Piston Addict\",\"isPartOf\":{\"@id\":\"https:\/\/pistonaddict.com\/ro\/#website\"},\"primaryImageOfPage\":{\"@id\":\"https:\/\/pistonaddict.com\/ro\/product\/nissan-gtr\/#primaryimage\"},\"image\":{\"@id\":\"https:\/\/pistonaddict.com\/ro\/product\/nissan-gtr\/#primaryimage\"},\"thumbnailUrl\":\"https:\/\/pistonaddict.com\/wp-content\/uploads\/2023\/04\/LuxurycarLondonApril11PistonAddict_0497-scaled.jpg\",\"datePublished\":\"2023-04-19T15:58:30+00:00\",\"dateModified\":\"2024-03-19T16:53:57+00:00\",\"description\":\"Vezi acest Nissan GT-R Nismo scos la licita\u021bie pe PistonAddict.com\",\"breadcrumb\":{\"@id\":\"https:\/\/pistonaddict.com\/ro\/product\/nissan-gtr\/#breadcrumb\"},\"inLanguage\":\"ro-RO\",\"potentialAction\":[{\"@type\":\"ReadAction\",\"target\":[\"https:\/\/pistonaddict.com\/ro\/product\/nissan-gtr\/\"]}]},{\"@type\":\"ImageObject\",\"inLanguage\":\"ro-RO\",\"@id\":\"https:\/\/pistonaddict.com\/ro\/product\/nissan-gtr\/#primaryimage\",\"url\":\"https:\/\/pistonaddict.com\/wp-content\/uploads\/2023\/04\/LuxurycarLondonApril11PistonAddict_0497-scaled.jpg\",\"contentUrl\":\"https:\/\/pistonaddict.com\/wp-content\/uploads\/2023\/04\/LuxurycarLondonApril11PistonAddict_0497-scaled.jpg\",\"width\":2560,\"height\":1972},{\"@type\":\"BreadcrumbList\",\"@id\":\"https:\/\/pistonaddict.com\/ro\/product\/nissan-gtr\/#breadcrumb\",\"itemListElement\":[{\"@type\":\"ListItem\",\"position\":1,\"name\":\"Pagina principala\",\"item\":\"https:\/\/pistonaddict.com\/ro\/pagina-de-start\/\"},{\"@type\":\"ListItem\",\"position\":2,\"name\":\"Auctions\",\"item\":\"https:\/\/pistonaddict.com\/auctions-listing\/\"},{\"@type\":\"ListItem\",\"position\":3,\"name\":\"Nissan GT-R Nismo\"}]},{\"@type\":\"WebSite\",\"@id\":\"https:\/\/pistonaddict.com\/ro\/#website\",\"url\":\"https:\/\/pistonaddict.com\/ro\/\",\"name\":\"Piston Addict\",\"description\":\"Only interesting vehicles\",\"publisher\":{\"@id\":\"https:\/\/pistonaddict.com\/ro\/#organization\"},\"potentialAction\":[{\"@type\":\"SearchAction\",\"target\":{\"@type\":\"EntryPoint\",\"urlTemplate\":\"https:\/\/pistonaddict.com\/ro\/?s={search_term_string}\"},\"query-input\":\"required name=search_term_string\"}],\"inLanguage\":\"ro-RO\"},{\"@type\":\"Organization\",\"@id\":\"https:\/\/pistonaddict.com\/ro\/#organization\",\"name\":\"Piston Addict\",\"url\":\"https:\/\/pistonaddict.com\/ro\/\",\"logo\":{\"@type\":\"ImageObject\",\"inLanguage\":\"ro-RO\",\"@id\":\"https:\/\/pistonaddict.com\/ro\/#\/schema\/logo\/image\/\",\"url\":\"https:\/\/pistonaddict.com\/wp-content\/uploads\/2022\/07\/logo-6.png\",\"contentUrl\":\"https:\/\/pistonaddict.com\/wp-content\/uploads\/2022\/07\/logo-6.png\",\"width\":970,\"height\":200,\"caption\":\"Piston Addict\"},\"image\":{\"@id\":\"https:\/\/pistonaddict.com\/ro\/#\/schema\/logo\/image\/\"}}]}<\/script>\n<!-- \/ Yoast SEO plugin. -->","yoast_head_json":{"title":"Nissan GT-R Nismo licita\u021bie - Piston Addict","description":"Vezi acest Nissan GT-R Nismo scos la licita\u021bie pe PistonAddict.com","robots":{"index":"index","follow":"follow","max-snippet":"max-snippet:-1","max-image-preview":"max-image-preview:large","max-video-preview":"max-video-preview:-1"},"canonical":"https:\/\/pistonaddict.com\/ro\/product\/nissan-gtr\/","og_locale":"ro_RO","og_type":"article","og_title":"Nissan GT-R Nismo licita\u021bie - Piston Addict","og_description":"Vezi acest Nissan GT-R Nismo scos la licita\u021bie pe PistonAddict.com","og_url":"https:\/\/pistonaddict.com\/ro\/product\/nissan-gtr\/","og_site_name":"Piston Addict","article_modified_time":"2024-03-19T16:53:57+00:00","og_image":[{"width":2560,"height":1972,"url":"https:\/\/pistonaddict.com\/wp-content\/uploads\/2023\/04\/LuxurycarLondonApril11PistonAddict_0497-scaled.jpg","type":"image\/jpeg"}],"twitter_card":"summary_large_image","twitter_misc":{"Timp estimat pentru citire":"3 minute"},"schema":{"@context":"https:\/\/schema.org","@graph":[{"@type":"WebPage","@id":"https:\/\/pistonaddict.com\/ro\/product\/nissan-gtr\/","url":"https:\/\/pistonaddict.com\/ro\/product\/nissan-gtr\/","name":"Nissan GT-R Nismo licita\u021bie - Piston Addict","isPartOf":{"@id":"https:\/\/pistonaddict.com\/ro\/#website"},"primaryImageOfPage":{"@id":"https:\/\/pistonaddict.com\/ro\/product\/nissan-gtr\/#primaryimage"},"image":{"@id":"https:\/\/pistonaddict.com\/ro\/product\/nissan-gtr\/#primaryimage"},"thumbnailUrl":"https:\/\/pistonaddict.com\/wp-content\/uploads\/2023\/04\/LuxurycarLondonApril11PistonAddict_0497-scaled.jpg","datePublished":"2023-04-19T15:58:30+00:00","dateModified":"2024-03-19T16:53:57+00:00","description":"Vezi acest Nissan GT-R Nismo scos la licita\u021bie pe PistonAddict.com","breadcrumb":{"@id":"https:\/\/pistonaddict.com\/ro\/product\/nissan-gtr\/#breadcrumb"},"inLanguage":"ro-RO","potentialAction":[{"@type":"ReadAction","target":["https:\/\/pistonaddict.com\/ro\/product\/nissan-gtr\/"]}]},{"@type":"ImageObject","inLanguage":"ro-RO","@id":"https:\/\/pistonaddict.com\/ro\/product\/nissan-gtr\/#primaryimage","url":"https:\/\/pistonaddict.com\/wp-content\/uploads\/2023\/04\/LuxurycarLondonApril11PistonAddict_0497-scaled.jpg","contentUrl":"https:\/\/pistonaddict.com\/wp-content\/uploads\/2023\/04\/LuxurycarLondonApril11PistonAddict_0497-scaled.jpg","width":2560,"height":1972},{"@type":"BreadcrumbList","@id":"https:\/\/pistonaddict.com\/ro\/product\/nissan-gtr\/#breadcrumb","itemListElement":[{"@type":"ListItem","position":1,"name":"Pagina principala","item":"https:\/\/pistonaddict.com\/ro\/pagina-de-start\/"},{"@type":"ListItem","position":2,"name":"Auctions","item":"https:\/\/pistonaddict.com\/auctions-listing\/"},{"@type":"ListItem","position":3,"name":"Nissan GT-R Nismo"}]},{"@type":"WebSite","@id":"https:\/\/pistonaddict.com\/ro\/#website","url":"https:\/\/pistonaddict.com\/ro\/","name":"Piston Addict","description":"Only interesting vehicles","publisher":{"@id":"https:\/\/pistonaddict.com\/ro\/#organization"},"potentialAction":[{"@type":"SearchAction","target":{"@type":"EntryPoint","urlTemplate":"https:\/\/pistonaddict.com\/ro\/?s={search_term_string}"},"query-input":"required name=search_term_string"}],"inLanguage":"ro-RO"},{"@type":"Organization","@id":"https:\/\/pistonaddict.com\/ro\/#organization","name":"Piston Addict","url":"https:\/\/pistonaddict.com\/ro\/","logo":{"@type":"ImageObject","inLanguage":"ro-RO","@id":"https:\/\/pistonaddict.com\/ro\/#\/schema\/logo\/image\/","url":"https:\/\/pistonaddict.com\/wp-content\/uploads\/2022\/07\/logo-6.png","contentUrl":"https:\/\/pistonaddict.com\/wp-content\/uploads\/2022\/07\/logo-6.png","width":970,"height":200,"caption":"Piston Addict"},"image":{"@id":"https:\/\/pistonaddict.com\/ro\/#\/schema\/logo\/image\/"}}]}},"_links":{"self":[{"href":"https:\/\/pistonaddict.com\/ro\/wp-json\/wp\/v2\/product\/39977"}],"collection":[{"href":"https:\/\/pistonaddict.com\/ro\/wp-json\/wp\/v2\/product"}],"about":[{"href":"https:\/\/pistonaddict.com\/ro\/wp-json\/wp\/v2\/types\/product"}],"replies":[{"embeddable":true,"href":"https:\/\/pistonaddict.com\/ro\/wp-json\/wp\/v2\/comments?post=39977"}],"wp:featuredmedia":[{"embeddable":true,"href":"https:\/\/pistonaddict.com\/ro\/wp-json\/wp\/v2\/media\/39384"}],"wp:attachment":[{"href":"https:\/\/pistonaddict.com\/ro\/wp-json\/wp\/v2\/media?parent=39977"}],"wp:term":[{"taxonomy":"product_cat","embeddable":true,"href":"https:\/\/pistonaddict.com\/ro\/wp-json\/wp\/v2\/product_cat?post=39977"},{"taxonomy":"product_tag","embeddable":true,"href":"https:\/\/pistonaddict.com\/ro\/wp-json\/wp\/v2\/product_tag?post=39977"}],"curies":[{"name":"wp","href":"https:\/\/api.w.org\/{rel}","templated":true}]}}