{"id":39229,"date":"2023-04-19T17:31:19","date_gmt":"2023-04-19T15:31:19","guid":{"rendered":"https:\/\/pistonaddict.com\/product\/mclaren-720s\/"},"modified":"2024-03-19T17:52:41","modified_gmt":"2024-03-19T16:52:41","slug":"mclaren-720s","status":"publish","type":"product","link":"https:\/\/pistonaddict.com\/ro\/product\/mclaren-720s\/","title":{"rendered":"McLaren 720S"},"content":{"rendered":"<h2>Exterior<\/h2>\n<p>Vopsit \u00een portocaliu aprins, McLaren 720S la \u00eendem\u00e2n\u0103 va \u00eentoarce cu siguran\u021b\u0103 privirile oriunde va ap\u0103rea. Dar, din nou, ar fi la fel \u00een orice alt\u0103 culoare, datorit\u0103 designului s\u0103u uimitor, inspirat de rechini. Cu o parte frontal\u0103 agresiv\u0103, o siluet\u0103 aerodinamic\u0103 \u0219i u\u0219i fluture practice, dar amuzante, este impresionant din orice unghi. Aceasta include prize de aer masive \u00een p\u0103r\u021bile laterale, un compartiment motor acoperit cu plas\u0103 care str\u0103luce\u0219te atunci c\u00e2nd contactul este pornit \u0219i un spoiler spate care se ridic\u0103 la fr\u00e2narea brusc\u0103. Iar fr\u00e2narea se face cu ajutorul unor discuri ceramice masive a\u0219ezate \u00een spatele jantelor negre de 19 inch ale ma\u0219inii, cu anvelope Pirelli P Zero.<\/p>\n<p>Cu toate acestea, acest vehicul cu dou\u0103 locuri nu arat\u0103 a\u0219a cum arat\u0103 doar pentru spectacol, deoarece majoritatea formelor caroseriei sale sunt sculptate pentru a \u00eembun\u0103t\u0103\u021bi aerodinamica \u0219i a genera for\u021b\u0103 de ap\u0103sare. \u0218i, ca atare, McLaren 720S arat\u0103 c\u0103 forma \u0219i func\u021bia pot fi \u00eembinate \u00eentr-o armonie perfect\u0103.<\/p>\n<h2>Interior<\/h2>\n<p>Interiorul lui McLaren, \u00eembr\u0103cat \u00een Alcantara \u0219i fibr\u0103 de carbon, dezv\u0103luie \u0219i mai mult c\u00e2t de orientat\u0103 spre circuit este aceast\u0103 ma\u0219in\u0103. \u00cen primul r\u00e2nd, o pereche de scaune sportive, modelate pentru a \u021bine \u0219oferul \u0219i pasagerul bine prin\u0219i \u00een centur\u0103 \u00een virajele ascu\u021bite. Apoi, exist\u0103 un volan \u00eembr\u0103cat \u00een piele cu trei spi\u021be, care \u00eencadreaz\u0103 un instrumentar de bord digital. \u00cen modul standard, acesta afi\u0219eaz\u0103 diver\u0219i parametri ai motorului \u0219i ai vehiculului, cum ar fi viteza \u0219i temperatura motorului. Dar atunci c\u00e2nd este activat modul Track, \u00eentregul grup de instrumente se \u00eenclin\u0103 \u00een jos, dezv\u0103luind un mic afi\u0219aj \u00een partea sa superioar\u0103, care arat\u0103 doar turometrul, viteza \u0219i treapta de vitez\u0103 selectat\u0103. \u00cen cele din urm\u0103, consola central\u0103 este rar\u0103, dar echipat\u0103 func\u021bional cu butoane \u0219i butoane esen\u021biale, \u00eenso\u021bite de un ecran tactil central orientat spre \u0219ofer.<\/p>\n<h2>Mecanic\u0103<\/h2>\n<p>Sub pielea elegant\u0103 \u0219i cu forme aerodinamice, 720S are un \u0219asiu monococ\u0103 din fibr\u0103 de carbon, pe care McLaren \u00eel nume\u0219te MonoCage. Aceast\u0103 structur\u0103 inspirat\u0103 de F1 nu este doar u\u0219oar\u0103, ci \u0219i extrem de rigid\u0103, ceea ce reduce flexia caroseriei \u00een viraje grele.<\/p>\n<p>Inima fiec\u0103rei ma\u0219ini super-sportive este motorul, care, la McLaren, este montat chiar \u00een spatele scaunelor. \u00cen echiparea din fabric\u0103, V8-ul biturbo care se ascunde acolo dezvolt\u0103 720 de cai putere, num\u0103r c\u0103ruia ma\u0219ina \u00eei datoreaz\u0103 numele, \u0219i un cuplu uimitor de 770 Nm. Puterea este trimis\u0103 c\u0103tre ro\u021bile din spate prin intermediul unei transmisii rapide cu dublu ambreiaj \u0219i 7 trepte.<\/p>\n<p>\u0218i toate acestea \u00eentr-o ma\u0219in\u0103 care c\u00e2nt\u0103re\u0219te doar 1.400 de kilograme sunt mai mult dec\u00e2t suficiente pentru o manevrabilitate \u0219i performan\u021be superioare. \u00cen ceea ce prive\u0219te cifrele, aceasta s-ar traduce printr-o accelera\u021bie de la 0 la 100 km\/h \u00een 2,9 secunde \u0219i o vitez\u0103 maxim\u0103 de 212 mile pe or\u0103. \u00cens\u0103 acesta nu este un McLaren 720S obi\u0219nuit, reglat din fabric\u0103. \u00cen schimb, proprietarul s\u0103u a echipat-o cu un Litchfield Custom Tune care m\u0103re\u0219te puterea motorului la 800 de cai putere.<\/p>\n<h2>Istoria vehiculului<\/h2>\n<p>V\u00e2nz\u0103torul declar\u0103 c\u0103 toate lucr\u0103rile de \u00eentre\u021binere au fost efectuate \u00een mod regulat, ultima revizie fiind f\u0103cut\u0103 \u00een octombrie 2022. \u00cen prezent, pe tabloul de bord nu exist\u0103 defec\u021biuni sau avertismente cunoscute. \u00cen plus, judec\u00e2nd dup\u0103 fotografiile furnizate, nu exist\u0103 imperfec\u021biuni ale caroseriei care s\u0103 fie semnalate.<\/p>\n","protected":false},"excerpt":{"rendered":"<p>La v\u00e2nzare aici se afl\u0103 McLaren 720S, f\u0103r\u0103 \u00eendoial\u0103 una dintre cele mai performante ma\u0219ini din clasa sa. Cu un motor V8 turbo \u0219i o suspensie de ultim\u0103 genera\u021bie, acest coupe este extrem de rapid pe linia dreapt\u0103 \u0219i \u00een viraje. Potrivit v\u00e2nz\u0103torului profesionist care \u00eel scoate la licita\u021bie, acest McLaren 720S din 2017 este impecabil, complet revizuit \u0219i nu a fost implicat \u00een niciun accident. P\u00e2n\u0103 \u00een prezent, a parcurs pu\u021bin peste 6.000 de kilometri, iar \u00een prezent se afl\u0103 \u00een Regatul Unit.<\/p>\n","protected":false},"featured_media":39164,"comment_status":"open","ping_status":"closed","template":"","meta":{"inline_featured_image":false},"product_cat":[744],"product_tag":[1671,1668,1665,934],"acf":[],"yoast_head":"<!-- This site is optimized with the Yoast SEO plugin v22.5 - https:\/\/yoast.com\/wordpress\/plugins\/seo\/ -->\n<title>McLaren 720S licita\u021bie - Piston Addict<\/title>\n<meta name=\"description\" content=\"Vezi acest McLaren 720S scos la licita\u021bie pe PistonAddict.com\" \/>\n<meta name=\"robots\" content=\"index, follow, max-snippet:-1, max-image-preview:large, max-video-preview:-1\" \/>\n<link rel=\"canonical\" href=\"https:\/\/pistonaddict.com\/ro\/product\/mclaren-720s\/\" \/>\n<meta property=\"og:locale\" content=\"ro_RO\" \/>\n<meta property=\"og:type\" content=\"article\" \/>\n<meta property=\"og:title\" content=\"McLaren 720S licita\u021bie - Piston Addict\" \/>\n<meta property=\"og:description\" content=\"Vezi acest McLaren 720S scos la licita\u021bie pe PistonAddict.com\" \/>\n<meta property=\"og:url\" content=\"https:\/\/pistonaddict.com\/ro\/product\/mclaren-720s\/\" \/>\n<meta property=\"og:site_name\" content=\"Piston Addict\" \/>\n<meta property=\"article:modified_time\" content=\"2024-03-19T16:52:41+00:00\" \/>\n<meta property=\"og:image\" content=\"https:\/\/pistonaddict.com\/wp-content\/uploads\/2023\/04\/LuxurycarLondonApril11PistonAddict_0851-scaled.jpg\" \/>\n\t<meta property=\"og:image:width\" content=\"2560\" \/>\n\t<meta property=\"og:image:height\" content=\"1534\" \/>\n\t<meta property=\"og:image:type\" content=\"image\/jpeg\" \/>\n<meta name=\"twitter:card\" content=\"summary_large_image\" \/>\n<meta name=\"twitter:label1\" content=\"Timp estimat pentru citire\" \/>\n\t<meta name=\"twitter:data1\" content=\"3 minute\" \/>\n<script type=\"application\/ld+json\" class=\"yoast-schema-graph\">{\"@context\":\"https:\/\/schema.org\",\"@graph\":[{\"@type\":\"WebPage\",\"@id\":\"https:\/\/pistonaddict.com\/ro\/product\/mclaren-720s\/\",\"url\":\"https:\/\/pistonaddict.com\/ro\/product\/mclaren-720s\/\",\"name\":\"McLaren 720S licita\u021bie - Piston Addict\",\"isPartOf\":{\"@id\":\"https:\/\/pistonaddict.com\/ro\/#website\"},\"primaryImageOfPage\":{\"@id\":\"https:\/\/pistonaddict.com\/ro\/product\/mclaren-720s\/#primaryimage\"},\"image\":{\"@id\":\"https:\/\/pistonaddict.com\/ro\/product\/mclaren-720s\/#primaryimage\"},\"thumbnailUrl\":\"https:\/\/pistonaddict.com\/wp-content\/uploads\/2023\/04\/LuxurycarLondonApril11PistonAddict_0851-scaled.jpg\",\"datePublished\":\"2023-04-19T15:31:19+00:00\",\"dateModified\":\"2024-03-19T16:52:41+00:00\",\"description\":\"Vezi acest McLaren 720S scos la licita\u021bie pe PistonAddict.com\",\"breadcrumb\":{\"@id\":\"https:\/\/pistonaddict.com\/ro\/product\/mclaren-720s\/#breadcrumb\"},\"inLanguage\":\"ro-RO\",\"potentialAction\":[{\"@type\":\"ReadAction\",\"target\":[\"https:\/\/pistonaddict.com\/ro\/product\/mclaren-720s\/\"]}]},{\"@type\":\"ImageObject\",\"inLanguage\":\"ro-RO\",\"@id\":\"https:\/\/pistonaddict.com\/ro\/product\/mclaren-720s\/#primaryimage\",\"url\":\"https:\/\/pistonaddict.com\/wp-content\/uploads\/2023\/04\/LuxurycarLondonApril11PistonAddict_0851-scaled.jpg\",\"contentUrl\":\"https:\/\/pistonaddict.com\/wp-content\/uploads\/2023\/04\/LuxurycarLondonApril11PistonAddict_0851-scaled.jpg\",\"width\":2560,\"height\":1534},{\"@type\":\"BreadcrumbList\",\"@id\":\"https:\/\/pistonaddict.com\/ro\/product\/mclaren-720s\/#breadcrumb\",\"itemListElement\":[{\"@type\":\"ListItem\",\"position\":1,\"name\":\"Pagina principala\",\"item\":\"https:\/\/pistonaddict.com\/ro\/pagina-de-start\/\"},{\"@type\":\"ListItem\",\"position\":2,\"name\":\"Auctions\",\"item\":\"https:\/\/pistonaddict.com\/auctions-listing\/\"},{\"@type\":\"ListItem\",\"position\":3,\"name\":\"McLaren 720S\"}]},{\"@type\":\"WebSite\",\"@id\":\"https:\/\/pistonaddict.com\/ro\/#website\",\"url\":\"https:\/\/pistonaddict.com\/ro\/\",\"name\":\"Piston Addict\",\"description\":\"Only interesting vehicles\",\"publisher\":{\"@id\":\"https:\/\/pistonaddict.com\/ro\/#organization\"},\"potentialAction\":[{\"@type\":\"SearchAction\",\"target\":{\"@type\":\"EntryPoint\",\"urlTemplate\":\"https:\/\/pistonaddict.com\/ro\/?s={search_term_string}\"},\"query-input\":\"required name=search_term_string\"}],\"inLanguage\":\"ro-RO\"},{\"@type\":\"Organization\",\"@id\":\"https:\/\/pistonaddict.com\/ro\/#organization\",\"name\":\"Piston Addict\",\"url\":\"https:\/\/pistonaddict.com\/ro\/\",\"logo\":{\"@type\":\"ImageObject\",\"inLanguage\":\"ro-RO\",\"@id\":\"https:\/\/pistonaddict.com\/ro\/#\/schema\/logo\/image\/\",\"url\":\"https:\/\/pistonaddict.com\/wp-content\/uploads\/2022\/07\/logo-6.png\",\"contentUrl\":\"https:\/\/pistonaddict.com\/wp-content\/uploads\/2022\/07\/logo-6.png\",\"width\":970,\"height\":200,\"caption\":\"Piston Addict\"},\"image\":{\"@id\":\"https:\/\/pistonaddict.com\/ro\/#\/schema\/logo\/image\/\"}}]}<\/script>\n<!-- \/ Yoast SEO plugin. -->","yoast_head_json":{"title":"McLaren 720S licita\u021bie - Piston Addict","description":"Vezi acest McLaren 720S scos la licita\u021bie pe PistonAddict.com","robots":{"index":"index","follow":"follow","max-snippet":"max-snippet:-1","max-image-preview":"max-image-preview:large","max-video-preview":"max-video-preview:-1"},"canonical":"https:\/\/pistonaddict.com\/ro\/product\/mclaren-720s\/","og_locale":"ro_RO","og_type":"article","og_title":"McLaren 720S licita\u021bie - Piston Addict","og_description":"Vezi acest McLaren 720S scos la licita\u021bie pe PistonAddict.com","og_url":"https:\/\/pistonaddict.com\/ro\/product\/mclaren-720s\/","og_site_name":"Piston Addict","article_modified_time":"2024-03-19T16:52:41+00:00","og_image":[{"width":2560,"height":1534,"url":"https:\/\/pistonaddict.com\/wp-content\/uploads\/2023\/04\/LuxurycarLondonApril11PistonAddict_0851-scaled.jpg","type":"image\/jpeg"}],"twitter_card":"summary_large_image","twitter_misc":{"Timp estimat pentru citire":"3 minute"},"schema":{"@context":"https:\/\/schema.org","@graph":[{"@type":"WebPage","@id":"https:\/\/pistonaddict.com\/ro\/product\/mclaren-720s\/","url":"https:\/\/pistonaddict.com\/ro\/product\/mclaren-720s\/","name":"McLaren 720S licita\u021bie - Piston Addict","isPartOf":{"@id":"https:\/\/pistonaddict.com\/ro\/#website"},"primaryImageOfPage":{"@id":"https:\/\/pistonaddict.com\/ro\/product\/mclaren-720s\/#primaryimage"},"image":{"@id":"https:\/\/pistonaddict.com\/ro\/product\/mclaren-720s\/#primaryimage"},"thumbnailUrl":"https:\/\/pistonaddict.com\/wp-content\/uploads\/2023\/04\/LuxurycarLondonApril11PistonAddict_0851-scaled.jpg","datePublished":"2023-04-19T15:31:19+00:00","dateModified":"2024-03-19T16:52:41+00:00","description":"Vezi acest McLaren 720S scos la licita\u021bie pe PistonAddict.com","breadcrumb":{"@id":"https:\/\/pistonaddict.com\/ro\/product\/mclaren-720s\/#breadcrumb"},"inLanguage":"ro-RO","potentialAction":[{"@type":"ReadAction","target":["https:\/\/pistonaddict.com\/ro\/product\/mclaren-720s\/"]}]},{"@type":"ImageObject","inLanguage":"ro-RO","@id":"https:\/\/pistonaddict.com\/ro\/product\/mclaren-720s\/#primaryimage","url":"https:\/\/pistonaddict.com\/wp-content\/uploads\/2023\/04\/LuxurycarLondonApril11PistonAddict_0851-scaled.jpg","contentUrl":"https:\/\/pistonaddict.com\/wp-content\/uploads\/2023\/04\/LuxurycarLondonApril11PistonAddict_0851-scaled.jpg","width":2560,"height":1534},{"@type":"BreadcrumbList","@id":"https:\/\/pistonaddict.com\/ro\/product\/mclaren-720s\/#breadcrumb","itemListElement":[{"@type":"ListItem","position":1,"name":"Pagina principala","item":"https:\/\/pistonaddict.com\/ro\/pagina-de-start\/"},{"@type":"ListItem","position":2,"name":"Auctions","item":"https:\/\/pistonaddict.com\/auctions-listing\/"},{"@type":"ListItem","position":3,"name":"McLaren 720S"}]},{"@type":"WebSite","@id":"https:\/\/pistonaddict.com\/ro\/#website","url":"https:\/\/pistonaddict.com\/ro\/","name":"Piston Addict","description":"Only interesting vehicles","publisher":{"@id":"https:\/\/pistonaddict.com\/ro\/#organization"},"potentialAction":[{"@type":"SearchAction","target":{"@type":"EntryPoint","urlTemplate":"https:\/\/pistonaddict.com\/ro\/?s={search_term_string}"},"query-input":"required name=search_term_string"}],"inLanguage":"ro-RO"},{"@type":"Organization","@id":"https:\/\/pistonaddict.com\/ro\/#organization","name":"Piston Addict","url":"https:\/\/pistonaddict.com\/ro\/","logo":{"@type":"ImageObject","inLanguage":"ro-RO","@id":"https:\/\/pistonaddict.com\/ro\/#\/schema\/logo\/image\/","url":"https:\/\/pistonaddict.com\/wp-content\/uploads\/2022\/07\/logo-6.png","contentUrl":"https:\/\/pistonaddict.com\/wp-content\/uploads\/2022\/07\/logo-6.png","width":970,"height":200,"caption":"Piston Addict"},"image":{"@id":"https:\/\/pistonaddict.com\/ro\/#\/schema\/logo\/image\/"}}]}},"_links":{"self":[{"href":"https:\/\/pistonaddict.com\/ro\/wp-json\/wp\/v2\/product\/39229"}],"collection":[{"href":"https:\/\/pistonaddict.com\/ro\/wp-json\/wp\/v2\/product"}],"about":[{"href":"https:\/\/pistonaddict.com\/ro\/wp-json\/wp\/v2\/types\/product"}],"replies":[{"embeddable":true,"href":"https:\/\/pistonaddict.com\/ro\/wp-json\/wp\/v2\/comments?post=39229"}],"wp:featuredmedia":[{"embeddable":true,"href":"https:\/\/pistonaddict.com\/ro\/wp-json\/wp\/v2\/media\/39164"}],"wp:attachment":[{"href":"https:\/\/pistonaddict.com\/ro\/wp-json\/wp\/v2\/media?parent=39229"}],"wp:term":[{"taxonomy":"product_cat","embeddable":true,"href":"https:\/\/pistonaddict.com\/ro\/wp-json\/wp\/v2\/product_cat?post=39229"},{"taxonomy":"product_tag","embeddable":true,"href":"https:\/\/pistonaddict.com\/ro\/wp-json\/wp\/v2\/product_tag?post=39229"}],"curies":[{"name":"wp","href":"https:\/\/api.w.org\/{rel}","templated":true}]}}