{"id":37949,"date":"2023-04-19T16:55:04","date_gmt":"2023-04-19T14:55:04","guid":{"rendered":"https:\/\/pistonaddict.com\/product\/ferrari-412\/"},"modified":"2024-03-19T17:50:58","modified_gmt":"2024-03-19T16:50:58","slug":"ferrari-412","status":"publish","type":"product","link":"https:\/\/pistonaddict.com\/ro\/product\/ferrari-412\/","title":{"rendered":"Ferrari 412"},"content":{"rendered":"<p><strong>Istoria ma\u0219inii<\/strong><\/p>\n<p>Ferrari 412 a fost introdus \u00een 1985 ca produs GT de top al companiei, oferind spa\u021biu pentru patru pasageri \u0219i un portbagaj spa\u021bios. Propulsat de clasicul motor Colombo V12 de 4,9 litri, reprezint\u0103 una dintre ultimele itera\u021bii ale epocii clasice Ferrari GT. Cu 340 CP, care alimenteaz\u0103 ro\u021bile din spate prin intermediul cutiei de viteze automate Borg-Warner, acest Ferrari 412 poate atinge 100 km\/h \u00een doar 6,5 secunde \u0219i poate accelera p\u00e2n\u0103 la viteza maxim\u0103 de 260 km\/h. Exemplarul de fa\u021b\u0103 este unul dintre ultimele exemplare produse, livrat primului proprietar \u00een noiembrie 1988. Produc\u021bia s-a \u00eencheiat \u00een 1989, dup\u0103 ce au fost livrate 576 de ma\u0219ini, dintre care doar 306 cu transmisie automat\u0103. Ultimul service a fost efectuat \u00een aprilie 2021, iar de atunci ma\u0219ina a fost abia folosit\u0103.<\/p>\n<p><strong>Starea ma\u0219inii<\/strong><\/p>\n<p>Ceea ce face ca acest GT elegant s\u0103 fie at\u00e2t de atr\u0103g\u0103tor este starea sa. Cu mai pu\u021bin de 37.000 de kilometri din nou, este un exemplu perfect conservat al elegan\u021bei Ferrari din anii &#8217;80. Aceast\u0103 ma\u0219in\u0103 nu a fost niciodat\u0103 restaurat\u0103 \u0219i se afl\u0103 \u00eentr-o stare original\u0103 remarcabil\u0103, p\u00e2n\u0103 la jantele originale, trusa de scule (detaliu apreciat de colec\u021bionarii Ferrari) \u0219i anvelopele corecte din fabric\u0103, care sunt destul de neobi\u0219nuite \u00een zilele noastre. Acest Ferrari 412 a fost \u00eentre\u021binut \u00een mod adecvat \u0219i p\u0103strat \u00een garaj, acesta fiind unul dintre motivele pentru care arat\u0103 ca nou. Nu exist\u0103 scurgeri de ulei \u00een partea inferioar\u0103 a trenului de rulare, compartimentul motor este curat, iar toate \u0219tampilele \u0219i marcajele originale sunt prezente.<\/p>\n<p><strong>Interior<\/strong><\/p>\n<p>A\u0219a cum era de a\u0219teptat, interiorul acestui Ferrari 412 din 1988 este acoperit cu piele, iar combina\u021bia de culori dintre exteriorul negru \u0219i scaunele cafenii este deosebit de atr\u0103g\u0103toare. Nu exist\u0103 daune vizibile, iar scaunele, pl\u0103cu\u021bele de u\u0219\u0103 \u0219i tabloul de bord sunt \u00een stare impecabil\u0103. Bine\u00een\u021beles, ca un GT de lux, ceea ce acest Ferrari 412 este cu siguran\u021b\u0103, interiorul este plin de confort, accesorii electrice \u0219i sistem de climatizare func\u021bional. Singurul lucru care nu este original este unitatea principal\u0103 a sistemului audio, care a fost \u00eenlocuit\u0103 cu una modern\u0103.<\/p>\n<p><strong>Exterior \u0219i ro\u021bi<\/strong><\/p>\n<p>Toate piesele de finisare exterioar\u0103, mulurile \u0219i componentele din plastic arat\u0103 \u00eentr-o stare perfect\u0103 \u0219i nu exist\u0103 rugin\u0103, a\u0219a cum te-ai putea a\u0219tepta de la un vehicul care a fost bine \u00eengrijit. Nu exist\u0103 zg\u00e2rieturi sau lovituri, iar vopseaua este \u00een stare ideal\u0103. Interesant este faptul c\u0103 ma\u0219ina p\u0103streaz\u0103 jantele originale \u0219i cauciucul TRX, pe care le avea c\u00e2nd era nou\u0103. Unii dintre proprietarii de Ferrari 412 au schimbat jantele cu unele mai moderne, deoarece anvelopele TRX sunt greu de g\u0103sit, dar proprietarul acestui exemplar a r\u0103mas fidel specifica\u021biilor originale, ceea ce este o not\u0103 frumoas\u0103 \u0219i arat\u0103 c\u00e2t de bine a fost \u00eengrijit\u0103 ma\u0219ina.<\/p>\n<p><strong>Documenta\u021bie<\/strong><\/p>\n<p>Acesta este un vehicul proprietate privat\u0103, cu documente corespunz\u0103toare, situat \u00een Londra, Marea Britanie. Raportul CarVertical este curat; nu exist\u0103 dovezi de accidente, repara\u021bii \u00een caz de accident sau probleme legale. Exist\u0103 \u00eenregistr\u0103ri privind \u00eentre\u021binerea periodic\u0103.<\/p>\n","protected":false},"excerpt":{"rendered":"<p>GT-urile V12 de la Ferrari au fost \u00eentotdeauna ma\u0219ini de condus sublime, capabile s\u0103 sar\u0103 continente la mare vitez\u0103 \u0219i s\u0103 ofere un confort impresionant, iar acest 412 din 1988 nu este diferit. Modelul t\u00e2rziu dezirabil are toate ingredientele unui Ferrari excelent pentru investi\u021bii, cu un motor V12 puternic, o combina\u021bie perfect\u0103 de culori \u0219i o stare imaculat\u0103, cu doar 37.000 de kilometri de la nou.<\/p>\n","protected":false},"featured_media":37885,"comment_status":"open","ping_status":"closed","template":"","meta":{"inline_featured_image":false},"product_cat":[744],"product_tag":[1581,1583,1582,934],"acf":[],"yoast_head":"<!-- This site is optimized with the Yoast SEO plugin v22.5 - https:\/\/yoast.com\/wordpress\/plugins\/seo\/ -->\n<title>Ferrari 412 licita\u021bie - Piston Addict<\/title>\n<meta name=\"description\" content=\"Vezi acest Ferrari 412 de v\u00e2nzare la licita\u021bie pe PistonAddict.com cu transmisie automat\u0103 \u0219i doar 36 971 km.\" \/>\n<meta name=\"robots\" content=\"index, follow, max-snippet:-1, max-image-preview:large, max-video-preview:-1\" \/>\n<link rel=\"canonical\" href=\"https:\/\/pistonaddict.com\/ro\/product\/ferrari-412\/\" \/>\n<meta property=\"og:locale\" content=\"ro_RO\" \/>\n<meta property=\"og:type\" content=\"article\" \/>\n<meta property=\"og:title\" content=\"Ferrari 412 licita\u021bie - Piston Addict\" \/>\n<meta property=\"og:description\" content=\"Vezi acest Ferrari 412 de v\u00e2nzare la licita\u021bie pe PistonAddict.com cu transmisie automat\u0103 \u0219i doar 36 971 km.\" \/>\n<meta property=\"og:url\" content=\"https:\/\/pistonaddict.com\/ro\/product\/ferrari-412\/\" \/>\n<meta property=\"og:site_name\" content=\"Piston Addict\" \/>\n<meta property=\"article:modified_time\" content=\"2024-03-19T16:50:58+00:00\" \/>\n<meta property=\"og:image\" content=\"https:\/\/pistonaddict.com\/wp-content\/uploads\/2023\/04\/LuxurycarLondonApril11PistonAddict_0358-scaled.jpg\" \/>\n\t<meta property=\"og:image:width\" content=\"2560\" \/>\n\t<meta property=\"og:image:height\" content=\"1737\" \/>\n\t<meta property=\"og:image:type\" content=\"image\/jpeg\" \/>\n<meta name=\"twitter:card\" content=\"summary_large_image\" \/>\n<meta name=\"twitter:label1\" content=\"Timp estimat pentru citire\" \/>\n\t<meta name=\"twitter:data1\" content=\"3 minute\" \/>\n<script type=\"application\/ld+json\" class=\"yoast-schema-graph\">{\"@context\":\"https:\/\/schema.org\",\"@graph\":[{\"@type\":\"WebPage\",\"@id\":\"https:\/\/pistonaddict.com\/ro\/product\/ferrari-412\/\",\"url\":\"https:\/\/pistonaddict.com\/ro\/product\/ferrari-412\/\",\"name\":\"Ferrari 412 licita\u021bie - Piston Addict\",\"isPartOf\":{\"@id\":\"https:\/\/pistonaddict.com\/ro\/#website\"},\"primaryImageOfPage\":{\"@id\":\"https:\/\/pistonaddict.com\/ro\/product\/ferrari-412\/#primaryimage\"},\"image\":{\"@id\":\"https:\/\/pistonaddict.com\/ro\/product\/ferrari-412\/#primaryimage\"},\"thumbnailUrl\":\"https:\/\/pistonaddict.com\/wp-content\/uploads\/2023\/04\/LuxurycarLondonApril11PistonAddict_0358-scaled.jpg\",\"datePublished\":\"2023-04-19T14:55:04+00:00\",\"dateModified\":\"2024-03-19T16:50:58+00:00\",\"description\":\"Vezi acest Ferrari 412 de v\u00e2nzare la licita\u021bie pe PistonAddict.com cu transmisie automat\u0103 \u0219i doar 36 971 km.\",\"breadcrumb\":{\"@id\":\"https:\/\/pistonaddict.com\/ro\/product\/ferrari-412\/#breadcrumb\"},\"inLanguage\":\"ro-RO\",\"potentialAction\":[{\"@type\":\"ReadAction\",\"target\":[\"https:\/\/pistonaddict.com\/ro\/product\/ferrari-412\/\"]}]},{\"@type\":\"ImageObject\",\"inLanguage\":\"ro-RO\",\"@id\":\"https:\/\/pistonaddict.com\/ro\/product\/ferrari-412\/#primaryimage\",\"url\":\"https:\/\/pistonaddict.com\/wp-content\/uploads\/2023\/04\/LuxurycarLondonApril11PistonAddict_0358-scaled.jpg\",\"contentUrl\":\"https:\/\/pistonaddict.com\/wp-content\/uploads\/2023\/04\/LuxurycarLondonApril11PistonAddict_0358-scaled.jpg\",\"width\":2560,\"height\":1737},{\"@type\":\"BreadcrumbList\",\"@id\":\"https:\/\/pistonaddict.com\/ro\/product\/ferrari-412\/#breadcrumb\",\"itemListElement\":[{\"@type\":\"ListItem\",\"position\":1,\"name\":\"Pagina principala\",\"item\":\"https:\/\/pistonaddict.com\/ro\/pagina-de-start\/\"},{\"@type\":\"ListItem\",\"position\":2,\"name\":\"Auctions\",\"item\":\"https:\/\/pistonaddict.com\/auctions-listing\/\"},{\"@type\":\"ListItem\",\"position\":3,\"name\":\"Ferrari 412\"}]},{\"@type\":\"WebSite\",\"@id\":\"https:\/\/pistonaddict.com\/ro\/#website\",\"url\":\"https:\/\/pistonaddict.com\/ro\/\",\"name\":\"Piston Addict\",\"description\":\"Only interesting vehicles\",\"publisher\":{\"@id\":\"https:\/\/pistonaddict.com\/ro\/#organization\"},\"potentialAction\":[{\"@type\":\"SearchAction\",\"target\":{\"@type\":\"EntryPoint\",\"urlTemplate\":\"https:\/\/pistonaddict.com\/ro\/?s={search_term_string}\"},\"query-input\":\"required name=search_term_string\"}],\"inLanguage\":\"ro-RO\"},{\"@type\":\"Organization\",\"@id\":\"https:\/\/pistonaddict.com\/ro\/#organization\",\"name\":\"Piston Addict\",\"url\":\"https:\/\/pistonaddict.com\/ro\/\",\"logo\":{\"@type\":\"ImageObject\",\"inLanguage\":\"ro-RO\",\"@id\":\"https:\/\/pistonaddict.com\/ro\/#\/schema\/logo\/image\/\",\"url\":\"https:\/\/pistonaddict.com\/wp-content\/uploads\/2022\/07\/logo-6.png\",\"contentUrl\":\"https:\/\/pistonaddict.com\/wp-content\/uploads\/2022\/07\/logo-6.png\",\"width\":970,\"height\":200,\"caption\":\"Piston Addict\"},\"image\":{\"@id\":\"https:\/\/pistonaddict.com\/ro\/#\/schema\/logo\/image\/\"}}]}<\/script>\n<!-- \/ Yoast SEO plugin. -->","yoast_head_json":{"title":"Ferrari 412 licita\u021bie - Piston Addict","description":"Vezi acest Ferrari 412 de v\u00e2nzare la licita\u021bie pe PistonAddict.com cu transmisie automat\u0103 \u0219i doar 36 971 km.","robots":{"index":"index","follow":"follow","max-snippet":"max-snippet:-1","max-image-preview":"max-image-preview:large","max-video-preview":"max-video-preview:-1"},"canonical":"https:\/\/pistonaddict.com\/ro\/product\/ferrari-412\/","og_locale":"ro_RO","og_type":"article","og_title":"Ferrari 412 licita\u021bie - Piston Addict","og_description":"Vezi acest Ferrari 412 de v\u00e2nzare la licita\u021bie pe PistonAddict.com cu transmisie automat\u0103 \u0219i doar 36 971 km.","og_url":"https:\/\/pistonaddict.com\/ro\/product\/ferrari-412\/","og_site_name":"Piston Addict","article_modified_time":"2024-03-19T16:50:58+00:00","og_image":[{"width":2560,"height":1737,"url":"https:\/\/pistonaddict.com\/wp-content\/uploads\/2023\/04\/LuxurycarLondonApril11PistonAddict_0358-scaled.jpg","type":"image\/jpeg"}],"twitter_card":"summary_large_image","twitter_misc":{"Timp estimat pentru citire":"3 minute"},"schema":{"@context":"https:\/\/schema.org","@graph":[{"@type":"WebPage","@id":"https:\/\/pistonaddict.com\/ro\/product\/ferrari-412\/","url":"https:\/\/pistonaddict.com\/ro\/product\/ferrari-412\/","name":"Ferrari 412 licita\u021bie - Piston Addict","isPartOf":{"@id":"https:\/\/pistonaddict.com\/ro\/#website"},"primaryImageOfPage":{"@id":"https:\/\/pistonaddict.com\/ro\/product\/ferrari-412\/#primaryimage"},"image":{"@id":"https:\/\/pistonaddict.com\/ro\/product\/ferrari-412\/#primaryimage"},"thumbnailUrl":"https:\/\/pistonaddict.com\/wp-content\/uploads\/2023\/04\/LuxurycarLondonApril11PistonAddict_0358-scaled.jpg","datePublished":"2023-04-19T14:55:04+00:00","dateModified":"2024-03-19T16:50:58+00:00","description":"Vezi acest Ferrari 412 de v\u00e2nzare la licita\u021bie pe PistonAddict.com cu transmisie automat\u0103 \u0219i doar 36 971 km.","breadcrumb":{"@id":"https:\/\/pistonaddict.com\/ro\/product\/ferrari-412\/#breadcrumb"},"inLanguage":"ro-RO","potentialAction":[{"@type":"ReadAction","target":["https:\/\/pistonaddict.com\/ro\/product\/ferrari-412\/"]}]},{"@type":"ImageObject","inLanguage":"ro-RO","@id":"https:\/\/pistonaddict.com\/ro\/product\/ferrari-412\/#primaryimage","url":"https:\/\/pistonaddict.com\/wp-content\/uploads\/2023\/04\/LuxurycarLondonApril11PistonAddict_0358-scaled.jpg","contentUrl":"https:\/\/pistonaddict.com\/wp-content\/uploads\/2023\/04\/LuxurycarLondonApril11PistonAddict_0358-scaled.jpg","width":2560,"height":1737},{"@type":"BreadcrumbList","@id":"https:\/\/pistonaddict.com\/ro\/product\/ferrari-412\/#breadcrumb","itemListElement":[{"@type":"ListItem","position":1,"name":"Pagina principala","item":"https:\/\/pistonaddict.com\/ro\/pagina-de-start\/"},{"@type":"ListItem","position":2,"name":"Auctions","item":"https:\/\/pistonaddict.com\/auctions-listing\/"},{"@type":"ListItem","position":3,"name":"Ferrari 412"}]},{"@type":"WebSite","@id":"https:\/\/pistonaddict.com\/ro\/#website","url":"https:\/\/pistonaddict.com\/ro\/","name":"Piston Addict","description":"Only interesting vehicles","publisher":{"@id":"https:\/\/pistonaddict.com\/ro\/#organization"},"potentialAction":[{"@type":"SearchAction","target":{"@type":"EntryPoint","urlTemplate":"https:\/\/pistonaddict.com\/ro\/?s={search_term_string}"},"query-input":"required name=search_term_string"}],"inLanguage":"ro-RO"},{"@type":"Organization","@id":"https:\/\/pistonaddict.com\/ro\/#organization","name":"Piston Addict","url":"https:\/\/pistonaddict.com\/ro\/","logo":{"@type":"ImageObject","inLanguage":"ro-RO","@id":"https:\/\/pistonaddict.com\/ro\/#\/schema\/logo\/image\/","url":"https:\/\/pistonaddict.com\/wp-content\/uploads\/2022\/07\/logo-6.png","contentUrl":"https:\/\/pistonaddict.com\/wp-content\/uploads\/2022\/07\/logo-6.png","width":970,"height":200,"caption":"Piston Addict"},"image":{"@id":"https:\/\/pistonaddict.com\/ro\/#\/schema\/logo\/image\/"}}]}},"_links":{"self":[{"href":"https:\/\/pistonaddict.com\/ro\/wp-json\/wp\/v2\/product\/37949"}],"collection":[{"href":"https:\/\/pistonaddict.com\/ro\/wp-json\/wp\/v2\/product"}],"about":[{"href":"https:\/\/pistonaddict.com\/ro\/wp-json\/wp\/v2\/types\/product"}],"replies":[{"embeddable":true,"href":"https:\/\/pistonaddict.com\/ro\/wp-json\/wp\/v2\/comments?post=37949"}],"wp:featuredmedia":[{"embeddable":true,"href":"https:\/\/pistonaddict.com\/ro\/wp-json\/wp\/v2\/media\/37885"}],"wp:attachment":[{"href":"https:\/\/pistonaddict.com\/ro\/wp-json\/wp\/v2\/media?parent=37949"}],"wp:term":[{"taxonomy":"product_cat","embeddable":true,"href":"https:\/\/pistonaddict.com\/ro\/wp-json\/wp\/v2\/product_cat?post=37949"},{"taxonomy":"product_tag","embeddable":true,"href":"https:\/\/pistonaddict.com\/ro\/wp-json\/wp\/v2\/product_tag?post=37949"}],"curies":[{"name":"wp","href":"https:\/\/api.w.org\/{rel}","templated":true}]}}