{"id":35650,"date":"2023-04-19T15:45:16","date_gmt":"2023-04-19T13:45:16","guid":{"rendered":"https:\/\/pistonaddict.com\/product\/bmw-m4\/"},"modified":"2024-03-19T17:50:54","modified_gmt":"2024-03-19T16:50:54","slug":"bmw-m4","status":"publish","type":"product","link":"https:\/\/pistonaddict.com\/ro\/product\/bmw-m4\/","title":{"rendered":"BMW M4"},"content":{"rendered":"<p><strong>Istoria ma\u0219inii<\/strong><\/p>\n<p>Seria F82 M4 a reprezentat un pas important pentru BMW atunci c\u00e2nd a debutat \u00een 2014. A fost primul produs M care a fost dotat cu un motor turbo cu \u0219ase cilindri, un sistem de servodirec\u021bie electric\u0103 \u0219i o utilizare extins\u0103 a fibrei de carbon \u00een construc\u021bia ma\u0219inii. Rezultatul a fost o ma\u0219in\u0103 de condus fantastic\u0103, cu 425 CP \u00een varianta de serie, suspensie echilibrat\u0103 \u0219i performan\u021be sublime. F82 a fost, de asemenea, primul model care a folosit placa de identificare M4, care era denumirea pentru versiunea coupe a modelului M3. Acest exemplar special a fost produs \u00een 2017 \u0219i este un model ulterior mai dorit \u0219i \u00eembun\u0103t\u0103\u021bit. Cu toate acestea, ceea ce este cel mai interesant la aceast\u0103 ma\u0219in\u0103 sunt specifica\u021biile, starea \u0219i kilometrajul. Cu pu\u021bin peste 3.500 km (2.000 de mile) la ceas, este practic o ma\u0219in\u0103 nou\u0103, ceea ce o face un vehicul de calitate investi\u021bional\u0103. Dar acest M4 este, de asemenea, foarte bine echipat \u0219i modificat cu gust pentru a oferi mai mult\u0103 putere, o manevrabilitate mai bun\u0103 \u0219i o dinamic\u0103 general\u0103 impresionant\u0103 a condusului. Acesta a fost comandat nou de c\u0103tre un client VIP al BMW, care \u0219tia exact cum s\u0103 \u00ee\u0219i defineasc\u0103 modelul M4 perfect.<\/p>\n<p><strong> <\/strong><strong>Stare<\/strong><\/p>\n<p>Kilometrajul minim asigur\u0103 faptul c\u0103 acest M4 este \u00een stare perfect\u0103, f\u0103r\u0103 defec\u021biuni mecanice, f\u0103r\u0103 daune de accident \u0219i cu un service recent efectuat \u00een februarie 2022. Cu toate acestea, pe l\u00e2ng\u0103 lista impresionant\u0103 de dot\u0103ri din fabric\u0103, acest vehicul are o suspensie modificat\u0103 \u0219i se afl\u0103 mai jos dec\u00e2t cea de serie, asigur\u00e2nd o manevrabilitate \u0219i o senza\u021bie de condus \u0219i mai bun\u0103. Totu\u0219i, acesta este doar \u00eenceputul, iar proprietarul original al acestei ma\u0219ini a instalat un sistem de evacuare Akrapovi\u010d din titan cu termina\u021bii din carbon care spore\u0219te sunetul acelui celebru motor cu \u0219ase cilindri \u00een linie. \u00cembun\u0103t\u0103\u021birea exteriorului a fost completat\u0103 cu un splitter fa\u021b\u0103 din carbon, un spoiler spate \u0219i jante aftermarket. Interesant este faptul c\u0103, de\u0219i cei 425 CP sunt destul de mul\u021bi, proprietarul ini\u021bial a \u00eembun\u0103t\u0103\u021bit performan\u021bele, iar motorul dezvolt\u0103 acum 510 CP, ceea ce face din acest M4 o ma\u0219in\u0103 foarte competent\u0103. Transmisia aleas\u0103 este transmisia automat\u0103 DCT cu 7 trepte de la BMW, care este o alegere inteligent\u0103 ce combin\u0103 confortul \u0219i performan\u021ba. Acest vehicul este echipat cu discuri de fr\u00e2n\u0103 ceramice op\u021bionale.<\/p>\n<p><strong>Interior<\/strong><\/p>\n<p>\u00cembr\u0103cat \u00een piele neagr\u0103, cu scaune specifice M \u0219i accente de carbon, interiorul nu prezint\u0103 semne de utilizare. Cu o pozi\u021bie perfect\u0103 a scaunelor, un sistem audio premium \u0219i faimosul sistem de infotainment iDrive de la BMW, petrecerea timpului \u00een acest M4 va fi o bucurie \u00een timp ce parcurge\u021bi kilometri cu o vitez\u0103 uimitoare. Nu exist\u0103 modific\u0103ri la interior, iar lista de dot\u0103ri op\u021bionale \u0219i de confort este foarte lung\u0103.<\/p>\n<p><strong>Exterior \u0219i ro\u021bi<\/strong><\/p>\n<p>Finisat \u00eentr-o nuan\u021b\u0103 izbitoare de Austin Yellow Metallic, acest M4 are un exterior impecabil, cu toate piesele de finisare prezente \u0219i nemarcate. Piesele din carbon fac parte din catalogul M Performance Accessories \u0219i se potrivesc perfect. Un detaliu notabil este reprezentat de jantele aftermarket HRE, care se asorteaz\u0103 cu exteriorul \u0219i sunt mai u\u0219oare \u0219i mai rezistente dec\u00e2t cele din fabric\u0103.<\/p>\n<p><strong>Documenta\u021bie<\/strong><\/p>\n<p>Acesta este un vehicul proprietate privat\u0103, cu documente corespunz\u0103toare, situat \u00een Londra, Marea Britanie. Raportul CarVertical este curat; nu exist\u0103 dovezi de accidente, repara\u021bii \u00een caz de accident sau probleme legale. Exist\u0103 \u00eenregistr\u0103ri privind \u00eentre\u021binerea periodic\u0103.<\/p>\n","protected":false},"excerpt":{"rendered":"<p>Exist\u0103 un motiv \u00eentemeiat pentru care BMW M4 este at\u00e2t de respectat printre fanii ma\u0219inilor de performan\u021b\u0103. Nicio alt\u0103 ma\u0219in\u0103 din clasa sa nu poate oferi o dinamic\u0103 impresionant\u0103 de ma\u0219in\u0103 sport \u0219i o utilizare zilnic\u0103 precum M4 din seria F82. Aceast\u0103 ma\u0219in\u0103 este un exemplu perfect, u\u0219or modificat\u0103 pentru a face condusul \u0219i mai bun, cu un kilometraj minim, bine \u00eengrijit\u0103 \u0219i preg\u0103tit\u0103 pentru urm\u0103torul proprietar.<\/p>\n","protected":false},"featured_media":35438,"comment_status":"open","ping_status":"closed","template":"","meta":{"inline_featured_image":false},"product_cat":[744],"product_tag":[1421,1417,1419,934],"acf":[],"yoast_head":"<!-- This site is optimized with the Yoast SEO plugin v22.5 - https:\/\/yoast.com\/wordpress\/plugins\/seo\/ -->\n<title>BMW M4 licita\u021bie - Piston Addict<\/title>\n<meta name=\"description\" content=\"Verifica\u021bi acest BMW M4 de v\u00e2nzare la licita\u021bie pe PistonAddict.com cu transmisie automat\u0103 \u0219i doar 2053 mile.\" \/>\n<meta name=\"robots\" content=\"index, follow, max-snippet:-1, max-image-preview:large, max-video-preview:-1\" \/>\n<link rel=\"canonical\" href=\"https:\/\/pistonaddict.com\/ro\/product\/bmw-m4\/\" \/>\n<meta property=\"og:locale\" content=\"ro_RO\" \/>\n<meta property=\"og:type\" content=\"article\" \/>\n<meta property=\"og:title\" content=\"BMW M4 licita\u021bie - Piston Addict\" \/>\n<meta property=\"og:description\" content=\"Verifica\u021bi acest BMW M4 de v\u00e2nzare la licita\u021bie pe PistonAddict.com cu transmisie automat\u0103 \u0219i doar 2053 mile.\" \/>\n<meta property=\"og:url\" content=\"https:\/\/pistonaddict.com\/ro\/product\/bmw-m4\/\" \/>\n<meta property=\"og:site_name\" content=\"Piston Addict\" \/>\n<meta property=\"article:modified_time\" content=\"2024-03-19T16:50:54+00:00\" \/>\n<meta property=\"og:image\" content=\"https:\/\/pistonaddict.com\/wp-content\/uploads\/2023\/04\/LuxurycarLondonApril11PistonAddict_0647-scaled.jpg\" \/>\n\t<meta property=\"og:image:width\" content=\"2560\" \/>\n\t<meta property=\"og:image:height\" content=\"1708\" \/>\n\t<meta property=\"og:image:type\" content=\"image\/jpeg\" \/>\n<meta name=\"twitter:card\" content=\"summary_large_image\" \/>\n<meta name=\"twitter:label1\" content=\"Timp estimat pentru citire\" \/>\n\t<meta name=\"twitter:data1\" content=\"3 minute\" \/>\n<script type=\"application\/ld+json\" class=\"yoast-schema-graph\">{\"@context\":\"https:\/\/schema.org\",\"@graph\":[{\"@type\":\"WebPage\",\"@id\":\"https:\/\/pistonaddict.com\/ro\/product\/bmw-m4\/\",\"url\":\"https:\/\/pistonaddict.com\/ro\/product\/bmw-m4\/\",\"name\":\"BMW M4 licita\u021bie - Piston Addict\",\"isPartOf\":{\"@id\":\"https:\/\/pistonaddict.com\/ro\/#website\"},\"primaryImageOfPage\":{\"@id\":\"https:\/\/pistonaddict.com\/ro\/product\/bmw-m4\/#primaryimage\"},\"image\":{\"@id\":\"https:\/\/pistonaddict.com\/ro\/product\/bmw-m4\/#primaryimage\"},\"thumbnailUrl\":\"https:\/\/pistonaddict.com\/wp-content\/uploads\/2023\/04\/LuxurycarLondonApril11PistonAddict_0647-scaled.jpg\",\"datePublished\":\"2023-04-19T13:45:16+00:00\",\"dateModified\":\"2024-03-19T16:50:54+00:00\",\"description\":\"Verifica\u021bi acest BMW M4 de v\u00e2nzare la licita\u021bie pe PistonAddict.com cu transmisie automat\u0103 \u0219i doar 2053 mile.\",\"breadcrumb\":{\"@id\":\"https:\/\/pistonaddict.com\/ro\/product\/bmw-m4\/#breadcrumb\"},\"inLanguage\":\"ro-RO\",\"potentialAction\":[{\"@type\":\"ReadAction\",\"target\":[\"https:\/\/pistonaddict.com\/ro\/product\/bmw-m4\/\"]}]},{\"@type\":\"ImageObject\",\"inLanguage\":\"ro-RO\",\"@id\":\"https:\/\/pistonaddict.com\/ro\/product\/bmw-m4\/#primaryimage\",\"url\":\"https:\/\/pistonaddict.com\/wp-content\/uploads\/2023\/04\/LuxurycarLondonApril11PistonAddict_0647-scaled.jpg\",\"contentUrl\":\"https:\/\/pistonaddict.com\/wp-content\/uploads\/2023\/04\/LuxurycarLondonApril11PistonAddict_0647-scaled.jpg\",\"width\":2560,\"height\":1708},{\"@type\":\"BreadcrumbList\",\"@id\":\"https:\/\/pistonaddict.com\/ro\/product\/bmw-m4\/#breadcrumb\",\"itemListElement\":[{\"@type\":\"ListItem\",\"position\":1,\"name\":\"Pagina principala\",\"item\":\"https:\/\/pistonaddict.com\/ro\/pagina-de-start\/\"},{\"@type\":\"ListItem\",\"position\":2,\"name\":\"Auctions\",\"item\":\"https:\/\/pistonaddict.com\/auctions-listing\/\"},{\"@type\":\"ListItem\",\"position\":3,\"name\":\"BMW M4\"}]},{\"@type\":\"WebSite\",\"@id\":\"https:\/\/pistonaddict.com\/ro\/#website\",\"url\":\"https:\/\/pistonaddict.com\/ro\/\",\"name\":\"Piston Addict\",\"description\":\"Only interesting vehicles\",\"publisher\":{\"@id\":\"https:\/\/pistonaddict.com\/ro\/#organization\"},\"potentialAction\":[{\"@type\":\"SearchAction\",\"target\":{\"@type\":\"EntryPoint\",\"urlTemplate\":\"https:\/\/pistonaddict.com\/ro\/?s={search_term_string}\"},\"query-input\":\"required name=search_term_string\"}],\"inLanguage\":\"ro-RO\"},{\"@type\":\"Organization\",\"@id\":\"https:\/\/pistonaddict.com\/ro\/#organization\",\"name\":\"Piston Addict\",\"url\":\"https:\/\/pistonaddict.com\/ro\/\",\"logo\":{\"@type\":\"ImageObject\",\"inLanguage\":\"ro-RO\",\"@id\":\"https:\/\/pistonaddict.com\/ro\/#\/schema\/logo\/image\/\",\"url\":\"https:\/\/pistonaddict.com\/wp-content\/uploads\/2022\/07\/logo-6.png\",\"contentUrl\":\"https:\/\/pistonaddict.com\/wp-content\/uploads\/2022\/07\/logo-6.png\",\"width\":970,\"height\":200,\"caption\":\"Piston Addict\"},\"image\":{\"@id\":\"https:\/\/pistonaddict.com\/ro\/#\/schema\/logo\/image\/\"}}]}<\/script>\n<!-- \/ Yoast SEO plugin. -->","yoast_head_json":{"title":"BMW M4 licita\u021bie - Piston Addict","description":"Verifica\u021bi acest BMW M4 de v\u00e2nzare la licita\u021bie pe PistonAddict.com cu transmisie automat\u0103 \u0219i doar 2053 mile.","robots":{"index":"index","follow":"follow","max-snippet":"max-snippet:-1","max-image-preview":"max-image-preview:large","max-video-preview":"max-video-preview:-1"},"canonical":"https:\/\/pistonaddict.com\/ro\/product\/bmw-m4\/","og_locale":"ro_RO","og_type":"article","og_title":"BMW M4 licita\u021bie - Piston Addict","og_description":"Verifica\u021bi acest BMW M4 de v\u00e2nzare la licita\u021bie pe PistonAddict.com cu transmisie automat\u0103 \u0219i doar 2053 mile.","og_url":"https:\/\/pistonaddict.com\/ro\/product\/bmw-m4\/","og_site_name":"Piston Addict","article_modified_time":"2024-03-19T16:50:54+00:00","og_image":[{"width":2560,"height":1708,"url":"https:\/\/pistonaddict.com\/wp-content\/uploads\/2023\/04\/LuxurycarLondonApril11PistonAddict_0647-scaled.jpg","type":"image\/jpeg"}],"twitter_card":"summary_large_image","twitter_misc":{"Timp estimat pentru citire":"3 minute"},"schema":{"@context":"https:\/\/schema.org","@graph":[{"@type":"WebPage","@id":"https:\/\/pistonaddict.com\/ro\/product\/bmw-m4\/","url":"https:\/\/pistonaddict.com\/ro\/product\/bmw-m4\/","name":"BMW M4 licita\u021bie - Piston Addict","isPartOf":{"@id":"https:\/\/pistonaddict.com\/ro\/#website"},"primaryImageOfPage":{"@id":"https:\/\/pistonaddict.com\/ro\/product\/bmw-m4\/#primaryimage"},"image":{"@id":"https:\/\/pistonaddict.com\/ro\/product\/bmw-m4\/#primaryimage"},"thumbnailUrl":"https:\/\/pistonaddict.com\/wp-content\/uploads\/2023\/04\/LuxurycarLondonApril11PistonAddict_0647-scaled.jpg","datePublished":"2023-04-19T13:45:16+00:00","dateModified":"2024-03-19T16:50:54+00:00","description":"Verifica\u021bi acest BMW M4 de v\u00e2nzare la licita\u021bie pe PistonAddict.com cu transmisie automat\u0103 \u0219i doar 2053 mile.","breadcrumb":{"@id":"https:\/\/pistonaddict.com\/ro\/product\/bmw-m4\/#breadcrumb"},"inLanguage":"ro-RO","potentialAction":[{"@type":"ReadAction","target":["https:\/\/pistonaddict.com\/ro\/product\/bmw-m4\/"]}]},{"@type":"ImageObject","inLanguage":"ro-RO","@id":"https:\/\/pistonaddict.com\/ro\/product\/bmw-m4\/#primaryimage","url":"https:\/\/pistonaddict.com\/wp-content\/uploads\/2023\/04\/LuxurycarLondonApril11PistonAddict_0647-scaled.jpg","contentUrl":"https:\/\/pistonaddict.com\/wp-content\/uploads\/2023\/04\/LuxurycarLondonApril11PistonAddict_0647-scaled.jpg","width":2560,"height":1708},{"@type":"BreadcrumbList","@id":"https:\/\/pistonaddict.com\/ro\/product\/bmw-m4\/#breadcrumb","itemListElement":[{"@type":"ListItem","position":1,"name":"Pagina principala","item":"https:\/\/pistonaddict.com\/ro\/pagina-de-start\/"},{"@type":"ListItem","position":2,"name":"Auctions","item":"https:\/\/pistonaddict.com\/auctions-listing\/"},{"@type":"ListItem","position":3,"name":"BMW M4"}]},{"@type":"WebSite","@id":"https:\/\/pistonaddict.com\/ro\/#website","url":"https:\/\/pistonaddict.com\/ro\/","name":"Piston Addict","description":"Only interesting vehicles","publisher":{"@id":"https:\/\/pistonaddict.com\/ro\/#organization"},"potentialAction":[{"@type":"SearchAction","target":{"@type":"EntryPoint","urlTemplate":"https:\/\/pistonaddict.com\/ro\/?s={search_term_string}"},"query-input":"required name=search_term_string"}],"inLanguage":"ro-RO"},{"@type":"Organization","@id":"https:\/\/pistonaddict.com\/ro\/#organization","name":"Piston Addict","url":"https:\/\/pistonaddict.com\/ro\/","logo":{"@type":"ImageObject","inLanguage":"ro-RO","@id":"https:\/\/pistonaddict.com\/ro\/#\/schema\/logo\/image\/","url":"https:\/\/pistonaddict.com\/wp-content\/uploads\/2022\/07\/logo-6.png","contentUrl":"https:\/\/pistonaddict.com\/wp-content\/uploads\/2022\/07\/logo-6.png","width":970,"height":200,"caption":"Piston Addict"},"image":{"@id":"https:\/\/pistonaddict.com\/ro\/#\/schema\/logo\/image\/"}}]}},"_links":{"self":[{"href":"https:\/\/pistonaddict.com\/ro\/wp-json\/wp\/v2\/product\/35650"}],"collection":[{"href":"https:\/\/pistonaddict.com\/ro\/wp-json\/wp\/v2\/product"}],"about":[{"href":"https:\/\/pistonaddict.com\/ro\/wp-json\/wp\/v2\/types\/product"}],"replies":[{"embeddable":true,"href":"https:\/\/pistonaddict.com\/ro\/wp-json\/wp\/v2\/comments?post=35650"}],"wp:featuredmedia":[{"embeddable":true,"href":"https:\/\/pistonaddict.com\/ro\/wp-json\/wp\/v2\/media\/35438"}],"wp:attachment":[{"href":"https:\/\/pistonaddict.com\/ro\/wp-json\/wp\/v2\/media?parent=35650"}],"wp:term":[{"taxonomy":"product_cat","embeddable":true,"href":"https:\/\/pistonaddict.com\/ro\/wp-json\/wp\/v2\/product_cat?post=35650"},{"taxonomy":"product_tag","embeddable":true,"href":"https:\/\/pistonaddict.com\/ro\/wp-json\/wp\/v2\/product_tag?post=35650"}],"curies":[{"name":"wp","href":"https:\/\/api.w.org\/{rel}","templated":true}]}}