{"id":34598,"date":"2023-04-19T15:06:28","date_gmt":"2023-04-19T13:06:28","guid":{"rendered":"https:\/\/pistonaddict.com\/product\/bentley-flying-spur\/"},"modified":"2024-03-19T17:50:09","modified_gmt":"2024-03-19T16:50:09","slug":"bentley-flying-spur","status":"publish","type":"product","link":"https:\/\/pistonaddict.com\/ro\/product\/bentley-flying-spur\/","title":{"rendered":"Bentley Flying Spur"},"content":{"rendered":"<p><strong>Istoria ma\u0219inii<\/strong><\/p>\n<p>Acest Flying Spur este unul dintre primele astfel de ma\u0219ini livrate la sf\u00e2r\u0219itul anului 2020 unor clien\u021bi VIP bine-cunoscu\u021bi ai Bentley. Este ma\u0219ina unui singur proprietar \u0219i a parcurs doar 8359 km. Finisat \u00een culoarea verde de dorit, cu piele t\u0103b\u0103cit\u0103 asortat\u0103, acest Flying Spur a beneficiat de un pachet de ornamente exterioare black-out \u0219i este un model First Edition. \u00cen lumea Bentley, modelele First Edition sunt \u00eentotdeauna cele mai dezirabile datorit\u0103 culorilor specifice \u0219i unice, a detaliilor fine \u0219i a echipamentelor care sunt adesea op\u021bionale pe ma\u0219inile cu specifica\u021bii standard.<\/p>\n<p><strong>Starea ma\u0219inii<\/strong><\/p>\n<p>Fiind unul dintre cele mai \u00eenalte specifica\u021bii ale Bentley Flying Spurs, proprietarul original \u0219i actual nu numai c\u0103 a achizi\u021bionat pachetul First Edition, dar a ad\u0103ugat numeroase caracteristici \u0219i echipamente la fi\u0219a tehnic\u0103 deja impresionant\u0103. Motorul op\u021bional W12 de 6,0 litri dezvolt\u0103 626 CP \u0219i poate lansa acest sedan de super-lux cu un sprint impresionant de la 0 la 100 km\/h \u00een 3,5 secunde. Ceea ce este \u0219i mai fascinant este viteza maxim\u0103, iar dac\u0103 te afli pe o por\u021biune nerestric\u021bionat\u0103 a Autobahn-ului, po\u021bi atinge 333 km\/h! Suntem siguri c\u0103, chiar \u0219i la aceast\u0103 vitez\u0103, acest Flying Spur va fi stabil \u0219i confortabil.<\/p>\n<p><strong>Exterior \u0219i ro\u021bi<\/strong><\/p>\n<p>Datorit\u0103 \u00eentre\u021binerii meticuloase, a unui garaj cu clim\u0103 controlat\u0103 \u0219i a kilometrilor mici, acest Flying Spur este v\u00e2ndut cu vopseaua \u00een stare perfect\u0103, f\u0103r\u0103 daune la exterior (sau interior) \u0219i cu ro\u021bile originale. Unul dintre micile, dar interesantele detalii este acoperi\u0219ul negru, care se aliniaz\u0103 perfect cu ornamentele exterioare negre \u0219i accentueaz\u0103 \u0219i mai mult caracterul sportiv al acestui sedan elegant.<\/p>\n<p><strong>Interior<\/strong><\/p>\n<p>Una dintre cele mai fascinante p\u0103r\u021bi ale acestei ma\u0219ini este interiorul. Conceput ca o \u00eembinare perfect\u0103 \u00eentre tehnologia modern\u0103 \u0219i abordarea clasic\u0103 a luxului, acest Flying Spur este \u00eembr\u0103cat \u00een piele bronzat\u0103 de dorit, cu inser\u021bii de piele \u0219i lemn de culoare verde contrastant\u0103. Plin de tot felul de dot\u0103ri, folia de protec\u021bie poate fi g\u0103sit\u0103 pe unele piese cromate, ceea ce arat\u0103 c\u0103 aceast\u0103 ma\u0219in\u0103 a fost abia folosit\u0103.<\/p>\n<p><strong>Documenta\u021bie<\/strong><\/p>\n<p>Acesta este un vehicul proprietate privat\u0103, cu documente corespunz\u0103toare, situat \u00een Londra, Marea Britanie. Raportul CarVertical este curat; nu exist\u0103 dovezi de accidente, repara\u021bii \u00een caz de accident sau probleme legale. Exist\u0103 \u00eenregistr\u0103ri privind \u00eentre\u021binerea periodic\u0103.<\/p>\n","protected":false},"excerpt":{"rendered":"<p>La fel ca mul\u021bi dintre concuren\u021bii s\u0103i, Bentley se va orienta c\u0103tre modele EV \u00een viitorul apropiat. Acest lucru \u00eenseamn\u0103 c\u0103 aceasta ar putea fi ultima \u0219ans\u0103 de a achizi\u021biona o ma\u0219in\u0103 de lux maiestuoas\u0103, cu motor cu ardere intern\u0103, precum acest Flying Spur, cu specifica\u021bii foarte dorite \u0219i \u00een stare ca nou. Propulsat de motorul W12 caracteristic, acesta este un exemplar unic, perfect pentru cunosc\u0103torii de Bentley.<\/p>\n","protected":false},"featured_media":34093,"comment_status":"open","ping_status":"closed","template":"","meta":{"inline_featured_image":false},"product_cat":[744],"product_tag":[1366,1360,1363,934],"acf":[],"yoast_head":"<!-- This site is optimized with the Yoast SEO plugin v22.5 - https:\/\/yoast.com\/wordpress\/plugins\/seo\/ -->\n<title>Bentley Flying Spur licita\u021bie - Piston Addict<\/title>\n<meta name=\"description\" content=\"Vezi acest Bentley Flying Spur de v\u00e2nzare la licita\u021bie pe PistonAddict.com cu transmisie automat\u0103 \u0219i doar 8359 km.\" \/>\n<meta name=\"robots\" content=\"index, follow, max-snippet:-1, max-image-preview:large, max-video-preview:-1\" \/>\n<link rel=\"canonical\" href=\"https:\/\/pistonaddict.com\/ro\/product\/bentley-flying-spur\/\" \/>\n<meta property=\"og:locale\" content=\"ro_RO\" \/>\n<meta property=\"og:type\" content=\"article\" \/>\n<meta property=\"og:title\" content=\"Bentley Flying Spur licita\u021bie - Piston Addict\" \/>\n<meta property=\"og:description\" content=\"Vezi acest Bentley Flying Spur de v\u00e2nzare la licita\u021bie pe PistonAddict.com cu transmisie automat\u0103 \u0219i doar 8359 km.\" \/>\n<meta property=\"og:url\" content=\"https:\/\/pistonaddict.com\/ro\/product\/bentley-flying-spur\/\" \/>\n<meta property=\"og:site_name\" content=\"Piston Addict\" \/>\n<meta property=\"article:modified_time\" content=\"2024-03-19T16:50:09+00:00\" \/>\n<meta property=\"og:image\" content=\"https:\/\/pistonaddict.com\/wp-content\/uploads\/2023\/04\/LuxurycarLondonApril11PistonAddict_0433-scaled.jpg\" \/>\n\t<meta property=\"og:image:width\" content=\"2560\" \/>\n\t<meta property=\"og:image:height\" content=\"1505\" \/>\n\t<meta property=\"og:image:type\" content=\"image\/jpeg\" \/>\n<meta name=\"twitter:card\" content=\"summary_large_image\" \/>\n<meta name=\"twitter:label1\" content=\"Timp estimat pentru citire\" \/>\n\t<meta name=\"twitter:data1\" content=\"2 minute\" \/>\n<script type=\"application\/ld+json\" class=\"yoast-schema-graph\">{\"@context\":\"https:\/\/schema.org\",\"@graph\":[{\"@type\":\"WebPage\",\"@id\":\"https:\/\/pistonaddict.com\/ro\/product\/bentley-flying-spur\/\",\"url\":\"https:\/\/pistonaddict.com\/ro\/product\/bentley-flying-spur\/\",\"name\":\"Bentley Flying Spur licita\u021bie - Piston Addict\",\"isPartOf\":{\"@id\":\"https:\/\/pistonaddict.com\/ro\/#website\"},\"primaryImageOfPage\":{\"@id\":\"https:\/\/pistonaddict.com\/ro\/product\/bentley-flying-spur\/#primaryimage\"},\"image\":{\"@id\":\"https:\/\/pistonaddict.com\/ro\/product\/bentley-flying-spur\/#primaryimage\"},\"thumbnailUrl\":\"https:\/\/pistonaddict.com\/wp-content\/uploads\/2023\/04\/LuxurycarLondonApril11PistonAddict_0433-scaled.jpg\",\"datePublished\":\"2023-04-19T13:06:28+00:00\",\"dateModified\":\"2024-03-19T16:50:09+00:00\",\"description\":\"Vezi acest Bentley Flying Spur de v\u00e2nzare la licita\u021bie pe PistonAddict.com cu transmisie automat\u0103 \u0219i doar 8359 km.\",\"breadcrumb\":{\"@id\":\"https:\/\/pistonaddict.com\/ro\/product\/bentley-flying-spur\/#breadcrumb\"},\"inLanguage\":\"ro-RO\",\"potentialAction\":[{\"@type\":\"ReadAction\",\"target\":[\"https:\/\/pistonaddict.com\/ro\/product\/bentley-flying-spur\/\"]}]},{\"@type\":\"ImageObject\",\"inLanguage\":\"ro-RO\",\"@id\":\"https:\/\/pistonaddict.com\/ro\/product\/bentley-flying-spur\/#primaryimage\",\"url\":\"https:\/\/pistonaddict.com\/wp-content\/uploads\/2023\/04\/LuxurycarLondonApril11PistonAddict_0433-scaled.jpg\",\"contentUrl\":\"https:\/\/pistonaddict.com\/wp-content\/uploads\/2023\/04\/LuxurycarLondonApril11PistonAddict_0433-scaled.jpg\",\"width\":2560,\"height\":1505},{\"@type\":\"BreadcrumbList\",\"@id\":\"https:\/\/pistonaddict.com\/ro\/product\/bentley-flying-spur\/#breadcrumb\",\"itemListElement\":[{\"@type\":\"ListItem\",\"position\":1,\"name\":\"Pagina principala\",\"item\":\"https:\/\/pistonaddict.com\/ro\/pagina-de-start\/\"},{\"@type\":\"ListItem\",\"position\":2,\"name\":\"Auctions\",\"item\":\"https:\/\/pistonaddict.com\/auctions-listing\/\"},{\"@type\":\"ListItem\",\"position\":3,\"name\":\"Bentley Flying Spur\"}]},{\"@type\":\"WebSite\",\"@id\":\"https:\/\/pistonaddict.com\/ro\/#website\",\"url\":\"https:\/\/pistonaddict.com\/ro\/\",\"name\":\"Piston Addict\",\"description\":\"Only interesting vehicles\",\"publisher\":{\"@id\":\"https:\/\/pistonaddict.com\/ro\/#organization\"},\"potentialAction\":[{\"@type\":\"SearchAction\",\"target\":{\"@type\":\"EntryPoint\",\"urlTemplate\":\"https:\/\/pistonaddict.com\/ro\/?s={search_term_string}\"},\"query-input\":\"required name=search_term_string\"}],\"inLanguage\":\"ro-RO\"},{\"@type\":\"Organization\",\"@id\":\"https:\/\/pistonaddict.com\/ro\/#organization\",\"name\":\"Piston Addict\",\"url\":\"https:\/\/pistonaddict.com\/ro\/\",\"logo\":{\"@type\":\"ImageObject\",\"inLanguage\":\"ro-RO\",\"@id\":\"https:\/\/pistonaddict.com\/ro\/#\/schema\/logo\/image\/\",\"url\":\"https:\/\/pistonaddict.com\/wp-content\/uploads\/2022\/07\/logo-6.png\",\"contentUrl\":\"https:\/\/pistonaddict.com\/wp-content\/uploads\/2022\/07\/logo-6.png\",\"width\":970,\"height\":200,\"caption\":\"Piston Addict\"},\"image\":{\"@id\":\"https:\/\/pistonaddict.com\/ro\/#\/schema\/logo\/image\/\"}}]}<\/script>\n<!-- \/ Yoast SEO plugin. -->","yoast_head_json":{"title":"Bentley Flying Spur licita\u021bie - Piston Addict","description":"Vezi acest Bentley Flying Spur de v\u00e2nzare la licita\u021bie pe PistonAddict.com cu transmisie automat\u0103 \u0219i doar 8359 km.","robots":{"index":"index","follow":"follow","max-snippet":"max-snippet:-1","max-image-preview":"max-image-preview:large","max-video-preview":"max-video-preview:-1"},"canonical":"https:\/\/pistonaddict.com\/ro\/product\/bentley-flying-spur\/","og_locale":"ro_RO","og_type":"article","og_title":"Bentley Flying Spur licita\u021bie - Piston Addict","og_description":"Vezi acest Bentley Flying Spur de v\u00e2nzare la licita\u021bie pe PistonAddict.com cu transmisie automat\u0103 \u0219i doar 8359 km.","og_url":"https:\/\/pistonaddict.com\/ro\/product\/bentley-flying-spur\/","og_site_name":"Piston Addict","article_modified_time":"2024-03-19T16:50:09+00:00","og_image":[{"width":2560,"height":1505,"url":"https:\/\/pistonaddict.com\/wp-content\/uploads\/2023\/04\/LuxurycarLondonApril11PistonAddict_0433-scaled.jpg","type":"image\/jpeg"}],"twitter_card":"summary_large_image","twitter_misc":{"Timp estimat pentru citire":"2 minute"},"schema":{"@context":"https:\/\/schema.org","@graph":[{"@type":"WebPage","@id":"https:\/\/pistonaddict.com\/ro\/product\/bentley-flying-spur\/","url":"https:\/\/pistonaddict.com\/ro\/product\/bentley-flying-spur\/","name":"Bentley Flying Spur licita\u021bie - Piston Addict","isPartOf":{"@id":"https:\/\/pistonaddict.com\/ro\/#website"},"primaryImageOfPage":{"@id":"https:\/\/pistonaddict.com\/ro\/product\/bentley-flying-spur\/#primaryimage"},"image":{"@id":"https:\/\/pistonaddict.com\/ro\/product\/bentley-flying-spur\/#primaryimage"},"thumbnailUrl":"https:\/\/pistonaddict.com\/wp-content\/uploads\/2023\/04\/LuxurycarLondonApril11PistonAddict_0433-scaled.jpg","datePublished":"2023-04-19T13:06:28+00:00","dateModified":"2024-03-19T16:50:09+00:00","description":"Vezi acest Bentley Flying Spur de v\u00e2nzare la licita\u021bie pe PistonAddict.com cu transmisie automat\u0103 \u0219i doar 8359 km.","breadcrumb":{"@id":"https:\/\/pistonaddict.com\/ro\/product\/bentley-flying-spur\/#breadcrumb"},"inLanguage":"ro-RO","potentialAction":[{"@type":"ReadAction","target":["https:\/\/pistonaddict.com\/ro\/product\/bentley-flying-spur\/"]}]},{"@type":"ImageObject","inLanguage":"ro-RO","@id":"https:\/\/pistonaddict.com\/ro\/product\/bentley-flying-spur\/#primaryimage","url":"https:\/\/pistonaddict.com\/wp-content\/uploads\/2023\/04\/LuxurycarLondonApril11PistonAddict_0433-scaled.jpg","contentUrl":"https:\/\/pistonaddict.com\/wp-content\/uploads\/2023\/04\/LuxurycarLondonApril11PistonAddict_0433-scaled.jpg","width":2560,"height":1505},{"@type":"BreadcrumbList","@id":"https:\/\/pistonaddict.com\/ro\/product\/bentley-flying-spur\/#breadcrumb","itemListElement":[{"@type":"ListItem","position":1,"name":"Pagina principala","item":"https:\/\/pistonaddict.com\/ro\/pagina-de-start\/"},{"@type":"ListItem","position":2,"name":"Auctions","item":"https:\/\/pistonaddict.com\/auctions-listing\/"},{"@type":"ListItem","position":3,"name":"Bentley Flying Spur"}]},{"@type":"WebSite","@id":"https:\/\/pistonaddict.com\/ro\/#website","url":"https:\/\/pistonaddict.com\/ro\/","name":"Piston Addict","description":"Only interesting vehicles","publisher":{"@id":"https:\/\/pistonaddict.com\/ro\/#organization"},"potentialAction":[{"@type":"SearchAction","target":{"@type":"EntryPoint","urlTemplate":"https:\/\/pistonaddict.com\/ro\/?s={search_term_string}"},"query-input":"required name=search_term_string"}],"inLanguage":"ro-RO"},{"@type":"Organization","@id":"https:\/\/pistonaddict.com\/ro\/#organization","name":"Piston Addict","url":"https:\/\/pistonaddict.com\/ro\/","logo":{"@type":"ImageObject","inLanguage":"ro-RO","@id":"https:\/\/pistonaddict.com\/ro\/#\/schema\/logo\/image\/","url":"https:\/\/pistonaddict.com\/wp-content\/uploads\/2022\/07\/logo-6.png","contentUrl":"https:\/\/pistonaddict.com\/wp-content\/uploads\/2022\/07\/logo-6.png","width":970,"height":200,"caption":"Piston Addict"},"image":{"@id":"https:\/\/pistonaddict.com\/ro\/#\/schema\/logo\/image\/"}}]}},"_links":{"self":[{"href":"https:\/\/pistonaddict.com\/ro\/wp-json\/wp\/v2\/product\/34598"}],"collection":[{"href":"https:\/\/pistonaddict.com\/ro\/wp-json\/wp\/v2\/product"}],"about":[{"href":"https:\/\/pistonaddict.com\/ro\/wp-json\/wp\/v2\/types\/product"}],"replies":[{"embeddable":true,"href":"https:\/\/pistonaddict.com\/ro\/wp-json\/wp\/v2\/comments?post=34598"}],"wp:featuredmedia":[{"embeddable":true,"href":"https:\/\/pistonaddict.com\/ro\/wp-json\/wp\/v2\/media\/34093"}],"wp:attachment":[{"href":"https:\/\/pistonaddict.com\/ro\/wp-json\/wp\/v2\/media?parent=34598"}],"wp:term":[{"taxonomy":"product_cat","embeddable":true,"href":"https:\/\/pistonaddict.com\/ro\/wp-json\/wp\/v2\/product_cat?post=34598"},{"taxonomy":"product_tag","embeddable":true,"href":"https:\/\/pistonaddict.com\/ro\/wp-json\/wp\/v2\/product_tag?post=34598"}],"curies":[{"name":"wp","href":"https:\/\/api.w.org\/{rel}","templated":true}]}}