{"id":33346,"date":"2023-04-19T09:41:30","date_gmt":"2023-04-19T07:41:30","guid":{"rendered":"https:\/\/pistonaddict.com\/product\/jensen-interceptor\/"},"modified":"2024-03-19T17:48:49","modified_gmt":"2024-03-19T16:48:49","slug":"jensen-interceptor","status":"publish","type":"product","link":"https:\/\/pistonaddict.com\/ro\/product\/jensen-interceptor\/","title":{"rendered":"Jensen Interceptor R Mk3"},"content":{"rendered":"<p><strong>Istoria ma\u0219inii<\/strong><\/p>\n<p>Acest Jensen Interceptor a fost livrat proprietarului original \u00een martie 1972. Acesta era propulsat de un motor V8 Chrysler de 440 CID, care producea doar 280 CP, din cauza \u00een\u0103spririi standardelor de emisii din acea vreme. Modelele Mk3 (introduse \u00een 1971) erau cunoscute pentru interioarele lor luxoase, lista lung\u0103 de echipamente standard \u0219i dinamica de conducere lin\u0103. Cu toate acestea, \u00een timp ce majoritatea Interceptoarelor au continuat s\u0103 \u00ee\u0219i tr\u0103iasc\u0103 via\u021ba ca parte a colec\u021biilor de ma\u0219ini clasice, acest exemplar a primit o transformare extins\u0103, o nou\u0103 via\u021b\u0103 \u0219i o actualizare masiv\u0103 a puterii. Transform\u00e2ndu-l dintr-o ma\u0219in\u0103 de croazier\u0103 a anilor &#8217;70 \u00eentr-o ma\u0219in\u0103 musculoas\u0103 a secolului XXI, gata s\u0103 surprind\u0103 proprietarii de Porsche pe autostrad\u0103. Compania britanic\u0103 JIR a efectuat o transformare complet\u0103, p\u0103str\u00e2nd liniile originale, dar moderniz\u00e2nd substan\u021bial mecanica.<\/p>\n<p><strong>Starea ma\u0219inii<\/strong><\/p>\n<p>Cu mai pu\u021bin de 10.000 de mile de c\u00e2nd a fost complet reconstruit, acest Jensen Interceptor R este \u00een stare impecabil\u0103. Deoarece acesta este un exemplu de restomod de succes, specifica\u021biile sunt deosebit de interesante. Costul construirii acestei ma\u0219ini a dep\u0103\u0219it 200.000 de lire sterline, a\u0219a c\u0103 lista de modific\u0103ri, componente personalizate \u0219i piese unice este extins\u0103. Acest Interceptor R exact este considerat pe scar\u0103 larg\u0103 ca fiind cel mai dezvoltat Jensen din lume. Sub capot\u0103 se afl\u0103 un V8 de 6,2 litri de la Corvette ZR1, care dezvolt\u0103 peste 600 CP \u0219i trimite puterea c\u0103tre ro\u021bile din spate prin intermediul unei transmisii automate cu 6 trepte. O astfel de putere a necesitat un set de fr\u00e2ne AP, o suspensie revizuit\u0103 \u0219i multe altele. Rezultatul este o ma\u0219in\u0103 fantastic\u0103, care poate atinge 100 km \u00een pu\u021bin peste 4 secunde \u0219i poate rula confortabil la viteze mari.<\/p>\n<p><strong>Interior<\/strong><\/p>\n<p>La interior, discre\u021bia a fost cheia, cu o dispunere clasic\u0103 a plan\u0219ei de bord \u0219i a ornamentelor, dar cu scaune \u00eembun\u0103t\u0103\u021bite, tehnologie \u0219i cea mai bun\u0103 tapi\u021berie din piele. Culoarea burgundy se potrive\u0219te perfect cu un exterior \u00een dou\u0103 tonuri. Proprietarii de Jensen clasice v\u0103 vor spune c\u0103 aceste ma\u0219ini aveau sisteme electronice complicate \u0219i adesea sisteme complexe atunci c\u00e2nd erau noi. Din fericire, acest exemplar a beneficiat de o transformare complet\u0103, de componente moderne, de dot\u0103ri, de un sistem de climatizare func\u021bional \u0219i de un sistem audio premium.<\/p>\n<p><strong>Exterior \u0219i ro\u021bi<\/strong><\/p>\n<p>Finisat \u00eentr-o combina\u021bie elegant\u0103, \u00een dou\u0103 tonuri, acest Interceptor R din 1972 pare destul de standard, dar de \u00eendat\u0103 ce te ui\u021bi la detalii, vei vedea c\u0103 este orice altceva. Jantele sunt f\u0103cute la comand\u0103 \u0219i seam\u0103n\u0103 foarte mult cu modelul original, dar sunt mai late \u0219i mai mari. A fost ad\u0103ugat\u0103 o gur\u0103 de aerisire lateral\u0103 pentru a ajuta la r\u0103cirea motorului puternic, iar grila \u0219i emblemele au fost ad\u0103ugate discret. Cei care \u0219tiu c\u00e2te ceva despre Interceptoarele clasice \u0219tiu c\u0103 aceste ma\u0219ini erau predispuse la rugin\u0103, dar acest exemplar, dup\u0103 toate lucr\u0103rile care au fost efectuate, este practic un vehicul nou, f\u0103r\u0103 astfel de probleme.<\/p>\n<p><strong>  Documenta\u021bie<\/strong><\/p>\n<p>Acesta este un vehicul proprietate privat\u0103, cu documente corespunz\u0103toare, situat \u00een Londra, Marea Britanie. Raportul CarVertical este curat; nu exist\u0103 dovezi de accidente, repara\u021bii \u00een caz de accident sau probleme legale. Exist\u0103 \u00eenregistr\u0103ri privind \u00eentre\u021binerea periodic\u0103. Viitorii proprietari vor dori s\u0103 \u0219tie c\u0103 acest exemplar este o ma\u0219in\u0103 celebr\u0103, fiind testat\u0103 de celebrul Jeremy Clarkson \u0219i prezentat\u0103 \u00een Top Gear \u00een 2011\/2012.<\/p>\n","protected":false},"excerpt":{"rendered":"<p>Chiar dac\u0103 acest frumos Interceptor pare destul de simplu din exterior, el are un secret interesant. Motor V8 supraalimentat cu 600 CP \u0219i performan\u021be cutremur\u0103toare, \u00eenvelit \u00eentr-unul dintre cele mai frumoase modele ale anilor &#8217;70. Acesta este un GT restomod britanic adev\u0103rat, cu o inim\u0103 american\u0103, gata s\u0103 dep\u0103\u0219easc\u0103 orice \u00eei st\u0103 \u00een cale.<\/p>\n","protected":false},"featured_media":32676,"comment_status":"open","ping_status":"closed","template":"","meta":{"inline_featured_image":false},"product_cat":[744],"product_tag":[1261,1110,1107,934],"acf":[],"yoast_head":"<!-- This site is optimized with the Yoast SEO plugin v22.5 - https:\/\/yoast.com\/wordpress\/plugins\/seo\/ -->\n<title>Jensen Interceptor R Mk3 licita\u021bie - Piston Addict<\/title>\n<meta name=\"description\" content=\"Verifica\u021bi acest Jensen Interceptor R MK3 de v\u00e2nzare la licita\u021bie pe PistonAddict.com\" \/>\n<meta name=\"robots\" content=\"index, follow, max-snippet:-1, max-image-preview:large, max-video-preview:-1\" \/>\n<link rel=\"canonical\" href=\"https:\/\/pistonaddict.com\/ro\/product\/jensen-interceptor\/\" \/>\n<meta property=\"og:locale\" content=\"ro_RO\" \/>\n<meta property=\"og:type\" content=\"article\" \/>\n<meta property=\"og:title\" content=\"Jensen Interceptor R Mk3 licita\u021bie - Piston Addict\" \/>\n<meta property=\"og:description\" content=\"Verifica\u021bi acest Jensen Interceptor R MK3 de v\u00e2nzare la licita\u021bie pe PistonAddict.com\" \/>\n<meta property=\"og:url\" content=\"https:\/\/pistonaddict.com\/ro\/product\/jensen-interceptor\/\" \/>\n<meta property=\"og:site_name\" content=\"Piston Addict\" \/>\n<meta property=\"article:modified_time\" content=\"2024-03-19T16:48:49+00:00\" \/>\n<meta property=\"og:image\" content=\"https:\/\/pistonaddict.com\/wp-content\/uploads\/2023\/04\/LuxurycarLondonApril11PistonAddict_0906-scaled.jpg\" \/>\n\t<meta property=\"og:image:width\" content=\"2560\" \/>\n\t<meta property=\"og:image:height\" content=\"1505\" \/>\n\t<meta property=\"og:image:type\" content=\"image\/jpeg\" \/>\n<meta name=\"twitter:card\" content=\"summary_large_image\" \/>\n<meta name=\"twitter:label1\" content=\"Timp estimat pentru citire\" \/>\n\t<meta name=\"twitter:data1\" content=\"3 minute\" \/>\n<script type=\"application\/ld+json\" class=\"yoast-schema-graph\">{\"@context\":\"https:\/\/schema.org\",\"@graph\":[{\"@type\":\"WebPage\",\"@id\":\"https:\/\/pistonaddict.com\/ro\/product\/jensen-interceptor\/\",\"url\":\"https:\/\/pistonaddict.com\/ro\/product\/jensen-interceptor\/\",\"name\":\"Jensen Interceptor R Mk3 licita\u021bie - Piston Addict\",\"isPartOf\":{\"@id\":\"https:\/\/pistonaddict.com\/ro\/#website\"},\"primaryImageOfPage\":{\"@id\":\"https:\/\/pistonaddict.com\/ro\/product\/jensen-interceptor\/#primaryimage\"},\"image\":{\"@id\":\"https:\/\/pistonaddict.com\/ro\/product\/jensen-interceptor\/#primaryimage\"},\"thumbnailUrl\":\"https:\/\/pistonaddict.com\/wp-content\/uploads\/2023\/04\/LuxurycarLondonApril11PistonAddict_0906-scaled.jpg\",\"datePublished\":\"2023-04-19T07:41:30+00:00\",\"dateModified\":\"2024-03-19T16:48:49+00:00\",\"description\":\"Verifica\u021bi acest Jensen Interceptor R MK3 de v\u00e2nzare la licita\u021bie pe PistonAddict.com\",\"breadcrumb\":{\"@id\":\"https:\/\/pistonaddict.com\/ro\/product\/jensen-interceptor\/#breadcrumb\"},\"inLanguage\":\"ro-RO\",\"potentialAction\":[{\"@type\":\"ReadAction\",\"target\":[\"https:\/\/pistonaddict.com\/ro\/product\/jensen-interceptor\/\"]}]},{\"@type\":\"ImageObject\",\"inLanguage\":\"ro-RO\",\"@id\":\"https:\/\/pistonaddict.com\/ro\/product\/jensen-interceptor\/#primaryimage\",\"url\":\"https:\/\/pistonaddict.com\/wp-content\/uploads\/2023\/04\/LuxurycarLondonApril11PistonAddict_0906-scaled.jpg\",\"contentUrl\":\"https:\/\/pistonaddict.com\/wp-content\/uploads\/2023\/04\/LuxurycarLondonApril11PistonAddict_0906-scaled.jpg\",\"width\":2560,\"height\":1505},{\"@type\":\"BreadcrumbList\",\"@id\":\"https:\/\/pistonaddict.com\/ro\/product\/jensen-interceptor\/#breadcrumb\",\"itemListElement\":[{\"@type\":\"ListItem\",\"position\":1,\"name\":\"Pagina principala\",\"item\":\"https:\/\/pistonaddict.com\/ro\/pagina-de-start\/\"},{\"@type\":\"ListItem\",\"position\":2,\"name\":\"Auctions\",\"item\":\"https:\/\/pistonaddict.com\/auctions-listing\/\"},{\"@type\":\"ListItem\",\"position\":3,\"name\":\"Jensen Interceptor R Mk3\"}]},{\"@type\":\"WebSite\",\"@id\":\"https:\/\/pistonaddict.com\/ro\/#website\",\"url\":\"https:\/\/pistonaddict.com\/ro\/\",\"name\":\"Piston Addict\",\"description\":\"Only interesting vehicles\",\"publisher\":{\"@id\":\"https:\/\/pistonaddict.com\/ro\/#organization\"},\"potentialAction\":[{\"@type\":\"SearchAction\",\"target\":{\"@type\":\"EntryPoint\",\"urlTemplate\":\"https:\/\/pistonaddict.com\/ro\/?s={search_term_string}\"},\"query-input\":\"required name=search_term_string\"}],\"inLanguage\":\"ro-RO\"},{\"@type\":\"Organization\",\"@id\":\"https:\/\/pistonaddict.com\/ro\/#organization\",\"name\":\"Piston Addict\",\"url\":\"https:\/\/pistonaddict.com\/ro\/\",\"logo\":{\"@type\":\"ImageObject\",\"inLanguage\":\"ro-RO\",\"@id\":\"https:\/\/pistonaddict.com\/ro\/#\/schema\/logo\/image\/\",\"url\":\"https:\/\/pistonaddict.com\/wp-content\/uploads\/2022\/07\/logo-6.png\",\"contentUrl\":\"https:\/\/pistonaddict.com\/wp-content\/uploads\/2022\/07\/logo-6.png\",\"width\":970,\"height\":200,\"caption\":\"Piston Addict\"},\"image\":{\"@id\":\"https:\/\/pistonaddict.com\/ro\/#\/schema\/logo\/image\/\"}}]}<\/script>\n<!-- \/ Yoast SEO plugin. -->","yoast_head_json":{"title":"Jensen Interceptor R Mk3 licita\u021bie - Piston Addict","description":"Verifica\u021bi acest Jensen Interceptor R MK3 de v\u00e2nzare la licita\u021bie pe PistonAddict.com","robots":{"index":"index","follow":"follow","max-snippet":"max-snippet:-1","max-image-preview":"max-image-preview:large","max-video-preview":"max-video-preview:-1"},"canonical":"https:\/\/pistonaddict.com\/ro\/product\/jensen-interceptor\/","og_locale":"ro_RO","og_type":"article","og_title":"Jensen Interceptor R Mk3 licita\u021bie - Piston Addict","og_description":"Verifica\u021bi acest Jensen Interceptor R MK3 de v\u00e2nzare la licita\u021bie pe PistonAddict.com","og_url":"https:\/\/pistonaddict.com\/ro\/product\/jensen-interceptor\/","og_site_name":"Piston Addict","article_modified_time":"2024-03-19T16:48:49+00:00","og_image":[{"width":2560,"height":1505,"url":"https:\/\/pistonaddict.com\/wp-content\/uploads\/2023\/04\/LuxurycarLondonApril11PistonAddict_0906-scaled.jpg","type":"image\/jpeg"}],"twitter_card":"summary_large_image","twitter_misc":{"Timp estimat pentru citire":"3 minute"},"schema":{"@context":"https:\/\/schema.org","@graph":[{"@type":"WebPage","@id":"https:\/\/pistonaddict.com\/ro\/product\/jensen-interceptor\/","url":"https:\/\/pistonaddict.com\/ro\/product\/jensen-interceptor\/","name":"Jensen Interceptor R Mk3 licita\u021bie - Piston Addict","isPartOf":{"@id":"https:\/\/pistonaddict.com\/ro\/#website"},"primaryImageOfPage":{"@id":"https:\/\/pistonaddict.com\/ro\/product\/jensen-interceptor\/#primaryimage"},"image":{"@id":"https:\/\/pistonaddict.com\/ro\/product\/jensen-interceptor\/#primaryimage"},"thumbnailUrl":"https:\/\/pistonaddict.com\/wp-content\/uploads\/2023\/04\/LuxurycarLondonApril11PistonAddict_0906-scaled.jpg","datePublished":"2023-04-19T07:41:30+00:00","dateModified":"2024-03-19T16:48:49+00:00","description":"Verifica\u021bi acest Jensen Interceptor R MK3 de v\u00e2nzare la licita\u021bie pe PistonAddict.com","breadcrumb":{"@id":"https:\/\/pistonaddict.com\/ro\/product\/jensen-interceptor\/#breadcrumb"},"inLanguage":"ro-RO","potentialAction":[{"@type":"ReadAction","target":["https:\/\/pistonaddict.com\/ro\/product\/jensen-interceptor\/"]}]},{"@type":"ImageObject","inLanguage":"ro-RO","@id":"https:\/\/pistonaddict.com\/ro\/product\/jensen-interceptor\/#primaryimage","url":"https:\/\/pistonaddict.com\/wp-content\/uploads\/2023\/04\/LuxurycarLondonApril11PistonAddict_0906-scaled.jpg","contentUrl":"https:\/\/pistonaddict.com\/wp-content\/uploads\/2023\/04\/LuxurycarLondonApril11PistonAddict_0906-scaled.jpg","width":2560,"height":1505},{"@type":"BreadcrumbList","@id":"https:\/\/pistonaddict.com\/ro\/product\/jensen-interceptor\/#breadcrumb","itemListElement":[{"@type":"ListItem","position":1,"name":"Pagina principala","item":"https:\/\/pistonaddict.com\/ro\/pagina-de-start\/"},{"@type":"ListItem","position":2,"name":"Auctions","item":"https:\/\/pistonaddict.com\/auctions-listing\/"},{"@type":"ListItem","position":3,"name":"Jensen Interceptor R Mk3"}]},{"@type":"WebSite","@id":"https:\/\/pistonaddict.com\/ro\/#website","url":"https:\/\/pistonaddict.com\/ro\/","name":"Piston Addict","description":"Only interesting vehicles","publisher":{"@id":"https:\/\/pistonaddict.com\/ro\/#organization"},"potentialAction":[{"@type":"SearchAction","target":{"@type":"EntryPoint","urlTemplate":"https:\/\/pistonaddict.com\/ro\/?s={search_term_string}"},"query-input":"required name=search_term_string"}],"inLanguage":"ro-RO"},{"@type":"Organization","@id":"https:\/\/pistonaddict.com\/ro\/#organization","name":"Piston Addict","url":"https:\/\/pistonaddict.com\/ro\/","logo":{"@type":"ImageObject","inLanguage":"ro-RO","@id":"https:\/\/pistonaddict.com\/ro\/#\/schema\/logo\/image\/","url":"https:\/\/pistonaddict.com\/wp-content\/uploads\/2022\/07\/logo-6.png","contentUrl":"https:\/\/pistonaddict.com\/wp-content\/uploads\/2022\/07\/logo-6.png","width":970,"height":200,"caption":"Piston Addict"},"image":{"@id":"https:\/\/pistonaddict.com\/ro\/#\/schema\/logo\/image\/"}}]}},"_links":{"self":[{"href":"https:\/\/pistonaddict.com\/ro\/wp-json\/wp\/v2\/product\/33346"}],"collection":[{"href":"https:\/\/pistonaddict.com\/ro\/wp-json\/wp\/v2\/product"}],"about":[{"href":"https:\/\/pistonaddict.com\/ro\/wp-json\/wp\/v2\/types\/product"}],"replies":[{"embeddable":true,"href":"https:\/\/pistonaddict.com\/ro\/wp-json\/wp\/v2\/comments?post=33346"}],"wp:featuredmedia":[{"embeddable":true,"href":"https:\/\/pistonaddict.com\/ro\/wp-json\/wp\/v2\/media\/32676"}],"wp:attachment":[{"href":"https:\/\/pistonaddict.com\/ro\/wp-json\/wp\/v2\/media?parent=33346"}],"wp:term":[{"taxonomy":"product_cat","embeddable":true,"href":"https:\/\/pistonaddict.com\/ro\/wp-json\/wp\/v2\/product_cat?post=33346"},{"taxonomy":"product_tag","embeddable":true,"href":"https:\/\/pistonaddict.com\/ro\/wp-json\/wp\/v2\/product_tag?post=33346"}],"curies":[{"name":"wp","href":"https:\/\/api.w.org\/{rel}","templated":true}]}}