{"id":32592,"date":"2023-04-18T18:05:14","date_gmt":"2023-04-18T16:05:14","guid":{"rendered":"https:\/\/pistonaddict.com\/product\/maserati-ghibli-ss-49-litri\/"},"modified":"2024-03-19T17:37:32","modified_gmt":"2024-03-19T16:37:32","slug":"maserati-ghibli-ss-49-litri","status":"publish","type":"product","link":"https:\/\/pistonaddict.com\/ro\/product\/maserati-ghibli-ss-49-litri\/","title":{"rendered":"Maserati Ghibli SS 4,9 litri"},"content":{"rendered":"<h2>Exterior<\/h2>\n<p>Ma\u0219ina v\u00e2ndut\u0103 la aceast\u0103 licita\u021bie este colorat\u0103 \u00een albastru \u0219i are faruri atractive \u00een partea din fa\u021b\u0103. Dar ceea ce face acest Sypder at\u00e2t de atr\u0103g\u0103tor \u0219i atr\u0103g\u0103tor pentru ochi este silueta sa elegant\u0103. Proiectat de unul dintre cele mai mari nume din industrie, Giorgetto Giugiaro, acest roadster cu dou\u0103 u\u0219i are un nas jos, asem\u0103n\u0103tor cu cel al unui rechin, arcuri de ro\u021bi musculoase \u0219i o parte din spate \u00eenclinat\u0103. Acest lucru \u00eel face ideal pentru plimb\u0103ri relaxate pe bulevard sau pentru a conduce pe drumuri de coast\u0103 pitore\u0219ti. Iar \u00een condi\u021bii meteo nefavorabile, un soft top pliabil ascuns sub un capac tonneau cu coduri de culoare va fi foarte util. Ma\u0219ina are jante din s\u00e2rm\u0103 de 15 inci fabricate de Ruote Borrani \u0219i anvelope Michelin Radial X, care corespund perioadei. Alte detalii demne de luat \u00een seam\u0103 includ barele de protec\u021bie cromate \u0219i gurile de aerisire func\u021bionale de pe capot\u0103 \u0219i aripi.<\/p>\n<h2>Interior<\/h2>\n<p>\u00cen interiorul acestui Maserati special se afl\u0103 dou\u0103 scaune confortabile, dar care ofer\u0103 suport, acoperite cu piele moale de culoare maro deschis. Acela\u0219i material pl\u0103cut ochiului este folosit pentru tapi\u021beria majorit\u0103\u021bii interiorului, cu excep\u021bia p\u0103r\u021bii superioare a plan\u0219ei de bord, care este acoperit\u0103 cu piele de c\u0103prioar\u0103 neagr\u0103. Judec\u00e2nd dup\u0103 fotografiile furnizate de v\u00e2nz\u0103tor, interiorul este \u00eentr-o stare imaculat\u0103. Odat\u0103 ajuns \u00een\u0103untru, \u0219oferul va prelua controlul unui frumos volan din lemn cu trei spi\u021be din o\u021bel inoxidabil \u00een mijloc. \u00cen spatele acestuia se afl\u0103 instrumentarul de bord cu un turometru cu linie ro\u0219ie la 5.555 rpm \u0219i un vitezometru a c\u0103rui cifr\u0103 final\u0103 este de 300 km\/h. Pe l\u00e2ng\u0103 acestea, acest Ghibli dispune de cinci indicatoare montate central, care arat\u0103 parametrii vitali, cum ar fi presiunea uleiului, temperatura \u0219i nivelul combustibilului. \u00cen acest moment, kilometrajul este de aproximativ 13.000 km.<\/p>\n<h2>Mecanic\u0103<\/h2>\n<p>Ma\u0219ina pus\u0103 \u00een v\u00e2nzare este modelul SS, ceea ce \u00eenseamn\u0103 c\u0103 este echipat\u0103 cu un motor V8 de 4,9 litri mai mare \u0219i mai puternic. Alimentat de patru carburatoare Weber cu dou\u0103 spi\u021be, dezvolt\u0103 335 de cai putere \u0219i un cuplu pu\u021bin peste 480 Nm, care este trimis c\u0103tre ro\u021bile din spate prin intermediul unei transmisii manuale cu cinci trepte. Acest lucru este suficient pentru a \u00eempinge acest roadster Ghibli SS p\u00e2n\u0103 la viteza maxim\u0103 de 280 MPH, ceea ce \u00eel face cel mai rapid Maserati al timpului s\u0103u. \u00cen afar\u0103 de mecanic\u0103, ma\u0219ina are un \u0219asiu tubular din o\u021bel, care asigur\u0103 u\u0219urin\u021b\u0103 \u0219i rigiditate structural\u0103.<\/p>\n<h2>Istoria vehiculului<\/h2>\n<p>Aceast\u0103 conversie Spyder a fost realizat\u0103 de un atelier specializat din Mondena, ceea ce garanteaz\u0103 calitatea lucr\u0103rilor. Aceasta este o modificare popular\u0103 printre proprietarii de Ghibli, deoarece Maserati a construit mai pu\u021bin de 50 de Spyders din fabric\u0103. \u00cen plus, ma\u0219ina a fost supus\u0103 unei restaur\u0103ri \u00een profunzime, care a fost realizat\u0103 de Furlonger Cars, un restaurator de renume din Ashford, versat \u00een superma\u0219ini italiene.<\/p>\n<p>Potrivit proprietarului, toate lucr\u0103rile de \u00eentre\u021binere au fost efectuate \u00een mod regulat, ultimul service fiind efectuat \u00een iunie 2021. \u00cen prezent, nu exist\u0103 defec\u021biuni sau probleme cunoscute la niciuna dintre componentele sale. \u00cen plus, nu sunt prezente zg\u00e2rieturi, lovituri sau alte imperfec\u021biuni vizibile ale caroseriei.<\/p>\n","protected":false},"excerpt":{"rendered":"<p>Acest Maserati Ghibli SS roadster open-top din 1971, care a parcurs pu\u021bin peste 13.000 de kilometri, este v\u00e2ndut \u00een mod privat de c\u0103tre proprietar. Este propulsat de un motor V8 cuplat la o transmisie manual\u0103 cu cinci trepte. De\u0219i este identic din punct de vedere vizual cu modelul iconic Spyder, acest automobil a \u00eenceput ca un coupe, pentru ca ulterior s\u0103 fie transformat \u00een forma actual\u0103. Pe l\u00e2ng\u0103 faptul c\u0103 se afl\u0103 \u00eentr-o stare aproape impecabil\u0103, aceast\u0103 ma\u0219in\u0103 este, de asemenea, complet revizuit\u0103 \u0219i &#8211; conform proprietarului &#8211; nu a fost implicat\u0103 \u00een niciun accident, iar \u00een prezent se afl\u0103 \u00een Marea Britanie.<\/p>\n","protected":false},"featured_media":32158,"comment_status":"open","ping_status":"closed","template":"","meta":{"inline_featured_image":false},"product_cat":[744],"product_tag":[1243,1090,1089,965],"acf":[],"yoast_head":"<!-- This site is optimized with the Yoast SEO plugin v22.5 - https:\/\/yoast.com\/wordpress\/plugins\/seo\/ -->\n<title>Maserati Ghibli SS 4,9 litri licita\u021bie - Piston Addict<\/title>\n<meta name=\"description\" content=\"Vezi acest Maserati Ghibli SS 4.9 litri de v\u00e2nzare la licita\u021bie pe PistonAddict.com cu transmisie manual\u0103 \u0219i doar 13 220 km.\" \/>\n<meta name=\"robots\" content=\"index, follow, max-snippet:-1, max-image-preview:large, max-video-preview:-1\" \/>\n<link rel=\"canonical\" href=\"https:\/\/pistonaddict.com\/ro\/product\/maserati-ghibli-ss-49-litri\/\" \/>\n<meta property=\"og:locale\" content=\"ro_RO\" \/>\n<meta property=\"og:type\" content=\"article\" \/>\n<meta property=\"og:title\" content=\"Maserati Ghibli SS 4,9 litri licita\u021bie - Piston Addict\" \/>\n<meta property=\"og:description\" content=\"Vezi acest Maserati Ghibli SS 4.9 litri de v\u00e2nzare la licita\u021bie pe PistonAddict.com cu transmisie manual\u0103 \u0219i doar 13 220 km.\" \/>\n<meta property=\"og:url\" content=\"https:\/\/pistonaddict.com\/ro\/product\/maserati-ghibli-ss-49-litri\/\" \/>\n<meta property=\"og:site_name\" content=\"Piston Addict\" \/>\n<meta property=\"article:modified_time\" content=\"2024-03-19T16:37:32+00:00\" \/>\n<meta property=\"og:image\" content=\"https:\/\/pistonaddict.com\/wp-content\/uploads\/2023\/04\/Maserati13-scaled.jpg\" \/>\n\t<meta property=\"og:image:width\" content=\"2560\" \/>\n\t<meta property=\"og:image:height\" content=\"1609\" \/>\n\t<meta property=\"og:image:type\" content=\"image\/jpeg\" \/>\n<meta name=\"twitter:card\" content=\"summary_large_image\" \/>\n<meta name=\"twitter:label1\" content=\"Timp estimat pentru citire\" \/>\n\t<meta name=\"twitter:data1\" content=\"3 minute\" \/>\n<script type=\"application\/ld+json\" class=\"yoast-schema-graph\">{\"@context\":\"https:\/\/schema.org\",\"@graph\":[{\"@type\":\"WebPage\",\"@id\":\"https:\/\/pistonaddict.com\/ro\/product\/maserati-ghibli-ss-49-litri\/\",\"url\":\"https:\/\/pistonaddict.com\/ro\/product\/maserati-ghibli-ss-49-litri\/\",\"name\":\"Maserati Ghibli SS 4,9 litri licita\u021bie - Piston Addict\",\"isPartOf\":{\"@id\":\"https:\/\/pistonaddict.com\/ro\/#website\"},\"primaryImageOfPage\":{\"@id\":\"https:\/\/pistonaddict.com\/ro\/product\/maserati-ghibli-ss-49-litri\/#primaryimage\"},\"image\":{\"@id\":\"https:\/\/pistonaddict.com\/ro\/product\/maserati-ghibli-ss-49-litri\/#primaryimage\"},\"thumbnailUrl\":\"https:\/\/pistonaddict.com\/wp-content\/uploads\/2023\/04\/Maserati13-scaled.jpg\",\"datePublished\":\"2023-04-18T16:05:14+00:00\",\"dateModified\":\"2024-03-19T16:37:32+00:00\",\"description\":\"Vezi acest Maserati Ghibli SS 4.9 litri de v\u00e2nzare la licita\u021bie pe PistonAddict.com cu transmisie manual\u0103 \u0219i doar 13 220 km.\",\"breadcrumb\":{\"@id\":\"https:\/\/pistonaddict.com\/ro\/product\/maserati-ghibli-ss-49-litri\/#breadcrumb\"},\"inLanguage\":\"ro-RO\",\"potentialAction\":[{\"@type\":\"ReadAction\",\"target\":[\"https:\/\/pistonaddict.com\/ro\/product\/maserati-ghibli-ss-49-litri\/\"]}]},{\"@type\":\"ImageObject\",\"inLanguage\":\"ro-RO\",\"@id\":\"https:\/\/pistonaddict.com\/ro\/product\/maserati-ghibli-ss-49-litri\/#primaryimage\",\"url\":\"https:\/\/pistonaddict.com\/wp-content\/uploads\/2023\/04\/Maserati13-scaled.jpg\",\"contentUrl\":\"https:\/\/pistonaddict.com\/wp-content\/uploads\/2023\/04\/Maserati13-scaled.jpg\",\"width\":2560,\"height\":1609},{\"@type\":\"BreadcrumbList\",\"@id\":\"https:\/\/pistonaddict.com\/ro\/product\/maserati-ghibli-ss-49-litri\/#breadcrumb\",\"itemListElement\":[{\"@type\":\"ListItem\",\"position\":1,\"name\":\"Pagina principala\",\"item\":\"https:\/\/pistonaddict.com\/ro\/pagina-de-start\/\"},{\"@type\":\"ListItem\",\"position\":2,\"name\":\"Auctions\",\"item\":\"https:\/\/pistonaddict.com\/auctions-listing\/\"},{\"@type\":\"ListItem\",\"position\":3,\"name\":\"Maserati Ghibli SS 4,9 litri\"}]},{\"@type\":\"WebSite\",\"@id\":\"https:\/\/pistonaddict.com\/ro\/#website\",\"url\":\"https:\/\/pistonaddict.com\/ro\/\",\"name\":\"Piston Addict\",\"description\":\"Only interesting vehicles\",\"publisher\":{\"@id\":\"https:\/\/pistonaddict.com\/ro\/#organization\"},\"potentialAction\":[{\"@type\":\"SearchAction\",\"target\":{\"@type\":\"EntryPoint\",\"urlTemplate\":\"https:\/\/pistonaddict.com\/ro\/?s={search_term_string}\"},\"query-input\":\"required name=search_term_string\"}],\"inLanguage\":\"ro-RO\"},{\"@type\":\"Organization\",\"@id\":\"https:\/\/pistonaddict.com\/ro\/#organization\",\"name\":\"Piston Addict\",\"url\":\"https:\/\/pistonaddict.com\/ro\/\",\"logo\":{\"@type\":\"ImageObject\",\"inLanguage\":\"ro-RO\",\"@id\":\"https:\/\/pistonaddict.com\/ro\/#\/schema\/logo\/image\/\",\"url\":\"https:\/\/pistonaddict.com\/wp-content\/uploads\/2022\/07\/logo-6.png\",\"contentUrl\":\"https:\/\/pistonaddict.com\/wp-content\/uploads\/2022\/07\/logo-6.png\",\"width\":970,\"height\":200,\"caption\":\"Piston Addict\"},\"image\":{\"@id\":\"https:\/\/pistonaddict.com\/ro\/#\/schema\/logo\/image\/\"}}]}<\/script>\n<!-- \/ Yoast SEO plugin. -->","yoast_head_json":{"title":"Maserati Ghibli SS 4,9 litri licita\u021bie - Piston Addict","description":"Vezi acest Maserati Ghibli SS 4.9 litri de v\u00e2nzare la licita\u021bie pe PistonAddict.com cu transmisie manual\u0103 \u0219i doar 13 220 km.","robots":{"index":"index","follow":"follow","max-snippet":"max-snippet:-1","max-image-preview":"max-image-preview:large","max-video-preview":"max-video-preview:-1"},"canonical":"https:\/\/pistonaddict.com\/ro\/product\/maserati-ghibli-ss-49-litri\/","og_locale":"ro_RO","og_type":"article","og_title":"Maserati Ghibli SS 4,9 litri licita\u021bie - Piston Addict","og_description":"Vezi acest Maserati Ghibli SS 4.9 litri de v\u00e2nzare la licita\u021bie pe PistonAddict.com cu transmisie manual\u0103 \u0219i doar 13 220 km.","og_url":"https:\/\/pistonaddict.com\/ro\/product\/maserati-ghibli-ss-49-litri\/","og_site_name":"Piston Addict","article_modified_time":"2024-03-19T16:37:32+00:00","og_image":[{"width":2560,"height":1609,"url":"https:\/\/pistonaddict.com\/wp-content\/uploads\/2023\/04\/Maserati13-scaled.jpg","type":"image\/jpeg"}],"twitter_card":"summary_large_image","twitter_misc":{"Timp estimat pentru citire":"3 minute"},"schema":{"@context":"https:\/\/schema.org","@graph":[{"@type":"WebPage","@id":"https:\/\/pistonaddict.com\/ro\/product\/maserati-ghibli-ss-49-litri\/","url":"https:\/\/pistonaddict.com\/ro\/product\/maserati-ghibli-ss-49-litri\/","name":"Maserati Ghibli SS 4,9 litri licita\u021bie - Piston Addict","isPartOf":{"@id":"https:\/\/pistonaddict.com\/ro\/#website"},"primaryImageOfPage":{"@id":"https:\/\/pistonaddict.com\/ro\/product\/maserati-ghibli-ss-49-litri\/#primaryimage"},"image":{"@id":"https:\/\/pistonaddict.com\/ro\/product\/maserati-ghibli-ss-49-litri\/#primaryimage"},"thumbnailUrl":"https:\/\/pistonaddict.com\/wp-content\/uploads\/2023\/04\/Maserati13-scaled.jpg","datePublished":"2023-04-18T16:05:14+00:00","dateModified":"2024-03-19T16:37:32+00:00","description":"Vezi acest Maserati Ghibli SS 4.9 litri de v\u00e2nzare la licita\u021bie pe PistonAddict.com cu transmisie manual\u0103 \u0219i doar 13 220 km.","breadcrumb":{"@id":"https:\/\/pistonaddict.com\/ro\/product\/maserati-ghibli-ss-49-litri\/#breadcrumb"},"inLanguage":"ro-RO","potentialAction":[{"@type":"ReadAction","target":["https:\/\/pistonaddict.com\/ro\/product\/maserati-ghibli-ss-49-litri\/"]}]},{"@type":"ImageObject","inLanguage":"ro-RO","@id":"https:\/\/pistonaddict.com\/ro\/product\/maserati-ghibli-ss-49-litri\/#primaryimage","url":"https:\/\/pistonaddict.com\/wp-content\/uploads\/2023\/04\/Maserati13-scaled.jpg","contentUrl":"https:\/\/pistonaddict.com\/wp-content\/uploads\/2023\/04\/Maserati13-scaled.jpg","width":2560,"height":1609},{"@type":"BreadcrumbList","@id":"https:\/\/pistonaddict.com\/ro\/product\/maserati-ghibli-ss-49-litri\/#breadcrumb","itemListElement":[{"@type":"ListItem","position":1,"name":"Pagina principala","item":"https:\/\/pistonaddict.com\/ro\/pagina-de-start\/"},{"@type":"ListItem","position":2,"name":"Auctions","item":"https:\/\/pistonaddict.com\/auctions-listing\/"},{"@type":"ListItem","position":3,"name":"Maserati Ghibli SS 4,9 litri"}]},{"@type":"WebSite","@id":"https:\/\/pistonaddict.com\/ro\/#website","url":"https:\/\/pistonaddict.com\/ro\/","name":"Piston Addict","description":"Only interesting vehicles","publisher":{"@id":"https:\/\/pistonaddict.com\/ro\/#organization"},"potentialAction":[{"@type":"SearchAction","target":{"@type":"EntryPoint","urlTemplate":"https:\/\/pistonaddict.com\/ro\/?s={search_term_string}"},"query-input":"required name=search_term_string"}],"inLanguage":"ro-RO"},{"@type":"Organization","@id":"https:\/\/pistonaddict.com\/ro\/#organization","name":"Piston Addict","url":"https:\/\/pistonaddict.com\/ro\/","logo":{"@type":"ImageObject","inLanguage":"ro-RO","@id":"https:\/\/pistonaddict.com\/ro\/#\/schema\/logo\/image\/","url":"https:\/\/pistonaddict.com\/wp-content\/uploads\/2022\/07\/logo-6.png","contentUrl":"https:\/\/pistonaddict.com\/wp-content\/uploads\/2022\/07\/logo-6.png","width":970,"height":200,"caption":"Piston Addict"},"image":{"@id":"https:\/\/pistonaddict.com\/ro\/#\/schema\/logo\/image\/"}}]}},"_links":{"self":[{"href":"https:\/\/pistonaddict.com\/ro\/wp-json\/wp\/v2\/product\/32592"}],"collection":[{"href":"https:\/\/pistonaddict.com\/ro\/wp-json\/wp\/v2\/product"}],"about":[{"href":"https:\/\/pistonaddict.com\/ro\/wp-json\/wp\/v2\/types\/product"}],"replies":[{"embeddable":true,"href":"https:\/\/pistonaddict.com\/ro\/wp-json\/wp\/v2\/comments?post=32592"}],"wp:featuredmedia":[{"embeddable":true,"href":"https:\/\/pistonaddict.com\/ro\/wp-json\/wp\/v2\/media\/32158"}],"wp:attachment":[{"href":"https:\/\/pistonaddict.com\/ro\/wp-json\/wp\/v2\/media?parent=32592"}],"wp:term":[{"taxonomy":"product_cat","embeddable":true,"href":"https:\/\/pistonaddict.com\/ro\/wp-json\/wp\/v2\/product_cat?post=32592"},{"taxonomy":"product_tag","embeddable":true,"href":"https:\/\/pistonaddict.com\/ro\/wp-json\/wp\/v2\/product_tag?post=32592"}],"curies":[{"name":"wp","href":"https:\/\/api.w.org\/{rel}","templated":true}]}}