{"id":29714,"date":"2023-03-02T21:25:19","date_gmt":"2023-03-02T20:25:19","guid":{"rendered":"https:\/\/pistonaddict.com\/product\/1985-porsche-911-carrera-3-2-de-vanzare\/"},"modified":"2024-03-22T16:10:50","modified_gmt":"2024-03-22T15:10:50","slug":"1985-porsche-911-carrera-3-2-for-sale","status":"publish","type":"product","link":"https:\/\/pistonaddict.com\/ro\/product\/1985-porsche-911-carrera-3-2-for-sale\/","title":{"rendered":"1985 Porsche 911 Carrera 3.2 pentru v\u00e2nzare la licita\u021bie"},"content":{"rendered":"<p><strong>Istoria ma\u0219inii<\/strong><\/p>\n<p>V\u00e2nz\u0103torul a achizi\u021bionat acest frumos exemplu de magie de la mijlocul anilor &#8217;80 \u00een 1997 \u00een Luxemburg \u0219i l-a importat \u00een Elve\u021bia. Acest Carrera a fost echipat cu un motor standard de 3,2 litri cu \u0219ase cilindri \u00een linie, care livreaz\u0103 231 CP la ro\u021bile din spate prin intermediul unei transmisii manuale cu 5 trepte. Motorul este injectat \u0219i este capabil s\u0103 lanseze aceast\u0103 legendar\u0103 ma\u0219in\u0103 sport \u00een 5,9 secunde de la 0 la 100 km\/h \u0219i o vitez\u0103 maxim\u0103, \u00eenc\u0103 respectabil\u0103, de 245 km\/h (150 mph). Nu exist\u0103 \u00eenregistr\u0103ri ale unor modific\u0103ri ale motorului, dar ma\u0219ina a fost \u00eentre\u021binut\u0103 \u00een mod regulat, ultimul service documentat fiind efectuat la sf\u00e2r\u0219itul lunii martie 2022. P\u00e2n\u0103 \u00een prezent, acest Porsche negru a parcurs 168.000 km.<\/p>\n<p><strong>Stare<\/strong><\/p>\n<p>Vehiculul a beneficiat de o vopsire profesional\u0103 complet\u0103 a caroseriei \u0219i de o recondi\u021bionare a motorului, folosind piese \u0219i componente originale. Acesta a trecut inspec\u021bia tehnic\u0103 elve\u021bian\u0103, iar drumul s\u0103u este legal \u0219i \u00eenregistrat. Cump\u0103r\u0103torii poten\u021biali vor s\u0103 \u0219tie c\u0103 analiza uleiului a fost efectuat\u0103 \u0219i c\u0103 rezultatele sunt \u00een regul\u0103. \u00cen videoclipuri se poate vedea c\u0103 presiunea uleiului \u0219i toate indicatoarele func\u021bioneaz\u0103 corect. Nu exist\u0103 scurgeri de ulei \u00een partea inferioar\u0103 a trenului de rulare, compartimentul motor este curat, iar toate \u0219tampilele \u0219i marcajele originale sunt prezente.<\/p>\n<p><strong>Interior<\/strong><\/p>\n<p>Interiorul acestui Porsche 911 Carrera 3.2 din 1985 este original, cu scaunele \u0219i pl\u0103cu\u021bele de u\u0219\u0103 \u00eembr\u0103cate \u00een piele. \u00cen compara\u021bie cu ma\u0219ini similare, acest exemplar triplu negru (caroserie, interior \u0219i covoare &#8211; toate negre) are c\u00e2teva op\u021biuni dezirabile pe care le caut\u0103 colec\u021bionarii. Primul dintre ele este reprezentat de scaunele din piele cu op\u021biuni electrice. \u00cen al doilea r\u00e2nd, acest exemplu este dotat cu aer condi\u021bionat, ceea ce este un plus binevenit, mai ales \u00een zilele c\u0103lduroase de var\u0103. \u00cen al treilea r\u00e2nd, acest Carrera din 1985 are, de asemenea, un acoperi\u0219 solar, oglinzi electrice \u0219i sp\u0103l\u0103toare de faruri, toate acestea ad\u0103ug\u00e2ndu-se la experien\u021ba \u00eembun\u0103t\u0103\u021bit\u0103. Geamul din spate este \u00eenc\u0103lzit \u0219i exist\u0103 o unitate stereo aftermarket pentru melodiile preferate din anii &#8217;80. Cu toate acestea, butonul schimb\u0103torului de viteze nu este un element original.<\/p>\n<p><strong>Exterior \u0219i ro\u021bi<\/strong><\/p>\n<p>Toate piesele de finisare exterioar\u0103, mulajele \u0219i componentele din plastic par \u00een stare perfect\u0103 \u0219i nu exist\u0103 rugin\u0103 vizibil\u0103 \u00een jurul deschiderii plafonului solar, un sport comun la aceste ma\u0219ini. \u00censeamn\u0103 c\u0103 vehiculul este bine \u00eengrijit \u0219i folosit doar sporadic. Interesant este faptul c\u0103 proprietarul a ales s\u0103 \u00eembun\u0103t\u0103\u021beasc\u0103 materialul rulant al acestui Porsche 911 Carrera din 1985. \u00cen locul jantelor de 15 inch, corecte din fabric\u0103, aceast\u0103 ma\u0219in\u0103 are jante originale Fuchs de 16 inch, \u00eembr\u0103cate \u00een anvelope Pirelli P Zero. Bine\u00een\u021beles, cele din spate sunt mai late dec\u00e2t cele din fa\u021b\u0103. Aceasta este o modificare obi\u0219nuit\u0103, care ajut\u0103 at\u00e2t la aspect, c\u00e2t \u0219i la dinamica de conducere. Anvelopele au fost montate la mijlocul anului 2021. Ma\u0219ina este \u00eenso\u021bit\u0103 de o trus\u0103 de scule \u0219i o roat\u0103 de rezerv\u0103 originale, ceea ce arat\u0103 un nivel de originalitate favorabil colec\u021bionarilor.<\/p>\n<p><strong>Documenta\u021bie<\/strong><\/p>\n<p>Acesta este un vehicul proprietate privat\u0103 cu documente corespunz\u0103toare, situat \u00een Geneve, Elve\u021bia. Raportul CarVertical este curat; nu exist\u0103 dovezi de accidente, repara\u021bii \u00een caz de accident sau de proprietate, sau probleme juridice. Exist\u0103 \u00eenregistr\u0103ri privind \u00eentre\u021binerea periodic\u0103 care dateaz\u0103 din 2015.<\/p>\n","protected":false},"excerpt":{"rendered":"<p>Finisat \u00eentr-o nuan\u021b\u0103 elegant\u0103 de negru Porsche, cu un interior asortat, acest Carrera 3.2 din 1985 este un exemplu perfect de 911 clasic de calitate pentru \u0219ofer, gata s\u0103 fie savurat de noul proprietar. Cu un exterior nemarcat, mai multe op\u021biuni dezirabile \u0219i un interior bine amenajat, acest Carrera este un model clasic bine \u00eentre\u021binut \u0219i fiabil, cu multe performan\u021be, gata s\u0103 fie luat cu \u00eencredere \u00eentr-o c\u0103l\u0103torie de var\u0103 prin Europa.<\/p>\n","protected":false},"featured_media":29672,"comment_status":"open","ping_status":"closed","template":"","meta":{"inline_featured_image":false},"product_cat":[744],"product_tag":[966,828,888,826,965],"acf":[],"yoast_head":"<!-- This site is optimized with the Yoast SEO plugin v22.5 - https:\/\/yoast.com\/wordpress\/plugins\/seo\/ -->\n<title>1985 Porsche 911 Carrera 3.2 pentru v\u00e2nzare la licita\u021bie - Piston Addict<\/title>\n<meta name=\"description\" content=\"Vede\u021bi acest superb Porsche 911 Carrera 3.2 din 1985 scos la licita\u021bie pe PistonAddict.com\" \/>\n<meta name=\"robots\" content=\"index, follow, max-snippet:-1, max-image-preview:large, max-video-preview:-1\" \/>\n<link rel=\"canonical\" href=\"https:\/\/pistonaddict.com\/ro\/product\/1985-porsche-911-carrera-3-2-for-sale\/\" \/>\n<meta property=\"og:locale\" content=\"ro_RO\" \/>\n<meta property=\"og:type\" content=\"article\" \/>\n<meta property=\"og:title\" content=\"1985 Porsche 911 Carrera 3.2 pentru v\u00e2nzare la licita\u021bie - Piston Addict\" \/>\n<meta property=\"og:description\" content=\"Vede\u021bi acest superb Porsche 911 Carrera 3.2 din 1985 scos la licita\u021bie pe PistonAddict.com\" \/>\n<meta property=\"og:url\" content=\"https:\/\/pistonaddict.com\/ro\/product\/1985-porsche-911-carrera-3-2-for-sale\/\" \/>\n<meta property=\"og:site_name\" content=\"Piston Addict\" \/>\n<meta property=\"article:modified_time\" content=\"2024-03-22T15:10:50+00:00\" \/>\n<meta property=\"og:image\" content=\"https:\/\/pistonaddict.com\/wp-content\/uploads\/2023\/03\/IMG_2519-scaled.jpeg\" \/>\n\t<meta property=\"og:image:width\" content=\"2560\" \/>\n\t<meta property=\"og:image:height\" content=\"1920\" \/>\n\t<meta property=\"og:image:type\" content=\"image\/jpeg\" \/>\n<meta name=\"twitter:card\" content=\"summary_large_image\" \/>\n<meta name=\"twitter:label1\" content=\"Timp estimat pentru citire\" \/>\n\t<meta name=\"twitter:data1\" content=\"3 minute\" \/>\n<script type=\"application\/ld+json\" class=\"yoast-schema-graph\">{\"@context\":\"https:\/\/schema.org\",\"@graph\":[{\"@type\":\"WebPage\",\"@id\":\"https:\/\/pistonaddict.com\/ro\/product\/1985-porsche-911-carrera-3-2-for-sale\/\",\"url\":\"https:\/\/pistonaddict.com\/ro\/product\/1985-porsche-911-carrera-3-2-for-sale\/\",\"name\":\"1985 Porsche 911 Carrera 3.2 pentru v\u00e2nzare la licita\u021bie - Piston Addict\",\"isPartOf\":{\"@id\":\"https:\/\/pistonaddict.com\/ro\/#website\"},\"primaryImageOfPage\":{\"@id\":\"https:\/\/pistonaddict.com\/ro\/product\/1985-porsche-911-carrera-3-2-for-sale\/#primaryimage\"},\"image\":{\"@id\":\"https:\/\/pistonaddict.com\/ro\/product\/1985-porsche-911-carrera-3-2-for-sale\/#primaryimage\"},\"thumbnailUrl\":\"https:\/\/pistonaddict.com\/wp-content\/uploads\/2023\/03\/IMG_2519-scaled.jpeg\",\"datePublished\":\"2023-03-02T20:25:19+00:00\",\"dateModified\":\"2024-03-22T15:10:50+00:00\",\"description\":\"Vede\u021bi acest superb Porsche 911 Carrera 3.2 din 1985 scos la licita\u021bie pe PistonAddict.com\",\"breadcrumb\":{\"@id\":\"https:\/\/pistonaddict.com\/ro\/product\/1985-porsche-911-carrera-3-2-for-sale\/#breadcrumb\"},\"inLanguage\":\"ro-RO\",\"potentialAction\":[{\"@type\":\"ReadAction\",\"target\":[\"https:\/\/pistonaddict.com\/ro\/product\/1985-porsche-911-carrera-3-2-for-sale\/\"]}]},{\"@type\":\"ImageObject\",\"inLanguage\":\"ro-RO\",\"@id\":\"https:\/\/pistonaddict.com\/ro\/product\/1985-porsche-911-carrera-3-2-for-sale\/#primaryimage\",\"url\":\"https:\/\/pistonaddict.com\/wp-content\/uploads\/2023\/03\/IMG_2519-scaled.jpeg\",\"contentUrl\":\"https:\/\/pistonaddict.com\/wp-content\/uploads\/2023\/03\/IMG_2519-scaled.jpeg\",\"width\":2560,\"height\":1920},{\"@type\":\"BreadcrumbList\",\"@id\":\"https:\/\/pistonaddict.com\/ro\/product\/1985-porsche-911-carrera-3-2-for-sale\/#breadcrumb\",\"itemListElement\":[{\"@type\":\"ListItem\",\"position\":1,\"name\":\"Pagina principala\",\"item\":\"https:\/\/pistonaddict.com\/ro\/pagina-de-start\/\"},{\"@type\":\"ListItem\",\"position\":2,\"name\":\"Auctions\",\"item\":\"https:\/\/pistonaddict.com\/auctions-listing\/\"},{\"@type\":\"ListItem\",\"position\":3,\"name\":\"1985 Porsche 911 Carrera 3.2 pentru v\u00e2nzare la licita\u021bie\"}]},{\"@type\":\"WebSite\",\"@id\":\"https:\/\/pistonaddict.com\/ro\/#website\",\"url\":\"https:\/\/pistonaddict.com\/ro\/\",\"name\":\"Piston Addict\",\"description\":\"Only interesting vehicles\",\"publisher\":{\"@id\":\"https:\/\/pistonaddict.com\/ro\/#organization\"},\"potentialAction\":[{\"@type\":\"SearchAction\",\"target\":{\"@type\":\"EntryPoint\",\"urlTemplate\":\"https:\/\/pistonaddict.com\/ro\/?s={search_term_string}\"},\"query-input\":\"required name=search_term_string\"}],\"inLanguage\":\"ro-RO\"},{\"@type\":\"Organization\",\"@id\":\"https:\/\/pistonaddict.com\/ro\/#organization\",\"name\":\"Piston Addict\",\"url\":\"https:\/\/pistonaddict.com\/ro\/\",\"logo\":{\"@type\":\"ImageObject\",\"inLanguage\":\"ro-RO\",\"@id\":\"https:\/\/pistonaddict.com\/ro\/#\/schema\/logo\/image\/\",\"url\":\"https:\/\/pistonaddict.com\/wp-content\/uploads\/2022\/07\/logo-6.png\",\"contentUrl\":\"https:\/\/pistonaddict.com\/wp-content\/uploads\/2022\/07\/logo-6.png\",\"width\":970,\"height\":200,\"caption\":\"Piston Addict\"},\"image\":{\"@id\":\"https:\/\/pistonaddict.com\/ro\/#\/schema\/logo\/image\/\"}}]}<\/script>\n<!-- \/ Yoast SEO plugin. -->","yoast_head_json":{"title":"1985 Porsche 911 Carrera 3.2 pentru v\u00e2nzare la licita\u021bie - Piston Addict","description":"Vede\u021bi acest superb Porsche 911 Carrera 3.2 din 1985 scos la licita\u021bie pe PistonAddict.com","robots":{"index":"index","follow":"follow","max-snippet":"max-snippet:-1","max-image-preview":"max-image-preview:large","max-video-preview":"max-video-preview:-1"},"canonical":"https:\/\/pistonaddict.com\/ro\/product\/1985-porsche-911-carrera-3-2-for-sale\/","og_locale":"ro_RO","og_type":"article","og_title":"1985 Porsche 911 Carrera 3.2 pentru v\u00e2nzare la licita\u021bie - Piston Addict","og_description":"Vede\u021bi acest superb Porsche 911 Carrera 3.2 din 1985 scos la licita\u021bie pe PistonAddict.com","og_url":"https:\/\/pistonaddict.com\/ro\/product\/1985-porsche-911-carrera-3-2-for-sale\/","og_site_name":"Piston Addict","article_modified_time":"2024-03-22T15:10:50+00:00","og_image":[{"width":2560,"height":1920,"url":"https:\/\/pistonaddict.com\/wp-content\/uploads\/2023\/03\/IMG_2519-scaled.jpeg","type":"image\/jpeg"}],"twitter_card":"summary_large_image","twitter_misc":{"Timp estimat pentru citire":"3 minute"},"schema":{"@context":"https:\/\/schema.org","@graph":[{"@type":"WebPage","@id":"https:\/\/pistonaddict.com\/ro\/product\/1985-porsche-911-carrera-3-2-for-sale\/","url":"https:\/\/pistonaddict.com\/ro\/product\/1985-porsche-911-carrera-3-2-for-sale\/","name":"1985 Porsche 911 Carrera 3.2 pentru v\u00e2nzare la licita\u021bie - Piston Addict","isPartOf":{"@id":"https:\/\/pistonaddict.com\/ro\/#website"},"primaryImageOfPage":{"@id":"https:\/\/pistonaddict.com\/ro\/product\/1985-porsche-911-carrera-3-2-for-sale\/#primaryimage"},"image":{"@id":"https:\/\/pistonaddict.com\/ro\/product\/1985-porsche-911-carrera-3-2-for-sale\/#primaryimage"},"thumbnailUrl":"https:\/\/pistonaddict.com\/wp-content\/uploads\/2023\/03\/IMG_2519-scaled.jpeg","datePublished":"2023-03-02T20:25:19+00:00","dateModified":"2024-03-22T15:10:50+00:00","description":"Vede\u021bi acest superb Porsche 911 Carrera 3.2 din 1985 scos la licita\u021bie pe PistonAddict.com","breadcrumb":{"@id":"https:\/\/pistonaddict.com\/ro\/product\/1985-porsche-911-carrera-3-2-for-sale\/#breadcrumb"},"inLanguage":"ro-RO","potentialAction":[{"@type":"ReadAction","target":["https:\/\/pistonaddict.com\/ro\/product\/1985-porsche-911-carrera-3-2-for-sale\/"]}]},{"@type":"ImageObject","inLanguage":"ro-RO","@id":"https:\/\/pistonaddict.com\/ro\/product\/1985-porsche-911-carrera-3-2-for-sale\/#primaryimage","url":"https:\/\/pistonaddict.com\/wp-content\/uploads\/2023\/03\/IMG_2519-scaled.jpeg","contentUrl":"https:\/\/pistonaddict.com\/wp-content\/uploads\/2023\/03\/IMG_2519-scaled.jpeg","width":2560,"height":1920},{"@type":"BreadcrumbList","@id":"https:\/\/pistonaddict.com\/ro\/product\/1985-porsche-911-carrera-3-2-for-sale\/#breadcrumb","itemListElement":[{"@type":"ListItem","position":1,"name":"Pagina principala","item":"https:\/\/pistonaddict.com\/ro\/pagina-de-start\/"},{"@type":"ListItem","position":2,"name":"Auctions","item":"https:\/\/pistonaddict.com\/auctions-listing\/"},{"@type":"ListItem","position":3,"name":"1985 Porsche 911 Carrera 3.2 pentru v\u00e2nzare la licita\u021bie"}]},{"@type":"WebSite","@id":"https:\/\/pistonaddict.com\/ro\/#website","url":"https:\/\/pistonaddict.com\/ro\/","name":"Piston Addict","description":"Only interesting vehicles","publisher":{"@id":"https:\/\/pistonaddict.com\/ro\/#organization"},"potentialAction":[{"@type":"SearchAction","target":{"@type":"EntryPoint","urlTemplate":"https:\/\/pistonaddict.com\/ro\/?s={search_term_string}"},"query-input":"required name=search_term_string"}],"inLanguage":"ro-RO"},{"@type":"Organization","@id":"https:\/\/pistonaddict.com\/ro\/#organization","name":"Piston Addict","url":"https:\/\/pistonaddict.com\/ro\/","logo":{"@type":"ImageObject","inLanguage":"ro-RO","@id":"https:\/\/pistonaddict.com\/ro\/#\/schema\/logo\/image\/","url":"https:\/\/pistonaddict.com\/wp-content\/uploads\/2022\/07\/logo-6.png","contentUrl":"https:\/\/pistonaddict.com\/wp-content\/uploads\/2022\/07\/logo-6.png","width":970,"height":200,"caption":"Piston Addict"},"image":{"@id":"https:\/\/pistonaddict.com\/ro\/#\/schema\/logo\/image\/"}}]}},"_links":{"self":[{"href":"https:\/\/pistonaddict.com\/ro\/wp-json\/wp\/v2\/product\/29714"}],"collection":[{"href":"https:\/\/pistonaddict.com\/ro\/wp-json\/wp\/v2\/product"}],"about":[{"href":"https:\/\/pistonaddict.com\/ro\/wp-json\/wp\/v2\/types\/product"}],"replies":[{"embeddable":true,"href":"https:\/\/pistonaddict.com\/ro\/wp-json\/wp\/v2\/comments?post=29714"}],"wp:featuredmedia":[{"embeddable":true,"href":"https:\/\/pistonaddict.com\/ro\/wp-json\/wp\/v2\/media\/29672"}],"wp:attachment":[{"href":"https:\/\/pistonaddict.com\/ro\/wp-json\/wp\/v2\/media?parent=29714"}],"wp:term":[{"taxonomy":"product_cat","embeddable":true,"href":"https:\/\/pistonaddict.com\/ro\/wp-json\/wp\/v2\/product_cat?post=29714"},{"taxonomy":"product_tag","embeddable":true,"href":"https:\/\/pistonaddict.com\/ro\/wp-json\/wp\/v2\/product_tag?post=29714"}],"curies":[{"name":"wp","href":"https:\/\/api.w.org\/{rel}","templated":true}]}}